{"id":52706,"date":"2025-03-05T23:33:22","date_gmt":"2025-03-05T21:33:22","guid":{"rendered":"https:\/\/vmsport.fi\/verkkokauppa\/Ei-luokiteltu\/kampisarja-12-v-single-175mm-32t-fc-m6100-1-deore\/"},"modified":"2026-01-16T13:24:13","modified_gmt":"2026-01-16T11:24:13","slug":"vevparti-12-v-singel-175mm-32t-fc-m6100-1-deore","status":"publish","type":"product","link":"https:\/\/vmsport.fi\/sv\/verkkokauppa\/varaosat\/voimansiirto\/kampisarjat\/kampisarja-12-v-single-175mm-32t-fc-m6100-1-deore\/","title":{"rendered":"Vevsats 12-v singel 175mm 32T FC-M6100-1 Deore"},"content":{"rendered":"<p>FC-M6100-1 Deore-serien erbjuder ett kraftfullt 12-v\u00e4xlat system som f\u00f6renklar v\u00e4xlingshanteringen. Ett enda 32-tandat kedjehjul fram ger j\u00e4mn kraft\u00f6verf\u00f6ring och g\u00f6r cykeln njutbar \u00e4ven i kr\u00e4vande terr\u00e4ng. De 175 mm l\u00e5nga vevstakarna bidrar till optimal pedalkraft och komfort. Denna h\u00f6gkvalitativa cykelkomponent \u00e4r utformad f\u00f6r att t\u00e5la anv\u00e4ndning under m\u00e5nga olika f\u00f6rh\u00e5llanden, vilket g\u00f6r den idealisk f\u00f6r aktiva cyklister.<\/p>","protected":false},"excerpt":{"rendered":"<p>Kampisarja FC-M6100-1 Deore tarjoaa tehokkaan 12-vaihteisen j\u00e4rjestelm\u00e4n, joka yksinkertaistaa vaihteiden hallintaa. Yksitt\u00e4inen 32-hampainen eturatas takaa sujuvan voimansiirron, jolloin py\u00f6r\u00e4ily pysyy nautinnollisena my\u00f6s vaativissa maastoissa. Kammet ovat 175 mm pitk\u00e4t, mik\u00e4 edist\u00e4\u00e4 optimaalista polkemistehoa ja mukavuutta. T\u00e4m\u00e4 korkealaatuinen polkupy\u00f6r\u00e4n osa on suunniteltu kest\u00e4m\u00e4\u00e4n k\u00e4ytt\u00f6\u00e4 monipuolisissa olosuhteissa, joten se soveltuu erinomaisesti aktiivisille py\u00f6r\u00e4ilij\u00f6ille. [&#8230;]<\/p>\n<p><a class=\"btn btn-secondary understrap-read-more-link\" href=\"https:\/\/vmsport.fi\/sv\/verkkokauppa\/varaosat\/voimansiirto\/kampisarjat\/kampisarja-12-v-single-175mm-32t-fc-m6100-1-deore\/\">L\u00e4s mer \u2026<span class=\"screen-reader-text\"> from Kampisarja 12-v single 175mm 32T FC-M6100-1 Deore<\/span><\/a><\/p>\n","protected":false},"featured_media":52705,"comment_status":"open","ping_status":"closed","template":"","meta":{"_acf_changed":false,"_improvement_type_select":"improve_an_existing","_thumb_yes_seoaic":false,"_frame_yes_seoaic":false,"seoaic_generate_description":"","seoaic_improve_instructions_prompt":"","seoaic_rollback_content_improvement":"","seoaic_idea_thumbnail_generator":"","thumbnail_generated":false,"thumbnail_generate_prompt":"","seoaic_article_description":"","_supplier_stock_quantity":0},"product_brand":[],"product_model":[],"product_cat":[9346],"product_tag":[],"industry-terminology":[],"class_list":{"0":"post-52706","1":"product","2":"type-product","3":"status-publish","4":"has-post-thumbnail","6":"product_cat-kampisarjat","8":"first","9":"outofstock","10":"taxable","11":"shipping-taxable","12":"product-type-simple"},"acf":{"bike_features":null,"overview":{"copy_overview":null,"key_features":null,"statement":"","youtube_url":""}},"yoast_head":"<!-- This site is optimized with the Yoast SEO plugin v27.3 - https:\/\/yoast.com\/product\/yoast-seo-wordpress\/ -->\n<title>Kampisarja 12-v single 175mm 32T FC-M6100-1 Deore - VM Sport<\/title>\n<meta name=\"robots\" content=\"index, follow, max-snippet:-1, max-image-preview:large, max-video-preview:-1\" \/>\n<link rel=\"canonical\" href=\"https:\/\/vmsport.fi\/sv\/webbutik\/reservdelar\/transmission\/kamningssats\/vevparti-12-v-singel-175mm-32t-fc-m6100-1-deore\/\" \/>\n<meta property=\"og:locale\" content=\"sv_SE\" \/>\n<meta property=\"og:type\" content=\"article\" \/>\n<meta property=\"og:title\" content=\"Kampisarja 12-v single 175mm 32T FC-M6100-1 Deore - VM Sport\" \/>\n<meta property=\"og:description\" content=\"Kampisarja FC-M6100-1 Deore tarjoaa tehokkaan 12-vaihteisen j\u00e4rjestelm\u00e4n, joka yksinkertaistaa vaihteiden hallintaa. Yksitt\u00e4inen 32-hampainen eturatas takaa sujuvan voimansiirron, jolloin py\u00f6r\u00e4ily pysyy nautinnollisena my\u00f6s vaativissa maastoissa. Kammet ovat 175 mm pitk\u00e4t, mik\u00e4 edist\u00e4\u00e4 optimaalista polkemistehoa ja mukavuutta. T\u00e4m\u00e4 korkealaatuinen polkupy\u00f6r\u00e4n osa on suunniteltu kest\u00e4m\u00e4\u00e4n k\u00e4ytt\u00f6\u00e4 monipuolisissa olosuhteissa, joten se soveltuu erinomaisesti aktiivisille py\u00f6r\u00e4ilij\u00f6ille. [...]L\u00e4s mer \u2026 from Kampisarja 12-v single 175mm 32T FC-M6100-1 Deore\" \/>\n<meta property=\"og:url\" content=\"https:\/\/vmsport.fi\/sv\/webbutik\/reservdelar\/transmission\/kamningssats\/vevparti-12-v-singel-175mm-32t-fc-m6100-1-deore\/\" \/>\n<meta property=\"og:site_name\" content=\"VM Sport\" \/>\n<meta property=\"article:publisher\" content=\"https:\/\/www.facebook.com\/Vmsport.fi\/\" \/>\n<meta property=\"article:modified_time\" content=\"2026-01-16T11:24:13+00:00\" \/>\n<meta property=\"og:image\" content=\"https:\/\/vmsport.fi\/wp-content\/uploads\/2025\/03\/2USuDmrejAscTeectkQDKgXpSJUmWYhTyqmxTBOdziZWPPZ4Pm-1.jpg\" \/>\n\t<meta property=\"og:image:width\" content=\"600\" \/>\n\t<meta property=\"og:image:height\" content=\"600\" \/>\n\t<meta property=\"og:image:type\" content=\"image\/jpeg\" \/>\n<meta name=\"twitter:card\" content=\"summary_large_image\" \/>\n<script type=\"application\/ld+json\" class=\"yoast-schema-graph\">{\"@context\":\"https:\\\/\\\/schema.org\",\"@graph\":[{\"@type\":[\"WebPage\",\"ItemPage\"],\"@id\":\"https:\\\/\\\/vmsport.fi\\\/verkkokauppa\\\/varaosat\\\/voimansiirto\\\/kampisarjat\\\/kampisarja-12-v-single-175mm-32t-fc-m6100-1-deore\\\/\",\"url\":\"https:\\\/\\\/vmsport.fi\\\/verkkokauppa\\\/varaosat\\\/voimansiirto\\\/kampisarjat\\\/kampisarja-12-v-single-175mm-32t-fc-m6100-1-deore\\\/\",\"name\":\"Kampisarja 12-v single 175mm 32T FC-M6100-1 Deore - VM Sport\",\"isPartOf\":{\"@id\":\"https:\\\/\\\/vmsport.fi\\\/#website\"},\"primaryImageOfPage\":{\"@id\":\"https:\\\/\\\/vmsport.fi\\\/verkkokauppa\\\/varaosat\\\/voimansiirto\\\/kampisarjat\\\/kampisarja-12-v-single-175mm-32t-fc-m6100-1-deore\\\/#primaryimage\"},\"image\":{\"@id\":\"https:\\\/\\\/vmsport.fi\\\/verkkokauppa\\\/varaosat\\\/voimansiirto\\\/kampisarjat\\\/kampisarja-12-v-single-175mm-32t-fc-m6100-1-deore\\\/#primaryimage\"},\"thumbnailUrl\":\"https:\\\/\\\/vmsport.fi\\\/wp-content\\\/uploads\\\/2025\\\/03\\\/2USuDmrejAscTeectkQDKgXpSJUmWYhTyqmxTBOdziZWPPZ4Pm-1.jpg\",\"datePublished\":\"2025-03-05T21:33:22+00:00\",\"dateModified\":\"2026-01-16T11:24:13+00:00\",\"breadcrumb\":{\"@id\":\"https:\\\/\\\/vmsport.fi\\\/verkkokauppa\\\/varaosat\\\/voimansiirto\\\/kampisarjat\\\/kampisarja-12-v-single-175mm-32t-fc-m6100-1-deore\\\/#breadcrumb\"},\"inLanguage\":\"sv-SE\",\"potentialAction\":[{\"@type\":\"ReadAction\",\"target\":[\"https:\\\/\\\/vmsport.fi\\\/verkkokauppa\\\/varaosat\\\/voimansiirto\\\/kampisarjat\\\/kampisarja-12-v-single-175mm-32t-fc-m6100-1-deore\\\/\"]}]},{\"@type\":\"ImageObject\",\"inLanguage\":\"sv-SE\",\"@id\":\"https:\\\/\\\/vmsport.fi\\\/verkkokauppa\\\/varaosat\\\/voimansiirto\\\/kampisarjat\\\/kampisarja-12-v-single-175mm-32t-fc-m6100-1-deore\\\/#primaryimage\",\"url\":\"https:\\\/\\\/vmsport.fi\\\/wp-content\\\/uploads\\\/2025\\\/03\\\/2USuDmrejAscTeectkQDKgXpSJUmWYhTyqmxTBOdziZWPPZ4Pm-1.jpg\",\"contentUrl\":\"https:\\\/\\\/vmsport.fi\\\/wp-content\\\/uploads\\\/2025\\\/03\\\/2USuDmrejAscTeectkQDKgXpSJUmWYhTyqmxTBOdziZWPPZ4Pm-1.jpg\",\"width\":600,\"height\":600,\"caption\":\"2USuDmrejAscTeectkQDKgXpSJUmWYhTyqmxTBOdziZWPPZ4Pm\"},{\"@type\":\"BreadcrumbList\",\"@id\":\"https:\\\/\\\/vmsport.fi\\\/verkkokauppa\\\/varaosat\\\/voimansiirto\\\/kampisarjat\\\/kampisarja-12-v-single-175mm-32t-fc-m6100-1-deore\\\/#breadcrumb\",\"itemListElement\":[{\"@type\":\"ListItem\",\"position\":1,\"name\":\"Etusivu\",\"item\":\"https:\\\/\\\/vmsport.fi\\\/\"},{\"@type\":\"ListItem\",\"position\":2,\"name\":\"Online Store\",\"item\":\"https:\\\/\\\/vmsport.fi\\\/en\\\/online-store\\\/\"},{\"@type\":\"ListItem\",\"position\":3,\"name\":\"Kampisarja 12-v single 175mm 32T FC-M6100-1 Deore\"}]},{\"@type\":\"WebSite\",\"@id\":\"https:\\\/\\\/vmsport.fi\\\/#website\",\"url\":\"https:\\\/\\\/vmsport.fi\\\/\",\"name\":\"Vmsport\",\"description\":\"Kaikki py\u00f6r\u00e4ilyyn yhdest\u00e4 paikasta\",\"publisher\":{\"@id\":\"https:\\\/\\\/vmsport.fi\\\/#organization\"},\"potentialAction\":[{\"@type\":\"SearchAction\",\"target\":{\"@type\":\"EntryPoint\",\"urlTemplate\":\"https:\\\/\\\/vmsport.fi\\\/?s={search_term_string}\"},\"query-input\":{\"@type\":\"PropertyValueSpecification\",\"valueRequired\":true,\"valueName\":\"search_term_string\"}}],\"inLanguage\":\"sv-SE\"},{\"@type\":\"Organization\",\"@id\":\"https:\\\/\\\/vmsport.fi\\\/#organization\",\"name\":\"Vmsport\",\"url\":\"https:\\\/\\\/vmsport.fi\\\/\",\"logo\":{\"@type\":\"ImageObject\",\"inLanguage\":\"sv-SE\",\"@id\":\"https:\\\/\\\/vmsport.fi\\\/#\\\/schema\\\/logo\\\/image\\\/\",\"url\":\"https:\\\/\\\/vmsport.fi\\\/wp-content\\\/uploads\\\/2024\\\/12\\\/vm_sport_RGB_horisontal-e1734526017575.png\",\"contentUrl\":\"https:\\\/\\\/vmsport.fi\\\/wp-content\\\/uploads\\\/2024\\\/12\\\/vm_sport_RGB_horisontal-e1734526017575.png\",\"width\":668,\"height\":85,\"caption\":\"Vmsport\"},\"image\":{\"@id\":\"https:\\\/\\\/vmsport.fi\\\/#\\\/schema\\\/logo\\\/image\\\/\"},\"sameAs\":[\"https:\\\/\\\/www.facebook.com\\\/Vmsport.fi\\\/\",\"https:\\\/\\\/www.instagram.com\\\/vmsport\\\/\"]}]}<\/script>\n<!-- \/ Yoast SEO plugin. -->","yoast_head_json":{"title":"Vevsats 12-v singel 175mm 32T FC-M6100-1 Deore - VM Sport","robots":{"index":"index","follow":"follow","max-snippet":"max-snippet:-1","max-image-preview":"max-image-preview:large","max-video-preview":"max-video-preview:-1"},"canonical":"https:\/\/vmsport.fi\/sv\/webbutik\/reservdelar\/transmission\/kamningssats\/vevparti-12-v-singel-175mm-32t-fc-m6100-1-deore\/","og_locale":"sv_SE","og_type":"article","og_title":"Kampisarja 12-v single 175mm 32T FC-M6100-1 Deore - VM Sport","og_description":"Kampisarja FC-M6100-1 Deore tarjoaa tehokkaan 12-vaihteisen j\u00e4rjestelm\u00e4n, joka yksinkertaistaa vaihteiden hallintaa. Yksitt\u00e4inen 32-hampainen eturatas takaa sujuvan voimansiirron, jolloin py\u00f6r\u00e4ily pysyy nautinnollisena my\u00f6s vaativissa maastoissa. Kammet ovat 175 mm pitk\u00e4t, mik\u00e4 edist\u00e4\u00e4 optimaalista polkemistehoa ja mukavuutta. T\u00e4m\u00e4 korkealaatuinen polkupy\u00f6r\u00e4n osa on suunniteltu kest\u00e4m\u00e4\u00e4n k\u00e4ytt\u00f6\u00e4 monipuolisissa olosuhteissa, joten se soveltuu erinomaisesti aktiivisille py\u00f6r\u00e4ilij\u00f6ille. [...]L\u00e4s mer \u2026 from Kampisarja 12-v single 175mm 32T FC-M6100-1 Deore","og_url":"https:\/\/vmsport.fi\/sv\/webbutik\/reservdelar\/transmission\/kamningssats\/vevparti-12-v-singel-175mm-32t-fc-m6100-1-deore\/","og_site_name":"VM Sport","article_publisher":"https:\/\/www.facebook.com\/Vmsport.fi\/","article_modified_time":"2026-01-16T11:24:13+00:00","og_image":[{"width":600,"height":600,"url":"https:\/\/vmsport.fi\/wp-content\/uploads\/2025\/03\/2USuDmrejAscTeectkQDKgXpSJUmWYhTyqmxTBOdziZWPPZ4Pm-1.jpg","type":"image\/jpeg"}],"twitter_card":"summary_large_image","schema":{"@context":"https:\/\/schema.org","@graph":[{"@type":["WebPage","ItemPage"],"@id":"https:\/\/vmsport.fi\/verkkokauppa\/varaosat\/voimansiirto\/kampisarjat\/kampisarja-12-v-single-175mm-32t-fc-m6100-1-deore\/","url":"https:\/\/vmsport.fi\/verkkokauppa\/varaosat\/voimansiirto\/kampisarjat\/kampisarja-12-v-single-175mm-32t-fc-m6100-1-deore\/","name":"Vevsats 12-v singel 175mm 32T FC-M6100-1 Deore - VM Sport","isPartOf":{"@id":"https:\/\/vmsport.fi\/#website"},"primaryImageOfPage":{"@id":"https:\/\/vmsport.fi\/verkkokauppa\/varaosat\/voimansiirto\/kampisarjat\/kampisarja-12-v-single-175mm-32t-fc-m6100-1-deore\/#primaryimage"},"image":{"@id":"https:\/\/vmsport.fi\/verkkokauppa\/varaosat\/voimansiirto\/kampisarjat\/kampisarja-12-v-single-175mm-32t-fc-m6100-1-deore\/#primaryimage"},"thumbnailUrl":"https:\/\/vmsport.fi\/wp-content\/uploads\/2025\/03\/2USuDmrejAscTeectkQDKgXpSJUmWYhTyqmxTBOdziZWPPZ4Pm-1.jpg","datePublished":"2025-03-05T21:33:22+00:00","dateModified":"2026-01-16T11:24:13+00:00","breadcrumb":{"@id":"https:\/\/vmsport.fi\/verkkokauppa\/varaosat\/voimansiirto\/kampisarjat\/kampisarja-12-v-single-175mm-32t-fc-m6100-1-deore\/#breadcrumb"},"inLanguage":"sv-SE","potentialAction":[{"@type":"ReadAction","target":["https:\/\/vmsport.fi\/verkkokauppa\/varaosat\/voimansiirto\/kampisarjat\/kampisarja-12-v-single-175mm-32t-fc-m6100-1-deore\/"]}]},{"@type":"ImageObject","inLanguage":"sv-SE","@id":"https:\/\/vmsport.fi\/verkkokauppa\/varaosat\/voimansiirto\/kampisarjat\/kampisarja-12-v-single-175mm-32t-fc-m6100-1-deore\/#primaryimage","url":"https:\/\/vmsport.fi\/wp-content\/uploads\/2025\/03\/2USuDmrejAscTeectkQDKgXpSJUmWYhTyqmxTBOdziZWPPZ4Pm-1.jpg","contentUrl":"https:\/\/vmsport.fi\/wp-content\/uploads\/2025\/03\/2USuDmrejAscTeectkQDKgXpSJUmWYhTyqmxTBOdziZWPPZ4Pm-1.jpg","width":600,"height":600,"caption":"2USuDmrejAscTeectkQDKgXpSJUmWYhTyqmxTBOdziZWPPZ4Pm"},{"@type":"BreadcrumbList","@id":"https:\/\/vmsport.fi\/verkkokauppa\/varaosat\/voimansiirto\/kampisarjat\/kampisarja-12-v-single-175mm-32t-fc-m6100-1-deore\/#breadcrumb","itemListElement":[{"@type":"ListItem","position":1,"name":"Etusivu","item":"https:\/\/vmsport.fi\/"},{"@type":"ListItem","position":2,"name":"Online Store","item":"https:\/\/vmsport.fi\/en\/online-store\/"},{"@type":"ListItem","position":3,"name":"Kampisarja 12-v single 175mm 32T FC-M6100-1 Deore"}]},{"@type":"WebSite","@id":"https:\/\/vmsport.fi\/#website","url":"https:\/\/vmsport.fi\/","name":"Vmsport","description":"Allt p\u00e5 ett st\u00e4lle f\u00f6r cykling","publisher":{"@id":"https:\/\/vmsport.fi\/#organization"},"potentialAction":[{"@type":"SearchAction","target":{"@type":"EntryPoint","urlTemplate":"https:\/\/vmsport.fi\/?s={search_term_string}"},"query-input":{"@type":"PropertyValueSpecification","valueRequired":true,"valueName":"search_term_string"}}],"inLanguage":"sv-SE"},{"@type":"Organization","@id":"https:\/\/vmsport.fi\/#organization","name":"Vmsport","url":"https:\/\/vmsport.fi\/","logo":{"@type":"ImageObject","inLanguage":"sv-SE","@id":"https:\/\/vmsport.fi\/#\/schema\/logo\/image\/","url":"https:\/\/vmsport.fi\/wp-content\/uploads\/2024\/12\/vm_sport_RGB_horisontal-e1734526017575.png","contentUrl":"https:\/\/vmsport.fi\/wp-content\/uploads\/2024\/12\/vm_sport_RGB_horisontal-e1734526017575.png","width":668,"height":85,"caption":"Vmsport"},"image":{"@id":"https:\/\/vmsport.fi\/#\/schema\/logo\/image\/"},"sameAs":["https:\/\/www.facebook.com\/Vmsport.fi\/","https:\/\/www.instagram.com\/vmsport\/"]}]}},"global_unique_id":"","_links":{"self":[{"href":"https:\/\/vmsport.fi\/sv\/wp-json\/wp\/v2\/product\/52706","targetHints":{"allow":["GET"]}}],"collection":[{"href":"https:\/\/vmsport.fi\/sv\/wp-json\/wp\/v2\/product"}],"about":[{"href":"https:\/\/vmsport.fi\/sv\/wp-json\/wp\/v2\/types\/product"}],"replies":[{"embeddable":true,"href":"https:\/\/vmsport.fi\/sv\/wp-json\/wp\/v2\/comments?post=52706"}],"wp:featuredmedia":[{"embeddable":true,"href":"https:\/\/vmsport.fi\/sv\/wp-json\/wp\/v2\/media\/52705"}],"wp:attachment":[{"href":"https:\/\/vmsport.fi\/sv\/wp-json\/wp\/v2\/media?parent=52706"}],"wp:term":[{"taxonomy":"product_brand","embeddable":true,"href":"https:\/\/vmsport.fi\/sv\/wp-json\/wp\/v2\/product_brand?post=52706"},{"taxonomy":"product_model","embeddable":true,"href":"https:\/\/vmsport.fi\/sv\/wp-json\/wp\/v2\/product_model?post=52706"},{"taxonomy":"product_cat","embeddable":true,"href":"https:\/\/vmsport.fi\/sv\/wp-json\/wp\/v2\/product_cat?post=52706"},{"taxonomy":"product_tag","embeddable":true,"href":"https:\/\/vmsport.fi\/sv\/wp-json\/wp\/v2\/product_tag?post=52706"},{"taxonomy":"industry_terminology","embeddable":true,"href":"https:\/\/vmsport.fi\/sv\/wp-json\/wp\/v2\/industry-terminology?post=52706"}],"curies":[{"name":"wp","href":"https:\/\/api.w.org\/{rel}","templated":true}]}}