{"id":52702,"date":"2025-03-05T23:33:21","date_gmt":"2025-03-05T21:33:21","guid":{"rendered":"https:\/\/vmsport.fi\/verkkokauppa\/Ei-luokiteltu\/takavaihtaja-10-11-v-rd-m4120-deore\/"},"modified":"2026-01-16T13:25:52","modified_gmt":"2026-01-16T11:25:52","slug":"bakre-omvandlare-10-11-v-rd-m4120-deore","status":"publish","type":"product","link":"https:\/\/vmsport.fi\/sv\/verkkokauppa\/varaosat\/vaihteistot\/takavaihtajat\/takavaihtaja-10-11-v-rd-m4120-deore\/","title":{"rendered":"Bakv\u00e4xel 10\/11-v RD-M4120 Deore"},"content":{"rendered":"<p>Shimano Deore RD-M4120 \u00e4r en m\u00e5ngsidig bakv\u00e4xel som passar b\u00e5de 10- och 11-v\u00e4xlade system. Denna hjulkomponent har mjuka och exakta v\u00e4xlingar, vilket g\u00f6r cyklingen till ett n\u00f6je. Dess robusta konstruktion s\u00e4kerst\u00e4ller tillf\u00f6rlitlighet \u00e4ven under utmanande f\u00f6rh\u00e5llanden, vilket g\u00f6r den till ett utm\u00e4rkt val f\u00f6r b\u00e5de entusiaster och aktiva cyklister.<\/p>","protected":false},"excerpt":{"rendered":"<p>Shimano Deore RD-M4120 on monipuolinen takavaihtaja, joka sopii sek\u00e4 10- ett\u00e4 11-vaihteisiin j\u00e4rjestelmiin. T\u00e4ss\u00e4 py\u00f6r\u00e4komponentissa on sujuva ja tarkka vaihteenvaihto, mik\u00e4 tekee py\u00f6r\u00e4ilyst\u00e4 nautinnollista. Sen kest\u00e4v\u00e4 rakenne varmistaa luotettavuuden my\u00f6s haastavissa olosuhteissa, mik\u00e4 tekee siit\u00e4 erinomaisen valinnan sek\u00e4 harrastajille ett\u00e4 aktiivisille py\u00f6r\u00e4ilij\u00f6ille. [&#8230;]<\/p>\n<p><a class=\"btn btn-secondary understrap-read-more-link\" href=\"https:\/\/vmsport.fi\/sv\/verkkokauppa\/varaosat\/vaihteistot\/takavaihtajat\/takavaihtaja-10-11-v-rd-m4120-deore\/\">L\u00e4s mer \u2026<span class=\"screen-reader-text\"> from Takavaihtaja 10\/11-v RD-M4120 Deore<\/span><\/a><\/p>\n","protected":false},"featured_media":52701,"comment_status":"open","ping_status":"closed","template":"","meta":{"_acf_changed":false,"_improvement_type_select":"improve_an_existing","_thumb_yes_seoaic":false,"_frame_yes_seoaic":false,"seoaic_generate_description":"","seoaic_improve_instructions_prompt":"","seoaic_rollback_content_improvement":"","seoaic_idea_thumbnail_generator":"","thumbnail_generated":false,"thumbnail_generate_prompt":"","seoaic_article_description":"","_supplier_stock_quantity":0},"product_brand":[],"product_model":[],"product_cat":[9390],"product_tag":[],"industry-terminology":[],"class_list":{"0":"post-52702","1":"product","2":"type-product","3":"status-publish","4":"has-post-thumbnail","6":"product_cat-takavaihtajat","8":"first","9":"outofstock","10":"taxable","11":"shipping-taxable","12":"product-type-simple"},"acf":{"bike_features":null,"overview":{"copy_overview":null,"key_features":null,"statement":"","youtube_url":""}},"yoast_head":"<!-- This site is optimized with the Yoast SEO plugin v27.3 - https:\/\/yoast.com\/product\/yoast-seo-wordpress\/ -->\n<title>Takavaihtaja 10\/11-v RD-M4120 Deore - VM Sport<\/title>\n<meta name=\"robots\" content=\"index, follow, max-snippet:-1, max-image-preview:large, max-video-preview:-1\" \/>\n<link rel=\"canonical\" href=\"https:\/\/vmsport.fi\/sv\/webbutik\/reservdelar\/vaxellador\/bakre-vaxlar\/bakre-omvandlare-10-11-v-rd-m4120-deore\/\" \/>\n<meta property=\"og:locale\" content=\"sv_SE\" \/>\n<meta property=\"og:type\" content=\"article\" \/>\n<meta property=\"og:title\" content=\"Takavaihtaja 10\/11-v RD-M4120 Deore - VM Sport\" \/>\n<meta property=\"og:description\" content=\"Shimano Deore RD-M4120 on monipuolinen takavaihtaja, joka sopii sek\u00e4 10- ett\u00e4 11-vaihteisiin j\u00e4rjestelmiin. T\u00e4ss\u00e4 py\u00f6r\u00e4komponentissa on sujuva ja tarkka vaihteenvaihto, mik\u00e4 tekee py\u00f6r\u00e4ilyst\u00e4 nautinnollista. Sen kest\u00e4v\u00e4 rakenne varmistaa luotettavuuden my\u00f6s haastavissa olosuhteissa, mik\u00e4 tekee siit\u00e4 erinomaisen valinnan sek\u00e4 harrastajille ett\u00e4 aktiivisille py\u00f6r\u00e4ilij\u00f6ille. [...]L\u00e4s mer \u2026 from Takavaihtaja 10\/11-v RD-M4120 Deore\" \/>\n<meta property=\"og:url\" content=\"https:\/\/vmsport.fi\/sv\/webbutik\/reservdelar\/vaxellador\/bakre-vaxlar\/bakre-omvandlare-10-11-v-rd-m4120-deore\/\" \/>\n<meta property=\"og:site_name\" content=\"VM Sport\" \/>\n<meta property=\"article:publisher\" content=\"https:\/\/www.facebook.com\/Vmsport.fi\/\" \/>\n<meta property=\"article:modified_time\" content=\"2026-01-16T11:25:52+00:00\" \/>\n<meta property=\"og:image\" content=\"https:\/\/vmsport.fi\/wp-content\/uploads\/2025\/03\/1OIHgzEmWlaW9J2e2exW9vLJzOHeBU8JvgMA5pXxtfITrmVH5k-1.jpg\" \/>\n\t<meta property=\"og:image:width\" content=\"600\" \/>\n\t<meta property=\"og:image:height\" content=\"600\" \/>\n\t<meta property=\"og:image:type\" content=\"image\/jpeg\" \/>\n<meta name=\"twitter:card\" content=\"summary_large_image\" \/>\n<script type=\"application\/ld+json\" class=\"yoast-schema-graph\">{\"@context\":\"https:\\\/\\\/schema.org\",\"@graph\":[{\"@type\":[\"WebPage\",\"ItemPage\"],\"@id\":\"https:\\\/\\\/vmsport.fi\\\/verkkokauppa\\\/varaosat\\\/vaihteistot\\\/takavaihtajat\\\/takavaihtaja-10-11-v-rd-m4120-deore\\\/\",\"url\":\"https:\\\/\\\/vmsport.fi\\\/verkkokauppa\\\/varaosat\\\/vaihteistot\\\/takavaihtajat\\\/takavaihtaja-10-11-v-rd-m4120-deore\\\/\",\"name\":\"Takavaihtaja 10\\\/11-v RD-M4120 Deore - VM Sport\",\"isPartOf\":{\"@id\":\"https:\\\/\\\/vmsport.fi\\\/#website\"},\"primaryImageOfPage\":{\"@id\":\"https:\\\/\\\/vmsport.fi\\\/verkkokauppa\\\/varaosat\\\/vaihteistot\\\/takavaihtajat\\\/takavaihtaja-10-11-v-rd-m4120-deore\\\/#primaryimage\"},\"image\":{\"@id\":\"https:\\\/\\\/vmsport.fi\\\/verkkokauppa\\\/varaosat\\\/vaihteistot\\\/takavaihtajat\\\/takavaihtaja-10-11-v-rd-m4120-deore\\\/#primaryimage\"},\"thumbnailUrl\":\"https:\\\/\\\/vmsport.fi\\\/wp-content\\\/uploads\\\/2025\\\/03\\\/1OIHgzEmWlaW9J2e2exW9vLJzOHeBU8JvgMA5pXxtfITrmVH5k-1.jpg\",\"datePublished\":\"2025-03-05T21:33:21+00:00\",\"dateModified\":\"2026-01-16T11:25:52+00:00\",\"breadcrumb\":{\"@id\":\"https:\\\/\\\/vmsport.fi\\\/verkkokauppa\\\/varaosat\\\/vaihteistot\\\/takavaihtajat\\\/takavaihtaja-10-11-v-rd-m4120-deore\\\/#breadcrumb\"},\"inLanguage\":\"sv-SE\",\"potentialAction\":[{\"@type\":\"ReadAction\",\"target\":[\"https:\\\/\\\/vmsport.fi\\\/verkkokauppa\\\/varaosat\\\/vaihteistot\\\/takavaihtajat\\\/takavaihtaja-10-11-v-rd-m4120-deore\\\/\"]}]},{\"@type\":\"ImageObject\",\"inLanguage\":\"sv-SE\",\"@id\":\"https:\\\/\\\/vmsport.fi\\\/verkkokauppa\\\/varaosat\\\/vaihteistot\\\/takavaihtajat\\\/takavaihtaja-10-11-v-rd-m4120-deore\\\/#primaryimage\",\"url\":\"https:\\\/\\\/vmsport.fi\\\/wp-content\\\/uploads\\\/2025\\\/03\\\/1OIHgzEmWlaW9J2e2exW9vLJzOHeBU8JvgMA5pXxtfITrmVH5k-1.jpg\",\"contentUrl\":\"https:\\\/\\\/vmsport.fi\\\/wp-content\\\/uploads\\\/2025\\\/03\\\/1OIHgzEmWlaW9J2e2exW9vLJzOHeBU8JvgMA5pXxtfITrmVH5k-1.jpg\",\"width\":600,\"height\":600,\"caption\":\"1OIHgzEmWlaW9J2e2exW9vLJzOHeBU8JvgMA5pXxtfITrmVH5k\"},{\"@type\":\"BreadcrumbList\",\"@id\":\"https:\\\/\\\/vmsport.fi\\\/verkkokauppa\\\/varaosat\\\/vaihteistot\\\/takavaihtajat\\\/takavaihtaja-10-11-v-rd-m4120-deore\\\/#breadcrumb\",\"itemListElement\":[{\"@type\":\"ListItem\",\"position\":1,\"name\":\"Etusivu\",\"item\":\"https:\\\/\\\/vmsport.fi\\\/\"},{\"@type\":\"ListItem\",\"position\":2,\"name\":\"Online Store\",\"item\":\"https:\\\/\\\/vmsport.fi\\\/en\\\/online-store\\\/\"},{\"@type\":\"ListItem\",\"position\":3,\"name\":\"Takavaihtaja 10\\\/11-v RD-M4120 Deore\"}]},{\"@type\":\"WebSite\",\"@id\":\"https:\\\/\\\/vmsport.fi\\\/#website\",\"url\":\"https:\\\/\\\/vmsport.fi\\\/\",\"name\":\"Vmsport\",\"description\":\"Kaikki py\u00f6r\u00e4ilyyn yhdest\u00e4 paikasta\",\"publisher\":{\"@id\":\"https:\\\/\\\/vmsport.fi\\\/#organization\"},\"potentialAction\":[{\"@type\":\"SearchAction\",\"target\":{\"@type\":\"EntryPoint\",\"urlTemplate\":\"https:\\\/\\\/vmsport.fi\\\/?s={search_term_string}\"},\"query-input\":{\"@type\":\"PropertyValueSpecification\",\"valueRequired\":true,\"valueName\":\"search_term_string\"}}],\"inLanguage\":\"sv-SE\"},{\"@type\":\"Organization\",\"@id\":\"https:\\\/\\\/vmsport.fi\\\/#organization\",\"name\":\"Vmsport\",\"url\":\"https:\\\/\\\/vmsport.fi\\\/\",\"logo\":{\"@type\":\"ImageObject\",\"inLanguage\":\"sv-SE\",\"@id\":\"https:\\\/\\\/vmsport.fi\\\/#\\\/schema\\\/logo\\\/image\\\/\",\"url\":\"https:\\\/\\\/vmsport.fi\\\/wp-content\\\/uploads\\\/2024\\\/12\\\/vm_sport_RGB_horisontal-e1734526017575.png\",\"contentUrl\":\"https:\\\/\\\/vmsport.fi\\\/wp-content\\\/uploads\\\/2024\\\/12\\\/vm_sport_RGB_horisontal-e1734526017575.png\",\"width\":668,\"height\":85,\"caption\":\"Vmsport\"},\"image\":{\"@id\":\"https:\\\/\\\/vmsport.fi\\\/#\\\/schema\\\/logo\\\/image\\\/\"},\"sameAs\":[\"https:\\\/\\\/www.facebook.com\\\/Vmsport.fi\\\/\",\"https:\\\/\\\/www.instagram.com\\\/vmsport\\\/\"]}]}<\/script>\n<!-- \/ Yoast SEO plugin. -->","yoast_head_json":{"title":"Bakv\u00e4xel 10\/11-v RD-M4120 Deore - VM Sport","robots":{"index":"index","follow":"follow","max-snippet":"max-snippet:-1","max-image-preview":"max-image-preview:large","max-video-preview":"max-video-preview:-1"},"canonical":"https:\/\/vmsport.fi\/sv\/webbutik\/reservdelar\/vaxellador\/bakre-vaxlar\/bakre-omvandlare-10-11-v-rd-m4120-deore\/","og_locale":"sv_SE","og_type":"article","og_title":"Takavaihtaja 10\/11-v RD-M4120 Deore - VM Sport","og_description":"Shimano Deore RD-M4120 on monipuolinen takavaihtaja, joka sopii sek\u00e4 10- ett\u00e4 11-vaihteisiin j\u00e4rjestelmiin. T\u00e4ss\u00e4 py\u00f6r\u00e4komponentissa on sujuva ja tarkka vaihteenvaihto, mik\u00e4 tekee py\u00f6r\u00e4ilyst\u00e4 nautinnollista. Sen kest\u00e4v\u00e4 rakenne varmistaa luotettavuuden my\u00f6s haastavissa olosuhteissa, mik\u00e4 tekee siit\u00e4 erinomaisen valinnan sek\u00e4 harrastajille ett\u00e4 aktiivisille py\u00f6r\u00e4ilij\u00f6ille. [...]L\u00e4s mer \u2026 from Takavaihtaja 10\/11-v RD-M4120 Deore","og_url":"https:\/\/vmsport.fi\/sv\/webbutik\/reservdelar\/vaxellador\/bakre-vaxlar\/bakre-omvandlare-10-11-v-rd-m4120-deore\/","og_site_name":"VM Sport","article_publisher":"https:\/\/www.facebook.com\/Vmsport.fi\/","article_modified_time":"2026-01-16T11:25:52+00:00","og_image":[{"width":600,"height":600,"url":"https:\/\/vmsport.fi\/wp-content\/uploads\/2025\/03\/1OIHgzEmWlaW9J2e2exW9vLJzOHeBU8JvgMA5pXxtfITrmVH5k-1.jpg","type":"image\/jpeg"}],"twitter_card":"summary_large_image","schema":{"@context":"https:\/\/schema.org","@graph":[{"@type":["WebPage","ItemPage"],"@id":"https:\/\/vmsport.fi\/verkkokauppa\/varaosat\/vaihteistot\/takavaihtajat\/takavaihtaja-10-11-v-rd-m4120-deore\/","url":"https:\/\/vmsport.fi\/verkkokauppa\/varaosat\/vaihteistot\/takavaihtajat\/takavaihtaja-10-11-v-rd-m4120-deore\/","name":"Bakv\u00e4xel 10\/11-v RD-M4120 Deore - VM Sport","isPartOf":{"@id":"https:\/\/vmsport.fi\/#website"},"primaryImageOfPage":{"@id":"https:\/\/vmsport.fi\/verkkokauppa\/varaosat\/vaihteistot\/takavaihtajat\/takavaihtaja-10-11-v-rd-m4120-deore\/#primaryimage"},"image":{"@id":"https:\/\/vmsport.fi\/verkkokauppa\/varaosat\/vaihteistot\/takavaihtajat\/takavaihtaja-10-11-v-rd-m4120-deore\/#primaryimage"},"thumbnailUrl":"https:\/\/vmsport.fi\/wp-content\/uploads\/2025\/03\/1OIHgzEmWlaW9J2e2exW9vLJzOHeBU8JvgMA5pXxtfITrmVH5k-1.jpg","datePublished":"2025-03-05T21:33:21+00:00","dateModified":"2026-01-16T11:25:52+00:00","breadcrumb":{"@id":"https:\/\/vmsport.fi\/verkkokauppa\/varaosat\/vaihteistot\/takavaihtajat\/takavaihtaja-10-11-v-rd-m4120-deore\/#breadcrumb"},"inLanguage":"sv-SE","potentialAction":[{"@type":"ReadAction","target":["https:\/\/vmsport.fi\/verkkokauppa\/varaosat\/vaihteistot\/takavaihtajat\/takavaihtaja-10-11-v-rd-m4120-deore\/"]}]},{"@type":"ImageObject","inLanguage":"sv-SE","@id":"https:\/\/vmsport.fi\/verkkokauppa\/varaosat\/vaihteistot\/takavaihtajat\/takavaihtaja-10-11-v-rd-m4120-deore\/#primaryimage","url":"https:\/\/vmsport.fi\/wp-content\/uploads\/2025\/03\/1OIHgzEmWlaW9J2e2exW9vLJzOHeBU8JvgMA5pXxtfITrmVH5k-1.jpg","contentUrl":"https:\/\/vmsport.fi\/wp-content\/uploads\/2025\/03\/1OIHgzEmWlaW9J2e2exW9vLJzOHeBU8JvgMA5pXxtfITrmVH5k-1.jpg","width":600,"height":600,"caption":"1OIHgzEmWlaW9J2e2exW9vLJzOHeBU8JvgMA5pXxtfITrmVH5k"},{"@type":"BreadcrumbList","@id":"https:\/\/vmsport.fi\/verkkokauppa\/varaosat\/vaihteistot\/takavaihtajat\/takavaihtaja-10-11-v-rd-m4120-deore\/#breadcrumb","itemListElement":[{"@type":"ListItem","position":1,"name":"Etusivu","item":"https:\/\/vmsport.fi\/"},{"@type":"ListItem","position":2,"name":"Online Store","item":"https:\/\/vmsport.fi\/en\/online-store\/"},{"@type":"ListItem","position":3,"name":"Takavaihtaja 10\/11-v RD-M4120 Deore"}]},{"@type":"WebSite","@id":"https:\/\/vmsport.fi\/#website","url":"https:\/\/vmsport.fi\/","name":"Vmsport","description":"Allt p\u00e5 ett st\u00e4lle f\u00f6r cykling","publisher":{"@id":"https:\/\/vmsport.fi\/#organization"},"potentialAction":[{"@type":"SearchAction","target":{"@type":"EntryPoint","urlTemplate":"https:\/\/vmsport.fi\/?s={search_term_string}"},"query-input":{"@type":"PropertyValueSpecification","valueRequired":true,"valueName":"search_term_string"}}],"inLanguage":"sv-SE"},{"@type":"Organization","@id":"https:\/\/vmsport.fi\/#organization","name":"Vmsport","url":"https:\/\/vmsport.fi\/","logo":{"@type":"ImageObject","inLanguage":"sv-SE","@id":"https:\/\/vmsport.fi\/#\/schema\/logo\/image\/","url":"https:\/\/vmsport.fi\/wp-content\/uploads\/2024\/12\/vm_sport_RGB_horisontal-e1734526017575.png","contentUrl":"https:\/\/vmsport.fi\/wp-content\/uploads\/2024\/12\/vm_sport_RGB_horisontal-e1734526017575.png","width":668,"height":85,"caption":"Vmsport"},"image":{"@id":"https:\/\/vmsport.fi\/#\/schema\/logo\/image\/"},"sameAs":["https:\/\/www.facebook.com\/Vmsport.fi\/","https:\/\/www.instagram.com\/vmsport\/"]}]}},"global_unique_id":"","_links":{"self":[{"href":"https:\/\/vmsport.fi\/sv\/wp-json\/wp\/v2\/product\/52702","targetHints":{"allow":["GET"]}}],"collection":[{"href":"https:\/\/vmsport.fi\/sv\/wp-json\/wp\/v2\/product"}],"about":[{"href":"https:\/\/vmsport.fi\/sv\/wp-json\/wp\/v2\/types\/product"}],"replies":[{"embeddable":true,"href":"https:\/\/vmsport.fi\/sv\/wp-json\/wp\/v2\/comments?post=52702"}],"wp:featuredmedia":[{"embeddable":true,"href":"https:\/\/vmsport.fi\/sv\/wp-json\/wp\/v2\/media\/52701"}],"wp:attachment":[{"href":"https:\/\/vmsport.fi\/sv\/wp-json\/wp\/v2\/media?parent=52702"}],"wp:term":[{"taxonomy":"product_brand","embeddable":true,"href":"https:\/\/vmsport.fi\/sv\/wp-json\/wp\/v2\/product_brand?post=52702"},{"taxonomy":"product_model","embeddable":true,"href":"https:\/\/vmsport.fi\/sv\/wp-json\/wp\/v2\/product_model?post=52702"},{"taxonomy":"product_cat","embeddable":true,"href":"https:\/\/vmsport.fi\/sv\/wp-json\/wp\/v2\/product_cat?post=52702"},{"taxonomy":"product_tag","embeddable":true,"href":"https:\/\/vmsport.fi\/sv\/wp-json\/wp\/v2\/product_tag?post=52702"},{"taxonomy":"industry_terminology","embeddable":true,"href":"https:\/\/vmsport.fi\/sv\/wp-json\/wp\/v2\/industry-terminology?post=52702"}],"curies":[{"name":"wp","href":"https:\/\/api.w.org\/{rel}","templated":true}]}}