{"id":52692,"date":"2025-03-05T23:33:16","date_gmt":"2025-03-05T21:33:16","guid":{"rendered":"https:\/\/vmsport.fi\/verkkokauppa\/Ei-luokiteltu\/muc-off-co2-pump-mtb-inflator-kit\/"},"modified":"2026-03-19T02:00:20","modified_gmt":"2026-03-19T00:00:20","slug":"muc-off-co2-pump-mtb-uppblasningssats","status":"publish","type":"product","link":"https:\/\/vmsport.fi\/sv\/verkkokauppa\/tarvikkeet\/pumput\/co2-pumput-ja-patruunat\/muc-off-co2-pump-mtb-inflator-kit\/","title":{"rendered":"MUC-OFF CO2-pump MTB-uppbl\u00e5sningssats"},"content":{"rendered":"<p>MUC-OFF CO2 Pump MTB Inflator Kit \u00e4r den perfekta f\u00f6ljeslagaren f\u00f6r mountainbike och erbjuder ett snabbt och effektivt s\u00e4tt att fylla dina d\u00e4ck med CO2-patroner. Den \u00e4r kompatibel med b\u00e5de Presta- och Schrader-pumpar, vilket g\u00f6r den till ett m\u00e5ngsidigt val f\u00f6r en m\u00e4ngd olika cyklar. Tack vare sin l\u00e4tta och kompakta design \u00e4r pumpen l\u00e4tt att ta med sig p\u00e5 cykelturer. Den robusta konstruktionen garanterar tillf\u00f6rlitlighet \u00e4ven under kr\u00e4vande f\u00f6rh\u00e5llanden. De medf\u00f6ljande instruktionerna hj\u00e4lper dig att f\u00e5 ut s\u00e5 mycket som m\u00f6jligt av din anv\u00e4ndning och ger specifika tips om slangl\u00f6s installation och punkteringsskydd.<\/p>","protected":false},"excerpt":{"rendered":"<p>MUC-OFF CO2 Pump MTB Inflator Kit on ihanteellinen kumppani maastopy\u00f6r\u00e4ilyyn, tarjoten nopean ja tehokkaan tavan t\u00e4ytt\u00e4\u00e4 renkaat CO2-patruunoilla. Se on yhteensopiva sek\u00e4 Presta- ett\u00e4 Schrader-venttiilien kanssa, mik\u00e4 tekee siit\u00e4 monipuolisen valinnan erilaisille py\u00f6rille. Keveytens\u00e4 ja kompaktin muotoilunsa ansiosta pumppu kulkee vaivattomasti mukana py\u00f6r\u00e4retkill\u00e4. Sen kest\u00e4v\u00e4 rakenne varmistaa luotettavuuden vaativissakin olosuhteissa. Pakettiin sis\u00e4ltyv\u00e4t ohjeet auttavat saavuttamaan [&#8230;]<\/p>\n<p><a class=\"btn btn-secondary understrap-read-more-link\" href=\"https:\/\/vmsport.fi\/sv\/verkkokauppa\/tarvikkeet\/pumput\/co2-pumput-ja-patruunat\/muc-off-co2-pump-mtb-inflator-kit\/\">L\u00e4s mer \u2026<span class=\"screen-reader-text\"> from MUC-OFF CO2 pump MTB Inflator Kit<\/span><\/a><\/p>\n","protected":false},"featured_media":52691,"comment_status":"open","ping_status":"closed","template":"","meta":{"_acf_changed":false,"_improvement_type_select":"improve_an_existing","_thumb_yes_seoaic":false,"_frame_yes_seoaic":false,"seoaic_generate_description":"","seoaic_improve_instructions_prompt":"","seoaic_rollback_content_improvement":"","seoaic_idea_thumbnail_generator":"","thumbnail_generated":false,"thumbnail_generate_prompt":"","seoaic_article_description":"","_supplier_stock_quantity":0},"product_brand":[1584],"product_model":[],"product_cat":[9586],"product_tag":[],"industry-terminology":[],"class_list":{"0":"post-52692","1":"product","2":"type-product","3":"status-publish","4":"has-post-thumbnail","6":"product_brand-muc-off","7":"product_cat-co2-pumput-ja-patruunat","9":"first","10":"instock","11":"taxable","12":"shipping-taxable","13":"purchasable","14":"product-type-simple"},"acf":{"bike_features":null,"overview":{"copy_overview":null,"key_features":null,"statement":"","youtube_url":""}},"yoast_head":"<!-- This site is optimized with the Yoast SEO plugin v27.3 - https:\/\/yoast.com\/product\/yoast-seo-wordpress\/ -->\n<title>MUC-OFF CO2 pump MTB Inflator Kit - VM Sport<\/title>\n<meta name=\"robots\" content=\"index, follow, max-snippet:-1, max-image-preview:large, max-video-preview:-1\" \/>\n<link rel=\"canonical\" href=\"https:\/\/vmsport.fi\/sv\/webbutik\/tillbehor\/pumpar\/co2-pumpar-och-patroner\/muc-off-co2-pump-mtb-uppblasningssats\/\" \/>\n<meta property=\"og:locale\" content=\"sv_SE\" \/>\n<meta property=\"og:type\" content=\"article\" \/>\n<meta property=\"og:title\" content=\"MUC-OFF CO2 pump MTB Inflator Kit - VM Sport\" \/>\n<meta property=\"og:description\" content=\"MUC-OFF CO2 Pump MTB Inflator Kit on ihanteellinen kumppani maastopy\u00f6r\u00e4ilyyn, tarjoten nopean ja tehokkaan tavan t\u00e4ytt\u00e4\u00e4 renkaat CO2-patruunoilla. Se on yhteensopiva sek\u00e4 Presta- ett\u00e4 Schrader-venttiilien kanssa, mik\u00e4 tekee siit\u00e4 monipuolisen valinnan erilaisille py\u00f6rille. Keveytens\u00e4 ja kompaktin muotoilunsa ansiosta pumppu kulkee vaivattomasti mukana py\u00f6r\u00e4retkill\u00e4. Sen kest\u00e4v\u00e4 rakenne varmistaa luotettavuuden vaativissakin olosuhteissa. Pakettiin sis\u00e4ltyv\u00e4t ohjeet auttavat saavuttamaan [...]L\u00e4s mer \u2026 from MUC-OFF CO2 pump MTB Inflator Kit\" \/>\n<meta property=\"og:url\" content=\"https:\/\/vmsport.fi\/sv\/webbutik\/tillbehor\/pumpar\/co2-pumpar-och-patroner\/muc-off-co2-pump-mtb-uppblasningssats\/\" \/>\n<meta property=\"og:site_name\" content=\"VM Sport\" \/>\n<meta property=\"article:publisher\" content=\"https:\/\/www.facebook.com\/Vmsport.fi\/\" \/>\n<meta property=\"article:modified_time\" content=\"2026-03-19T00:00:20+00:00\" \/>\n<meta property=\"og:image\" content=\"https:\/\/vmsport.fi\/wp-content\/uploads\/2025\/03\/MUC-OFF-co2-pump-MTB-Inflator-Kit-1.jpg\" \/>\n\t<meta property=\"og:image:width\" content=\"1000\" \/>\n\t<meta property=\"og:image:height\" content=\"750\" \/>\n\t<meta property=\"og:image:type\" content=\"image\/jpeg\" \/>\n<meta name=\"twitter:card\" content=\"summary_large_image\" \/>\n<script type=\"application\/ld+json\" class=\"yoast-schema-graph\">{\"@context\":\"https:\\\/\\\/schema.org\",\"@graph\":[{\"@type\":[\"WebPage\",\"ItemPage\"],\"@id\":\"https:\\\/\\\/vmsport.fi\\\/verkkokauppa\\\/tarvikkeet\\\/pumput\\\/co2-pumput-ja-patruunat\\\/muc-off-co2-pump-mtb-inflator-kit\\\/\",\"url\":\"https:\\\/\\\/vmsport.fi\\\/verkkokauppa\\\/tarvikkeet\\\/pumput\\\/co2-pumput-ja-patruunat\\\/muc-off-co2-pump-mtb-inflator-kit\\\/\",\"name\":\"MUC-OFF CO2 pump MTB Inflator Kit - VM Sport\",\"isPartOf\":{\"@id\":\"https:\\\/\\\/vmsport.fi\\\/#website\"},\"primaryImageOfPage\":{\"@id\":\"https:\\\/\\\/vmsport.fi\\\/verkkokauppa\\\/tarvikkeet\\\/pumput\\\/co2-pumput-ja-patruunat\\\/muc-off-co2-pump-mtb-inflator-kit\\\/#primaryimage\"},\"image\":{\"@id\":\"https:\\\/\\\/vmsport.fi\\\/verkkokauppa\\\/tarvikkeet\\\/pumput\\\/co2-pumput-ja-patruunat\\\/muc-off-co2-pump-mtb-inflator-kit\\\/#primaryimage\"},\"thumbnailUrl\":\"https:\\\/\\\/vmsport.fi\\\/wp-content\\\/uploads\\\/2025\\\/03\\\/MUC-OFF-co2-pump-MTB-Inflator-Kit-1.jpg\",\"datePublished\":\"2025-03-05T21:33:16+00:00\",\"dateModified\":\"2026-03-19T00:00:20+00:00\",\"breadcrumb\":{\"@id\":\"https:\\\/\\\/vmsport.fi\\\/verkkokauppa\\\/tarvikkeet\\\/pumput\\\/co2-pumput-ja-patruunat\\\/muc-off-co2-pump-mtb-inflator-kit\\\/#breadcrumb\"},\"inLanguage\":\"sv-SE\",\"potentialAction\":[{\"@type\":\"ReadAction\",\"target\":[\"https:\\\/\\\/vmsport.fi\\\/verkkokauppa\\\/tarvikkeet\\\/pumput\\\/co2-pumput-ja-patruunat\\\/muc-off-co2-pump-mtb-inflator-kit\\\/\"]}]},{\"@type\":\"ImageObject\",\"inLanguage\":\"sv-SE\",\"@id\":\"https:\\\/\\\/vmsport.fi\\\/verkkokauppa\\\/tarvikkeet\\\/pumput\\\/co2-pumput-ja-patruunat\\\/muc-off-co2-pump-mtb-inflator-kit\\\/#primaryimage\",\"url\":\"https:\\\/\\\/vmsport.fi\\\/wp-content\\\/uploads\\\/2025\\\/03\\\/MUC-OFF-co2-pump-MTB-Inflator-Kit-1.jpg\",\"contentUrl\":\"https:\\\/\\\/vmsport.fi\\\/wp-content\\\/uploads\\\/2025\\\/03\\\/MUC-OFF-co2-pump-MTB-Inflator-Kit-1.jpg\",\"width\":1000,\"height\":750,\"caption\":\"MUC-OFF-co2-pump-MTB-Inflator-Kit\"},{\"@type\":\"BreadcrumbList\",\"@id\":\"https:\\\/\\\/vmsport.fi\\\/verkkokauppa\\\/tarvikkeet\\\/pumput\\\/co2-pumput-ja-patruunat\\\/muc-off-co2-pump-mtb-inflator-kit\\\/#breadcrumb\",\"itemListElement\":[{\"@type\":\"ListItem\",\"position\":1,\"name\":\"Etusivu\",\"item\":\"https:\\\/\\\/vmsport.fi\\\/\"},{\"@type\":\"ListItem\",\"position\":2,\"name\":\"Online Store\",\"item\":\"https:\\\/\\\/vmsport.fi\\\/en\\\/online-store\\\/\"},{\"@type\":\"ListItem\",\"position\":3,\"name\":\"MUC-OFF CO2 pump MTB Inflator Kit\"}]},{\"@type\":\"WebSite\",\"@id\":\"https:\\\/\\\/vmsport.fi\\\/#website\",\"url\":\"https:\\\/\\\/vmsport.fi\\\/\",\"name\":\"Vmsport\",\"description\":\"Kaikki py\u00f6r\u00e4ilyyn yhdest\u00e4 paikasta\",\"publisher\":{\"@id\":\"https:\\\/\\\/vmsport.fi\\\/#organization\"},\"potentialAction\":[{\"@type\":\"SearchAction\",\"target\":{\"@type\":\"EntryPoint\",\"urlTemplate\":\"https:\\\/\\\/vmsport.fi\\\/?s={search_term_string}\"},\"query-input\":{\"@type\":\"PropertyValueSpecification\",\"valueRequired\":true,\"valueName\":\"search_term_string\"}}],\"inLanguage\":\"sv-SE\"},{\"@type\":\"Organization\",\"@id\":\"https:\\\/\\\/vmsport.fi\\\/#organization\",\"name\":\"Vmsport\",\"url\":\"https:\\\/\\\/vmsport.fi\\\/\",\"logo\":{\"@type\":\"ImageObject\",\"inLanguage\":\"sv-SE\",\"@id\":\"https:\\\/\\\/vmsport.fi\\\/#\\\/schema\\\/logo\\\/image\\\/\",\"url\":\"https:\\\/\\\/vmsport.fi\\\/wp-content\\\/uploads\\\/2024\\\/12\\\/vm_sport_RGB_horisontal-e1734526017575.png\",\"contentUrl\":\"https:\\\/\\\/vmsport.fi\\\/wp-content\\\/uploads\\\/2024\\\/12\\\/vm_sport_RGB_horisontal-e1734526017575.png\",\"width\":668,\"height\":85,\"caption\":\"Vmsport\"},\"image\":{\"@id\":\"https:\\\/\\\/vmsport.fi\\\/#\\\/schema\\\/logo\\\/image\\\/\"},\"sameAs\":[\"https:\\\/\\\/www.facebook.com\\\/Vmsport.fi\\\/\",\"https:\\\/\\\/www.instagram.com\\\/vmsport\\\/\"]}]}<\/script>\n<!-- \/ Yoast SEO plugin. -->","yoast_head_json":{"title":"MUC-OFF CO2-pump MTB-uppbl\u00e5sningssats - VM Sport","robots":{"index":"index","follow":"follow","max-snippet":"max-snippet:-1","max-image-preview":"max-image-preview:large","max-video-preview":"max-video-preview:-1"},"canonical":"https:\/\/vmsport.fi\/sv\/webbutik\/tillbehor\/pumpar\/co2-pumpar-och-patroner\/muc-off-co2-pump-mtb-uppblasningssats\/","og_locale":"sv_SE","og_type":"article","og_title":"MUC-OFF CO2 pump MTB Inflator Kit - VM Sport","og_description":"MUC-OFF CO2 Pump MTB Inflator Kit on ihanteellinen kumppani maastopy\u00f6r\u00e4ilyyn, tarjoten nopean ja tehokkaan tavan t\u00e4ytt\u00e4\u00e4 renkaat CO2-patruunoilla. Se on yhteensopiva sek\u00e4 Presta- ett\u00e4 Schrader-venttiilien kanssa, mik\u00e4 tekee siit\u00e4 monipuolisen valinnan erilaisille py\u00f6rille. Keveytens\u00e4 ja kompaktin muotoilunsa ansiosta pumppu kulkee vaivattomasti mukana py\u00f6r\u00e4retkill\u00e4. Sen kest\u00e4v\u00e4 rakenne varmistaa luotettavuuden vaativissakin olosuhteissa. Pakettiin sis\u00e4ltyv\u00e4t ohjeet auttavat saavuttamaan [...]L\u00e4s mer \u2026 from MUC-OFF CO2 pump MTB Inflator Kit","og_url":"https:\/\/vmsport.fi\/sv\/webbutik\/tillbehor\/pumpar\/co2-pumpar-och-patroner\/muc-off-co2-pump-mtb-uppblasningssats\/","og_site_name":"VM Sport","article_publisher":"https:\/\/www.facebook.com\/Vmsport.fi\/","article_modified_time":"2026-03-19T00:00:20+00:00","og_image":[{"width":1000,"height":750,"url":"https:\/\/vmsport.fi\/wp-content\/uploads\/2025\/03\/MUC-OFF-co2-pump-MTB-Inflator-Kit-1.jpg","type":"image\/jpeg"}],"twitter_card":"summary_large_image","schema":{"@context":"https:\/\/schema.org","@graph":[{"@type":["WebPage","ItemPage"],"@id":"https:\/\/vmsport.fi\/verkkokauppa\/tarvikkeet\/pumput\/co2-pumput-ja-patruunat\/muc-off-co2-pump-mtb-inflator-kit\/","url":"https:\/\/vmsport.fi\/verkkokauppa\/tarvikkeet\/pumput\/co2-pumput-ja-patruunat\/muc-off-co2-pump-mtb-inflator-kit\/","name":"MUC-OFF CO2-pump MTB-uppbl\u00e5sningssats - VM Sport","isPartOf":{"@id":"https:\/\/vmsport.fi\/#website"},"primaryImageOfPage":{"@id":"https:\/\/vmsport.fi\/verkkokauppa\/tarvikkeet\/pumput\/co2-pumput-ja-patruunat\/muc-off-co2-pump-mtb-inflator-kit\/#primaryimage"},"image":{"@id":"https:\/\/vmsport.fi\/verkkokauppa\/tarvikkeet\/pumput\/co2-pumput-ja-patruunat\/muc-off-co2-pump-mtb-inflator-kit\/#primaryimage"},"thumbnailUrl":"https:\/\/vmsport.fi\/wp-content\/uploads\/2025\/03\/MUC-OFF-co2-pump-MTB-Inflator-Kit-1.jpg","datePublished":"2025-03-05T21:33:16+00:00","dateModified":"2026-03-19T00:00:20+00:00","breadcrumb":{"@id":"https:\/\/vmsport.fi\/verkkokauppa\/tarvikkeet\/pumput\/co2-pumput-ja-patruunat\/muc-off-co2-pump-mtb-inflator-kit\/#breadcrumb"},"inLanguage":"sv-SE","potentialAction":[{"@type":"ReadAction","target":["https:\/\/vmsport.fi\/verkkokauppa\/tarvikkeet\/pumput\/co2-pumput-ja-patruunat\/muc-off-co2-pump-mtb-inflator-kit\/"]}]},{"@type":"ImageObject","inLanguage":"sv-SE","@id":"https:\/\/vmsport.fi\/verkkokauppa\/tarvikkeet\/pumput\/co2-pumput-ja-patruunat\/muc-off-co2-pump-mtb-inflator-kit\/#primaryimage","url":"https:\/\/vmsport.fi\/wp-content\/uploads\/2025\/03\/MUC-OFF-co2-pump-MTB-Inflator-Kit-1.jpg","contentUrl":"https:\/\/vmsport.fi\/wp-content\/uploads\/2025\/03\/MUC-OFF-co2-pump-MTB-Inflator-Kit-1.jpg","width":1000,"height":750,"caption":"MUC-OFF-co2-pump-MTB-Inflator-Kit"},{"@type":"BreadcrumbList","@id":"https:\/\/vmsport.fi\/verkkokauppa\/tarvikkeet\/pumput\/co2-pumput-ja-patruunat\/muc-off-co2-pump-mtb-inflator-kit\/#breadcrumb","itemListElement":[{"@type":"ListItem","position":1,"name":"Etusivu","item":"https:\/\/vmsport.fi\/"},{"@type":"ListItem","position":2,"name":"Online Store","item":"https:\/\/vmsport.fi\/en\/online-store\/"},{"@type":"ListItem","position":3,"name":"MUC-OFF CO2 pump MTB Inflator Kit"}]},{"@type":"WebSite","@id":"https:\/\/vmsport.fi\/#website","url":"https:\/\/vmsport.fi\/","name":"Vmsport","description":"Allt p\u00e5 ett st\u00e4lle f\u00f6r cykling","publisher":{"@id":"https:\/\/vmsport.fi\/#organization"},"potentialAction":[{"@type":"SearchAction","target":{"@type":"EntryPoint","urlTemplate":"https:\/\/vmsport.fi\/?s={search_term_string}"},"query-input":{"@type":"PropertyValueSpecification","valueRequired":true,"valueName":"search_term_string"}}],"inLanguage":"sv-SE"},{"@type":"Organization","@id":"https:\/\/vmsport.fi\/#organization","name":"Vmsport","url":"https:\/\/vmsport.fi\/","logo":{"@type":"ImageObject","inLanguage":"sv-SE","@id":"https:\/\/vmsport.fi\/#\/schema\/logo\/image\/","url":"https:\/\/vmsport.fi\/wp-content\/uploads\/2024\/12\/vm_sport_RGB_horisontal-e1734526017575.png","contentUrl":"https:\/\/vmsport.fi\/wp-content\/uploads\/2024\/12\/vm_sport_RGB_horisontal-e1734526017575.png","width":668,"height":85,"caption":"Vmsport"},"image":{"@id":"https:\/\/vmsport.fi\/#\/schema\/logo\/image\/"},"sameAs":["https:\/\/www.facebook.com\/Vmsport.fi\/","https:\/\/www.instagram.com\/vmsport\/"]}]}},"global_unique_id":"","_links":{"self":[{"href":"https:\/\/vmsport.fi\/sv\/wp-json\/wp\/v2\/product\/52692","targetHints":{"allow":["GET"]}}],"collection":[{"href":"https:\/\/vmsport.fi\/sv\/wp-json\/wp\/v2\/product"}],"about":[{"href":"https:\/\/vmsport.fi\/sv\/wp-json\/wp\/v2\/types\/product"}],"replies":[{"embeddable":true,"href":"https:\/\/vmsport.fi\/sv\/wp-json\/wp\/v2\/comments?post=52692"}],"wp:featuredmedia":[{"embeddable":true,"href":"https:\/\/vmsport.fi\/sv\/wp-json\/wp\/v2\/media\/52691"}],"wp:attachment":[{"href":"https:\/\/vmsport.fi\/sv\/wp-json\/wp\/v2\/media?parent=52692"}],"wp:term":[{"taxonomy":"product_brand","embeddable":true,"href":"https:\/\/vmsport.fi\/sv\/wp-json\/wp\/v2\/product_brand?post=52692"},{"taxonomy":"product_model","embeddable":true,"href":"https:\/\/vmsport.fi\/sv\/wp-json\/wp\/v2\/product_model?post=52692"},{"taxonomy":"product_cat","embeddable":true,"href":"https:\/\/vmsport.fi\/sv\/wp-json\/wp\/v2\/product_cat?post=52692"},{"taxonomy":"product_tag","embeddable":true,"href":"https:\/\/vmsport.fi\/sv\/wp-json\/wp\/v2\/product_tag?post=52692"},{"taxonomy":"industry_terminology","embeddable":true,"href":"https:\/\/vmsport.fi\/sv\/wp-json\/wp\/v2\/industry-terminology?post=52692"}],"curies":[{"name":"wp","href":"https:\/\/api.w.org\/{rel}","templated":true}]}}