{"id":52675,"date":"2025-03-05T23:33:08","date_gmt":"2025-03-05T21:33:08","guid":{"rendered":"https:\/\/vmsport.fi\/verkkokauppa\/Ei-luokiteltu\/alpina-taunus-mips-max-nerukar-special\/"},"modified":"2026-01-16T13:33:10","modified_gmt":"2026-01-16T11:33:10","slug":"alpina-taunus-mips-max-nerukar-special","status":"publish","type":"product","link":"https:\/\/vmsport.fi\/sv\/verkkokauppa\/ajovarusteet\/kyparat\/maastokyparat\/alpina-taunus-mips-max-nerukar-special\/","title":{"rendered":"Alpina Taunus Mips Max Nerukar Special"},"content":{"rendered":"<p>Alpina Taunus Mips Max Nerukar Special-hj\u00e4lmen erbjuder utm\u00e4rkt s\u00e4kerhet och skydd f\u00f6r cykling, vilket g\u00f6r den till det perfekta valet f\u00f6r den aktiva cyklisten. Det snygga f\u00e4rgschemat i svart och rosa framh\u00e4ver hj\u00e4lmens moderna design. MIPS-tekniken tar hand om din s\u00e4kerhet och ger utm\u00e4rkt skydd mot potentiella st\u00f6tar, vilket ger sinnesfrid under varje cykeltur. Justerbara remmar ger en bekv\u00e4m och \u00e5tsittande passform, m\u00f6jligg\u00f6r en personlig justering och g\u00f6r anv\u00e4ndarupplevelsen f\u00f6rstklassig.<\/p>","protected":false},"excerpt":{"rendered":"<p>Alpina Taunus Mips Max Nerukar Special -kyp\u00e4r\u00e4 tarjoaa erinomaisen turvallisuuden ja suojan py\u00f6r\u00e4ilyyn, mik\u00e4 tekee siit\u00e4 ihanteellisen valinnan aktiiviselle py\u00f6r\u00e4ilij\u00e4lle. Tyylik\u00e4s mustan ja pinkin v\u00e4ritys korostaa kyp\u00e4r\u00e4n modernia muotoilua. Huolehtimalla turvallisuudestasi MIPS-teknologia varmistaa erinomaisen suojan mahdollisia iskuja vastaan, mik\u00e4 tuo mielenrauhaa jokaiselle ajomatkalle. S\u00e4\u00e4dett\u00e4v\u00e4t hihnat takaavat mukavan ja miellytt\u00e4v\u00e4n istuvuuden, mahdollistavat yksil\u00f6llisen sovittamisen ja tekev\u00e4t [&#8230;]<\/p>\n<p><a class=\"btn btn-secondary understrap-read-more-link\" href=\"https:\/\/vmsport.fi\/sv\/verkkokauppa\/ajovarusteet\/kyparat\/maastokyparat\/alpina-taunus-mips-max-nerukar-special\/\">L\u00e4s mer \u2026<span class=\"screen-reader-text\"> from Alpina Taunus Mips Max Nerukar Special<\/span><\/a><\/p>\n","protected":false},"featured_media":52674,"comment_status":"open","ping_status":"closed","template":"","meta":{"_acf_changed":false,"_improvement_type_select":"improve_an_existing","_thumb_yes_seoaic":false,"_frame_yes_seoaic":false,"seoaic_generate_description":"","seoaic_improve_instructions_prompt":"","seoaic_rollback_content_improvement":"","seoaic_idea_thumbnail_generator":"","thumbnail_generated":false,"thumbnail_generate_prompt":"","seoaic_article_description":"","_supplier_stock_quantity":0},"product_brand":[],"product_model":[],"product_cat":[9512],"product_tag":[],"industry-terminology":[],"class_list":{"0":"post-52675","1":"product","2":"type-product","3":"status-publish","4":"has-post-thumbnail","6":"product_cat-maastokyparat","8":"first","9":"instock","10":"taxable","11":"shipping-taxable","12":"purchasable","13":"product-type-variable"},"acf":{"bike_features":null,"overview":{"copy_overview":null,"key_features":null,"statement":"","youtube_url":""}},"yoast_head":"<!-- This site is optimized with the Yoast SEO plugin v27.3 - https:\/\/yoast.com\/product\/yoast-seo-wordpress\/ -->\n<title>Alpina Taunus Mips Max Nerukar Special - VM Sport<\/title>\n<meta name=\"robots\" content=\"index, follow, max-snippet:-1, max-image-preview:large, max-video-preview:-1\" \/>\n<link rel=\"canonical\" href=\"https:\/\/vmsport.fi\/sv\/webbutik\/korutrustning\/kyparat\/terrangcykling\/alpina-taunus-mips-max-nerukar-special\/\" \/>\n<meta property=\"og:locale\" content=\"sv_SE\" \/>\n<meta property=\"og:type\" content=\"article\" \/>\n<meta property=\"og:title\" content=\"Alpina Taunus Mips Max Nerukar Special - VM Sport\" \/>\n<meta property=\"og:description\" content=\"Alpina Taunus Mips Max Nerukar Special -kyp\u00e4r\u00e4 tarjoaa erinomaisen turvallisuuden ja suojan py\u00f6r\u00e4ilyyn, mik\u00e4 tekee siit\u00e4 ihanteellisen valinnan aktiiviselle py\u00f6r\u00e4ilij\u00e4lle. Tyylik\u00e4s mustan ja pinkin v\u00e4ritys korostaa kyp\u00e4r\u00e4n modernia muotoilua. Huolehtimalla turvallisuudestasi MIPS-teknologia varmistaa erinomaisen suojan mahdollisia iskuja vastaan, mik\u00e4 tuo mielenrauhaa jokaiselle ajomatkalle. S\u00e4\u00e4dett\u00e4v\u00e4t hihnat takaavat mukavan ja miellytt\u00e4v\u00e4n istuvuuden, mahdollistavat yksil\u00f6llisen sovittamisen ja tekev\u00e4t [...]L\u00e4s mer \u2026 from Alpina Taunus Mips Max Nerukar Special\" \/>\n<meta property=\"og:url\" content=\"https:\/\/vmsport.fi\/sv\/webbutik\/korutrustning\/kyparat\/terrangcykling\/alpina-taunus-mips-max-nerukar-special\/\" \/>\n<meta property=\"og:site_name\" content=\"VM Sport\" \/>\n<meta property=\"article:publisher\" content=\"https:\/\/www.facebook.com\/Vmsport.fi\/\" \/>\n<meta property=\"article:modified_time\" content=\"2026-01-16T11:33:10+00:00\" \/>\n<meta property=\"og:image\" content=\"https:\/\/vmsport.fi\/wp-content\/uploads\/2025\/03\/alpina-helmet-taunus-mips-w915-h585-1.jpg\" \/>\n\t<meta property=\"og:image:width\" content=\"915\" \/>\n\t<meta property=\"og:image:height\" content=\"585\" \/>\n\t<meta property=\"og:image:type\" content=\"image\/jpeg\" \/>\n<meta name=\"twitter:card\" content=\"summary_large_image\" \/>\n<script type=\"application\/ld+json\" class=\"yoast-schema-graph\">{\"@context\":\"https:\\\/\\\/schema.org\",\"@graph\":[{\"@type\":[\"WebPage\",\"ItemPage\"],\"@id\":\"https:\\\/\\\/vmsport.fi\\\/verkkokauppa\\\/ajovarusteet\\\/kyparat\\\/maastokyparat\\\/alpina-taunus-mips-max-nerukar-special\\\/\",\"url\":\"https:\\\/\\\/vmsport.fi\\\/verkkokauppa\\\/ajovarusteet\\\/kyparat\\\/maastokyparat\\\/alpina-taunus-mips-max-nerukar-special\\\/\",\"name\":\"Alpina Taunus Mips Max Nerukar Special - VM Sport\",\"isPartOf\":{\"@id\":\"https:\\\/\\\/vmsport.fi\\\/#website\"},\"primaryImageOfPage\":{\"@id\":\"https:\\\/\\\/vmsport.fi\\\/verkkokauppa\\\/ajovarusteet\\\/kyparat\\\/maastokyparat\\\/alpina-taunus-mips-max-nerukar-special\\\/#primaryimage\"},\"image\":{\"@id\":\"https:\\\/\\\/vmsport.fi\\\/verkkokauppa\\\/ajovarusteet\\\/kyparat\\\/maastokyparat\\\/alpina-taunus-mips-max-nerukar-special\\\/#primaryimage\"},\"thumbnailUrl\":\"https:\\\/\\\/vmsport.fi\\\/wp-content\\\/uploads\\\/2025\\\/03\\\/alpina-helmet-taunus-mips-w915-h585-1.jpg\",\"datePublished\":\"2025-03-05T21:33:08+00:00\",\"dateModified\":\"2026-01-16T11:33:10+00:00\",\"breadcrumb\":{\"@id\":\"https:\\\/\\\/vmsport.fi\\\/verkkokauppa\\\/ajovarusteet\\\/kyparat\\\/maastokyparat\\\/alpina-taunus-mips-max-nerukar-special\\\/#breadcrumb\"},\"inLanguage\":\"sv-SE\",\"potentialAction\":[{\"@type\":\"ReadAction\",\"target\":[\"https:\\\/\\\/vmsport.fi\\\/verkkokauppa\\\/ajovarusteet\\\/kyparat\\\/maastokyparat\\\/alpina-taunus-mips-max-nerukar-special\\\/\"]}]},{\"@type\":\"ImageObject\",\"inLanguage\":\"sv-SE\",\"@id\":\"https:\\\/\\\/vmsport.fi\\\/verkkokauppa\\\/ajovarusteet\\\/kyparat\\\/maastokyparat\\\/alpina-taunus-mips-max-nerukar-special\\\/#primaryimage\",\"url\":\"https:\\\/\\\/vmsport.fi\\\/wp-content\\\/uploads\\\/2025\\\/03\\\/alpina-helmet-taunus-mips-w915-h585-1.jpg\",\"contentUrl\":\"https:\\\/\\\/vmsport.fi\\\/wp-content\\\/uploads\\\/2025\\\/03\\\/alpina-helmet-taunus-mips-w915-h585-1.jpg\",\"width\":915,\"height\":585,\"caption\":\"alpina-helmet-taunus-mips-w915-h585\"},{\"@type\":\"BreadcrumbList\",\"@id\":\"https:\\\/\\\/vmsport.fi\\\/verkkokauppa\\\/ajovarusteet\\\/kyparat\\\/maastokyparat\\\/alpina-taunus-mips-max-nerukar-special\\\/#breadcrumb\",\"itemListElement\":[{\"@type\":\"ListItem\",\"position\":1,\"name\":\"Etusivu\",\"item\":\"https:\\\/\\\/vmsport.fi\\\/\"},{\"@type\":\"ListItem\",\"position\":2,\"name\":\"Online Store\",\"item\":\"https:\\\/\\\/vmsport.fi\\\/en\\\/online-store\\\/\"},{\"@type\":\"ListItem\",\"position\":3,\"name\":\"Alpina Taunus Mips Max Nerukar Special\"}]},{\"@type\":\"WebSite\",\"@id\":\"https:\\\/\\\/vmsport.fi\\\/#website\",\"url\":\"https:\\\/\\\/vmsport.fi\\\/\",\"name\":\"Vmsport\",\"description\":\"Kaikki py\u00f6r\u00e4ilyyn yhdest\u00e4 paikasta\",\"publisher\":{\"@id\":\"https:\\\/\\\/vmsport.fi\\\/#organization\"},\"potentialAction\":[{\"@type\":\"SearchAction\",\"target\":{\"@type\":\"EntryPoint\",\"urlTemplate\":\"https:\\\/\\\/vmsport.fi\\\/?s={search_term_string}\"},\"query-input\":{\"@type\":\"PropertyValueSpecification\",\"valueRequired\":true,\"valueName\":\"search_term_string\"}}],\"inLanguage\":\"sv-SE\"},{\"@type\":\"Organization\",\"@id\":\"https:\\\/\\\/vmsport.fi\\\/#organization\",\"name\":\"Vmsport\",\"url\":\"https:\\\/\\\/vmsport.fi\\\/\",\"logo\":{\"@type\":\"ImageObject\",\"inLanguage\":\"sv-SE\",\"@id\":\"https:\\\/\\\/vmsport.fi\\\/#\\\/schema\\\/logo\\\/image\\\/\",\"url\":\"https:\\\/\\\/vmsport.fi\\\/wp-content\\\/uploads\\\/2024\\\/12\\\/vm_sport_RGB_horisontal-e1734526017575.png\",\"contentUrl\":\"https:\\\/\\\/vmsport.fi\\\/wp-content\\\/uploads\\\/2024\\\/12\\\/vm_sport_RGB_horisontal-e1734526017575.png\",\"width\":668,\"height\":85,\"caption\":\"Vmsport\"},\"image\":{\"@id\":\"https:\\\/\\\/vmsport.fi\\\/#\\\/schema\\\/logo\\\/image\\\/\"},\"sameAs\":[\"https:\\\/\\\/www.facebook.com\\\/Vmsport.fi\\\/\",\"https:\\\/\\\/www.instagram.com\\\/vmsport\\\/\"]}]}<\/script>\n<!-- \/ Yoast SEO plugin. -->","yoast_head_json":{"title":"Alpina Taunus Mips Max Nerukar Special - VM Sport","robots":{"index":"index","follow":"follow","max-snippet":"max-snippet:-1","max-image-preview":"max-image-preview:large","max-video-preview":"max-video-preview:-1"},"canonical":"https:\/\/vmsport.fi\/sv\/webbutik\/korutrustning\/kyparat\/terrangcykling\/alpina-taunus-mips-max-nerukar-special\/","og_locale":"sv_SE","og_type":"article","og_title":"Alpina Taunus Mips Max Nerukar Special - VM Sport","og_description":"Alpina Taunus Mips Max Nerukar Special -kyp\u00e4r\u00e4 tarjoaa erinomaisen turvallisuuden ja suojan py\u00f6r\u00e4ilyyn, mik\u00e4 tekee siit\u00e4 ihanteellisen valinnan aktiiviselle py\u00f6r\u00e4ilij\u00e4lle. Tyylik\u00e4s mustan ja pinkin v\u00e4ritys korostaa kyp\u00e4r\u00e4n modernia muotoilua. Huolehtimalla turvallisuudestasi MIPS-teknologia varmistaa erinomaisen suojan mahdollisia iskuja vastaan, mik\u00e4 tuo mielenrauhaa jokaiselle ajomatkalle. S\u00e4\u00e4dett\u00e4v\u00e4t hihnat takaavat mukavan ja miellytt\u00e4v\u00e4n istuvuuden, mahdollistavat yksil\u00f6llisen sovittamisen ja tekev\u00e4t [...]L\u00e4s mer \u2026 from Alpina Taunus Mips Max Nerukar Special","og_url":"https:\/\/vmsport.fi\/sv\/webbutik\/korutrustning\/kyparat\/terrangcykling\/alpina-taunus-mips-max-nerukar-special\/","og_site_name":"VM Sport","article_publisher":"https:\/\/www.facebook.com\/Vmsport.fi\/","article_modified_time":"2026-01-16T11:33:10+00:00","og_image":[{"width":915,"height":585,"url":"https:\/\/vmsport.fi\/wp-content\/uploads\/2025\/03\/alpina-helmet-taunus-mips-w915-h585-1.jpg","type":"image\/jpeg"}],"twitter_card":"summary_large_image","schema":{"@context":"https:\/\/schema.org","@graph":[{"@type":["WebPage","ItemPage"],"@id":"https:\/\/vmsport.fi\/verkkokauppa\/ajovarusteet\/kyparat\/maastokyparat\/alpina-taunus-mips-max-nerukar-special\/","url":"https:\/\/vmsport.fi\/verkkokauppa\/ajovarusteet\/kyparat\/maastokyparat\/alpina-taunus-mips-max-nerukar-special\/","name":"Alpina Taunus Mips Max Nerukar Special - VM Sport","isPartOf":{"@id":"https:\/\/vmsport.fi\/#website"},"primaryImageOfPage":{"@id":"https:\/\/vmsport.fi\/verkkokauppa\/ajovarusteet\/kyparat\/maastokyparat\/alpina-taunus-mips-max-nerukar-special\/#primaryimage"},"image":{"@id":"https:\/\/vmsport.fi\/verkkokauppa\/ajovarusteet\/kyparat\/maastokyparat\/alpina-taunus-mips-max-nerukar-special\/#primaryimage"},"thumbnailUrl":"https:\/\/vmsport.fi\/wp-content\/uploads\/2025\/03\/alpina-helmet-taunus-mips-w915-h585-1.jpg","datePublished":"2025-03-05T21:33:08+00:00","dateModified":"2026-01-16T11:33:10+00:00","breadcrumb":{"@id":"https:\/\/vmsport.fi\/verkkokauppa\/ajovarusteet\/kyparat\/maastokyparat\/alpina-taunus-mips-max-nerukar-special\/#breadcrumb"},"inLanguage":"sv-SE","potentialAction":[{"@type":"ReadAction","target":["https:\/\/vmsport.fi\/verkkokauppa\/ajovarusteet\/kyparat\/maastokyparat\/alpina-taunus-mips-max-nerukar-special\/"]}]},{"@type":"ImageObject","inLanguage":"sv-SE","@id":"https:\/\/vmsport.fi\/verkkokauppa\/ajovarusteet\/kyparat\/maastokyparat\/alpina-taunus-mips-max-nerukar-special\/#primaryimage","url":"https:\/\/vmsport.fi\/wp-content\/uploads\/2025\/03\/alpina-helmet-taunus-mips-w915-h585-1.jpg","contentUrl":"https:\/\/vmsport.fi\/wp-content\/uploads\/2025\/03\/alpina-helmet-taunus-mips-w915-h585-1.jpg","width":915,"height":585,"caption":"alpina-helmet-taunus-mips-w915-h585"},{"@type":"BreadcrumbList","@id":"https:\/\/vmsport.fi\/verkkokauppa\/ajovarusteet\/kyparat\/maastokyparat\/alpina-taunus-mips-max-nerukar-special\/#breadcrumb","itemListElement":[{"@type":"ListItem","position":1,"name":"Etusivu","item":"https:\/\/vmsport.fi\/"},{"@type":"ListItem","position":2,"name":"Online Store","item":"https:\/\/vmsport.fi\/en\/online-store\/"},{"@type":"ListItem","position":3,"name":"Alpina Taunus Mips Max Nerukar Special"}]},{"@type":"WebSite","@id":"https:\/\/vmsport.fi\/#website","url":"https:\/\/vmsport.fi\/","name":"Vmsport","description":"Allt p\u00e5 ett st\u00e4lle f\u00f6r cykling","publisher":{"@id":"https:\/\/vmsport.fi\/#organization"},"potentialAction":[{"@type":"SearchAction","target":{"@type":"EntryPoint","urlTemplate":"https:\/\/vmsport.fi\/?s={search_term_string}"},"query-input":{"@type":"PropertyValueSpecification","valueRequired":true,"valueName":"search_term_string"}}],"inLanguage":"sv-SE"},{"@type":"Organization","@id":"https:\/\/vmsport.fi\/#organization","name":"Vmsport","url":"https:\/\/vmsport.fi\/","logo":{"@type":"ImageObject","inLanguage":"sv-SE","@id":"https:\/\/vmsport.fi\/#\/schema\/logo\/image\/","url":"https:\/\/vmsport.fi\/wp-content\/uploads\/2024\/12\/vm_sport_RGB_horisontal-e1734526017575.png","contentUrl":"https:\/\/vmsport.fi\/wp-content\/uploads\/2024\/12\/vm_sport_RGB_horisontal-e1734526017575.png","width":668,"height":85,"caption":"Vmsport"},"image":{"@id":"https:\/\/vmsport.fi\/#\/schema\/logo\/image\/"},"sameAs":["https:\/\/www.facebook.com\/Vmsport.fi\/","https:\/\/www.instagram.com\/vmsport\/"]}]}},"global_unique_id":"","_links":{"self":[{"href":"https:\/\/vmsport.fi\/sv\/wp-json\/wp\/v2\/product\/52675","targetHints":{"allow":["GET"]}}],"collection":[{"href":"https:\/\/vmsport.fi\/sv\/wp-json\/wp\/v2\/product"}],"about":[{"href":"https:\/\/vmsport.fi\/sv\/wp-json\/wp\/v2\/types\/product"}],"replies":[{"embeddable":true,"href":"https:\/\/vmsport.fi\/sv\/wp-json\/wp\/v2\/comments?post=52675"}],"wp:featuredmedia":[{"embeddable":true,"href":"https:\/\/vmsport.fi\/sv\/wp-json\/wp\/v2\/media\/52674"}],"wp:attachment":[{"href":"https:\/\/vmsport.fi\/sv\/wp-json\/wp\/v2\/media?parent=52675"}],"wp:term":[{"taxonomy":"product_brand","embeddable":true,"href":"https:\/\/vmsport.fi\/sv\/wp-json\/wp\/v2\/product_brand?post=52675"},{"taxonomy":"product_model","embeddable":true,"href":"https:\/\/vmsport.fi\/sv\/wp-json\/wp\/v2\/product_model?post=52675"},{"taxonomy":"product_cat","embeddable":true,"href":"https:\/\/vmsport.fi\/sv\/wp-json\/wp\/v2\/product_cat?post=52675"},{"taxonomy":"product_tag","embeddable":true,"href":"https:\/\/vmsport.fi\/sv\/wp-json\/wp\/v2\/product_tag?post=52675"},{"taxonomy":"industry_terminology","embeddable":true,"href":"https:\/\/vmsport.fi\/sv\/wp-json\/wp\/v2\/industry-terminology?post=52675"}],"curies":[{"name":"wp","href":"https:\/\/api.w.org\/{rel}","templated":true}]}}