{"id":52668,"date":"2025-03-05T23:32:56","date_gmt":"2025-03-05T21:32:56","guid":{"rendered":"https:\/\/vmsport.fi\/verkkokauppa\/Ei-luokiteltu\/cable-for-rack-battery-1100-mm-bch221\/"},"modified":"2026-01-16T13:23:11","modified_gmt":"2026-01-16T11:23:11","slug":"kabel-for-rackbatteri-1100-mm-bch221","status":"publish","type":"product","link":"https:\/\/vmsport.fi\/sv\/verkkokauppa\/varaosat\/sahkopyorien-osat\/sahkopyora-tarvikkeet\/cable-for-rack-battery-1100-mm-bch221\/","title":{"rendered":"Kabel f\u00f6r rackbatteri 1100 mm (BCH221)"},"content":{"rendered":"<p>Den h\u00e4r 1100 mm l\u00e5nga kabeln, som kallas BCH221, \u00e4r speciellt utformad f\u00f6r rackmonterade batterier. Den s\u00e4kerst\u00e4ller tillf\u00f6rlitlig anslutning och effektiv kraft\u00f6verf\u00f6ring. Den h\u00e4r kabeln \u00e4r ett utm\u00e4rkt val, s\u00e4rskilt f\u00f6r racksystem, och erbjuder h\u00e5llbarhet och flexibilitet, vilket g\u00f6r installationen enkel. Den \u00e4r tillverkad av h\u00f6gkvalitativa material och bibeh\u00e5ller sin prestanda \u00e4ven under kr\u00e4vande f\u00f6rh\u00e5llanden. Den omsorgsfulla designen ger en perfekt kabeldragning, vilket \u00e4r s\u00e4rskilt anv\u00e4ndbart i tr\u00e5nga installationsmilj\u00f6er. Str\u00e4van efter optimal prestanda g\u00f6r den h\u00e4r kabeln till ett popul\u00e4rt val bland b\u00e5de proffs och amat\u00f6rer.<\/p>","protected":false},"excerpt":{"rendered":"<p>T\u00e4m\u00e4 1100 mm pitk\u00e4 kaapeli, joka tunnetaan mallinimell\u00e4 BCH221, on varta vasten suunniteltu telineakkuihin. Se takaa luotettavan liit\u00e4nn\u00e4n ja tehokkaan virransiirron. Erinomainen valinta, erityisesti rack-j\u00e4rjestelmiin, t\u00e4m\u00e4 kaapeli tarjoaa kest\u00e4vyytt\u00e4 ja joustavuutta, mik\u00e4 tekee asennuksesta helppoa. Korkealaatuisista materiaaleista valmistettuna se s\u00e4ilytt\u00e4\u00e4 suorituskykyns\u00e4 vaativissakin olosuhteissa. Sen huolellinen suunnittelu tukee ihanteellista kaapelointia, mist\u00e4 on erityist\u00e4 hy\u00f6ty\u00e4 ahtaissa asennusymp\u00e4rist\u00f6iss\u00e4. [&#8230;]<\/p>\n<p><a class=\"btn btn-secondary understrap-read-more-link\" href=\"https:\/\/vmsport.fi\/sv\/verkkokauppa\/varaosat\/sahkopyorien-osat\/sahkopyora-tarvikkeet\/cable-for-rack-battery-1100-mm-bch221\/\">L\u00e4s mer \u2026<span class=\"screen-reader-text\"> from Cable for Rack Battery 1100 mm (BCH221)<\/span><\/a><\/p>\n","protected":false},"featured_media":52667,"comment_status":"open","ping_status":"closed","template":"","meta":{"_acf_changed":false,"_improvement_type_select":"improve_an_existing","_thumb_yes_seoaic":false,"_frame_yes_seoaic":false,"seoaic_generate_description":"","seoaic_improve_instructions_prompt":"","seoaic_rollback_content_improvement":"","seoaic_idea_thumbnail_generator":"","thumbnail_generated":false,"thumbnail_generate_prompt":"","seoaic_article_description":"","_supplier_stock_quantity":0},"product_brand":[],"product_model":[],"product_cat":[9468],"product_tag":[],"industry-terminology":[],"class_list":{"0":"post-52668","1":"product","2":"type-product","3":"status-publish","4":"has-post-thumbnail","6":"product_cat-sahkopyora-tarvikkeet","8":"first","9":"outofstock","10":"taxable","11":"shipping-taxable","12":"product-type-simple"},"acf":{"bike_features":null,"overview":{"copy_overview":null,"key_features":null,"statement":"","youtube_url":""}},"yoast_head":"<!-- This site is optimized with the Yoast SEO plugin v27.3 - https:\/\/yoast.com\/product\/yoast-seo-wordpress\/ -->\n<title>Cable for Rack Battery 1100 mm (BCH221) - VM Sport<\/title>\n<meta name=\"robots\" content=\"index, follow, max-snippet:-1, max-image-preview:large, max-video-preview:-1\" \/>\n<link rel=\"canonical\" href=\"https:\/\/vmsport.fi\/sv\/webbutik\/reservdelar\/delar-av-sagbockar\/tillbehor-till-sagbock\/kabel-for-rackbatteri-1100-mm-bch221\/\" \/>\n<meta property=\"og:locale\" content=\"sv_SE\" \/>\n<meta property=\"og:type\" content=\"article\" \/>\n<meta property=\"og:title\" content=\"Cable for Rack Battery 1100 mm (BCH221) - VM Sport\" \/>\n<meta property=\"og:description\" content=\"T\u00e4m\u00e4 1100 mm pitk\u00e4 kaapeli, joka tunnetaan mallinimell\u00e4 BCH221, on varta vasten suunniteltu telineakkuihin. Se takaa luotettavan liit\u00e4nn\u00e4n ja tehokkaan virransiirron. Erinomainen valinta, erityisesti rack-j\u00e4rjestelmiin, t\u00e4m\u00e4 kaapeli tarjoaa kest\u00e4vyytt\u00e4 ja joustavuutta, mik\u00e4 tekee asennuksesta helppoa. Korkealaatuisista materiaaleista valmistettuna se s\u00e4ilytt\u00e4\u00e4 suorituskykyns\u00e4 vaativissakin olosuhteissa. Sen huolellinen suunnittelu tukee ihanteellista kaapelointia, mist\u00e4 on erityist\u00e4 hy\u00f6ty\u00e4 ahtaissa asennusymp\u00e4rist\u00f6iss\u00e4. [...]L\u00e4s mer \u2026 from Cable for Rack Battery 1100 mm (BCH221)\" \/>\n<meta property=\"og:url\" content=\"https:\/\/vmsport.fi\/sv\/webbutik\/reservdelar\/delar-av-sagbockar\/tillbehor-till-sagbock\/kabel-for-rackbatteri-1100-mm-bch221\/\" \/>\n<meta property=\"og:site_name\" content=\"VM Sport\" \/>\n<meta property=\"article:publisher\" content=\"https:\/\/www.facebook.com\/Vmsport.fi\/\" \/>\n<meta property=\"article:modified_time\" content=\"2026-01-16T11:23:11+00:00\" \/>\n<meta property=\"og:image\" content=\"https:\/\/vmsport.fi\/wp-content\/uploads\/2025\/03\/2100602-1200Wx1200H-1.jpg\" \/>\n\t<meta property=\"og:image:width\" content=\"1000\" \/>\n\t<meta property=\"og:image:height\" content=\"1000\" \/>\n\t<meta property=\"og:image:type\" content=\"image\/jpeg\" \/>\n<meta name=\"twitter:card\" content=\"summary_large_image\" \/>\n<script type=\"application\/ld+json\" class=\"yoast-schema-graph\">{\"@context\":\"https:\\\/\\\/schema.org\",\"@graph\":[{\"@type\":[\"WebPage\",\"ItemPage\"],\"@id\":\"https:\\\/\\\/vmsport.fi\\\/verkkokauppa\\\/varaosat\\\/sahkopyorien-osat\\\/sahkopyora-tarvikkeet\\\/cable-for-rack-battery-1100-mm-bch221\\\/\",\"url\":\"https:\\\/\\\/vmsport.fi\\\/verkkokauppa\\\/varaosat\\\/sahkopyorien-osat\\\/sahkopyora-tarvikkeet\\\/cable-for-rack-battery-1100-mm-bch221\\\/\",\"name\":\"Cable for Rack Battery 1100 mm (BCH221) - VM Sport\",\"isPartOf\":{\"@id\":\"https:\\\/\\\/vmsport.fi\\\/#website\"},\"primaryImageOfPage\":{\"@id\":\"https:\\\/\\\/vmsport.fi\\\/verkkokauppa\\\/varaosat\\\/sahkopyorien-osat\\\/sahkopyora-tarvikkeet\\\/cable-for-rack-battery-1100-mm-bch221\\\/#primaryimage\"},\"image\":{\"@id\":\"https:\\\/\\\/vmsport.fi\\\/verkkokauppa\\\/varaosat\\\/sahkopyorien-osat\\\/sahkopyora-tarvikkeet\\\/cable-for-rack-battery-1100-mm-bch221\\\/#primaryimage\"},\"thumbnailUrl\":\"https:\\\/\\\/vmsport.fi\\\/wp-content\\\/uploads\\\/2025\\\/03\\\/2100602-1200Wx1200H-1.jpg\",\"datePublished\":\"2025-03-05T21:32:56+00:00\",\"dateModified\":\"2026-01-16T11:23:11+00:00\",\"breadcrumb\":{\"@id\":\"https:\\\/\\\/vmsport.fi\\\/verkkokauppa\\\/varaosat\\\/sahkopyorien-osat\\\/sahkopyora-tarvikkeet\\\/cable-for-rack-battery-1100-mm-bch221\\\/#breadcrumb\"},\"inLanguage\":\"sv-SE\",\"potentialAction\":[{\"@type\":\"ReadAction\",\"target\":[\"https:\\\/\\\/vmsport.fi\\\/verkkokauppa\\\/varaosat\\\/sahkopyorien-osat\\\/sahkopyora-tarvikkeet\\\/cable-for-rack-battery-1100-mm-bch221\\\/\"]}]},{\"@type\":\"ImageObject\",\"inLanguage\":\"sv-SE\",\"@id\":\"https:\\\/\\\/vmsport.fi\\\/verkkokauppa\\\/varaosat\\\/sahkopyorien-osat\\\/sahkopyora-tarvikkeet\\\/cable-for-rack-battery-1100-mm-bch221\\\/#primaryimage\",\"url\":\"https:\\\/\\\/vmsport.fi\\\/wp-content\\\/uploads\\\/2025\\\/03\\\/2100602-1200Wx1200H-1.jpg\",\"contentUrl\":\"https:\\\/\\\/vmsport.fi\\\/wp-content\\\/uploads\\\/2025\\\/03\\\/2100602-1200Wx1200H-1.jpg\",\"width\":1000,\"height\":1000,\"caption\":\"2100602-1200Wx1200H\"},{\"@type\":\"BreadcrumbList\",\"@id\":\"https:\\\/\\\/vmsport.fi\\\/verkkokauppa\\\/varaosat\\\/sahkopyorien-osat\\\/sahkopyora-tarvikkeet\\\/cable-for-rack-battery-1100-mm-bch221\\\/#breadcrumb\",\"itemListElement\":[{\"@type\":\"ListItem\",\"position\":1,\"name\":\"Etusivu\",\"item\":\"https:\\\/\\\/vmsport.fi\\\/\"},{\"@type\":\"ListItem\",\"position\":2,\"name\":\"Online Store\",\"item\":\"https:\\\/\\\/vmsport.fi\\\/en\\\/online-store\\\/\"},{\"@type\":\"ListItem\",\"position\":3,\"name\":\"Cable for Rack Battery 1100 mm (BCH221)\"}]},{\"@type\":\"WebSite\",\"@id\":\"https:\\\/\\\/vmsport.fi\\\/#website\",\"url\":\"https:\\\/\\\/vmsport.fi\\\/\",\"name\":\"Vmsport\",\"description\":\"Kaikki py\u00f6r\u00e4ilyyn yhdest\u00e4 paikasta\",\"publisher\":{\"@id\":\"https:\\\/\\\/vmsport.fi\\\/#organization\"},\"potentialAction\":[{\"@type\":\"SearchAction\",\"target\":{\"@type\":\"EntryPoint\",\"urlTemplate\":\"https:\\\/\\\/vmsport.fi\\\/?s={search_term_string}\"},\"query-input\":{\"@type\":\"PropertyValueSpecification\",\"valueRequired\":true,\"valueName\":\"search_term_string\"}}],\"inLanguage\":\"sv-SE\"},{\"@type\":\"Organization\",\"@id\":\"https:\\\/\\\/vmsport.fi\\\/#organization\",\"name\":\"Vmsport\",\"url\":\"https:\\\/\\\/vmsport.fi\\\/\",\"logo\":{\"@type\":\"ImageObject\",\"inLanguage\":\"sv-SE\",\"@id\":\"https:\\\/\\\/vmsport.fi\\\/#\\\/schema\\\/logo\\\/image\\\/\",\"url\":\"https:\\\/\\\/vmsport.fi\\\/wp-content\\\/uploads\\\/2024\\\/12\\\/vm_sport_RGB_horisontal-e1734526017575.png\",\"contentUrl\":\"https:\\\/\\\/vmsport.fi\\\/wp-content\\\/uploads\\\/2024\\\/12\\\/vm_sport_RGB_horisontal-e1734526017575.png\",\"width\":668,\"height\":85,\"caption\":\"Vmsport\"},\"image\":{\"@id\":\"https:\\\/\\\/vmsport.fi\\\/#\\\/schema\\\/logo\\\/image\\\/\"},\"sameAs\":[\"https:\\\/\\\/www.facebook.com\\\/Vmsport.fi\\\/\",\"https:\\\/\\\/www.instagram.com\\\/vmsport\\\/\"]}]}<\/script>\n<!-- \/ Yoast SEO plugin. -->","yoast_head_json":{"title":"Kabel f\u00f6r batterirack 1100 mm (BCH221) - VM Sport","robots":{"index":"index","follow":"follow","max-snippet":"max-snippet:-1","max-image-preview":"max-image-preview:large","max-video-preview":"max-video-preview:-1"},"canonical":"https:\/\/vmsport.fi\/sv\/webbutik\/reservdelar\/delar-av-sagbockar\/tillbehor-till-sagbock\/kabel-for-rackbatteri-1100-mm-bch221\/","og_locale":"sv_SE","og_type":"article","og_title":"Cable for Rack Battery 1100 mm (BCH221) - VM Sport","og_description":"T\u00e4m\u00e4 1100 mm pitk\u00e4 kaapeli, joka tunnetaan mallinimell\u00e4 BCH221, on varta vasten suunniteltu telineakkuihin. Se takaa luotettavan liit\u00e4nn\u00e4n ja tehokkaan virransiirron. Erinomainen valinta, erityisesti rack-j\u00e4rjestelmiin, t\u00e4m\u00e4 kaapeli tarjoaa kest\u00e4vyytt\u00e4 ja joustavuutta, mik\u00e4 tekee asennuksesta helppoa. Korkealaatuisista materiaaleista valmistettuna se s\u00e4ilytt\u00e4\u00e4 suorituskykyns\u00e4 vaativissakin olosuhteissa. Sen huolellinen suunnittelu tukee ihanteellista kaapelointia, mist\u00e4 on erityist\u00e4 hy\u00f6ty\u00e4 ahtaissa asennusymp\u00e4rist\u00f6iss\u00e4. [...]L\u00e4s mer \u2026 from Cable for Rack Battery 1100 mm (BCH221)","og_url":"https:\/\/vmsport.fi\/sv\/webbutik\/reservdelar\/delar-av-sagbockar\/tillbehor-till-sagbock\/kabel-for-rackbatteri-1100-mm-bch221\/","og_site_name":"VM Sport","article_publisher":"https:\/\/www.facebook.com\/Vmsport.fi\/","article_modified_time":"2026-01-16T11:23:11+00:00","og_image":[{"width":1000,"height":1000,"url":"https:\/\/vmsport.fi\/wp-content\/uploads\/2025\/03\/2100602-1200Wx1200H-1.jpg","type":"image\/jpeg"}],"twitter_card":"summary_large_image","schema":{"@context":"https:\/\/schema.org","@graph":[{"@type":["WebPage","ItemPage"],"@id":"https:\/\/vmsport.fi\/verkkokauppa\/varaosat\/sahkopyorien-osat\/sahkopyora-tarvikkeet\/cable-for-rack-battery-1100-mm-bch221\/","url":"https:\/\/vmsport.fi\/verkkokauppa\/varaosat\/sahkopyorien-osat\/sahkopyora-tarvikkeet\/cable-for-rack-battery-1100-mm-bch221\/","name":"Kabel f\u00f6r batterirack 1100 mm (BCH221) - VM Sport","isPartOf":{"@id":"https:\/\/vmsport.fi\/#website"},"primaryImageOfPage":{"@id":"https:\/\/vmsport.fi\/verkkokauppa\/varaosat\/sahkopyorien-osat\/sahkopyora-tarvikkeet\/cable-for-rack-battery-1100-mm-bch221\/#primaryimage"},"image":{"@id":"https:\/\/vmsport.fi\/verkkokauppa\/varaosat\/sahkopyorien-osat\/sahkopyora-tarvikkeet\/cable-for-rack-battery-1100-mm-bch221\/#primaryimage"},"thumbnailUrl":"https:\/\/vmsport.fi\/wp-content\/uploads\/2025\/03\/2100602-1200Wx1200H-1.jpg","datePublished":"2025-03-05T21:32:56+00:00","dateModified":"2026-01-16T11:23:11+00:00","breadcrumb":{"@id":"https:\/\/vmsport.fi\/verkkokauppa\/varaosat\/sahkopyorien-osat\/sahkopyora-tarvikkeet\/cable-for-rack-battery-1100-mm-bch221\/#breadcrumb"},"inLanguage":"sv-SE","potentialAction":[{"@type":"ReadAction","target":["https:\/\/vmsport.fi\/verkkokauppa\/varaosat\/sahkopyorien-osat\/sahkopyora-tarvikkeet\/cable-for-rack-battery-1100-mm-bch221\/"]}]},{"@type":"ImageObject","inLanguage":"sv-SE","@id":"https:\/\/vmsport.fi\/verkkokauppa\/varaosat\/sahkopyorien-osat\/sahkopyora-tarvikkeet\/cable-for-rack-battery-1100-mm-bch221\/#primaryimage","url":"https:\/\/vmsport.fi\/wp-content\/uploads\/2025\/03\/2100602-1200Wx1200H-1.jpg","contentUrl":"https:\/\/vmsport.fi\/wp-content\/uploads\/2025\/03\/2100602-1200Wx1200H-1.jpg","width":1000,"height":1000,"caption":"2100602-1200Wx1200H"},{"@type":"BreadcrumbList","@id":"https:\/\/vmsport.fi\/verkkokauppa\/varaosat\/sahkopyorien-osat\/sahkopyora-tarvikkeet\/cable-for-rack-battery-1100-mm-bch221\/#breadcrumb","itemListElement":[{"@type":"ListItem","position":1,"name":"Etusivu","item":"https:\/\/vmsport.fi\/"},{"@type":"ListItem","position":2,"name":"Online Store","item":"https:\/\/vmsport.fi\/en\/online-store\/"},{"@type":"ListItem","position":3,"name":"Cable for Rack Battery 1100 mm (BCH221)"}]},{"@type":"WebSite","@id":"https:\/\/vmsport.fi\/#website","url":"https:\/\/vmsport.fi\/","name":"Vmsport","description":"Allt p\u00e5 ett st\u00e4lle f\u00f6r cykling","publisher":{"@id":"https:\/\/vmsport.fi\/#organization"},"potentialAction":[{"@type":"SearchAction","target":{"@type":"EntryPoint","urlTemplate":"https:\/\/vmsport.fi\/?s={search_term_string}"},"query-input":{"@type":"PropertyValueSpecification","valueRequired":true,"valueName":"search_term_string"}}],"inLanguage":"sv-SE"},{"@type":"Organization","@id":"https:\/\/vmsport.fi\/#organization","name":"Vmsport","url":"https:\/\/vmsport.fi\/","logo":{"@type":"ImageObject","inLanguage":"sv-SE","@id":"https:\/\/vmsport.fi\/#\/schema\/logo\/image\/","url":"https:\/\/vmsport.fi\/wp-content\/uploads\/2024\/12\/vm_sport_RGB_horisontal-e1734526017575.png","contentUrl":"https:\/\/vmsport.fi\/wp-content\/uploads\/2024\/12\/vm_sport_RGB_horisontal-e1734526017575.png","width":668,"height":85,"caption":"Vmsport"},"image":{"@id":"https:\/\/vmsport.fi\/#\/schema\/logo\/image\/"},"sameAs":["https:\/\/www.facebook.com\/Vmsport.fi\/","https:\/\/www.instagram.com\/vmsport\/"]}]}},"global_unique_id":"","_links":{"self":[{"href":"https:\/\/vmsport.fi\/sv\/wp-json\/wp\/v2\/product\/52668","targetHints":{"allow":["GET"]}}],"collection":[{"href":"https:\/\/vmsport.fi\/sv\/wp-json\/wp\/v2\/product"}],"about":[{"href":"https:\/\/vmsport.fi\/sv\/wp-json\/wp\/v2\/types\/product"}],"replies":[{"embeddable":true,"href":"https:\/\/vmsport.fi\/sv\/wp-json\/wp\/v2\/comments?post=52668"}],"wp:featuredmedia":[{"embeddable":true,"href":"https:\/\/vmsport.fi\/sv\/wp-json\/wp\/v2\/media\/52667"}],"wp:attachment":[{"href":"https:\/\/vmsport.fi\/sv\/wp-json\/wp\/v2\/media?parent=52668"}],"wp:term":[{"taxonomy":"product_brand","embeddable":true,"href":"https:\/\/vmsport.fi\/sv\/wp-json\/wp\/v2\/product_brand?post=52668"},{"taxonomy":"product_model","embeddable":true,"href":"https:\/\/vmsport.fi\/sv\/wp-json\/wp\/v2\/product_model?post=52668"},{"taxonomy":"product_cat","embeddable":true,"href":"https:\/\/vmsport.fi\/sv\/wp-json\/wp\/v2\/product_cat?post=52668"},{"taxonomy":"product_tag","embeddable":true,"href":"https:\/\/vmsport.fi\/sv\/wp-json\/wp\/v2\/product_tag?post=52668"},{"taxonomy":"industry_terminology","embeddable":true,"href":"https:\/\/vmsport.fi\/sv\/wp-json\/wp\/v2\/industry-terminology?post=52668"}],"curies":[{"name":"wp","href":"https:\/\/api.w.org\/{rel}","templated":true}]}}