{"id":52666,"date":"2025-03-05T23:32:55","date_gmt":"2025-03-05T21:32:55","guid":{"rendered":"https:\/\/vmsport.fi\/verkkokauppa\/Ei-luokiteltu\/xlc-seatpost-suspension-sp-s11-350-mm-o316-mm-black\/"},"modified":"2026-01-16T13:20:40","modified_gmt":"2026-01-16T11:20:40","slug":"xlc-sadelstolpe-fjadring-sp-s11-350-mm-o316-mm-svart","status":"publish","type":"product","link":"https:\/\/vmsport.fi\/sv\/verkkokauppa\/varaosat\/satulat-ja-satulatolpat\/satulatolpat-ja-hissitolpat\/xlc-seatpost-suspension-sp-s11-350-mm-o316-mm-black\/","title":{"rendered":"XLC Sadelstolpe fj\u00e4dring SP-S11 350 mm \u00d831,6 mm Svart"},"content":{"rendered":"<p>Fj\u00e4dringen i XLC SP-S11-sadelpadden f\u00f6rb\u00e4ttrar \u00e5kkomforten, s\u00e4rskilt p\u00e5 oj\u00e4mna v\u00e4gar, genom att absorbera st\u00f6tar. L\u00e4ngden p\u00e5 350 mm m\u00f6jligg\u00f6r ett l\u00e4mpligt justeringsomr\u00e5de f\u00f6r flera hjul, medan diametern p\u00e5 31,6 mm passar den allm\u00e4nna stavstorleken. Produkten st\u00f6der cyklister som beh\u00f6ver fj\u00e4dring och uppskattar att den \u00e4r enkel att montera p\u00e5 kompatibla ramar.<\/p>","protected":false},"excerpt":{"rendered":"<p>Sis\u00e4\u00e4nrakennettu jousitus ja 350 mm pituus parantavat mukavuutta sek\u00e4 s\u00e4\u00e4t\u00f6varaa 31,6 mm satulaputkiin. [&#8230;]<\/p>\n<p><a class=\"btn btn-secondary understrap-read-more-link\" href=\"https:\/\/vmsport.fi\/sv\/verkkokauppa\/varaosat\/satulat-ja-satulatolpat\/satulatolpat-ja-hissitolpat\/xlc-seatpost-suspension-sp-s11-350-mm-o316-mm-black\/\">L\u00e4s mer \u2026<span class=\"screen-reader-text\"> from XLC Seatpost suspension SP-S11 350 mm \u00d831,6 mm Black<\/span><\/a><\/p>\n","protected":false},"featured_media":52665,"comment_status":"open","ping_status":"closed","template":"","meta":{"_acf_changed":false,"_improvement_type_select":"improve_an_existing","_thumb_yes_seoaic":false,"_frame_yes_seoaic":false,"seoaic_generate_description":"","seoaic_improve_instructions_prompt":"","seoaic_rollback_content_improvement":"","seoaic_idea_thumbnail_generator":"","thumbnail_generated":false,"thumbnail_generate_prompt":"","seoaic_article_description":"","_supplier_stock_quantity":0},"product_brand":[],"product_model":[],"product_cat":[9424],"product_tag":[],"industry-terminology":[],"class_list":{"0":"post-52666","1":"product","2":"type-product","3":"status-publish","4":"has-post-thumbnail","6":"product_cat-satulatolpat-ja-hissitolpat","8":"first","9":"outofstock","10":"taxable","11":"shipping-taxable","12":"product-type-simple"},"acf":{"bike_features":null,"overview":{"copy_overview":null,"key_features":null,"statement":"","youtube_url":""}},"yoast_head":"<!-- This site is optimized with the Yoast SEO plugin v27.3 - https:\/\/yoast.com\/product\/yoast-seo-wordpress\/ -->\n<title>XLC Seatpost suspension SP-S11 350 mm \u00d831,6 mm Black - VM Sport<\/title>\n<meta name=\"robots\" content=\"index, follow, max-snippet:-1, max-image-preview:large, max-video-preview:-1\" \/>\n<link rel=\"canonical\" href=\"https:\/\/vmsport.fi\/sv\/webbutik\/reservdelar\/sadlar-och-sadelstolpar\/sadelstolpar-och-lyftmaster\/xlc-sadelstolpe-fjadring-sp-s11-350-mm-o316-mm-svart\/\" \/>\n<meta property=\"og:locale\" content=\"sv_SE\" \/>\n<meta property=\"og:type\" content=\"article\" \/>\n<meta property=\"og:title\" content=\"XLC Seatpost suspension SP-S11 350 mm \u00d831,6 mm Black - VM Sport\" \/>\n<meta property=\"og:description\" content=\"Sis\u00e4\u00e4nrakennettu jousitus ja 350 mm pituus parantavat mukavuutta sek\u00e4 s\u00e4\u00e4t\u00f6varaa 31,6 mm satulaputkiin. [...]L\u00e4s mer \u2026 from XLC Seatpost suspension SP-S11 350 mm \u00d831,6 mm Black\" \/>\n<meta property=\"og:url\" content=\"https:\/\/vmsport.fi\/sv\/webbutik\/reservdelar\/sadlar-och-sadelstolpar\/sadelstolpar-och-lyftmaster\/xlc-sadelstolpe-fjadring-sp-s11-350-mm-o316-mm-svart\/\" \/>\n<meta property=\"og:site_name\" content=\"VM Sport\" \/>\n<meta property=\"article:publisher\" content=\"https:\/\/www.facebook.com\/Vmsport.fi\/\" \/>\n<meta property=\"article:modified_time\" content=\"2026-01-16T11:20:40+00:00\" \/>\n<meta property=\"og:image\" content=\"https:\/\/vmsport.fi\/wp-content\/uploads\/2025\/03\/lWHlKljjy1r7Wj0QWk37Bn9UkdbyxyNkUpEL6TO1BnXpcOzEoC-1.jpg\" \/>\n\t<meta property=\"og:image:width\" content=\"712\" \/>\n\t<meta property=\"og:image:height\" content=\"712\" \/>\n\t<meta property=\"og:image:type\" content=\"image\/jpeg\" \/>\n<meta name=\"twitter:card\" content=\"summary_large_image\" \/>\n<script type=\"application\/ld+json\" class=\"yoast-schema-graph\">{\"@context\":\"https:\\\/\\\/schema.org\",\"@graph\":[{\"@type\":[\"WebPage\",\"ItemPage\"],\"@id\":\"https:\\\/\\\/vmsport.fi\\\/verkkokauppa\\\/varaosat\\\/satulat-ja-satulatolpat\\\/satulatolpat-ja-hissitolpat\\\/xlc-seatpost-suspension-sp-s11-350-mm-o316-mm-black\\\/\",\"url\":\"https:\\\/\\\/vmsport.fi\\\/verkkokauppa\\\/varaosat\\\/satulat-ja-satulatolpat\\\/satulatolpat-ja-hissitolpat\\\/xlc-seatpost-suspension-sp-s11-350-mm-o316-mm-black\\\/\",\"name\":\"XLC Seatpost suspension SP-S11 350 mm \u00d831,6 mm Black - VM Sport\",\"isPartOf\":{\"@id\":\"https:\\\/\\\/vmsport.fi\\\/#website\"},\"primaryImageOfPage\":{\"@id\":\"https:\\\/\\\/vmsport.fi\\\/verkkokauppa\\\/varaosat\\\/satulat-ja-satulatolpat\\\/satulatolpat-ja-hissitolpat\\\/xlc-seatpost-suspension-sp-s11-350-mm-o316-mm-black\\\/#primaryimage\"},\"image\":{\"@id\":\"https:\\\/\\\/vmsport.fi\\\/verkkokauppa\\\/varaosat\\\/satulat-ja-satulatolpat\\\/satulatolpat-ja-hissitolpat\\\/xlc-seatpost-suspension-sp-s11-350-mm-o316-mm-black\\\/#primaryimage\"},\"thumbnailUrl\":\"https:\\\/\\\/vmsport.fi\\\/wp-content\\\/uploads\\\/2025\\\/03\\\/lWHlKljjy1r7Wj0QWk37Bn9UkdbyxyNkUpEL6TO1BnXpcOzEoC-1.jpg\",\"datePublished\":\"2025-03-05T21:32:55+00:00\",\"dateModified\":\"2026-01-16T11:20:40+00:00\",\"breadcrumb\":{\"@id\":\"https:\\\/\\\/vmsport.fi\\\/verkkokauppa\\\/varaosat\\\/satulat-ja-satulatolpat\\\/satulatolpat-ja-hissitolpat\\\/xlc-seatpost-suspension-sp-s11-350-mm-o316-mm-black\\\/#breadcrumb\"},\"inLanguage\":\"sv-SE\",\"potentialAction\":[{\"@type\":\"ReadAction\",\"target\":[\"https:\\\/\\\/vmsport.fi\\\/verkkokauppa\\\/varaosat\\\/satulat-ja-satulatolpat\\\/satulatolpat-ja-hissitolpat\\\/xlc-seatpost-suspension-sp-s11-350-mm-o316-mm-black\\\/\"]}]},{\"@type\":\"ImageObject\",\"inLanguage\":\"sv-SE\",\"@id\":\"https:\\\/\\\/vmsport.fi\\\/verkkokauppa\\\/varaosat\\\/satulat-ja-satulatolpat\\\/satulatolpat-ja-hissitolpat\\\/xlc-seatpost-suspension-sp-s11-350-mm-o316-mm-black\\\/#primaryimage\",\"url\":\"https:\\\/\\\/vmsport.fi\\\/wp-content\\\/uploads\\\/2025\\\/03\\\/lWHlKljjy1r7Wj0QWk37Bn9UkdbyxyNkUpEL6TO1BnXpcOzEoC-1.jpg\",\"contentUrl\":\"https:\\\/\\\/vmsport.fi\\\/wp-content\\\/uploads\\\/2025\\\/03\\\/lWHlKljjy1r7Wj0QWk37Bn9UkdbyxyNkUpEL6TO1BnXpcOzEoC-1.jpg\",\"width\":712,\"height\":712,\"caption\":\"lWHlKljjy1r7Wj0QWk37Bn9UkdbyxyNkUpEL6TO1BnXpcOzEoC\"},{\"@type\":\"BreadcrumbList\",\"@id\":\"https:\\\/\\\/vmsport.fi\\\/verkkokauppa\\\/varaosat\\\/satulat-ja-satulatolpat\\\/satulatolpat-ja-hissitolpat\\\/xlc-seatpost-suspension-sp-s11-350-mm-o316-mm-black\\\/#breadcrumb\",\"itemListElement\":[{\"@type\":\"ListItem\",\"position\":1,\"name\":\"Etusivu\",\"item\":\"https:\\\/\\\/vmsport.fi\\\/\"},{\"@type\":\"ListItem\",\"position\":2,\"name\":\"Online Store\",\"item\":\"https:\\\/\\\/vmsport.fi\\\/en\\\/online-store\\\/\"},{\"@type\":\"ListItem\",\"position\":3,\"name\":\"XLC Seatpost suspension SP-S11 350 mm \u00d831,6 mm Black\"}]},{\"@type\":\"WebSite\",\"@id\":\"https:\\\/\\\/vmsport.fi\\\/#website\",\"url\":\"https:\\\/\\\/vmsport.fi\\\/\",\"name\":\"Vmsport\",\"description\":\"Kaikki py\u00f6r\u00e4ilyyn yhdest\u00e4 paikasta\",\"publisher\":{\"@id\":\"https:\\\/\\\/vmsport.fi\\\/#organization\"},\"potentialAction\":[{\"@type\":\"SearchAction\",\"target\":{\"@type\":\"EntryPoint\",\"urlTemplate\":\"https:\\\/\\\/vmsport.fi\\\/?s={search_term_string}\"},\"query-input\":{\"@type\":\"PropertyValueSpecification\",\"valueRequired\":true,\"valueName\":\"search_term_string\"}}],\"inLanguage\":\"sv-SE\"},{\"@type\":\"Organization\",\"@id\":\"https:\\\/\\\/vmsport.fi\\\/#organization\",\"name\":\"Vmsport\",\"url\":\"https:\\\/\\\/vmsport.fi\\\/\",\"logo\":{\"@type\":\"ImageObject\",\"inLanguage\":\"sv-SE\",\"@id\":\"https:\\\/\\\/vmsport.fi\\\/#\\\/schema\\\/logo\\\/image\\\/\",\"url\":\"https:\\\/\\\/vmsport.fi\\\/wp-content\\\/uploads\\\/2024\\\/12\\\/vm_sport_RGB_horisontal-e1734526017575.png\",\"contentUrl\":\"https:\\\/\\\/vmsport.fi\\\/wp-content\\\/uploads\\\/2024\\\/12\\\/vm_sport_RGB_horisontal-e1734526017575.png\",\"width\":668,\"height\":85,\"caption\":\"Vmsport\"},\"image\":{\"@id\":\"https:\\\/\\\/vmsport.fi\\\/#\\\/schema\\\/logo\\\/image\\\/\"},\"sameAs\":[\"https:\\\/\\\/www.facebook.com\\\/Vmsport.fi\\\/\",\"https:\\\/\\\/www.instagram.com\\\/vmsport\\\/\"]}]}<\/script>\n<!-- \/ Yoast SEO plugin. -->","yoast_head_json":{"title":"XLC Sadelstolpe fj\u00e4dring SP-S11 350 mm \u00d831,6 mm Svart - VM Sport","robots":{"index":"index","follow":"follow","max-snippet":"max-snippet:-1","max-image-preview":"max-image-preview:large","max-video-preview":"max-video-preview:-1"},"canonical":"https:\/\/vmsport.fi\/sv\/webbutik\/reservdelar\/sadlar-och-sadelstolpar\/sadelstolpar-och-lyftmaster\/xlc-sadelstolpe-fjadring-sp-s11-350-mm-o316-mm-svart\/","og_locale":"sv_SE","og_type":"article","og_title":"XLC Seatpost suspension SP-S11 350 mm \u00d831,6 mm Black - VM Sport","og_description":"Sis\u00e4\u00e4nrakennettu jousitus ja 350 mm pituus parantavat mukavuutta sek\u00e4 s\u00e4\u00e4t\u00f6varaa 31,6 mm satulaputkiin. [...]L\u00e4s mer \u2026 from XLC Seatpost suspension SP-S11 350 mm \u00d831,6 mm Black","og_url":"https:\/\/vmsport.fi\/sv\/webbutik\/reservdelar\/sadlar-och-sadelstolpar\/sadelstolpar-och-lyftmaster\/xlc-sadelstolpe-fjadring-sp-s11-350-mm-o316-mm-svart\/","og_site_name":"VM Sport","article_publisher":"https:\/\/www.facebook.com\/Vmsport.fi\/","article_modified_time":"2026-01-16T11:20:40+00:00","og_image":[{"width":712,"height":712,"url":"https:\/\/vmsport.fi\/wp-content\/uploads\/2025\/03\/lWHlKljjy1r7Wj0QWk37Bn9UkdbyxyNkUpEL6TO1BnXpcOzEoC-1.jpg","type":"image\/jpeg"}],"twitter_card":"summary_large_image","schema":{"@context":"https:\/\/schema.org","@graph":[{"@type":["WebPage","ItemPage"],"@id":"https:\/\/vmsport.fi\/verkkokauppa\/varaosat\/satulat-ja-satulatolpat\/satulatolpat-ja-hissitolpat\/xlc-seatpost-suspension-sp-s11-350-mm-o316-mm-black\/","url":"https:\/\/vmsport.fi\/verkkokauppa\/varaosat\/satulat-ja-satulatolpat\/satulatolpat-ja-hissitolpat\/xlc-seatpost-suspension-sp-s11-350-mm-o316-mm-black\/","name":"XLC Sadelstolpe fj\u00e4dring SP-S11 350 mm \u00d831,6 mm Svart - VM Sport","isPartOf":{"@id":"https:\/\/vmsport.fi\/#website"},"primaryImageOfPage":{"@id":"https:\/\/vmsport.fi\/verkkokauppa\/varaosat\/satulat-ja-satulatolpat\/satulatolpat-ja-hissitolpat\/xlc-seatpost-suspension-sp-s11-350-mm-o316-mm-black\/#primaryimage"},"image":{"@id":"https:\/\/vmsport.fi\/verkkokauppa\/varaosat\/satulat-ja-satulatolpat\/satulatolpat-ja-hissitolpat\/xlc-seatpost-suspension-sp-s11-350-mm-o316-mm-black\/#primaryimage"},"thumbnailUrl":"https:\/\/vmsport.fi\/wp-content\/uploads\/2025\/03\/lWHlKljjy1r7Wj0QWk37Bn9UkdbyxyNkUpEL6TO1BnXpcOzEoC-1.jpg","datePublished":"2025-03-05T21:32:55+00:00","dateModified":"2026-01-16T11:20:40+00:00","breadcrumb":{"@id":"https:\/\/vmsport.fi\/verkkokauppa\/varaosat\/satulat-ja-satulatolpat\/satulatolpat-ja-hissitolpat\/xlc-seatpost-suspension-sp-s11-350-mm-o316-mm-black\/#breadcrumb"},"inLanguage":"sv-SE","potentialAction":[{"@type":"ReadAction","target":["https:\/\/vmsport.fi\/verkkokauppa\/varaosat\/satulat-ja-satulatolpat\/satulatolpat-ja-hissitolpat\/xlc-seatpost-suspension-sp-s11-350-mm-o316-mm-black\/"]}]},{"@type":"ImageObject","inLanguage":"sv-SE","@id":"https:\/\/vmsport.fi\/verkkokauppa\/varaosat\/satulat-ja-satulatolpat\/satulatolpat-ja-hissitolpat\/xlc-seatpost-suspension-sp-s11-350-mm-o316-mm-black\/#primaryimage","url":"https:\/\/vmsport.fi\/wp-content\/uploads\/2025\/03\/lWHlKljjy1r7Wj0QWk37Bn9UkdbyxyNkUpEL6TO1BnXpcOzEoC-1.jpg","contentUrl":"https:\/\/vmsport.fi\/wp-content\/uploads\/2025\/03\/lWHlKljjy1r7Wj0QWk37Bn9UkdbyxyNkUpEL6TO1BnXpcOzEoC-1.jpg","width":712,"height":712,"caption":"lWHlKljjy1r7Wj0QWk37Bn9UkdbyxyNkUpEL6TO1BnXpcOzEoC"},{"@type":"BreadcrumbList","@id":"https:\/\/vmsport.fi\/verkkokauppa\/varaosat\/satulat-ja-satulatolpat\/satulatolpat-ja-hissitolpat\/xlc-seatpost-suspension-sp-s11-350-mm-o316-mm-black\/#breadcrumb","itemListElement":[{"@type":"ListItem","position":1,"name":"Etusivu","item":"https:\/\/vmsport.fi\/"},{"@type":"ListItem","position":2,"name":"Online Store","item":"https:\/\/vmsport.fi\/en\/online-store\/"},{"@type":"ListItem","position":3,"name":"XLC Seatpost suspension SP-S11 350 mm \u00d831,6 mm Black"}]},{"@type":"WebSite","@id":"https:\/\/vmsport.fi\/#website","url":"https:\/\/vmsport.fi\/","name":"Vmsport","description":"Allt p\u00e5 ett st\u00e4lle f\u00f6r cykling","publisher":{"@id":"https:\/\/vmsport.fi\/#organization"},"potentialAction":[{"@type":"SearchAction","target":{"@type":"EntryPoint","urlTemplate":"https:\/\/vmsport.fi\/?s={search_term_string}"},"query-input":{"@type":"PropertyValueSpecification","valueRequired":true,"valueName":"search_term_string"}}],"inLanguage":"sv-SE"},{"@type":"Organization","@id":"https:\/\/vmsport.fi\/#organization","name":"Vmsport","url":"https:\/\/vmsport.fi\/","logo":{"@type":"ImageObject","inLanguage":"sv-SE","@id":"https:\/\/vmsport.fi\/#\/schema\/logo\/image\/","url":"https:\/\/vmsport.fi\/wp-content\/uploads\/2024\/12\/vm_sport_RGB_horisontal-e1734526017575.png","contentUrl":"https:\/\/vmsport.fi\/wp-content\/uploads\/2024\/12\/vm_sport_RGB_horisontal-e1734526017575.png","width":668,"height":85,"caption":"Vmsport"},"image":{"@id":"https:\/\/vmsport.fi\/#\/schema\/logo\/image\/"},"sameAs":["https:\/\/www.facebook.com\/Vmsport.fi\/","https:\/\/www.instagram.com\/vmsport\/"]}]}},"global_unique_id":"","_links":{"self":[{"href":"https:\/\/vmsport.fi\/sv\/wp-json\/wp\/v2\/product\/52666","targetHints":{"allow":["GET"]}}],"collection":[{"href":"https:\/\/vmsport.fi\/sv\/wp-json\/wp\/v2\/product"}],"about":[{"href":"https:\/\/vmsport.fi\/sv\/wp-json\/wp\/v2\/types\/product"}],"replies":[{"embeddable":true,"href":"https:\/\/vmsport.fi\/sv\/wp-json\/wp\/v2\/comments?post=52666"}],"wp:featuredmedia":[{"embeddable":true,"href":"https:\/\/vmsport.fi\/sv\/wp-json\/wp\/v2\/media\/52665"}],"wp:attachment":[{"href":"https:\/\/vmsport.fi\/sv\/wp-json\/wp\/v2\/media?parent=52666"}],"wp:term":[{"taxonomy":"product_brand","embeddable":true,"href":"https:\/\/vmsport.fi\/sv\/wp-json\/wp\/v2\/product_brand?post=52666"},{"taxonomy":"product_model","embeddable":true,"href":"https:\/\/vmsport.fi\/sv\/wp-json\/wp\/v2\/product_model?post=52666"},{"taxonomy":"product_cat","embeddable":true,"href":"https:\/\/vmsport.fi\/sv\/wp-json\/wp\/v2\/product_cat?post=52666"},{"taxonomy":"product_tag","embeddable":true,"href":"https:\/\/vmsport.fi\/sv\/wp-json\/wp\/v2\/product_tag?post=52666"},{"taxonomy":"industry_terminology","embeddable":true,"href":"https:\/\/vmsport.fi\/sv\/wp-json\/wp\/v2\/industry-terminology?post=52666"}],"curies":[{"name":"wp","href":"https:\/\/api.w.org\/{rel}","templated":true}]}}