{"id":52653,"date":"2025-03-05T23:32:46","date_gmt":"2025-03-05T21:32:46","guid":{"rendered":"https:\/\/vmsport.fi\/verkkokauppa\/Ei-luokiteltu\/trek-praxis-m30-t47-inboard-bottom-bracket\/"},"modified":"2026-02-28T02:00:16","modified_gmt":"2026-02-28T00:00:16","slug":"trek-praxis-m30-t47-inombordsbottenfaste","status":"publish","type":"product","link":"https:\/\/vmsport.fi\/sv\/verkkokauppa\/varaosat\/voimansiirto\/keskiolaakerit\/trek-praxis-m30-t47-inboard-bottom-bracket\/","title":{"rendered":"Trek Praxis M30 T47 Inombords bottenf\u00e4ste"},"content":{"rendered":"<p>Trek Praxis M30 T47 inombordsbottenf\u00e4ste \u00e4r utformat f\u00f6r att eliminera gnisslande ljud och ge en bekv\u00e4mare cykling. Denna bussning g\u00f6r det m\u00f6jligt att snabbt och enkelt byta lager. Med en bredd p\u00e5 85,5 mm passar den svarta komponenten till inbr\u00e4dningsramar, \u00e4ven om ingen axel ing\u00e5r. Trek, ett respekterat varum\u00e4rke inom cykelindustrin, garanterar produktens tillf\u00f6rlitlighet. Vi rekommenderar att du kontrollerar den aktuella produktinformationen f\u00f6r eventuella tekniska \u00e4ndringar som gjorts av tillverkaren.<\/p>","protected":false},"excerpt":{"rendered":"<p>Trek Praxis M30 T47 Inboard Bottom Bracket on suunniteltu poistamaan kitisev\u00e4t \u00e4\u00e4net, mik\u00e4 parantaa ajomukavuutta. T\u00e4ss\u00e4 v\u00e4liholkissa laakerit voidaan vaihtaa yksinkertaisesti ja nopeasti. Leveydelt\u00e4\u00e4n 85,5 mm oleva musta komponentti sopii inboard-tyyppisiin runkoihin, vaikka mukana ei tule akselia. Trek, joka on arvostettu tuotemerkki py\u00f6r\u00e4ilyn saralla, takaa tuotteen luotettavuuden. Suosittelemme tarkistamaan tuotteen ajankohtaiset tiedot valmistajan mahdollisten teknisten [&#8230;]<\/p>\n<p><a class=\"btn btn-secondary understrap-read-more-link\" href=\"https:\/\/vmsport.fi\/sv\/verkkokauppa\/varaosat\/voimansiirto\/keskiolaakerit\/trek-praxis-m30-t47-inboard-bottom-bracket\/\">L\u00e4s mer \u2026<span class=\"screen-reader-text\"> from Trek Praxis M30 T47 Inboard Bottom Bracket<\/span><\/a><\/p>\n","protected":false},"featured_media":52652,"comment_status":"open","ping_status":"closed","template":"","meta":{"_acf_changed":false,"_improvement_type_select":"improve_an_existing","_thumb_yes_seoaic":false,"_frame_yes_seoaic":false,"seoaic_generate_description":"","seoaic_improve_instructions_prompt":"","seoaic_rollback_content_improvement":"","seoaic_idea_thumbnail_generator":"","thumbnail_generated":false,"thumbnail_generate_prompt":"","seoaic_article_description":"","_supplier_stock_quantity":0},"product_brand":[37],"product_model":[],"product_cat":[9350],"product_tag":[],"industry-terminology":[],"class_list":{"0":"post-52653","1":"product","2":"type-product","3":"status-publish","4":"has-post-thumbnail","6":"product_brand-trek","7":"product_cat-keskiolaakerit","9":"first","10":"instock","11":"taxable","12":"shipping-taxable","13":"purchasable","14":"product-type-simple"},"acf":{"bike_features":null,"overview":{"copy_overview":null,"key_features":null,"statement":"","youtube_url":""}},"yoast_head":"<!-- This site is optimized with the Yoast SEO plugin v27.3 - https:\/\/yoast.com\/product\/yoast-seo-wordpress\/ -->\n<title>Trek Praxis M30 T47 Inboard Bottom Bracket - VM Sport<\/title>\n<meta name=\"robots\" content=\"index, follow, max-snippet:-1, max-image-preview:large, max-video-preview:-1\" \/>\n<link rel=\"canonical\" href=\"https:\/\/vmsport.fi\/sv\/webbutik\/reservdelar\/transmission\/mittlager\/trek-praxis-m30-t47-inombordsbottenfaste\/\" \/>\n<meta property=\"og:locale\" content=\"sv_SE\" \/>\n<meta property=\"og:type\" content=\"article\" \/>\n<meta property=\"og:title\" content=\"Trek Praxis M30 T47 Inboard Bottom Bracket - VM Sport\" \/>\n<meta property=\"og:description\" content=\"Trek Praxis M30 T47 Inboard Bottom Bracket on suunniteltu poistamaan kitisev\u00e4t \u00e4\u00e4net, mik\u00e4 parantaa ajomukavuutta. T\u00e4ss\u00e4 v\u00e4liholkissa laakerit voidaan vaihtaa yksinkertaisesti ja nopeasti. Leveydelt\u00e4\u00e4n 85,5 mm oleva musta komponentti sopii inboard-tyyppisiin runkoihin, vaikka mukana ei tule akselia. Trek, joka on arvostettu tuotemerkki py\u00f6r\u00e4ilyn saralla, takaa tuotteen luotettavuuden. Suosittelemme tarkistamaan tuotteen ajankohtaiset tiedot valmistajan mahdollisten teknisten [...]L\u00e4s mer \u2026 from Trek Praxis M30 T47 Inboard Bottom Bracket\" \/>\n<meta property=\"og:url\" content=\"https:\/\/vmsport.fi\/sv\/webbutik\/reservdelar\/transmission\/mittlager\/trek-praxis-m30-t47-inombordsbottenfaste\/\" \/>\n<meta property=\"og:site_name\" content=\"VM Sport\" \/>\n<meta property=\"article:publisher\" content=\"https:\/\/www.facebook.com\/Vmsport.fi\/\" \/>\n<meta property=\"article:modified_time\" content=\"2026-02-28T00:00:16+00:00\" \/>\n<meta property=\"og:image\" content=\"https:\/\/vmsport.fi\/wp-content\/uploads\/2025\/03\/J4ApggS5AC9gbLNoZdIFRtBw9ZheFzdqltaCwKXdyG7NCA6rGA-1.jpg\" \/>\n\t<meta property=\"og:image:width\" content=\"1000\" \/>\n\t<meta property=\"og:image:height\" content=\"750\" \/>\n\t<meta property=\"og:image:type\" content=\"image\/jpeg\" \/>\n<meta name=\"twitter:card\" content=\"summary_large_image\" \/>\n<script type=\"application\/ld+json\" class=\"yoast-schema-graph\">{\"@context\":\"https:\\\/\\\/schema.org\",\"@graph\":[{\"@type\":[\"WebPage\",\"ItemPage\"],\"@id\":\"https:\\\/\\\/vmsport.fi\\\/verkkokauppa\\\/varaosat\\\/voimansiirto\\\/keskiolaakerit\\\/trek-praxis-m30-t47-inboard-bottom-bracket\\\/\",\"url\":\"https:\\\/\\\/vmsport.fi\\\/verkkokauppa\\\/varaosat\\\/voimansiirto\\\/keskiolaakerit\\\/trek-praxis-m30-t47-inboard-bottom-bracket\\\/\",\"name\":\"Trek Praxis M30 T47 Inboard Bottom Bracket - VM Sport\",\"isPartOf\":{\"@id\":\"https:\\\/\\\/vmsport.fi\\\/#website\"},\"primaryImageOfPage\":{\"@id\":\"https:\\\/\\\/vmsport.fi\\\/verkkokauppa\\\/varaosat\\\/voimansiirto\\\/keskiolaakerit\\\/trek-praxis-m30-t47-inboard-bottom-bracket\\\/#primaryimage\"},\"image\":{\"@id\":\"https:\\\/\\\/vmsport.fi\\\/verkkokauppa\\\/varaosat\\\/voimansiirto\\\/keskiolaakerit\\\/trek-praxis-m30-t47-inboard-bottom-bracket\\\/#primaryimage\"},\"thumbnailUrl\":\"https:\\\/\\\/vmsport.fi\\\/wp-content\\\/uploads\\\/2025\\\/03\\\/J4ApggS5AC9gbLNoZdIFRtBw9ZheFzdqltaCwKXdyG7NCA6rGA-1.jpg\",\"datePublished\":\"2025-03-05T21:32:46+00:00\",\"dateModified\":\"2026-02-28T00:00:16+00:00\",\"breadcrumb\":{\"@id\":\"https:\\\/\\\/vmsport.fi\\\/verkkokauppa\\\/varaosat\\\/voimansiirto\\\/keskiolaakerit\\\/trek-praxis-m30-t47-inboard-bottom-bracket\\\/#breadcrumb\"},\"inLanguage\":\"sv-SE\",\"potentialAction\":[{\"@type\":\"ReadAction\",\"target\":[\"https:\\\/\\\/vmsport.fi\\\/verkkokauppa\\\/varaosat\\\/voimansiirto\\\/keskiolaakerit\\\/trek-praxis-m30-t47-inboard-bottom-bracket\\\/\"]}]},{\"@type\":\"ImageObject\",\"inLanguage\":\"sv-SE\",\"@id\":\"https:\\\/\\\/vmsport.fi\\\/verkkokauppa\\\/varaosat\\\/voimansiirto\\\/keskiolaakerit\\\/trek-praxis-m30-t47-inboard-bottom-bracket\\\/#primaryimage\",\"url\":\"https:\\\/\\\/vmsport.fi\\\/wp-content\\\/uploads\\\/2025\\\/03\\\/J4ApggS5AC9gbLNoZdIFRtBw9ZheFzdqltaCwKXdyG7NCA6rGA-1.jpg\",\"contentUrl\":\"https:\\\/\\\/vmsport.fi\\\/wp-content\\\/uploads\\\/2025\\\/03\\\/J4ApggS5AC9gbLNoZdIFRtBw9ZheFzdqltaCwKXdyG7NCA6rGA-1.jpg\",\"width\":1000,\"height\":750,\"caption\":\"J4ApggS5AC9gbLNoZdIFRtBw9ZheFzdqltaCwKXdyG7NCA6rGA\"},{\"@type\":\"BreadcrumbList\",\"@id\":\"https:\\\/\\\/vmsport.fi\\\/verkkokauppa\\\/varaosat\\\/voimansiirto\\\/keskiolaakerit\\\/trek-praxis-m30-t47-inboard-bottom-bracket\\\/#breadcrumb\",\"itemListElement\":[{\"@type\":\"ListItem\",\"position\":1,\"name\":\"Etusivu\",\"item\":\"https:\\\/\\\/vmsport.fi\\\/\"},{\"@type\":\"ListItem\",\"position\":2,\"name\":\"Online Store\",\"item\":\"https:\\\/\\\/vmsport.fi\\\/en\\\/online-store\\\/\"},{\"@type\":\"ListItem\",\"position\":3,\"name\":\"Trek polkupy\u00f6r\u00e4t\",\"item\":\"https:\\\/\\\/vmsport.fi\\\/sv\\\/merkki\\\/trek\\\/\"},{\"@type\":\"ListItem\",\"position\":4,\"name\":\"Trek Praxis M30 T47 Inboard Bottom Bracket\"}]},{\"@type\":\"WebSite\",\"@id\":\"https:\\\/\\\/vmsport.fi\\\/#website\",\"url\":\"https:\\\/\\\/vmsport.fi\\\/\",\"name\":\"Vmsport\",\"description\":\"Kaikki py\u00f6r\u00e4ilyyn yhdest\u00e4 paikasta\",\"publisher\":{\"@id\":\"https:\\\/\\\/vmsport.fi\\\/#organization\"},\"potentialAction\":[{\"@type\":\"SearchAction\",\"target\":{\"@type\":\"EntryPoint\",\"urlTemplate\":\"https:\\\/\\\/vmsport.fi\\\/?s={search_term_string}\"},\"query-input\":{\"@type\":\"PropertyValueSpecification\",\"valueRequired\":true,\"valueName\":\"search_term_string\"}}],\"inLanguage\":\"sv-SE\"},{\"@type\":\"Organization\",\"@id\":\"https:\\\/\\\/vmsport.fi\\\/#organization\",\"name\":\"Vmsport\",\"url\":\"https:\\\/\\\/vmsport.fi\\\/\",\"logo\":{\"@type\":\"ImageObject\",\"inLanguage\":\"sv-SE\",\"@id\":\"https:\\\/\\\/vmsport.fi\\\/#\\\/schema\\\/logo\\\/image\\\/\",\"url\":\"https:\\\/\\\/vmsport.fi\\\/wp-content\\\/uploads\\\/2024\\\/12\\\/vm_sport_RGB_horisontal-e1734526017575.png\",\"contentUrl\":\"https:\\\/\\\/vmsport.fi\\\/wp-content\\\/uploads\\\/2024\\\/12\\\/vm_sport_RGB_horisontal-e1734526017575.png\",\"width\":668,\"height\":85,\"caption\":\"Vmsport\"},\"image\":{\"@id\":\"https:\\\/\\\/vmsport.fi\\\/#\\\/schema\\\/logo\\\/image\\\/\"},\"sameAs\":[\"https:\\\/\\\/www.facebook.com\\\/Vmsport.fi\\\/\",\"https:\\\/\\\/www.instagram.com\\\/vmsport\\\/\"]}]}<\/script>\n<!-- \/ Yoast SEO plugin. -->","yoast_head_json":{"title":"Trek Praxis M30 T47 Inombords bottenf\u00e4ste - VM Sport","robots":{"index":"index","follow":"follow","max-snippet":"max-snippet:-1","max-image-preview":"max-image-preview:large","max-video-preview":"max-video-preview:-1"},"canonical":"https:\/\/vmsport.fi\/sv\/webbutik\/reservdelar\/transmission\/mittlager\/trek-praxis-m30-t47-inombordsbottenfaste\/","og_locale":"sv_SE","og_type":"article","og_title":"Trek Praxis M30 T47 Inboard Bottom Bracket - VM Sport","og_description":"Trek Praxis M30 T47 Inboard Bottom Bracket on suunniteltu poistamaan kitisev\u00e4t \u00e4\u00e4net, mik\u00e4 parantaa ajomukavuutta. T\u00e4ss\u00e4 v\u00e4liholkissa laakerit voidaan vaihtaa yksinkertaisesti ja nopeasti. Leveydelt\u00e4\u00e4n 85,5 mm oleva musta komponentti sopii inboard-tyyppisiin runkoihin, vaikka mukana ei tule akselia. Trek, joka on arvostettu tuotemerkki py\u00f6r\u00e4ilyn saralla, takaa tuotteen luotettavuuden. Suosittelemme tarkistamaan tuotteen ajankohtaiset tiedot valmistajan mahdollisten teknisten [...]L\u00e4s mer \u2026 from Trek Praxis M30 T47 Inboard Bottom Bracket","og_url":"https:\/\/vmsport.fi\/sv\/webbutik\/reservdelar\/transmission\/mittlager\/trek-praxis-m30-t47-inombordsbottenfaste\/","og_site_name":"VM Sport","article_publisher":"https:\/\/www.facebook.com\/Vmsport.fi\/","article_modified_time":"2026-02-28T00:00:16+00:00","og_image":[{"width":1000,"height":750,"url":"https:\/\/vmsport.fi\/wp-content\/uploads\/2025\/03\/J4ApggS5AC9gbLNoZdIFRtBw9ZheFzdqltaCwKXdyG7NCA6rGA-1.jpg","type":"image\/jpeg"}],"twitter_card":"summary_large_image","schema":{"@context":"https:\/\/schema.org","@graph":[{"@type":["WebPage","ItemPage"],"@id":"https:\/\/vmsport.fi\/verkkokauppa\/varaosat\/voimansiirto\/keskiolaakerit\/trek-praxis-m30-t47-inboard-bottom-bracket\/","url":"https:\/\/vmsport.fi\/verkkokauppa\/varaosat\/voimansiirto\/keskiolaakerit\/trek-praxis-m30-t47-inboard-bottom-bracket\/","name":"Trek Praxis M30 T47 Inombords bottenf\u00e4ste - VM Sport","isPartOf":{"@id":"https:\/\/vmsport.fi\/#website"},"primaryImageOfPage":{"@id":"https:\/\/vmsport.fi\/verkkokauppa\/varaosat\/voimansiirto\/keskiolaakerit\/trek-praxis-m30-t47-inboard-bottom-bracket\/#primaryimage"},"image":{"@id":"https:\/\/vmsport.fi\/verkkokauppa\/varaosat\/voimansiirto\/keskiolaakerit\/trek-praxis-m30-t47-inboard-bottom-bracket\/#primaryimage"},"thumbnailUrl":"https:\/\/vmsport.fi\/wp-content\/uploads\/2025\/03\/J4ApggS5AC9gbLNoZdIFRtBw9ZheFzdqltaCwKXdyG7NCA6rGA-1.jpg","datePublished":"2025-03-05T21:32:46+00:00","dateModified":"2026-02-28T00:00:16+00:00","breadcrumb":{"@id":"https:\/\/vmsport.fi\/verkkokauppa\/varaosat\/voimansiirto\/keskiolaakerit\/trek-praxis-m30-t47-inboard-bottom-bracket\/#breadcrumb"},"inLanguage":"sv-SE","potentialAction":[{"@type":"ReadAction","target":["https:\/\/vmsport.fi\/verkkokauppa\/varaosat\/voimansiirto\/keskiolaakerit\/trek-praxis-m30-t47-inboard-bottom-bracket\/"]}]},{"@type":"ImageObject","inLanguage":"sv-SE","@id":"https:\/\/vmsport.fi\/verkkokauppa\/varaosat\/voimansiirto\/keskiolaakerit\/trek-praxis-m30-t47-inboard-bottom-bracket\/#primaryimage","url":"https:\/\/vmsport.fi\/wp-content\/uploads\/2025\/03\/J4ApggS5AC9gbLNoZdIFRtBw9ZheFzdqltaCwKXdyG7NCA6rGA-1.jpg","contentUrl":"https:\/\/vmsport.fi\/wp-content\/uploads\/2025\/03\/J4ApggS5AC9gbLNoZdIFRtBw9ZheFzdqltaCwKXdyG7NCA6rGA-1.jpg","width":1000,"height":750,"caption":"J4ApggS5AC9gbLNoZdIFRtBw9ZheFzdqltaCwKXdyG7NCA6rGA"},{"@type":"BreadcrumbList","@id":"https:\/\/vmsport.fi\/verkkokauppa\/varaosat\/voimansiirto\/keskiolaakerit\/trek-praxis-m30-t47-inboard-bottom-bracket\/#breadcrumb","itemListElement":[{"@type":"ListItem","position":1,"name":"Etusivu","item":"https:\/\/vmsport.fi\/"},{"@type":"ListItem","position":2,"name":"Online Store","item":"https:\/\/vmsport.fi\/en\/online-store\/"},{"@type":"ListItem","position":3,"name":"Trek polkupy\u00f6r\u00e4t","item":"https:\/\/vmsport.fi\/sv\/merkki\/trek\/"},{"@type":"ListItem","position":4,"name":"Trek Praxis M30 T47 Inboard Bottom Bracket"}]},{"@type":"WebSite","@id":"https:\/\/vmsport.fi\/#website","url":"https:\/\/vmsport.fi\/","name":"Vmsport","description":"Allt p\u00e5 ett st\u00e4lle f\u00f6r cykling","publisher":{"@id":"https:\/\/vmsport.fi\/#organization"},"potentialAction":[{"@type":"SearchAction","target":{"@type":"EntryPoint","urlTemplate":"https:\/\/vmsport.fi\/?s={search_term_string}"},"query-input":{"@type":"PropertyValueSpecification","valueRequired":true,"valueName":"search_term_string"}}],"inLanguage":"sv-SE"},{"@type":"Organization","@id":"https:\/\/vmsport.fi\/#organization","name":"Vmsport","url":"https:\/\/vmsport.fi\/","logo":{"@type":"ImageObject","inLanguage":"sv-SE","@id":"https:\/\/vmsport.fi\/#\/schema\/logo\/image\/","url":"https:\/\/vmsport.fi\/wp-content\/uploads\/2024\/12\/vm_sport_RGB_horisontal-e1734526017575.png","contentUrl":"https:\/\/vmsport.fi\/wp-content\/uploads\/2024\/12\/vm_sport_RGB_horisontal-e1734526017575.png","width":668,"height":85,"caption":"Vmsport"},"image":{"@id":"https:\/\/vmsport.fi\/#\/schema\/logo\/image\/"},"sameAs":["https:\/\/www.facebook.com\/Vmsport.fi\/","https:\/\/www.instagram.com\/vmsport\/"]}]}},"global_unique_id":"","_links":{"self":[{"href":"https:\/\/vmsport.fi\/sv\/wp-json\/wp\/v2\/product\/52653","targetHints":{"allow":["GET"]}}],"collection":[{"href":"https:\/\/vmsport.fi\/sv\/wp-json\/wp\/v2\/product"}],"about":[{"href":"https:\/\/vmsport.fi\/sv\/wp-json\/wp\/v2\/types\/product"}],"replies":[{"embeddable":true,"href":"https:\/\/vmsport.fi\/sv\/wp-json\/wp\/v2\/comments?post=52653"}],"wp:featuredmedia":[{"embeddable":true,"href":"https:\/\/vmsport.fi\/sv\/wp-json\/wp\/v2\/media\/52652"}],"wp:attachment":[{"href":"https:\/\/vmsport.fi\/sv\/wp-json\/wp\/v2\/media?parent=52653"}],"wp:term":[{"taxonomy":"product_brand","embeddable":true,"href":"https:\/\/vmsport.fi\/sv\/wp-json\/wp\/v2\/product_brand?post=52653"},{"taxonomy":"product_model","embeddable":true,"href":"https:\/\/vmsport.fi\/sv\/wp-json\/wp\/v2\/product_model?post=52653"},{"taxonomy":"product_cat","embeddable":true,"href":"https:\/\/vmsport.fi\/sv\/wp-json\/wp\/v2\/product_cat?post=52653"},{"taxonomy":"product_tag","embeddable":true,"href":"https:\/\/vmsport.fi\/sv\/wp-json\/wp\/v2\/product_tag?post=52653"},{"taxonomy":"industry_terminology","embeddable":true,"href":"https:\/\/vmsport.fi\/sv\/wp-json\/wp\/v2\/industry-terminology?post=52653"}],"curies":[{"name":"wp","href":"https:\/\/api.w.org\/{rel}","templated":true}]}}