{"id":52649,"date":"2025-03-05T23:32:43","date_gmt":"2025-03-05T21:32:43","guid":{"rendered":"https:\/\/vmsport.fi\/verkkokauppa\/Ei-luokiteltu\/schwalbe-sv17\/"},"modified":"2026-01-16T13:25:04","modified_gmt":"2026-01-16T11:25:04","slug":"schwalbe-sv17","status":"publish","type":"product","link":"https:\/\/vmsport.fi\/sv\/verkkokauppa\/renkaat\/sisarenkaat\/kaupunki-ja-hybridi\/schwalbe-sv17\/","title":{"rendered":"SCHWALBE SV17"},"content":{"rendered":"<p>Schwalbe SV17 sis\u00e4kumi sopii erinomaisesti 700c-kokoisille py\u00f6rille ja on yhteensopiva rengaskokojen 700 x 28-47c kanssa. T\u00e4m\u00e4 monik\u00e4ytt\u00f6inen sis\u00e4kumi toimii hyvin sek\u00e4 maantie- ett\u00e4 sorapy\u00f6riss\u00e4. Valmistettu korkealaatuisesta butyylikumista, se sis\u00e4lt\u00e4\u00e4 my\u00f6s 20 % kierr\u00e4tettyj\u00e4 sis\u00e4kumeja, mik\u00e4 tekee siit\u00e4 ymp\u00e4rist\u00f6yst\u00e4v\u00e4llisen valinnan.<\/p>\n<p>Sen Presta-venttiili on saatavilla 50 mm ja 40 mm pituisena, ja siin\u00e4 on irrotettava ydinkappale, mik\u00e4 helpottaa huoltoa. Tunnettu erinomaisesta ilmatiiveydest\u00e4\u00e4n, Schwalbe SV17 v\u00e4hent\u00e4\u00e4 ilmanpaineen menetyst\u00e4 ja harventaa t\u00e4ytt\u00f6v\u00e4lej\u00e4. Lukuisten laatutestien ansiosta t\u00e4m\u00e4 sis\u00e4kumi tarjoaa turvallisemman ajokokemuksen ja kest\u00e4vyytt\u00e4, mik\u00e4 v\u00e4hent\u00e4\u00e4 puhkeamisia ja venttiilivuotoja. Paino noin 150 grammaa.<\/p>\n<p>K\u00e4ytt\u00e4j\u00e4palautteet korostavat sen helppoa asennusta ja tehokasta ilmanpaineen s\u00e4ilytt\u00e4mist\u00e4, ja se on saanut kiitosta kest\u00e4vyydest\u00e4\u00e4n ja luotettavuudestaan, tehden siit\u00e4 erinomaisen valinnan sis\u00e4kumimarkkinoilla.<\/p>","protected":false},"excerpt":{"rendered":"<p>Schwalbe SV17 sis\u00e4kumi sopii erinomaisesti 700c-kokoisille py\u00f6rille ja on yhteensopiva rengaskokojen 700 x 28-47c kanssa. T\u00e4m\u00e4 monik\u00e4ytt\u00f6inen sis\u00e4kumi toimii hyvin sek\u00e4 maantie- ett\u00e4 sorapy\u00f6riss\u00e4. Valmistettu korkealaatuisesta butyylikumista, se sis\u00e4lt\u00e4\u00e4 my\u00f6s 20 % kierr\u00e4tettyj\u00e4 sis\u00e4kumeja, mik\u00e4 tekee siit\u00e4 ymp\u00e4rist\u00f6yst\u00e4v\u00e4llisen valinnan. Sen Presta-venttiili on saatavilla 50 mm ja 40 mm pituisena, ja siin\u00e4 on irrotettava ydinkappale, mik\u00e4 [&#8230;]<\/p>\n<p><a class=\"btn btn-secondary understrap-read-more-link\" href=\"https:\/\/vmsport.fi\/sv\/verkkokauppa\/renkaat\/sisarenkaat\/kaupunki-ja-hybridi\/schwalbe-sv17\/\">L\u00e4s mer \u2026<span class=\"screen-reader-text\"> from SCHWALBE SV17<\/span><\/a><\/p>\n","protected":false},"featured_media":52648,"comment_status":"open","ping_status":"closed","template":"","meta":{"_acf_changed":false,"_improvement_type_select":"improve_an_existing","_thumb_yes_seoaic":false,"_frame_yes_seoaic":false,"seoaic_generate_description":"","seoaic_improve_instructions_prompt":"","seoaic_rollback_content_improvement":"","seoaic_idea_thumbnail_generator":"","thumbnail_generated":false,"thumbnail_generate_prompt":"","seoaic_article_description":"","_supplier_stock_quantity":0},"product_brand":[],"product_model":[],"product_cat":[9540],"product_tag":[],"industry-terminology":[],"class_list":{"0":"post-52649","1":"product","2":"type-product","3":"status-publish","4":"has-post-thumbnail","6":"product_cat-kaupunki-ja-hybridi","8":"first","9":"outofstock","10":"taxable","11":"shipping-taxable","12":"product-type-simple"},"acf":{"bike_features":null,"overview":{"copy_overview":null,"key_features":null,"statement":"","youtube_url":""}},"yoast_head":"<!-- This site is optimized with the Yoast SEO plugin v27.3 - https:\/\/yoast.com\/product\/yoast-seo-wordpress\/ -->\n<title>SCHWALBE SV17 - VM Sport<\/title>\n<meta name=\"robots\" content=\"index, follow, max-snippet:-1, max-image-preview:large, max-video-preview:-1\" \/>\n<link rel=\"canonical\" href=\"https:\/\/vmsport.fi\/sv\/webbutik\/dack\/systerdack\/urban-och-hybrid\/schwalbe-sv17\/\" \/>\n<meta property=\"og:locale\" content=\"sv_SE\" \/>\n<meta property=\"og:type\" content=\"article\" \/>\n<meta property=\"og:title\" content=\"SCHWALBE SV17 - VM Sport\" \/>\n<meta property=\"og:description\" content=\"Schwalbe SV17 sis\u00e4kumi sopii erinomaisesti 700c-kokoisille py\u00f6rille ja on yhteensopiva rengaskokojen 700 x 28-47c kanssa. T\u00e4m\u00e4 monik\u00e4ytt\u00f6inen sis\u00e4kumi toimii hyvin sek\u00e4 maantie- ett\u00e4 sorapy\u00f6riss\u00e4. Valmistettu korkealaatuisesta butyylikumista, se sis\u00e4lt\u00e4\u00e4 my\u00f6s 20 % kierr\u00e4tettyj\u00e4 sis\u00e4kumeja, mik\u00e4 tekee siit\u00e4 ymp\u00e4rist\u00f6yst\u00e4v\u00e4llisen valinnan. Sen Presta-venttiili on saatavilla 50 mm ja 40 mm pituisena, ja siin\u00e4 on irrotettava ydinkappale, mik\u00e4 [...]L\u00e4s mer \u2026 from SCHWALBE SV17\" \/>\n<meta property=\"og:url\" content=\"https:\/\/vmsport.fi\/sv\/webbutik\/dack\/systerdack\/urban-och-hybrid\/schwalbe-sv17\/\" \/>\n<meta property=\"og:site_name\" content=\"VM Sport\" \/>\n<meta property=\"article:publisher\" content=\"https:\/\/www.facebook.com\/Vmsport.fi\/\" \/>\n<meta property=\"article:modified_time\" content=\"2026-01-16T11:25:04+00:00\" \/>\n<meta property=\"og:image\" content=\"https:\/\/vmsport.fi\/wp-content\/uploads\/2025\/03\/8WOOnBWOzIctWxFcRTR44t4ugEMfeABJzJCaE3WNZfoniLdyiu-1.jpg\" \/>\n\t<meta property=\"og:image:width\" content=\"800\" \/>\n\t<meta property=\"og:image:height\" content=\"800\" \/>\n\t<meta property=\"og:image:type\" content=\"image\/jpeg\" \/>\n<meta name=\"twitter:card\" content=\"summary_large_image\" \/>\n<meta name=\"twitter:label1\" content=\"Ber\u00e4knad l\u00e4stid\" \/>\n\t<meta name=\"twitter:data1\" content=\"1 minut\" \/>\n<script type=\"application\/ld+json\" class=\"yoast-schema-graph\">{\"@context\":\"https:\\\/\\\/schema.org\",\"@graph\":[{\"@type\":[\"WebPage\",\"ItemPage\"],\"@id\":\"https:\\\/\\\/vmsport.fi\\\/verkkokauppa\\\/renkaat\\\/sisarenkaat\\\/kaupunki-ja-hybridi\\\/schwalbe-sv17\\\/\",\"url\":\"https:\\\/\\\/vmsport.fi\\\/verkkokauppa\\\/renkaat\\\/sisarenkaat\\\/kaupunki-ja-hybridi\\\/schwalbe-sv17\\\/\",\"name\":\"SCHWALBE SV17 - VM Sport\",\"isPartOf\":{\"@id\":\"https:\\\/\\\/vmsport.fi\\\/#website\"},\"primaryImageOfPage\":{\"@id\":\"https:\\\/\\\/vmsport.fi\\\/verkkokauppa\\\/renkaat\\\/sisarenkaat\\\/kaupunki-ja-hybridi\\\/schwalbe-sv17\\\/#primaryimage\"},\"image\":{\"@id\":\"https:\\\/\\\/vmsport.fi\\\/verkkokauppa\\\/renkaat\\\/sisarenkaat\\\/kaupunki-ja-hybridi\\\/schwalbe-sv17\\\/#primaryimage\"},\"thumbnailUrl\":\"https:\\\/\\\/vmsport.fi\\\/wp-content\\\/uploads\\\/2025\\\/03\\\/8WOOnBWOzIctWxFcRTR44t4ugEMfeABJzJCaE3WNZfoniLdyiu-1.jpg\",\"datePublished\":\"2025-03-05T21:32:43+00:00\",\"dateModified\":\"2026-01-16T11:25:04+00:00\",\"breadcrumb\":{\"@id\":\"https:\\\/\\\/vmsport.fi\\\/verkkokauppa\\\/renkaat\\\/sisarenkaat\\\/kaupunki-ja-hybridi\\\/schwalbe-sv17\\\/#breadcrumb\"},\"inLanguage\":\"sv-SE\",\"potentialAction\":[{\"@type\":\"ReadAction\",\"target\":[\"https:\\\/\\\/vmsport.fi\\\/verkkokauppa\\\/renkaat\\\/sisarenkaat\\\/kaupunki-ja-hybridi\\\/schwalbe-sv17\\\/\"]}]},{\"@type\":\"ImageObject\",\"inLanguage\":\"sv-SE\",\"@id\":\"https:\\\/\\\/vmsport.fi\\\/verkkokauppa\\\/renkaat\\\/sisarenkaat\\\/kaupunki-ja-hybridi\\\/schwalbe-sv17\\\/#primaryimage\",\"url\":\"https:\\\/\\\/vmsport.fi\\\/wp-content\\\/uploads\\\/2025\\\/03\\\/8WOOnBWOzIctWxFcRTR44t4ugEMfeABJzJCaE3WNZfoniLdyiu-1.jpg\",\"contentUrl\":\"https:\\\/\\\/vmsport.fi\\\/wp-content\\\/uploads\\\/2025\\\/03\\\/8WOOnBWOzIctWxFcRTR44t4ugEMfeABJzJCaE3WNZfoniLdyiu-1.jpg\",\"width\":800,\"height\":800,\"caption\":\"8WOOnBWOzIctWxFcRTR44t4ugEMfeABJzJCaE3WNZfoniLdyiu\"},{\"@type\":\"BreadcrumbList\",\"@id\":\"https:\\\/\\\/vmsport.fi\\\/verkkokauppa\\\/renkaat\\\/sisarenkaat\\\/kaupunki-ja-hybridi\\\/schwalbe-sv17\\\/#breadcrumb\",\"itemListElement\":[{\"@type\":\"ListItem\",\"position\":1,\"name\":\"Etusivu\",\"item\":\"https:\\\/\\\/vmsport.fi\\\/\"},{\"@type\":\"ListItem\",\"position\":2,\"name\":\"Online Store\",\"item\":\"https:\\\/\\\/vmsport.fi\\\/en\\\/online-store\\\/\"},{\"@type\":\"ListItem\",\"position\":3,\"name\":\"SCHWALBE SV17\"}]},{\"@type\":\"WebSite\",\"@id\":\"https:\\\/\\\/vmsport.fi\\\/#website\",\"url\":\"https:\\\/\\\/vmsport.fi\\\/\",\"name\":\"Vmsport\",\"description\":\"Kaikki py\u00f6r\u00e4ilyyn yhdest\u00e4 paikasta\",\"publisher\":{\"@id\":\"https:\\\/\\\/vmsport.fi\\\/#organization\"},\"potentialAction\":[{\"@type\":\"SearchAction\",\"target\":{\"@type\":\"EntryPoint\",\"urlTemplate\":\"https:\\\/\\\/vmsport.fi\\\/?s={search_term_string}\"},\"query-input\":{\"@type\":\"PropertyValueSpecification\",\"valueRequired\":true,\"valueName\":\"search_term_string\"}}],\"inLanguage\":\"sv-SE\"},{\"@type\":\"Organization\",\"@id\":\"https:\\\/\\\/vmsport.fi\\\/#organization\",\"name\":\"Vmsport\",\"url\":\"https:\\\/\\\/vmsport.fi\\\/\",\"logo\":{\"@type\":\"ImageObject\",\"inLanguage\":\"sv-SE\",\"@id\":\"https:\\\/\\\/vmsport.fi\\\/#\\\/schema\\\/logo\\\/image\\\/\",\"url\":\"https:\\\/\\\/vmsport.fi\\\/wp-content\\\/uploads\\\/2024\\\/12\\\/vm_sport_RGB_horisontal-e1734526017575.png\",\"contentUrl\":\"https:\\\/\\\/vmsport.fi\\\/wp-content\\\/uploads\\\/2024\\\/12\\\/vm_sport_RGB_horisontal-e1734526017575.png\",\"width\":668,\"height\":85,\"caption\":\"Vmsport\"},\"image\":{\"@id\":\"https:\\\/\\\/vmsport.fi\\\/#\\\/schema\\\/logo\\\/image\\\/\"},\"sameAs\":[\"https:\\\/\\\/www.facebook.com\\\/Vmsport.fi\\\/\",\"https:\\\/\\\/www.instagram.com\\\/vmsport\\\/\"]}]}<\/script>\n<!-- \/ Yoast SEO plugin. -->","yoast_head_json":{"title":"SCHWALBE SV17 - VM Sport","robots":{"index":"index","follow":"follow","max-snippet":"max-snippet:-1","max-image-preview":"max-image-preview:large","max-video-preview":"max-video-preview:-1"},"canonical":"https:\/\/vmsport.fi\/sv\/webbutik\/dack\/systerdack\/urban-och-hybrid\/schwalbe-sv17\/","og_locale":"sv_SE","og_type":"article","og_title":"SCHWALBE SV17 - VM Sport","og_description":"Schwalbe SV17 sis\u00e4kumi sopii erinomaisesti 700c-kokoisille py\u00f6rille ja on yhteensopiva rengaskokojen 700 x 28-47c kanssa. T\u00e4m\u00e4 monik\u00e4ytt\u00f6inen sis\u00e4kumi toimii hyvin sek\u00e4 maantie- ett\u00e4 sorapy\u00f6riss\u00e4. Valmistettu korkealaatuisesta butyylikumista, se sis\u00e4lt\u00e4\u00e4 my\u00f6s 20 % kierr\u00e4tettyj\u00e4 sis\u00e4kumeja, mik\u00e4 tekee siit\u00e4 ymp\u00e4rist\u00f6yst\u00e4v\u00e4llisen valinnan. Sen Presta-venttiili on saatavilla 50 mm ja 40 mm pituisena, ja siin\u00e4 on irrotettava ydinkappale, mik\u00e4 [...]L\u00e4s mer \u2026 from SCHWALBE SV17","og_url":"https:\/\/vmsport.fi\/sv\/webbutik\/dack\/systerdack\/urban-och-hybrid\/schwalbe-sv17\/","og_site_name":"VM Sport","article_publisher":"https:\/\/www.facebook.com\/Vmsport.fi\/","article_modified_time":"2026-01-16T11:25:04+00:00","og_image":[{"width":800,"height":800,"url":"https:\/\/vmsport.fi\/wp-content\/uploads\/2025\/03\/8WOOnBWOzIctWxFcRTR44t4ugEMfeABJzJCaE3WNZfoniLdyiu-1.jpg","type":"image\/jpeg"}],"twitter_card":"summary_large_image","twitter_misc":{"Ber\u00e4knad l\u00e4stid":"1 minut"},"schema":{"@context":"https:\/\/schema.org","@graph":[{"@type":["WebPage","ItemPage"],"@id":"https:\/\/vmsport.fi\/verkkokauppa\/renkaat\/sisarenkaat\/kaupunki-ja-hybridi\/schwalbe-sv17\/","url":"https:\/\/vmsport.fi\/verkkokauppa\/renkaat\/sisarenkaat\/kaupunki-ja-hybridi\/schwalbe-sv17\/","name":"SCHWALBE SV17 - VM Sport","isPartOf":{"@id":"https:\/\/vmsport.fi\/#website"},"primaryImageOfPage":{"@id":"https:\/\/vmsport.fi\/verkkokauppa\/renkaat\/sisarenkaat\/kaupunki-ja-hybridi\/schwalbe-sv17\/#primaryimage"},"image":{"@id":"https:\/\/vmsport.fi\/verkkokauppa\/renkaat\/sisarenkaat\/kaupunki-ja-hybridi\/schwalbe-sv17\/#primaryimage"},"thumbnailUrl":"https:\/\/vmsport.fi\/wp-content\/uploads\/2025\/03\/8WOOnBWOzIctWxFcRTR44t4ugEMfeABJzJCaE3WNZfoniLdyiu-1.jpg","datePublished":"2025-03-05T21:32:43+00:00","dateModified":"2026-01-16T11:25:04+00:00","breadcrumb":{"@id":"https:\/\/vmsport.fi\/verkkokauppa\/renkaat\/sisarenkaat\/kaupunki-ja-hybridi\/schwalbe-sv17\/#breadcrumb"},"inLanguage":"sv-SE","potentialAction":[{"@type":"ReadAction","target":["https:\/\/vmsport.fi\/verkkokauppa\/renkaat\/sisarenkaat\/kaupunki-ja-hybridi\/schwalbe-sv17\/"]}]},{"@type":"ImageObject","inLanguage":"sv-SE","@id":"https:\/\/vmsport.fi\/verkkokauppa\/renkaat\/sisarenkaat\/kaupunki-ja-hybridi\/schwalbe-sv17\/#primaryimage","url":"https:\/\/vmsport.fi\/wp-content\/uploads\/2025\/03\/8WOOnBWOzIctWxFcRTR44t4ugEMfeABJzJCaE3WNZfoniLdyiu-1.jpg","contentUrl":"https:\/\/vmsport.fi\/wp-content\/uploads\/2025\/03\/8WOOnBWOzIctWxFcRTR44t4ugEMfeABJzJCaE3WNZfoniLdyiu-1.jpg","width":800,"height":800,"caption":"8WOOnBWOzIctWxFcRTR44t4ugEMfeABJzJCaE3WNZfoniLdyiu"},{"@type":"BreadcrumbList","@id":"https:\/\/vmsport.fi\/verkkokauppa\/renkaat\/sisarenkaat\/kaupunki-ja-hybridi\/schwalbe-sv17\/#breadcrumb","itemListElement":[{"@type":"ListItem","position":1,"name":"Etusivu","item":"https:\/\/vmsport.fi\/"},{"@type":"ListItem","position":2,"name":"Online Store","item":"https:\/\/vmsport.fi\/en\/online-store\/"},{"@type":"ListItem","position":3,"name":"SCHWALBE SV17"}]},{"@type":"WebSite","@id":"https:\/\/vmsport.fi\/#website","url":"https:\/\/vmsport.fi\/","name":"Vmsport","description":"Allt p\u00e5 ett st\u00e4lle f\u00f6r cykling","publisher":{"@id":"https:\/\/vmsport.fi\/#organization"},"potentialAction":[{"@type":"SearchAction","target":{"@type":"EntryPoint","urlTemplate":"https:\/\/vmsport.fi\/?s={search_term_string}"},"query-input":{"@type":"PropertyValueSpecification","valueRequired":true,"valueName":"search_term_string"}}],"inLanguage":"sv-SE"},{"@type":"Organization","@id":"https:\/\/vmsport.fi\/#organization","name":"Vmsport","url":"https:\/\/vmsport.fi\/","logo":{"@type":"ImageObject","inLanguage":"sv-SE","@id":"https:\/\/vmsport.fi\/#\/schema\/logo\/image\/","url":"https:\/\/vmsport.fi\/wp-content\/uploads\/2024\/12\/vm_sport_RGB_horisontal-e1734526017575.png","contentUrl":"https:\/\/vmsport.fi\/wp-content\/uploads\/2024\/12\/vm_sport_RGB_horisontal-e1734526017575.png","width":668,"height":85,"caption":"Vmsport"},"image":{"@id":"https:\/\/vmsport.fi\/#\/schema\/logo\/image\/"},"sameAs":["https:\/\/www.facebook.com\/Vmsport.fi\/","https:\/\/www.instagram.com\/vmsport\/"]}]}},"global_unique_id":"","_links":{"self":[{"href":"https:\/\/vmsport.fi\/sv\/wp-json\/wp\/v2\/product\/52649","targetHints":{"allow":["GET"]}}],"collection":[{"href":"https:\/\/vmsport.fi\/sv\/wp-json\/wp\/v2\/product"}],"about":[{"href":"https:\/\/vmsport.fi\/sv\/wp-json\/wp\/v2\/types\/product"}],"replies":[{"embeddable":true,"href":"https:\/\/vmsport.fi\/sv\/wp-json\/wp\/v2\/comments?post=52649"}],"wp:featuredmedia":[{"embeddable":true,"href":"https:\/\/vmsport.fi\/sv\/wp-json\/wp\/v2\/media\/52648"}],"wp:attachment":[{"href":"https:\/\/vmsport.fi\/sv\/wp-json\/wp\/v2\/media?parent=52649"}],"wp:term":[{"taxonomy":"product_brand","embeddable":true,"href":"https:\/\/vmsport.fi\/sv\/wp-json\/wp\/v2\/product_brand?post=52649"},{"taxonomy":"product_model","embeddable":true,"href":"https:\/\/vmsport.fi\/sv\/wp-json\/wp\/v2\/product_model?post=52649"},{"taxonomy":"product_cat","embeddable":true,"href":"https:\/\/vmsport.fi\/sv\/wp-json\/wp\/v2\/product_cat?post=52649"},{"taxonomy":"product_tag","embeddable":true,"href":"https:\/\/vmsport.fi\/sv\/wp-json\/wp\/v2\/product_tag?post=52649"},{"taxonomy":"industry_terminology","embeddable":true,"href":"https:\/\/vmsport.fi\/sv\/wp-json\/wp\/v2\/industry-terminology?post=52649"}],"curies":[{"name":"wp","href":"https:\/\/api.w.org\/{rel}","templated":true}]}}