{"id":52647,"date":"2025-03-05T23:32:43","date_gmt":"2025-03-05T21:32:43","guid":{"rendered":"https:\/\/vmsport.fi\/verkkokauppa\/Ei-luokiteltu\/muc-off-bike-cleaner-concentrate\/"},"modified":"2026-01-16T13:21:27","modified_gmt":"2026-01-16T11:21:27","slug":"muc-off-rengoringsmedel-for-cyklar-koncentrat","status":"publish","type":"product","link":"https:\/\/vmsport.fi\/sv\/verkkokauppa\/tarvikkeet\/huolto-ja-pesu\/puhdistusaineet\/muc-off-bike-cleaner-concentrate\/","title":{"rendered":"MUC-OFF cykelreng\u00f6ring koncentrat"},"content":{"rendered":"<p>MUC-OFF Bike Cleaner Concentrate \u00e4r ett kraftfullt koncentrat som anv\u00e4nder nanoteknologi f\u00f6r snabb och s\u00e4ker reng\u00f6ring. Dess formula \u00e4r helt biologiskt nedbrytbar och milj\u00f6v\u00e4nlig, baserad p\u00e5 en alkalibaserad formula utan skadliga syror, l\u00f6sningsmedel eller CFC. Detta koncentrat minskar f\u00f6rpackningsavfallet med upp till 75 %, eftersom en literflaska kan producera fyra liter reng\u00f6ringsmedel. L\u00e4mplig f\u00f6r ett brett spektrum av hjulkomponenter, inklusive ramar och st\u00f6td\u00e4mpare. Vid avfettning appliceras det direkt p\u00e5 kedjan, smutsen borstas bort och kedjan sk\u00f6ljs med vatten. Den uppmuntrar ocks\u00e5 till \u00e5teranv\u00e4ndning och p\u00e5fyllning av flaskor, vilket minskar milj\u00f6p\u00e5verkan.<\/p>","protected":false},"excerpt":{"rendered":"<p>MUC-OFF Bike Cleaner Concentrate on tehokas pesuainetiiviste, joka hy\u00f6dynt\u00e4\u00e4 nanoteknologiaa nopeaan ja turvalliseen puhdistukseen. Sen koostumus on t\u00e4ysin biohajoava ja ymp\u00e4rist\u00f6yst\u00e4v\u00e4llinen, sill\u00e4 se perustuu alkalipohjaiseen koostumukseen ilman haitallisia happoja, liuottimia tai CFC-yhdisteit\u00e4. T\u00e4m\u00e4 tiiviste v\u00e4hent\u00e4\u00e4 pakkausj\u00e4tett\u00e4 jopa 75 %, sill\u00e4 yhdest\u00e4 litran pullosta voi valmistaa nelj\u00e4 litraa puhdistusainetta. Sopii monipuolisesti eri py\u00f6r\u00e4n osille, kuten runkoihin [&#8230;]<\/p>\n<p><a class=\"btn btn-secondary understrap-read-more-link\" href=\"https:\/\/vmsport.fi\/sv\/verkkokauppa\/tarvikkeet\/huolto-ja-pesu\/puhdistusaineet\/muc-off-bike-cleaner-concentrate\/\">L\u00e4s mer \u2026<span class=\"screen-reader-text\"> from MUC-OFF Bike Cleaner Concentrate<\/span><\/a><\/p>\n","protected":false},"featured_media":52646,"comment_status":"open","ping_status":"closed","template":"","meta":{"_acf_changed":false,"_improvement_type_select":"improve_an_existing","_thumb_yes_seoaic":false,"_frame_yes_seoaic":false,"seoaic_generate_description":"","seoaic_improve_instructions_prompt":"","seoaic_rollback_content_improvement":"","seoaic_idea_thumbnail_generator":"","thumbnail_generated":false,"thumbnail_generate_prompt":"","seoaic_article_description":"","_supplier_stock_quantity":0},"product_brand":[1584],"product_model":[],"product_cat":[9358],"product_tag":[],"industry-terminology":[],"class_list":{"0":"post-52647","1":"product","2":"type-product","3":"status-publish","4":"has-post-thumbnail","6":"product_brand-muc-off","7":"product_cat-puhdistusaineet","9":"first","10":"instock","11":"taxable","12":"shipping-taxable","13":"purchasable","14":"product-type-simple"},"acf":{"bike_features":null,"overview":{"copy_overview":null,"key_features":null,"statement":"","youtube_url":""}},"yoast_head":"<!-- This site is optimized with the Yoast SEO plugin v27.4 - https:\/\/yoast.com\/product\/yoast-seo-wordpress\/ -->\n<title>MUC-OFF Bike Cleaner Concentrate - VM Sport<\/title>\n<meta name=\"robots\" content=\"index, follow, max-snippet:-1, max-image-preview:large, max-video-preview:-1\" \/>\n<link rel=\"canonical\" href=\"https:\/\/vmsport.fi\/sv\/webbutik\/tillbehor\/underhall-och-tvatt\/rengoringsprodukter\/muc-off-rengoringsmedel-for-cyklar-koncentrat\/\" \/>\n<meta property=\"og:locale\" content=\"sv_SE\" \/>\n<meta property=\"og:type\" content=\"article\" \/>\n<meta property=\"og:title\" content=\"MUC-OFF Bike Cleaner Concentrate - VM Sport\" \/>\n<meta property=\"og:description\" content=\"MUC-OFF Bike Cleaner Concentrate on tehokas pesuainetiiviste, joka hy\u00f6dynt\u00e4\u00e4 nanoteknologiaa nopeaan ja turvalliseen puhdistukseen. Sen koostumus on t\u00e4ysin biohajoava ja ymp\u00e4rist\u00f6yst\u00e4v\u00e4llinen, sill\u00e4 se perustuu alkalipohjaiseen koostumukseen ilman haitallisia happoja, liuottimia tai CFC-yhdisteit\u00e4. T\u00e4m\u00e4 tiiviste v\u00e4hent\u00e4\u00e4 pakkausj\u00e4tett\u00e4 jopa 75 %, sill\u00e4 yhdest\u00e4 litran pullosta voi valmistaa nelj\u00e4 litraa puhdistusainetta. Sopii monipuolisesti eri py\u00f6r\u00e4n osille, kuten runkoihin [...]L\u00e4s mer \u2026 from MUC-OFF Bike Cleaner Concentrate\" \/>\n<meta property=\"og:url\" content=\"https:\/\/vmsport.fi\/sv\/webbutik\/tillbehor\/underhall-och-tvatt\/rengoringsprodukter\/muc-off-rengoringsmedel-for-cyklar-koncentrat\/\" \/>\n<meta property=\"og:site_name\" content=\"VM Sport\" \/>\n<meta property=\"article:publisher\" content=\"https:\/\/www.facebook.com\/Vmsport.fi\/\" \/>\n<meta property=\"article:modified_time\" content=\"2026-01-16T11:21:27+00:00\" \/>\n<meta property=\"og:image\" content=\"https:\/\/vmsport.fi\/wp-content\/uploads\/2025\/03\/NZmqFZmk7U1HTLuG9iMPsh6h3IRpLNAid0hFBtWywbBW4yzuh8-1.jpg\" \/>\n\t<meta property=\"og:image:width\" content=\"800\" \/>\n\t<meta property=\"og:image:height\" content=\"800\" \/>\n\t<meta property=\"og:image:type\" content=\"image\/jpeg\" \/>\n<meta name=\"twitter:card\" content=\"summary_large_image\" \/>\n<script type=\"application\/ld+json\" class=\"yoast-schema-graph\">{\"@context\":\"https:\\\/\\\/schema.org\",\"@graph\":[{\"@type\":[\"WebPage\",\"ItemPage\"],\"@id\":\"https:\\\/\\\/vmsport.fi\\\/verkkokauppa\\\/tarvikkeet\\\/huolto-ja-pesu\\\/puhdistusaineet\\\/muc-off-bike-cleaner-concentrate\\\/\",\"url\":\"https:\\\/\\\/vmsport.fi\\\/verkkokauppa\\\/tarvikkeet\\\/huolto-ja-pesu\\\/puhdistusaineet\\\/muc-off-bike-cleaner-concentrate\\\/\",\"name\":\"MUC-OFF Bike Cleaner Concentrate - VM Sport\",\"isPartOf\":{\"@id\":\"https:\\\/\\\/vmsport.fi\\\/#website\"},\"primaryImageOfPage\":{\"@id\":\"https:\\\/\\\/vmsport.fi\\\/verkkokauppa\\\/tarvikkeet\\\/huolto-ja-pesu\\\/puhdistusaineet\\\/muc-off-bike-cleaner-concentrate\\\/#primaryimage\"},\"image\":{\"@id\":\"https:\\\/\\\/vmsport.fi\\\/verkkokauppa\\\/tarvikkeet\\\/huolto-ja-pesu\\\/puhdistusaineet\\\/muc-off-bike-cleaner-concentrate\\\/#primaryimage\"},\"thumbnailUrl\":\"https:\\\/\\\/vmsport.fi\\\/wp-content\\\/uploads\\\/2025\\\/03\\\/NZmqFZmk7U1HTLuG9iMPsh6h3IRpLNAid0hFBtWywbBW4yzuh8-1.jpg\",\"datePublished\":\"2025-03-05T21:32:43+00:00\",\"dateModified\":\"2026-01-16T11:21:27+00:00\",\"breadcrumb\":{\"@id\":\"https:\\\/\\\/vmsport.fi\\\/verkkokauppa\\\/tarvikkeet\\\/huolto-ja-pesu\\\/puhdistusaineet\\\/muc-off-bike-cleaner-concentrate\\\/#breadcrumb\"},\"inLanguage\":\"sv-SE\",\"potentialAction\":[{\"@type\":\"ReadAction\",\"target\":[\"https:\\\/\\\/vmsport.fi\\\/verkkokauppa\\\/tarvikkeet\\\/huolto-ja-pesu\\\/puhdistusaineet\\\/muc-off-bike-cleaner-concentrate\\\/\"]}]},{\"@type\":\"ImageObject\",\"inLanguage\":\"sv-SE\",\"@id\":\"https:\\\/\\\/vmsport.fi\\\/verkkokauppa\\\/tarvikkeet\\\/huolto-ja-pesu\\\/puhdistusaineet\\\/muc-off-bike-cleaner-concentrate\\\/#primaryimage\",\"url\":\"https:\\\/\\\/vmsport.fi\\\/wp-content\\\/uploads\\\/2025\\\/03\\\/NZmqFZmk7U1HTLuG9iMPsh6h3IRpLNAid0hFBtWywbBW4yzuh8-1.jpg\",\"contentUrl\":\"https:\\\/\\\/vmsport.fi\\\/wp-content\\\/uploads\\\/2025\\\/03\\\/NZmqFZmk7U1HTLuG9iMPsh6h3IRpLNAid0hFBtWywbBW4yzuh8-1.jpg\",\"width\":800,\"height\":800,\"caption\":\"NZmqFZmk7U1HTLuG9iMPsh6h3IRpLNAid0hFBtWywbBW4yzuh8\"},{\"@type\":\"BreadcrumbList\",\"@id\":\"https:\\\/\\\/vmsport.fi\\\/verkkokauppa\\\/tarvikkeet\\\/huolto-ja-pesu\\\/puhdistusaineet\\\/muc-off-bike-cleaner-concentrate\\\/#breadcrumb\",\"itemListElement\":[{\"@type\":\"ListItem\",\"position\":1,\"name\":\"Etusivu\",\"item\":\"https:\\\/\\\/vmsport.fi\\\/\"},{\"@type\":\"ListItem\",\"position\":2,\"name\":\"Online Store\",\"item\":\"https:\\\/\\\/vmsport.fi\\\/en\\\/online-store\\\/\"},{\"@type\":\"ListItem\",\"position\":3,\"name\":\"MUC-OFF Bike Cleaner Concentrate\"}]},{\"@type\":\"WebSite\",\"@id\":\"https:\\\/\\\/vmsport.fi\\\/#website\",\"url\":\"https:\\\/\\\/vmsport.fi\\\/\",\"name\":\"Vmsport\",\"description\":\"Kaikki py\u00f6r\u00e4ilyyn yhdest\u00e4 paikasta\",\"publisher\":{\"@id\":\"https:\\\/\\\/vmsport.fi\\\/#organization\"},\"potentialAction\":[{\"@type\":\"SearchAction\",\"target\":{\"@type\":\"EntryPoint\",\"urlTemplate\":\"https:\\\/\\\/vmsport.fi\\\/?s={search_term_string}\"},\"query-input\":{\"@type\":\"PropertyValueSpecification\",\"valueRequired\":true,\"valueName\":\"search_term_string\"}}],\"inLanguage\":\"sv-SE\"},{\"@type\":\"Organization\",\"@id\":\"https:\\\/\\\/vmsport.fi\\\/#organization\",\"name\":\"Vmsport\",\"url\":\"https:\\\/\\\/vmsport.fi\\\/\",\"logo\":{\"@type\":\"ImageObject\",\"inLanguage\":\"sv-SE\",\"@id\":\"https:\\\/\\\/vmsport.fi\\\/#\\\/schema\\\/logo\\\/image\\\/\",\"url\":\"https:\\\/\\\/vmsport.fi\\\/wp-content\\\/uploads\\\/2024\\\/12\\\/vm_sport_RGB_horisontal-e1734526017575.png\",\"contentUrl\":\"https:\\\/\\\/vmsport.fi\\\/wp-content\\\/uploads\\\/2024\\\/12\\\/vm_sport_RGB_horisontal-e1734526017575.png\",\"width\":668,\"height\":85,\"caption\":\"Vmsport\"},\"image\":{\"@id\":\"https:\\\/\\\/vmsport.fi\\\/#\\\/schema\\\/logo\\\/image\\\/\"},\"sameAs\":[\"https:\\\/\\\/www.facebook.com\\\/Vmsport.fi\\\/\",\"https:\\\/\\\/www.instagram.com\\\/vmsport\\\/\"]}]}<\/script>\n<!-- \/ Yoast SEO plugin. -->","yoast_head_json":{"title":"MUC-OFF cykelreng\u00f6ringskoncentrat - VM Sport","robots":{"index":"index","follow":"follow","max-snippet":"max-snippet:-1","max-image-preview":"max-image-preview:large","max-video-preview":"max-video-preview:-1"},"canonical":"https:\/\/vmsport.fi\/sv\/webbutik\/tillbehor\/underhall-och-tvatt\/rengoringsprodukter\/muc-off-rengoringsmedel-for-cyklar-koncentrat\/","og_locale":"sv_SE","og_type":"article","og_title":"MUC-OFF Bike Cleaner Concentrate - VM Sport","og_description":"MUC-OFF Bike Cleaner Concentrate on tehokas pesuainetiiviste, joka hy\u00f6dynt\u00e4\u00e4 nanoteknologiaa nopeaan ja turvalliseen puhdistukseen. Sen koostumus on t\u00e4ysin biohajoava ja ymp\u00e4rist\u00f6yst\u00e4v\u00e4llinen, sill\u00e4 se perustuu alkalipohjaiseen koostumukseen ilman haitallisia happoja, liuottimia tai CFC-yhdisteit\u00e4. T\u00e4m\u00e4 tiiviste v\u00e4hent\u00e4\u00e4 pakkausj\u00e4tett\u00e4 jopa 75 %, sill\u00e4 yhdest\u00e4 litran pullosta voi valmistaa nelj\u00e4 litraa puhdistusainetta. Sopii monipuolisesti eri py\u00f6r\u00e4n osille, kuten runkoihin [...]L\u00e4s mer \u2026 from MUC-OFF Bike Cleaner Concentrate","og_url":"https:\/\/vmsport.fi\/sv\/webbutik\/tillbehor\/underhall-och-tvatt\/rengoringsprodukter\/muc-off-rengoringsmedel-for-cyklar-koncentrat\/","og_site_name":"VM Sport","article_publisher":"https:\/\/www.facebook.com\/Vmsport.fi\/","article_modified_time":"2026-01-16T11:21:27+00:00","og_image":[{"width":800,"height":800,"url":"https:\/\/vmsport.fi\/wp-content\/uploads\/2025\/03\/NZmqFZmk7U1HTLuG9iMPsh6h3IRpLNAid0hFBtWywbBW4yzuh8-1.jpg","type":"image\/jpeg"}],"twitter_card":"summary_large_image","schema":{"@context":"https:\/\/schema.org","@graph":[{"@type":["WebPage","ItemPage"],"@id":"https:\/\/vmsport.fi\/verkkokauppa\/tarvikkeet\/huolto-ja-pesu\/puhdistusaineet\/muc-off-bike-cleaner-concentrate\/","url":"https:\/\/vmsport.fi\/verkkokauppa\/tarvikkeet\/huolto-ja-pesu\/puhdistusaineet\/muc-off-bike-cleaner-concentrate\/","name":"MUC-OFF cykelreng\u00f6ringskoncentrat - VM Sport","isPartOf":{"@id":"https:\/\/vmsport.fi\/#website"},"primaryImageOfPage":{"@id":"https:\/\/vmsport.fi\/verkkokauppa\/tarvikkeet\/huolto-ja-pesu\/puhdistusaineet\/muc-off-bike-cleaner-concentrate\/#primaryimage"},"image":{"@id":"https:\/\/vmsport.fi\/verkkokauppa\/tarvikkeet\/huolto-ja-pesu\/puhdistusaineet\/muc-off-bike-cleaner-concentrate\/#primaryimage"},"thumbnailUrl":"https:\/\/vmsport.fi\/wp-content\/uploads\/2025\/03\/NZmqFZmk7U1HTLuG9iMPsh6h3IRpLNAid0hFBtWywbBW4yzuh8-1.jpg","datePublished":"2025-03-05T21:32:43+00:00","dateModified":"2026-01-16T11:21:27+00:00","breadcrumb":{"@id":"https:\/\/vmsport.fi\/verkkokauppa\/tarvikkeet\/huolto-ja-pesu\/puhdistusaineet\/muc-off-bike-cleaner-concentrate\/#breadcrumb"},"inLanguage":"sv-SE","potentialAction":[{"@type":"ReadAction","target":["https:\/\/vmsport.fi\/verkkokauppa\/tarvikkeet\/huolto-ja-pesu\/puhdistusaineet\/muc-off-bike-cleaner-concentrate\/"]}]},{"@type":"ImageObject","inLanguage":"sv-SE","@id":"https:\/\/vmsport.fi\/verkkokauppa\/tarvikkeet\/huolto-ja-pesu\/puhdistusaineet\/muc-off-bike-cleaner-concentrate\/#primaryimage","url":"https:\/\/vmsport.fi\/wp-content\/uploads\/2025\/03\/NZmqFZmk7U1HTLuG9iMPsh6h3IRpLNAid0hFBtWywbBW4yzuh8-1.jpg","contentUrl":"https:\/\/vmsport.fi\/wp-content\/uploads\/2025\/03\/NZmqFZmk7U1HTLuG9iMPsh6h3IRpLNAid0hFBtWywbBW4yzuh8-1.jpg","width":800,"height":800,"caption":"NZmqFZmk7U1HTLuG9iMPsh6h3IRpLNAid0hFBtWywbBW4yzuh8"},{"@type":"BreadcrumbList","@id":"https:\/\/vmsport.fi\/verkkokauppa\/tarvikkeet\/huolto-ja-pesu\/puhdistusaineet\/muc-off-bike-cleaner-concentrate\/#breadcrumb","itemListElement":[{"@type":"ListItem","position":1,"name":"Etusivu","item":"https:\/\/vmsport.fi\/"},{"@type":"ListItem","position":2,"name":"Online Store","item":"https:\/\/vmsport.fi\/en\/online-store\/"},{"@type":"ListItem","position":3,"name":"MUC-OFF Bike Cleaner Concentrate"}]},{"@type":"WebSite","@id":"https:\/\/vmsport.fi\/#website","url":"https:\/\/vmsport.fi\/","name":"Vmsport","description":"Allt p\u00e5 ett st\u00e4lle f\u00f6r cykling","publisher":{"@id":"https:\/\/vmsport.fi\/#organization"},"potentialAction":[{"@type":"SearchAction","target":{"@type":"EntryPoint","urlTemplate":"https:\/\/vmsport.fi\/?s={search_term_string}"},"query-input":{"@type":"PropertyValueSpecification","valueRequired":true,"valueName":"search_term_string"}}],"inLanguage":"sv-SE"},{"@type":"Organization","@id":"https:\/\/vmsport.fi\/#organization","name":"Vmsport","url":"https:\/\/vmsport.fi\/","logo":{"@type":"ImageObject","inLanguage":"sv-SE","@id":"https:\/\/vmsport.fi\/#\/schema\/logo\/image\/","url":"https:\/\/vmsport.fi\/wp-content\/uploads\/2024\/12\/vm_sport_RGB_horisontal-e1734526017575.png","contentUrl":"https:\/\/vmsport.fi\/wp-content\/uploads\/2024\/12\/vm_sport_RGB_horisontal-e1734526017575.png","width":668,"height":85,"caption":"Vmsport"},"image":{"@id":"https:\/\/vmsport.fi\/#\/schema\/logo\/image\/"},"sameAs":["https:\/\/www.facebook.com\/Vmsport.fi\/","https:\/\/www.instagram.com\/vmsport\/"]}]}},"global_unique_id":"","_links":{"self":[{"href":"https:\/\/vmsport.fi\/sv\/wp-json\/wp\/v2\/product\/52647","targetHints":{"allow":["GET"]}}],"collection":[{"href":"https:\/\/vmsport.fi\/sv\/wp-json\/wp\/v2\/product"}],"about":[{"href":"https:\/\/vmsport.fi\/sv\/wp-json\/wp\/v2\/types\/product"}],"replies":[{"embeddable":true,"href":"https:\/\/vmsport.fi\/sv\/wp-json\/wp\/v2\/comments?post=52647"}],"wp:featuredmedia":[{"embeddable":true,"href":"https:\/\/vmsport.fi\/sv\/wp-json\/wp\/v2\/media\/52646"}],"wp:attachment":[{"href":"https:\/\/vmsport.fi\/sv\/wp-json\/wp\/v2\/media?parent=52647"}],"wp:term":[{"taxonomy":"product_brand","embeddable":true,"href":"https:\/\/vmsport.fi\/sv\/wp-json\/wp\/v2\/product_brand?post=52647"},{"taxonomy":"product_model","embeddable":true,"href":"https:\/\/vmsport.fi\/sv\/wp-json\/wp\/v2\/product_model?post=52647"},{"taxonomy":"product_cat","embeddable":true,"href":"https:\/\/vmsport.fi\/sv\/wp-json\/wp\/v2\/product_cat?post=52647"},{"taxonomy":"product_tag","embeddable":true,"href":"https:\/\/vmsport.fi\/sv\/wp-json\/wp\/v2\/product_tag?post=52647"},{"taxonomy":"industry_terminology","embeddable":true,"href":"https:\/\/vmsport.fi\/sv\/wp-json\/wp\/v2\/industry-terminology?post=52647"}],"curies":[{"name":"wp","href":"https:\/\/api.w.org\/{rel}","templated":true}]}}