{"id":52645,"date":"2025-03-05T23:32:42","date_gmt":"2025-03-05T21:32:42","guid":{"rendered":"https:\/\/vmsport.fi\/verkkokauppa\/Ei-luokiteltu\/trek-20-kids-cranks\/"},"modified":"2026-04-22T15:10:42","modified_gmt":"2026-04-22T12:10:42","slug":"trek-20-kids-vevstakar","status":"publish","type":"product","link":"https:\/\/vmsport.fi\/sv\/verkkokauppa\/varaosat\/voimansiirto\/kampisarjat\/trek-20-kids-cranks\/","title":{"rendered":"Trek 20\u2033\u201d vevstakar f\u00f6r barn"},"content":{"rendered":"<p>Trek 20\u2033-vevpaketet f\u00f6r barn \u00e4r s\u00e4rskilt utformat f\u00f6r unga cyklister och \u00e4r en p\u00e5litlig och h\u00e5llbar komponent som fungerar utm\u00e4rkt i terr\u00e4ng. Detta vevparti \u00e4r l\u00e4mpligt f\u00f6r mountainbikes, vilket g\u00f6r det till ett utm\u00e4rkt val f\u00f6r att f\u00f6rb\u00e4ttra din cykelupplevelse p\u00e5 stigarna. Det finns i tv\u00e5 l\u00e4ngder, 120 mm och 140 mm, och erbjuder olika storleksalternativ f\u00f6r olika behov. Vevsatsen \u00e4r utrustad med en 32-tandad f\u00e4lg som \u00e4r utformad f\u00f6r att fungera effektivt i varierande terr\u00e4ng. Den snygga finishen i svart glans ger cykeln ett modernt utseende, medan Dialed Fit Specific Design s\u00e4kerst\u00e4ller en perfekt passform f\u00f6r unga cyklister.<\/p>","protected":false},"excerpt":{"rendered":"<p>Trek 20&#8243; lasten kampisarja on suunniteltu erityisesti nuorille py\u00f6r\u00e4ilij\u00f6ille luotettavaksi ja pitk\u00e4ik\u00e4iseksi osaksi, joka toimii erinomaisesti maastossa. T\u00e4m\u00e4 kampisarja on maastopy\u00f6riin soveltuva, mik\u00e4 tekee siit\u00e4 loistavan valinnan polkupy\u00f6r\u00e4ilykokemuksen kohottamiseen poluilla. Saatavana kahdessa pituudessa, 120 mm ja 140 mm, se tarjoaa eri kokoisia vaihtoehtoja eri tarpeisiin. Kampisarja on varustettu 32-hampaisella rataslevyll\u00e4, joka on suunniteltu suoriutumaan tehokkaasti [&#8230;]<\/p>\n<p><a class=\"btn btn-secondary understrap-read-more-link\" href=\"https:\/\/vmsport.fi\/sv\/verkkokauppa\/varaosat\/voimansiirto\/kampisarjat\/trek-20-kids-cranks\/\">L\u00e4s mer \u2026<span class=\"screen-reader-text\"> from Trek 20&#8243;&#8221; Kids&#8217; Cranks<\/span><\/a><\/p>\n","protected":false},"featured_media":52644,"comment_status":"open","ping_status":"closed","template":"","meta":{"_acf_changed":false,"_improvement_type_select":"improve_an_existing","_thumb_yes_seoaic":false,"_frame_yes_seoaic":false,"seoaic_generate_description":"","seoaic_improve_instructions_prompt":"","seoaic_rollback_content_improvement":"","seoaic_idea_thumbnail_generator":"","thumbnail_generated":false,"thumbnail_generate_prompt":"","seoaic_article_description":"","_supplier_stock_quantity":0},"product_brand":[37],"product_model":[],"product_cat":[9346],"product_tag":[],"industry-terminology":[],"class_list":{"0":"post-52645","1":"product","2":"type-product","3":"status-publish","4":"has-post-thumbnail","6":"product_brand-trek","7":"product_cat-kampisarjat","9":"first","10":"outofstock","11":"taxable","12":"shipping-taxable","13":"product-type-simple"},"acf":{"bike_features":null,"overview":{"copy_overview":null,"key_features":null,"statement":"","youtube_url":""}},"yoast_head":"<!-- This site is optimized with the Yoast SEO plugin v27.4 - https:\/\/yoast.com\/product\/yoast-seo-wordpress\/ -->\n<title>Trek 20&quot;&quot; Kids&#039; Cranks - VM Sport<\/title>\n<meta name=\"robots\" content=\"index, follow, max-snippet:-1, max-image-preview:large, max-video-preview:-1\" \/>\n<link rel=\"canonical\" href=\"https:\/\/vmsport.fi\/sv\/webbutik\/reservdelar\/transmission\/kamningssats\/trek-20-kids-vevstakar\/\" \/>\n<meta property=\"og:locale\" content=\"sv_SE\" \/>\n<meta property=\"og:type\" content=\"article\" \/>\n<meta property=\"og:title\" content=\"Trek 20&quot;&quot; Kids&#039; Cranks - VM Sport\" \/>\n<meta property=\"og:description\" content=\"Trek 20&#8243; lasten kampisarja on suunniteltu erityisesti nuorille py\u00f6r\u00e4ilij\u00f6ille luotettavaksi ja pitk\u00e4ik\u00e4iseksi osaksi, joka toimii erinomaisesti maastossa. T\u00e4m\u00e4 kampisarja on maastopy\u00f6riin soveltuva, mik\u00e4 tekee siit\u00e4 loistavan valinnan polkupy\u00f6r\u00e4ilykokemuksen kohottamiseen poluilla. Saatavana kahdessa pituudessa, 120 mm ja 140 mm, se tarjoaa eri kokoisia vaihtoehtoja eri tarpeisiin. Kampisarja on varustettu 32-hampaisella rataslevyll\u00e4, joka on suunniteltu suoriutumaan tehokkaasti [...]L\u00e4s mer \u2026 from Trek 20&#8243;&#8221; Kids&#8217; Cranks\" \/>\n<meta property=\"og:url\" content=\"https:\/\/vmsport.fi\/sv\/webbutik\/reservdelar\/transmission\/kamningssats\/trek-20-kids-vevstakar\/\" \/>\n<meta property=\"og:site_name\" content=\"VM Sport\" \/>\n<meta property=\"article:publisher\" content=\"https:\/\/www.facebook.com\/Vmsport.fi\/\" \/>\n<meta property=\"article:modified_time\" content=\"2026-04-22T12:10:42+00:00\" \/>\n<meta property=\"og:image\" content=\"https:\/\/vmsport.fi\/wp-content\/uploads\/2025\/03\/ikTJ6VFRIdOdaZkQxyeW4dMjqPO0jyaWhid62XSWnNpJ33UpTL-1.jpg\" \/>\n\t<meta property=\"og:image:width\" content=\"1000\" \/>\n\t<meta property=\"og:image:height\" content=\"822\" \/>\n\t<meta property=\"og:image:type\" content=\"image\/jpeg\" \/>\n<meta name=\"twitter:card\" content=\"summary_large_image\" \/>\n<script type=\"application\/ld+json\" class=\"yoast-schema-graph\">{\"@context\":\"https:\\\/\\\/schema.org\",\"@graph\":[{\"@type\":[\"WebPage\",\"ItemPage\"],\"@id\":\"https:\\\/\\\/vmsport.fi\\\/verkkokauppa\\\/varaosat\\\/voimansiirto\\\/kampisarjat\\\/trek-20-kids-cranks\\\/\",\"url\":\"https:\\\/\\\/vmsport.fi\\\/verkkokauppa\\\/varaosat\\\/voimansiirto\\\/kampisarjat\\\/trek-20-kids-cranks\\\/\",\"name\":\"Trek 20\\\"\\\" Kids' Cranks - VM Sport\",\"isPartOf\":{\"@id\":\"https:\\\/\\\/vmsport.fi\\\/#website\"},\"primaryImageOfPage\":{\"@id\":\"https:\\\/\\\/vmsport.fi\\\/verkkokauppa\\\/varaosat\\\/voimansiirto\\\/kampisarjat\\\/trek-20-kids-cranks\\\/#primaryimage\"},\"image\":{\"@id\":\"https:\\\/\\\/vmsport.fi\\\/verkkokauppa\\\/varaosat\\\/voimansiirto\\\/kampisarjat\\\/trek-20-kids-cranks\\\/#primaryimage\"},\"thumbnailUrl\":\"https:\\\/\\\/vmsport.fi\\\/wp-content\\\/uploads\\\/2025\\\/03\\\/ikTJ6VFRIdOdaZkQxyeW4dMjqPO0jyaWhid62XSWnNpJ33UpTL-1.jpg\",\"datePublished\":\"2025-03-05T21:32:42+00:00\",\"dateModified\":\"2026-04-22T12:10:42+00:00\",\"breadcrumb\":{\"@id\":\"https:\\\/\\\/vmsport.fi\\\/verkkokauppa\\\/varaosat\\\/voimansiirto\\\/kampisarjat\\\/trek-20-kids-cranks\\\/#breadcrumb\"},\"inLanguage\":\"sv-SE\",\"potentialAction\":[{\"@type\":\"ReadAction\",\"target\":[\"https:\\\/\\\/vmsport.fi\\\/verkkokauppa\\\/varaosat\\\/voimansiirto\\\/kampisarjat\\\/trek-20-kids-cranks\\\/\"]}]},{\"@type\":\"ImageObject\",\"inLanguage\":\"sv-SE\",\"@id\":\"https:\\\/\\\/vmsport.fi\\\/verkkokauppa\\\/varaosat\\\/voimansiirto\\\/kampisarjat\\\/trek-20-kids-cranks\\\/#primaryimage\",\"url\":\"https:\\\/\\\/vmsport.fi\\\/wp-content\\\/uploads\\\/2025\\\/03\\\/ikTJ6VFRIdOdaZkQxyeW4dMjqPO0jyaWhid62XSWnNpJ33UpTL-1.jpg\",\"contentUrl\":\"https:\\\/\\\/vmsport.fi\\\/wp-content\\\/uploads\\\/2025\\\/03\\\/ikTJ6VFRIdOdaZkQxyeW4dMjqPO0jyaWhid62XSWnNpJ33UpTL-1.jpg\",\"width\":1000,\"height\":822,\"caption\":\"ikTJ6VFRIdOdaZkQxyeW4dMjqPO0jyaWhid62XSWnNpJ33UpTL\"},{\"@type\":\"BreadcrumbList\",\"@id\":\"https:\\\/\\\/vmsport.fi\\\/verkkokauppa\\\/varaosat\\\/voimansiirto\\\/kampisarjat\\\/trek-20-kids-cranks\\\/#breadcrumb\",\"itemListElement\":[{\"@type\":\"ListItem\",\"position\":1,\"name\":\"Etusivu\",\"item\":\"https:\\\/\\\/vmsport.fi\\\/\"},{\"@type\":\"ListItem\",\"position\":2,\"name\":\"Online Store\",\"item\":\"https:\\\/\\\/vmsport.fi\\\/en\\\/online-store\\\/\"},{\"@type\":\"ListItem\",\"position\":3,\"name\":\"Trek polkupy\u00f6r\u00e4t\",\"item\":\"https:\\\/\\\/vmsport.fi\\\/sv\\\/merkki\\\/trek\\\/\"},{\"@type\":\"ListItem\",\"position\":4,\"name\":\"Trek 20&#8243;&#8221; Kids&#8217; Cranks\"}]},{\"@type\":\"WebSite\",\"@id\":\"https:\\\/\\\/vmsport.fi\\\/#website\",\"url\":\"https:\\\/\\\/vmsport.fi\\\/\",\"name\":\"Vmsport\",\"description\":\"Kaikki py\u00f6r\u00e4ilyyn yhdest\u00e4 paikasta\",\"publisher\":{\"@id\":\"https:\\\/\\\/vmsport.fi\\\/#organization\"},\"potentialAction\":[{\"@type\":\"SearchAction\",\"target\":{\"@type\":\"EntryPoint\",\"urlTemplate\":\"https:\\\/\\\/vmsport.fi\\\/?s={search_term_string}\"},\"query-input\":{\"@type\":\"PropertyValueSpecification\",\"valueRequired\":true,\"valueName\":\"search_term_string\"}}],\"inLanguage\":\"sv-SE\"},{\"@type\":\"Organization\",\"@id\":\"https:\\\/\\\/vmsport.fi\\\/#organization\",\"name\":\"Vmsport\",\"url\":\"https:\\\/\\\/vmsport.fi\\\/\",\"logo\":{\"@type\":\"ImageObject\",\"inLanguage\":\"sv-SE\",\"@id\":\"https:\\\/\\\/vmsport.fi\\\/#\\\/schema\\\/logo\\\/image\\\/\",\"url\":\"https:\\\/\\\/vmsport.fi\\\/wp-content\\\/uploads\\\/2024\\\/12\\\/vm_sport_RGB_horisontal-e1734526017575.png\",\"contentUrl\":\"https:\\\/\\\/vmsport.fi\\\/wp-content\\\/uploads\\\/2024\\\/12\\\/vm_sport_RGB_horisontal-e1734526017575.png\",\"width\":668,\"height\":85,\"caption\":\"Vmsport\"},\"image\":{\"@id\":\"https:\\\/\\\/vmsport.fi\\\/#\\\/schema\\\/logo\\\/image\\\/\"},\"sameAs\":[\"https:\\\/\\\/www.facebook.com\\\/Vmsport.fi\\\/\",\"https:\\\/\\\/www.instagram.com\\\/vmsport\\\/\"]}]}<\/script>\n<!-- \/ Yoast SEO plugin. -->","yoast_head_json":{"title":"Trek 20\"\" Vevstakar f\u00f6r barn - VM Sport","robots":{"index":"index","follow":"follow","max-snippet":"max-snippet:-1","max-image-preview":"max-image-preview:large","max-video-preview":"max-video-preview:-1"},"canonical":"https:\/\/vmsport.fi\/sv\/webbutik\/reservdelar\/transmission\/kamningssats\/trek-20-kids-vevstakar\/","og_locale":"sv_SE","og_type":"article","og_title":"Trek 20\"\" Kids' Cranks - VM Sport","og_description":"Trek 20&#8243; lasten kampisarja on suunniteltu erityisesti nuorille py\u00f6r\u00e4ilij\u00f6ille luotettavaksi ja pitk\u00e4ik\u00e4iseksi osaksi, joka toimii erinomaisesti maastossa. T\u00e4m\u00e4 kampisarja on maastopy\u00f6riin soveltuva, mik\u00e4 tekee siit\u00e4 loistavan valinnan polkupy\u00f6r\u00e4ilykokemuksen kohottamiseen poluilla. Saatavana kahdessa pituudessa, 120 mm ja 140 mm, se tarjoaa eri kokoisia vaihtoehtoja eri tarpeisiin. Kampisarja on varustettu 32-hampaisella rataslevyll\u00e4, joka on suunniteltu suoriutumaan tehokkaasti [...]L\u00e4s mer \u2026 from Trek 20&#8243;&#8221; Kids&#8217; Cranks","og_url":"https:\/\/vmsport.fi\/sv\/webbutik\/reservdelar\/transmission\/kamningssats\/trek-20-kids-vevstakar\/","og_site_name":"VM Sport","article_publisher":"https:\/\/www.facebook.com\/Vmsport.fi\/","article_modified_time":"2026-04-22T12:10:42+00:00","og_image":[{"width":1000,"height":822,"url":"https:\/\/vmsport.fi\/wp-content\/uploads\/2025\/03\/ikTJ6VFRIdOdaZkQxyeW4dMjqPO0jyaWhid62XSWnNpJ33UpTL-1.jpg","type":"image\/jpeg"}],"twitter_card":"summary_large_image","schema":{"@context":"https:\/\/schema.org","@graph":[{"@type":["WebPage","ItemPage"],"@id":"https:\/\/vmsport.fi\/verkkokauppa\/varaosat\/voimansiirto\/kampisarjat\/trek-20-kids-cranks\/","url":"https:\/\/vmsport.fi\/verkkokauppa\/varaosat\/voimansiirto\/kampisarjat\/trek-20-kids-cranks\/","name":"Trek 20\"\" Vevstakar f\u00f6r barn - VM Sport","isPartOf":{"@id":"https:\/\/vmsport.fi\/#website"},"primaryImageOfPage":{"@id":"https:\/\/vmsport.fi\/verkkokauppa\/varaosat\/voimansiirto\/kampisarjat\/trek-20-kids-cranks\/#primaryimage"},"image":{"@id":"https:\/\/vmsport.fi\/verkkokauppa\/varaosat\/voimansiirto\/kampisarjat\/trek-20-kids-cranks\/#primaryimage"},"thumbnailUrl":"https:\/\/vmsport.fi\/wp-content\/uploads\/2025\/03\/ikTJ6VFRIdOdaZkQxyeW4dMjqPO0jyaWhid62XSWnNpJ33UpTL-1.jpg","datePublished":"2025-03-05T21:32:42+00:00","dateModified":"2026-04-22T12:10:42+00:00","breadcrumb":{"@id":"https:\/\/vmsport.fi\/verkkokauppa\/varaosat\/voimansiirto\/kampisarjat\/trek-20-kids-cranks\/#breadcrumb"},"inLanguage":"sv-SE","potentialAction":[{"@type":"ReadAction","target":["https:\/\/vmsport.fi\/verkkokauppa\/varaosat\/voimansiirto\/kampisarjat\/trek-20-kids-cranks\/"]}]},{"@type":"ImageObject","inLanguage":"sv-SE","@id":"https:\/\/vmsport.fi\/verkkokauppa\/varaosat\/voimansiirto\/kampisarjat\/trek-20-kids-cranks\/#primaryimage","url":"https:\/\/vmsport.fi\/wp-content\/uploads\/2025\/03\/ikTJ6VFRIdOdaZkQxyeW4dMjqPO0jyaWhid62XSWnNpJ33UpTL-1.jpg","contentUrl":"https:\/\/vmsport.fi\/wp-content\/uploads\/2025\/03\/ikTJ6VFRIdOdaZkQxyeW4dMjqPO0jyaWhid62XSWnNpJ33UpTL-1.jpg","width":1000,"height":822,"caption":"ikTJ6VFRIdOdaZkQxyeW4dMjqPO0jyaWhid62XSWnNpJ33UpTL"},{"@type":"BreadcrumbList","@id":"https:\/\/vmsport.fi\/verkkokauppa\/varaosat\/voimansiirto\/kampisarjat\/trek-20-kids-cranks\/#breadcrumb","itemListElement":[{"@type":"ListItem","position":1,"name":"Etusivu","item":"https:\/\/vmsport.fi\/"},{"@type":"ListItem","position":2,"name":"Online Store","item":"https:\/\/vmsport.fi\/en\/online-store\/"},{"@type":"ListItem","position":3,"name":"Trek polkupy\u00f6r\u00e4t","item":"https:\/\/vmsport.fi\/sv\/merkki\/trek\/"},{"@type":"ListItem","position":4,"name":"Trek 20&#8243;&#8221; Kids&#8217; Cranks"}]},{"@type":"WebSite","@id":"https:\/\/vmsport.fi\/#website","url":"https:\/\/vmsport.fi\/","name":"Vmsport","description":"Allt p\u00e5 ett st\u00e4lle f\u00f6r cykling","publisher":{"@id":"https:\/\/vmsport.fi\/#organization"},"potentialAction":[{"@type":"SearchAction","target":{"@type":"EntryPoint","urlTemplate":"https:\/\/vmsport.fi\/?s={search_term_string}"},"query-input":{"@type":"PropertyValueSpecification","valueRequired":true,"valueName":"search_term_string"}}],"inLanguage":"sv-SE"},{"@type":"Organization","@id":"https:\/\/vmsport.fi\/#organization","name":"Vmsport","url":"https:\/\/vmsport.fi\/","logo":{"@type":"ImageObject","inLanguage":"sv-SE","@id":"https:\/\/vmsport.fi\/#\/schema\/logo\/image\/","url":"https:\/\/vmsport.fi\/wp-content\/uploads\/2024\/12\/vm_sport_RGB_horisontal-e1734526017575.png","contentUrl":"https:\/\/vmsport.fi\/wp-content\/uploads\/2024\/12\/vm_sport_RGB_horisontal-e1734526017575.png","width":668,"height":85,"caption":"Vmsport"},"image":{"@id":"https:\/\/vmsport.fi\/#\/schema\/logo\/image\/"},"sameAs":["https:\/\/www.facebook.com\/Vmsport.fi\/","https:\/\/www.instagram.com\/vmsport\/"]}]}},"global_unique_id":"","_links":{"self":[{"href":"https:\/\/vmsport.fi\/sv\/wp-json\/wp\/v2\/product\/52645","targetHints":{"allow":["GET"]}}],"collection":[{"href":"https:\/\/vmsport.fi\/sv\/wp-json\/wp\/v2\/product"}],"about":[{"href":"https:\/\/vmsport.fi\/sv\/wp-json\/wp\/v2\/types\/product"}],"replies":[{"embeddable":true,"href":"https:\/\/vmsport.fi\/sv\/wp-json\/wp\/v2\/comments?post=52645"}],"wp:featuredmedia":[{"embeddable":true,"href":"https:\/\/vmsport.fi\/sv\/wp-json\/wp\/v2\/media\/52644"}],"wp:attachment":[{"href":"https:\/\/vmsport.fi\/sv\/wp-json\/wp\/v2\/media?parent=52645"}],"wp:term":[{"taxonomy":"product_brand","embeddable":true,"href":"https:\/\/vmsport.fi\/sv\/wp-json\/wp\/v2\/product_brand?post=52645"},{"taxonomy":"product_model","embeddable":true,"href":"https:\/\/vmsport.fi\/sv\/wp-json\/wp\/v2\/product_model?post=52645"},{"taxonomy":"product_cat","embeddable":true,"href":"https:\/\/vmsport.fi\/sv\/wp-json\/wp\/v2\/product_cat?post=52645"},{"taxonomy":"product_tag","embeddable":true,"href":"https:\/\/vmsport.fi\/sv\/wp-json\/wp\/v2\/product_tag?post=52645"},{"taxonomy":"industry_terminology","embeddable":true,"href":"https:\/\/vmsport.fi\/sv\/wp-json\/wp\/v2\/industry-terminology?post=52645"}],"curies":[{"name":"wp","href":"https:\/\/api.w.org\/{rel}","templated":true}]}}