{"id":52634,"date":"2025-03-05T23:32:36","date_gmt":"2025-03-05T21:32:36","guid":{"rendered":"https:\/\/vmsport.fi\/verkkokauppa\/Ei-luokiteltu\/poc-aspire-brown-silver-mirror-ajolasit\/"},"modified":"2026-01-16T13:22:53","modified_gmt":"2026-01-16T11:22:53","slug":"poc-aspire-brun-silver-spegel-solglasogon","status":"publish","type":"product","link":"https:\/\/vmsport.fi\/sv\/verkkokauppa\/ajovarusteet\/ajolasit\/poc-aspire-brown-silver-mirror-ajolasit\/","title":{"rendered":"POC Aspire Brun\/Silver Mirror Ajolasit"},"content":{"rendered":"<p>POC Aspire-solglas\u00f6gon med bruna och silverf\u00e4rgade spegellinser \u00e4r en utm\u00e4rkt kombination av stil och funktionalitet. Dessa solglas\u00f6gon \u00e4r designade f\u00f6r kr\u00e4vande anv\u00e4ndare och f\u00f6rb\u00e4ttrar synligheten under olika f\u00f6rh\u00e5llanden. Den ergonomiska designen och de l\u00e4tta materialen garanterar komfort under l\u00e5ngvarig anv\u00e4ndning. Spegellinserna ger ett effektivt skydd mot solens bl\u00e4ndande str\u00e5lar och ger samtidigt en modern look. Varum\u00e4rkets v\u00e4lk\u00e4nda kvalitet och prestanda g\u00f6r dessa glas\u00f6gon till ett p\u00e5litligt val f\u00f6r ett aktivt liv.<\/p>","protected":false},"excerpt":{"rendered":"<p>POC Aspire -ajolasit, joissa on ruskean ja hopean s\u00e4vyiset peililasit, tarjoavat erinomaisen yhdistelm\u00e4n tyyli\u00e4 ja toiminnallisuutta. N\u00e4m\u00e4 ajolasit on suunniteltu vaativille k\u00e4ytt\u00e4jille, ja ne parantavat n\u00e4kyvyytt\u00e4 erilaisissa olosuhteissa. Ergonominen muotoilu ja kevyet materiaalit takaavat mukavuuden pitk\u00e4aikaisessa k\u00e4yt\u00f6ss\u00e4. Peililinssit suojaavat tehokkaasti auringon h\u00e4ik\u00e4isylt\u00e4, samalla lis\u00e4ten modernia ilmett\u00e4. Merkin tunnettu laatu ja suorituskyky tekev\u00e4t n\u00e4ist\u00e4 laseista luotettavan [&#8230;]<\/p>\n<p><a class=\"btn btn-secondary understrap-read-more-link\" href=\"https:\/\/vmsport.fi\/sv\/verkkokauppa\/ajovarusteet\/ajolasit\/poc-aspire-brown-silver-mirror-ajolasit\/\">L\u00e4s mer \u2026<span class=\"screen-reader-text\"> from POC Aspire Brown\/Silver Mirror Ajolasit<\/span><\/a><\/p>\n","protected":false},"featured_media":52631,"comment_status":"open","ping_status":"closed","template":"","meta":{"_acf_changed":false,"_improvement_type_select":"improve_an_existing","_thumb_yes_seoaic":false,"_frame_yes_seoaic":false,"seoaic_generate_description":"","seoaic_improve_instructions_prompt":"","seoaic_rollback_content_improvement":"","seoaic_idea_thumbnail_generator":"","thumbnail_generated":false,"thumbnail_generate_prompt":"","seoaic_article_description":"","_supplier_stock_quantity":0},"product_brand":[],"product_model":[],"product_cat":[9280],"product_tag":[],"industry-terminology":[],"class_list":{"0":"post-52634","1":"product","2":"type-product","3":"status-publish","4":"has-post-thumbnail","6":"product_cat-ajolasit","8":"first","9":"outofstock","10":"taxable","11":"shipping-taxable","12":"product-type-simple"},"acf":{"bike_features":null,"overview":{"copy_overview":null,"key_features":null,"statement":"","youtube_url":""}},"yoast_head":"<!-- This site is optimized with the Yoast SEO plugin v27.3 - https:\/\/yoast.com\/product\/yoast-seo-wordpress\/ -->\n<title>POC Aspire Brown\/Silver Mirror Ajolasit - VM Sport<\/title>\n<meta name=\"robots\" content=\"index, follow, max-snippet:-1, max-image-preview:large, max-video-preview:-1\" \/>\n<link rel=\"canonical\" href=\"https:\/\/vmsport.fi\/sv\/webbutik\/korutrustning\/drivande-glasogon\/poc-aspire-brun-silver-spegel-solglasogon\/\" \/>\n<meta property=\"og:locale\" content=\"sv_SE\" \/>\n<meta property=\"og:type\" content=\"article\" \/>\n<meta property=\"og:title\" content=\"POC Aspire Brown\/Silver Mirror Ajolasit - VM Sport\" \/>\n<meta property=\"og:description\" content=\"POC Aspire -ajolasit, joissa on ruskean ja hopean s\u00e4vyiset peililasit, tarjoavat erinomaisen yhdistelm\u00e4n tyyli\u00e4 ja toiminnallisuutta. N\u00e4m\u00e4 ajolasit on suunniteltu vaativille k\u00e4ytt\u00e4jille, ja ne parantavat n\u00e4kyvyytt\u00e4 erilaisissa olosuhteissa. Ergonominen muotoilu ja kevyet materiaalit takaavat mukavuuden pitk\u00e4aikaisessa k\u00e4yt\u00f6ss\u00e4. Peililinssit suojaavat tehokkaasti auringon h\u00e4ik\u00e4isylt\u00e4, samalla lis\u00e4ten modernia ilmett\u00e4. Merkin tunnettu laatu ja suorituskyky tekev\u00e4t n\u00e4ist\u00e4 laseista luotettavan [...]L\u00e4s mer \u2026 from POC Aspire Brown\/Silver Mirror Ajolasit\" \/>\n<meta property=\"og:url\" content=\"https:\/\/vmsport.fi\/sv\/webbutik\/korutrustning\/drivande-glasogon\/poc-aspire-brun-silver-spegel-solglasogon\/\" \/>\n<meta property=\"og:site_name\" content=\"VM Sport\" \/>\n<meta property=\"article:publisher\" content=\"https:\/\/www.facebook.com\/Vmsport.fi\/\" \/>\n<meta property=\"article:modified_time\" content=\"2026-01-16T11:22:53+00:00\" \/>\n<meta property=\"og:image\" content=\"https:\/\/vmsport.fi\/wp-content\/uploads\/2025\/03\/ASP2012-Aspire-1597-BasaltBlue-BrownSilverMirror-BSM-0001-1.png\" \/>\n\t<meta property=\"og:image:width\" content=\"1000\" \/>\n\t<meta property=\"og:image:height\" content=\"1000\" \/>\n\t<meta property=\"og:image:type\" content=\"image\/png\" \/>\n<meta name=\"twitter:card\" content=\"summary_large_image\" \/>\n<script type=\"application\/ld+json\" class=\"yoast-schema-graph\">{\"@context\":\"https:\\\/\\\/schema.org\",\"@graph\":[{\"@type\":[\"WebPage\",\"ItemPage\"],\"@id\":\"https:\\\/\\\/vmsport.fi\\\/verkkokauppa\\\/ajovarusteet\\\/ajolasit\\\/poc-aspire-brown-silver-mirror-ajolasit\\\/\",\"url\":\"https:\\\/\\\/vmsport.fi\\\/verkkokauppa\\\/ajovarusteet\\\/ajolasit\\\/poc-aspire-brown-silver-mirror-ajolasit\\\/\",\"name\":\"POC Aspire Brown\\\/Silver Mirror Ajolasit - VM Sport\",\"isPartOf\":{\"@id\":\"https:\\\/\\\/vmsport.fi\\\/#website\"},\"primaryImageOfPage\":{\"@id\":\"https:\\\/\\\/vmsport.fi\\\/verkkokauppa\\\/ajovarusteet\\\/ajolasit\\\/poc-aspire-brown-silver-mirror-ajolasit\\\/#primaryimage\"},\"image\":{\"@id\":\"https:\\\/\\\/vmsport.fi\\\/verkkokauppa\\\/ajovarusteet\\\/ajolasit\\\/poc-aspire-brown-silver-mirror-ajolasit\\\/#primaryimage\"},\"thumbnailUrl\":\"https:\\\/\\\/vmsport.fi\\\/wp-content\\\/uploads\\\/2025\\\/03\\\/ASP2012-Aspire-1597-BasaltBlue-BrownSilverMirror-BSM-0001-1.png\",\"datePublished\":\"2025-03-05T21:32:36+00:00\",\"dateModified\":\"2026-01-16T11:22:53+00:00\",\"breadcrumb\":{\"@id\":\"https:\\\/\\\/vmsport.fi\\\/verkkokauppa\\\/ajovarusteet\\\/ajolasit\\\/poc-aspire-brown-silver-mirror-ajolasit\\\/#breadcrumb\"},\"inLanguage\":\"sv-SE\",\"potentialAction\":[{\"@type\":\"ReadAction\",\"target\":[\"https:\\\/\\\/vmsport.fi\\\/verkkokauppa\\\/ajovarusteet\\\/ajolasit\\\/poc-aspire-brown-silver-mirror-ajolasit\\\/\"]}]},{\"@type\":\"ImageObject\",\"inLanguage\":\"sv-SE\",\"@id\":\"https:\\\/\\\/vmsport.fi\\\/verkkokauppa\\\/ajovarusteet\\\/ajolasit\\\/poc-aspire-brown-silver-mirror-ajolasit\\\/#primaryimage\",\"url\":\"https:\\\/\\\/vmsport.fi\\\/wp-content\\\/uploads\\\/2025\\\/03\\\/ASP2012-Aspire-1597-BasaltBlue-BrownSilverMirror-BSM-0001-1.png\",\"contentUrl\":\"https:\\\/\\\/vmsport.fi\\\/wp-content\\\/uploads\\\/2025\\\/03\\\/ASP2012-Aspire-1597-BasaltBlue-BrownSilverMirror-BSM-0001-1.png\",\"width\":1000,\"height\":1000,\"caption\":\"ASP2012-Aspire-1597-BasaltBlue-BrownSilverMirror-BSM-0001\"},{\"@type\":\"BreadcrumbList\",\"@id\":\"https:\\\/\\\/vmsport.fi\\\/verkkokauppa\\\/ajovarusteet\\\/ajolasit\\\/poc-aspire-brown-silver-mirror-ajolasit\\\/#breadcrumb\",\"itemListElement\":[{\"@type\":\"ListItem\",\"position\":1,\"name\":\"Etusivu\",\"item\":\"https:\\\/\\\/vmsport.fi\\\/\"},{\"@type\":\"ListItem\",\"position\":2,\"name\":\"Online Store\",\"item\":\"https:\\\/\\\/vmsport.fi\\\/en\\\/online-store\\\/\"},{\"@type\":\"ListItem\",\"position\":3,\"name\":\"POC Aspire Brown\\\/Silver Mirror Ajolasit\"}]},{\"@type\":\"WebSite\",\"@id\":\"https:\\\/\\\/vmsport.fi\\\/#website\",\"url\":\"https:\\\/\\\/vmsport.fi\\\/\",\"name\":\"Vmsport\",\"description\":\"Kaikki py\u00f6r\u00e4ilyyn yhdest\u00e4 paikasta\",\"publisher\":{\"@id\":\"https:\\\/\\\/vmsport.fi\\\/#organization\"},\"potentialAction\":[{\"@type\":\"SearchAction\",\"target\":{\"@type\":\"EntryPoint\",\"urlTemplate\":\"https:\\\/\\\/vmsport.fi\\\/?s={search_term_string}\"},\"query-input\":{\"@type\":\"PropertyValueSpecification\",\"valueRequired\":true,\"valueName\":\"search_term_string\"}}],\"inLanguage\":\"sv-SE\"},{\"@type\":\"Organization\",\"@id\":\"https:\\\/\\\/vmsport.fi\\\/#organization\",\"name\":\"Vmsport\",\"url\":\"https:\\\/\\\/vmsport.fi\\\/\",\"logo\":{\"@type\":\"ImageObject\",\"inLanguage\":\"sv-SE\",\"@id\":\"https:\\\/\\\/vmsport.fi\\\/#\\\/schema\\\/logo\\\/image\\\/\",\"url\":\"https:\\\/\\\/vmsport.fi\\\/wp-content\\\/uploads\\\/2024\\\/12\\\/vm_sport_RGB_horisontal-e1734526017575.png\",\"contentUrl\":\"https:\\\/\\\/vmsport.fi\\\/wp-content\\\/uploads\\\/2024\\\/12\\\/vm_sport_RGB_horisontal-e1734526017575.png\",\"width\":668,\"height\":85,\"caption\":\"Vmsport\"},\"image\":{\"@id\":\"https:\\\/\\\/vmsport.fi\\\/#\\\/schema\\\/logo\\\/image\\\/\"},\"sameAs\":[\"https:\\\/\\\/www.facebook.com\\\/Vmsport.fi\\\/\",\"https:\\\/\\\/www.instagram.com\\\/vmsport\\\/\"]}]}<\/script>\n<!-- \/ Yoast SEO plugin. -->","yoast_head_json":{"title":"POC Aspire Brun\/Silver Spegel Solglas\u00f6gon - VM Sport","robots":{"index":"index","follow":"follow","max-snippet":"max-snippet:-1","max-image-preview":"max-image-preview:large","max-video-preview":"max-video-preview:-1"},"canonical":"https:\/\/vmsport.fi\/sv\/webbutik\/korutrustning\/drivande-glasogon\/poc-aspire-brun-silver-spegel-solglasogon\/","og_locale":"sv_SE","og_type":"article","og_title":"POC Aspire Brown\/Silver Mirror Ajolasit - VM Sport","og_description":"POC Aspire -ajolasit, joissa on ruskean ja hopean s\u00e4vyiset peililasit, tarjoavat erinomaisen yhdistelm\u00e4n tyyli\u00e4 ja toiminnallisuutta. N\u00e4m\u00e4 ajolasit on suunniteltu vaativille k\u00e4ytt\u00e4jille, ja ne parantavat n\u00e4kyvyytt\u00e4 erilaisissa olosuhteissa. Ergonominen muotoilu ja kevyet materiaalit takaavat mukavuuden pitk\u00e4aikaisessa k\u00e4yt\u00f6ss\u00e4. Peililinssit suojaavat tehokkaasti auringon h\u00e4ik\u00e4isylt\u00e4, samalla lis\u00e4ten modernia ilmett\u00e4. Merkin tunnettu laatu ja suorituskyky tekev\u00e4t n\u00e4ist\u00e4 laseista luotettavan [...]L\u00e4s mer \u2026 from POC Aspire Brown\/Silver Mirror Ajolasit","og_url":"https:\/\/vmsport.fi\/sv\/webbutik\/korutrustning\/drivande-glasogon\/poc-aspire-brun-silver-spegel-solglasogon\/","og_site_name":"VM Sport","article_publisher":"https:\/\/www.facebook.com\/Vmsport.fi\/","article_modified_time":"2026-01-16T11:22:53+00:00","og_image":[{"width":1000,"height":1000,"url":"https:\/\/vmsport.fi\/wp-content\/uploads\/2025\/03\/ASP2012-Aspire-1597-BasaltBlue-BrownSilverMirror-BSM-0001-1.png","type":"image\/png"}],"twitter_card":"summary_large_image","schema":{"@context":"https:\/\/schema.org","@graph":[{"@type":["WebPage","ItemPage"],"@id":"https:\/\/vmsport.fi\/verkkokauppa\/ajovarusteet\/ajolasit\/poc-aspire-brown-silver-mirror-ajolasit\/","url":"https:\/\/vmsport.fi\/verkkokauppa\/ajovarusteet\/ajolasit\/poc-aspire-brown-silver-mirror-ajolasit\/","name":"POC Aspire Brun\/Silver Spegel Solglas\u00f6gon - VM Sport","isPartOf":{"@id":"https:\/\/vmsport.fi\/#website"},"primaryImageOfPage":{"@id":"https:\/\/vmsport.fi\/verkkokauppa\/ajovarusteet\/ajolasit\/poc-aspire-brown-silver-mirror-ajolasit\/#primaryimage"},"image":{"@id":"https:\/\/vmsport.fi\/verkkokauppa\/ajovarusteet\/ajolasit\/poc-aspire-brown-silver-mirror-ajolasit\/#primaryimage"},"thumbnailUrl":"https:\/\/vmsport.fi\/wp-content\/uploads\/2025\/03\/ASP2012-Aspire-1597-BasaltBlue-BrownSilverMirror-BSM-0001-1.png","datePublished":"2025-03-05T21:32:36+00:00","dateModified":"2026-01-16T11:22:53+00:00","breadcrumb":{"@id":"https:\/\/vmsport.fi\/verkkokauppa\/ajovarusteet\/ajolasit\/poc-aspire-brown-silver-mirror-ajolasit\/#breadcrumb"},"inLanguage":"sv-SE","potentialAction":[{"@type":"ReadAction","target":["https:\/\/vmsport.fi\/verkkokauppa\/ajovarusteet\/ajolasit\/poc-aspire-brown-silver-mirror-ajolasit\/"]}]},{"@type":"ImageObject","inLanguage":"sv-SE","@id":"https:\/\/vmsport.fi\/verkkokauppa\/ajovarusteet\/ajolasit\/poc-aspire-brown-silver-mirror-ajolasit\/#primaryimage","url":"https:\/\/vmsport.fi\/wp-content\/uploads\/2025\/03\/ASP2012-Aspire-1597-BasaltBlue-BrownSilverMirror-BSM-0001-1.png","contentUrl":"https:\/\/vmsport.fi\/wp-content\/uploads\/2025\/03\/ASP2012-Aspire-1597-BasaltBlue-BrownSilverMirror-BSM-0001-1.png","width":1000,"height":1000,"caption":"ASP2012-Aspire-1597-BasaltBlue-BrownSilverMirror-BSM-0001"},{"@type":"BreadcrumbList","@id":"https:\/\/vmsport.fi\/verkkokauppa\/ajovarusteet\/ajolasit\/poc-aspire-brown-silver-mirror-ajolasit\/#breadcrumb","itemListElement":[{"@type":"ListItem","position":1,"name":"Etusivu","item":"https:\/\/vmsport.fi\/"},{"@type":"ListItem","position":2,"name":"Online Store","item":"https:\/\/vmsport.fi\/en\/online-store\/"},{"@type":"ListItem","position":3,"name":"POC Aspire Brown\/Silver Mirror Ajolasit"}]},{"@type":"WebSite","@id":"https:\/\/vmsport.fi\/#website","url":"https:\/\/vmsport.fi\/","name":"Vmsport","description":"Allt p\u00e5 ett st\u00e4lle f\u00f6r cykling","publisher":{"@id":"https:\/\/vmsport.fi\/#organization"},"potentialAction":[{"@type":"SearchAction","target":{"@type":"EntryPoint","urlTemplate":"https:\/\/vmsport.fi\/?s={search_term_string}"},"query-input":{"@type":"PropertyValueSpecification","valueRequired":true,"valueName":"search_term_string"}}],"inLanguage":"sv-SE"},{"@type":"Organization","@id":"https:\/\/vmsport.fi\/#organization","name":"Vmsport","url":"https:\/\/vmsport.fi\/","logo":{"@type":"ImageObject","inLanguage":"sv-SE","@id":"https:\/\/vmsport.fi\/#\/schema\/logo\/image\/","url":"https:\/\/vmsport.fi\/wp-content\/uploads\/2024\/12\/vm_sport_RGB_horisontal-e1734526017575.png","contentUrl":"https:\/\/vmsport.fi\/wp-content\/uploads\/2024\/12\/vm_sport_RGB_horisontal-e1734526017575.png","width":668,"height":85,"caption":"Vmsport"},"image":{"@id":"https:\/\/vmsport.fi\/#\/schema\/logo\/image\/"},"sameAs":["https:\/\/www.facebook.com\/Vmsport.fi\/","https:\/\/www.instagram.com\/vmsport\/"]}]}},"global_unique_id":"","_links":{"self":[{"href":"https:\/\/vmsport.fi\/sv\/wp-json\/wp\/v2\/product\/52634","targetHints":{"allow":["GET"]}}],"collection":[{"href":"https:\/\/vmsport.fi\/sv\/wp-json\/wp\/v2\/product"}],"about":[{"href":"https:\/\/vmsport.fi\/sv\/wp-json\/wp\/v2\/types\/product"}],"replies":[{"embeddable":true,"href":"https:\/\/vmsport.fi\/sv\/wp-json\/wp\/v2\/comments?post=52634"}],"wp:featuredmedia":[{"embeddable":true,"href":"https:\/\/vmsport.fi\/sv\/wp-json\/wp\/v2\/media\/52631"}],"wp:attachment":[{"href":"https:\/\/vmsport.fi\/sv\/wp-json\/wp\/v2\/media?parent=52634"}],"wp:term":[{"taxonomy":"product_brand","embeddable":true,"href":"https:\/\/vmsport.fi\/sv\/wp-json\/wp\/v2\/product_brand?post=52634"},{"taxonomy":"product_model","embeddable":true,"href":"https:\/\/vmsport.fi\/sv\/wp-json\/wp\/v2\/product_model?post=52634"},{"taxonomy":"product_cat","embeddable":true,"href":"https:\/\/vmsport.fi\/sv\/wp-json\/wp\/v2\/product_cat?post=52634"},{"taxonomy":"product_tag","embeddable":true,"href":"https:\/\/vmsport.fi\/sv\/wp-json\/wp\/v2\/product_tag?post=52634"},{"taxonomy":"industry_terminology","embeddable":true,"href":"https:\/\/vmsport.fi\/sv\/wp-json\/wp\/v2\/industry-terminology?post=52634"}],"curies":[{"name":"wp","href":"https:\/\/api.w.org\/{rel}","templated":true}]}}