{"id":52611,"date":"2025-03-05T23:32:15","date_gmt":"2025-03-05T21:32:15","guid":{"rendered":"https:\/\/vmsport.fi\/verkkokauppa\/Ei-luokiteltu\/vapaaratas-7v-mf-tz500-14-16-18-20-22-24-28t\/"},"modified":"2026-04-22T15:05:36","modified_gmt":"2026-04-22T12:05:36","slug":"frihjul-7v-mf-tz500-14-16-18-20-22-24-28t","status":"publish","type":"product","link":"https:\/\/vmsport.fi\/sv\/verkkokauppa\/varaosat\/voimansiirto\/takarattaat\/vapaaratas-7v-mf-tz500-14-16-18-20-22-24-28t\/","title":{"rendered":"7v MF-TZ500 14-16-18-20-22-24-28T"},"content":{"rendered":"<p>Shimano MF-TZ500 \u00e4r ett h\u00f6gkvalitativt 7-v\u00e4xlat frihjul som ger smidiga och tillf\u00f6rlitliga v\u00e4xlingar. Med ett tandavst\u00e5nd p\u00e5 14-16-18-20-22-24-28T kan cyklister hitta r\u00e4tt v\u00e4xel f\u00f6r olika terr\u00e4nger, vilket g\u00f6r cyklingen b\u00e5de bekv\u00e4m och effektiv. Denna komponent \u00e4r speciellt utformad f\u00f6r att t\u00e5la aktiv anv\u00e4ndning och \u00e4r l\u00e4tt att montera p\u00e5 cykeln. Det \u00e4r ett utm\u00e4rkt val f\u00f6r alla som v\u00e4rdes\u00e4tter kvalitet och prestanda i sin cykelutrustning.<\/p>","protected":false},"excerpt":{"rendered":"<p>Shimano MF-TZ500 on laadukas 7-vaihteinen vapaaratas, joka tarjoaa sujuvan ja luotettavan vaihteiden vaihdon. Hammasj\u00e4rjestyksell\u00e4 14-16-18-20-22-24-28T py\u00f6r\u00e4ilij\u00e4 voi l\u00f6yt\u00e4\u00e4 sopivan v\u00e4lityksen erilaisiin maastoihin, mik\u00e4 tekee py\u00f6r\u00e4ilyst\u00e4 sek\u00e4 miellytt\u00e4v\u00e4\u00e4 ett\u00e4 tehokasta. T\u00e4m\u00e4 osa on suunniteltu erityisesti kest\u00e4m\u00e4\u00e4n aktiivista k\u00e4ytt\u00f6\u00e4 ja on helppo asentaa py\u00f6r\u00e4\u00e4n. Se on erinomainen valinta kaikille, jotka arvostavat laatua ja suorituskyky\u00e4 py\u00f6r\u00e4ilyvarusteissaan. [&#8230;]<\/p>\n<p><a class=\"btn btn-secondary understrap-read-more-link\" href=\"https:\/\/vmsport.fi\/sv\/verkkokauppa\/varaosat\/voimansiirto\/takarattaat\/vapaaratas-7v-mf-tz500-14-16-18-20-22-24-28t\/\">L\u00e4s mer \u2026<span class=\"screen-reader-text\"> from Vapaaratas 7v MF-TZ500 14-16-18-20-22-24-28T<\/span><\/a><\/p>\n","protected":false},"featured_media":52610,"comment_status":"open","ping_status":"closed","template":"","meta":{"_acf_changed":false,"_improvement_type_select":"improve_an_existing","_thumb_yes_seoaic":false,"_frame_yes_seoaic":false,"seoaic_generate_description":"","seoaic_improve_instructions_prompt":"","seoaic_rollback_content_improvement":"","seoaic_idea_thumbnail_generator":"","thumbnail_generated":false,"thumbnail_generate_prompt":"","seoaic_article_description":"","_supplier_stock_quantity":0},"product_brand":[],"product_model":[],"product_cat":[9348],"product_tag":[],"industry-terminology":[],"class_list":{"0":"post-52611","1":"product","2":"type-product","3":"status-publish","4":"has-post-thumbnail","6":"product_cat-takarattaat","8":"first","9":"instock","10":"taxable","11":"shipping-taxable","12":"purchasable","13":"product-type-simple"},"acf":{"bike_features":null,"overview":{"copy_overview":null,"key_features":null,"statement":"","youtube_url":""}},"yoast_head":"<!-- This site is optimized with the Yoast SEO plugin v27.4 - https:\/\/yoast.com\/product\/yoast-seo-wordpress\/ -->\n<title>Vapaaratas 7v MF-TZ500 14-16-18-20-22-24-28T - VM Sport<\/title>\n<meta name=\"robots\" content=\"index, follow, max-snippet:-1, max-image-preview:large, max-video-preview:-1\" \/>\n<link rel=\"canonical\" href=\"https:\/\/vmsport.fi\/sv\/webbutik\/reservdelar\/transmission\/takarattaat\/frihjul-7v-mf-tz500-14-16-18-20-22-24-28t\/\" \/>\n<meta property=\"og:locale\" content=\"sv_SE\" \/>\n<meta property=\"og:type\" content=\"article\" \/>\n<meta property=\"og:title\" content=\"Vapaaratas 7v MF-TZ500 14-16-18-20-22-24-28T - VM Sport\" \/>\n<meta property=\"og:description\" content=\"Shimano MF-TZ500 on laadukas 7-vaihteinen vapaaratas, joka tarjoaa sujuvan ja luotettavan vaihteiden vaihdon. Hammasj\u00e4rjestyksell\u00e4 14-16-18-20-22-24-28T py\u00f6r\u00e4ilij\u00e4 voi l\u00f6yt\u00e4\u00e4 sopivan v\u00e4lityksen erilaisiin maastoihin, mik\u00e4 tekee py\u00f6r\u00e4ilyst\u00e4 sek\u00e4 miellytt\u00e4v\u00e4\u00e4 ett\u00e4 tehokasta. T\u00e4m\u00e4 osa on suunniteltu erityisesti kest\u00e4m\u00e4\u00e4n aktiivista k\u00e4ytt\u00f6\u00e4 ja on helppo asentaa py\u00f6r\u00e4\u00e4n. Se on erinomainen valinta kaikille, jotka arvostavat laatua ja suorituskyky\u00e4 py\u00f6r\u00e4ilyvarusteissaan. [...]L\u00e4s mer \u2026 from Vapaaratas 7v MF-TZ500 14-16-18-20-22-24-28T\" \/>\n<meta property=\"og:url\" content=\"https:\/\/vmsport.fi\/sv\/webbutik\/reservdelar\/transmission\/takarattaat\/frihjul-7v-mf-tz500-14-16-18-20-22-24-28t\/\" \/>\n<meta property=\"og:site_name\" content=\"VM Sport\" \/>\n<meta property=\"article:publisher\" content=\"https:\/\/www.facebook.com\/Vmsport.fi\/\" \/>\n<meta property=\"article:modified_time\" content=\"2026-04-22T12:05:36+00:00\" \/>\n<meta property=\"og:image\" content=\"https:\/\/vmsport.fi\/wp-content\/uploads\/2025\/03\/Ftpr0S14vfvBvEpHALo8ixVxgXxR8bn07bsG15DgJT1gtTlRjI-1.jpg\" \/>\n\t<meta property=\"og:image:width\" content=\"600\" \/>\n\t<meta property=\"og:image:height\" content=\"600\" \/>\n\t<meta property=\"og:image:type\" content=\"image\/jpeg\" \/>\n<meta name=\"twitter:card\" content=\"summary_large_image\" \/>\n<script type=\"application\/ld+json\" class=\"yoast-schema-graph\">{\"@context\":\"https:\\\/\\\/schema.org\",\"@graph\":[{\"@type\":[\"WebPage\",\"ItemPage\"],\"@id\":\"https:\\\/\\\/vmsport.fi\\\/verkkokauppa\\\/varaosat\\\/voimansiirto\\\/takarattaat\\\/vapaaratas-7v-mf-tz500-14-16-18-20-22-24-28t\\\/\",\"url\":\"https:\\\/\\\/vmsport.fi\\\/verkkokauppa\\\/varaosat\\\/voimansiirto\\\/takarattaat\\\/vapaaratas-7v-mf-tz500-14-16-18-20-22-24-28t\\\/\",\"name\":\"Vapaaratas 7v MF-TZ500 14-16-18-20-22-24-28T - VM Sport\",\"isPartOf\":{\"@id\":\"https:\\\/\\\/vmsport.fi\\\/#website\"},\"primaryImageOfPage\":{\"@id\":\"https:\\\/\\\/vmsport.fi\\\/verkkokauppa\\\/varaosat\\\/voimansiirto\\\/takarattaat\\\/vapaaratas-7v-mf-tz500-14-16-18-20-22-24-28t\\\/#primaryimage\"},\"image\":{\"@id\":\"https:\\\/\\\/vmsport.fi\\\/verkkokauppa\\\/varaosat\\\/voimansiirto\\\/takarattaat\\\/vapaaratas-7v-mf-tz500-14-16-18-20-22-24-28t\\\/#primaryimage\"},\"thumbnailUrl\":\"https:\\\/\\\/vmsport.fi\\\/wp-content\\\/uploads\\\/2025\\\/03\\\/Ftpr0S14vfvBvEpHALo8ixVxgXxR8bn07bsG15DgJT1gtTlRjI-1.jpg\",\"datePublished\":\"2025-03-05T21:32:15+00:00\",\"dateModified\":\"2026-04-22T12:05:36+00:00\",\"breadcrumb\":{\"@id\":\"https:\\\/\\\/vmsport.fi\\\/verkkokauppa\\\/varaosat\\\/voimansiirto\\\/takarattaat\\\/vapaaratas-7v-mf-tz500-14-16-18-20-22-24-28t\\\/#breadcrumb\"},\"inLanguage\":\"sv-SE\",\"potentialAction\":[{\"@type\":\"ReadAction\",\"target\":[\"https:\\\/\\\/vmsport.fi\\\/verkkokauppa\\\/varaosat\\\/voimansiirto\\\/takarattaat\\\/vapaaratas-7v-mf-tz500-14-16-18-20-22-24-28t\\\/\"]}]},{\"@type\":\"ImageObject\",\"inLanguage\":\"sv-SE\",\"@id\":\"https:\\\/\\\/vmsport.fi\\\/verkkokauppa\\\/varaosat\\\/voimansiirto\\\/takarattaat\\\/vapaaratas-7v-mf-tz500-14-16-18-20-22-24-28t\\\/#primaryimage\",\"url\":\"https:\\\/\\\/vmsport.fi\\\/wp-content\\\/uploads\\\/2025\\\/03\\\/Ftpr0S14vfvBvEpHALo8ixVxgXxR8bn07bsG15DgJT1gtTlRjI-1.jpg\",\"contentUrl\":\"https:\\\/\\\/vmsport.fi\\\/wp-content\\\/uploads\\\/2025\\\/03\\\/Ftpr0S14vfvBvEpHALo8ixVxgXxR8bn07bsG15DgJT1gtTlRjI-1.jpg\",\"width\":600,\"height\":600,\"caption\":\"Ftpr0S14vfvBvEpHALo8ixVxgXxR8bn07bsG15DgJT1gtTlRjI\"},{\"@type\":\"BreadcrumbList\",\"@id\":\"https:\\\/\\\/vmsport.fi\\\/verkkokauppa\\\/varaosat\\\/voimansiirto\\\/takarattaat\\\/vapaaratas-7v-mf-tz500-14-16-18-20-22-24-28t\\\/#breadcrumb\",\"itemListElement\":[{\"@type\":\"ListItem\",\"position\":1,\"name\":\"Etusivu\",\"item\":\"https:\\\/\\\/vmsport.fi\\\/\"},{\"@type\":\"ListItem\",\"position\":2,\"name\":\"Online Store\",\"item\":\"https:\\\/\\\/vmsport.fi\\\/en\\\/online-store\\\/\"},{\"@type\":\"ListItem\",\"position\":3,\"name\":\"Vapaaratas 7v MF-TZ500 14-16-18-20-22-24-28T\"}]},{\"@type\":\"WebSite\",\"@id\":\"https:\\\/\\\/vmsport.fi\\\/#website\",\"url\":\"https:\\\/\\\/vmsport.fi\\\/\",\"name\":\"Vmsport\",\"description\":\"Kaikki py\u00f6r\u00e4ilyyn yhdest\u00e4 paikasta\",\"publisher\":{\"@id\":\"https:\\\/\\\/vmsport.fi\\\/#organization\"},\"potentialAction\":[{\"@type\":\"SearchAction\",\"target\":{\"@type\":\"EntryPoint\",\"urlTemplate\":\"https:\\\/\\\/vmsport.fi\\\/?s={search_term_string}\"},\"query-input\":{\"@type\":\"PropertyValueSpecification\",\"valueRequired\":true,\"valueName\":\"search_term_string\"}}],\"inLanguage\":\"sv-SE\"},{\"@type\":\"Organization\",\"@id\":\"https:\\\/\\\/vmsport.fi\\\/#organization\",\"name\":\"Vmsport\",\"url\":\"https:\\\/\\\/vmsport.fi\\\/\",\"logo\":{\"@type\":\"ImageObject\",\"inLanguage\":\"sv-SE\",\"@id\":\"https:\\\/\\\/vmsport.fi\\\/#\\\/schema\\\/logo\\\/image\\\/\",\"url\":\"https:\\\/\\\/vmsport.fi\\\/wp-content\\\/uploads\\\/2024\\\/12\\\/vm_sport_RGB_horisontal-e1734526017575.png\",\"contentUrl\":\"https:\\\/\\\/vmsport.fi\\\/wp-content\\\/uploads\\\/2024\\\/12\\\/vm_sport_RGB_horisontal-e1734526017575.png\",\"width\":668,\"height\":85,\"caption\":\"Vmsport\"},\"image\":{\"@id\":\"https:\\\/\\\/vmsport.fi\\\/#\\\/schema\\\/logo\\\/image\\\/\"},\"sameAs\":[\"https:\\\/\\\/www.facebook.com\\\/Vmsport.fi\\\/\",\"https:\\\/\\\/www.instagram.com\\\/vmsport\\\/\"]}]}<\/script>\n<!-- \/ Yoast SEO plugin. -->","yoast_head_json":{"title":"Frihjul 7v MF-TZ500 14-16-18-20-22-24-28T - VM Sport","robots":{"index":"index","follow":"follow","max-snippet":"max-snippet:-1","max-image-preview":"max-image-preview:large","max-video-preview":"max-video-preview:-1"},"canonical":"https:\/\/vmsport.fi\/sv\/webbutik\/reservdelar\/transmission\/takarattaat\/frihjul-7v-mf-tz500-14-16-18-20-22-24-28t\/","og_locale":"sv_SE","og_type":"article","og_title":"Vapaaratas 7v MF-TZ500 14-16-18-20-22-24-28T - VM Sport","og_description":"Shimano MF-TZ500 on laadukas 7-vaihteinen vapaaratas, joka tarjoaa sujuvan ja luotettavan vaihteiden vaihdon. Hammasj\u00e4rjestyksell\u00e4 14-16-18-20-22-24-28T py\u00f6r\u00e4ilij\u00e4 voi l\u00f6yt\u00e4\u00e4 sopivan v\u00e4lityksen erilaisiin maastoihin, mik\u00e4 tekee py\u00f6r\u00e4ilyst\u00e4 sek\u00e4 miellytt\u00e4v\u00e4\u00e4 ett\u00e4 tehokasta. T\u00e4m\u00e4 osa on suunniteltu erityisesti kest\u00e4m\u00e4\u00e4n aktiivista k\u00e4ytt\u00f6\u00e4 ja on helppo asentaa py\u00f6r\u00e4\u00e4n. Se on erinomainen valinta kaikille, jotka arvostavat laatua ja suorituskyky\u00e4 py\u00f6r\u00e4ilyvarusteissaan. [...]L\u00e4s mer \u2026 from Vapaaratas 7v MF-TZ500 14-16-18-20-22-24-28T","og_url":"https:\/\/vmsport.fi\/sv\/webbutik\/reservdelar\/transmission\/takarattaat\/frihjul-7v-mf-tz500-14-16-18-20-22-24-28t\/","og_site_name":"VM Sport","article_publisher":"https:\/\/www.facebook.com\/Vmsport.fi\/","article_modified_time":"2026-04-22T12:05:36+00:00","og_image":[{"width":600,"height":600,"url":"https:\/\/vmsport.fi\/wp-content\/uploads\/2025\/03\/Ftpr0S14vfvBvEpHALo8ixVxgXxR8bn07bsG15DgJT1gtTlRjI-1.jpg","type":"image\/jpeg"}],"twitter_card":"summary_large_image","schema":{"@context":"https:\/\/schema.org","@graph":[{"@type":["WebPage","ItemPage"],"@id":"https:\/\/vmsport.fi\/verkkokauppa\/varaosat\/voimansiirto\/takarattaat\/vapaaratas-7v-mf-tz500-14-16-18-20-22-24-28t\/","url":"https:\/\/vmsport.fi\/verkkokauppa\/varaosat\/voimansiirto\/takarattaat\/vapaaratas-7v-mf-tz500-14-16-18-20-22-24-28t\/","name":"Frihjul 7v MF-TZ500 14-16-18-20-22-24-28T - VM Sport","isPartOf":{"@id":"https:\/\/vmsport.fi\/#website"},"primaryImageOfPage":{"@id":"https:\/\/vmsport.fi\/verkkokauppa\/varaosat\/voimansiirto\/takarattaat\/vapaaratas-7v-mf-tz500-14-16-18-20-22-24-28t\/#primaryimage"},"image":{"@id":"https:\/\/vmsport.fi\/verkkokauppa\/varaosat\/voimansiirto\/takarattaat\/vapaaratas-7v-mf-tz500-14-16-18-20-22-24-28t\/#primaryimage"},"thumbnailUrl":"https:\/\/vmsport.fi\/wp-content\/uploads\/2025\/03\/Ftpr0S14vfvBvEpHALo8ixVxgXxR8bn07bsG15DgJT1gtTlRjI-1.jpg","datePublished":"2025-03-05T21:32:15+00:00","dateModified":"2026-04-22T12:05:36+00:00","breadcrumb":{"@id":"https:\/\/vmsport.fi\/verkkokauppa\/varaosat\/voimansiirto\/takarattaat\/vapaaratas-7v-mf-tz500-14-16-18-20-22-24-28t\/#breadcrumb"},"inLanguage":"sv-SE","potentialAction":[{"@type":"ReadAction","target":["https:\/\/vmsport.fi\/verkkokauppa\/varaosat\/voimansiirto\/takarattaat\/vapaaratas-7v-mf-tz500-14-16-18-20-22-24-28t\/"]}]},{"@type":"ImageObject","inLanguage":"sv-SE","@id":"https:\/\/vmsport.fi\/verkkokauppa\/varaosat\/voimansiirto\/takarattaat\/vapaaratas-7v-mf-tz500-14-16-18-20-22-24-28t\/#primaryimage","url":"https:\/\/vmsport.fi\/wp-content\/uploads\/2025\/03\/Ftpr0S14vfvBvEpHALo8ixVxgXxR8bn07bsG15DgJT1gtTlRjI-1.jpg","contentUrl":"https:\/\/vmsport.fi\/wp-content\/uploads\/2025\/03\/Ftpr0S14vfvBvEpHALo8ixVxgXxR8bn07bsG15DgJT1gtTlRjI-1.jpg","width":600,"height":600,"caption":"Ftpr0S14vfvBvEpHALo8ixVxgXxR8bn07bsG15DgJT1gtTlRjI"},{"@type":"BreadcrumbList","@id":"https:\/\/vmsport.fi\/verkkokauppa\/varaosat\/voimansiirto\/takarattaat\/vapaaratas-7v-mf-tz500-14-16-18-20-22-24-28t\/#breadcrumb","itemListElement":[{"@type":"ListItem","position":1,"name":"Etusivu","item":"https:\/\/vmsport.fi\/"},{"@type":"ListItem","position":2,"name":"Online Store","item":"https:\/\/vmsport.fi\/en\/online-store\/"},{"@type":"ListItem","position":3,"name":"Vapaaratas 7v MF-TZ500 14-16-18-20-22-24-28T"}]},{"@type":"WebSite","@id":"https:\/\/vmsport.fi\/#website","url":"https:\/\/vmsport.fi\/","name":"Vmsport","description":"Allt p\u00e5 ett st\u00e4lle f\u00f6r cykling","publisher":{"@id":"https:\/\/vmsport.fi\/#organization"},"potentialAction":[{"@type":"SearchAction","target":{"@type":"EntryPoint","urlTemplate":"https:\/\/vmsport.fi\/?s={search_term_string}"},"query-input":{"@type":"PropertyValueSpecification","valueRequired":true,"valueName":"search_term_string"}}],"inLanguage":"sv-SE"},{"@type":"Organization","@id":"https:\/\/vmsport.fi\/#organization","name":"Vmsport","url":"https:\/\/vmsport.fi\/","logo":{"@type":"ImageObject","inLanguage":"sv-SE","@id":"https:\/\/vmsport.fi\/#\/schema\/logo\/image\/","url":"https:\/\/vmsport.fi\/wp-content\/uploads\/2024\/12\/vm_sport_RGB_horisontal-e1734526017575.png","contentUrl":"https:\/\/vmsport.fi\/wp-content\/uploads\/2024\/12\/vm_sport_RGB_horisontal-e1734526017575.png","width":668,"height":85,"caption":"Vmsport"},"image":{"@id":"https:\/\/vmsport.fi\/#\/schema\/logo\/image\/"},"sameAs":["https:\/\/www.facebook.com\/Vmsport.fi\/","https:\/\/www.instagram.com\/vmsport\/"]}]}},"global_unique_id":"","_links":{"self":[{"href":"https:\/\/vmsport.fi\/sv\/wp-json\/wp\/v2\/product\/52611","targetHints":{"allow":["GET"]}}],"collection":[{"href":"https:\/\/vmsport.fi\/sv\/wp-json\/wp\/v2\/product"}],"about":[{"href":"https:\/\/vmsport.fi\/sv\/wp-json\/wp\/v2\/types\/product"}],"replies":[{"embeddable":true,"href":"https:\/\/vmsport.fi\/sv\/wp-json\/wp\/v2\/comments?post=52611"}],"wp:featuredmedia":[{"embeddable":true,"href":"https:\/\/vmsport.fi\/sv\/wp-json\/wp\/v2\/media\/52610"}],"wp:attachment":[{"href":"https:\/\/vmsport.fi\/sv\/wp-json\/wp\/v2\/media?parent=52611"}],"wp:term":[{"taxonomy":"product_brand","embeddable":true,"href":"https:\/\/vmsport.fi\/sv\/wp-json\/wp\/v2\/product_brand?post=52611"},{"taxonomy":"product_model","embeddable":true,"href":"https:\/\/vmsport.fi\/sv\/wp-json\/wp\/v2\/product_model?post=52611"},{"taxonomy":"product_cat","embeddable":true,"href":"https:\/\/vmsport.fi\/sv\/wp-json\/wp\/v2\/product_cat?post=52611"},{"taxonomy":"product_tag","embeddable":true,"href":"https:\/\/vmsport.fi\/sv\/wp-json\/wp\/v2\/product_tag?post=52611"},{"taxonomy":"industry_terminology","embeddable":true,"href":"https:\/\/vmsport.fi\/sv\/wp-json\/wp\/v2\/industry-terminology?post=52611"}],"curies":[{"name":"wp","href":"https:\/\/api.w.org\/{rel}","templated":true}]}}