{"id":52594,"date":"2025-03-05T23:32:04","date_gmt":"2025-03-05T21:32:04","guid":{"rendered":"https:\/\/vmsport.fi\/verkkokauppa\/Ei-luokiteltu\/muc-off-e-bike-dry-lube-50-ml\/"},"modified":"2026-03-30T11:00:44","modified_gmt":"2026-03-30T08:00:44","slug":"muc-off-e-bike-torrsmorjning-50-ml","status":"publish","type":"product","link":"https:\/\/vmsport.fi\/sv\/verkkokauppa\/tarvikkeet\/huolto-ja-pesu\/voiteluaineet\/muc-off-e-bike-dry-lube-50-ml\/","title":{"rendered":"MUC-OFF torrsm\u00f6rjmedel f\u00f6r elcyklar 50 ml"},"content":{"rendered":"<p>MUC-OFF E-Bike Dry Lube 50 ml \u00e4r speciellt utformad f\u00f6r att hantera det h\u00f6ga vridmomentet hos elcyklar. Detta sm\u00f6rjmedel \u00e4r baserat p\u00e5 en unik keramisk f\u00f6rening som inneh\u00e5ller bornitridf\u00f6reningar f\u00f6r att avsev\u00e4rt minska friktionen. Torrsm\u00f6rjmedlet skapar en slitstark keramisk yta som fungerar utm\u00e4rkt i torra och dammiga milj\u00f6er. Den sm\u00f6rjfria formuleringen g\u00f6r den till ett utm\u00e4rkt val f\u00f6r b\u00e5de stads- och terr\u00e4ngk\u00f6rning. Produkten \u00e4r milj\u00f6m\u00e4ssigt biologiskt nedbrytbar och inneh\u00e5ller en UV-mark\u00f6r f\u00f6r exakt applicering. F\u00f6r perfekt prestanda rekommenderas att sm\u00f6rjmedlet appliceras 3-4 timmar f\u00f6re k\u00f6rning. Var s\u00e4rskilt uppm\u00e4rksam p\u00e5 att sm\u00f6rja kedjor, kablar, v\u00e4xlar och pedaler f\u00f6r att s\u00e4kerst\u00e4lla optimal prestanda och l\u00e5ng livsl\u00e4ngd f\u00f6r hjulkomponenterna.<\/p>","protected":false},"excerpt":{"rendered":"<p>MUC-OFF E-Bike Dry Lube 50 ml on suunniteltu erityisesti s\u00e4hk\u00f6py\u00f6rien voimakkaiden v\u00e4\u00e4nt\u00f6momenttien k\u00e4sittelemiseen. T\u00e4m\u00e4 voiteluaine perustuu ainutlaatuiseen keraamiseen yhdistelm\u00e4\u00e4n, joka sis\u00e4lt\u00e4\u00e4 boorinitridiyhdisteit\u00e4 kitkan merkitt\u00e4v\u00e4\u00e4n v\u00e4hent\u00e4miseen. Kuivavoiteluaine luo kest\u00e4v\u00e4n keraamisen pinnan, joka toimii erinomaisesti kuivissa ja p\u00f6lyisiss\u00e4 ymp\u00e4rist\u00f6iss\u00e4. Sen likaantumaton koostumus tekee siit\u00e4 loistavan valinnan sek\u00e4 kaupunki- ett\u00e4 maastoajoon. Tuote on ymp\u00e4rist\u00f6yst\u00e4v\u00e4llisesti biohajoava ja sis\u00e4lt\u00e4\u00e4 UV-merkkiainetta, [&#8230;]<\/p>\n<p><a class=\"btn btn-secondary understrap-read-more-link\" href=\"https:\/\/vmsport.fi\/sv\/verkkokauppa\/tarvikkeet\/huolto-ja-pesu\/voiteluaineet\/muc-off-e-bike-dry-lube-50-ml\/\">L\u00e4s mer \u2026<span class=\"screen-reader-text\"> from MUC-OFF E-Bike Dry Lube 50 ml<\/span><\/a><\/p>\n","protected":false},"featured_media":52593,"comment_status":"open","ping_status":"closed","template":"","meta":{"_acf_changed":false,"_improvement_type_select":"improve_an_existing","_thumb_yes_seoaic":false,"_frame_yes_seoaic":false,"seoaic_generate_description":"","seoaic_improve_instructions_prompt":"","seoaic_rollback_content_improvement":"","seoaic_idea_thumbnail_generator":"","thumbnail_generated":false,"thumbnail_generate_prompt":"","seoaic_article_description":"","_supplier_stock_quantity":0},"product_brand":[1584],"product_model":[],"product_cat":[9362],"product_tag":[],"industry-terminology":[],"class_list":{"0":"post-52594","1":"product","2":"type-product","3":"status-publish","4":"has-post-thumbnail","6":"product_brand-muc-off","7":"product_cat-voiteluaineet","9":"first","10":"instock","11":"taxable","12":"shipping-taxable","13":"purchasable","14":"product-type-simple"},"acf":{"bike_features":null,"overview":{"copy_overview":null,"key_features":null,"statement":"","youtube_url":""}},"yoast_head":"<!-- This site is optimized with the Yoast SEO plugin v27.3 - https:\/\/yoast.com\/product\/yoast-seo-wordpress\/ -->\n<title>MUC-OFF E-Bike Dry Lube 50 ml - VM Sport<\/title>\n<meta name=\"robots\" content=\"index, follow, max-snippet:-1, max-image-preview:large, max-video-preview:-1\" \/>\n<link rel=\"canonical\" href=\"https:\/\/vmsport.fi\/sv\/webbutik\/tillbehor\/underhall-och-tvatt\/smorjmedel\/muc-off-e-bike-torrsmorjning-50-ml\/\" \/>\n<meta property=\"og:locale\" content=\"sv_SE\" \/>\n<meta property=\"og:type\" content=\"article\" \/>\n<meta property=\"og:title\" content=\"MUC-OFF E-Bike Dry Lube 50 ml - VM Sport\" \/>\n<meta property=\"og:description\" content=\"MUC-OFF E-Bike Dry Lube 50 ml on suunniteltu erityisesti s\u00e4hk\u00f6py\u00f6rien voimakkaiden v\u00e4\u00e4nt\u00f6momenttien k\u00e4sittelemiseen. T\u00e4m\u00e4 voiteluaine perustuu ainutlaatuiseen keraamiseen yhdistelm\u00e4\u00e4n, joka sis\u00e4lt\u00e4\u00e4 boorinitridiyhdisteit\u00e4 kitkan merkitt\u00e4v\u00e4\u00e4n v\u00e4hent\u00e4miseen. Kuivavoiteluaine luo kest\u00e4v\u00e4n keraamisen pinnan, joka toimii erinomaisesti kuivissa ja p\u00f6lyisiss\u00e4 ymp\u00e4rist\u00f6iss\u00e4. Sen likaantumaton koostumus tekee siit\u00e4 loistavan valinnan sek\u00e4 kaupunki- ett\u00e4 maastoajoon. Tuote on ymp\u00e4rist\u00f6yst\u00e4v\u00e4llisesti biohajoava ja sis\u00e4lt\u00e4\u00e4 UV-merkkiainetta, [...]L\u00e4s mer \u2026 from MUC-OFF E-Bike Dry Lube 50 ml\" \/>\n<meta property=\"og:url\" content=\"https:\/\/vmsport.fi\/sv\/webbutik\/tillbehor\/underhall-och-tvatt\/smorjmedel\/muc-off-e-bike-torrsmorjning-50-ml\/\" \/>\n<meta property=\"og:site_name\" content=\"VM Sport\" \/>\n<meta property=\"article:publisher\" content=\"https:\/\/www.facebook.com\/Vmsport.fi\/\" \/>\n<meta property=\"article:modified_time\" content=\"2026-03-30T08:00:44+00:00\" \/>\n<meta property=\"og:image\" content=\"https:\/\/vmsport.fi\/wp-content\/uploads\/2025\/03\/Kc6jO5hT1AWT04AcOiWlIT20jnHwAQrLeV3YeTrYt0K3ODMaea-1.jpg\" \/>\n\t<meta property=\"og:image:width\" content=\"316\" \/>\n\t<meta property=\"og:image:height\" content=\"672\" \/>\n\t<meta property=\"og:image:type\" content=\"image\/jpeg\" \/>\n<meta name=\"twitter:card\" content=\"summary_large_image\" \/>\n<meta name=\"twitter:label1\" content=\"Ber\u00e4knad l\u00e4stid\" \/>\n\t<meta name=\"twitter:data1\" content=\"1 minut\" \/>\n<script type=\"application\/ld+json\" class=\"yoast-schema-graph\">{\"@context\":\"https:\\\/\\\/schema.org\",\"@graph\":[{\"@type\":[\"WebPage\",\"ItemPage\"],\"@id\":\"https:\\\/\\\/vmsport.fi\\\/verkkokauppa\\\/tarvikkeet\\\/huolto-ja-pesu\\\/voiteluaineet\\\/muc-off-e-bike-dry-lube-50-ml\\\/\",\"url\":\"https:\\\/\\\/vmsport.fi\\\/verkkokauppa\\\/tarvikkeet\\\/huolto-ja-pesu\\\/voiteluaineet\\\/muc-off-e-bike-dry-lube-50-ml\\\/\",\"name\":\"MUC-OFF E-Bike Dry Lube 50 ml - VM Sport\",\"isPartOf\":{\"@id\":\"https:\\\/\\\/vmsport.fi\\\/#website\"},\"primaryImageOfPage\":{\"@id\":\"https:\\\/\\\/vmsport.fi\\\/verkkokauppa\\\/tarvikkeet\\\/huolto-ja-pesu\\\/voiteluaineet\\\/muc-off-e-bike-dry-lube-50-ml\\\/#primaryimage\"},\"image\":{\"@id\":\"https:\\\/\\\/vmsport.fi\\\/verkkokauppa\\\/tarvikkeet\\\/huolto-ja-pesu\\\/voiteluaineet\\\/muc-off-e-bike-dry-lube-50-ml\\\/#primaryimage\"},\"thumbnailUrl\":\"https:\\\/\\\/vmsport.fi\\\/wp-content\\\/uploads\\\/2025\\\/03\\\/Kc6jO5hT1AWT04AcOiWlIT20jnHwAQrLeV3YeTrYt0K3ODMaea-1.jpg\",\"datePublished\":\"2025-03-05T21:32:04+00:00\",\"dateModified\":\"2026-03-30T08:00:44+00:00\",\"breadcrumb\":{\"@id\":\"https:\\\/\\\/vmsport.fi\\\/verkkokauppa\\\/tarvikkeet\\\/huolto-ja-pesu\\\/voiteluaineet\\\/muc-off-e-bike-dry-lube-50-ml\\\/#breadcrumb\"},\"inLanguage\":\"sv-SE\",\"potentialAction\":[{\"@type\":\"ReadAction\",\"target\":[\"https:\\\/\\\/vmsport.fi\\\/verkkokauppa\\\/tarvikkeet\\\/huolto-ja-pesu\\\/voiteluaineet\\\/muc-off-e-bike-dry-lube-50-ml\\\/\"]}]},{\"@type\":\"ImageObject\",\"inLanguage\":\"sv-SE\",\"@id\":\"https:\\\/\\\/vmsport.fi\\\/verkkokauppa\\\/tarvikkeet\\\/huolto-ja-pesu\\\/voiteluaineet\\\/muc-off-e-bike-dry-lube-50-ml\\\/#primaryimage\",\"url\":\"https:\\\/\\\/vmsport.fi\\\/wp-content\\\/uploads\\\/2025\\\/03\\\/Kc6jO5hT1AWT04AcOiWlIT20jnHwAQrLeV3YeTrYt0K3ODMaea-1.jpg\",\"contentUrl\":\"https:\\\/\\\/vmsport.fi\\\/wp-content\\\/uploads\\\/2025\\\/03\\\/Kc6jO5hT1AWT04AcOiWlIT20jnHwAQrLeV3YeTrYt0K3ODMaea-1.jpg\",\"width\":316,\"height\":672,\"caption\":\"Kc6jO5hT1AWT04AcOiWlIT20jnHwAQrLeV3YeTrYt0K3ODMaea\"},{\"@type\":\"BreadcrumbList\",\"@id\":\"https:\\\/\\\/vmsport.fi\\\/verkkokauppa\\\/tarvikkeet\\\/huolto-ja-pesu\\\/voiteluaineet\\\/muc-off-e-bike-dry-lube-50-ml\\\/#breadcrumb\",\"itemListElement\":[{\"@type\":\"ListItem\",\"position\":1,\"name\":\"Etusivu\",\"item\":\"https:\\\/\\\/vmsport.fi\\\/\"},{\"@type\":\"ListItem\",\"position\":2,\"name\":\"Online Store\",\"item\":\"https:\\\/\\\/vmsport.fi\\\/en\\\/online-store\\\/\"},{\"@type\":\"ListItem\",\"position\":3,\"name\":\"MUC-OFF E-Bike Dry Lube 50 ml\"}]},{\"@type\":\"WebSite\",\"@id\":\"https:\\\/\\\/vmsport.fi\\\/#website\",\"url\":\"https:\\\/\\\/vmsport.fi\\\/\",\"name\":\"Vmsport\",\"description\":\"Kaikki py\u00f6r\u00e4ilyyn yhdest\u00e4 paikasta\",\"publisher\":{\"@id\":\"https:\\\/\\\/vmsport.fi\\\/#organization\"},\"potentialAction\":[{\"@type\":\"SearchAction\",\"target\":{\"@type\":\"EntryPoint\",\"urlTemplate\":\"https:\\\/\\\/vmsport.fi\\\/?s={search_term_string}\"},\"query-input\":{\"@type\":\"PropertyValueSpecification\",\"valueRequired\":true,\"valueName\":\"search_term_string\"}}],\"inLanguage\":\"sv-SE\"},{\"@type\":\"Organization\",\"@id\":\"https:\\\/\\\/vmsport.fi\\\/#organization\",\"name\":\"Vmsport\",\"url\":\"https:\\\/\\\/vmsport.fi\\\/\",\"logo\":{\"@type\":\"ImageObject\",\"inLanguage\":\"sv-SE\",\"@id\":\"https:\\\/\\\/vmsport.fi\\\/#\\\/schema\\\/logo\\\/image\\\/\",\"url\":\"https:\\\/\\\/vmsport.fi\\\/wp-content\\\/uploads\\\/2024\\\/12\\\/vm_sport_RGB_horisontal-e1734526017575.png\",\"contentUrl\":\"https:\\\/\\\/vmsport.fi\\\/wp-content\\\/uploads\\\/2024\\\/12\\\/vm_sport_RGB_horisontal-e1734526017575.png\",\"width\":668,\"height\":85,\"caption\":\"Vmsport\"},\"image\":{\"@id\":\"https:\\\/\\\/vmsport.fi\\\/#\\\/schema\\\/logo\\\/image\\\/\"},\"sameAs\":[\"https:\\\/\\\/www.facebook.com\\\/Vmsport.fi\\\/\",\"https:\\\/\\\/www.instagram.com\\\/vmsport\\\/\"]}]}<\/script>\n<!-- \/ Yoast SEO plugin. -->","yoast_head_json":{"title":"MUC-OFF torrsm\u00f6rjmedel f\u00f6r elcyklar 50 ml - VM Sport","robots":{"index":"index","follow":"follow","max-snippet":"max-snippet:-1","max-image-preview":"max-image-preview:large","max-video-preview":"max-video-preview:-1"},"canonical":"https:\/\/vmsport.fi\/sv\/webbutik\/tillbehor\/underhall-och-tvatt\/smorjmedel\/muc-off-e-bike-torrsmorjning-50-ml\/","og_locale":"sv_SE","og_type":"article","og_title":"MUC-OFF E-Bike Dry Lube 50 ml - VM Sport","og_description":"MUC-OFF E-Bike Dry Lube 50 ml on suunniteltu erityisesti s\u00e4hk\u00f6py\u00f6rien voimakkaiden v\u00e4\u00e4nt\u00f6momenttien k\u00e4sittelemiseen. T\u00e4m\u00e4 voiteluaine perustuu ainutlaatuiseen keraamiseen yhdistelm\u00e4\u00e4n, joka sis\u00e4lt\u00e4\u00e4 boorinitridiyhdisteit\u00e4 kitkan merkitt\u00e4v\u00e4\u00e4n v\u00e4hent\u00e4miseen. Kuivavoiteluaine luo kest\u00e4v\u00e4n keraamisen pinnan, joka toimii erinomaisesti kuivissa ja p\u00f6lyisiss\u00e4 ymp\u00e4rist\u00f6iss\u00e4. Sen likaantumaton koostumus tekee siit\u00e4 loistavan valinnan sek\u00e4 kaupunki- ett\u00e4 maastoajoon. Tuote on ymp\u00e4rist\u00f6yst\u00e4v\u00e4llisesti biohajoava ja sis\u00e4lt\u00e4\u00e4 UV-merkkiainetta, [...]L\u00e4s mer \u2026 from MUC-OFF E-Bike Dry Lube 50 ml","og_url":"https:\/\/vmsport.fi\/sv\/webbutik\/tillbehor\/underhall-och-tvatt\/smorjmedel\/muc-off-e-bike-torrsmorjning-50-ml\/","og_site_name":"VM Sport","article_publisher":"https:\/\/www.facebook.com\/Vmsport.fi\/","article_modified_time":"2026-03-30T08:00:44+00:00","og_image":[{"width":316,"height":672,"url":"https:\/\/vmsport.fi\/wp-content\/uploads\/2025\/03\/Kc6jO5hT1AWT04AcOiWlIT20jnHwAQrLeV3YeTrYt0K3ODMaea-1.jpg","type":"image\/jpeg"}],"twitter_card":"summary_large_image","twitter_misc":{"Ber\u00e4knad l\u00e4stid":"1 minut"},"schema":{"@context":"https:\/\/schema.org","@graph":[{"@type":["WebPage","ItemPage"],"@id":"https:\/\/vmsport.fi\/verkkokauppa\/tarvikkeet\/huolto-ja-pesu\/voiteluaineet\/muc-off-e-bike-dry-lube-50-ml\/","url":"https:\/\/vmsport.fi\/verkkokauppa\/tarvikkeet\/huolto-ja-pesu\/voiteluaineet\/muc-off-e-bike-dry-lube-50-ml\/","name":"MUC-OFF torrsm\u00f6rjmedel f\u00f6r elcyklar 50 ml - VM Sport","isPartOf":{"@id":"https:\/\/vmsport.fi\/#website"},"primaryImageOfPage":{"@id":"https:\/\/vmsport.fi\/verkkokauppa\/tarvikkeet\/huolto-ja-pesu\/voiteluaineet\/muc-off-e-bike-dry-lube-50-ml\/#primaryimage"},"image":{"@id":"https:\/\/vmsport.fi\/verkkokauppa\/tarvikkeet\/huolto-ja-pesu\/voiteluaineet\/muc-off-e-bike-dry-lube-50-ml\/#primaryimage"},"thumbnailUrl":"https:\/\/vmsport.fi\/wp-content\/uploads\/2025\/03\/Kc6jO5hT1AWT04AcOiWlIT20jnHwAQrLeV3YeTrYt0K3ODMaea-1.jpg","datePublished":"2025-03-05T21:32:04+00:00","dateModified":"2026-03-30T08:00:44+00:00","breadcrumb":{"@id":"https:\/\/vmsport.fi\/verkkokauppa\/tarvikkeet\/huolto-ja-pesu\/voiteluaineet\/muc-off-e-bike-dry-lube-50-ml\/#breadcrumb"},"inLanguage":"sv-SE","potentialAction":[{"@type":"ReadAction","target":["https:\/\/vmsport.fi\/verkkokauppa\/tarvikkeet\/huolto-ja-pesu\/voiteluaineet\/muc-off-e-bike-dry-lube-50-ml\/"]}]},{"@type":"ImageObject","inLanguage":"sv-SE","@id":"https:\/\/vmsport.fi\/verkkokauppa\/tarvikkeet\/huolto-ja-pesu\/voiteluaineet\/muc-off-e-bike-dry-lube-50-ml\/#primaryimage","url":"https:\/\/vmsport.fi\/wp-content\/uploads\/2025\/03\/Kc6jO5hT1AWT04AcOiWlIT20jnHwAQrLeV3YeTrYt0K3ODMaea-1.jpg","contentUrl":"https:\/\/vmsport.fi\/wp-content\/uploads\/2025\/03\/Kc6jO5hT1AWT04AcOiWlIT20jnHwAQrLeV3YeTrYt0K3ODMaea-1.jpg","width":316,"height":672,"caption":"Kc6jO5hT1AWT04AcOiWlIT20jnHwAQrLeV3YeTrYt0K3ODMaea"},{"@type":"BreadcrumbList","@id":"https:\/\/vmsport.fi\/verkkokauppa\/tarvikkeet\/huolto-ja-pesu\/voiteluaineet\/muc-off-e-bike-dry-lube-50-ml\/#breadcrumb","itemListElement":[{"@type":"ListItem","position":1,"name":"Etusivu","item":"https:\/\/vmsport.fi\/"},{"@type":"ListItem","position":2,"name":"Online Store","item":"https:\/\/vmsport.fi\/en\/online-store\/"},{"@type":"ListItem","position":3,"name":"MUC-OFF E-Bike Dry Lube 50 ml"}]},{"@type":"WebSite","@id":"https:\/\/vmsport.fi\/#website","url":"https:\/\/vmsport.fi\/","name":"Vmsport","description":"Allt p\u00e5 ett st\u00e4lle f\u00f6r cykling","publisher":{"@id":"https:\/\/vmsport.fi\/#organization"},"potentialAction":[{"@type":"SearchAction","target":{"@type":"EntryPoint","urlTemplate":"https:\/\/vmsport.fi\/?s={search_term_string}"},"query-input":{"@type":"PropertyValueSpecification","valueRequired":true,"valueName":"search_term_string"}}],"inLanguage":"sv-SE"},{"@type":"Organization","@id":"https:\/\/vmsport.fi\/#organization","name":"Vmsport","url":"https:\/\/vmsport.fi\/","logo":{"@type":"ImageObject","inLanguage":"sv-SE","@id":"https:\/\/vmsport.fi\/#\/schema\/logo\/image\/","url":"https:\/\/vmsport.fi\/wp-content\/uploads\/2024\/12\/vm_sport_RGB_horisontal-e1734526017575.png","contentUrl":"https:\/\/vmsport.fi\/wp-content\/uploads\/2024\/12\/vm_sport_RGB_horisontal-e1734526017575.png","width":668,"height":85,"caption":"Vmsport"},"image":{"@id":"https:\/\/vmsport.fi\/#\/schema\/logo\/image\/"},"sameAs":["https:\/\/www.facebook.com\/Vmsport.fi\/","https:\/\/www.instagram.com\/vmsport\/"]}]}},"global_unique_id":"","_links":{"self":[{"href":"https:\/\/vmsport.fi\/sv\/wp-json\/wp\/v2\/product\/52594","targetHints":{"allow":["GET"]}}],"collection":[{"href":"https:\/\/vmsport.fi\/sv\/wp-json\/wp\/v2\/product"}],"about":[{"href":"https:\/\/vmsport.fi\/sv\/wp-json\/wp\/v2\/types\/product"}],"replies":[{"embeddable":true,"href":"https:\/\/vmsport.fi\/sv\/wp-json\/wp\/v2\/comments?post=52594"}],"wp:featuredmedia":[{"embeddable":true,"href":"https:\/\/vmsport.fi\/sv\/wp-json\/wp\/v2\/media\/52593"}],"wp:attachment":[{"href":"https:\/\/vmsport.fi\/sv\/wp-json\/wp\/v2\/media?parent=52594"}],"wp:term":[{"taxonomy":"product_brand","embeddable":true,"href":"https:\/\/vmsport.fi\/sv\/wp-json\/wp\/v2\/product_brand?post=52594"},{"taxonomy":"product_model","embeddable":true,"href":"https:\/\/vmsport.fi\/sv\/wp-json\/wp\/v2\/product_model?post=52594"},{"taxonomy":"product_cat","embeddable":true,"href":"https:\/\/vmsport.fi\/sv\/wp-json\/wp\/v2\/product_cat?post=52594"},{"taxonomy":"product_tag","embeddable":true,"href":"https:\/\/vmsport.fi\/sv\/wp-json\/wp\/v2\/product_tag?post=52594"},{"taxonomy":"industry_terminology","embeddable":true,"href":"https:\/\/vmsport.fi\/sv\/wp-json\/wp\/v2\/industry-terminology?post=52594"}],"curies":[{"name":"wp","href":"https:\/\/api.w.org\/{rel}","templated":true}]}}