{"id":52592,"date":"2025-03-05T23:32:03","date_gmt":"2025-03-05T21:32:03","guid":{"rendered":"https:\/\/vmsport.fi\/verkkokauppa\/Ei-luokiteltu\/michelin-protek-max-standard-tire-700-x-47c-47-622-black-protek-5-mm\/"},"modified":"2026-04-23T03:00:51","modified_gmt":"2026-04-23T00:00:51","slug":"michelin-protek-max-standarddack-700-x-47c-47-622-svart-protek-5-mm","status":"publish","type":"product","link":"https:\/\/vmsport.fi\/sv\/verkkokauppa\/renkaat\/ulkorenkaat\/kaupunki-ja-hybridirenkaat\/michelin-protek-max-standard-tire-700-x-47c-47-622-black-protek-5-mm\/","title":{"rendered":"MICHELIN Protek Max Standard d\u00e4ck 700 x 47c (47-622) Svart, Protek 5 mm"},"content":{"rendered":"<p>MICHELIN Protek Max-d\u00e4cket \u00e4r utformat f\u00f6r erfarna cyklister och erbjuder utm\u00e4rkt punkteringsskydd tack vare ett 5 mm tjockt skyddslager. Detta svarta d\u00e4ck, som m\u00e4ter 700 x 47c, \u00e4r b\u00e5de slitstarkt och prestandainriktat, vilket g\u00f6r det till det perfekta valet f\u00f6r en m\u00e4ngd olika k\u00f6rf\u00f6rh\u00e5llanden. Oavsett om det handlar om en l\u00e5ng joggingtur eller en stadsresa garanterar d\u00e4cket en p\u00e5litlig och l\u00e5ngvarig k\u00f6rupplevelse.<\/p>","protected":false},"excerpt":{"rendered":"<p>MICHELIN Protek Max -rengas, joka on suunniteltu kokeneille py\u00f6r\u00e4ilij\u00f6ille, tarjoaa erinomaisen puhkaisusuojan 5 mm paksun suojaavan kerroksen ansiosta. T\u00e4m\u00e4 musta rengas, koko 700 x 47c, on sek\u00e4 kest\u00e4v\u00e4 ett\u00e4 suorituskykyinen, mik\u00e4 tekee siit\u00e4 ihanteellisen valinnan erilaisiin ajo-olosuhteisiin. Olipa kyseess\u00e4 pitk\u00e4 lenkki tai kaupunkiajelu, rengas takaa luotettavan ja pitk\u00e4kestoisen ajokokemuksen. [&#8230;]<\/p>\n<p><a class=\"btn btn-secondary understrap-read-more-link\" href=\"https:\/\/vmsport.fi\/sv\/verkkokauppa\/renkaat\/ulkorenkaat\/kaupunki-ja-hybridirenkaat\/michelin-protek-max-standard-tire-700-x-47c-47-622-black-protek-5-mm\/\">L\u00e4s mer \u2026<span class=\"screen-reader-text\"> from MICHELIN Protek Max Standard tire 700 x 47c (47-622) Black, Protek 5 mm<\/span><\/a><\/p>\n","protected":false},"featured_media":52591,"comment_status":"open","ping_status":"closed","template":"","meta":{"_acf_changed":false,"_improvement_type_select":"improve_an_existing","_thumb_yes_seoaic":false,"_frame_yes_seoaic":false,"seoaic_generate_description":"","seoaic_improve_instructions_prompt":"","seoaic_rollback_content_improvement":"","seoaic_idea_thumbnail_generator":"","thumbnail_generated":false,"thumbnail_generate_prompt":"","seoaic_article_description":"","_supplier_stock_quantity":0},"product_brand":[],"product_model":[],"product_cat":[9318],"product_tag":[],"industry-terminology":[],"class_list":{"0":"post-52592","1":"product","2":"type-product","3":"status-publish","4":"has-post-thumbnail","6":"product_cat-kaupunki-ja-hybridirenkaat","8":"first","9":"instock","10":"taxable","11":"shipping-taxable","12":"purchasable","13":"product-type-simple"},"acf":{"bike_features":null,"overview":{"copy_overview":null,"key_features":null,"statement":"","youtube_url":""}},"yoast_head":"<!-- This site is optimized with the Yoast SEO plugin v27.4 - https:\/\/yoast.com\/product\/yoast-seo-wordpress\/ -->\n<title>MICHELIN Protek Max Standard tire 700 x 47c (47-622) Black, Protek 5 mm - VM Sport<\/title>\n<meta name=\"robots\" content=\"index, follow, max-snippet:-1, max-image-preview:large, max-video-preview:-1\" \/>\n<link rel=\"canonical\" href=\"https:\/\/vmsport.fi\/sv\/webbutik\/dack\/dack-for-utomhusbruk\/stads-och-hybriddack\/michelin-protek-max-standarddack-700-x-47c-47-622-svart-protek-5-mm\/\" \/>\n<meta property=\"og:locale\" content=\"sv_SE\" \/>\n<meta property=\"og:type\" content=\"article\" \/>\n<meta property=\"og:title\" content=\"MICHELIN Protek Max Standard tire 700 x 47c (47-622) Black, Protek 5 mm - VM Sport\" \/>\n<meta property=\"og:description\" content=\"MICHELIN Protek Max -rengas, joka on suunniteltu kokeneille py\u00f6r\u00e4ilij\u00f6ille, tarjoaa erinomaisen puhkaisusuojan 5 mm paksun suojaavan kerroksen ansiosta. T\u00e4m\u00e4 musta rengas, koko 700 x 47c, on sek\u00e4 kest\u00e4v\u00e4 ett\u00e4 suorituskykyinen, mik\u00e4 tekee siit\u00e4 ihanteellisen valinnan erilaisiin ajo-olosuhteisiin. Olipa kyseess\u00e4 pitk\u00e4 lenkki tai kaupunkiajelu, rengas takaa luotettavan ja pitk\u00e4kestoisen ajokokemuksen. [...]L\u00e4s mer \u2026 from MICHELIN Protek Max Standard tire 700 x 47c (47-622) Black, Protek 5 mm\" \/>\n<meta property=\"og:url\" content=\"https:\/\/vmsport.fi\/sv\/webbutik\/dack\/dack-for-utomhusbruk\/stads-och-hybriddack\/michelin-protek-max-standarddack-700-x-47c-47-622-svart-protek-5-mm\/\" \/>\n<meta property=\"og:site_name\" content=\"VM Sport\" \/>\n<meta property=\"article:publisher\" content=\"https:\/\/www.facebook.com\/Vmsport.fi\/\" \/>\n<meta property=\"article:modified_time\" content=\"2026-04-23T00:00:51+00:00\" \/>\n<meta property=\"og:image\" content=\"https:\/\/vmsport.fi\/wp-content\/uploads\/2025\/03\/lPiDvsc88q9XJVNF4eO8KFMWvhyjvTUyslE8Y6nXGhi1gVJicv-1.jpg\" \/>\n\t<meta property=\"og:image:width\" content=\"800\" \/>\n\t<meta property=\"og:image:height\" content=\"800\" \/>\n\t<meta property=\"og:image:type\" content=\"image\/jpeg\" \/>\n<meta name=\"twitter:card\" content=\"summary_large_image\" \/>\n<script type=\"application\/ld+json\" class=\"yoast-schema-graph\">{\"@context\":\"https:\\\/\\\/schema.org\",\"@graph\":[{\"@type\":[\"WebPage\",\"ItemPage\"],\"@id\":\"https:\\\/\\\/vmsport.fi\\\/verkkokauppa\\\/renkaat\\\/ulkorenkaat\\\/kaupunki-ja-hybridirenkaat\\\/michelin-protek-max-standard-tire-700-x-47c-47-622-black-protek-5-mm\\\/\",\"url\":\"https:\\\/\\\/vmsport.fi\\\/verkkokauppa\\\/renkaat\\\/ulkorenkaat\\\/kaupunki-ja-hybridirenkaat\\\/michelin-protek-max-standard-tire-700-x-47c-47-622-black-protek-5-mm\\\/\",\"name\":\"MICHELIN Protek Max Standard tire 700 x 47c (47-622) Black, Protek 5 mm - VM Sport\",\"isPartOf\":{\"@id\":\"https:\\\/\\\/vmsport.fi\\\/#website\"},\"primaryImageOfPage\":{\"@id\":\"https:\\\/\\\/vmsport.fi\\\/verkkokauppa\\\/renkaat\\\/ulkorenkaat\\\/kaupunki-ja-hybridirenkaat\\\/michelin-protek-max-standard-tire-700-x-47c-47-622-black-protek-5-mm\\\/#primaryimage\"},\"image\":{\"@id\":\"https:\\\/\\\/vmsport.fi\\\/verkkokauppa\\\/renkaat\\\/ulkorenkaat\\\/kaupunki-ja-hybridirenkaat\\\/michelin-protek-max-standard-tire-700-x-47c-47-622-black-protek-5-mm\\\/#primaryimage\"},\"thumbnailUrl\":\"https:\\\/\\\/vmsport.fi\\\/wp-content\\\/uploads\\\/2025\\\/03\\\/lPiDvsc88q9XJVNF4eO8KFMWvhyjvTUyslE8Y6nXGhi1gVJicv-1.jpg\",\"datePublished\":\"2025-03-05T21:32:03+00:00\",\"dateModified\":\"2026-04-23T00:00:51+00:00\",\"breadcrumb\":{\"@id\":\"https:\\\/\\\/vmsport.fi\\\/verkkokauppa\\\/renkaat\\\/ulkorenkaat\\\/kaupunki-ja-hybridirenkaat\\\/michelin-protek-max-standard-tire-700-x-47c-47-622-black-protek-5-mm\\\/#breadcrumb\"},\"inLanguage\":\"sv-SE\",\"potentialAction\":[{\"@type\":\"ReadAction\",\"target\":[\"https:\\\/\\\/vmsport.fi\\\/verkkokauppa\\\/renkaat\\\/ulkorenkaat\\\/kaupunki-ja-hybridirenkaat\\\/michelin-protek-max-standard-tire-700-x-47c-47-622-black-protek-5-mm\\\/\"]}]},{\"@type\":\"ImageObject\",\"inLanguage\":\"sv-SE\",\"@id\":\"https:\\\/\\\/vmsport.fi\\\/verkkokauppa\\\/renkaat\\\/ulkorenkaat\\\/kaupunki-ja-hybridirenkaat\\\/michelin-protek-max-standard-tire-700-x-47c-47-622-black-protek-5-mm\\\/#primaryimage\",\"url\":\"https:\\\/\\\/vmsport.fi\\\/wp-content\\\/uploads\\\/2025\\\/03\\\/lPiDvsc88q9XJVNF4eO8KFMWvhyjvTUyslE8Y6nXGhi1gVJicv-1.jpg\",\"contentUrl\":\"https:\\\/\\\/vmsport.fi\\\/wp-content\\\/uploads\\\/2025\\\/03\\\/lPiDvsc88q9XJVNF4eO8KFMWvhyjvTUyslE8Y6nXGhi1gVJicv-1.jpg\",\"width\":800,\"height\":800,\"caption\":\"lPiDvsc88q9XJVNF4eO8KFMWvhyjvTUyslE8Y6nXGhi1gVJicv\"},{\"@type\":\"BreadcrumbList\",\"@id\":\"https:\\\/\\\/vmsport.fi\\\/verkkokauppa\\\/renkaat\\\/ulkorenkaat\\\/kaupunki-ja-hybridirenkaat\\\/michelin-protek-max-standard-tire-700-x-47c-47-622-black-protek-5-mm\\\/#breadcrumb\",\"itemListElement\":[{\"@type\":\"ListItem\",\"position\":1,\"name\":\"Etusivu\",\"item\":\"https:\\\/\\\/vmsport.fi\\\/\"},{\"@type\":\"ListItem\",\"position\":2,\"name\":\"Online Store\",\"item\":\"https:\\\/\\\/vmsport.fi\\\/en\\\/online-store\\\/\"},{\"@type\":\"ListItem\",\"position\":3,\"name\":\"MICHELIN Protek Max Standard tire 700 x 47c (47-622) Black, Protek 5 mm\"}]},{\"@type\":\"WebSite\",\"@id\":\"https:\\\/\\\/vmsport.fi\\\/#website\",\"url\":\"https:\\\/\\\/vmsport.fi\\\/\",\"name\":\"Vmsport\",\"description\":\"Kaikki py\u00f6r\u00e4ilyyn yhdest\u00e4 paikasta\",\"publisher\":{\"@id\":\"https:\\\/\\\/vmsport.fi\\\/#organization\"},\"potentialAction\":[{\"@type\":\"SearchAction\",\"target\":{\"@type\":\"EntryPoint\",\"urlTemplate\":\"https:\\\/\\\/vmsport.fi\\\/?s={search_term_string}\"},\"query-input\":{\"@type\":\"PropertyValueSpecification\",\"valueRequired\":true,\"valueName\":\"search_term_string\"}}],\"inLanguage\":\"sv-SE\"},{\"@type\":\"Organization\",\"@id\":\"https:\\\/\\\/vmsport.fi\\\/#organization\",\"name\":\"Vmsport\",\"url\":\"https:\\\/\\\/vmsport.fi\\\/\",\"logo\":{\"@type\":\"ImageObject\",\"inLanguage\":\"sv-SE\",\"@id\":\"https:\\\/\\\/vmsport.fi\\\/#\\\/schema\\\/logo\\\/image\\\/\",\"url\":\"https:\\\/\\\/vmsport.fi\\\/wp-content\\\/uploads\\\/2024\\\/12\\\/vm_sport_RGB_horisontal-e1734526017575.png\",\"contentUrl\":\"https:\\\/\\\/vmsport.fi\\\/wp-content\\\/uploads\\\/2024\\\/12\\\/vm_sport_RGB_horisontal-e1734526017575.png\",\"width\":668,\"height\":85,\"caption\":\"Vmsport\"},\"image\":{\"@id\":\"https:\\\/\\\/vmsport.fi\\\/#\\\/schema\\\/logo\\\/image\\\/\"},\"sameAs\":[\"https:\\\/\\\/www.facebook.com\\\/Vmsport.fi\\\/\",\"https:\\\/\\\/www.instagram.com\\\/vmsport\\\/\"]}]}<\/script>\n<!-- \/ Yoast SEO plugin. -->","yoast_head_json":{"title":"MICHELIN Protek Max Standard d\u00e4ck 700 x 47c (47-622) Svart, Protek 5 mm - VM Sport","robots":{"index":"index","follow":"follow","max-snippet":"max-snippet:-1","max-image-preview":"max-image-preview:large","max-video-preview":"max-video-preview:-1"},"canonical":"https:\/\/vmsport.fi\/sv\/webbutik\/dack\/dack-for-utomhusbruk\/stads-och-hybriddack\/michelin-protek-max-standarddack-700-x-47c-47-622-svart-protek-5-mm\/","og_locale":"sv_SE","og_type":"article","og_title":"MICHELIN Protek Max Standard tire 700 x 47c (47-622) Black, Protek 5 mm - VM Sport","og_description":"MICHELIN Protek Max -rengas, joka on suunniteltu kokeneille py\u00f6r\u00e4ilij\u00f6ille, tarjoaa erinomaisen puhkaisusuojan 5 mm paksun suojaavan kerroksen ansiosta. T\u00e4m\u00e4 musta rengas, koko 700 x 47c, on sek\u00e4 kest\u00e4v\u00e4 ett\u00e4 suorituskykyinen, mik\u00e4 tekee siit\u00e4 ihanteellisen valinnan erilaisiin ajo-olosuhteisiin. Olipa kyseess\u00e4 pitk\u00e4 lenkki tai kaupunkiajelu, rengas takaa luotettavan ja pitk\u00e4kestoisen ajokokemuksen. [...]L\u00e4s mer \u2026 from MICHELIN Protek Max Standard tire 700 x 47c (47-622) Black, Protek 5 mm","og_url":"https:\/\/vmsport.fi\/sv\/webbutik\/dack\/dack-for-utomhusbruk\/stads-och-hybriddack\/michelin-protek-max-standarddack-700-x-47c-47-622-svart-protek-5-mm\/","og_site_name":"VM Sport","article_publisher":"https:\/\/www.facebook.com\/Vmsport.fi\/","article_modified_time":"2026-04-23T00:00:51+00:00","og_image":[{"width":800,"height":800,"url":"https:\/\/vmsport.fi\/wp-content\/uploads\/2025\/03\/lPiDvsc88q9XJVNF4eO8KFMWvhyjvTUyslE8Y6nXGhi1gVJicv-1.jpg","type":"image\/jpeg"}],"twitter_card":"summary_large_image","schema":{"@context":"https:\/\/schema.org","@graph":[{"@type":["WebPage","ItemPage"],"@id":"https:\/\/vmsport.fi\/verkkokauppa\/renkaat\/ulkorenkaat\/kaupunki-ja-hybridirenkaat\/michelin-protek-max-standard-tire-700-x-47c-47-622-black-protek-5-mm\/","url":"https:\/\/vmsport.fi\/verkkokauppa\/renkaat\/ulkorenkaat\/kaupunki-ja-hybridirenkaat\/michelin-protek-max-standard-tire-700-x-47c-47-622-black-protek-5-mm\/","name":"MICHELIN Protek Max Standard d\u00e4ck 700 x 47c (47-622) Svart, Protek 5 mm - VM Sport","isPartOf":{"@id":"https:\/\/vmsport.fi\/#website"},"primaryImageOfPage":{"@id":"https:\/\/vmsport.fi\/verkkokauppa\/renkaat\/ulkorenkaat\/kaupunki-ja-hybridirenkaat\/michelin-protek-max-standard-tire-700-x-47c-47-622-black-protek-5-mm\/#primaryimage"},"image":{"@id":"https:\/\/vmsport.fi\/verkkokauppa\/renkaat\/ulkorenkaat\/kaupunki-ja-hybridirenkaat\/michelin-protek-max-standard-tire-700-x-47c-47-622-black-protek-5-mm\/#primaryimage"},"thumbnailUrl":"https:\/\/vmsport.fi\/wp-content\/uploads\/2025\/03\/lPiDvsc88q9XJVNF4eO8KFMWvhyjvTUyslE8Y6nXGhi1gVJicv-1.jpg","datePublished":"2025-03-05T21:32:03+00:00","dateModified":"2026-04-23T00:00:51+00:00","breadcrumb":{"@id":"https:\/\/vmsport.fi\/verkkokauppa\/renkaat\/ulkorenkaat\/kaupunki-ja-hybridirenkaat\/michelin-protek-max-standard-tire-700-x-47c-47-622-black-protek-5-mm\/#breadcrumb"},"inLanguage":"sv-SE","potentialAction":[{"@type":"ReadAction","target":["https:\/\/vmsport.fi\/verkkokauppa\/renkaat\/ulkorenkaat\/kaupunki-ja-hybridirenkaat\/michelin-protek-max-standard-tire-700-x-47c-47-622-black-protek-5-mm\/"]}]},{"@type":"ImageObject","inLanguage":"sv-SE","@id":"https:\/\/vmsport.fi\/verkkokauppa\/renkaat\/ulkorenkaat\/kaupunki-ja-hybridirenkaat\/michelin-protek-max-standard-tire-700-x-47c-47-622-black-protek-5-mm\/#primaryimage","url":"https:\/\/vmsport.fi\/wp-content\/uploads\/2025\/03\/lPiDvsc88q9XJVNF4eO8KFMWvhyjvTUyslE8Y6nXGhi1gVJicv-1.jpg","contentUrl":"https:\/\/vmsport.fi\/wp-content\/uploads\/2025\/03\/lPiDvsc88q9XJVNF4eO8KFMWvhyjvTUyslE8Y6nXGhi1gVJicv-1.jpg","width":800,"height":800,"caption":"lPiDvsc88q9XJVNF4eO8KFMWvhyjvTUyslE8Y6nXGhi1gVJicv"},{"@type":"BreadcrumbList","@id":"https:\/\/vmsport.fi\/verkkokauppa\/renkaat\/ulkorenkaat\/kaupunki-ja-hybridirenkaat\/michelin-protek-max-standard-tire-700-x-47c-47-622-black-protek-5-mm\/#breadcrumb","itemListElement":[{"@type":"ListItem","position":1,"name":"Etusivu","item":"https:\/\/vmsport.fi\/"},{"@type":"ListItem","position":2,"name":"Online Store","item":"https:\/\/vmsport.fi\/en\/online-store\/"},{"@type":"ListItem","position":3,"name":"MICHELIN Protek Max Standard tire 700 x 47c (47-622) Black, Protek 5 mm"}]},{"@type":"WebSite","@id":"https:\/\/vmsport.fi\/#website","url":"https:\/\/vmsport.fi\/","name":"Vmsport","description":"Allt p\u00e5 ett st\u00e4lle f\u00f6r cykling","publisher":{"@id":"https:\/\/vmsport.fi\/#organization"},"potentialAction":[{"@type":"SearchAction","target":{"@type":"EntryPoint","urlTemplate":"https:\/\/vmsport.fi\/?s={search_term_string}"},"query-input":{"@type":"PropertyValueSpecification","valueRequired":true,"valueName":"search_term_string"}}],"inLanguage":"sv-SE"},{"@type":"Organization","@id":"https:\/\/vmsport.fi\/#organization","name":"Vmsport","url":"https:\/\/vmsport.fi\/","logo":{"@type":"ImageObject","inLanguage":"sv-SE","@id":"https:\/\/vmsport.fi\/#\/schema\/logo\/image\/","url":"https:\/\/vmsport.fi\/wp-content\/uploads\/2024\/12\/vm_sport_RGB_horisontal-e1734526017575.png","contentUrl":"https:\/\/vmsport.fi\/wp-content\/uploads\/2024\/12\/vm_sport_RGB_horisontal-e1734526017575.png","width":668,"height":85,"caption":"Vmsport"},"image":{"@id":"https:\/\/vmsport.fi\/#\/schema\/logo\/image\/"},"sameAs":["https:\/\/www.facebook.com\/Vmsport.fi\/","https:\/\/www.instagram.com\/vmsport\/"]}]}},"global_unique_id":"","_links":{"self":[{"href":"https:\/\/vmsport.fi\/sv\/wp-json\/wp\/v2\/product\/52592","targetHints":{"allow":["GET"]}}],"collection":[{"href":"https:\/\/vmsport.fi\/sv\/wp-json\/wp\/v2\/product"}],"about":[{"href":"https:\/\/vmsport.fi\/sv\/wp-json\/wp\/v2\/types\/product"}],"replies":[{"embeddable":true,"href":"https:\/\/vmsport.fi\/sv\/wp-json\/wp\/v2\/comments?post=52592"}],"wp:featuredmedia":[{"embeddable":true,"href":"https:\/\/vmsport.fi\/sv\/wp-json\/wp\/v2\/media\/52591"}],"wp:attachment":[{"href":"https:\/\/vmsport.fi\/sv\/wp-json\/wp\/v2\/media?parent=52592"}],"wp:term":[{"taxonomy":"product_brand","embeddable":true,"href":"https:\/\/vmsport.fi\/sv\/wp-json\/wp\/v2\/product_brand?post=52592"},{"taxonomy":"product_model","embeddable":true,"href":"https:\/\/vmsport.fi\/sv\/wp-json\/wp\/v2\/product_model?post=52592"},{"taxonomy":"product_cat","embeddable":true,"href":"https:\/\/vmsport.fi\/sv\/wp-json\/wp\/v2\/product_cat?post=52592"},{"taxonomy":"product_tag","embeddable":true,"href":"https:\/\/vmsport.fi\/sv\/wp-json\/wp\/v2\/product_tag?post=52592"},{"taxonomy":"industry_terminology","embeddable":true,"href":"https:\/\/vmsport.fi\/sv\/wp-json\/wp\/v2\/industry-terminology?post=52592"}],"curies":[{"name":"wp","href":"https:\/\/api.w.org\/{rel}","templated":true}]}}