{"id":52590,"date":"2025-03-05T23:32:02","date_gmt":"2025-03-05T21:32:02","guid":{"rendered":"https:\/\/vmsport.fi\/verkkokauppa\/Ei-luokiteltu\/etuvaihtaja-2x7-8-v-fd-m315-ts-34-9mm-cb\/"},"modified":"2026-04-22T15:08:14","modified_gmt":"2026-04-22T12:08:14","slug":"framderailleur-2x7-8-v-fd-m315-ts-34-9mm-cb","status":"publish","type":"product","link":"https:\/\/vmsport.fi\/sv\/verkkokauppa\/varaosat\/vaihteistot\/etuvaihtajat\/etuvaihtaja-2x7-8-v-fd-m315-ts-34-9mm-cb\/","title":{"rendered":"Framv\u00e4xel 2\u00d77\/8-v FD-M315-TS 34,9 mm CB"},"content":{"rendered":"<p>Denna framv\u00e4xel \u00e4r l\u00e4mplig f\u00f6r b\u00e5de 2\u00d77- och 2\u00d78-v\u00e4xelsystem, vilket ger ett brett utbud av m\u00f6jligheter f\u00f6r olika hjulkonstruktioner. Hyperdrive-tekniken som \u00e4r integrerad i FD-M315-TS-modellen g\u00f6r v\u00e4xlingen mjukare, vilket avsev\u00e4rt f\u00f6rb\u00e4ttrar cykelupplevelsen. V\u00e4xelns monteringsm\u00e5tt p\u00e5 34,9 mm garanterar en s\u00e4ker installation. Den h\u00e4r innovativa framv\u00e4xeln \u00e4r utformad f\u00f6r att maximera prestandan, s\u00e4rskilt n\u00e4r cyklingseffekten \u00e4r en prioritet.<\/p>","protected":false},"excerpt":{"rendered":"<p>T\u00e4m\u00e4 etuvaihtaja sopii sek\u00e4 2&#215;7- ett\u00e4 2&#215;8-vaihteisiin j\u00e4rjestelmiin, tarjoten monipuolisia mahdollisuuksia eri py\u00f6r\u00e4malleille. FD-M315-TS-malliin integroitu Hyperdrive-teknologia tekee vaihdosta sujuvampaa, parantaen polkupy\u00f6r\u00e4ilykokemusta merkitt\u00e4v\u00e4sti. Vaihtajan kiinnitysmitoitus on 34,9 mm, mik\u00e4 takaa tukevan asennuksen. T\u00e4m\u00e4 innovatiivinen etuvaihtaja on suunniteltu maksimoimaan suorituskyky\u00e4 erityisesti silloin, kun py\u00f6r\u00e4ilyteho on ensisijaisessa asemassa. [&#8230;]<\/p>\n<p><a class=\"btn btn-secondary understrap-read-more-link\" href=\"https:\/\/vmsport.fi\/sv\/verkkokauppa\/varaosat\/vaihteistot\/etuvaihtajat\/etuvaihtaja-2x7-8-v-fd-m315-ts-34-9mm-cb\/\">L\u00e4s mer \u2026<span class=\"screen-reader-text\"> from Etuvaihtaja 2&#215;7\/8-v FD-M315-TS 34.9mm CB<\/span><\/a><\/p>\n","protected":false},"featured_media":52589,"comment_status":"open","ping_status":"closed","template":"","meta":{"_acf_changed":false,"_improvement_type_select":"improve_an_existing","_thumb_yes_seoaic":false,"_frame_yes_seoaic":false,"seoaic_generate_description":"","seoaic_improve_instructions_prompt":"","seoaic_rollback_content_improvement":"","seoaic_idea_thumbnail_generator":"","thumbnail_generated":false,"thumbnail_generate_prompt":"","seoaic_article_description":"","_supplier_stock_quantity":0},"product_brand":[],"product_model":[],"product_cat":[9438],"product_tag":[],"industry-terminology":[],"class_list":{"0":"post-52590","1":"product","2":"type-product","3":"status-publish","4":"has-post-thumbnail","6":"product_cat-etuvaihtajat","8":"first","9":"instock","10":"taxable","11":"shipping-taxable","12":"purchasable","13":"product-type-simple"},"acf":{"bike_features":null,"overview":{"copy_overview":null,"key_features":null,"statement":"","youtube_url":""}},"yoast_head":"<!-- This site is optimized with the Yoast SEO plugin v27.4 - https:\/\/yoast.com\/product\/yoast-seo-wordpress\/ -->\n<title>Etuvaihtaja 2x7\/8-v FD-M315-TS 34.9mm CB - VM Sport<\/title>\n<meta name=\"robots\" content=\"index, follow, max-snippet:-1, max-image-preview:large, max-video-preview:-1\" \/>\n<link rel=\"canonical\" href=\"https:\/\/vmsport.fi\/sv\/webbutik\/reservdelar\/vaxellador\/foregangare\/framderailleur-2x7-8-v-fd-m315-ts-34-9mm-cb\/\" \/>\n<meta property=\"og:locale\" content=\"sv_SE\" \/>\n<meta property=\"og:type\" content=\"article\" \/>\n<meta property=\"og:title\" content=\"Etuvaihtaja 2x7\/8-v FD-M315-TS 34.9mm CB - VM Sport\" \/>\n<meta property=\"og:description\" content=\"T\u00e4m\u00e4 etuvaihtaja sopii sek\u00e4 2&#215;7- ett\u00e4 2&#215;8-vaihteisiin j\u00e4rjestelmiin, tarjoten monipuolisia mahdollisuuksia eri py\u00f6r\u00e4malleille. FD-M315-TS-malliin integroitu Hyperdrive-teknologia tekee vaihdosta sujuvampaa, parantaen polkupy\u00f6r\u00e4ilykokemusta merkitt\u00e4v\u00e4sti. Vaihtajan kiinnitysmitoitus on 34,9 mm, mik\u00e4 takaa tukevan asennuksen. T\u00e4m\u00e4 innovatiivinen etuvaihtaja on suunniteltu maksimoimaan suorituskyky\u00e4 erityisesti silloin, kun py\u00f6r\u00e4ilyteho on ensisijaisessa asemassa. [...]L\u00e4s mer \u2026 from Etuvaihtaja 2&#215;7\/8-v FD-M315-TS 34.9mm CB\" \/>\n<meta property=\"og:url\" content=\"https:\/\/vmsport.fi\/sv\/webbutik\/reservdelar\/vaxellador\/foregangare\/framderailleur-2x7-8-v-fd-m315-ts-34-9mm-cb\/\" \/>\n<meta property=\"og:site_name\" content=\"VM Sport\" \/>\n<meta property=\"article:publisher\" content=\"https:\/\/www.facebook.com\/Vmsport.fi\/\" \/>\n<meta property=\"article:modified_time\" content=\"2026-04-22T12:08:14+00:00\" \/>\n<meta property=\"og:image\" content=\"https:\/\/vmsport.fi\/wp-content\/uploads\/2025\/03\/CQkygMlctfDz7sbxDCBtqOhsApln3UerfKutdUxQorbzdHHyAK-1.jpg\" \/>\n\t<meta property=\"og:image:width\" content=\"600\" \/>\n\t<meta property=\"og:image:height\" content=\"600\" \/>\n\t<meta property=\"og:image:type\" content=\"image\/jpeg\" \/>\n<meta name=\"twitter:card\" content=\"summary_large_image\" \/>\n<script type=\"application\/ld+json\" class=\"yoast-schema-graph\">{\"@context\":\"https:\\\/\\\/schema.org\",\"@graph\":[{\"@type\":[\"WebPage\",\"ItemPage\"],\"@id\":\"https:\\\/\\\/vmsport.fi\\\/verkkokauppa\\\/varaosat\\\/vaihteistot\\\/etuvaihtajat\\\/etuvaihtaja-2x7-8-v-fd-m315-ts-34-9mm-cb\\\/\",\"url\":\"https:\\\/\\\/vmsport.fi\\\/verkkokauppa\\\/varaosat\\\/vaihteistot\\\/etuvaihtajat\\\/etuvaihtaja-2x7-8-v-fd-m315-ts-34-9mm-cb\\\/\",\"name\":\"Etuvaihtaja 2x7\\\/8-v FD-M315-TS 34.9mm CB - VM Sport\",\"isPartOf\":{\"@id\":\"https:\\\/\\\/vmsport.fi\\\/#website\"},\"primaryImageOfPage\":{\"@id\":\"https:\\\/\\\/vmsport.fi\\\/verkkokauppa\\\/varaosat\\\/vaihteistot\\\/etuvaihtajat\\\/etuvaihtaja-2x7-8-v-fd-m315-ts-34-9mm-cb\\\/#primaryimage\"},\"image\":{\"@id\":\"https:\\\/\\\/vmsport.fi\\\/verkkokauppa\\\/varaosat\\\/vaihteistot\\\/etuvaihtajat\\\/etuvaihtaja-2x7-8-v-fd-m315-ts-34-9mm-cb\\\/#primaryimage\"},\"thumbnailUrl\":\"https:\\\/\\\/vmsport.fi\\\/wp-content\\\/uploads\\\/2025\\\/03\\\/CQkygMlctfDz7sbxDCBtqOhsApln3UerfKutdUxQorbzdHHyAK-1.jpg\",\"datePublished\":\"2025-03-05T21:32:02+00:00\",\"dateModified\":\"2026-04-22T12:08:14+00:00\",\"breadcrumb\":{\"@id\":\"https:\\\/\\\/vmsport.fi\\\/verkkokauppa\\\/varaosat\\\/vaihteistot\\\/etuvaihtajat\\\/etuvaihtaja-2x7-8-v-fd-m315-ts-34-9mm-cb\\\/#breadcrumb\"},\"inLanguage\":\"sv-SE\",\"potentialAction\":[{\"@type\":\"ReadAction\",\"target\":[\"https:\\\/\\\/vmsport.fi\\\/verkkokauppa\\\/varaosat\\\/vaihteistot\\\/etuvaihtajat\\\/etuvaihtaja-2x7-8-v-fd-m315-ts-34-9mm-cb\\\/\"]}]},{\"@type\":\"ImageObject\",\"inLanguage\":\"sv-SE\",\"@id\":\"https:\\\/\\\/vmsport.fi\\\/verkkokauppa\\\/varaosat\\\/vaihteistot\\\/etuvaihtajat\\\/etuvaihtaja-2x7-8-v-fd-m315-ts-34-9mm-cb\\\/#primaryimage\",\"url\":\"https:\\\/\\\/vmsport.fi\\\/wp-content\\\/uploads\\\/2025\\\/03\\\/CQkygMlctfDz7sbxDCBtqOhsApln3UerfKutdUxQorbzdHHyAK-1.jpg\",\"contentUrl\":\"https:\\\/\\\/vmsport.fi\\\/wp-content\\\/uploads\\\/2025\\\/03\\\/CQkygMlctfDz7sbxDCBtqOhsApln3UerfKutdUxQorbzdHHyAK-1.jpg\",\"width\":600,\"height\":600,\"caption\":\"CQkygMlctfDz7sbxDCBtqOhsApln3UerfKutdUxQorbzdHHyAK\"},{\"@type\":\"BreadcrumbList\",\"@id\":\"https:\\\/\\\/vmsport.fi\\\/verkkokauppa\\\/varaosat\\\/vaihteistot\\\/etuvaihtajat\\\/etuvaihtaja-2x7-8-v-fd-m315-ts-34-9mm-cb\\\/#breadcrumb\",\"itemListElement\":[{\"@type\":\"ListItem\",\"position\":1,\"name\":\"Etusivu\",\"item\":\"https:\\\/\\\/vmsport.fi\\\/\"},{\"@type\":\"ListItem\",\"position\":2,\"name\":\"Online Store\",\"item\":\"https:\\\/\\\/vmsport.fi\\\/en\\\/online-store\\\/\"},{\"@type\":\"ListItem\",\"position\":3,\"name\":\"Etuvaihtaja 2&#215;7\\\/8-v FD-M315-TS 34.9mm CB\"}]},{\"@type\":\"WebSite\",\"@id\":\"https:\\\/\\\/vmsport.fi\\\/#website\",\"url\":\"https:\\\/\\\/vmsport.fi\\\/\",\"name\":\"Vmsport\",\"description\":\"Kaikki py\u00f6r\u00e4ilyyn yhdest\u00e4 paikasta\",\"publisher\":{\"@id\":\"https:\\\/\\\/vmsport.fi\\\/#organization\"},\"potentialAction\":[{\"@type\":\"SearchAction\",\"target\":{\"@type\":\"EntryPoint\",\"urlTemplate\":\"https:\\\/\\\/vmsport.fi\\\/?s={search_term_string}\"},\"query-input\":{\"@type\":\"PropertyValueSpecification\",\"valueRequired\":true,\"valueName\":\"search_term_string\"}}],\"inLanguage\":\"sv-SE\"},{\"@type\":\"Organization\",\"@id\":\"https:\\\/\\\/vmsport.fi\\\/#organization\",\"name\":\"Vmsport\",\"url\":\"https:\\\/\\\/vmsport.fi\\\/\",\"logo\":{\"@type\":\"ImageObject\",\"inLanguage\":\"sv-SE\",\"@id\":\"https:\\\/\\\/vmsport.fi\\\/#\\\/schema\\\/logo\\\/image\\\/\",\"url\":\"https:\\\/\\\/vmsport.fi\\\/wp-content\\\/uploads\\\/2024\\\/12\\\/vm_sport_RGB_horisontal-e1734526017575.png\",\"contentUrl\":\"https:\\\/\\\/vmsport.fi\\\/wp-content\\\/uploads\\\/2024\\\/12\\\/vm_sport_RGB_horisontal-e1734526017575.png\",\"width\":668,\"height\":85,\"caption\":\"Vmsport\"},\"image\":{\"@id\":\"https:\\\/\\\/vmsport.fi\\\/#\\\/schema\\\/logo\\\/image\\\/\"},\"sameAs\":[\"https:\\\/\\\/www.facebook.com\\\/Vmsport.fi\\\/\",\"https:\\\/\\\/www.instagram.com\\\/vmsport\\\/\"]}]}<\/script>\n<!-- \/ Yoast SEO plugin. -->","yoast_head_json":{"title":"Framv\u00e4xel 2x7\/8-v FD-M315-TS 34,9 mm CB - VM Sport","robots":{"index":"index","follow":"follow","max-snippet":"max-snippet:-1","max-image-preview":"max-image-preview:large","max-video-preview":"max-video-preview:-1"},"canonical":"https:\/\/vmsport.fi\/sv\/webbutik\/reservdelar\/vaxellador\/foregangare\/framderailleur-2x7-8-v-fd-m315-ts-34-9mm-cb\/","og_locale":"sv_SE","og_type":"article","og_title":"Etuvaihtaja 2x7\/8-v FD-M315-TS 34.9mm CB - VM Sport","og_description":"T\u00e4m\u00e4 etuvaihtaja sopii sek\u00e4 2&#215;7- ett\u00e4 2&#215;8-vaihteisiin j\u00e4rjestelmiin, tarjoten monipuolisia mahdollisuuksia eri py\u00f6r\u00e4malleille. FD-M315-TS-malliin integroitu Hyperdrive-teknologia tekee vaihdosta sujuvampaa, parantaen polkupy\u00f6r\u00e4ilykokemusta merkitt\u00e4v\u00e4sti. Vaihtajan kiinnitysmitoitus on 34,9 mm, mik\u00e4 takaa tukevan asennuksen. T\u00e4m\u00e4 innovatiivinen etuvaihtaja on suunniteltu maksimoimaan suorituskyky\u00e4 erityisesti silloin, kun py\u00f6r\u00e4ilyteho on ensisijaisessa asemassa. [...]L\u00e4s mer \u2026 from Etuvaihtaja 2&#215;7\/8-v FD-M315-TS 34.9mm CB","og_url":"https:\/\/vmsport.fi\/sv\/webbutik\/reservdelar\/vaxellador\/foregangare\/framderailleur-2x7-8-v-fd-m315-ts-34-9mm-cb\/","og_site_name":"VM Sport","article_publisher":"https:\/\/www.facebook.com\/Vmsport.fi\/","article_modified_time":"2026-04-22T12:08:14+00:00","og_image":[{"width":600,"height":600,"url":"https:\/\/vmsport.fi\/wp-content\/uploads\/2025\/03\/CQkygMlctfDz7sbxDCBtqOhsApln3UerfKutdUxQorbzdHHyAK-1.jpg","type":"image\/jpeg"}],"twitter_card":"summary_large_image","schema":{"@context":"https:\/\/schema.org","@graph":[{"@type":["WebPage","ItemPage"],"@id":"https:\/\/vmsport.fi\/verkkokauppa\/varaosat\/vaihteistot\/etuvaihtajat\/etuvaihtaja-2x7-8-v-fd-m315-ts-34-9mm-cb\/","url":"https:\/\/vmsport.fi\/verkkokauppa\/varaosat\/vaihteistot\/etuvaihtajat\/etuvaihtaja-2x7-8-v-fd-m315-ts-34-9mm-cb\/","name":"Framv\u00e4xel 2x7\/8-v FD-M315-TS 34,9 mm CB - VM Sport","isPartOf":{"@id":"https:\/\/vmsport.fi\/#website"},"primaryImageOfPage":{"@id":"https:\/\/vmsport.fi\/verkkokauppa\/varaosat\/vaihteistot\/etuvaihtajat\/etuvaihtaja-2x7-8-v-fd-m315-ts-34-9mm-cb\/#primaryimage"},"image":{"@id":"https:\/\/vmsport.fi\/verkkokauppa\/varaosat\/vaihteistot\/etuvaihtajat\/etuvaihtaja-2x7-8-v-fd-m315-ts-34-9mm-cb\/#primaryimage"},"thumbnailUrl":"https:\/\/vmsport.fi\/wp-content\/uploads\/2025\/03\/CQkygMlctfDz7sbxDCBtqOhsApln3UerfKutdUxQorbzdHHyAK-1.jpg","datePublished":"2025-03-05T21:32:02+00:00","dateModified":"2026-04-22T12:08:14+00:00","breadcrumb":{"@id":"https:\/\/vmsport.fi\/verkkokauppa\/varaosat\/vaihteistot\/etuvaihtajat\/etuvaihtaja-2x7-8-v-fd-m315-ts-34-9mm-cb\/#breadcrumb"},"inLanguage":"sv-SE","potentialAction":[{"@type":"ReadAction","target":["https:\/\/vmsport.fi\/verkkokauppa\/varaosat\/vaihteistot\/etuvaihtajat\/etuvaihtaja-2x7-8-v-fd-m315-ts-34-9mm-cb\/"]}]},{"@type":"ImageObject","inLanguage":"sv-SE","@id":"https:\/\/vmsport.fi\/verkkokauppa\/varaosat\/vaihteistot\/etuvaihtajat\/etuvaihtaja-2x7-8-v-fd-m315-ts-34-9mm-cb\/#primaryimage","url":"https:\/\/vmsport.fi\/wp-content\/uploads\/2025\/03\/CQkygMlctfDz7sbxDCBtqOhsApln3UerfKutdUxQorbzdHHyAK-1.jpg","contentUrl":"https:\/\/vmsport.fi\/wp-content\/uploads\/2025\/03\/CQkygMlctfDz7sbxDCBtqOhsApln3UerfKutdUxQorbzdHHyAK-1.jpg","width":600,"height":600,"caption":"CQkygMlctfDz7sbxDCBtqOhsApln3UerfKutdUxQorbzdHHyAK"},{"@type":"BreadcrumbList","@id":"https:\/\/vmsport.fi\/verkkokauppa\/varaosat\/vaihteistot\/etuvaihtajat\/etuvaihtaja-2x7-8-v-fd-m315-ts-34-9mm-cb\/#breadcrumb","itemListElement":[{"@type":"ListItem","position":1,"name":"Etusivu","item":"https:\/\/vmsport.fi\/"},{"@type":"ListItem","position":2,"name":"Online Store","item":"https:\/\/vmsport.fi\/en\/online-store\/"},{"@type":"ListItem","position":3,"name":"Etuvaihtaja 2&#215;7\/8-v FD-M315-TS 34.9mm CB"}]},{"@type":"WebSite","@id":"https:\/\/vmsport.fi\/#website","url":"https:\/\/vmsport.fi\/","name":"Vmsport","description":"Allt p\u00e5 ett st\u00e4lle f\u00f6r cykling","publisher":{"@id":"https:\/\/vmsport.fi\/#organization"},"potentialAction":[{"@type":"SearchAction","target":{"@type":"EntryPoint","urlTemplate":"https:\/\/vmsport.fi\/?s={search_term_string}"},"query-input":{"@type":"PropertyValueSpecification","valueRequired":true,"valueName":"search_term_string"}}],"inLanguage":"sv-SE"},{"@type":"Organization","@id":"https:\/\/vmsport.fi\/#organization","name":"Vmsport","url":"https:\/\/vmsport.fi\/","logo":{"@type":"ImageObject","inLanguage":"sv-SE","@id":"https:\/\/vmsport.fi\/#\/schema\/logo\/image\/","url":"https:\/\/vmsport.fi\/wp-content\/uploads\/2024\/12\/vm_sport_RGB_horisontal-e1734526017575.png","contentUrl":"https:\/\/vmsport.fi\/wp-content\/uploads\/2024\/12\/vm_sport_RGB_horisontal-e1734526017575.png","width":668,"height":85,"caption":"Vmsport"},"image":{"@id":"https:\/\/vmsport.fi\/#\/schema\/logo\/image\/"},"sameAs":["https:\/\/www.facebook.com\/Vmsport.fi\/","https:\/\/www.instagram.com\/vmsport\/"]}]}},"global_unique_id":"","_links":{"self":[{"href":"https:\/\/vmsport.fi\/sv\/wp-json\/wp\/v2\/product\/52590","targetHints":{"allow":["GET"]}}],"collection":[{"href":"https:\/\/vmsport.fi\/sv\/wp-json\/wp\/v2\/product"}],"about":[{"href":"https:\/\/vmsport.fi\/sv\/wp-json\/wp\/v2\/types\/product"}],"replies":[{"embeddable":true,"href":"https:\/\/vmsport.fi\/sv\/wp-json\/wp\/v2\/comments?post=52590"}],"wp:featuredmedia":[{"embeddable":true,"href":"https:\/\/vmsport.fi\/sv\/wp-json\/wp\/v2\/media\/52589"}],"wp:attachment":[{"href":"https:\/\/vmsport.fi\/sv\/wp-json\/wp\/v2\/media?parent=52590"}],"wp:term":[{"taxonomy":"product_brand","embeddable":true,"href":"https:\/\/vmsport.fi\/sv\/wp-json\/wp\/v2\/product_brand?post=52590"},{"taxonomy":"product_model","embeddable":true,"href":"https:\/\/vmsport.fi\/sv\/wp-json\/wp\/v2\/product_model?post=52590"},{"taxonomy":"product_cat","embeddable":true,"href":"https:\/\/vmsport.fi\/sv\/wp-json\/wp\/v2\/product_cat?post=52590"},{"taxonomy":"product_tag","embeddable":true,"href":"https:\/\/vmsport.fi\/sv\/wp-json\/wp\/v2\/product_tag?post=52590"},{"taxonomy":"industry_terminology","embeddable":true,"href":"https:\/\/vmsport.fi\/sv\/wp-json\/wp\/v2\/industry-terminology?post=52590"}],"curies":[{"name":"wp","href":"https:\/\/api.w.org\/{rel}","templated":true}]}}