{"id":52588,"date":"2025-03-05T23:32:01","date_gmt":"2025-03-05T21:32:01","guid":{"rendered":"https:\/\/vmsport.fi\/verkkokauppa\/Ei-luokiteltu\/suomi-tyres-routa-tlr-w244-35-622-nastarengas\/"},"modified":"2026-02-28T02:00:15","modified_gmt":"2026-02-28T00:00:15","slug":"suomi-tyres-routa-tlr-w244-35-622-dubbdack","status":"publish","type":"product","link":"https:\/\/vmsport.fi\/sv\/verkkokauppa\/renkaat\/ulkorenkaat\/nastarenkaat\/suomi-tyres-routa-tlr-w244-35-622-nastarengas\/","title":{"rendered":"Suomi Tyres Routa TLR W244 35-622 Dubbd\u00e4ck"},"content":{"rendered":"<p>Suomi Tyres Routa TLR W244 35-622 dubbd\u00e4ck \u00e4r speciellt utformat f\u00f6r pendlar-, grus- och lastcyklar. Slitbanem\u00f6nstret som utvecklats f\u00f6r vinterbruk ger maximalt grepp, medan de slitstarka st\u00e5ldubbarna \u00f6kar s\u00e4kerheten p\u00e5 hala, isiga och sn\u00f6iga v\u00e4gar. Den l\u00e4tta v\u00e4ggkonstruktionen m\u00f6jligg\u00f6r effektiv rullning, medan den slitstarka ramen skyddar mot punktering. Den giftfria gummiblandningen \u00e4r avsedd f\u00f6r vinterbruk och underl\u00e4ttar d\u00e4ckets hantering och minskar rullmotst\u00e5ndet. En reflekterande sektion p\u00e5 sidov\u00e4ggen f\u00f6rb\u00e4ttrar fordonets synlighet f\u00f6r s\u00e4krare k\u00f6rning. Denna kombination garanterar en bekv\u00e4m k\u00f6rning och l\u00e5ng livsl\u00e4ngd under de kalla m\u00e5naderna.<\/p>","protected":false},"excerpt":{"rendered":"<p>Suomi Tyres Routa TLR W244 35-622 nastarengas on suunniteltu erityisesti ty\u00f6matka-, sora- ja rahtipy\u00f6riin. Talvik\u00e4ytt\u00f6\u00f6n kehitetty pintakuvio takaa parhaan mahdollisen pidon, kun taas kest\u00e4v\u00e4t ter\u00e4snastat lis\u00e4\u00e4v\u00e4t turvallisuutta liukkailla j\u00e4isill\u00e4 ja lumisilla teill\u00e4. Kevyt sein\u00e4m\u00e4rakenne mahdollistaa tehokkaan rullaamisen, ja kest\u00e4v\u00e4 runko suojaa puhkeamisilta. Talvik\u00e4ytt\u00f6\u00f6n suunniteltu, myrkyt\u00f6n kumiseos helpottaa renkaan hallintaa ja v\u00e4hent\u00e4\u00e4 vierint\u00e4vastusta. Renkaan kyljess\u00e4 oleva [&#8230;]<\/p>\n<p><a class=\"btn btn-secondary understrap-read-more-link\" href=\"https:\/\/vmsport.fi\/sv\/verkkokauppa\/renkaat\/ulkorenkaat\/nastarenkaat\/suomi-tyres-routa-tlr-w244-35-622-nastarengas\/\">L\u00e4s mer \u2026<span class=\"screen-reader-text\"> from Suomi Tyres Routa TLR W244 35-622 Nastarengas<\/span><\/a><\/p>\n","protected":false},"featured_media":52587,"comment_status":"open","ping_status":"closed","template":"","meta":{"_acf_changed":false,"_improvement_type_select":"improve_an_existing","_thumb_yes_seoaic":false,"_frame_yes_seoaic":false,"seoaic_generate_description":"","seoaic_improve_instructions_prompt":"","seoaic_rollback_content_improvement":"","seoaic_idea_thumbnail_generator":"","thumbnail_generated":false,"thumbnail_generate_prompt":"","seoaic_article_description":"","_supplier_stock_quantity":0},"product_brand":[1591],"product_model":[],"product_cat":[9336],"product_tag":[],"industry-terminology":[],"class_list":{"0":"post-52588","1":"product","2":"type-product","3":"status-publish","4":"has-post-thumbnail","6":"product_brand-suomi-tyres","7":"product_cat-nastarenkaat","9":"first","10":"outofstock","11":"taxable","12":"shipping-taxable","13":"product-type-simple"},"acf":{"bike_features":null,"overview":{"copy_overview":null,"key_features":null,"statement":"","youtube_url":""}},"yoast_head":"<!-- This site is optimized with the Yoast SEO plugin v27.3 - https:\/\/yoast.com\/product\/yoast-seo-wordpress\/ -->\n<title>Suomi Tyres Routa TLR W244 35-622 Nastarengas - VM Sport<\/title>\n<meta name=\"robots\" content=\"index, follow, max-snippet:-1, max-image-preview:large, max-video-preview:-1\" \/>\n<link rel=\"canonical\" href=\"https:\/\/vmsport.fi\/sv\/webbutik\/dack\/dack-for-utomhusbruk\/dubbdack\/suomi-tyres-routa-tlr-w244-35-622-dubbdack\/\" \/>\n<meta property=\"og:locale\" content=\"sv_SE\" \/>\n<meta property=\"og:type\" content=\"article\" \/>\n<meta property=\"og:title\" content=\"Suomi Tyres Routa TLR W244 35-622 Nastarengas - VM Sport\" \/>\n<meta property=\"og:description\" content=\"Suomi Tyres Routa TLR W244 35-622 nastarengas on suunniteltu erityisesti ty\u00f6matka-, sora- ja rahtipy\u00f6riin. Talvik\u00e4ytt\u00f6\u00f6n kehitetty pintakuvio takaa parhaan mahdollisen pidon, kun taas kest\u00e4v\u00e4t ter\u00e4snastat lis\u00e4\u00e4v\u00e4t turvallisuutta liukkailla j\u00e4isill\u00e4 ja lumisilla teill\u00e4. Kevyt sein\u00e4m\u00e4rakenne mahdollistaa tehokkaan rullaamisen, ja kest\u00e4v\u00e4 runko suojaa puhkeamisilta. Talvik\u00e4ytt\u00f6\u00f6n suunniteltu, myrkyt\u00f6n kumiseos helpottaa renkaan hallintaa ja v\u00e4hent\u00e4\u00e4 vierint\u00e4vastusta. Renkaan kyljess\u00e4 oleva [...]L\u00e4s mer \u2026 from Suomi Tyres Routa TLR W244 35-622 Nastarengas\" \/>\n<meta property=\"og:url\" content=\"https:\/\/vmsport.fi\/sv\/webbutik\/dack\/dack-for-utomhusbruk\/dubbdack\/suomi-tyres-routa-tlr-w244-35-622-dubbdack\/\" \/>\n<meta property=\"og:site_name\" content=\"VM Sport\" \/>\n<meta property=\"article:publisher\" content=\"https:\/\/www.facebook.com\/Vmsport.fi\/\" \/>\n<meta property=\"article:modified_time\" content=\"2026-02-28T00:00:15+00:00\" \/>\n<meta property=\"og:image\" content=\"https:\/\/vmsport.fi\/wp-content\/uploads\/2025\/03\/routa-nastarengas-1.png\" \/>\n\t<meta property=\"og:image:width\" content=\"792\" \/>\n\t<meta property=\"og:image:height\" content=\"1000\" \/>\n\t<meta property=\"og:image:type\" content=\"image\/png\" \/>\n<meta name=\"twitter:card\" content=\"summary_large_image\" \/>\n<script type=\"application\/ld+json\" class=\"yoast-schema-graph\">{\"@context\":\"https:\\\/\\\/schema.org\",\"@graph\":[{\"@type\":[\"WebPage\",\"ItemPage\"],\"@id\":\"https:\\\/\\\/vmsport.fi\\\/verkkokauppa\\\/renkaat\\\/ulkorenkaat\\\/nastarenkaat\\\/suomi-tyres-routa-tlr-w244-35-622-nastarengas\\\/\",\"url\":\"https:\\\/\\\/vmsport.fi\\\/verkkokauppa\\\/renkaat\\\/ulkorenkaat\\\/nastarenkaat\\\/suomi-tyres-routa-tlr-w244-35-622-nastarengas\\\/\",\"name\":\"Suomi Tyres Routa TLR W244 35-622 Nastarengas - VM Sport\",\"isPartOf\":{\"@id\":\"https:\\\/\\\/vmsport.fi\\\/#website\"},\"primaryImageOfPage\":{\"@id\":\"https:\\\/\\\/vmsport.fi\\\/verkkokauppa\\\/renkaat\\\/ulkorenkaat\\\/nastarenkaat\\\/suomi-tyres-routa-tlr-w244-35-622-nastarengas\\\/#primaryimage\"},\"image\":{\"@id\":\"https:\\\/\\\/vmsport.fi\\\/verkkokauppa\\\/renkaat\\\/ulkorenkaat\\\/nastarenkaat\\\/suomi-tyres-routa-tlr-w244-35-622-nastarengas\\\/#primaryimage\"},\"thumbnailUrl\":\"https:\\\/\\\/vmsport.fi\\\/wp-content\\\/uploads\\\/2025\\\/03\\\/routa-nastarengas-1.png\",\"datePublished\":\"2025-03-05T21:32:01+00:00\",\"dateModified\":\"2026-02-28T00:00:15+00:00\",\"breadcrumb\":{\"@id\":\"https:\\\/\\\/vmsport.fi\\\/verkkokauppa\\\/renkaat\\\/ulkorenkaat\\\/nastarenkaat\\\/suomi-tyres-routa-tlr-w244-35-622-nastarengas\\\/#breadcrumb\"},\"inLanguage\":\"sv-SE\",\"potentialAction\":[{\"@type\":\"ReadAction\",\"target\":[\"https:\\\/\\\/vmsport.fi\\\/verkkokauppa\\\/renkaat\\\/ulkorenkaat\\\/nastarenkaat\\\/suomi-tyres-routa-tlr-w244-35-622-nastarengas\\\/\"]}]},{\"@type\":\"ImageObject\",\"inLanguage\":\"sv-SE\",\"@id\":\"https:\\\/\\\/vmsport.fi\\\/verkkokauppa\\\/renkaat\\\/ulkorenkaat\\\/nastarenkaat\\\/suomi-tyres-routa-tlr-w244-35-622-nastarengas\\\/#primaryimage\",\"url\":\"https:\\\/\\\/vmsport.fi\\\/wp-content\\\/uploads\\\/2025\\\/03\\\/routa-nastarengas-1.png\",\"contentUrl\":\"https:\\\/\\\/vmsport.fi\\\/wp-content\\\/uploads\\\/2025\\\/03\\\/routa-nastarengas-1.png\",\"width\":792,\"height\":1000,\"caption\":\"routa-nastarengas\"},{\"@type\":\"BreadcrumbList\",\"@id\":\"https:\\\/\\\/vmsport.fi\\\/verkkokauppa\\\/renkaat\\\/ulkorenkaat\\\/nastarenkaat\\\/suomi-tyres-routa-tlr-w244-35-622-nastarengas\\\/#breadcrumb\",\"itemListElement\":[{\"@type\":\"ListItem\",\"position\":1,\"name\":\"Etusivu\",\"item\":\"https:\\\/\\\/vmsport.fi\\\/\"},{\"@type\":\"ListItem\",\"position\":2,\"name\":\"Online Store\",\"item\":\"https:\\\/\\\/vmsport.fi\\\/en\\\/online-store\\\/\"},{\"@type\":\"ListItem\",\"position\":3,\"name\":\"Suomi Tyres Routa TLR W244 35-622 Nastarengas\"}]},{\"@type\":\"WebSite\",\"@id\":\"https:\\\/\\\/vmsport.fi\\\/#website\",\"url\":\"https:\\\/\\\/vmsport.fi\\\/\",\"name\":\"Vmsport\",\"description\":\"Kaikki py\u00f6r\u00e4ilyyn yhdest\u00e4 paikasta\",\"publisher\":{\"@id\":\"https:\\\/\\\/vmsport.fi\\\/#organization\"},\"potentialAction\":[{\"@type\":\"SearchAction\",\"target\":{\"@type\":\"EntryPoint\",\"urlTemplate\":\"https:\\\/\\\/vmsport.fi\\\/?s={search_term_string}\"},\"query-input\":{\"@type\":\"PropertyValueSpecification\",\"valueRequired\":true,\"valueName\":\"search_term_string\"}}],\"inLanguage\":\"sv-SE\"},{\"@type\":\"Organization\",\"@id\":\"https:\\\/\\\/vmsport.fi\\\/#organization\",\"name\":\"Vmsport\",\"url\":\"https:\\\/\\\/vmsport.fi\\\/\",\"logo\":{\"@type\":\"ImageObject\",\"inLanguage\":\"sv-SE\",\"@id\":\"https:\\\/\\\/vmsport.fi\\\/#\\\/schema\\\/logo\\\/image\\\/\",\"url\":\"https:\\\/\\\/vmsport.fi\\\/wp-content\\\/uploads\\\/2024\\\/12\\\/vm_sport_RGB_horisontal-e1734526017575.png\",\"contentUrl\":\"https:\\\/\\\/vmsport.fi\\\/wp-content\\\/uploads\\\/2024\\\/12\\\/vm_sport_RGB_horisontal-e1734526017575.png\",\"width\":668,\"height\":85,\"caption\":\"Vmsport\"},\"image\":{\"@id\":\"https:\\\/\\\/vmsport.fi\\\/#\\\/schema\\\/logo\\\/image\\\/\"},\"sameAs\":[\"https:\\\/\\\/www.facebook.com\\\/Vmsport.fi\\\/\",\"https:\\\/\\\/www.instagram.com\\\/vmsport\\\/\"]}]}<\/script>\n<!-- \/ Yoast SEO plugin. -->","yoast_head_json":{"title":"Suomi Tyres Routa TLR W244 35-622 dubbd\u00e4ck - VM Sport","robots":{"index":"index","follow":"follow","max-snippet":"max-snippet:-1","max-image-preview":"max-image-preview:large","max-video-preview":"max-video-preview:-1"},"canonical":"https:\/\/vmsport.fi\/sv\/webbutik\/dack\/dack-for-utomhusbruk\/dubbdack\/suomi-tyres-routa-tlr-w244-35-622-dubbdack\/","og_locale":"sv_SE","og_type":"article","og_title":"Suomi Tyres Routa TLR W244 35-622 Nastarengas - VM Sport","og_description":"Suomi Tyres Routa TLR W244 35-622 nastarengas on suunniteltu erityisesti ty\u00f6matka-, sora- ja rahtipy\u00f6riin. Talvik\u00e4ytt\u00f6\u00f6n kehitetty pintakuvio takaa parhaan mahdollisen pidon, kun taas kest\u00e4v\u00e4t ter\u00e4snastat lis\u00e4\u00e4v\u00e4t turvallisuutta liukkailla j\u00e4isill\u00e4 ja lumisilla teill\u00e4. Kevyt sein\u00e4m\u00e4rakenne mahdollistaa tehokkaan rullaamisen, ja kest\u00e4v\u00e4 runko suojaa puhkeamisilta. Talvik\u00e4ytt\u00f6\u00f6n suunniteltu, myrkyt\u00f6n kumiseos helpottaa renkaan hallintaa ja v\u00e4hent\u00e4\u00e4 vierint\u00e4vastusta. Renkaan kyljess\u00e4 oleva [...]L\u00e4s mer \u2026 from Suomi Tyres Routa TLR W244 35-622 Nastarengas","og_url":"https:\/\/vmsport.fi\/sv\/webbutik\/dack\/dack-for-utomhusbruk\/dubbdack\/suomi-tyres-routa-tlr-w244-35-622-dubbdack\/","og_site_name":"VM Sport","article_publisher":"https:\/\/www.facebook.com\/Vmsport.fi\/","article_modified_time":"2026-02-28T00:00:15+00:00","og_image":[{"width":792,"height":1000,"url":"https:\/\/vmsport.fi\/wp-content\/uploads\/2025\/03\/routa-nastarengas-1.png","type":"image\/png"}],"twitter_card":"summary_large_image","schema":{"@context":"https:\/\/schema.org","@graph":[{"@type":["WebPage","ItemPage"],"@id":"https:\/\/vmsport.fi\/verkkokauppa\/renkaat\/ulkorenkaat\/nastarenkaat\/suomi-tyres-routa-tlr-w244-35-622-nastarengas\/","url":"https:\/\/vmsport.fi\/verkkokauppa\/renkaat\/ulkorenkaat\/nastarenkaat\/suomi-tyres-routa-tlr-w244-35-622-nastarengas\/","name":"Suomi Tyres Routa TLR W244 35-622 dubbd\u00e4ck - VM Sport","isPartOf":{"@id":"https:\/\/vmsport.fi\/#website"},"primaryImageOfPage":{"@id":"https:\/\/vmsport.fi\/verkkokauppa\/renkaat\/ulkorenkaat\/nastarenkaat\/suomi-tyres-routa-tlr-w244-35-622-nastarengas\/#primaryimage"},"image":{"@id":"https:\/\/vmsport.fi\/verkkokauppa\/renkaat\/ulkorenkaat\/nastarenkaat\/suomi-tyres-routa-tlr-w244-35-622-nastarengas\/#primaryimage"},"thumbnailUrl":"https:\/\/vmsport.fi\/wp-content\/uploads\/2025\/03\/routa-nastarengas-1.png","datePublished":"2025-03-05T21:32:01+00:00","dateModified":"2026-02-28T00:00:15+00:00","breadcrumb":{"@id":"https:\/\/vmsport.fi\/verkkokauppa\/renkaat\/ulkorenkaat\/nastarenkaat\/suomi-tyres-routa-tlr-w244-35-622-nastarengas\/#breadcrumb"},"inLanguage":"sv-SE","potentialAction":[{"@type":"ReadAction","target":["https:\/\/vmsport.fi\/verkkokauppa\/renkaat\/ulkorenkaat\/nastarenkaat\/suomi-tyres-routa-tlr-w244-35-622-nastarengas\/"]}]},{"@type":"ImageObject","inLanguage":"sv-SE","@id":"https:\/\/vmsport.fi\/verkkokauppa\/renkaat\/ulkorenkaat\/nastarenkaat\/suomi-tyres-routa-tlr-w244-35-622-nastarengas\/#primaryimage","url":"https:\/\/vmsport.fi\/wp-content\/uploads\/2025\/03\/routa-nastarengas-1.png","contentUrl":"https:\/\/vmsport.fi\/wp-content\/uploads\/2025\/03\/routa-nastarengas-1.png","width":792,"height":1000,"caption":"routa-nastarengas"},{"@type":"BreadcrumbList","@id":"https:\/\/vmsport.fi\/verkkokauppa\/renkaat\/ulkorenkaat\/nastarenkaat\/suomi-tyres-routa-tlr-w244-35-622-nastarengas\/#breadcrumb","itemListElement":[{"@type":"ListItem","position":1,"name":"Etusivu","item":"https:\/\/vmsport.fi\/"},{"@type":"ListItem","position":2,"name":"Online Store","item":"https:\/\/vmsport.fi\/en\/online-store\/"},{"@type":"ListItem","position":3,"name":"Suomi Tyres Routa TLR W244 35-622 Nastarengas"}]},{"@type":"WebSite","@id":"https:\/\/vmsport.fi\/#website","url":"https:\/\/vmsport.fi\/","name":"Vmsport","description":"Allt p\u00e5 ett st\u00e4lle f\u00f6r cykling","publisher":{"@id":"https:\/\/vmsport.fi\/#organization"},"potentialAction":[{"@type":"SearchAction","target":{"@type":"EntryPoint","urlTemplate":"https:\/\/vmsport.fi\/?s={search_term_string}"},"query-input":{"@type":"PropertyValueSpecification","valueRequired":true,"valueName":"search_term_string"}}],"inLanguage":"sv-SE"},{"@type":"Organization","@id":"https:\/\/vmsport.fi\/#organization","name":"Vmsport","url":"https:\/\/vmsport.fi\/","logo":{"@type":"ImageObject","inLanguage":"sv-SE","@id":"https:\/\/vmsport.fi\/#\/schema\/logo\/image\/","url":"https:\/\/vmsport.fi\/wp-content\/uploads\/2024\/12\/vm_sport_RGB_horisontal-e1734526017575.png","contentUrl":"https:\/\/vmsport.fi\/wp-content\/uploads\/2024\/12\/vm_sport_RGB_horisontal-e1734526017575.png","width":668,"height":85,"caption":"Vmsport"},"image":{"@id":"https:\/\/vmsport.fi\/#\/schema\/logo\/image\/"},"sameAs":["https:\/\/www.facebook.com\/Vmsport.fi\/","https:\/\/www.instagram.com\/vmsport\/"]}]}},"global_unique_id":"","_links":{"self":[{"href":"https:\/\/vmsport.fi\/sv\/wp-json\/wp\/v2\/product\/52588","targetHints":{"allow":["GET"]}}],"collection":[{"href":"https:\/\/vmsport.fi\/sv\/wp-json\/wp\/v2\/product"}],"about":[{"href":"https:\/\/vmsport.fi\/sv\/wp-json\/wp\/v2\/types\/product"}],"replies":[{"embeddable":true,"href":"https:\/\/vmsport.fi\/sv\/wp-json\/wp\/v2\/comments?post=52588"}],"wp:featuredmedia":[{"embeddable":true,"href":"https:\/\/vmsport.fi\/sv\/wp-json\/wp\/v2\/media\/52587"}],"wp:attachment":[{"href":"https:\/\/vmsport.fi\/sv\/wp-json\/wp\/v2\/media?parent=52588"}],"wp:term":[{"taxonomy":"product_brand","embeddable":true,"href":"https:\/\/vmsport.fi\/sv\/wp-json\/wp\/v2\/product_brand?post=52588"},{"taxonomy":"product_model","embeddable":true,"href":"https:\/\/vmsport.fi\/sv\/wp-json\/wp\/v2\/product_model?post=52588"},{"taxonomy":"product_cat","embeddable":true,"href":"https:\/\/vmsport.fi\/sv\/wp-json\/wp\/v2\/product_cat?post=52588"},{"taxonomy":"product_tag","embeddable":true,"href":"https:\/\/vmsport.fi\/sv\/wp-json\/wp\/v2\/product_tag?post=52588"},{"taxonomy":"industry_terminology","embeddable":true,"href":"https:\/\/vmsport.fi\/sv\/wp-json\/wp\/v2\/industry-terminology?post=52588"}],"curies":[{"name":"wp","href":"https:\/\/api.w.org\/{rel}","templated":true}]}}