{"id":52586,"date":"2025-03-05T23:31:59","date_gmt":"2025-03-05T21:31:59","guid":{"rendered":"https:\/\/vmsport.fi\/verkkokauppa\/Ei-luokiteltu\/xlc-hs-a04-black\/"},"modified":"2026-01-16T13:24:49","modified_gmt":"2026-01-16T11:24:49","slug":"xlc-hs-a04-svart","status":"publish","type":"product","link":"https:\/\/vmsport.fi\/sv\/verkkokauppa\/varaosat\/kiekot-ja-navat\/laakerit\/xlc-hs-a04-black\/","title":{"rendered":"XLC HS-A04 Svart"},"content":{"rendered":"<p>XLC HS-A04 \u00e4r ett toppmodernt lager f\u00f6r cykelstyren som \u00e4r s\u00e4rskilt utformat f\u00f6r att f\u00f6rb\u00e4ttra din cykelupplevelse. Denna svarta komponent \u00e4r tillverkad av mycket slitstarkt material, vilket garanterar dess l\u00e5nga livsl\u00e4ngd. Dess avancerade design m\u00f6jligg\u00f6r exakt och smidig styrning, vilket g\u00f6r att cyklisten kan fokusera p\u00e5 s\u00e4kerhet och k\u00f6rgl\u00e4dje.<\/p>","protected":false},"excerpt":{"rendered":"<p>XLC HS-A04 on huippuluokan polkupy\u00f6r\u00e4n ohjainlaakeri, joka on erityisesti suunniteltu parantamaan py\u00f6r\u00e4ilykokemusta. T\u00e4m\u00e4 musta komponentti on valmistettu eritt\u00e4in kest\u00e4v\u00e4st\u00e4 materiaalista, mik\u00e4 takaa sen pitk\u00e4n k\u00e4ytt\u00f6i\u00e4n. Sen edistyksellinen muotoilu mahdollistaa tarkan ja sulavan ohjauksen, jonka ansiosta py\u00f6r\u00e4ilij\u00e4n huomio voi keskitty\u00e4 turvallisuuteen ja ajonautintoon. [&#8230;]<\/p>\n<p><a class=\"btn btn-secondary understrap-read-more-link\" href=\"https:\/\/vmsport.fi\/sv\/verkkokauppa\/varaosat\/kiekot-ja-navat\/laakerit\/xlc-hs-a04-black\/\">L\u00e4s mer \u2026<span class=\"screen-reader-text\"> from XLC HS-A04 Black<\/span><\/a><\/p>\n","protected":false},"featured_media":52585,"comment_status":"open","ping_status":"closed","template":"","meta":{"_acf_changed":false,"_improvement_type_select":"improve_an_existing","_thumb_yes_seoaic":false,"_frame_yes_seoaic":false,"seoaic_generate_description":"","seoaic_improve_instructions_prompt":"","seoaic_rollback_content_improvement":"","seoaic_idea_thumbnail_generator":"","thumbnail_generated":false,"thumbnail_generate_prompt":"","seoaic_article_description":"","_supplier_stock_quantity":0},"product_brand":[],"product_model":[],"product_cat":[9464],"product_tag":[],"industry-terminology":[],"class_list":{"0":"post-52586","1":"product","2":"type-product","3":"status-publish","4":"has-post-thumbnail","6":"product_cat-laakerit","8":"first","9":"outofstock","10":"taxable","11":"shipping-taxable","12":"product-type-simple"},"acf":{"bike_features":null,"overview":{"copy_overview":null,"key_features":null,"statement":"","youtube_url":""}},"yoast_head":"<!-- This site is optimized with the Yoast SEO plugin v27.3 - https:\/\/yoast.com\/product\/yoast-seo-wordpress\/ -->\n<title>XLC HS-A04 Black - VM Sport<\/title>\n<meta name=\"robots\" content=\"index, follow, max-snippet:-1, max-image-preview:large, max-video-preview:-1\" \/>\n<link rel=\"canonical\" href=\"https:\/\/vmsport.fi\/sv\/webbutik\/reservdelar\/skivor-och-nav\/lager\/xlc-hs-a04-svart\/\" \/>\n<meta property=\"og:locale\" content=\"sv_SE\" \/>\n<meta property=\"og:type\" content=\"article\" \/>\n<meta property=\"og:title\" content=\"XLC HS-A04 Black - VM Sport\" \/>\n<meta property=\"og:description\" content=\"XLC HS-A04 on huippuluokan polkupy\u00f6r\u00e4n ohjainlaakeri, joka on erityisesti suunniteltu parantamaan py\u00f6r\u00e4ilykokemusta. T\u00e4m\u00e4 musta komponentti on valmistettu eritt\u00e4in kest\u00e4v\u00e4st\u00e4 materiaalista, mik\u00e4 takaa sen pitk\u00e4n k\u00e4ytt\u00f6i\u00e4n. Sen edistyksellinen muotoilu mahdollistaa tarkan ja sulavan ohjauksen, jonka ansiosta py\u00f6r\u00e4ilij\u00e4n huomio voi keskitty\u00e4 turvallisuuteen ja ajonautintoon. [...]L\u00e4s mer \u2026 from XLC HS-A04 Black\" \/>\n<meta property=\"og:url\" content=\"https:\/\/vmsport.fi\/sv\/webbutik\/reservdelar\/skivor-och-nav\/lager\/xlc-hs-a04-svart\/\" \/>\n<meta property=\"og:site_name\" content=\"VM Sport\" \/>\n<meta property=\"article:publisher\" content=\"https:\/\/www.facebook.com\/Vmsport.fi\/\" \/>\n<meta property=\"article:modified_time\" content=\"2026-01-16T11:24:49+00:00\" \/>\n<meta property=\"og:image\" content=\"https:\/\/vmsport.fi\/wp-content\/uploads\/2025\/03\/dRbzLtt03ydOWwgcs8QqmMTkulYHWqjnKhxW6NIr54AUMJ0h6W-1.jpg\" \/>\n\t<meta property=\"og:image:width\" content=\"320\" \/>\n\t<meta property=\"og:image:height\" content=\"367\" \/>\n\t<meta property=\"og:image:type\" content=\"image\/jpeg\" \/>\n<meta name=\"twitter:card\" content=\"summary_large_image\" \/>\n<script type=\"application\/ld+json\" class=\"yoast-schema-graph\">{\"@context\":\"https:\\\/\\\/schema.org\",\"@graph\":[{\"@type\":[\"WebPage\",\"ItemPage\"],\"@id\":\"https:\\\/\\\/vmsport.fi\\\/verkkokauppa\\\/varaosat\\\/kiekot-ja-navat\\\/laakerit\\\/xlc-hs-a04-black\\\/\",\"url\":\"https:\\\/\\\/vmsport.fi\\\/verkkokauppa\\\/varaosat\\\/kiekot-ja-navat\\\/laakerit\\\/xlc-hs-a04-black\\\/\",\"name\":\"XLC HS-A04 Black - VM Sport\",\"isPartOf\":{\"@id\":\"https:\\\/\\\/vmsport.fi\\\/#website\"},\"primaryImageOfPage\":{\"@id\":\"https:\\\/\\\/vmsport.fi\\\/verkkokauppa\\\/varaosat\\\/kiekot-ja-navat\\\/laakerit\\\/xlc-hs-a04-black\\\/#primaryimage\"},\"image\":{\"@id\":\"https:\\\/\\\/vmsport.fi\\\/verkkokauppa\\\/varaosat\\\/kiekot-ja-navat\\\/laakerit\\\/xlc-hs-a04-black\\\/#primaryimage\"},\"thumbnailUrl\":\"https:\\\/\\\/vmsport.fi\\\/wp-content\\\/uploads\\\/2025\\\/03\\\/dRbzLtt03ydOWwgcs8QqmMTkulYHWqjnKhxW6NIr54AUMJ0h6W-1.jpg\",\"datePublished\":\"2025-03-05T21:31:59+00:00\",\"dateModified\":\"2026-01-16T11:24:49+00:00\",\"breadcrumb\":{\"@id\":\"https:\\\/\\\/vmsport.fi\\\/verkkokauppa\\\/varaosat\\\/kiekot-ja-navat\\\/laakerit\\\/xlc-hs-a04-black\\\/#breadcrumb\"},\"inLanguage\":\"sv-SE\",\"potentialAction\":[{\"@type\":\"ReadAction\",\"target\":[\"https:\\\/\\\/vmsport.fi\\\/verkkokauppa\\\/varaosat\\\/kiekot-ja-navat\\\/laakerit\\\/xlc-hs-a04-black\\\/\"]}]},{\"@type\":\"ImageObject\",\"inLanguage\":\"sv-SE\",\"@id\":\"https:\\\/\\\/vmsport.fi\\\/verkkokauppa\\\/varaosat\\\/kiekot-ja-navat\\\/laakerit\\\/xlc-hs-a04-black\\\/#primaryimage\",\"url\":\"https:\\\/\\\/vmsport.fi\\\/wp-content\\\/uploads\\\/2025\\\/03\\\/dRbzLtt03ydOWwgcs8QqmMTkulYHWqjnKhxW6NIr54AUMJ0h6W-1.jpg\",\"contentUrl\":\"https:\\\/\\\/vmsport.fi\\\/wp-content\\\/uploads\\\/2025\\\/03\\\/dRbzLtt03ydOWwgcs8QqmMTkulYHWqjnKhxW6NIr54AUMJ0h6W-1.jpg\",\"width\":320,\"height\":367,\"caption\":\"dRbzLtt03ydOWwgcs8QqmMTkulYHWqjnKhxW6NIr54AUMJ0h6W\"},{\"@type\":\"BreadcrumbList\",\"@id\":\"https:\\\/\\\/vmsport.fi\\\/verkkokauppa\\\/varaosat\\\/kiekot-ja-navat\\\/laakerit\\\/xlc-hs-a04-black\\\/#breadcrumb\",\"itemListElement\":[{\"@type\":\"ListItem\",\"position\":1,\"name\":\"Etusivu\",\"item\":\"https:\\\/\\\/vmsport.fi\\\/\"},{\"@type\":\"ListItem\",\"position\":2,\"name\":\"Online Store\",\"item\":\"https:\\\/\\\/vmsport.fi\\\/en\\\/online-store\\\/\"},{\"@type\":\"ListItem\",\"position\":3,\"name\":\"XLC HS-A04 Black\"}]},{\"@type\":\"WebSite\",\"@id\":\"https:\\\/\\\/vmsport.fi\\\/#website\",\"url\":\"https:\\\/\\\/vmsport.fi\\\/\",\"name\":\"Vmsport\",\"description\":\"Kaikki py\u00f6r\u00e4ilyyn yhdest\u00e4 paikasta\",\"publisher\":{\"@id\":\"https:\\\/\\\/vmsport.fi\\\/#organization\"},\"potentialAction\":[{\"@type\":\"SearchAction\",\"target\":{\"@type\":\"EntryPoint\",\"urlTemplate\":\"https:\\\/\\\/vmsport.fi\\\/?s={search_term_string}\"},\"query-input\":{\"@type\":\"PropertyValueSpecification\",\"valueRequired\":true,\"valueName\":\"search_term_string\"}}],\"inLanguage\":\"sv-SE\"},{\"@type\":\"Organization\",\"@id\":\"https:\\\/\\\/vmsport.fi\\\/#organization\",\"name\":\"Vmsport\",\"url\":\"https:\\\/\\\/vmsport.fi\\\/\",\"logo\":{\"@type\":\"ImageObject\",\"inLanguage\":\"sv-SE\",\"@id\":\"https:\\\/\\\/vmsport.fi\\\/#\\\/schema\\\/logo\\\/image\\\/\",\"url\":\"https:\\\/\\\/vmsport.fi\\\/wp-content\\\/uploads\\\/2024\\\/12\\\/vm_sport_RGB_horisontal-e1734526017575.png\",\"contentUrl\":\"https:\\\/\\\/vmsport.fi\\\/wp-content\\\/uploads\\\/2024\\\/12\\\/vm_sport_RGB_horisontal-e1734526017575.png\",\"width\":668,\"height\":85,\"caption\":\"Vmsport\"},\"image\":{\"@id\":\"https:\\\/\\\/vmsport.fi\\\/#\\\/schema\\\/logo\\\/image\\\/\"},\"sameAs\":[\"https:\\\/\\\/www.facebook.com\\\/Vmsport.fi\\\/\",\"https:\\\/\\\/www.instagram.com\\\/vmsport\\\/\"]}]}<\/script>\n<!-- \/ Yoast SEO plugin. -->","yoast_head_json":{"title":"XLC HS-A04 Svart - VM Sport","robots":{"index":"index","follow":"follow","max-snippet":"max-snippet:-1","max-image-preview":"max-image-preview:large","max-video-preview":"max-video-preview:-1"},"canonical":"https:\/\/vmsport.fi\/sv\/webbutik\/reservdelar\/skivor-och-nav\/lager\/xlc-hs-a04-svart\/","og_locale":"sv_SE","og_type":"article","og_title":"XLC HS-A04 Black - VM Sport","og_description":"XLC HS-A04 on huippuluokan polkupy\u00f6r\u00e4n ohjainlaakeri, joka on erityisesti suunniteltu parantamaan py\u00f6r\u00e4ilykokemusta. T\u00e4m\u00e4 musta komponentti on valmistettu eritt\u00e4in kest\u00e4v\u00e4st\u00e4 materiaalista, mik\u00e4 takaa sen pitk\u00e4n k\u00e4ytt\u00f6i\u00e4n. Sen edistyksellinen muotoilu mahdollistaa tarkan ja sulavan ohjauksen, jonka ansiosta py\u00f6r\u00e4ilij\u00e4n huomio voi keskitty\u00e4 turvallisuuteen ja ajonautintoon. [...]L\u00e4s mer \u2026 from XLC HS-A04 Black","og_url":"https:\/\/vmsport.fi\/sv\/webbutik\/reservdelar\/skivor-och-nav\/lager\/xlc-hs-a04-svart\/","og_site_name":"VM Sport","article_publisher":"https:\/\/www.facebook.com\/Vmsport.fi\/","article_modified_time":"2026-01-16T11:24:49+00:00","og_image":[{"width":320,"height":367,"url":"https:\/\/vmsport.fi\/wp-content\/uploads\/2025\/03\/dRbzLtt03ydOWwgcs8QqmMTkulYHWqjnKhxW6NIr54AUMJ0h6W-1.jpg","type":"image\/jpeg"}],"twitter_card":"summary_large_image","schema":{"@context":"https:\/\/schema.org","@graph":[{"@type":["WebPage","ItemPage"],"@id":"https:\/\/vmsport.fi\/verkkokauppa\/varaosat\/kiekot-ja-navat\/laakerit\/xlc-hs-a04-black\/","url":"https:\/\/vmsport.fi\/verkkokauppa\/varaosat\/kiekot-ja-navat\/laakerit\/xlc-hs-a04-black\/","name":"XLC HS-A04 Svart - VM Sport","isPartOf":{"@id":"https:\/\/vmsport.fi\/#website"},"primaryImageOfPage":{"@id":"https:\/\/vmsport.fi\/verkkokauppa\/varaosat\/kiekot-ja-navat\/laakerit\/xlc-hs-a04-black\/#primaryimage"},"image":{"@id":"https:\/\/vmsport.fi\/verkkokauppa\/varaosat\/kiekot-ja-navat\/laakerit\/xlc-hs-a04-black\/#primaryimage"},"thumbnailUrl":"https:\/\/vmsport.fi\/wp-content\/uploads\/2025\/03\/dRbzLtt03ydOWwgcs8QqmMTkulYHWqjnKhxW6NIr54AUMJ0h6W-1.jpg","datePublished":"2025-03-05T21:31:59+00:00","dateModified":"2026-01-16T11:24:49+00:00","breadcrumb":{"@id":"https:\/\/vmsport.fi\/verkkokauppa\/varaosat\/kiekot-ja-navat\/laakerit\/xlc-hs-a04-black\/#breadcrumb"},"inLanguage":"sv-SE","potentialAction":[{"@type":"ReadAction","target":["https:\/\/vmsport.fi\/verkkokauppa\/varaosat\/kiekot-ja-navat\/laakerit\/xlc-hs-a04-black\/"]}]},{"@type":"ImageObject","inLanguage":"sv-SE","@id":"https:\/\/vmsport.fi\/verkkokauppa\/varaosat\/kiekot-ja-navat\/laakerit\/xlc-hs-a04-black\/#primaryimage","url":"https:\/\/vmsport.fi\/wp-content\/uploads\/2025\/03\/dRbzLtt03ydOWwgcs8QqmMTkulYHWqjnKhxW6NIr54AUMJ0h6W-1.jpg","contentUrl":"https:\/\/vmsport.fi\/wp-content\/uploads\/2025\/03\/dRbzLtt03ydOWwgcs8QqmMTkulYHWqjnKhxW6NIr54AUMJ0h6W-1.jpg","width":320,"height":367,"caption":"dRbzLtt03ydOWwgcs8QqmMTkulYHWqjnKhxW6NIr54AUMJ0h6W"},{"@type":"BreadcrumbList","@id":"https:\/\/vmsport.fi\/verkkokauppa\/varaosat\/kiekot-ja-navat\/laakerit\/xlc-hs-a04-black\/#breadcrumb","itemListElement":[{"@type":"ListItem","position":1,"name":"Etusivu","item":"https:\/\/vmsport.fi\/"},{"@type":"ListItem","position":2,"name":"Online Store","item":"https:\/\/vmsport.fi\/en\/online-store\/"},{"@type":"ListItem","position":3,"name":"XLC HS-A04 Black"}]},{"@type":"WebSite","@id":"https:\/\/vmsport.fi\/#website","url":"https:\/\/vmsport.fi\/","name":"Vmsport","description":"Allt p\u00e5 ett st\u00e4lle f\u00f6r cykling","publisher":{"@id":"https:\/\/vmsport.fi\/#organization"},"potentialAction":[{"@type":"SearchAction","target":{"@type":"EntryPoint","urlTemplate":"https:\/\/vmsport.fi\/?s={search_term_string}"},"query-input":{"@type":"PropertyValueSpecification","valueRequired":true,"valueName":"search_term_string"}}],"inLanguage":"sv-SE"},{"@type":"Organization","@id":"https:\/\/vmsport.fi\/#organization","name":"Vmsport","url":"https:\/\/vmsport.fi\/","logo":{"@type":"ImageObject","inLanguage":"sv-SE","@id":"https:\/\/vmsport.fi\/#\/schema\/logo\/image\/","url":"https:\/\/vmsport.fi\/wp-content\/uploads\/2024\/12\/vm_sport_RGB_horisontal-e1734526017575.png","contentUrl":"https:\/\/vmsport.fi\/wp-content\/uploads\/2024\/12\/vm_sport_RGB_horisontal-e1734526017575.png","width":668,"height":85,"caption":"Vmsport"},"image":{"@id":"https:\/\/vmsport.fi\/#\/schema\/logo\/image\/"},"sameAs":["https:\/\/www.facebook.com\/Vmsport.fi\/","https:\/\/www.instagram.com\/vmsport\/"]}]}},"global_unique_id":"","_links":{"self":[{"href":"https:\/\/vmsport.fi\/sv\/wp-json\/wp\/v2\/product\/52586","targetHints":{"allow":["GET"]}}],"collection":[{"href":"https:\/\/vmsport.fi\/sv\/wp-json\/wp\/v2\/product"}],"about":[{"href":"https:\/\/vmsport.fi\/sv\/wp-json\/wp\/v2\/types\/product"}],"replies":[{"embeddable":true,"href":"https:\/\/vmsport.fi\/sv\/wp-json\/wp\/v2\/comments?post=52586"}],"wp:featuredmedia":[{"embeddable":true,"href":"https:\/\/vmsport.fi\/sv\/wp-json\/wp\/v2\/media\/52585"}],"wp:attachment":[{"href":"https:\/\/vmsport.fi\/sv\/wp-json\/wp\/v2\/media?parent=52586"}],"wp:term":[{"taxonomy":"product_brand","embeddable":true,"href":"https:\/\/vmsport.fi\/sv\/wp-json\/wp\/v2\/product_brand?post=52586"},{"taxonomy":"product_model","embeddable":true,"href":"https:\/\/vmsport.fi\/sv\/wp-json\/wp\/v2\/product_model?post=52586"},{"taxonomy":"product_cat","embeddable":true,"href":"https:\/\/vmsport.fi\/sv\/wp-json\/wp\/v2\/product_cat?post=52586"},{"taxonomy":"product_tag","embeddable":true,"href":"https:\/\/vmsport.fi\/sv\/wp-json\/wp\/v2\/product_tag?post=52586"},{"taxonomy":"industry_terminology","embeddable":true,"href":"https:\/\/vmsport.fi\/sv\/wp-json\/wp\/v2\/industry-terminology?post=52586"}],"curies":[{"name":"wp","href":"https:\/\/api.w.org\/{rel}","templated":true}]}}