{"id":52584,"date":"2025-03-05T23:31:58","date_gmt":"2025-03-05T21:31:58","guid":{"rendered":"https:\/\/vmsport.fi\/verkkokauppa\/Ei-luokiteltu\/avid-disc-all-juicys-bb7\/"},"modified":"2026-04-22T15:05:08","modified_gmt":"2026-04-22T12:05:08","slug":"avid-disc-all-juicys-bb7","status":"publish","type":"product","link":"https:\/\/vmsport.fi\/sv\/verkkokauppa\/varaosat\/jarrut\/jarrupalat\/avid-disc-all-juicys-bb7\/","title":{"rendered":"AVID Disc Alla Juicys &amp; BB7"},"content":{"rendered":"<p>AVID Disc All Juicys &#038; BB7 -jarrupalasarja tarjoaa huippuluokan jarrutustehon ja kest\u00e4vyyden Avid Juicy -hydraulijarruille ja BB7-kaapelilevyjarruille. T\u00e4m\u00e4 sarja on suunniteltu erityisesti maastopy\u00f6r\u00e4ilyyn ja toimii luotettavasti kaikissa s\u00e4\u00e4olosuhteissa. Korkealaatuiset metalliseoksesta valmistetut sintratut jarrupalat varmistavat optimaalisen jarrutustehon vaativissa olosuhteissa. Saatavana on my\u00f6s orgaanisesta yhdisteest\u00e4 valmistetut jarrupalat alumiinitaustalevyn kanssa, mik\u00e4 tarjoaa pitk\u00e4kestoisen ratkaisun intensiiviseen k\u00e4ytt\u00f6\u00f6n. Asennus on helppoa liukumattoman pitk\u00e4n vedinlenkin ansiosta, mik\u00e4 ei vaadi erikoisty\u00f6kaluja. T\u00e4m\u00e4 monipuolinen jarrupalasarja on t\u00e4ydellinen valinta maastopy\u00f6r\u00e4ilij\u00f6ille, jotka etsiv\u00e4t luotettavaa suorituskyky\u00e4 vaihtelevissa maastoissa.<\/p>","protected":false},"excerpt":{"rendered":"<p>AVID Disc All Juicys &#038; BB7 -jarrupalasarja tarjoaa huippuluokan jarrutustehon ja kest\u00e4vyyden Avid Juicy -hydraulijarruille ja BB7-kaapelilevyjarruille. T\u00e4m\u00e4 sarja on suunniteltu erityisesti maastopy\u00f6r\u00e4ilyyn ja toimii luotettavasti kaikissa s\u00e4\u00e4olosuhteissa. Korkealaatuiset metalliseoksesta valmistetut sintratut jarrupalat varmistavat optimaalisen jarrutustehon vaativissa olosuhteissa. Saatavana on my\u00f6s orgaanisesta yhdisteest\u00e4 valmistetut jarrupalat alumiinitaustalevyn kanssa, mik\u00e4 tarjoaa pitk\u00e4kestoisen ratkaisun intensiiviseen k\u00e4ytt\u00f6\u00f6n. Asennus on [&#8230;]<\/p>\n<p><a class=\"btn btn-secondary understrap-read-more-link\" href=\"https:\/\/vmsport.fi\/sv\/verkkokauppa\/varaosat\/jarrut\/jarrupalat\/avid-disc-all-juicys-bb7\/\">L\u00e4s mer \u2026<span class=\"screen-reader-text\"> from AVID Disc All Juicys &amp; BB7<\/span><\/a><\/p>\n","protected":false},"featured_media":52582,"comment_status":"open","ping_status":"closed","template":"","meta":{"_acf_changed":false,"_improvement_type_select":"improve_an_existing","_thumb_yes_seoaic":false,"_frame_yes_seoaic":false,"seoaic_generate_description":"","seoaic_improve_instructions_prompt":"","seoaic_rollback_content_improvement":"","seoaic_idea_thumbnail_generator":"","thumbnail_generated":false,"thumbnail_generate_prompt":"","seoaic_article_description":"","_supplier_stock_quantity":0},"product_brand":[],"product_model":[],"product_cat":[9288],"product_tag":[],"industry-terminology":[],"class_list":{"0":"post-52584","1":"product","2":"type-product","3":"status-publish","4":"has-post-thumbnail","6":"product_cat-jarrupalat","8":"first","9":"outofstock","10":"taxable","11":"shipping-taxable","12":"product-type-simple"},"acf":{"bike_features":null,"overview":{"copy_overview":null,"key_features":null,"statement":"","youtube_url":""}},"yoast_head":"<!-- This site is optimized with the Yoast SEO plugin v27.4 - https:\/\/yoast.com\/product\/yoast-seo-wordpress\/ -->\n<title>AVID Disc All Juicys &amp; BB7 - VM Sport<\/title>\n<meta name=\"robots\" content=\"index, follow, max-snippet:-1, max-image-preview:large, max-video-preview:-1\" \/>\n<link rel=\"canonical\" href=\"https:\/\/vmsport.fi\/sv\/webbutik\/reservdelar\/bromsar\/bromsbelagg\/avid-disc-all-juicys-bb7\/\" \/>\n<meta property=\"og:locale\" content=\"sv_SE\" \/>\n<meta property=\"og:type\" content=\"article\" \/>\n<meta property=\"og:title\" content=\"AVID Disc All Juicys &amp; BB7 - VM Sport\" \/>\n<meta property=\"og:description\" content=\"AVID Disc All Juicys &#038; BB7 -jarrupalasarja tarjoaa huippuluokan jarrutustehon ja kest\u00e4vyyden Avid Juicy -hydraulijarruille ja BB7-kaapelilevyjarruille. T\u00e4m\u00e4 sarja on suunniteltu erityisesti maastopy\u00f6r\u00e4ilyyn ja toimii luotettavasti kaikissa s\u00e4\u00e4olosuhteissa. Korkealaatuiset metalliseoksesta valmistetut sintratut jarrupalat varmistavat optimaalisen jarrutustehon vaativissa olosuhteissa. Saatavana on my\u00f6s orgaanisesta yhdisteest\u00e4 valmistetut jarrupalat alumiinitaustalevyn kanssa, mik\u00e4 tarjoaa pitk\u00e4kestoisen ratkaisun intensiiviseen k\u00e4ytt\u00f6\u00f6n. Asennus on [...]L\u00e4s mer \u2026 from AVID Disc All Juicys &amp; BB7\" \/>\n<meta property=\"og:url\" content=\"https:\/\/vmsport.fi\/sv\/webbutik\/reservdelar\/bromsar\/bromsbelagg\/avid-disc-all-juicys-bb7\/\" \/>\n<meta property=\"og:site_name\" content=\"VM Sport\" \/>\n<meta property=\"article:publisher\" content=\"https:\/\/www.facebook.com\/Vmsport.fi\/\" \/>\n<meta property=\"article:modified_time\" content=\"2026-04-22T12:05:08+00:00\" \/>\n<meta property=\"og:image\" content=\"https:\/\/vmsport.fi\/wp-content\/uploads\/2025\/03\/5e25a7c7-a15b-472b-a085-c5f0cf98c0a5-1.jpg\" \/>\n\t<meta property=\"og:image:width\" content=\"800\" \/>\n\t<meta property=\"og:image:height\" content=\"600\" \/>\n\t<meta property=\"og:image:type\" content=\"image\/jpeg\" \/>\n<meta name=\"twitter:card\" content=\"summary_large_image\" \/>\n<script type=\"application\/ld+json\" class=\"yoast-schema-graph\">{\"@context\":\"https:\\\/\\\/schema.org\",\"@graph\":[{\"@type\":[\"WebPage\",\"ItemPage\"],\"@id\":\"https:\\\/\\\/vmsport.fi\\\/verkkokauppa\\\/varaosat\\\/jarrut\\\/jarrupalat\\\/avid-disc-all-juicys-bb7\\\/\",\"url\":\"https:\\\/\\\/vmsport.fi\\\/verkkokauppa\\\/varaosat\\\/jarrut\\\/jarrupalat\\\/avid-disc-all-juicys-bb7\\\/\",\"name\":\"AVID Disc All Juicys &amp; BB7 - VM Sport\",\"isPartOf\":{\"@id\":\"https:\\\/\\\/vmsport.fi\\\/#website\"},\"primaryImageOfPage\":{\"@id\":\"https:\\\/\\\/vmsport.fi\\\/verkkokauppa\\\/varaosat\\\/jarrut\\\/jarrupalat\\\/avid-disc-all-juicys-bb7\\\/#primaryimage\"},\"image\":{\"@id\":\"https:\\\/\\\/vmsport.fi\\\/verkkokauppa\\\/varaosat\\\/jarrut\\\/jarrupalat\\\/avid-disc-all-juicys-bb7\\\/#primaryimage\"},\"thumbnailUrl\":\"https:\\\/\\\/vmsport.fi\\\/wp-content\\\/uploads\\\/2025\\\/03\\\/5e25a7c7-a15b-472b-a085-c5f0cf98c0a5-1.jpg\",\"datePublished\":\"2025-03-05T21:31:58+00:00\",\"dateModified\":\"2026-04-22T12:05:08+00:00\",\"breadcrumb\":{\"@id\":\"https:\\\/\\\/vmsport.fi\\\/verkkokauppa\\\/varaosat\\\/jarrut\\\/jarrupalat\\\/avid-disc-all-juicys-bb7\\\/#breadcrumb\"},\"inLanguage\":\"sv-SE\",\"potentialAction\":[{\"@type\":\"ReadAction\",\"target\":[\"https:\\\/\\\/vmsport.fi\\\/verkkokauppa\\\/varaosat\\\/jarrut\\\/jarrupalat\\\/avid-disc-all-juicys-bb7\\\/\"]}]},{\"@type\":\"ImageObject\",\"inLanguage\":\"sv-SE\",\"@id\":\"https:\\\/\\\/vmsport.fi\\\/verkkokauppa\\\/varaosat\\\/jarrut\\\/jarrupalat\\\/avid-disc-all-juicys-bb7\\\/#primaryimage\",\"url\":\"https:\\\/\\\/vmsport.fi\\\/wp-content\\\/uploads\\\/2025\\\/03\\\/5e25a7c7-a15b-472b-a085-c5f0cf98c0a5-1.jpg\",\"contentUrl\":\"https:\\\/\\\/vmsport.fi\\\/wp-content\\\/uploads\\\/2025\\\/03\\\/5e25a7c7-a15b-472b-a085-c5f0cf98c0a5-1.jpg\",\"width\":800,\"height\":600,\"caption\":\"5e25a7c7-a15b-472b-a085-c5f0cf98c0a5\"},{\"@type\":\"BreadcrumbList\",\"@id\":\"https:\\\/\\\/vmsport.fi\\\/verkkokauppa\\\/varaosat\\\/jarrut\\\/jarrupalat\\\/avid-disc-all-juicys-bb7\\\/#breadcrumb\",\"itemListElement\":[{\"@type\":\"ListItem\",\"position\":1,\"name\":\"Etusivu\",\"item\":\"https:\\\/\\\/vmsport.fi\\\/\"},{\"@type\":\"ListItem\",\"position\":2,\"name\":\"Online Store\",\"item\":\"https:\\\/\\\/vmsport.fi\\\/en\\\/online-store\\\/\"},{\"@type\":\"ListItem\",\"position\":3,\"name\":\"AVID Disc All Juicys &amp; BB7\"}]},{\"@type\":\"WebSite\",\"@id\":\"https:\\\/\\\/vmsport.fi\\\/#website\",\"url\":\"https:\\\/\\\/vmsport.fi\\\/\",\"name\":\"Vmsport\",\"description\":\"Kaikki py\u00f6r\u00e4ilyyn yhdest\u00e4 paikasta\",\"publisher\":{\"@id\":\"https:\\\/\\\/vmsport.fi\\\/#organization\"},\"potentialAction\":[{\"@type\":\"SearchAction\",\"target\":{\"@type\":\"EntryPoint\",\"urlTemplate\":\"https:\\\/\\\/vmsport.fi\\\/?s={search_term_string}\"},\"query-input\":{\"@type\":\"PropertyValueSpecification\",\"valueRequired\":true,\"valueName\":\"search_term_string\"}}],\"inLanguage\":\"sv-SE\"},{\"@type\":\"Organization\",\"@id\":\"https:\\\/\\\/vmsport.fi\\\/#organization\",\"name\":\"Vmsport\",\"url\":\"https:\\\/\\\/vmsport.fi\\\/\",\"logo\":{\"@type\":\"ImageObject\",\"inLanguage\":\"sv-SE\",\"@id\":\"https:\\\/\\\/vmsport.fi\\\/#\\\/schema\\\/logo\\\/image\\\/\",\"url\":\"https:\\\/\\\/vmsport.fi\\\/wp-content\\\/uploads\\\/2024\\\/12\\\/vm_sport_RGB_horisontal-e1734526017575.png\",\"contentUrl\":\"https:\\\/\\\/vmsport.fi\\\/wp-content\\\/uploads\\\/2024\\\/12\\\/vm_sport_RGB_horisontal-e1734526017575.png\",\"width\":668,\"height\":85,\"caption\":\"Vmsport\"},\"image\":{\"@id\":\"https:\\\/\\\/vmsport.fi\\\/#\\\/schema\\\/logo\\\/image\\\/\"},\"sameAs\":[\"https:\\\/\\\/www.facebook.com\\\/Vmsport.fi\\\/\",\"https:\\\/\\\/www.instagram.com\\\/vmsport\\\/\"]}]}<\/script>\n<!-- \/ Yoast SEO plugin. -->","yoast_head_json":{"title":"AVID Disc All Juicys &amp; BB7 - VM Sport","robots":{"index":"index","follow":"follow","max-snippet":"max-snippet:-1","max-image-preview":"max-image-preview:large","max-video-preview":"max-video-preview:-1"},"canonical":"https:\/\/vmsport.fi\/sv\/webbutik\/reservdelar\/bromsar\/bromsbelagg\/avid-disc-all-juicys-bb7\/","og_locale":"sv_SE","og_type":"article","og_title":"AVID Disc All Juicys &amp; BB7 - VM Sport","og_description":"AVID Disc All Juicys &#038; BB7 -jarrupalasarja tarjoaa huippuluokan jarrutustehon ja kest\u00e4vyyden Avid Juicy -hydraulijarruille ja BB7-kaapelilevyjarruille. T\u00e4m\u00e4 sarja on suunniteltu erityisesti maastopy\u00f6r\u00e4ilyyn ja toimii luotettavasti kaikissa s\u00e4\u00e4olosuhteissa. Korkealaatuiset metalliseoksesta valmistetut sintratut jarrupalat varmistavat optimaalisen jarrutustehon vaativissa olosuhteissa. Saatavana on my\u00f6s orgaanisesta yhdisteest\u00e4 valmistetut jarrupalat alumiinitaustalevyn kanssa, mik\u00e4 tarjoaa pitk\u00e4kestoisen ratkaisun intensiiviseen k\u00e4ytt\u00f6\u00f6n. Asennus on [...]L\u00e4s mer \u2026 from AVID Disc All Juicys &amp; BB7","og_url":"https:\/\/vmsport.fi\/sv\/webbutik\/reservdelar\/bromsar\/bromsbelagg\/avid-disc-all-juicys-bb7\/","og_site_name":"VM Sport","article_publisher":"https:\/\/www.facebook.com\/Vmsport.fi\/","article_modified_time":"2026-04-22T12:05:08+00:00","og_image":[{"width":800,"height":600,"url":"https:\/\/vmsport.fi\/wp-content\/uploads\/2025\/03\/5e25a7c7-a15b-472b-a085-c5f0cf98c0a5-1.jpg","type":"image\/jpeg"}],"twitter_card":"summary_large_image","schema":{"@context":"https:\/\/schema.org","@graph":[{"@type":["WebPage","ItemPage"],"@id":"https:\/\/vmsport.fi\/verkkokauppa\/varaosat\/jarrut\/jarrupalat\/avid-disc-all-juicys-bb7\/","url":"https:\/\/vmsport.fi\/verkkokauppa\/varaosat\/jarrut\/jarrupalat\/avid-disc-all-juicys-bb7\/","name":"AVID Disc All Juicys &amp; BB7 - VM Sport","isPartOf":{"@id":"https:\/\/vmsport.fi\/#website"},"primaryImageOfPage":{"@id":"https:\/\/vmsport.fi\/verkkokauppa\/varaosat\/jarrut\/jarrupalat\/avid-disc-all-juicys-bb7\/#primaryimage"},"image":{"@id":"https:\/\/vmsport.fi\/verkkokauppa\/varaosat\/jarrut\/jarrupalat\/avid-disc-all-juicys-bb7\/#primaryimage"},"thumbnailUrl":"https:\/\/vmsport.fi\/wp-content\/uploads\/2025\/03\/5e25a7c7-a15b-472b-a085-c5f0cf98c0a5-1.jpg","datePublished":"2025-03-05T21:31:58+00:00","dateModified":"2026-04-22T12:05:08+00:00","breadcrumb":{"@id":"https:\/\/vmsport.fi\/verkkokauppa\/varaosat\/jarrut\/jarrupalat\/avid-disc-all-juicys-bb7\/#breadcrumb"},"inLanguage":"sv-SE","potentialAction":[{"@type":"ReadAction","target":["https:\/\/vmsport.fi\/verkkokauppa\/varaosat\/jarrut\/jarrupalat\/avid-disc-all-juicys-bb7\/"]}]},{"@type":"ImageObject","inLanguage":"sv-SE","@id":"https:\/\/vmsport.fi\/verkkokauppa\/varaosat\/jarrut\/jarrupalat\/avid-disc-all-juicys-bb7\/#primaryimage","url":"https:\/\/vmsport.fi\/wp-content\/uploads\/2025\/03\/5e25a7c7-a15b-472b-a085-c5f0cf98c0a5-1.jpg","contentUrl":"https:\/\/vmsport.fi\/wp-content\/uploads\/2025\/03\/5e25a7c7-a15b-472b-a085-c5f0cf98c0a5-1.jpg","width":800,"height":600,"caption":"5e25a7c7-a15b-472b-a085-c5f0cf98c0a5"},{"@type":"BreadcrumbList","@id":"https:\/\/vmsport.fi\/verkkokauppa\/varaosat\/jarrut\/jarrupalat\/avid-disc-all-juicys-bb7\/#breadcrumb","itemListElement":[{"@type":"ListItem","position":1,"name":"Etusivu","item":"https:\/\/vmsport.fi\/"},{"@type":"ListItem","position":2,"name":"Online Store","item":"https:\/\/vmsport.fi\/en\/online-store\/"},{"@type":"ListItem","position":3,"name":"AVID Disc All Juicys &amp; BB7"}]},{"@type":"WebSite","@id":"https:\/\/vmsport.fi\/#website","url":"https:\/\/vmsport.fi\/","name":"Vmsport","description":"Allt p\u00e5 ett st\u00e4lle f\u00f6r cykling","publisher":{"@id":"https:\/\/vmsport.fi\/#organization"},"potentialAction":[{"@type":"SearchAction","target":{"@type":"EntryPoint","urlTemplate":"https:\/\/vmsport.fi\/?s={search_term_string}"},"query-input":{"@type":"PropertyValueSpecification","valueRequired":true,"valueName":"search_term_string"}}],"inLanguage":"sv-SE"},{"@type":"Organization","@id":"https:\/\/vmsport.fi\/#organization","name":"Vmsport","url":"https:\/\/vmsport.fi\/","logo":{"@type":"ImageObject","inLanguage":"sv-SE","@id":"https:\/\/vmsport.fi\/#\/schema\/logo\/image\/","url":"https:\/\/vmsport.fi\/wp-content\/uploads\/2024\/12\/vm_sport_RGB_horisontal-e1734526017575.png","contentUrl":"https:\/\/vmsport.fi\/wp-content\/uploads\/2024\/12\/vm_sport_RGB_horisontal-e1734526017575.png","width":668,"height":85,"caption":"Vmsport"},"image":{"@id":"https:\/\/vmsport.fi\/#\/schema\/logo\/image\/"},"sameAs":["https:\/\/www.facebook.com\/Vmsport.fi\/","https:\/\/www.instagram.com\/vmsport\/"]}]}},"global_unique_id":"","_links":{"self":[{"href":"https:\/\/vmsport.fi\/sv\/wp-json\/wp\/v2\/product\/52584","targetHints":{"allow":["GET"]}}],"collection":[{"href":"https:\/\/vmsport.fi\/sv\/wp-json\/wp\/v2\/product"}],"about":[{"href":"https:\/\/vmsport.fi\/sv\/wp-json\/wp\/v2\/types\/product"}],"replies":[{"embeddable":true,"href":"https:\/\/vmsport.fi\/sv\/wp-json\/wp\/v2\/comments?post=52584"}],"wp:featuredmedia":[{"embeddable":true,"href":"https:\/\/vmsport.fi\/sv\/wp-json\/wp\/v2\/media\/52582"}],"wp:attachment":[{"href":"https:\/\/vmsport.fi\/sv\/wp-json\/wp\/v2\/media?parent=52584"}],"wp:term":[{"taxonomy":"product_brand","embeddable":true,"href":"https:\/\/vmsport.fi\/sv\/wp-json\/wp\/v2\/product_brand?post=52584"},{"taxonomy":"product_model","embeddable":true,"href":"https:\/\/vmsport.fi\/sv\/wp-json\/wp\/v2\/product_model?post=52584"},{"taxonomy":"product_cat","embeddable":true,"href":"https:\/\/vmsport.fi\/sv\/wp-json\/wp\/v2\/product_cat?post=52584"},{"taxonomy":"product_tag","embeddable":true,"href":"https:\/\/vmsport.fi\/sv\/wp-json\/wp\/v2\/product_tag?post=52584"},{"taxonomy":"industry_terminology","embeddable":true,"href":"https:\/\/vmsport.fi\/sv\/wp-json\/wp\/v2\/industry-terminology?post=52584"}],"curies":[{"name":"wp","href":"https:\/\/api.w.org\/{rel}","templated":true}]}}