{"id":52580,"date":"2025-03-05T23:31:57","date_gmt":"2025-03-05T21:31:57","guid":{"rendered":"https:\/\/vmsport.fi\/verkkokauppa\/Ei-luokiteltu\/sks-lokasuoja-commuter-hybrid-45mm-28-musta\/"},"modified":"2026-04-01T03:00:21","modified_gmt":"2026-04-01T00:00:21","slug":"sks-fender-commuter-hybrid-45mm-28-svart","status":"publish","type":"product","link":"https:\/\/vmsport.fi\/sv\/verkkokauppa\/tarvikkeet\/lokasuojat\/lokasuojasetit\/sks-lokasuoja-commuter-hybrid-45mm-28-musta\/","title":{"rendered":"SKS Commuter Hybrid, 45 mm, 28\u2033, Svart"},"content":{"rendered":"<p>SKS Commuter Hybrid st\u00e4nksk\u00e4rm \u00e4r ett utm\u00e4rkt val f\u00f6r pendlar- och hybridcyklar och ger ett effektivt skydd mot st\u00e4nk av smuts och fukt. Det h\u00e4r omfattande sk\u00e4rmsetet \u00e4r tillverkat av slitstark PET-plast och \u00e4r utformat f\u00f6r att monteras p\u00e5 b\u00e5de fram- och bakhjul. Med en bredd p\u00e5 45 mm passar den perfekt p\u00e5 28\"-hjul. Produkten har f\u00f6rzinkade, f\u00f6rinstallerade dubbla st\u00f6darmar f\u00f6r att s\u00e4kerst\u00e4lla en stabil och s\u00e4ker passform. De fr\u00e4mre st\u00f6darmarna \u00e4r dessutom f\u00f6rsedda med s\u00e4kerhetsf\u00e4sten f\u00f6r att f\u00f6rhindra farliga blockeringar. Den svarta f\u00e4rgen och de noggrant utformade tekniska egenskaperna g\u00f6r den till ett b\u00e5de praktiskt och snyggt tillbeh\u00f6r till din cykel.<\/p>","protected":false},"excerpt":{"rendered":"<p>SKS Lokasuoja Commuter Hybrid on erinomainen valinta ty\u00f6matka- ja hybridipy\u00f6riin, sill\u00e4 se tarjoaa tehokkaan suojan roiskuvaa likaa ja kosteutta vastaan. Valmistettu kest\u00e4v\u00e4st\u00e4 PET-muovista, t\u00e4m\u00e4 kokonaisvaltainen lokasuojasarja on suunniteltu asennettavaksi sek\u00e4 etu- ett\u00e4 takapy\u00f6r\u00e4\u00e4n. 45 mm leveytens\u00e4 ansiosta se sopii t\u00e4ydellisesti 28-tuumaisille py\u00f6rille. Tuotteessa on sinkkip\u00e4\u00e4llysteiset, esiasennetut kaksoistukivarret, jotka varmistavat vakaan ja turvallisen kiinnityksen. Lis\u00e4ksi etutukivarsissa [&#8230;]<\/p>\n<p><a class=\"btn btn-secondary understrap-read-more-link\" href=\"https:\/\/vmsport.fi\/sv\/verkkokauppa\/tarvikkeet\/lokasuojat\/lokasuojasetit\/sks-lokasuoja-commuter-hybrid-45mm-28-musta\/\">L\u00e4s mer \u2026<span class=\"screen-reader-text\"> from SKS Lokasuoja Commuter Hybrid, 45mm, 28&#8243;, Musta<\/span><\/a><\/p>\n","protected":false},"featured_media":52578,"comment_status":"open","ping_status":"closed","template":"","meta":{"_acf_changed":false,"_improvement_type_select":"improve_an_existing","_thumb_yes_seoaic":false,"_frame_yes_seoaic":false,"seoaic_generate_description":"","seoaic_improve_instructions_prompt":"","seoaic_rollback_content_improvement":"","seoaic_idea_thumbnail_generator":"","thumbnail_generated":false,"thumbnail_generate_prompt":"","seoaic_article_description":"","_supplier_stock_quantity":0},"product_brand":[1583],"product_model":[],"product_cat":[9574],"product_tag":[],"industry-terminology":[],"class_list":{"0":"post-52580","1":"product","2":"type-product","3":"status-publish","4":"has-post-thumbnail","6":"product_brand-sks-germany","7":"product_cat-lokasuojasetit","9":"first","10":"instock","11":"taxable","12":"shipping-taxable","13":"purchasable","14":"product-type-simple"},"acf":{"bike_features":null,"overview":{"copy_overview":null,"key_features":null,"statement":"","youtube_url":""}},"yoast_head":"<!-- This site is optimized with the Yoast SEO plugin v27.3 - https:\/\/yoast.com\/product\/yoast-seo-wordpress\/ -->\n<title>SKS Lokasuoja Commuter Hybrid, 45mm, 28&quot;, Musta - VM Sport<\/title>\n<meta name=\"robots\" content=\"index, follow, max-snippet:-1, max-image-preview:large, max-video-preview:-1\" \/>\n<link rel=\"canonical\" href=\"https:\/\/vmsport.fi\/sv\/webbutik\/tillbehor\/stankskarmar\/stankskarmsuppsattningar\/sks-fender-commuter-hybrid-45mm-28-svart\/\" \/>\n<meta property=\"og:locale\" content=\"sv_SE\" \/>\n<meta property=\"og:type\" content=\"article\" \/>\n<meta property=\"og:title\" content=\"SKS Lokasuoja Commuter Hybrid, 45mm, 28&quot;, Musta - VM Sport\" \/>\n<meta property=\"og:description\" content=\"SKS Lokasuoja Commuter Hybrid on erinomainen valinta ty\u00f6matka- ja hybridipy\u00f6riin, sill\u00e4 se tarjoaa tehokkaan suojan roiskuvaa likaa ja kosteutta vastaan. Valmistettu kest\u00e4v\u00e4st\u00e4 PET-muovista, t\u00e4m\u00e4 kokonaisvaltainen lokasuojasarja on suunniteltu asennettavaksi sek\u00e4 etu- ett\u00e4 takapy\u00f6r\u00e4\u00e4n. 45 mm leveytens\u00e4 ansiosta se sopii t\u00e4ydellisesti 28-tuumaisille py\u00f6rille. Tuotteessa on sinkkip\u00e4\u00e4llysteiset, esiasennetut kaksoistukivarret, jotka varmistavat vakaan ja turvallisen kiinnityksen. Lis\u00e4ksi etutukivarsissa [...]L\u00e4s mer \u2026 from SKS Lokasuoja Commuter Hybrid, 45mm, 28&#8243;, Musta\" \/>\n<meta property=\"og:url\" content=\"https:\/\/vmsport.fi\/sv\/webbutik\/tillbehor\/stankskarmar\/stankskarmsuppsattningar\/sks-fender-commuter-hybrid-45mm-28-svart\/\" \/>\n<meta property=\"og:site_name\" content=\"VM Sport\" \/>\n<meta property=\"article:publisher\" content=\"https:\/\/www.facebook.com\/Vmsport.fi\/\" \/>\n<meta property=\"article:modified_time\" content=\"2026-04-01T00:00:21+00:00\" \/>\n<meta property=\"og:image\" content=\"https:\/\/vmsport.fi\/wp-content\/uploads\/2025\/03\/10955-2-1.jpg\" \/>\n\t<meta property=\"og:image:width\" content=\"800\" \/>\n\t<meta property=\"og:image:height\" content=\"800\" \/>\n\t<meta property=\"og:image:type\" content=\"image\/jpeg\" \/>\n<meta name=\"twitter:card\" content=\"summary_large_image\" \/>\n<meta name=\"twitter:label1\" content=\"Ber\u00e4knad l\u00e4stid\" \/>\n\t<meta name=\"twitter:data1\" content=\"1 minut\" \/>\n<script type=\"application\/ld+json\" class=\"yoast-schema-graph\">{\"@context\":\"https:\\\/\\\/schema.org\",\"@graph\":[{\"@type\":[\"WebPage\",\"ItemPage\"],\"@id\":\"https:\\\/\\\/vmsport.fi\\\/verkkokauppa\\\/tarvikkeet\\\/lokasuojat\\\/lokasuojasetit\\\/sks-lokasuoja-commuter-hybrid-45mm-28-musta\\\/\",\"url\":\"https:\\\/\\\/vmsport.fi\\\/verkkokauppa\\\/tarvikkeet\\\/lokasuojat\\\/lokasuojasetit\\\/sks-lokasuoja-commuter-hybrid-45mm-28-musta\\\/\",\"name\":\"SKS Lokasuoja Commuter Hybrid, 45mm, 28\\\", Musta - VM Sport\",\"isPartOf\":{\"@id\":\"https:\\\/\\\/vmsport.fi\\\/#website\"},\"primaryImageOfPage\":{\"@id\":\"https:\\\/\\\/vmsport.fi\\\/verkkokauppa\\\/tarvikkeet\\\/lokasuojat\\\/lokasuojasetit\\\/sks-lokasuoja-commuter-hybrid-45mm-28-musta\\\/#primaryimage\"},\"image\":{\"@id\":\"https:\\\/\\\/vmsport.fi\\\/verkkokauppa\\\/tarvikkeet\\\/lokasuojat\\\/lokasuojasetit\\\/sks-lokasuoja-commuter-hybrid-45mm-28-musta\\\/#primaryimage\"},\"thumbnailUrl\":\"https:\\\/\\\/vmsport.fi\\\/wp-content\\\/uploads\\\/2025\\\/03\\\/10955-2-1.jpg\",\"datePublished\":\"2025-03-05T21:31:57+00:00\",\"dateModified\":\"2026-04-01T00:00:21+00:00\",\"breadcrumb\":{\"@id\":\"https:\\\/\\\/vmsport.fi\\\/verkkokauppa\\\/tarvikkeet\\\/lokasuojat\\\/lokasuojasetit\\\/sks-lokasuoja-commuter-hybrid-45mm-28-musta\\\/#breadcrumb\"},\"inLanguage\":\"sv-SE\",\"potentialAction\":[{\"@type\":\"ReadAction\",\"target\":[\"https:\\\/\\\/vmsport.fi\\\/verkkokauppa\\\/tarvikkeet\\\/lokasuojat\\\/lokasuojasetit\\\/sks-lokasuoja-commuter-hybrid-45mm-28-musta\\\/\"]}]},{\"@type\":\"ImageObject\",\"inLanguage\":\"sv-SE\",\"@id\":\"https:\\\/\\\/vmsport.fi\\\/verkkokauppa\\\/tarvikkeet\\\/lokasuojat\\\/lokasuojasetit\\\/sks-lokasuoja-commuter-hybrid-45mm-28-musta\\\/#primaryimage\",\"url\":\"https:\\\/\\\/vmsport.fi\\\/wp-content\\\/uploads\\\/2025\\\/03\\\/10955-2-1.jpg\",\"contentUrl\":\"https:\\\/\\\/vmsport.fi\\\/wp-content\\\/uploads\\\/2025\\\/03\\\/10955-2-1.jpg\",\"width\":800,\"height\":800,\"caption\":\"10955-2\"},{\"@type\":\"BreadcrumbList\",\"@id\":\"https:\\\/\\\/vmsport.fi\\\/verkkokauppa\\\/tarvikkeet\\\/lokasuojat\\\/lokasuojasetit\\\/sks-lokasuoja-commuter-hybrid-45mm-28-musta\\\/#breadcrumb\",\"itemListElement\":[{\"@type\":\"ListItem\",\"position\":1,\"name\":\"Etusivu\",\"item\":\"https:\\\/\\\/vmsport.fi\\\/\"},{\"@type\":\"ListItem\",\"position\":2,\"name\":\"Online Store\",\"item\":\"https:\\\/\\\/vmsport.fi\\\/en\\\/online-store\\\/\"},{\"@type\":\"ListItem\",\"position\":3,\"name\":\"SKS Germany\",\"item\":\"https:\\\/\\\/vmsport.fi\\\/merkki\\\/sks-germany\\\/\"},{\"@type\":\"ListItem\",\"position\":4,\"name\":\"SKS Lokasuoja Commuter Hybrid, 45mm, 28&#8243;, Musta\"}]},{\"@type\":\"WebSite\",\"@id\":\"https:\\\/\\\/vmsport.fi\\\/#website\",\"url\":\"https:\\\/\\\/vmsport.fi\\\/\",\"name\":\"Vmsport\",\"description\":\"Kaikki py\u00f6r\u00e4ilyyn yhdest\u00e4 paikasta\",\"publisher\":{\"@id\":\"https:\\\/\\\/vmsport.fi\\\/#organization\"},\"potentialAction\":[{\"@type\":\"SearchAction\",\"target\":{\"@type\":\"EntryPoint\",\"urlTemplate\":\"https:\\\/\\\/vmsport.fi\\\/?s={search_term_string}\"},\"query-input\":{\"@type\":\"PropertyValueSpecification\",\"valueRequired\":true,\"valueName\":\"search_term_string\"}}],\"inLanguage\":\"sv-SE\"},{\"@type\":\"Organization\",\"@id\":\"https:\\\/\\\/vmsport.fi\\\/#organization\",\"name\":\"Vmsport\",\"url\":\"https:\\\/\\\/vmsport.fi\\\/\",\"logo\":{\"@type\":\"ImageObject\",\"inLanguage\":\"sv-SE\",\"@id\":\"https:\\\/\\\/vmsport.fi\\\/#\\\/schema\\\/logo\\\/image\\\/\",\"url\":\"https:\\\/\\\/vmsport.fi\\\/wp-content\\\/uploads\\\/2024\\\/12\\\/vm_sport_RGB_horisontal-e1734526017575.png\",\"contentUrl\":\"https:\\\/\\\/vmsport.fi\\\/wp-content\\\/uploads\\\/2024\\\/12\\\/vm_sport_RGB_horisontal-e1734526017575.png\",\"width\":668,\"height\":85,\"caption\":\"Vmsport\"},\"image\":{\"@id\":\"https:\\\/\\\/vmsport.fi\\\/#\\\/schema\\\/logo\\\/image\\\/\"},\"sameAs\":[\"https:\\\/\\\/www.facebook.com\\\/Vmsport.fi\\\/\",\"https:\\\/\\\/www.instagram.com\\\/vmsport\\\/\"]}]}<\/script>\n<!-- \/ Yoast SEO plugin. -->","yoast_head_json":{"title":"SKS Commuter Hybrid, 45 mm, 28\", svart - VM Sport","robots":{"index":"index","follow":"follow","max-snippet":"max-snippet:-1","max-image-preview":"max-image-preview:large","max-video-preview":"max-video-preview:-1"},"canonical":"https:\/\/vmsport.fi\/sv\/webbutik\/tillbehor\/stankskarmar\/stankskarmsuppsattningar\/sks-fender-commuter-hybrid-45mm-28-svart\/","og_locale":"sv_SE","og_type":"article","og_title":"SKS Lokasuoja Commuter Hybrid, 45mm, 28\", Musta - VM Sport","og_description":"SKS Lokasuoja Commuter Hybrid on erinomainen valinta ty\u00f6matka- ja hybridipy\u00f6riin, sill\u00e4 se tarjoaa tehokkaan suojan roiskuvaa likaa ja kosteutta vastaan. Valmistettu kest\u00e4v\u00e4st\u00e4 PET-muovista, t\u00e4m\u00e4 kokonaisvaltainen lokasuojasarja on suunniteltu asennettavaksi sek\u00e4 etu- ett\u00e4 takapy\u00f6r\u00e4\u00e4n. 45 mm leveytens\u00e4 ansiosta se sopii t\u00e4ydellisesti 28-tuumaisille py\u00f6rille. Tuotteessa on sinkkip\u00e4\u00e4llysteiset, esiasennetut kaksoistukivarret, jotka varmistavat vakaan ja turvallisen kiinnityksen. Lis\u00e4ksi etutukivarsissa [...]L\u00e4s mer \u2026 from SKS Lokasuoja Commuter Hybrid, 45mm, 28&#8243;, Musta","og_url":"https:\/\/vmsport.fi\/sv\/webbutik\/tillbehor\/stankskarmar\/stankskarmsuppsattningar\/sks-fender-commuter-hybrid-45mm-28-svart\/","og_site_name":"VM Sport","article_publisher":"https:\/\/www.facebook.com\/Vmsport.fi\/","article_modified_time":"2026-04-01T00:00:21+00:00","og_image":[{"width":800,"height":800,"url":"https:\/\/vmsport.fi\/wp-content\/uploads\/2025\/03\/10955-2-1.jpg","type":"image\/jpeg"}],"twitter_card":"summary_large_image","twitter_misc":{"Ber\u00e4knad l\u00e4stid":"1 minut"},"schema":{"@context":"https:\/\/schema.org","@graph":[{"@type":["WebPage","ItemPage"],"@id":"https:\/\/vmsport.fi\/verkkokauppa\/tarvikkeet\/lokasuojat\/lokasuojasetit\/sks-lokasuoja-commuter-hybrid-45mm-28-musta\/","url":"https:\/\/vmsport.fi\/verkkokauppa\/tarvikkeet\/lokasuojat\/lokasuojasetit\/sks-lokasuoja-commuter-hybrid-45mm-28-musta\/","name":"SKS Commuter Hybrid, 45 mm, 28\", svart - VM Sport","isPartOf":{"@id":"https:\/\/vmsport.fi\/#website"},"primaryImageOfPage":{"@id":"https:\/\/vmsport.fi\/verkkokauppa\/tarvikkeet\/lokasuojat\/lokasuojasetit\/sks-lokasuoja-commuter-hybrid-45mm-28-musta\/#primaryimage"},"image":{"@id":"https:\/\/vmsport.fi\/verkkokauppa\/tarvikkeet\/lokasuojat\/lokasuojasetit\/sks-lokasuoja-commuter-hybrid-45mm-28-musta\/#primaryimage"},"thumbnailUrl":"https:\/\/vmsport.fi\/wp-content\/uploads\/2025\/03\/10955-2-1.jpg","datePublished":"2025-03-05T21:31:57+00:00","dateModified":"2026-04-01T00:00:21+00:00","breadcrumb":{"@id":"https:\/\/vmsport.fi\/verkkokauppa\/tarvikkeet\/lokasuojat\/lokasuojasetit\/sks-lokasuoja-commuter-hybrid-45mm-28-musta\/#breadcrumb"},"inLanguage":"sv-SE","potentialAction":[{"@type":"ReadAction","target":["https:\/\/vmsport.fi\/verkkokauppa\/tarvikkeet\/lokasuojat\/lokasuojasetit\/sks-lokasuoja-commuter-hybrid-45mm-28-musta\/"]}]},{"@type":"ImageObject","inLanguage":"sv-SE","@id":"https:\/\/vmsport.fi\/verkkokauppa\/tarvikkeet\/lokasuojat\/lokasuojasetit\/sks-lokasuoja-commuter-hybrid-45mm-28-musta\/#primaryimage","url":"https:\/\/vmsport.fi\/wp-content\/uploads\/2025\/03\/10955-2-1.jpg","contentUrl":"https:\/\/vmsport.fi\/wp-content\/uploads\/2025\/03\/10955-2-1.jpg","width":800,"height":800,"caption":"10955-2"},{"@type":"BreadcrumbList","@id":"https:\/\/vmsport.fi\/verkkokauppa\/tarvikkeet\/lokasuojat\/lokasuojasetit\/sks-lokasuoja-commuter-hybrid-45mm-28-musta\/#breadcrumb","itemListElement":[{"@type":"ListItem","position":1,"name":"Etusivu","item":"https:\/\/vmsport.fi\/"},{"@type":"ListItem","position":2,"name":"Online Store","item":"https:\/\/vmsport.fi\/en\/online-store\/"},{"@type":"ListItem","position":3,"name":"SKS Germany","item":"https:\/\/vmsport.fi\/merkki\/sks-germany\/"},{"@type":"ListItem","position":4,"name":"SKS Lokasuoja Commuter Hybrid, 45mm, 28&#8243;, Musta"}]},{"@type":"WebSite","@id":"https:\/\/vmsport.fi\/#website","url":"https:\/\/vmsport.fi\/","name":"Vmsport","description":"Allt p\u00e5 ett st\u00e4lle f\u00f6r cykling","publisher":{"@id":"https:\/\/vmsport.fi\/#organization"},"potentialAction":[{"@type":"SearchAction","target":{"@type":"EntryPoint","urlTemplate":"https:\/\/vmsport.fi\/?s={search_term_string}"},"query-input":{"@type":"PropertyValueSpecification","valueRequired":true,"valueName":"search_term_string"}}],"inLanguage":"sv-SE"},{"@type":"Organization","@id":"https:\/\/vmsport.fi\/#organization","name":"Vmsport","url":"https:\/\/vmsport.fi\/","logo":{"@type":"ImageObject","inLanguage":"sv-SE","@id":"https:\/\/vmsport.fi\/#\/schema\/logo\/image\/","url":"https:\/\/vmsport.fi\/wp-content\/uploads\/2024\/12\/vm_sport_RGB_horisontal-e1734526017575.png","contentUrl":"https:\/\/vmsport.fi\/wp-content\/uploads\/2024\/12\/vm_sport_RGB_horisontal-e1734526017575.png","width":668,"height":85,"caption":"Vmsport"},"image":{"@id":"https:\/\/vmsport.fi\/#\/schema\/logo\/image\/"},"sameAs":["https:\/\/www.facebook.com\/Vmsport.fi\/","https:\/\/www.instagram.com\/vmsport\/"]}]}},"global_unique_id":"","_links":{"self":[{"href":"https:\/\/vmsport.fi\/sv\/wp-json\/wp\/v2\/product\/52580","targetHints":{"allow":["GET"]}}],"collection":[{"href":"https:\/\/vmsport.fi\/sv\/wp-json\/wp\/v2\/product"}],"about":[{"href":"https:\/\/vmsport.fi\/sv\/wp-json\/wp\/v2\/types\/product"}],"replies":[{"embeddable":true,"href":"https:\/\/vmsport.fi\/sv\/wp-json\/wp\/v2\/comments?post=52580"}],"wp:featuredmedia":[{"embeddable":true,"href":"https:\/\/vmsport.fi\/sv\/wp-json\/wp\/v2\/media\/52578"}],"wp:attachment":[{"href":"https:\/\/vmsport.fi\/sv\/wp-json\/wp\/v2\/media?parent=52580"}],"wp:term":[{"taxonomy":"product_brand","embeddable":true,"href":"https:\/\/vmsport.fi\/sv\/wp-json\/wp\/v2\/product_brand?post=52580"},{"taxonomy":"product_model","embeddable":true,"href":"https:\/\/vmsport.fi\/sv\/wp-json\/wp\/v2\/product_model?post=52580"},{"taxonomy":"product_cat","embeddable":true,"href":"https:\/\/vmsport.fi\/sv\/wp-json\/wp\/v2\/product_cat?post=52580"},{"taxonomy":"product_tag","embeddable":true,"href":"https:\/\/vmsport.fi\/sv\/wp-json\/wp\/v2\/product_tag?post=52580"},{"taxonomy":"industry_terminology","embeddable":true,"href":"https:\/\/vmsport.fi\/sv\/wp-json\/wp\/v2\/industry-terminology?post=52580"}],"curies":[{"name":"wp","href":"https:\/\/api.w.org\/{rel}","templated":true}]}}