{"id":52572,"date":"2025-03-05T23:31:53","date_gmt":"2025-03-05T21:31:53","guid":{"rendered":"https:\/\/vmsport.fi\/verkkokauppa\/Ei-luokiteltu\/eturatas-30t-fc-m672-96mm-musta-10v\/"},"modified":"2026-01-16T13:25:59","modified_gmt":"2026-01-16T11:25:59","slug":"framhjul-30t-fc-m672-96mm-svart-10v","status":"publish","type":"product","link":"https:\/\/vmsport.fi\/sv\/verkkokauppa\/varaosat\/voimansiirto\/eturattaat\/eturatas-30t-fc-m672-96mm-musta-10v\/","title":{"rendered":"Framhjul 30T FC-M672 96mm, svart, 10v"},"content":{"rendered":"<p>Framhjul 30T FC-M672 \u00e4r ett svart kedjehjul av h\u00f6g kvalitet som passar perfekt f\u00f6r 10-v\u00e4xlade system. Dess 96 mm monteringsm\u00f6nster s\u00e4kerst\u00e4ller kompatibilitet med kompatibla vevpartier. 30-tandsdesignen f\u00f6rb\u00e4ttrar \u00f6verf\u00f6ringen och effektiviteten, vilket g\u00f6r din cykeltur smidig och bekv\u00e4m \u00e4ven i den mest utmanande terr\u00e4ngen. Det h\u00e4r kedjehjulet \u00e4r utformat f\u00f6r att t\u00e5la slitage, vilket g\u00f6r det till ett p\u00e5litligt val f\u00f6r l\u00e5ngdistanscykling.<\/p>","protected":false},"excerpt":{"rendered":"<p>Eturatas 30T FC-M672 on korkealaatuinen, musta ketjuratas, joka sopii erinomaisesti 10-vaihteisiin j\u00e4rjestelmiin. Sen 96 mm kiinnityskuvio varmistaa yhteensopivuuden yhteensopivien kampisarjojen kanssa. 30 hampaan rakenne parantaa voimansiirtoa ja tehokkuutta, tehden ajostasi sujuvaa ja mukavaa haastavimmissakin maastoissa. T\u00e4m\u00e4 ketjuratas on suunniteltu kest\u00e4m\u00e4\u00e4n kulutusta, mik\u00e4 tekee siit\u00e4 luotettavan valinnan pitk\u00e4n matkan py\u00f6r\u00e4ilyyn. [&#8230;]<\/p>\n<p><a class=\"btn btn-secondary understrap-read-more-link\" href=\"https:\/\/vmsport.fi\/sv\/verkkokauppa\/varaosat\/voimansiirto\/eturattaat\/eturatas-30t-fc-m672-96mm-musta-10v\/\">L\u00e4s mer \u2026<span class=\"screen-reader-text\"> from Eturatas 30T FC-M672 96mm, musta, 10v<\/span><\/a><\/p>\n","protected":false},"featured_media":52571,"comment_status":"open","ping_status":"closed","template":"","meta":{"_acf_changed":false,"_improvement_type_select":"improve_an_existing","_thumb_yes_seoaic":false,"_frame_yes_seoaic":false,"seoaic_generate_description":"","seoaic_improve_instructions_prompt":"","seoaic_rollback_content_improvement":"","seoaic_idea_thumbnail_generator":"","thumbnail_generated":false,"thumbnail_generate_prompt":"","seoaic_article_description":"","_supplier_stock_quantity":0},"product_brand":[],"product_model":[],"product_cat":[9252],"product_tag":[],"industry-terminology":[],"class_list":{"0":"post-52572","1":"product","2":"type-product","3":"status-publish","4":"has-post-thumbnail","6":"product_cat-eturattaat","8":"first","9":"outofstock","10":"taxable","11":"shipping-taxable","12":"product-type-simple"},"acf":{"bike_features":null,"overview":{"copy_overview":null,"key_features":null,"statement":"","youtube_url":""}},"yoast_head":"<!-- This site is optimized with the Yoast SEO plugin v27.4 - https:\/\/yoast.com\/product\/yoast-seo-wordpress\/ -->\n<title>Eturatas 30T FC-M672 96mm, musta, 10v - VM Sport<\/title>\n<meta name=\"robots\" content=\"index, follow, max-snippet:-1, max-image-preview:large, max-video-preview:-1\" \/>\n<link rel=\"canonical\" href=\"https:\/\/vmsport.fi\/sv\/webbutik\/reservdelar\/transmission\/framhjulsdrift\/framhjul-30t-fc-m672-96mm-svart-10v\/\" \/>\n<meta property=\"og:locale\" content=\"sv_SE\" \/>\n<meta property=\"og:type\" content=\"article\" \/>\n<meta property=\"og:title\" content=\"Eturatas 30T FC-M672 96mm, musta, 10v - VM Sport\" \/>\n<meta property=\"og:description\" content=\"Eturatas 30T FC-M672 on korkealaatuinen, musta ketjuratas, joka sopii erinomaisesti 10-vaihteisiin j\u00e4rjestelmiin. Sen 96 mm kiinnityskuvio varmistaa yhteensopivuuden yhteensopivien kampisarjojen kanssa. 30 hampaan rakenne parantaa voimansiirtoa ja tehokkuutta, tehden ajostasi sujuvaa ja mukavaa haastavimmissakin maastoissa. T\u00e4m\u00e4 ketjuratas on suunniteltu kest\u00e4m\u00e4\u00e4n kulutusta, mik\u00e4 tekee siit\u00e4 luotettavan valinnan pitk\u00e4n matkan py\u00f6r\u00e4ilyyn. [...]L\u00e4s mer \u2026 from Eturatas 30T FC-M672 96mm, musta, 10v\" \/>\n<meta property=\"og:url\" content=\"https:\/\/vmsport.fi\/sv\/webbutik\/reservdelar\/transmission\/framhjulsdrift\/framhjul-30t-fc-m672-96mm-svart-10v\/\" \/>\n<meta property=\"og:site_name\" content=\"VM Sport\" \/>\n<meta property=\"article:publisher\" content=\"https:\/\/www.facebook.com\/Vmsport.fi\/\" \/>\n<meta property=\"article:modified_time\" content=\"2026-01-16T11:25:59+00:00\" \/>\n<meta property=\"og:image\" content=\"https:\/\/vmsport.fi\/wp-content\/uploads\/2025\/03\/alzwrCSYucKiGMIagqCe8m3jB3YQB37g6C7TYcnVoePftdDQPR-1.jpg\" \/>\n\t<meta property=\"og:image:width\" content=\"600\" \/>\n\t<meta property=\"og:image:height\" content=\"600\" \/>\n\t<meta property=\"og:image:type\" content=\"image\/jpeg\" \/>\n<meta name=\"twitter:card\" content=\"summary_large_image\" \/>\n<script type=\"application\/ld+json\" class=\"yoast-schema-graph\">{\"@context\":\"https:\\\/\\\/schema.org\",\"@graph\":[{\"@type\":[\"WebPage\",\"ItemPage\"],\"@id\":\"https:\\\/\\\/vmsport.fi\\\/verkkokauppa\\\/varaosat\\\/voimansiirto\\\/eturattaat\\\/eturatas-30t-fc-m672-96mm-musta-10v\\\/\",\"url\":\"https:\\\/\\\/vmsport.fi\\\/verkkokauppa\\\/varaosat\\\/voimansiirto\\\/eturattaat\\\/eturatas-30t-fc-m672-96mm-musta-10v\\\/\",\"name\":\"Eturatas 30T FC-M672 96mm, musta, 10v - VM Sport\",\"isPartOf\":{\"@id\":\"https:\\\/\\\/vmsport.fi\\\/#website\"},\"primaryImageOfPage\":{\"@id\":\"https:\\\/\\\/vmsport.fi\\\/verkkokauppa\\\/varaosat\\\/voimansiirto\\\/eturattaat\\\/eturatas-30t-fc-m672-96mm-musta-10v\\\/#primaryimage\"},\"image\":{\"@id\":\"https:\\\/\\\/vmsport.fi\\\/verkkokauppa\\\/varaosat\\\/voimansiirto\\\/eturattaat\\\/eturatas-30t-fc-m672-96mm-musta-10v\\\/#primaryimage\"},\"thumbnailUrl\":\"https:\\\/\\\/vmsport.fi\\\/wp-content\\\/uploads\\\/2025\\\/03\\\/alzwrCSYucKiGMIagqCe8m3jB3YQB37g6C7TYcnVoePftdDQPR-1.jpg\",\"datePublished\":\"2025-03-05T21:31:53+00:00\",\"dateModified\":\"2026-01-16T11:25:59+00:00\",\"breadcrumb\":{\"@id\":\"https:\\\/\\\/vmsport.fi\\\/verkkokauppa\\\/varaosat\\\/voimansiirto\\\/eturattaat\\\/eturatas-30t-fc-m672-96mm-musta-10v\\\/#breadcrumb\"},\"inLanguage\":\"sv-SE\",\"potentialAction\":[{\"@type\":\"ReadAction\",\"target\":[\"https:\\\/\\\/vmsport.fi\\\/verkkokauppa\\\/varaosat\\\/voimansiirto\\\/eturattaat\\\/eturatas-30t-fc-m672-96mm-musta-10v\\\/\"]}]},{\"@type\":\"ImageObject\",\"inLanguage\":\"sv-SE\",\"@id\":\"https:\\\/\\\/vmsport.fi\\\/verkkokauppa\\\/varaosat\\\/voimansiirto\\\/eturattaat\\\/eturatas-30t-fc-m672-96mm-musta-10v\\\/#primaryimage\",\"url\":\"https:\\\/\\\/vmsport.fi\\\/wp-content\\\/uploads\\\/2025\\\/03\\\/alzwrCSYucKiGMIagqCe8m3jB3YQB37g6C7TYcnVoePftdDQPR-1.jpg\",\"contentUrl\":\"https:\\\/\\\/vmsport.fi\\\/wp-content\\\/uploads\\\/2025\\\/03\\\/alzwrCSYucKiGMIagqCe8m3jB3YQB37g6C7TYcnVoePftdDQPR-1.jpg\",\"width\":600,\"height\":600,\"caption\":\"alzwrCSYucKiGMIagqCe8m3jB3YQB37g6C7TYcnVoePftdDQPR\"},{\"@type\":\"BreadcrumbList\",\"@id\":\"https:\\\/\\\/vmsport.fi\\\/verkkokauppa\\\/varaosat\\\/voimansiirto\\\/eturattaat\\\/eturatas-30t-fc-m672-96mm-musta-10v\\\/#breadcrumb\",\"itemListElement\":[{\"@type\":\"ListItem\",\"position\":1,\"name\":\"Etusivu\",\"item\":\"https:\\\/\\\/vmsport.fi\\\/\"},{\"@type\":\"ListItem\",\"position\":2,\"name\":\"Online Store\",\"item\":\"https:\\\/\\\/vmsport.fi\\\/en\\\/online-store\\\/\"},{\"@type\":\"ListItem\",\"position\":3,\"name\":\"Eturatas 30T FC-M672 96mm, musta, 10v\"}]},{\"@type\":\"WebSite\",\"@id\":\"https:\\\/\\\/vmsport.fi\\\/#website\",\"url\":\"https:\\\/\\\/vmsport.fi\\\/\",\"name\":\"Vmsport\",\"description\":\"Kaikki py\u00f6r\u00e4ilyyn yhdest\u00e4 paikasta\",\"publisher\":{\"@id\":\"https:\\\/\\\/vmsport.fi\\\/#organization\"},\"potentialAction\":[{\"@type\":\"SearchAction\",\"target\":{\"@type\":\"EntryPoint\",\"urlTemplate\":\"https:\\\/\\\/vmsport.fi\\\/?s={search_term_string}\"},\"query-input\":{\"@type\":\"PropertyValueSpecification\",\"valueRequired\":true,\"valueName\":\"search_term_string\"}}],\"inLanguage\":\"sv-SE\"},{\"@type\":\"Organization\",\"@id\":\"https:\\\/\\\/vmsport.fi\\\/#organization\",\"name\":\"Vmsport\",\"url\":\"https:\\\/\\\/vmsport.fi\\\/\",\"logo\":{\"@type\":\"ImageObject\",\"inLanguage\":\"sv-SE\",\"@id\":\"https:\\\/\\\/vmsport.fi\\\/#\\\/schema\\\/logo\\\/image\\\/\",\"url\":\"https:\\\/\\\/vmsport.fi\\\/wp-content\\\/uploads\\\/2024\\\/12\\\/vm_sport_RGB_horisontal-e1734526017575.png\",\"contentUrl\":\"https:\\\/\\\/vmsport.fi\\\/wp-content\\\/uploads\\\/2024\\\/12\\\/vm_sport_RGB_horisontal-e1734526017575.png\",\"width\":668,\"height\":85,\"caption\":\"Vmsport\"},\"image\":{\"@id\":\"https:\\\/\\\/vmsport.fi\\\/#\\\/schema\\\/logo\\\/image\\\/\"},\"sameAs\":[\"https:\\\/\\\/www.facebook.com\\\/Vmsport.fi\\\/\",\"https:\\\/\\\/www.instagram.com\\\/vmsport\\\/\"]}]}<\/script>\n<!-- \/ Yoast SEO plugin. -->","yoast_head_json":{"title":"Kedjehjul 30T FC-M672 96mm, svart, 10v - VM Sport","robots":{"index":"index","follow":"follow","max-snippet":"max-snippet:-1","max-image-preview":"max-image-preview:large","max-video-preview":"max-video-preview:-1"},"canonical":"https:\/\/vmsport.fi\/sv\/webbutik\/reservdelar\/transmission\/framhjulsdrift\/framhjul-30t-fc-m672-96mm-svart-10v\/","og_locale":"sv_SE","og_type":"article","og_title":"Eturatas 30T FC-M672 96mm, musta, 10v - VM Sport","og_description":"Eturatas 30T FC-M672 on korkealaatuinen, musta ketjuratas, joka sopii erinomaisesti 10-vaihteisiin j\u00e4rjestelmiin. Sen 96 mm kiinnityskuvio varmistaa yhteensopivuuden yhteensopivien kampisarjojen kanssa. 30 hampaan rakenne parantaa voimansiirtoa ja tehokkuutta, tehden ajostasi sujuvaa ja mukavaa haastavimmissakin maastoissa. T\u00e4m\u00e4 ketjuratas on suunniteltu kest\u00e4m\u00e4\u00e4n kulutusta, mik\u00e4 tekee siit\u00e4 luotettavan valinnan pitk\u00e4n matkan py\u00f6r\u00e4ilyyn. [...]L\u00e4s mer \u2026 from Eturatas 30T FC-M672 96mm, musta, 10v","og_url":"https:\/\/vmsport.fi\/sv\/webbutik\/reservdelar\/transmission\/framhjulsdrift\/framhjul-30t-fc-m672-96mm-svart-10v\/","og_site_name":"VM Sport","article_publisher":"https:\/\/www.facebook.com\/Vmsport.fi\/","article_modified_time":"2026-01-16T11:25:59+00:00","og_image":[{"width":600,"height":600,"url":"https:\/\/vmsport.fi\/wp-content\/uploads\/2025\/03\/alzwrCSYucKiGMIagqCe8m3jB3YQB37g6C7TYcnVoePftdDQPR-1.jpg","type":"image\/jpeg"}],"twitter_card":"summary_large_image","schema":{"@context":"https:\/\/schema.org","@graph":[{"@type":["WebPage","ItemPage"],"@id":"https:\/\/vmsport.fi\/verkkokauppa\/varaosat\/voimansiirto\/eturattaat\/eturatas-30t-fc-m672-96mm-musta-10v\/","url":"https:\/\/vmsport.fi\/verkkokauppa\/varaosat\/voimansiirto\/eturattaat\/eturatas-30t-fc-m672-96mm-musta-10v\/","name":"Kedjehjul 30T FC-M672 96mm, svart, 10v - VM Sport","isPartOf":{"@id":"https:\/\/vmsport.fi\/#website"},"primaryImageOfPage":{"@id":"https:\/\/vmsport.fi\/verkkokauppa\/varaosat\/voimansiirto\/eturattaat\/eturatas-30t-fc-m672-96mm-musta-10v\/#primaryimage"},"image":{"@id":"https:\/\/vmsport.fi\/verkkokauppa\/varaosat\/voimansiirto\/eturattaat\/eturatas-30t-fc-m672-96mm-musta-10v\/#primaryimage"},"thumbnailUrl":"https:\/\/vmsport.fi\/wp-content\/uploads\/2025\/03\/alzwrCSYucKiGMIagqCe8m3jB3YQB37g6C7TYcnVoePftdDQPR-1.jpg","datePublished":"2025-03-05T21:31:53+00:00","dateModified":"2026-01-16T11:25:59+00:00","breadcrumb":{"@id":"https:\/\/vmsport.fi\/verkkokauppa\/varaosat\/voimansiirto\/eturattaat\/eturatas-30t-fc-m672-96mm-musta-10v\/#breadcrumb"},"inLanguage":"sv-SE","potentialAction":[{"@type":"ReadAction","target":["https:\/\/vmsport.fi\/verkkokauppa\/varaosat\/voimansiirto\/eturattaat\/eturatas-30t-fc-m672-96mm-musta-10v\/"]}]},{"@type":"ImageObject","inLanguage":"sv-SE","@id":"https:\/\/vmsport.fi\/verkkokauppa\/varaosat\/voimansiirto\/eturattaat\/eturatas-30t-fc-m672-96mm-musta-10v\/#primaryimage","url":"https:\/\/vmsport.fi\/wp-content\/uploads\/2025\/03\/alzwrCSYucKiGMIagqCe8m3jB3YQB37g6C7TYcnVoePftdDQPR-1.jpg","contentUrl":"https:\/\/vmsport.fi\/wp-content\/uploads\/2025\/03\/alzwrCSYucKiGMIagqCe8m3jB3YQB37g6C7TYcnVoePftdDQPR-1.jpg","width":600,"height":600,"caption":"alzwrCSYucKiGMIagqCe8m3jB3YQB37g6C7TYcnVoePftdDQPR"},{"@type":"BreadcrumbList","@id":"https:\/\/vmsport.fi\/verkkokauppa\/varaosat\/voimansiirto\/eturattaat\/eturatas-30t-fc-m672-96mm-musta-10v\/#breadcrumb","itemListElement":[{"@type":"ListItem","position":1,"name":"Etusivu","item":"https:\/\/vmsport.fi\/"},{"@type":"ListItem","position":2,"name":"Online Store","item":"https:\/\/vmsport.fi\/en\/online-store\/"},{"@type":"ListItem","position":3,"name":"Eturatas 30T FC-M672 96mm, musta, 10v"}]},{"@type":"WebSite","@id":"https:\/\/vmsport.fi\/#website","url":"https:\/\/vmsport.fi\/","name":"Vmsport","description":"Allt p\u00e5 ett st\u00e4lle f\u00f6r cykling","publisher":{"@id":"https:\/\/vmsport.fi\/#organization"},"potentialAction":[{"@type":"SearchAction","target":{"@type":"EntryPoint","urlTemplate":"https:\/\/vmsport.fi\/?s={search_term_string}"},"query-input":{"@type":"PropertyValueSpecification","valueRequired":true,"valueName":"search_term_string"}}],"inLanguage":"sv-SE"},{"@type":"Organization","@id":"https:\/\/vmsport.fi\/#organization","name":"Vmsport","url":"https:\/\/vmsport.fi\/","logo":{"@type":"ImageObject","inLanguage":"sv-SE","@id":"https:\/\/vmsport.fi\/#\/schema\/logo\/image\/","url":"https:\/\/vmsport.fi\/wp-content\/uploads\/2024\/12\/vm_sport_RGB_horisontal-e1734526017575.png","contentUrl":"https:\/\/vmsport.fi\/wp-content\/uploads\/2024\/12\/vm_sport_RGB_horisontal-e1734526017575.png","width":668,"height":85,"caption":"Vmsport"},"image":{"@id":"https:\/\/vmsport.fi\/#\/schema\/logo\/image\/"},"sameAs":["https:\/\/www.facebook.com\/Vmsport.fi\/","https:\/\/www.instagram.com\/vmsport\/"]}]}},"global_unique_id":"","_links":{"self":[{"href":"https:\/\/vmsport.fi\/sv\/wp-json\/wp\/v2\/product\/52572","targetHints":{"allow":["GET"]}}],"collection":[{"href":"https:\/\/vmsport.fi\/sv\/wp-json\/wp\/v2\/product"}],"about":[{"href":"https:\/\/vmsport.fi\/sv\/wp-json\/wp\/v2\/types\/product"}],"replies":[{"embeddable":true,"href":"https:\/\/vmsport.fi\/sv\/wp-json\/wp\/v2\/comments?post=52572"}],"wp:featuredmedia":[{"embeddable":true,"href":"https:\/\/vmsport.fi\/sv\/wp-json\/wp\/v2\/media\/52571"}],"wp:attachment":[{"href":"https:\/\/vmsport.fi\/sv\/wp-json\/wp\/v2\/media?parent=52572"}],"wp:term":[{"taxonomy":"product_brand","embeddable":true,"href":"https:\/\/vmsport.fi\/sv\/wp-json\/wp\/v2\/product_brand?post=52572"},{"taxonomy":"product_model","embeddable":true,"href":"https:\/\/vmsport.fi\/sv\/wp-json\/wp\/v2\/product_model?post=52572"},{"taxonomy":"product_cat","embeddable":true,"href":"https:\/\/vmsport.fi\/sv\/wp-json\/wp\/v2\/product_cat?post=52572"},{"taxonomy":"product_tag","embeddable":true,"href":"https:\/\/vmsport.fi\/sv\/wp-json\/wp\/v2\/product_tag?post=52572"},{"taxonomy":"industry_terminology","embeddable":true,"href":"https:\/\/vmsport.fi\/sv\/wp-json\/wp\/v2\/industry-terminology?post=52572"}],"curies":[{"name":"wp","href":"https:\/\/api.w.org\/{rel}","templated":true}]}}