{"id":52568,"date":"2025-03-05T23:31:51","date_gmt":"2025-03-05T21:31:51","guid":{"rendered":"https:\/\/vmsport.fi\/verkkokauppa\/Ei-luokiteltu\/etuvaihtaja-3x9-v-fd-t3000-349mm-cb-ts-dp-63-66\/"},"modified":"2026-01-16T13:25:31","modified_gmt":"2026-01-16T11:25:31","slug":"3x9-v-fd-t3000-349mm-cb-ts-dp-63-66","status":"publish","type":"product","link":"https:\/\/vmsport.fi\/sv\/verkkokauppa\/varaosat\/vaihteistot\/etuvaihtajat\/etuvaihtaja-3x9-v-fd-t3000-349mm-cb-ts-dp-63-66\/","title":{"rendered":"Framv\u00e4xel 3\u00d79-v FD-T3000 34,9mm CB TS DP 63-66"},"content":{"rendered":"<p>Den h\u00e4r framv\u00e4xeln \u00e4r s\u00e4rskilt utformad f\u00f6r 3\u00d79-v\u00e4xell\u00e5dssystem och ger effektiv och tillf\u00f6rlitlig prestanda under m\u00e5nga olika k\u00f6rf\u00f6rh\u00e5llanden. FD-T3000-modellen ger smidiga och exakta v\u00e4xlingar n\u00e4r monteringsf\u00e4stet p\u00e5 34,9 mm anv\u00e4nds. V\u00e4xelns Top Swing-mekanism i kombination med det dubbla draget underl\u00e4ttar b\u00e5de installation och justering, vilket s\u00e4kerst\u00e4ller s\u00f6ml\u00f6s drift under k\u00f6rning.<\/p>","protected":false},"excerpt":{"rendered":"<p>T\u00e4m\u00e4 etuvaihtaja on suunniteltu erityisesti 3&#215;9-vaihteisille j\u00e4rjestelmille, ja se tarjoaa tehokasta ja luotettavaa suorituskyky\u00e4 erilaisissa ajo-olosuhteissa. FD-T3000-malli mahdollistaa sujuvan ja tarkan vaihteiden vaihdon k\u00e4ytt\u00e4ess\u00e4si 34,9 mm:n kiinnityspantaa. Vaihtajan Top Swing -mekanismi yhdess\u00e4 kaksoisvedon kanssa helpottaa sek\u00e4 asennusta ett\u00e4 s\u00e4\u00e4t\u00e4mist\u00e4, taaten saumattoman toiminnan ajon aikana. [&#8230;]<\/p>\n<p><a class=\"btn btn-secondary understrap-read-more-link\" href=\"https:\/\/vmsport.fi\/sv\/verkkokauppa\/varaosat\/vaihteistot\/etuvaihtajat\/etuvaihtaja-3x9-v-fd-t3000-349mm-cb-ts-dp-63-66\/\">L\u00e4s mer \u2026<span class=\"screen-reader-text\"> from Etuvaihtaja 3&#215;9-v FD-T3000 34,9mm CB TS DP 63-66<\/span><\/a><\/p>\n","protected":false},"featured_media":52567,"comment_status":"open","ping_status":"closed","template":"","meta":{"_acf_changed":false,"_improvement_type_select":"improve_an_existing","_thumb_yes_seoaic":false,"_frame_yes_seoaic":false,"seoaic_generate_description":"","seoaic_improve_instructions_prompt":"","seoaic_rollback_content_improvement":"","seoaic_idea_thumbnail_generator":"","thumbnail_generated":false,"thumbnail_generate_prompt":"","seoaic_article_description":"","_supplier_stock_quantity":0},"product_brand":[],"product_model":[],"product_cat":[9438],"product_tag":[],"industry-terminology":[],"class_list":{"0":"post-52568","1":"product","2":"type-product","3":"status-publish","4":"has-post-thumbnail","6":"product_cat-etuvaihtajat","8":"first","9":"outofstock","10":"taxable","11":"shipping-taxable","12":"product-type-simple"},"acf":{"bike_features":null,"overview":{"copy_overview":null,"key_features":null,"statement":"","youtube_url":""}},"yoast_head":"<!-- This site is optimized with the Yoast SEO plugin v27.3 - https:\/\/yoast.com\/product\/yoast-seo-wordpress\/ -->\n<title>Etuvaihtaja 3x9-v FD-T3000 34,9mm CB TS DP 63-66 - VM Sport<\/title>\n<meta name=\"robots\" content=\"index, follow, max-snippet:-1, max-image-preview:large, max-video-preview:-1\" \/>\n<link rel=\"canonical\" href=\"https:\/\/vmsport.fi\/sv\/webbutik\/reservdelar\/vaxellador\/foregangare\/3x9-v-fd-t3000-349mm-cb-ts-dp-63-66\/\" \/>\n<meta property=\"og:locale\" content=\"sv_SE\" \/>\n<meta property=\"og:type\" content=\"article\" \/>\n<meta property=\"og:title\" content=\"Etuvaihtaja 3x9-v FD-T3000 34,9mm CB TS DP 63-66 - VM Sport\" \/>\n<meta property=\"og:description\" content=\"T\u00e4m\u00e4 etuvaihtaja on suunniteltu erityisesti 3&#215;9-vaihteisille j\u00e4rjestelmille, ja se tarjoaa tehokasta ja luotettavaa suorituskyky\u00e4 erilaisissa ajo-olosuhteissa. FD-T3000-malli mahdollistaa sujuvan ja tarkan vaihteiden vaihdon k\u00e4ytt\u00e4ess\u00e4si 34,9 mm:n kiinnityspantaa. Vaihtajan Top Swing -mekanismi yhdess\u00e4 kaksoisvedon kanssa helpottaa sek\u00e4 asennusta ett\u00e4 s\u00e4\u00e4t\u00e4mist\u00e4, taaten saumattoman toiminnan ajon aikana. [...]L\u00e4s mer \u2026 from Etuvaihtaja 3&#215;9-v FD-T3000 34,9mm CB TS DP 63-66\" \/>\n<meta property=\"og:url\" content=\"https:\/\/vmsport.fi\/sv\/webbutik\/reservdelar\/vaxellador\/foregangare\/3x9-v-fd-t3000-349mm-cb-ts-dp-63-66\/\" \/>\n<meta property=\"og:site_name\" content=\"VM Sport\" \/>\n<meta property=\"article:publisher\" content=\"https:\/\/www.facebook.com\/Vmsport.fi\/\" \/>\n<meta property=\"article:modified_time\" content=\"2026-01-16T11:25:31+00:00\" \/>\n<meta property=\"og:image\" content=\"https:\/\/vmsport.fi\/wp-content\/uploads\/2025\/03\/lWm0Pwx3Gpr4qmIJoeGz0wicJgUWs8YzatzOP2zP4EAyYHhWzs-1.jpg\" \/>\n\t<meta property=\"og:image:width\" content=\"600\" \/>\n\t<meta property=\"og:image:height\" content=\"600\" \/>\n\t<meta property=\"og:image:type\" content=\"image\/jpeg\" \/>\n<meta name=\"twitter:card\" content=\"summary_large_image\" \/>\n<script type=\"application\/ld+json\" class=\"yoast-schema-graph\">{\"@context\":\"https:\\\/\\\/schema.org\",\"@graph\":[{\"@type\":[\"WebPage\",\"ItemPage\"],\"@id\":\"https:\\\/\\\/vmsport.fi\\\/verkkokauppa\\\/varaosat\\\/vaihteistot\\\/etuvaihtajat\\\/etuvaihtaja-3x9-v-fd-t3000-349mm-cb-ts-dp-63-66\\\/\",\"url\":\"https:\\\/\\\/vmsport.fi\\\/verkkokauppa\\\/varaosat\\\/vaihteistot\\\/etuvaihtajat\\\/etuvaihtaja-3x9-v-fd-t3000-349mm-cb-ts-dp-63-66\\\/\",\"name\":\"Etuvaihtaja 3x9-v FD-T3000 34,9mm CB TS DP 63-66 - VM Sport\",\"isPartOf\":{\"@id\":\"https:\\\/\\\/vmsport.fi\\\/#website\"},\"primaryImageOfPage\":{\"@id\":\"https:\\\/\\\/vmsport.fi\\\/verkkokauppa\\\/varaosat\\\/vaihteistot\\\/etuvaihtajat\\\/etuvaihtaja-3x9-v-fd-t3000-349mm-cb-ts-dp-63-66\\\/#primaryimage\"},\"image\":{\"@id\":\"https:\\\/\\\/vmsport.fi\\\/verkkokauppa\\\/varaosat\\\/vaihteistot\\\/etuvaihtajat\\\/etuvaihtaja-3x9-v-fd-t3000-349mm-cb-ts-dp-63-66\\\/#primaryimage\"},\"thumbnailUrl\":\"https:\\\/\\\/vmsport.fi\\\/wp-content\\\/uploads\\\/2025\\\/03\\\/lWm0Pwx3Gpr4qmIJoeGz0wicJgUWs8YzatzOP2zP4EAyYHhWzs-1.jpg\",\"datePublished\":\"2025-03-05T21:31:51+00:00\",\"dateModified\":\"2026-01-16T11:25:31+00:00\",\"breadcrumb\":{\"@id\":\"https:\\\/\\\/vmsport.fi\\\/verkkokauppa\\\/varaosat\\\/vaihteistot\\\/etuvaihtajat\\\/etuvaihtaja-3x9-v-fd-t3000-349mm-cb-ts-dp-63-66\\\/#breadcrumb\"},\"inLanguage\":\"sv-SE\",\"potentialAction\":[{\"@type\":\"ReadAction\",\"target\":[\"https:\\\/\\\/vmsport.fi\\\/verkkokauppa\\\/varaosat\\\/vaihteistot\\\/etuvaihtajat\\\/etuvaihtaja-3x9-v-fd-t3000-349mm-cb-ts-dp-63-66\\\/\"]}]},{\"@type\":\"ImageObject\",\"inLanguage\":\"sv-SE\",\"@id\":\"https:\\\/\\\/vmsport.fi\\\/verkkokauppa\\\/varaosat\\\/vaihteistot\\\/etuvaihtajat\\\/etuvaihtaja-3x9-v-fd-t3000-349mm-cb-ts-dp-63-66\\\/#primaryimage\",\"url\":\"https:\\\/\\\/vmsport.fi\\\/wp-content\\\/uploads\\\/2025\\\/03\\\/lWm0Pwx3Gpr4qmIJoeGz0wicJgUWs8YzatzOP2zP4EAyYHhWzs-1.jpg\",\"contentUrl\":\"https:\\\/\\\/vmsport.fi\\\/wp-content\\\/uploads\\\/2025\\\/03\\\/lWm0Pwx3Gpr4qmIJoeGz0wicJgUWs8YzatzOP2zP4EAyYHhWzs-1.jpg\",\"width\":600,\"height\":600,\"caption\":\"lWm0Pwx3Gpr4qmIJoeGz0wicJgUWs8YzatzOP2zP4EAyYHhWzs\"},{\"@type\":\"BreadcrumbList\",\"@id\":\"https:\\\/\\\/vmsport.fi\\\/verkkokauppa\\\/varaosat\\\/vaihteistot\\\/etuvaihtajat\\\/etuvaihtaja-3x9-v-fd-t3000-349mm-cb-ts-dp-63-66\\\/#breadcrumb\",\"itemListElement\":[{\"@type\":\"ListItem\",\"position\":1,\"name\":\"Etusivu\",\"item\":\"https:\\\/\\\/vmsport.fi\\\/\"},{\"@type\":\"ListItem\",\"position\":2,\"name\":\"Online Store\",\"item\":\"https:\\\/\\\/vmsport.fi\\\/en\\\/online-store\\\/\"},{\"@type\":\"ListItem\",\"position\":3,\"name\":\"Etuvaihtaja 3&#215;9-v FD-T3000 34,9mm CB TS DP 63-66\"}]},{\"@type\":\"WebSite\",\"@id\":\"https:\\\/\\\/vmsport.fi\\\/#website\",\"url\":\"https:\\\/\\\/vmsport.fi\\\/\",\"name\":\"Vmsport\",\"description\":\"Kaikki py\u00f6r\u00e4ilyyn yhdest\u00e4 paikasta\",\"publisher\":{\"@id\":\"https:\\\/\\\/vmsport.fi\\\/#organization\"},\"potentialAction\":[{\"@type\":\"SearchAction\",\"target\":{\"@type\":\"EntryPoint\",\"urlTemplate\":\"https:\\\/\\\/vmsport.fi\\\/?s={search_term_string}\"},\"query-input\":{\"@type\":\"PropertyValueSpecification\",\"valueRequired\":true,\"valueName\":\"search_term_string\"}}],\"inLanguage\":\"sv-SE\"},{\"@type\":\"Organization\",\"@id\":\"https:\\\/\\\/vmsport.fi\\\/#organization\",\"name\":\"Vmsport\",\"url\":\"https:\\\/\\\/vmsport.fi\\\/\",\"logo\":{\"@type\":\"ImageObject\",\"inLanguage\":\"sv-SE\",\"@id\":\"https:\\\/\\\/vmsport.fi\\\/#\\\/schema\\\/logo\\\/image\\\/\",\"url\":\"https:\\\/\\\/vmsport.fi\\\/wp-content\\\/uploads\\\/2024\\\/12\\\/vm_sport_RGB_horisontal-e1734526017575.png\",\"contentUrl\":\"https:\\\/\\\/vmsport.fi\\\/wp-content\\\/uploads\\\/2024\\\/12\\\/vm_sport_RGB_horisontal-e1734526017575.png\",\"width\":668,\"height\":85,\"caption\":\"Vmsport\"},\"image\":{\"@id\":\"https:\\\/\\\/vmsport.fi\\\/#\\\/schema\\\/logo\\\/image\\\/\"},\"sameAs\":[\"https:\\\/\\\/www.facebook.com\\\/Vmsport.fi\\\/\",\"https:\\\/\\\/www.instagram.com\\\/vmsport\\\/\"]}]}<\/script>\n<!-- \/ Yoast SEO plugin. -->","yoast_head_json":{"title":"Framv\u00e4xel 3x9-v FD-T3000 34,9mm CB TS DP 63-66 - VM Sport","robots":{"index":"index","follow":"follow","max-snippet":"max-snippet:-1","max-image-preview":"max-image-preview:large","max-video-preview":"max-video-preview:-1"},"canonical":"https:\/\/vmsport.fi\/sv\/webbutik\/reservdelar\/vaxellador\/foregangare\/3x9-v-fd-t3000-349mm-cb-ts-dp-63-66\/","og_locale":"sv_SE","og_type":"article","og_title":"Etuvaihtaja 3x9-v FD-T3000 34,9mm CB TS DP 63-66 - VM Sport","og_description":"T\u00e4m\u00e4 etuvaihtaja on suunniteltu erityisesti 3&#215;9-vaihteisille j\u00e4rjestelmille, ja se tarjoaa tehokasta ja luotettavaa suorituskyky\u00e4 erilaisissa ajo-olosuhteissa. FD-T3000-malli mahdollistaa sujuvan ja tarkan vaihteiden vaihdon k\u00e4ytt\u00e4ess\u00e4si 34,9 mm:n kiinnityspantaa. Vaihtajan Top Swing -mekanismi yhdess\u00e4 kaksoisvedon kanssa helpottaa sek\u00e4 asennusta ett\u00e4 s\u00e4\u00e4t\u00e4mist\u00e4, taaten saumattoman toiminnan ajon aikana. [...]L\u00e4s mer \u2026 from Etuvaihtaja 3&#215;9-v FD-T3000 34,9mm CB TS DP 63-66","og_url":"https:\/\/vmsport.fi\/sv\/webbutik\/reservdelar\/vaxellador\/foregangare\/3x9-v-fd-t3000-349mm-cb-ts-dp-63-66\/","og_site_name":"VM Sport","article_publisher":"https:\/\/www.facebook.com\/Vmsport.fi\/","article_modified_time":"2026-01-16T11:25:31+00:00","og_image":[{"width":600,"height":600,"url":"https:\/\/vmsport.fi\/wp-content\/uploads\/2025\/03\/lWm0Pwx3Gpr4qmIJoeGz0wicJgUWs8YzatzOP2zP4EAyYHhWzs-1.jpg","type":"image\/jpeg"}],"twitter_card":"summary_large_image","schema":{"@context":"https:\/\/schema.org","@graph":[{"@type":["WebPage","ItemPage"],"@id":"https:\/\/vmsport.fi\/verkkokauppa\/varaosat\/vaihteistot\/etuvaihtajat\/etuvaihtaja-3x9-v-fd-t3000-349mm-cb-ts-dp-63-66\/","url":"https:\/\/vmsport.fi\/verkkokauppa\/varaosat\/vaihteistot\/etuvaihtajat\/etuvaihtaja-3x9-v-fd-t3000-349mm-cb-ts-dp-63-66\/","name":"Framv\u00e4xel 3x9-v FD-T3000 34,9mm CB TS DP 63-66 - VM Sport","isPartOf":{"@id":"https:\/\/vmsport.fi\/#website"},"primaryImageOfPage":{"@id":"https:\/\/vmsport.fi\/verkkokauppa\/varaosat\/vaihteistot\/etuvaihtajat\/etuvaihtaja-3x9-v-fd-t3000-349mm-cb-ts-dp-63-66\/#primaryimage"},"image":{"@id":"https:\/\/vmsport.fi\/verkkokauppa\/varaosat\/vaihteistot\/etuvaihtajat\/etuvaihtaja-3x9-v-fd-t3000-349mm-cb-ts-dp-63-66\/#primaryimage"},"thumbnailUrl":"https:\/\/vmsport.fi\/wp-content\/uploads\/2025\/03\/lWm0Pwx3Gpr4qmIJoeGz0wicJgUWs8YzatzOP2zP4EAyYHhWzs-1.jpg","datePublished":"2025-03-05T21:31:51+00:00","dateModified":"2026-01-16T11:25:31+00:00","breadcrumb":{"@id":"https:\/\/vmsport.fi\/verkkokauppa\/varaosat\/vaihteistot\/etuvaihtajat\/etuvaihtaja-3x9-v-fd-t3000-349mm-cb-ts-dp-63-66\/#breadcrumb"},"inLanguage":"sv-SE","potentialAction":[{"@type":"ReadAction","target":["https:\/\/vmsport.fi\/verkkokauppa\/varaosat\/vaihteistot\/etuvaihtajat\/etuvaihtaja-3x9-v-fd-t3000-349mm-cb-ts-dp-63-66\/"]}]},{"@type":"ImageObject","inLanguage":"sv-SE","@id":"https:\/\/vmsport.fi\/verkkokauppa\/varaosat\/vaihteistot\/etuvaihtajat\/etuvaihtaja-3x9-v-fd-t3000-349mm-cb-ts-dp-63-66\/#primaryimage","url":"https:\/\/vmsport.fi\/wp-content\/uploads\/2025\/03\/lWm0Pwx3Gpr4qmIJoeGz0wicJgUWs8YzatzOP2zP4EAyYHhWzs-1.jpg","contentUrl":"https:\/\/vmsport.fi\/wp-content\/uploads\/2025\/03\/lWm0Pwx3Gpr4qmIJoeGz0wicJgUWs8YzatzOP2zP4EAyYHhWzs-1.jpg","width":600,"height":600,"caption":"lWm0Pwx3Gpr4qmIJoeGz0wicJgUWs8YzatzOP2zP4EAyYHhWzs"},{"@type":"BreadcrumbList","@id":"https:\/\/vmsport.fi\/verkkokauppa\/varaosat\/vaihteistot\/etuvaihtajat\/etuvaihtaja-3x9-v-fd-t3000-349mm-cb-ts-dp-63-66\/#breadcrumb","itemListElement":[{"@type":"ListItem","position":1,"name":"Etusivu","item":"https:\/\/vmsport.fi\/"},{"@type":"ListItem","position":2,"name":"Online Store","item":"https:\/\/vmsport.fi\/en\/online-store\/"},{"@type":"ListItem","position":3,"name":"Etuvaihtaja 3&#215;9-v FD-T3000 34,9mm CB TS DP 63-66"}]},{"@type":"WebSite","@id":"https:\/\/vmsport.fi\/#website","url":"https:\/\/vmsport.fi\/","name":"Vmsport","description":"Allt p\u00e5 ett st\u00e4lle f\u00f6r cykling","publisher":{"@id":"https:\/\/vmsport.fi\/#organization"},"potentialAction":[{"@type":"SearchAction","target":{"@type":"EntryPoint","urlTemplate":"https:\/\/vmsport.fi\/?s={search_term_string}"},"query-input":{"@type":"PropertyValueSpecification","valueRequired":true,"valueName":"search_term_string"}}],"inLanguage":"sv-SE"},{"@type":"Organization","@id":"https:\/\/vmsport.fi\/#organization","name":"Vmsport","url":"https:\/\/vmsport.fi\/","logo":{"@type":"ImageObject","inLanguage":"sv-SE","@id":"https:\/\/vmsport.fi\/#\/schema\/logo\/image\/","url":"https:\/\/vmsport.fi\/wp-content\/uploads\/2024\/12\/vm_sport_RGB_horisontal-e1734526017575.png","contentUrl":"https:\/\/vmsport.fi\/wp-content\/uploads\/2024\/12\/vm_sport_RGB_horisontal-e1734526017575.png","width":668,"height":85,"caption":"Vmsport"},"image":{"@id":"https:\/\/vmsport.fi\/#\/schema\/logo\/image\/"},"sameAs":["https:\/\/www.facebook.com\/Vmsport.fi\/","https:\/\/www.instagram.com\/vmsport\/"]}]}},"global_unique_id":"","_links":{"self":[{"href":"https:\/\/vmsport.fi\/sv\/wp-json\/wp\/v2\/product\/52568","targetHints":{"allow":["GET"]}}],"collection":[{"href":"https:\/\/vmsport.fi\/sv\/wp-json\/wp\/v2\/product"}],"about":[{"href":"https:\/\/vmsport.fi\/sv\/wp-json\/wp\/v2\/types\/product"}],"replies":[{"embeddable":true,"href":"https:\/\/vmsport.fi\/sv\/wp-json\/wp\/v2\/comments?post=52568"}],"wp:featuredmedia":[{"embeddable":true,"href":"https:\/\/vmsport.fi\/sv\/wp-json\/wp\/v2\/media\/52567"}],"wp:attachment":[{"href":"https:\/\/vmsport.fi\/sv\/wp-json\/wp\/v2\/media?parent=52568"}],"wp:term":[{"taxonomy":"product_brand","embeddable":true,"href":"https:\/\/vmsport.fi\/sv\/wp-json\/wp\/v2\/product_brand?post=52568"},{"taxonomy":"product_model","embeddable":true,"href":"https:\/\/vmsport.fi\/sv\/wp-json\/wp\/v2\/product_model?post=52568"},{"taxonomy":"product_cat","embeddable":true,"href":"https:\/\/vmsport.fi\/sv\/wp-json\/wp\/v2\/product_cat?post=52568"},{"taxonomy":"product_tag","embeddable":true,"href":"https:\/\/vmsport.fi\/sv\/wp-json\/wp\/v2\/product_tag?post=52568"},{"taxonomy":"industry_terminology","embeddable":true,"href":"https:\/\/vmsport.fi\/sv\/wp-json\/wp\/v2\/industry-terminology?post=52568"}],"curies":[{"name":"wp","href":"https:\/\/api.w.org\/{rel}","templated":true}]}}