{"id":52564,"date":"2025-03-05T23:31:49","date_gmt":"2025-03-05T21:31:49","guid":{"rendered":"https:\/\/vmsport.fi\/verkkokauppa\/Ei-luokiteltu\/muc-off-tubeless-valve-kit-v-2-0-silver\/"},"modified":"2026-01-16T13:22:42","modified_gmt":"2026-01-16T11:22:42","slug":"muc-off-slanglos-ventilsats-v-2-0-silver","status":"publish","type":"product","link":"https:\/\/vmsport.fi\/sv\/verkkokauppa\/renkaat\/tubeless-tarvikkeet\/tubeless-venttiilit\/muc-off-tubeless-valve-kit-v-2-0-silver\/","title":{"rendered":"MUC-OFF Tubeless Valve Kit V. 2.0 Silver"},"content":{"rendered":"<p>MUC-OFF Tubeless Valve Kit V. 2.0 \u00e4r det perfekta tillbeh\u00f6ret f\u00f6r slangl\u00f6sa d\u00e4cksystem, vilket g\u00f6r det till ett utm\u00e4rkt val f\u00f6r kr\u00e4vande cyklister. Version 2.0 representerar en avancerad design och silverf\u00e4rgen ger elegans till alla cyklar. Denna ventilsats \u00e4r utformad f\u00f6r att f\u00f6rb\u00e4ttra k\u00f6rupplevelsen med sin tillf\u00f6rlitlighet. Den innovativa designen s\u00e4kerst\u00e4ller optimal luftretention, medan den h\u00e5llbara konstruktionen garanterar l\u00e5ng livsl\u00e4ngd. Enkel installation sparar tid, s\u00e5 att du kan bli redo f\u00f6r din cykeltur snabbare. Dessa ventiler \u00e4r kompatibla med de flesta f\u00e4lgar, vilket g\u00f6r dem till ett m\u00e5ngsidigt alternativ f\u00f6r alla cykelentusiaster.<\/p>","protected":false},"excerpt":{"rendered":"<p>MUC-OFF Tubeless Valve Kit V. 2.0 on t\u00e4ydellinen lis\u00e4varuste tubeless-rengasj\u00e4rjestelmille, mik\u00e4 tekee siit\u00e4 erinomaisen valinnan vaativille py\u00f6r\u00e4ilij\u00f6ille. Versio 2.0 edustaa kehittynytt\u00e4 suunnittelua, ja hopeinen v\u00e4ri tuo tyylikkyytt\u00e4 mihin tahansa py\u00f6r\u00e4\u00e4n. T\u00e4m\u00e4 venttiilisarja on suunniteltu parantamaan ajokokemusta luotettavuutensa ansiosta. Innovatiivinen muotoilu varmistaa optimaalisen ilmanpid\u00e4tyksen, kun taas kest\u00e4v\u00e4 rakenne takaa pitk\u00e4n k\u00e4ytt\u00f6i\u00e4n. Helppo asennus s\u00e4\u00e4st\u00e4\u00e4 aikaa, mik\u00e4 [&#8230;]<\/p>\n<p><a class=\"btn btn-secondary understrap-read-more-link\" href=\"https:\/\/vmsport.fi\/sv\/verkkokauppa\/renkaat\/tubeless-tarvikkeet\/tubeless-venttiilit\/muc-off-tubeless-valve-kit-v-2-0-silver\/\">L\u00e4s mer \u2026<span class=\"screen-reader-text\"> from MUC-OFF Tubeless Valve Kit V. 2.0 Silver<\/span><\/a><\/p>\n","protected":false},"featured_media":52563,"comment_status":"open","ping_status":"closed","template":"","meta":{"_acf_changed":false,"_improvement_type_select":"improve_an_existing","_thumb_yes_seoaic":false,"_frame_yes_seoaic":false,"seoaic_generate_description":"","seoaic_improve_instructions_prompt":"","seoaic_rollback_content_improvement":"","seoaic_idea_thumbnail_generator":"","thumbnail_generated":false,"thumbnail_generate_prompt":"","seoaic_article_description":"","_supplier_stock_quantity":0},"product_brand":[1584],"product_model":[],"product_cat":[9392],"product_tag":[],"industry-terminology":[],"class_list":{"0":"post-52564","1":"product","2":"type-product","3":"status-publish","4":"has-post-thumbnail","6":"product_brand-muc-off","7":"product_cat-tubeless-venttiilit","9":"first","10":"instock","11":"taxable","12":"shipping-taxable","13":"purchasable","14":"product-type-simple"},"acf":{"bike_features":null,"overview":{"copy_overview":null,"key_features":null,"statement":"","youtube_url":""}},"yoast_head":"<!-- This site is optimized with the Yoast SEO plugin v27.3 - https:\/\/yoast.com\/product\/yoast-seo-wordpress\/ -->\n<title>MUC-OFF Tubeless Valve Kit V. 2.0 Silver - VM Sport<\/title>\n<meta name=\"robots\" content=\"index, follow, max-snippet:-1, max-image-preview:large, max-video-preview:-1\" \/>\n<link rel=\"canonical\" href=\"https:\/\/vmsport.fi\/sv\/webbutik\/dack\/slanglosa-tillbehor\/slanglosa-ventiler\/muc-off-slanglos-ventilsats-v-2-0-silver\/\" \/>\n<meta property=\"og:locale\" content=\"sv_SE\" \/>\n<meta property=\"og:type\" content=\"article\" \/>\n<meta property=\"og:title\" content=\"MUC-OFF Tubeless Valve Kit V. 2.0 Silver - VM Sport\" \/>\n<meta property=\"og:description\" content=\"MUC-OFF Tubeless Valve Kit V. 2.0 on t\u00e4ydellinen lis\u00e4varuste tubeless-rengasj\u00e4rjestelmille, mik\u00e4 tekee siit\u00e4 erinomaisen valinnan vaativille py\u00f6r\u00e4ilij\u00f6ille. Versio 2.0 edustaa kehittynytt\u00e4 suunnittelua, ja hopeinen v\u00e4ri tuo tyylikkyytt\u00e4 mihin tahansa py\u00f6r\u00e4\u00e4n. T\u00e4m\u00e4 venttiilisarja on suunniteltu parantamaan ajokokemusta luotettavuutensa ansiosta. Innovatiivinen muotoilu varmistaa optimaalisen ilmanpid\u00e4tyksen, kun taas kest\u00e4v\u00e4 rakenne takaa pitk\u00e4n k\u00e4ytt\u00f6i\u00e4n. Helppo asennus s\u00e4\u00e4st\u00e4\u00e4 aikaa, mik\u00e4 [...]L\u00e4s mer \u2026 from MUC-OFF Tubeless Valve Kit V. 2.0 Silver\" \/>\n<meta property=\"og:url\" content=\"https:\/\/vmsport.fi\/sv\/webbutik\/dack\/slanglosa-tillbehor\/slanglosa-ventiler\/muc-off-slanglos-ventilsats-v-2-0-silver\/\" \/>\n<meta property=\"og:site_name\" content=\"VM Sport\" \/>\n<meta property=\"article:publisher\" content=\"https:\/\/www.facebook.com\/Vmsport.fi\/\" \/>\n<meta property=\"article:modified_time\" content=\"2026-01-16T11:22:42+00:00\" \/>\n<meta property=\"og:image\" content=\"https:\/\/vmsport.fi\/wp-content\/uploads\/2025\/03\/S7d4H4WBxZiW9lYmDAY9smSe2x3KF93zqO1Fs3W6oqkDC0jDyW-1.jpg\" \/>\n\t<meta property=\"og:image:width\" content=\"800\" \/>\n\t<meta property=\"og:image:height\" content=\"800\" \/>\n\t<meta property=\"og:image:type\" content=\"image\/jpeg\" \/>\n<meta name=\"twitter:card\" content=\"summary_large_image\" \/>\n<script type=\"application\/ld+json\" class=\"yoast-schema-graph\">{\"@context\":\"https:\\\/\\\/schema.org\",\"@graph\":[{\"@type\":[\"WebPage\",\"ItemPage\"],\"@id\":\"https:\\\/\\\/vmsport.fi\\\/verkkokauppa\\\/renkaat\\\/tubeless-tarvikkeet\\\/tubeless-venttiilit\\\/muc-off-tubeless-valve-kit-v-2-0-silver\\\/\",\"url\":\"https:\\\/\\\/vmsport.fi\\\/verkkokauppa\\\/renkaat\\\/tubeless-tarvikkeet\\\/tubeless-venttiilit\\\/muc-off-tubeless-valve-kit-v-2-0-silver\\\/\",\"name\":\"MUC-OFF Tubeless Valve Kit V. 2.0 Silver - VM Sport\",\"isPartOf\":{\"@id\":\"https:\\\/\\\/vmsport.fi\\\/#website\"},\"primaryImageOfPage\":{\"@id\":\"https:\\\/\\\/vmsport.fi\\\/verkkokauppa\\\/renkaat\\\/tubeless-tarvikkeet\\\/tubeless-venttiilit\\\/muc-off-tubeless-valve-kit-v-2-0-silver\\\/#primaryimage\"},\"image\":{\"@id\":\"https:\\\/\\\/vmsport.fi\\\/verkkokauppa\\\/renkaat\\\/tubeless-tarvikkeet\\\/tubeless-venttiilit\\\/muc-off-tubeless-valve-kit-v-2-0-silver\\\/#primaryimage\"},\"thumbnailUrl\":\"https:\\\/\\\/vmsport.fi\\\/wp-content\\\/uploads\\\/2025\\\/03\\\/S7d4H4WBxZiW9lYmDAY9smSe2x3KF93zqO1Fs3W6oqkDC0jDyW-1.jpg\",\"datePublished\":\"2025-03-05T21:31:49+00:00\",\"dateModified\":\"2026-01-16T11:22:42+00:00\",\"breadcrumb\":{\"@id\":\"https:\\\/\\\/vmsport.fi\\\/verkkokauppa\\\/renkaat\\\/tubeless-tarvikkeet\\\/tubeless-venttiilit\\\/muc-off-tubeless-valve-kit-v-2-0-silver\\\/#breadcrumb\"},\"inLanguage\":\"sv-SE\",\"potentialAction\":[{\"@type\":\"ReadAction\",\"target\":[\"https:\\\/\\\/vmsport.fi\\\/verkkokauppa\\\/renkaat\\\/tubeless-tarvikkeet\\\/tubeless-venttiilit\\\/muc-off-tubeless-valve-kit-v-2-0-silver\\\/\"]}]},{\"@type\":\"ImageObject\",\"inLanguage\":\"sv-SE\",\"@id\":\"https:\\\/\\\/vmsport.fi\\\/verkkokauppa\\\/renkaat\\\/tubeless-tarvikkeet\\\/tubeless-venttiilit\\\/muc-off-tubeless-valve-kit-v-2-0-silver\\\/#primaryimage\",\"url\":\"https:\\\/\\\/vmsport.fi\\\/wp-content\\\/uploads\\\/2025\\\/03\\\/S7d4H4WBxZiW9lYmDAY9smSe2x3KF93zqO1Fs3W6oqkDC0jDyW-1.jpg\",\"contentUrl\":\"https:\\\/\\\/vmsport.fi\\\/wp-content\\\/uploads\\\/2025\\\/03\\\/S7d4H4WBxZiW9lYmDAY9smSe2x3KF93zqO1Fs3W6oqkDC0jDyW-1.jpg\",\"width\":800,\"height\":800,\"caption\":\"S7d4H4WBxZiW9lYmDAY9smSe2x3KF93zqO1Fs3W6oqkDC0jDyW\"},{\"@type\":\"BreadcrumbList\",\"@id\":\"https:\\\/\\\/vmsport.fi\\\/verkkokauppa\\\/renkaat\\\/tubeless-tarvikkeet\\\/tubeless-venttiilit\\\/muc-off-tubeless-valve-kit-v-2-0-silver\\\/#breadcrumb\",\"itemListElement\":[{\"@type\":\"ListItem\",\"position\":1,\"name\":\"Etusivu\",\"item\":\"https:\\\/\\\/vmsport.fi\\\/\"},{\"@type\":\"ListItem\",\"position\":2,\"name\":\"Online Store\",\"item\":\"https:\\\/\\\/vmsport.fi\\\/en\\\/online-store\\\/\"},{\"@type\":\"ListItem\",\"position\":3,\"name\":\"MUC-OFF Tubeless Valve Kit V. 2.0 Silver\"}]},{\"@type\":\"WebSite\",\"@id\":\"https:\\\/\\\/vmsport.fi\\\/#website\",\"url\":\"https:\\\/\\\/vmsport.fi\\\/\",\"name\":\"Vmsport\",\"description\":\"Kaikki py\u00f6r\u00e4ilyyn yhdest\u00e4 paikasta\",\"publisher\":{\"@id\":\"https:\\\/\\\/vmsport.fi\\\/#organization\"},\"potentialAction\":[{\"@type\":\"SearchAction\",\"target\":{\"@type\":\"EntryPoint\",\"urlTemplate\":\"https:\\\/\\\/vmsport.fi\\\/?s={search_term_string}\"},\"query-input\":{\"@type\":\"PropertyValueSpecification\",\"valueRequired\":true,\"valueName\":\"search_term_string\"}}],\"inLanguage\":\"sv-SE\"},{\"@type\":\"Organization\",\"@id\":\"https:\\\/\\\/vmsport.fi\\\/#organization\",\"name\":\"Vmsport\",\"url\":\"https:\\\/\\\/vmsport.fi\\\/\",\"logo\":{\"@type\":\"ImageObject\",\"inLanguage\":\"sv-SE\",\"@id\":\"https:\\\/\\\/vmsport.fi\\\/#\\\/schema\\\/logo\\\/image\\\/\",\"url\":\"https:\\\/\\\/vmsport.fi\\\/wp-content\\\/uploads\\\/2024\\\/12\\\/vm_sport_RGB_horisontal-e1734526017575.png\",\"contentUrl\":\"https:\\\/\\\/vmsport.fi\\\/wp-content\\\/uploads\\\/2024\\\/12\\\/vm_sport_RGB_horisontal-e1734526017575.png\",\"width\":668,\"height\":85,\"caption\":\"Vmsport\"},\"image\":{\"@id\":\"https:\\\/\\\/vmsport.fi\\\/#\\\/schema\\\/logo\\\/image\\\/\"},\"sameAs\":[\"https:\\\/\\\/www.facebook.com\\\/Vmsport.fi\\\/\",\"https:\\\/\\\/www.instagram.com\\\/vmsport\\\/\"]}]}<\/script>\n<!-- \/ Yoast SEO plugin. -->","yoast_head_json":{"title":"MUC-OFF slangl\u00f6s ventilsats V. 2.0 Silver - VM Sport","robots":{"index":"index","follow":"follow","max-snippet":"max-snippet:-1","max-image-preview":"max-image-preview:large","max-video-preview":"max-video-preview:-1"},"canonical":"https:\/\/vmsport.fi\/sv\/webbutik\/dack\/slanglosa-tillbehor\/slanglosa-ventiler\/muc-off-slanglos-ventilsats-v-2-0-silver\/","og_locale":"sv_SE","og_type":"article","og_title":"MUC-OFF Tubeless Valve Kit V. 2.0 Silver - VM Sport","og_description":"MUC-OFF Tubeless Valve Kit V. 2.0 on t\u00e4ydellinen lis\u00e4varuste tubeless-rengasj\u00e4rjestelmille, mik\u00e4 tekee siit\u00e4 erinomaisen valinnan vaativille py\u00f6r\u00e4ilij\u00f6ille. Versio 2.0 edustaa kehittynytt\u00e4 suunnittelua, ja hopeinen v\u00e4ri tuo tyylikkyytt\u00e4 mihin tahansa py\u00f6r\u00e4\u00e4n. T\u00e4m\u00e4 venttiilisarja on suunniteltu parantamaan ajokokemusta luotettavuutensa ansiosta. Innovatiivinen muotoilu varmistaa optimaalisen ilmanpid\u00e4tyksen, kun taas kest\u00e4v\u00e4 rakenne takaa pitk\u00e4n k\u00e4ytt\u00f6i\u00e4n. Helppo asennus s\u00e4\u00e4st\u00e4\u00e4 aikaa, mik\u00e4 [...]L\u00e4s mer \u2026 from MUC-OFF Tubeless Valve Kit V. 2.0 Silver","og_url":"https:\/\/vmsport.fi\/sv\/webbutik\/dack\/slanglosa-tillbehor\/slanglosa-ventiler\/muc-off-slanglos-ventilsats-v-2-0-silver\/","og_site_name":"VM Sport","article_publisher":"https:\/\/www.facebook.com\/Vmsport.fi\/","article_modified_time":"2026-01-16T11:22:42+00:00","og_image":[{"width":800,"height":800,"url":"https:\/\/vmsport.fi\/wp-content\/uploads\/2025\/03\/S7d4H4WBxZiW9lYmDAY9smSe2x3KF93zqO1Fs3W6oqkDC0jDyW-1.jpg","type":"image\/jpeg"}],"twitter_card":"summary_large_image","schema":{"@context":"https:\/\/schema.org","@graph":[{"@type":["WebPage","ItemPage"],"@id":"https:\/\/vmsport.fi\/verkkokauppa\/renkaat\/tubeless-tarvikkeet\/tubeless-venttiilit\/muc-off-tubeless-valve-kit-v-2-0-silver\/","url":"https:\/\/vmsport.fi\/verkkokauppa\/renkaat\/tubeless-tarvikkeet\/tubeless-venttiilit\/muc-off-tubeless-valve-kit-v-2-0-silver\/","name":"MUC-OFF slangl\u00f6s ventilsats V. 2.0 Silver - VM Sport","isPartOf":{"@id":"https:\/\/vmsport.fi\/#website"},"primaryImageOfPage":{"@id":"https:\/\/vmsport.fi\/verkkokauppa\/renkaat\/tubeless-tarvikkeet\/tubeless-venttiilit\/muc-off-tubeless-valve-kit-v-2-0-silver\/#primaryimage"},"image":{"@id":"https:\/\/vmsport.fi\/verkkokauppa\/renkaat\/tubeless-tarvikkeet\/tubeless-venttiilit\/muc-off-tubeless-valve-kit-v-2-0-silver\/#primaryimage"},"thumbnailUrl":"https:\/\/vmsport.fi\/wp-content\/uploads\/2025\/03\/S7d4H4WBxZiW9lYmDAY9smSe2x3KF93zqO1Fs3W6oqkDC0jDyW-1.jpg","datePublished":"2025-03-05T21:31:49+00:00","dateModified":"2026-01-16T11:22:42+00:00","breadcrumb":{"@id":"https:\/\/vmsport.fi\/verkkokauppa\/renkaat\/tubeless-tarvikkeet\/tubeless-venttiilit\/muc-off-tubeless-valve-kit-v-2-0-silver\/#breadcrumb"},"inLanguage":"sv-SE","potentialAction":[{"@type":"ReadAction","target":["https:\/\/vmsport.fi\/verkkokauppa\/renkaat\/tubeless-tarvikkeet\/tubeless-venttiilit\/muc-off-tubeless-valve-kit-v-2-0-silver\/"]}]},{"@type":"ImageObject","inLanguage":"sv-SE","@id":"https:\/\/vmsport.fi\/verkkokauppa\/renkaat\/tubeless-tarvikkeet\/tubeless-venttiilit\/muc-off-tubeless-valve-kit-v-2-0-silver\/#primaryimage","url":"https:\/\/vmsport.fi\/wp-content\/uploads\/2025\/03\/S7d4H4WBxZiW9lYmDAY9smSe2x3KF93zqO1Fs3W6oqkDC0jDyW-1.jpg","contentUrl":"https:\/\/vmsport.fi\/wp-content\/uploads\/2025\/03\/S7d4H4WBxZiW9lYmDAY9smSe2x3KF93zqO1Fs3W6oqkDC0jDyW-1.jpg","width":800,"height":800,"caption":"S7d4H4WBxZiW9lYmDAY9smSe2x3KF93zqO1Fs3W6oqkDC0jDyW"},{"@type":"BreadcrumbList","@id":"https:\/\/vmsport.fi\/verkkokauppa\/renkaat\/tubeless-tarvikkeet\/tubeless-venttiilit\/muc-off-tubeless-valve-kit-v-2-0-silver\/#breadcrumb","itemListElement":[{"@type":"ListItem","position":1,"name":"Etusivu","item":"https:\/\/vmsport.fi\/"},{"@type":"ListItem","position":2,"name":"Online Store","item":"https:\/\/vmsport.fi\/en\/online-store\/"},{"@type":"ListItem","position":3,"name":"MUC-OFF Tubeless Valve Kit V. 2.0 Silver"}]},{"@type":"WebSite","@id":"https:\/\/vmsport.fi\/#website","url":"https:\/\/vmsport.fi\/","name":"Vmsport","description":"Allt p\u00e5 ett st\u00e4lle f\u00f6r cykling","publisher":{"@id":"https:\/\/vmsport.fi\/#organization"},"potentialAction":[{"@type":"SearchAction","target":{"@type":"EntryPoint","urlTemplate":"https:\/\/vmsport.fi\/?s={search_term_string}"},"query-input":{"@type":"PropertyValueSpecification","valueRequired":true,"valueName":"search_term_string"}}],"inLanguage":"sv-SE"},{"@type":"Organization","@id":"https:\/\/vmsport.fi\/#organization","name":"Vmsport","url":"https:\/\/vmsport.fi\/","logo":{"@type":"ImageObject","inLanguage":"sv-SE","@id":"https:\/\/vmsport.fi\/#\/schema\/logo\/image\/","url":"https:\/\/vmsport.fi\/wp-content\/uploads\/2024\/12\/vm_sport_RGB_horisontal-e1734526017575.png","contentUrl":"https:\/\/vmsport.fi\/wp-content\/uploads\/2024\/12\/vm_sport_RGB_horisontal-e1734526017575.png","width":668,"height":85,"caption":"Vmsport"},"image":{"@id":"https:\/\/vmsport.fi\/#\/schema\/logo\/image\/"},"sameAs":["https:\/\/www.facebook.com\/Vmsport.fi\/","https:\/\/www.instagram.com\/vmsport\/"]}]}},"global_unique_id":"","_links":{"self":[{"href":"https:\/\/vmsport.fi\/sv\/wp-json\/wp\/v2\/product\/52564","targetHints":{"allow":["GET"]}}],"collection":[{"href":"https:\/\/vmsport.fi\/sv\/wp-json\/wp\/v2\/product"}],"about":[{"href":"https:\/\/vmsport.fi\/sv\/wp-json\/wp\/v2\/types\/product"}],"replies":[{"embeddable":true,"href":"https:\/\/vmsport.fi\/sv\/wp-json\/wp\/v2\/comments?post=52564"}],"wp:featuredmedia":[{"embeddable":true,"href":"https:\/\/vmsport.fi\/sv\/wp-json\/wp\/v2\/media\/52563"}],"wp:attachment":[{"href":"https:\/\/vmsport.fi\/sv\/wp-json\/wp\/v2\/media?parent=52564"}],"wp:term":[{"taxonomy":"product_brand","embeddable":true,"href":"https:\/\/vmsport.fi\/sv\/wp-json\/wp\/v2\/product_brand?post=52564"},{"taxonomy":"product_model","embeddable":true,"href":"https:\/\/vmsport.fi\/sv\/wp-json\/wp\/v2\/product_model?post=52564"},{"taxonomy":"product_cat","embeddable":true,"href":"https:\/\/vmsport.fi\/sv\/wp-json\/wp\/v2\/product_cat?post=52564"},{"taxonomy":"product_tag","embeddable":true,"href":"https:\/\/vmsport.fi\/sv\/wp-json\/wp\/v2\/product_tag?post=52564"},{"taxonomy":"industry_terminology","embeddable":true,"href":"https:\/\/vmsport.fi\/sv\/wp-json\/wp\/v2\/industry-terminology?post=52564"}],"curies":[{"name":"wp","href":"https:\/\/api.w.org\/{rel}","templated":true}]}}