{"id":52555,"date":"2025-03-05T23:31:40","date_gmt":"2025-03-05T21:31:40","guid":{"rendered":"https:\/\/vmsport.fi\/verkkokauppa\/Ei-luokiteltu\/ohjaustanko-lt-rise-720mm-20mm-nousu\/"},"modified":"2026-04-22T15:06:16","modified_gmt":"2026-04-22T12:06:16","slug":"ohjaustanko-lt-rise-720mm-20mm-nousu","status":"publish","type":"product","link":"https:\/\/vmsport.fi\/sv\/verkkokauppa\/varaosat\/ohjaamo\/ohjaustangot\/ohjaustanko-lt-rise-720mm-20mm-nousu\/","title":{"rendered":"Styrst\u00e5ng LT Rise 720 mm, 20 mm stigning"},"content":{"rendered":"<p>Ohjaustanko LT Rise 720mm, 20mm nousulla on suunniteltu tarjoamaan optimaalisen tasapainon kest\u00e4vyyden ja suorituskyvyn v\u00e4lill\u00e4. Valmistettu kest\u00e4vyytt\u00e4 ja korroosionkest\u00e4vyytt\u00e4 tarjoavasta anodisoidusta 6061-alumiinista, t\u00e4m\u00e4 ohjaustanko takaa pitk\u00e4ik\u00e4isen k\u00e4yt\u00f6n. 720 mm leve\u00e4 muotoilu takaa vakaan ja hallitun ajokokemuksen, kun taas ergonominen 20 mm nousu parantaa ajomukavuutta erityisesti pitkill\u00e4 matkoilla. Ohjaustanko on yhteensopiva useimpien standardikiinnikkeiden kanssa, kiitos 31,8 mm halkaisijan. Kevyt, vain 335 grammaa painava ohjaustanko parantaa py\u00f6r\u00e4n k\u00e4sitelt\u00e4vyytt\u00e4 ilman lujuudesta tinkimist\u00e4.<\/p>","protected":false},"excerpt":{"rendered":"<p>Ohjaustanko LT Rise 720mm, 20mm nousulla on suunniteltu tarjoamaan optimaalisen tasapainon kest\u00e4vyyden ja suorituskyvyn v\u00e4lill\u00e4. Valmistettu kest\u00e4vyytt\u00e4 ja korroosionkest\u00e4vyytt\u00e4 tarjoavasta anodisoidusta 6061-alumiinista, t\u00e4m\u00e4 ohjaustanko takaa pitk\u00e4ik\u00e4isen k\u00e4yt\u00f6n. 720 mm leve\u00e4 muotoilu takaa vakaan ja hallitun ajokokemuksen, kun taas ergonominen 20 mm nousu parantaa ajomukavuutta erityisesti pitkill\u00e4 matkoilla. Ohjaustanko on yhteensopiva useimpien standardikiinnikkeiden kanssa, kiitos 31,8 [&#8230;]<\/p>\n<p><a class=\"btn btn-secondary understrap-read-more-link\" href=\"https:\/\/vmsport.fi\/sv\/verkkokauppa\/varaosat\/ohjaamo\/ohjaustangot\/ohjaustanko-lt-rise-720mm-20mm-nousu\/\">L\u00e4s mer \u2026<span class=\"screen-reader-text\"> from Ohjaustanko LT Rise 720mm, 20mm nousu<\/span><\/a><\/p>\n","protected":false},"featured_media":52554,"comment_status":"open","ping_status":"closed","template":"","meta":{"_acf_changed":false,"_improvement_type_select":"improve_an_existing","_thumb_yes_seoaic":false,"_frame_yes_seoaic":false,"seoaic_generate_description":"","seoaic_improve_instructions_prompt":"","seoaic_rollback_content_improvement":"","seoaic_idea_thumbnail_generator":"","thumbnail_generated":false,"thumbnail_generate_prompt":"","seoaic_article_description":"","_supplier_stock_quantity":0},"product_brand":[],"product_model":[],"product_cat":[9490],"product_tag":[],"industry-terminology":[],"class_list":{"0":"post-52555","1":"product","2":"type-product","3":"status-publish","4":"has-post-thumbnail","6":"product_cat-ohjaustangot","8":"first","9":"outofstock","10":"taxable","11":"shipping-taxable","12":"product-type-simple"},"acf":{"bike_features":null,"overview":{"copy_overview":null,"key_features":null,"statement":"","youtube_url":""}},"yoast_head":"<!-- This site is optimized with the Yoast SEO plugin v27.4 - https:\/\/yoast.com\/product\/yoast-seo-wordpress\/ -->\n<title>Ohjaustanko LT Rise 720mm, 20mm nousu - VM Sport<\/title>\n<meta name=\"robots\" content=\"index, follow, max-snippet:-1, max-image-preview:large, max-video-preview:-1\" \/>\n<link rel=\"canonical\" href=\"https:\/\/vmsport.fi\/sv\/webbutik\/reservdelar\/taxi\/styrstanger\/ohjaustanko-lt-rise-720mm-20mm-nousu\/\" \/>\n<meta property=\"og:locale\" content=\"sv_SE\" \/>\n<meta property=\"og:type\" content=\"article\" \/>\n<meta property=\"og:title\" content=\"Ohjaustanko LT Rise 720mm, 20mm nousu - VM Sport\" \/>\n<meta property=\"og:description\" content=\"Ohjaustanko LT Rise 720mm, 20mm nousulla on suunniteltu tarjoamaan optimaalisen tasapainon kest\u00e4vyyden ja suorituskyvyn v\u00e4lill\u00e4. Valmistettu kest\u00e4vyytt\u00e4 ja korroosionkest\u00e4vyytt\u00e4 tarjoavasta anodisoidusta 6061-alumiinista, t\u00e4m\u00e4 ohjaustanko takaa pitk\u00e4ik\u00e4isen k\u00e4yt\u00f6n. 720 mm leve\u00e4 muotoilu takaa vakaan ja hallitun ajokokemuksen, kun taas ergonominen 20 mm nousu parantaa ajomukavuutta erityisesti pitkill\u00e4 matkoilla. Ohjaustanko on yhteensopiva useimpien standardikiinnikkeiden kanssa, kiitos 31,8 [...]L\u00e4s mer \u2026 from Ohjaustanko LT Rise 720mm, 20mm nousu\" \/>\n<meta property=\"og:url\" content=\"https:\/\/vmsport.fi\/sv\/webbutik\/reservdelar\/taxi\/styrstanger\/ohjaustanko-lt-rise-720mm-20mm-nousu\/\" \/>\n<meta property=\"og:site_name\" content=\"VM Sport\" \/>\n<meta property=\"article:publisher\" content=\"https:\/\/www.facebook.com\/Vmsport.fi\/\" \/>\n<meta property=\"article:modified_time\" content=\"2026-04-22T12:06:16+00:00\" \/>\n<meta property=\"og:image\" content=\"https:\/\/vmsport.fi\/wp-content\/uploads\/2025\/03\/PMzNGGPfyQzJnPrRwM7Ega3GH6bFbqMw3YJ07Ie3pYZ4b68UZg-1.jpg\" \/>\n\t<meta property=\"og:image:width\" content=\"600\" \/>\n\t<meta property=\"og:image:height\" content=\"600\" \/>\n\t<meta property=\"og:image:type\" content=\"image\/jpeg\" \/>\n<meta name=\"twitter:card\" content=\"summary_large_image\" \/>\n<script type=\"application\/ld+json\" class=\"yoast-schema-graph\">{\"@context\":\"https:\\\/\\\/schema.org\",\"@graph\":[{\"@type\":[\"WebPage\",\"ItemPage\"],\"@id\":\"https:\\\/\\\/vmsport.fi\\\/verkkokauppa\\\/varaosat\\\/ohjaamo\\\/ohjaustangot\\\/ohjaustanko-lt-rise-720mm-20mm-nousu\\\/\",\"url\":\"https:\\\/\\\/vmsport.fi\\\/verkkokauppa\\\/varaosat\\\/ohjaamo\\\/ohjaustangot\\\/ohjaustanko-lt-rise-720mm-20mm-nousu\\\/\",\"name\":\"Ohjaustanko LT Rise 720mm, 20mm nousu - VM Sport\",\"isPartOf\":{\"@id\":\"https:\\\/\\\/vmsport.fi\\\/#website\"},\"primaryImageOfPage\":{\"@id\":\"https:\\\/\\\/vmsport.fi\\\/verkkokauppa\\\/varaosat\\\/ohjaamo\\\/ohjaustangot\\\/ohjaustanko-lt-rise-720mm-20mm-nousu\\\/#primaryimage\"},\"image\":{\"@id\":\"https:\\\/\\\/vmsport.fi\\\/verkkokauppa\\\/varaosat\\\/ohjaamo\\\/ohjaustangot\\\/ohjaustanko-lt-rise-720mm-20mm-nousu\\\/#primaryimage\"},\"thumbnailUrl\":\"https:\\\/\\\/vmsport.fi\\\/wp-content\\\/uploads\\\/2025\\\/03\\\/PMzNGGPfyQzJnPrRwM7Ega3GH6bFbqMw3YJ07Ie3pYZ4b68UZg-1.jpg\",\"datePublished\":\"2025-03-05T21:31:40+00:00\",\"dateModified\":\"2026-04-22T12:06:16+00:00\",\"breadcrumb\":{\"@id\":\"https:\\\/\\\/vmsport.fi\\\/verkkokauppa\\\/varaosat\\\/ohjaamo\\\/ohjaustangot\\\/ohjaustanko-lt-rise-720mm-20mm-nousu\\\/#breadcrumb\"},\"inLanguage\":\"sv-SE\",\"potentialAction\":[{\"@type\":\"ReadAction\",\"target\":[\"https:\\\/\\\/vmsport.fi\\\/verkkokauppa\\\/varaosat\\\/ohjaamo\\\/ohjaustangot\\\/ohjaustanko-lt-rise-720mm-20mm-nousu\\\/\"]}]},{\"@type\":\"ImageObject\",\"inLanguage\":\"sv-SE\",\"@id\":\"https:\\\/\\\/vmsport.fi\\\/verkkokauppa\\\/varaosat\\\/ohjaamo\\\/ohjaustangot\\\/ohjaustanko-lt-rise-720mm-20mm-nousu\\\/#primaryimage\",\"url\":\"https:\\\/\\\/vmsport.fi\\\/wp-content\\\/uploads\\\/2025\\\/03\\\/PMzNGGPfyQzJnPrRwM7Ega3GH6bFbqMw3YJ07Ie3pYZ4b68UZg-1.jpg\",\"contentUrl\":\"https:\\\/\\\/vmsport.fi\\\/wp-content\\\/uploads\\\/2025\\\/03\\\/PMzNGGPfyQzJnPrRwM7Ega3GH6bFbqMw3YJ07Ie3pYZ4b68UZg-1.jpg\",\"width\":600,\"height\":600,\"caption\":\"PMzNGGPfyQzJnPrRwM7Ega3GH6bFbqMw3YJ07Ie3pYZ4b68UZg\"},{\"@type\":\"BreadcrumbList\",\"@id\":\"https:\\\/\\\/vmsport.fi\\\/verkkokauppa\\\/varaosat\\\/ohjaamo\\\/ohjaustangot\\\/ohjaustanko-lt-rise-720mm-20mm-nousu\\\/#breadcrumb\",\"itemListElement\":[{\"@type\":\"ListItem\",\"position\":1,\"name\":\"Etusivu\",\"item\":\"https:\\\/\\\/vmsport.fi\\\/\"},{\"@type\":\"ListItem\",\"position\":2,\"name\":\"Online Store\",\"item\":\"https:\\\/\\\/vmsport.fi\\\/en\\\/online-store\\\/\"},{\"@type\":\"ListItem\",\"position\":3,\"name\":\"Ohjaustanko LT Rise 720mm, 20mm nousu\"}]},{\"@type\":\"WebSite\",\"@id\":\"https:\\\/\\\/vmsport.fi\\\/#website\",\"url\":\"https:\\\/\\\/vmsport.fi\\\/\",\"name\":\"Vmsport\",\"description\":\"Kaikki py\u00f6r\u00e4ilyyn yhdest\u00e4 paikasta\",\"publisher\":{\"@id\":\"https:\\\/\\\/vmsport.fi\\\/#organization\"},\"potentialAction\":[{\"@type\":\"SearchAction\",\"target\":{\"@type\":\"EntryPoint\",\"urlTemplate\":\"https:\\\/\\\/vmsport.fi\\\/?s={search_term_string}\"},\"query-input\":{\"@type\":\"PropertyValueSpecification\",\"valueRequired\":true,\"valueName\":\"search_term_string\"}}],\"inLanguage\":\"sv-SE\"},{\"@type\":\"Organization\",\"@id\":\"https:\\\/\\\/vmsport.fi\\\/#organization\",\"name\":\"Vmsport\",\"url\":\"https:\\\/\\\/vmsport.fi\\\/\",\"logo\":{\"@type\":\"ImageObject\",\"inLanguage\":\"sv-SE\",\"@id\":\"https:\\\/\\\/vmsport.fi\\\/#\\\/schema\\\/logo\\\/image\\\/\",\"url\":\"https:\\\/\\\/vmsport.fi\\\/wp-content\\\/uploads\\\/2024\\\/12\\\/vm_sport_RGB_horisontal-e1734526017575.png\",\"contentUrl\":\"https:\\\/\\\/vmsport.fi\\\/wp-content\\\/uploads\\\/2024\\\/12\\\/vm_sport_RGB_horisontal-e1734526017575.png\",\"width\":668,\"height\":85,\"caption\":\"Vmsport\"},\"image\":{\"@id\":\"https:\\\/\\\/vmsport.fi\\\/#\\\/schema\\\/logo\\\/image\\\/\"},\"sameAs\":[\"https:\\\/\\\/www.facebook.com\\\/Vmsport.fi\\\/\",\"https:\\\/\\\/www.instagram.com\\\/vmsport\\\/\"]}]}<\/script>\n<!-- \/ Yoast SEO plugin. -->","yoast_head_json":{"title":"Ohjaustanko LT Rise 720mm, 20mm nousu - VM Sport","robots":{"index":"index","follow":"follow","max-snippet":"max-snippet:-1","max-image-preview":"max-image-preview:large","max-video-preview":"max-video-preview:-1"},"canonical":"https:\/\/vmsport.fi\/sv\/webbutik\/reservdelar\/taxi\/styrstanger\/ohjaustanko-lt-rise-720mm-20mm-nousu\/","og_locale":"sv_SE","og_type":"article","og_title":"Ohjaustanko LT Rise 720mm, 20mm nousu - VM Sport","og_description":"Ohjaustanko LT Rise 720mm, 20mm nousulla on suunniteltu tarjoamaan optimaalisen tasapainon kest\u00e4vyyden ja suorituskyvyn v\u00e4lill\u00e4. Valmistettu kest\u00e4vyytt\u00e4 ja korroosionkest\u00e4vyytt\u00e4 tarjoavasta anodisoidusta 6061-alumiinista, t\u00e4m\u00e4 ohjaustanko takaa pitk\u00e4ik\u00e4isen k\u00e4yt\u00f6n. 720 mm leve\u00e4 muotoilu takaa vakaan ja hallitun ajokokemuksen, kun taas ergonominen 20 mm nousu parantaa ajomukavuutta erityisesti pitkill\u00e4 matkoilla. Ohjaustanko on yhteensopiva useimpien standardikiinnikkeiden kanssa, kiitos 31,8 [...]L\u00e4s mer \u2026 from Ohjaustanko LT Rise 720mm, 20mm nousu","og_url":"https:\/\/vmsport.fi\/sv\/webbutik\/reservdelar\/taxi\/styrstanger\/ohjaustanko-lt-rise-720mm-20mm-nousu\/","og_site_name":"VM Sport","article_publisher":"https:\/\/www.facebook.com\/Vmsport.fi\/","article_modified_time":"2026-04-22T12:06:16+00:00","og_image":[{"width":600,"height":600,"url":"https:\/\/vmsport.fi\/wp-content\/uploads\/2025\/03\/PMzNGGPfyQzJnPrRwM7Ega3GH6bFbqMw3YJ07Ie3pYZ4b68UZg-1.jpg","type":"image\/jpeg"}],"twitter_card":"summary_large_image","schema":{"@context":"https:\/\/schema.org","@graph":[{"@type":["WebPage","ItemPage"],"@id":"https:\/\/vmsport.fi\/verkkokauppa\/varaosat\/ohjaamo\/ohjaustangot\/ohjaustanko-lt-rise-720mm-20mm-nousu\/","url":"https:\/\/vmsport.fi\/verkkokauppa\/varaosat\/ohjaamo\/ohjaustangot\/ohjaustanko-lt-rise-720mm-20mm-nousu\/","name":"Ohjaustanko LT Rise 720mm, 20mm nousu - VM Sport","isPartOf":{"@id":"https:\/\/vmsport.fi\/#website"},"primaryImageOfPage":{"@id":"https:\/\/vmsport.fi\/verkkokauppa\/varaosat\/ohjaamo\/ohjaustangot\/ohjaustanko-lt-rise-720mm-20mm-nousu\/#primaryimage"},"image":{"@id":"https:\/\/vmsport.fi\/verkkokauppa\/varaosat\/ohjaamo\/ohjaustangot\/ohjaustanko-lt-rise-720mm-20mm-nousu\/#primaryimage"},"thumbnailUrl":"https:\/\/vmsport.fi\/wp-content\/uploads\/2025\/03\/PMzNGGPfyQzJnPrRwM7Ega3GH6bFbqMw3YJ07Ie3pYZ4b68UZg-1.jpg","datePublished":"2025-03-05T21:31:40+00:00","dateModified":"2026-04-22T12:06:16+00:00","breadcrumb":{"@id":"https:\/\/vmsport.fi\/verkkokauppa\/varaosat\/ohjaamo\/ohjaustangot\/ohjaustanko-lt-rise-720mm-20mm-nousu\/#breadcrumb"},"inLanguage":"sv-SE","potentialAction":[{"@type":"ReadAction","target":["https:\/\/vmsport.fi\/verkkokauppa\/varaosat\/ohjaamo\/ohjaustangot\/ohjaustanko-lt-rise-720mm-20mm-nousu\/"]}]},{"@type":"ImageObject","inLanguage":"sv-SE","@id":"https:\/\/vmsport.fi\/verkkokauppa\/varaosat\/ohjaamo\/ohjaustangot\/ohjaustanko-lt-rise-720mm-20mm-nousu\/#primaryimage","url":"https:\/\/vmsport.fi\/wp-content\/uploads\/2025\/03\/PMzNGGPfyQzJnPrRwM7Ega3GH6bFbqMw3YJ07Ie3pYZ4b68UZg-1.jpg","contentUrl":"https:\/\/vmsport.fi\/wp-content\/uploads\/2025\/03\/PMzNGGPfyQzJnPrRwM7Ega3GH6bFbqMw3YJ07Ie3pYZ4b68UZg-1.jpg","width":600,"height":600,"caption":"PMzNGGPfyQzJnPrRwM7Ega3GH6bFbqMw3YJ07Ie3pYZ4b68UZg"},{"@type":"BreadcrumbList","@id":"https:\/\/vmsport.fi\/verkkokauppa\/varaosat\/ohjaamo\/ohjaustangot\/ohjaustanko-lt-rise-720mm-20mm-nousu\/#breadcrumb","itemListElement":[{"@type":"ListItem","position":1,"name":"Etusivu","item":"https:\/\/vmsport.fi\/"},{"@type":"ListItem","position":2,"name":"Online Store","item":"https:\/\/vmsport.fi\/en\/online-store\/"},{"@type":"ListItem","position":3,"name":"Ohjaustanko LT Rise 720mm, 20mm nousu"}]},{"@type":"WebSite","@id":"https:\/\/vmsport.fi\/#website","url":"https:\/\/vmsport.fi\/","name":"Vmsport","description":"Allt p\u00e5 ett st\u00e4lle f\u00f6r cykling","publisher":{"@id":"https:\/\/vmsport.fi\/#organization"},"potentialAction":[{"@type":"SearchAction","target":{"@type":"EntryPoint","urlTemplate":"https:\/\/vmsport.fi\/?s={search_term_string}"},"query-input":{"@type":"PropertyValueSpecification","valueRequired":true,"valueName":"search_term_string"}}],"inLanguage":"sv-SE"},{"@type":"Organization","@id":"https:\/\/vmsport.fi\/#organization","name":"Vmsport","url":"https:\/\/vmsport.fi\/","logo":{"@type":"ImageObject","inLanguage":"sv-SE","@id":"https:\/\/vmsport.fi\/#\/schema\/logo\/image\/","url":"https:\/\/vmsport.fi\/wp-content\/uploads\/2024\/12\/vm_sport_RGB_horisontal-e1734526017575.png","contentUrl":"https:\/\/vmsport.fi\/wp-content\/uploads\/2024\/12\/vm_sport_RGB_horisontal-e1734526017575.png","width":668,"height":85,"caption":"Vmsport"},"image":{"@id":"https:\/\/vmsport.fi\/#\/schema\/logo\/image\/"},"sameAs":["https:\/\/www.facebook.com\/Vmsport.fi\/","https:\/\/www.instagram.com\/vmsport\/"]}]}},"global_unique_id":"","_links":{"self":[{"href":"https:\/\/vmsport.fi\/sv\/wp-json\/wp\/v2\/product\/52555","targetHints":{"allow":["GET"]}}],"collection":[{"href":"https:\/\/vmsport.fi\/sv\/wp-json\/wp\/v2\/product"}],"about":[{"href":"https:\/\/vmsport.fi\/sv\/wp-json\/wp\/v2\/types\/product"}],"replies":[{"embeddable":true,"href":"https:\/\/vmsport.fi\/sv\/wp-json\/wp\/v2\/comments?post=52555"}],"wp:featuredmedia":[{"embeddable":true,"href":"https:\/\/vmsport.fi\/sv\/wp-json\/wp\/v2\/media\/52554"}],"wp:attachment":[{"href":"https:\/\/vmsport.fi\/sv\/wp-json\/wp\/v2\/media?parent=52555"}],"wp:term":[{"taxonomy":"product_brand","embeddable":true,"href":"https:\/\/vmsport.fi\/sv\/wp-json\/wp\/v2\/product_brand?post=52555"},{"taxonomy":"product_model","embeddable":true,"href":"https:\/\/vmsport.fi\/sv\/wp-json\/wp\/v2\/product_model?post=52555"},{"taxonomy":"product_cat","embeddable":true,"href":"https:\/\/vmsport.fi\/sv\/wp-json\/wp\/v2\/product_cat?post=52555"},{"taxonomy":"product_tag","embeddable":true,"href":"https:\/\/vmsport.fi\/sv\/wp-json\/wp\/v2\/product_tag?post=52555"},{"taxonomy":"industry_terminology","embeddable":true,"href":"https:\/\/vmsport.fi\/sv\/wp-json\/wp\/v2\/industry-terminology?post=52555"}],"curies":[{"name":"wp","href":"https:\/\/api.w.org\/{rel}","templated":true}]}}