{"id":52553,"date":"2025-03-05T23:31:40","date_gmt":"2025-03-05T21:31:40","guid":{"rendered":"https:\/\/vmsport.fi\/verkkokauppa\/Ei-luokiteltu\/fox-ranger-2-5l-water-jacket-black\/"},"modified":"2026-03-05T10:05:25","modified_gmt":"2026-03-05T08:05:25","slug":"fox-ranger-2-5l-vattenjacka-svart","status":"publish","type":"product","link":"https:\/\/vmsport.fi\/sv\/verkkokauppa\/ajovarusteet\/vaatteet\/takit-ja-liivit\/fox-ranger-2-5l-water-jacket-black\/","title":{"rendered":"FOX RANGER 2.5L VATTENJACKA SVART"},"content":{"rendered":"<p>FOX Ranger 2.5L jacka i svart ger utm\u00e4rkt skydd under varierande v\u00e4derf\u00f6rh\u00e5llanden. Jackan \u00e4r tillverkad av ett slitstarkt material som effektivt hindrar fukt fr\u00e5n att tr\u00e4nga in i jackans inre. R\u00f6rligheten har beaktats i en innovativ sk\u00e4rning som garanterar komfort under aktiv r\u00f6relse. Den justerbara huvan och den h\u00f6ga kragen f\u00f6rb\u00e4ttrar skyddet mot vind och regn, vilket g\u00f6r jackan till en idealisk f\u00f6ljeslagare utomhus. Trots sin l\u00e4tta konstruktion kompromissar jackan inte med sina skyddande egenskaper och kan enkelt packas undan n\u00e4r den beh\u00f6vs.<\/p>","protected":false},"excerpt":{"rendered":"<p>FOX Ranger 2.5L -takki, joka on musta, tarjoaa erinomaisen suojan vaihtelevissa s\u00e4\u00e4olosuhteissa. T\u00e4m\u00e4 takki on valmistettu kest\u00e4v\u00e4st\u00e4 materiaalista, mik\u00e4 est\u00e4\u00e4 tehokkaasti kosteuden p\u00e4\u00e4syn sen sis\u00e4puolelle. Liikkuvuus on otettu huomioon innovatiivisessa leikkauksessa, mik\u00e4 takaa mukavuuden aktiivisessa liikkeess\u00e4. Hupun s\u00e4\u00e4dett\u00e4vyys ja korkea kaulus tehostavat suojaa tuulta ja sadetta vastaan, tehden takista ihanteellisen ulkoilukaverin. Vaikka takki on kevytrakenteinen, [&#8230;]<\/p>\n<p><a class=\"btn btn-secondary understrap-read-more-link\" href=\"https:\/\/vmsport.fi\/sv\/verkkokauppa\/ajovarusteet\/vaatteet\/takit-ja-liivit\/fox-ranger-2-5l-water-jacket-black\/\">L\u00e4s mer \u2026<span class=\"screen-reader-text\"> from FOX RANGER 2.5L WATER JACKET BLACK<\/span><\/a><\/p>\n","protected":false},"featured_media":52552,"comment_status":"open","ping_status":"closed","template":"","meta":{"_acf_changed":false,"_improvement_type_select":"improve_an_existing","_thumb_yes_seoaic":false,"_frame_yes_seoaic":false,"seoaic_generate_description":"","seoaic_improve_instructions_prompt":"","seoaic_rollback_content_improvement":"","seoaic_idea_thumbnail_generator":"","thumbnail_generated":false,"thumbnail_generate_prompt":"","seoaic_article_description":"","_supplier_stock_quantity":0},"product_brand":[45],"product_model":[],"product_cat":[9458],"product_tag":[],"industry-terminology":[],"class_list":{"0":"post-52553","1":"product","2":"type-product","3":"status-publish","4":"has-post-thumbnail","6":"product_brand-fox","7":"product_cat-takit-ja-liivit","9":"first","10":"outofstock","11":"sale","12":"taxable","13":"shipping-taxable","14":"product-type-variable"},"acf":{"bike_features":null,"overview":{"copy_overview":null,"key_features":null,"statement":"","youtube_url":""}},"yoast_head":"<!-- This site is optimized with the Yoast SEO plugin v27.3 - https:\/\/yoast.com\/product\/yoast-seo-wordpress\/ -->\n<title>FOX RANGER 2.5L WATER JACKET BLACK - VM Sport<\/title>\n<meta name=\"robots\" content=\"index, follow, max-snippet:-1, max-image-preview:large, max-video-preview:-1\" \/>\n<link rel=\"canonical\" href=\"https:\/\/vmsport.fi\/sv\/webbutik\/korutrustning\/klader\/jackor-och-vastar\/fox-ranger-2-5l-vattenjacka-svart\/\" \/>\n<meta property=\"og:locale\" content=\"sv_SE\" \/>\n<meta property=\"og:type\" content=\"article\" \/>\n<meta property=\"og:title\" content=\"FOX RANGER 2.5L WATER JACKET BLACK - VM Sport\" \/>\n<meta property=\"og:description\" content=\"FOX Ranger 2.5L -takki, joka on musta, tarjoaa erinomaisen suojan vaihtelevissa s\u00e4\u00e4olosuhteissa. T\u00e4m\u00e4 takki on valmistettu kest\u00e4v\u00e4st\u00e4 materiaalista, mik\u00e4 est\u00e4\u00e4 tehokkaasti kosteuden p\u00e4\u00e4syn sen sis\u00e4puolelle. Liikkuvuus on otettu huomioon innovatiivisessa leikkauksessa, mik\u00e4 takaa mukavuuden aktiivisessa liikkeess\u00e4. Hupun s\u00e4\u00e4dett\u00e4vyys ja korkea kaulus tehostavat suojaa tuulta ja sadetta vastaan, tehden takista ihanteellisen ulkoilukaverin. Vaikka takki on kevytrakenteinen, [...]L\u00e4s mer \u2026 from FOX RANGER 2.5L WATER JACKET BLACK\" \/>\n<meta property=\"og:url\" content=\"https:\/\/vmsport.fi\/sv\/webbutik\/korutrustning\/klader\/jackor-och-vastar\/fox-ranger-2-5l-vattenjacka-svart\/\" \/>\n<meta property=\"og:site_name\" content=\"VM Sport\" \/>\n<meta property=\"article:publisher\" content=\"https:\/\/www.facebook.com\/Vmsport.fi\/\" \/>\n<meta property=\"article:modified_time\" content=\"2026-03-05T08:05:25+00:00\" \/>\n<meta property=\"og:image\" content=\"https:\/\/vmsport.fi\/wp-content\/uploads\/2025\/03\/get-image-1.png\" \/>\n\t<meta property=\"og:image:width\" content=\"1000\" \/>\n\t<meta property=\"og:image:height\" content=\"1000\" \/>\n\t<meta property=\"og:image:type\" content=\"image\/png\" \/>\n<meta name=\"twitter:card\" content=\"summary_large_image\" \/>\n<script type=\"application\/ld+json\" class=\"yoast-schema-graph\">{\"@context\":\"https:\\\/\\\/schema.org\",\"@graph\":[{\"@type\":[\"WebPage\",\"ItemPage\"],\"@id\":\"https:\\\/\\\/vmsport.fi\\\/verkkokauppa\\\/ajovarusteet\\\/vaatteet\\\/takit-ja-liivit\\\/fox-ranger-2-5l-water-jacket-black\\\/\",\"url\":\"https:\\\/\\\/vmsport.fi\\\/verkkokauppa\\\/ajovarusteet\\\/vaatteet\\\/takit-ja-liivit\\\/fox-ranger-2-5l-water-jacket-black\\\/\",\"name\":\"FOX RANGER 2.5L WATER JACKET BLACK - VM Sport\",\"isPartOf\":{\"@id\":\"https:\\\/\\\/vmsport.fi\\\/#website\"},\"primaryImageOfPage\":{\"@id\":\"https:\\\/\\\/vmsport.fi\\\/verkkokauppa\\\/ajovarusteet\\\/vaatteet\\\/takit-ja-liivit\\\/fox-ranger-2-5l-water-jacket-black\\\/#primaryimage\"},\"image\":{\"@id\":\"https:\\\/\\\/vmsport.fi\\\/verkkokauppa\\\/ajovarusteet\\\/vaatteet\\\/takit-ja-liivit\\\/fox-ranger-2-5l-water-jacket-black\\\/#primaryimage\"},\"thumbnailUrl\":\"https:\\\/\\\/vmsport.fi\\\/wp-content\\\/uploads\\\/2025\\\/03\\\/get-image-1.png\",\"datePublished\":\"2025-03-05T21:31:40+00:00\",\"dateModified\":\"2026-03-05T08:05:25+00:00\",\"breadcrumb\":{\"@id\":\"https:\\\/\\\/vmsport.fi\\\/verkkokauppa\\\/ajovarusteet\\\/vaatteet\\\/takit-ja-liivit\\\/fox-ranger-2-5l-water-jacket-black\\\/#breadcrumb\"},\"inLanguage\":\"sv-SE\",\"potentialAction\":[{\"@type\":\"ReadAction\",\"target\":[\"https:\\\/\\\/vmsport.fi\\\/verkkokauppa\\\/ajovarusteet\\\/vaatteet\\\/takit-ja-liivit\\\/fox-ranger-2-5l-water-jacket-black\\\/\"]}]},{\"@type\":\"ImageObject\",\"inLanguage\":\"sv-SE\",\"@id\":\"https:\\\/\\\/vmsport.fi\\\/verkkokauppa\\\/ajovarusteet\\\/vaatteet\\\/takit-ja-liivit\\\/fox-ranger-2-5l-water-jacket-black\\\/#primaryimage\",\"url\":\"https:\\\/\\\/vmsport.fi\\\/wp-content\\\/uploads\\\/2025\\\/03\\\/get-image-1.png\",\"contentUrl\":\"https:\\\/\\\/vmsport.fi\\\/wp-content\\\/uploads\\\/2025\\\/03\\\/get-image-1.png\",\"width\":1000,\"height\":1000,\"caption\":\"get-image\"},{\"@type\":\"BreadcrumbList\",\"@id\":\"https:\\\/\\\/vmsport.fi\\\/verkkokauppa\\\/ajovarusteet\\\/vaatteet\\\/takit-ja-liivit\\\/fox-ranger-2-5l-water-jacket-black\\\/#breadcrumb\",\"itemListElement\":[{\"@type\":\"ListItem\",\"position\":1,\"name\":\"Etusivu\",\"item\":\"https:\\\/\\\/vmsport.fi\\\/\"},{\"@type\":\"ListItem\",\"position\":2,\"name\":\"Online Store\",\"item\":\"https:\\\/\\\/vmsport.fi\\\/en\\\/online-store\\\/\"},{\"@type\":\"ListItem\",\"position\":3,\"name\":\"FOX RANGER 2.5L WATER JACKET BLACK\"}]},{\"@type\":\"WebSite\",\"@id\":\"https:\\\/\\\/vmsport.fi\\\/#website\",\"url\":\"https:\\\/\\\/vmsport.fi\\\/\",\"name\":\"Vmsport\",\"description\":\"Kaikki py\u00f6r\u00e4ilyyn yhdest\u00e4 paikasta\",\"publisher\":{\"@id\":\"https:\\\/\\\/vmsport.fi\\\/#organization\"},\"potentialAction\":[{\"@type\":\"SearchAction\",\"target\":{\"@type\":\"EntryPoint\",\"urlTemplate\":\"https:\\\/\\\/vmsport.fi\\\/?s={search_term_string}\"},\"query-input\":{\"@type\":\"PropertyValueSpecification\",\"valueRequired\":true,\"valueName\":\"search_term_string\"}}],\"inLanguage\":\"sv-SE\"},{\"@type\":\"Organization\",\"@id\":\"https:\\\/\\\/vmsport.fi\\\/#organization\",\"name\":\"Vmsport\",\"url\":\"https:\\\/\\\/vmsport.fi\\\/\",\"logo\":{\"@type\":\"ImageObject\",\"inLanguage\":\"sv-SE\",\"@id\":\"https:\\\/\\\/vmsport.fi\\\/#\\\/schema\\\/logo\\\/image\\\/\",\"url\":\"https:\\\/\\\/vmsport.fi\\\/wp-content\\\/uploads\\\/2024\\\/12\\\/vm_sport_RGB_horisontal-e1734526017575.png\",\"contentUrl\":\"https:\\\/\\\/vmsport.fi\\\/wp-content\\\/uploads\\\/2024\\\/12\\\/vm_sport_RGB_horisontal-e1734526017575.png\",\"width\":668,\"height\":85,\"caption\":\"Vmsport\"},\"image\":{\"@id\":\"https:\\\/\\\/vmsport.fi\\\/#\\\/schema\\\/logo\\\/image\\\/\"},\"sameAs\":[\"https:\\\/\\\/www.facebook.com\\\/Vmsport.fi\\\/\",\"https:\\\/\\\/www.instagram.com\\\/vmsport\\\/\"]}]}<\/script>\n<!-- \/ Yoast SEO plugin. -->","yoast_head_json":{"title":"FOX RANGER 2.5L VATTENJACKA SVART - VM Sport","robots":{"index":"index","follow":"follow","max-snippet":"max-snippet:-1","max-image-preview":"max-image-preview:large","max-video-preview":"max-video-preview:-1"},"canonical":"https:\/\/vmsport.fi\/sv\/webbutik\/korutrustning\/klader\/jackor-och-vastar\/fox-ranger-2-5l-vattenjacka-svart\/","og_locale":"sv_SE","og_type":"article","og_title":"FOX RANGER 2.5L WATER JACKET BLACK - VM Sport","og_description":"FOX Ranger 2.5L -takki, joka on musta, tarjoaa erinomaisen suojan vaihtelevissa s\u00e4\u00e4olosuhteissa. T\u00e4m\u00e4 takki on valmistettu kest\u00e4v\u00e4st\u00e4 materiaalista, mik\u00e4 est\u00e4\u00e4 tehokkaasti kosteuden p\u00e4\u00e4syn sen sis\u00e4puolelle. Liikkuvuus on otettu huomioon innovatiivisessa leikkauksessa, mik\u00e4 takaa mukavuuden aktiivisessa liikkeess\u00e4. Hupun s\u00e4\u00e4dett\u00e4vyys ja korkea kaulus tehostavat suojaa tuulta ja sadetta vastaan, tehden takista ihanteellisen ulkoilukaverin. Vaikka takki on kevytrakenteinen, [...]L\u00e4s mer \u2026 from FOX RANGER 2.5L WATER JACKET BLACK","og_url":"https:\/\/vmsport.fi\/sv\/webbutik\/korutrustning\/klader\/jackor-och-vastar\/fox-ranger-2-5l-vattenjacka-svart\/","og_site_name":"VM Sport","article_publisher":"https:\/\/www.facebook.com\/Vmsport.fi\/","article_modified_time":"2026-03-05T08:05:25+00:00","og_image":[{"width":1000,"height":1000,"url":"https:\/\/vmsport.fi\/wp-content\/uploads\/2025\/03\/get-image-1.png","type":"image\/png"}],"twitter_card":"summary_large_image","schema":{"@context":"https:\/\/schema.org","@graph":[{"@type":["WebPage","ItemPage"],"@id":"https:\/\/vmsport.fi\/verkkokauppa\/ajovarusteet\/vaatteet\/takit-ja-liivit\/fox-ranger-2-5l-water-jacket-black\/","url":"https:\/\/vmsport.fi\/verkkokauppa\/ajovarusteet\/vaatteet\/takit-ja-liivit\/fox-ranger-2-5l-water-jacket-black\/","name":"FOX RANGER 2.5L VATTENJACKA SVART - VM Sport","isPartOf":{"@id":"https:\/\/vmsport.fi\/#website"},"primaryImageOfPage":{"@id":"https:\/\/vmsport.fi\/verkkokauppa\/ajovarusteet\/vaatteet\/takit-ja-liivit\/fox-ranger-2-5l-water-jacket-black\/#primaryimage"},"image":{"@id":"https:\/\/vmsport.fi\/verkkokauppa\/ajovarusteet\/vaatteet\/takit-ja-liivit\/fox-ranger-2-5l-water-jacket-black\/#primaryimage"},"thumbnailUrl":"https:\/\/vmsport.fi\/wp-content\/uploads\/2025\/03\/get-image-1.png","datePublished":"2025-03-05T21:31:40+00:00","dateModified":"2026-03-05T08:05:25+00:00","breadcrumb":{"@id":"https:\/\/vmsport.fi\/verkkokauppa\/ajovarusteet\/vaatteet\/takit-ja-liivit\/fox-ranger-2-5l-water-jacket-black\/#breadcrumb"},"inLanguage":"sv-SE","potentialAction":[{"@type":"ReadAction","target":["https:\/\/vmsport.fi\/verkkokauppa\/ajovarusteet\/vaatteet\/takit-ja-liivit\/fox-ranger-2-5l-water-jacket-black\/"]}]},{"@type":"ImageObject","inLanguage":"sv-SE","@id":"https:\/\/vmsport.fi\/verkkokauppa\/ajovarusteet\/vaatteet\/takit-ja-liivit\/fox-ranger-2-5l-water-jacket-black\/#primaryimage","url":"https:\/\/vmsport.fi\/wp-content\/uploads\/2025\/03\/get-image-1.png","contentUrl":"https:\/\/vmsport.fi\/wp-content\/uploads\/2025\/03\/get-image-1.png","width":1000,"height":1000,"caption":"get-image"},{"@type":"BreadcrumbList","@id":"https:\/\/vmsport.fi\/verkkokauppa\/ajovarusteet\/vaatteet\/takit-ja-liivit\/fox-ranger-2-5l-water-jacket-black\/#breadcrumb","itemListElement":[{"@type":"ListItem","position":1,"name":"Etusivu","item":"https:\/\/vmsport.fi\/"},{"@type":"ListItem","position":2,"name":"Online Store","item":"https:\/\/vmsport.fi\/en\/online-store\/"},{"@type":"ListItem","position":3,"name":"FOX RANGER 2.5L WATER JACKET BLACK"}]},{"@type":"WebSite","@id":"https:\/\/vmsport.fi\/#website","url":"https:\/\/vmsport.fi\/","name":"Vmsport","description":"Allt p\u00e5 ett st\u00e4lle f\u00f6r cykling","publisher":{"@id":"https:\/\/vmsport.fi\/#organization"},"potentialAction":[{"@type":"SearchAction","target":{"@type":"EntryPoint","urlTemplate":"https:\/\/vmsport.fi\/?s={search_term_string}"},"query-input":{"@type":"PropertyValueSpecification","valueRequired":true,"valueName":"search_term_string"}}],"inLanguage":"sv-SE"},{"@type":"Organization","@id":"https:\/\/vmsport.fi\/#organization","name":"Vmsport","url":"https:\/\/vmsport.fi\/","logo":{"@type":"ImageObject","inLanguage":"sv-SE","@id":"https:\/\/vmsport.fi\/#\/schema\/logo\/image\/","url":"https:\/\/vmsport.fi\/wp-content\/uploads\/2024\/12\/vm_sport_RGB_horisontal-e1734526017575.png","contentUrl":"https:\/\/vmsport.fi\/wp-content\/uploads\/2024\/12\/vm_sport_RGB_horisontal-e1734526017575.png","width":668,"height":85,"caption":"Vmsport"},"image":{"@id":"https:\/\/vmsport.fi\/#\/schema\/logo\/image\/"},"sameAs":["https:\/\/www.facebook.com\/Vmsport.fi\/","https:\/\/www.instagram.com\/vmsport\/"]}]}},"global_unique_id":"","_links":{"self":[{"href":"https:\/\/vmsport.fi\/sv\/wp-json\/wp\/v2\/product\/52553","targetHints":{"allow":["GET"]}}],"collection":[{"href":"https:\/\/vmsport.fi\/sv\/wp-json\/wp\/v2\/product"}],"about":[{"href":"https:\/\/vmsport.fi\/sv\/wp-json\/wp\/v2\/types\/product"}],"replies":[{"embeddable":true,"href":"https:\/\/vmsport.fi\/sv\/wp-json\/wp\/v2\/comments?post=52553"}],"wp:featuredmedia":[{"embeddable":true,"href":"https:\/\/vmsport.fi\/sv\/wp-json\/wp\/v2\/media\/52552"}],"wp:attachment":[{"href":"https:\/\/vmsport.fi\/sv\/wp-json\/wp\/v2\/media?parent=52553"}],"wp:term":[{"taxonomy":"product_brand","embeddable":true,"href":"https:\/\/vmsport.fi\/sv\/wp-json\/wp\/v2\/product_brand?post=52553"},{"taxonomy":"product_model","embeddable":true,"href":"https:\/\/vmsport.fi\/sv\/wp-json\/wp\/v2\/product_model?post=52553"},{"taxonomy":"product_cat","embeddable":true,"href":"https:\/\/vmsport.fi\/sv\/wp-json\/wp\/v2\/product_cat?post=52553"},{"taxonomy":"product_tag","embeddable":true,"href":"https:\/\/vmsport.fi\/sv\/wp-json\/wp\/v2\/product_tag?post=52553"},{"taxonomy":"industry_terminology","embeddable":true,"href":"https:\/\/vmsport.fi\/sv\/wp-json\/wp\/v2\/industry-terminology?post=52553"}],"curies":[{"name":"wp","href":"https:\/\/api.w.org\/{rel}","templated":true}]}}