{"id":52547,"date":"2025-03-05T23:31:34","date_gmt":"2025-03-05T21:31:34","guid":{"rendered":"https:\/\/vmsport.fi\/verkkokauppa\/Ei-luokiteltu\/xlc-laakeri-18307-2rs-o18x30x7-mm\/"},"modified":"2026-03-27T02:00:28","modified_gmt":"2026-03-27T00:00:28","slug":"xlc-lager-18307-2rs-o18x30x7-mm","status":"publish","type":"product","link":"https:\/\/vmsport.fi\/sv\/verkkokauppa\/varaosat\/kiekot-ja-navat\/laakerit\/xlc-laakeri-18307-2rs-o18x30x7-mm\/","title":{"rendered":"XLC Lager 18307 2RS O18x30x7 mm"},"content":{"rendered":"<p>XLC:s lager, modell 18307 2RS, \u00e4r en metallkonstruktion och t\u00e4tad komponent som \u00e4r konstruerad f\u00f6r att klara tunga belastningar och l\u00e5ngvarig anv\u00e4ndning. Lagrets m\u00e5tt \u00e4r \u00d818x30x7 mm, vilket g\u00f6r det idealiskt f\u00f6r ett brett spektrum av mekaniska system och s\u00e4kerst\u00e4ller tillf\u00f6rlitlig prestanda. Det minskar friktionen, vilket \u00f6kar effektiviteten och f\u00f6rl\u00e4nger utrustningens livsl\u00e4ngd, medan lagrets f\u00f6rseglade konstruktion skyddar de inre delarna fr\u00e5n smuts och fukt. Det h\u00e4r lagret \u00e4r konstruerat f\u00f6r att fungera under kr\u00e4vande f\u00f6rh\u00e5llanden, vilket g\u00f6r det till ett s\u00e4kert val f\u00f6r b\u00e5de professionella mekaniker och hemmamekaniker.<\/p>","protected":false},"excerpt":{"rendered":"<p>XLC:n laakeri, malli 18307 2RS, on metallirakenteinen ja tiivis komponentti, joka on suunniteltu kest\u00e4m\u00e4\u00e4n kovia kuormia ja pitk\u00e4aikaista k\u00e4ytt\u00f6\u00e4. Laakerin mitat ovat \u00d818x30x7 mm, mik\u00e4 tekee siit\u00e4 ihanteellisen moniin mekaanisiin j\u00e4rjestelmiin ja takaa luotettavan suorituskyvyn. Se v\u00e4hent\u00e4\u00e4 kitkaa, mik\u00e4 lis\u00e4\u00e4 laitteen tehokkuutta ja pident\u00e4\u00e4 sen k\u00e4ytt\u00f6ik\u00e4\u00e4, ja laakerin tiivis rakenne suojaa sis\u00e4osia lialta ja kosteudelta. [&#8230;]<\/p>\n<p><a class=\"btn btn-secondary understrap-read-more-link\" href=\"https:\/\/vmsport.fi\/sv\/verkkokauppa\/varaosat\/kiekot-ja-navat\/laakerit\/xlc-laakeri-18307-2rs-o18x30x7-mm\/\">L\u00e4s mer \u2026<span class=\"screen-reader-text\"> from XLC Laakeri 18307 2RS O18x30x7 mm<\/span><\/a><\/p>\n","protected":false},"featured_media":52546,"comment_status":"open","ping_status":"closed","template":"","meta":{"_acf_changed":false,"_improvement_type_select":"improve_an_existing","_thumb_yes_seoaic":false,"_frame_yes_seoaic":false,"seoaic_generate_description":"","seoaic_improve_instructions_prompt":"","seoaic_rollback_content_improvement":"","seoaic_idea_thumbnail_generator":"","thumbnail_generated":false,"thumbnail_generate_prompt":"","seoaic_article_description":"","_supplier_stock_quantity":0},"product_brand":[],"product_model":[],"product_cat":[9464],"product_tag":[],"industry-terminology":[],"class_list":{"0":"post-52547","1":"product","2":"type-product","3":"status-publish","4":"has-post-thumbnail","6":"product_cat-laakerit","8":"first","9":"outofstock","10":"taxable","11":"shipping-taxable","12":"product-type-simple"},"acf":{"bike_features":null,"overview":{"copy_overview":null,"key_features":null,"statement":"","youtube_url":""}},"yoast_head":"<!-- This site is optimized with the Yoast SEO plugin v27.3 - https:\/\/yoast.com\/product\/yoast-seo-wordpress\/ -->\n<title>XLC Laakeri 18307 2RS O18x30x7 mm - VM Sport<\/title>\n<meta name=\"robots\" content=\"index, follow, max-snippet:-1, max-image-preview:large, max-video-preview:-1\" \/>\n<link rel=\"canonical\" href=\"https:\/\/vmsport.fi\/sv\/webbutik\/reservdelar\/skivor-och-nav\/lager\/xlc-lager-18307-2rs-o18x30x7-mm\/\" \/>\n<meta property=\"og:locale\" content=\"sv_SE\" \/>\n<meta property=\"og:type\" content=\"article\" \/>\n<meta property=\"og:title\" content=\"XLC Laakeri 18307 2RS O18x30x7 mm - VM Sport\" \/>\n<meta property=\"og:description\" content=\"XLC:n laakeri, malli 18307 2RS, on metallirakenteinen ja tiivis komponentti, joka on suunniteltu kest\u00e4m\u00e4\u00e4n kovia kuormia ja pitk\u00e4aikaista k\u00e4ytt\u00f6\u00e4. Laakerin mitat ovat \u00d818x30x7 mm, mik\u00e4 tekee siit\u00e4 ihanteellisen moniin mekaanisiin j\u00e4rjestelmiin ja takaa luotettavan suorituskyvyn. Se v\u00e4hent\u00e4\u00e4 kitkaa, mik\u00e4 lis\u00e4\u00e4 laitteen tehokkuutta ja pident\u00e4\u00e4 sen k\u00e4ytt\u00f6ik\u00e4\u00e4, ja laakerin tiivis rakenne suojaa sis\u00e4osia lialta ja kosteudelta. [...]L\u00e4s mer \u2026 from XLC Laakeri 18307 2RS O18x30x7 mm\" \/>\n<meta property=\"og:url\" content=\"https:\/\/vmsport.fi\/sv\/webbutik\/reservdelar\/skivor-och-nav\/lager\/xlc-lager-18307-2rs-o18x30x7-mm\/\" \/>\n<meta property=\"og:site_name\" content=\"VM Sport\" \/>\n<meta property=\"article:publisher\" content=\"https:\/\/www.facebook.com\/Vmsport.fi\/\" \/>\n<meta property=\"article:modified_time\" content=\"2026-03-27T00:00:28+00:00\" \/>\n<meta property=\"og:image\" content=\"https:\/\/vmsport.fi\/wp-content\/uploads\/2025\/03\/A2aLkVEaPnwQHJN27SSl4V9bnKFcioXHoP9ns8jJeLLRd4mCXh-1.jpg\" \/>\n\t<meta property=\"og:image:width\" content=\"457\" \/>\n\t<meta property=\"og:image:height\" content=\"457\" \/>\n\t<meta property=\"og:image:type\" content=\"image\/jpeg\" \/>\n<meta name=\"twitter:card\" content=\"summary_large_image\" \/>\n<script type=\"application\/ld+json\" class=\"yoast-schema-graph\">{\"@context\":\"https:\\\/\\\/schema.org\",\"@graph\":[{\"@type\":[\"WebPage\",\"ItemPage\"],\"@id\":\"https:\\\/\\\/vmsport.fi\\\/verkkokauppa\\\/varaosat\\\/kiekot-ja-navat\\\/laakerit\\\/xlc-laakeri-18307-2rs-o18x30x7-mm\\\/\",\"url\":\"https:\\\/\\\/vmsport.fi\\\/verkkokauppa\\\/varaosat\\\/kiekot-ja-navat\\\/laakerit\\\/xlc-laakeri-18307-2rs-o18x30x7-mm\\\/\",\"name\":\"XLC Laakeri 18307 2RS O18x30x7 mm - VM Sport\",\"isPartOf\":{\"@id\":\"https:\\\/\\\/vmsport.fi\\\/#website\"},\"primaryImageOfPage\":{\"@id\":\"https:\\\/\\\/vmsport.fi\\\/verkkokauppa\\\/varaosat\\\/kiekot-ja-navat\\\/laakerit\\\/xlc-laakeri-18307-2rs-o18x30x7-mm\\\/#primaryimage\"},\"image\":{\"@id\":\"https:\\\/\\\/vmsport.fi\\\/verkkokauppa\\\/varaosat\\\/kiekot-ja-navat\\\/laakerit\\\/xlc-laakeri-18307-2rs-o18x30x7-mm\\\/#primaryimage\"},\"thumbnailUrl\":\"https:\\\/\\\/vmsport.fi\\\/wp-content\\\/uploads\\\/2025\\\/03\\\/A2aLkVEaPnwQHJN27SSl4V9bnKFcioXHoP9ns8jJeLLRd4mCXh-1.jpg\",\"datePublished\":\"2025-03-05T21:31:34+00:00\",\"dateModified\":\"2026-03-27T00:00:28+00:00\",\"breadcrumb\":{\"@id\":\"https:\\\/\\\/vmsport.fi\\\/verkkokauppa\\\/varaosat\\\/kiekot-ja-navat\\\/laakerit\\\/xlc-laakeri-18307-2rs-o18x30x7-mm\\\/#breadcrumb\"},\"inLanguage\":\"sv-SE\",\"potentialAction\":[{\"@type\":\"ReadAction\",\"target\":[\"https:\\\/\\\/vmsport.fi\\\/verkkokauppa\\\/varaosat\\\/kiekot-ja-navat\\\/laakerit\\\/xlc-laakeri-18307-2rs-o18x30x7-mm\\\/\"]}]},{\"@type\":\"ImageObject\",\"inLanguage\":\"sv-SE\",\"@id\":\"https:\\\/\\\/vmsport.fi\\\/verkkokauppa\\\/varaosat\\\/kiekot-ja-navat\\\/laakerit\\\/xlc-laakeri-18307-2rs-o18x30x7-mm\\\/#primaryimage\",\"url\":\"https:\\\/\\\/vmsport.fi\\\/wp-content\\\/uploads\\\/2025\\\/03\\\/A2aLkVEaPnwQHJN27SSl4V9bnKFcioXHoP9ns8jJeLLRd4mCXh-1.jpg\",\"contentUrl\":\"https:\\\/\\\/vmsport.fi\\\/wp-content\\\/uploads\\\/2025\\\/03\\\/A2aLkVEaPnwQHJN27SSl4V9bnKFcioXHoP9ns8jJeLLRd4mCXh-1.jpg\",\"width\":457,\"height\":457,\"caption\":\"A2aLkVEaPnwQHJN27SSl4V9bnKFcioXHoP9ns8jJeLLRd4mCXh\"},{\"@type\":\"BreadcrumbList\",\"@id\":\"https:\\\/\\\/vmsport.fi\\\/verkkokauppa\\\/varaosat\\\/kiekot-ja-navat\\\/laakerit\\\/xlc-laakeri-18307-2rs-o18x30x7-mm\\\/#breadcrumb\",\"itemListElement\":[{\"@type\":\"ListItem\",\"position\":1,\"name\":\"Etusivu\",\"item\":\"https:\\\/\\\/vmsport.fi\\\/\"},{\"@type\":\"ListItem\",\"position\":2,\"name\":\"Online Store\",\"item\":\"https:\\\/\\\/vmsport.fi\\\/en\\\/online-store\\\/\"},{\"@type\":\"ListItem\",\"position\":3,\"name\":\"XLC Laakeri 18307 2RS O18x30x7 mm\"}]},{\"@type\":\"WebSite\",\"@id\":\"https:\\\/\\\/vmsport.fi\\\/#website\",\"url\":\"https:\\\/\\\/vmsport.fi\\\/\",\"name\":\"Vmsport\",\"description\":\"Kaikki py\u00f6r\u00e4ilyyn yhdest\u00e4 paikasta\",\"publisher\":{\"@id\":\"https:\\\/\\\/vmsport.fi\\\/#organization\"},\"potentialAction\":[{\"@type\":\"SearchAction\",\"target\":{\"@type\":\"EntryPoint\",\"urlTemplate\":\"https:\\\/\\\/vmsport.fi\\\/?s={search_term_string}\"},\"query-input\":{\"@type\":\"PropertyValueSpecification\",\"valueRequired\":true,\"valueName\":\"search_term_string\"}}],\"inLanguage\":\"sv-SE\"},{\"@type\":\"Organization\",\"@id\":\"https:\\\/\\\/vmsport.fi\\\/#organization\",\"name\":\"Vmsport\",\"url\":\"https:\\\/\\\/vmsport.fi\\\/\",\"logo\":{\"@type\":\"ImageObject\",\"inLanguage\":\"sv-SE\",\"@id\":\"https:\\\/\\\/vmsport.fi\\\/#\\\/schema\\\/logo\\\/image\\\/\",\"url\":\"https:\\\/\\\/vmsport.fi\\\/wp-content\\\/uploads\\\/2024\\\/12\\\/vm_sport_RGB_horisontal-e1734526017575.png\",\"contentUrl\":\"https:\\\/\\\/vmsport.fi\\\/wp-content\\\/uploads\\\/2024\\\/12\\\/vm_sport_RGB_horisontal-e1734526017575.png\",\"width\":668,\"height\":85,\"caption\":\"Vmsport\"},\"image\":{\"@id\":\"https:\\\/\\\/vmsport.fi\\\/#\\\/schema\\\/logo\\\/image\\\/\"},\"sameAs\":[\"https:\\\/\\\/www.facebook.com\\\/Vmsport.fi\\\/\",\"https:\\\/\\\/www.instagram.com\\\/vmsport\\\/\"]}]}<\/script>\n<!-- \/ Yoast SEO plugin. -->","yoast_head_json":{"title":"XLC Lager 18307 2RS O18x30x7 mm - VM Sport","robots":{"index":"index","follow":"follow","max-snippet":"max-snippet:-1","max-image-preview":"max-image-preview:large","max-video-preview":"max-video-preview:-1"},"canonical":"https:\/\/vmsport.fi\/sv\/webbutik\/reservdelar\/skivor-och-nav\/lager\/xlc-lager-18307-2rs-o18x30x7-mm\/","og_locale":"sv_SE","og_type":"article","og_title":"XLC Laakeri 18307 2RS O18x30x7 mm - VM Sport","og_description":"XLC:n laakeri, malli 18307 2RS, on metallirakenteinen ja tiivis komponentti, joka on suunniteltu kest\u00e4m\u00e4\u00e4n kovia kuormia ja pitk\u00e4aikaista k\u00e4ytt\u00f6\u00e4. Laakerin mitat ovat \u00d818x30x7 mm, mik\u00e4 tekee siit\u00e4 ihanteellisen moniin mekaanisiin j\u00e4rjestelmiin ja takaa luotettavan suorituskyvyn. Se v\u00e4hent\u00e4\u00e4 kitkaa, mik\u00e4 lis\u00e4\u00e4 laitteen tehokkuutta ja pident\u00e4\u00e4 sen k\u00e4ytt\u00f6ik\u00e4\u00e4, ja laakerin tiivis rakenne suojaa sis\u00e4osia lialta ja kosteudelta. [...]L\u00e4s mer \u2026 from XLC Laakeri 18307 2RS O18x30x7 mm","og_url":"https:\/\/vmsport.fi\/sv\/webbutik\/reservdelar\/skivor-och-nav\/lager\/xlc-lager-18307-2rs-o18x30x7-mm\/","og_site_name":"VM Sport","article_publisher":"https:\/\/www.facebook.com\/Vmsport.fi\/","article_modified_time":"2026-03-27T00:00:28+00:00","og_image":[{"width":457,"height":457,"url":"https:\/\/vmsport.fi\/wp-content\/uploads\/2025\/03\/A2aLkVEaPnwQHJN27SSl4V9bnKFcioXHoP9ns8jJeLLRd4mCXh-1.jpg","type":"image\/jpeg"}],"twitter_card":"summary_large_image","schema":{"@context":"https:\/\/schema.org","@graph":[{"@type":["WebPage","ItemPage"],"@id":"https:\/\/vmsport.fi\/verkkokauppa\/varaosat\/kiekot-ja-navat\/laakerit\/xlc-laakeri-18307-2rs-o18x30x7-mm\/","url":"https:\/\/vmsport.fi\/verkkokauppa\/varaosat\/kiekot-ja-navat\/laakerit\/xlc-laakeri-18307-2rs-o18x30x7-mm\/","name":"XLC Lager 18307 2RS O18x30x7 mm - VM Sport","isPartOf":{"@id":"https:\/\/vmsport.fi\/#website"},"primaryImageOfPage":{"@id":"https:\/\/vmsport.fi\/verkkokauppa\/varaosat\/kiekot-ja-navat\/laakerit\/xlc-laakeri-18307-2rs-o18x30x7-mm\/#primaryimage"},"image":{"@id":"https:\/\/vmsport.fi\/verkkokauppa\/varaosat\/kiekot-ja-navat\/laakerit\/xlc-laakeri-18307-2rs-o18x30x7-mm\/#primaryimage"},"thumbnailUrl":"https:\/\/vmsport.fi\/wp-content\/uploads\/2025\/03\/A2aLkVEaPnwQHJN27SSl4V9bnKFcioXHoP9ns8jJeLLRd4mCXh-1.jpg","datePublished":"2025-03-05T21:31:34+00:00","dateModified":"2026-03-27T00:00:28+00:00","breadcrumb":{"@id":"https:\/\/vmsport.fi\/verkkokauppa\/varaosat\/kiekot-ja-navat\/laakerit\/xlc-laakeri-18307-2rs-o18x30x7-mm\/#breadcrumb"},"inLanguage":"sv-SE","potentialAction":[{"@type":"ReadAction","target":["https:\/\/vmsport.fi\/verkkokauppa\/varaosat\/kiekot-ja-navat\/laakerit\/xlc-laakeri-18307-2rs-o18x30x7-mm\/"]}]},{"@type":"ImageObject","inLanguage":"sv-SE","@id":"https:\/\/vmsport.fi\/verkkokauppa\/varaosat\/kiekot-ja-navat\/laakerit\/xlc-laakeri-18307-2rs-o18x30x7-mm\/#primaryimage","url":"https:\/\/vmsport.fi\/wp-content\/uploads\/2025\/03\/A2aLkVEaPnwQHJN27SSl4V9bnKFcioXHoP9ns8jJeLLRd4mCXh-1.jpg","contentUrl":"https:\/\/vmsport.fi\/wp-content\/uploads\/2025\/03\/A2aLkVEaPnwQHJN27SSl4V9bnKFcioXHoP9ns8jJeLLRd4mCXh-1.jpg","width":457,"height":457,"caption":"A2aLkVEaPnwQHJN27SSl4V9bnKFcioXHoP9ns8jJeLLRd4mCXh"},{"@type":"BreadcrumbList","@id":"https:\/\/vmsport.fi\/verkkokauppa\/varaosat\/kiekot-ja-navat\/laakerit\/xlc-laakeri-18307-2rs-o18x30x7-mm\/#breadcrumb","itemListElement":[{"@type":"ListItem","position":1,"name":"Etusivu","item":"https:\/\/vmsport.fi\/"},{"@type":"ListItem","position":2,"name":"Online Store","item":"https:\/\/vmsport.fi\/en\/online-store\/"},{"@type":"ListItem","position":3,"name":"XLC Laakeri 18307 2RS O18x30x7 mm"}]},{"@type":"WebSite","@id":"https:\/\/vmsport.fi\/#website","url":"https:\/\/vmsport.fi\/","name":"Vmsport","description":"Allt p\u00e5 ett st\u00e4lle f\u00f6r cykling","publisher":{"@id":"https:\/\/vmsport.fi\/#organization"},"potentialAction":[{"@type":"SearchAction","target":{"@type":"EntryPoint","urlTemplate":"https:\/\/vmsport.fi\/?s={search_term_string}"},"query-input":{"@type":"PropertyValueSpecification","valueRequired":true,"valueName":"search_term_string"}}],"inLanguage":"sv-SE"},{"@type":"Organization","@id":"https:\/\/vmsport.fi\/#organization","name":"Vmsport","url":"https:\/\/vmsport.fi\/","logo":{"@type":"ImageObject","inLanguage":"sv-SE","@id":"https:\/\/vmsport.fi\/#\/schema\/logo\/image\/","url":"https:\/\/vmsport.fi\/wp-content\/uploads\/2024\/12\/vm_sport_RGB_horisontal-e1734526017575.png","contentUrl":"https:\/\/vmsport.fi\/wp-content\/uploads\/2024\/12\/vm_sport_RGB_horisontal-e1734526017575.png","width":668,"height":85,"caption":"Vmsport"},"image":{"@id":"https:\/\/vmsport.fi\/#\/schema\/logo\/image\/"},"sameAs":["https:\/\/www.facebook.com\/Vmsport.fi\/","https:\/\/www.instagram.com\/vmsport\/"]}]}},"global_unique_id":"","_links":{"self":[{"href":"https:\/\/vmsport.fi\/sv\/wp-json\/wp\/v2\/product\/52547","targetHints":{"allow":["GET"]}}],"collection":[{"href":"https:\/\/vmsport.fi\/sv\/wp-json\/wp\/v2\/product"}],"about":[{"href":"https:\/\/vmsport.fi\/sv\/wp-json\/wp\/v2\/types\/product"}],"replies":[{"embeddable":true,"href":"https:\/\/vmsport.fi\/sv\/wp-json\/wp\/v2\/comments?post=52547"}],"wp:featuredmedia":[{"embeddable":true,"href":"https:\/\/vmsport.fi\/sv\/wp-json\/wp\/v2\/media\/52546"}],"wp:attachment":[{"href":"https:\/\/vmsport.fi\/sv\/wp-json\/wp\/v2\/media?parent=52547"}],"wp:term":[{"taxonomy":"product_brand","embeddable":true,"href":"https:\/\/vmsport.fi\/sv\/wp-json\/wp\/v2\/product_brand?post=52547"},{"taxonomy":"product_model","embeddable":true,"href":"https:\/\/vmsport.fi\/sv\/wp-json\/wp\/v2\/product_model?post=52547"},{"taxonomy":"product_cat","embeddable":true,"href":"https:\/\/vmsport.fi\/sv\/wp-json\/wp\/v2\/product_cat?post=52547"},{"taxonomy":"product_tag","embeddable":true,"href":"https:\/\/vmsport.fi\/sv\/wp-json\/wp\/v2\/product_tag?post=52547"},{"taxonomy":"industry_terminology","embeddable":true,"href":"https:\/\/vmsport.fi\/sv\/wp-json\/wp\/v2\/industry-terminology?post=52547"}],"curies":[{"name":"wp","href":"https:\/\/api.w.org\/{rel}","templated":true}]}}