{"id":60955,"date":"2025-09-25T12:06:46","date_gmt":"2025-09-25T09:06:46","guid":{"rendered":"https:\/\/vmsport.fi\/?page_id=60955"},"modified":"2025-09-25T12:16:32","modified_gmt":"2025-09-25T09:16:32","slug":"tillganglighetsutlatande","status":"publish","type":"page","link":"https:\/\/vmsport.fi\/sv\/saavutettavuusseloste\/","title":{"rendered":"Uttalande om tillg\u00e4nglighet"},"content":{"rendered":"<blockquote class=\"wp-block-quote is-layout-flow wp-block-quote-is-layout-flow\">\n<p class=\"has-medium-font-size\"><br>Detta tillg\u00e4nglighetsutl\u00e5tande g\u00e4ller f\u00f6r tj\u00e4nsten&nbsp;<strong><a href=\"http:\/\/vmsport.fi\/sv\/\" target=\"_blank\" rel=\"noreferrer noopener\">vmsport.fi<\/a><\/strong>&nbsp;och \u00e4r uppr\u00e4ttad den 25.9.2025.<\/p>\n\n\n\n<h3 class=\"wp-block-heading\"><br>L\u00e4get f\u00f6r digital tillg\u00e4nglighet<\/h3>\n\n\n\n<p class=\"has-medium-font-size\"><br>Webbplats&nbsp;<strong>delvis uppfyller<\/strong>&nbsp;lagstadgade krav p\u00e5 tillg\u00e4nglighet (WCAG 2.1, niv\u00e5 AA)<\/p>\n\n\n\n<h3 class=\"wp-block-heading\"><br>Icke-tillg\u00e4ngligt inneh\u00e5ll<\/h3>\n\n\n\n<p class=\"has-medium-font-size\"><br>De viktigaste bristerna i tillg\u00e4ngligheten anges nedan:<br><\/p>\n<\/blockquote>\n\n\n\n<ol class=\"wp-block-list\">\n<li><strong>Svar p\u00e5 text<\/strong>\n<ul class=\"wp-block-list\">\n<li>Det \u00e4r inte alla bilder som har en l\u00e4mplig text som svar (alt-text).<\/li>\n\n\n\n<li>Vissa bilder har text utan programmatisk motsvarighet.<br><br><\/li>\n<\/ul>\n<\/li>\n\n\n\n<li><strong>Kontraster<\/strong>\n<ul class=\"wp-block-list\">\n<li>Kontrasten i vissa texter och bakgrunder uppfyller inte kraven i WCAG AA.<br><br><\/li>\n<\/ul>\n<\/li>\n\n\n\n<li><strong>Anv\u00e4nda tangentbordet<\/strong>\n<ul class=\"wp-block-list\">\n<li>Alla interaktiva delar av webbplatsen \u00e4r inte fullt tillg\u00e4ngliga fr\u00e5n tangentbordet.<\/li>\n\n\n\n<li>Fokusindikatorn \u00e4r inte alltid tillr\u00e4ckligt tydlig.<br><br><\/li>\n<\/ul>\n<\/li>\n\n\n\n<li><strong>L\u00e4nkar och navigering<\/strong>\n<ul class=\"wp-block-list\">\n<li>I vissa l\u00e4nkar anv\u00e4nds generiska texter (t.ex. \u201dL\u00e4s mer\u201d) som inte i sig ger information om \u00e4mnet f\u00f6r l\u00e4nken.<\/li>\n\n\n\n<li>Rubrikstrukturen \u00e4r inte alltid logisk och kan g\u00f6ra det sv\u00e5rt f\u00f6r sk\u00e4rml\u00e4saren att anv\u00e4nda den.<br><br><\/li>\n<\/ul>\n<\/li>\n\n\n\n<li><strong>Formul\u00e4r<\/strong>\n<ul class=\"wp-block-list\">\n<li>Felmeddelanden \u00e4r inte alltid tydliga eller tillg\u00e4ngliga f\u00f6r sk\u00e4rml\u00e4sare.<\/li>\n\n\n\n<li>Den programmatiska markeringen av inmatningsf\u00e4lten \u00e4r delvis ofullst\u00e4ndig.<br><br><\/li>\n<\/ul>\n<\/li>\n\n\n\n<li><strong>Dynamiskt inneh\u00e5ll<\/strong>\n<ul class=\"wp-block-list\">\n<li>Vissa dynamiska element (menyer, eventuella AJAX-funktioner) saknar ARIA-taggar, vilket kan g\u00f6ra det sv\u00e5rt att anv\u00e4nda sk\u00e4rml\u00e4saren.<br><br><\/li>\n<\/ul>\n<\/li>\n<\/ol>\n\n\n\n<blockquote class=\"wp-block-quote is-layout-flow wp-block-quote-is-layout-flow\">\n<h3 class=\"wp-block-heading\">Inneh\u00e5ll som inte omfattas av tillg\u00e4nglighetskrav<\/h3>\n\n\n\n<p class=\"has-medium-font-size\"><br>Det kan finnas inneh\u00e5ll fr\u00e5n tredje part (t.ex. inb\u00e4ddade filer) p\u00e5 webbplatsen, vars tillg\u00e4nglighet ligger helt utanf\u00f6r v\u00e5r kontroll.<br><br><strong>Feedback och kontaktuppgifter<\/strong><br><strong><br><\/strong>Om du uppt\u00e4cker n\u00e5gra tillg\u00e4nglighetsproblem p\u00e5 v\u00e5r webbplats, v\u00e4nligen meddela oss detta:<br><br><strong>E-post:<\/strong>\u00a0<a href=\"mailto:info@vmsport.fi\" target=\"_blank\" rel=\"noreferrer noopener\">info@vmsport.fi<\/a><br><strong>Telefon:<\/strong>\u00a006 723 0511<br><br>Vi kommer att svara p\u00e5 din feedback inom cirka 14 dagar.<br><br><strong>F\u00f6rfarande f\u00f6r verkst\u00e4llighet<\/strong><br><br>Om du inte \u00e4r n\u00f6jd med det svar du f\u00e5r eller om du inte f\u00e5r n\u00e5got svar inom tv\u00e5 veckor, kan du anm\u00e4la \u00e4rendet till Regionf\u00f6rvaltningsverket i S\u00f6dra Finland:<\/p>\n<\/blockquote>\n\n\n\n<ul class=\"wp-block-list\">\n<li><a href=\"http:\/\/www.saavutettavuusvaatimukset.fi\/\" target=\"_blank\" rel=\"noreferrer noopener\">www.saavutettavuusvaatimukset.fi<\/a><\/li>\n\n\n\n<li><a href=\"mailto:saavutettavuus@avi.fi\" target=\"_blank\" rel=\"noreferrer noopener\">saavutettavuus@avi.fi<\/a><\/li>\n\n\n\n<li class=\"has-medium-font-size\">telefonnummer: 0295 016 000<\/li>\n<\/ul>\n\n\n\n<blockquote class=\"wp-block-quote is-layout-flow wp-block-quote-is-layout-flow\">\n<p class=\"has-medium-font-size\"><strong>Utarbetande av rapporten<\/strong><br><strong><br><\/strong>Denna rapport har utarbetats p\u00e5 grundval av en 25.9.2025 sj\u00e4lvutv\u00e4rdering och en prelimin\u00e4r teknisk granskning.<\/p>\n<\/blockquote>","protected":false},"excerpt":{"rendered":"<p>T\u00e4m\u00e4 saavutettavuusseloste koskee palvelua&nbsp;vmsport.fi&nbsp;ja on laadittu 25.9.2025. Digipalvelun saavutettavuuden tila Sivusto&nbsp;t\u00e4ytt\u00e4\u00e4 osittain&nbsp;lain asettamat saavutettavuusvaatimukset (WCAG 2.1, taso AA) Ei-saavutettava sis\u00e4lt\u00f6 Alla on lueteltu merkitt\u00e4vimm\u00e4t saavutettavuuspuutteet: Saavutettavuusvaatimuksiin kuulumaton sis\u00e4lt\u00f6 Sivustolla saattaa olla joitakin kolmansien osapuolten sis\u00e4lt\u00f6j\u00e4 (esim. upotuksia), joiden saavutettavuuteen emme voi t\u00e4ysin vaikuttaa. Palaute ja yhteystiedotJos huomaat saavutettavuusongelmia verkkosivustollamme, kerro siit\u00e4 meille: S\u00e4hk\u00f6posti:\u00a0info@vmsport.fiPuhelin:\u00a006 723 0511 [&#8230;]<\/p>\n<p><a class=\"btn btn-secondary understrap-read-more-link\" href=\"https:\/\/vmsport.fi\/sv\/saavutettavuusseloste\/\">L\u00e4s mer \u2026<span class=\"screen-reader-text\"> from Saavutettavuusseloste<\/span><\/a><\/p>\n","protected":false},"author":1,"featured_media":0,"parent":0,"menu_order":0,"comment_status":"closed","ping_status":"closed","template":"","meta":{"_acf_changed":false,"_improvement_type_select":"improve_an_existing","_thumb_yes_seoaic":false,"_frame_yes_seoaic":false,"seoaic_generate_description":"","seoaic_improve_instructions_prompt":"","seoaic_rollback_content_improvement":"","seoaic_idea_thumbnail_generator":"","thumbnail_generated":false,"thumbnail_generate_prompt":"","seoaic_article_description":"","footnotes":""},"class_list":["post-60955","page","type-page","status-publish","hentry"],"acf":[],"yoast_head":"<!-- This site is optimized with the Yoast SEO plugin v27.3 - https:\/\/yoast.com\/product\/yoast-seo-wordpress\/ -->\n<title>Saavutettavuusseloste - VM Sport<\/title>\n<meta name=\"robots\" content=\"index, follow, max-snippet:-1, max-image-preview:large, max-video-preview:-1\" \/>\n<link rel=\"canonical\" href=\"https:\/\/vmsport.fi\/sv\/tillganglighetsutlatande\/\" \/>\n<meta property=\"og:locale\" content=\"sv_SE\" \/>\n<meta property=\"og:type\" content=\"article\" \/>\n<meta property=\"og:title\" content=\"Saavutettavuusseloste - VM Sport\" \/>\n<meta property=\"og:description\" content=\"T\u00e4m\u00e4 saavutettavuusseloste koskee palvelua&nbsp;vmsport.fi&nbsp;ja on laadittu 25.9.2025. Digipalvelun saavutettavuuden tila Sivusto&nbsp;t\u00e4ytt\u00e4\u00e4 osittain&nbsp;lain asettamat saavutettavuusvaatimukset (WCAG 2.1, taso AA) Ei-saavutettava sis\u00e4lt\u00f6 Alla on lueteltu merkitt\u00e4vimm\u00e4t saavutettavuuspuutteet: Saavutettavuusvaatimuksiin kuulumaton sis\u00e4lt\u00f6 Sivustolla saattaa olla joitakin kolmansien osapuolten sis\u00e4lt\u00f6j\u00e4 (esim. upotuksia), joiden saavutettavuuteen emme voi t\u00e4ysin vaikuttaa. Palaute ja yhteystiedotJos huomaat saavutettavuusongelmia verkkosivustollamme, kerro siit\u00e4 meille: S\u00e4hk\u00f6posti:\u00a0info@vmsport.fiPuhelin:\u00a006 723 0511 [...]L\u00e4s mer \u2026 from Saavutettavuusseloste\" \/>\n<meta property=\"og:url\" content=\"https:\/\/vmsport.fi\/sv\/tillganglighetsutlatande\/\" \/>\n<meta property=\"og:site_name\" content=\"VM Sport\" \/>\n<meta property=\"article:publisher\" content=\"https:\/\/www.facebook.com\/Vmsport.fi\/\" \/>\n<meta property=\"article:modified_time\" content=\"2025-09-25T09:16:32+00:00\" \/>\n<meta name=\"twitter:card\" content=\"summary_large_image\" \/>\n<meta name=\"twitter:label1\" content=\"Ber\u00e4knad l\u00e4stid\" \/>\n\t<meta name=\"twitter:data1\" content=\"1 minut\" \/>\n<script type=\"application\/ld+json\" class=\"yoast-schema-graph\">{\"@context\":\"https:\\\/\\\/schema.org\",\"@graph\":[{\"@type\":\"WebPage\",\"@id\":\"https:\\\/\\\/vmsport.fi\\\/saavutettavuusseloste\\\/\",\"url\":\"https:\\\/\\\/vmsport.fi\\\/saavutettavuusseloste\\\/\",\"name\":\"Saavutettavuusseloste - VM Sport\",\"isPartOf\":{\"@id\":\"https:\\\/\\\/vmsport.fi\\\/#website\"},\"datePublished\":\"2025-09-25T09:06:46+00:00\",\"dateModified\":\"2025-09-25T09:16:32+00:00\",\"breadcrumb\":{\"@id\":\"https:\\\/\\\/vmsport.fi\\\/saavutettavuusseloste\\\/#breadcrumb\"},\"inLanguage\":\"sv-SE\",\"potentialAction\":[{\"@type\":\"ReadAction\",\"target\":[\"https:\\\/\\\/vmsport.fi\\\/saavutettavuusseloste\\\/\"]}]},{\"@type\":\"BreadcrumbList\",\"@id\":\"https:\\\/\\\/vmsport.fi\\\/saavutettavuusseloste\\\/#breadcrumb\",\"itemListElement\":[{\"@type\":\"ListItem\",\"position\":1,\"name\":\"Etusivu\",\"item\":\"https:\\\/\\\/vmsport.fi\\\/\"},{\"@type\":\"ListItem\",\"position\":2,\"name\":\"Saavutettavuusseloste\"}]},{\"@type\":\"WebSite\",\"@id\":\"https:\\\/\\\/vmsport.fi\\\/#website\",\"url\":\"https:\\\/\\\/vmsport.fi\\\/\",\"name\":\"Vmsport\",\"description\":\"Kaikki py\u00f6r\u00e4ilyyn yhdest\u00e4 paikasta\",\"publisher\":{\"@id\":\"https:\\\/\\\/vmsport.fi\\\/#organization\"},\"potentialAction\":[{\"@type\":\"SearchAction\",\"target\":{\"@type\":\"EntryPoint\",\"urlTemplate\":\"https:\\\/\\\/vmsport.fi\\\/?s={search_term_string}\"},\"query-input\":{\"@type\":\"PropertyValueSpecification\",\"valueRequired\":true,\"valueName\":\"search_term_string\"}}],\"inLanguage\":\"sv-SE\"},{\"@type\":\"Organization\",\"@id\":\"https:\\\/\\\/vmsport.fi\\\/#organization\",\"name\":\"Vmsport\",\"url\":\"https:\\\/\\\/vmsport.fi\\\/\",\"logo\":{\"@type\":\"ImageObject\",\"inLanguage\":\"sv-SE\",\"@id\":\"https:\\\/\\\/vmsport.fi\\\/#\\\/schema\\\/logo\\\/image\\\/\",\"url\":\"https:\\\/\\\/vmsport.fi\\\/wp-content\\\/uploads\\\/2024\\\/12\\\/vm_sport_RGB_horisontal-e1734526017575.png\",\"contentUrl\":\"https:\\\/\\\/vmsport.fi\\\/wp-content\\\/uploads\\\/2024\\\/12\\\/vm_sport_RGB_horisontal-e1734526017575.png\",\"width\":668,\"height\":85,\"caption\":\"Vmsport\"},\"image\":{\"@id\":\"https:\\\/\\\/vmsport.fi\\\/#\\\/schema\\\/logo\\\/image\\\/\"},\"sameAs\":[\"https:\\\/\\\/www.facebook.com\\\/Vmsport.fi\\\/\",\"https:\\\/\\\/www.instagram.com\\\/vmsport\\\/\"]}]}<\/script>\n<!-- \/ Yoast SEO plugin. -->","yoast_head_json":{"title":"Tillg\u00e4nglighetsutl\u00e5tande - VM Sport","robots":{"index":"index","follow":"follow","max-snippet":"max-snippet:-1","max-image-preview":"max-image-preview:large","max-video-preview":"max-video-preview:-1"},"canonical":"https:\/\/vmsport.fi\/sv\/tillganglighetsutlatande\/","og_locale":"sv_SE","og_type":"article","og_title":"Saavutettavuusseloste - VM Sport","og_description":"T\u00e4m\u00e4 saavutettavuusseloste koskee palvelua&nbsp;vmsport.fi&nbsp;ja on laadittu 25.9.2025. Digipalvelun saavutettavuuden tila Sivusto&nbsp;t\u00e4ytt\u00e4\u00e4 osittain&nbsp;lain asettamat saavutettavuusvaatimukset (WCAG 2.1, taso AA) Ei-saavutettava sis\u00e4lt\u00f6 Alla on lueteltu merkitt\u00e4vimm\u00e4t saavutettavuuspuutteet: Saavutettavuusvaatimuksiin kuulumaton sis\u00e4lt\u00f6 Sivustolla saattaa olla joitakin kolmansien osapuolten sis\u00e4lt\u00f6j\u00e4 (esim. upotuksia), joiden saavutettavuuteen emme voi t\u00e4ysin vaikuttaa. Palaute ja yhteystiedotJos huomaat saavutettavuusongelmia verkkosivustollamme, kerro siit\u00e4 meille: S\u00e4hk\u00f6posti:\u00a0info@vmsport.fiPuhelin:\u00a006 723 0511 [...]L\u00e4s mer \u2026 from Saavutettavuusseloste","og_url":"https:\/\/vmsport.fi\/sv\/tillganglighetsutlatande\/","og_site_name":"VM Sport","article_publisher":"https:\/\/www.facebook.com\/Vmsport.fi\/","article_modified_time":"2025-09-25T09:16:32+00:00","twitter_card":"summary_large_image","twitter_misc":{"Ber\u00e4knad l\u00e4stid":"1 minut"},"schema":{"@context":"https:\/\/schema.org","@graph":[{"@type":"WebPage","@id":"https:\/\/vmsport.fi\/saavutettavuusseloste\/","url":"https:\/\/vmsport.fi\/saavutettavuusseloste\/","name":"Tillg\u00e4nglighetsutl\u00e5tande - VM Sport","isPartOf":{"@id":"https:\/\/vmsport.fi\/#website"},"datePublished":"2025-09-25T09:06:46+00:00","dateModified":"2025-09-25T09:16:32+00:00","breadcrumb":{"@id":"https:\/\/vmsport.fi\/saavutettavuusseloste\/#breadcrumb"},"inLanguage":"sv-SE","potentialAction":[{"@type":"ReadAction","target":["https:\/\/vmsport.fi\/saavutettavuusseloste\/"]}]},{"@type":"BreadcrumbList","@id":"https:\/\/vmsport.fi\/saavutettavuusseloste\/#breadcrumb","itemListElement":[{"@type":"ListItem","position":1,"name":"Etusivu","item":"https:\/\/vmsport.fi\/"},{"@type":"ListItem","position":2,"name":"Saavutettavuusseloste"}]},{"@type":"WebSite","@id":"https:\/\/vmsport.fi\/#website","url":"https:\/\/vmsport.fi\/","name":"Vmsport","description":"Allt p\u00e5 ett st\u00e4lle f\u00f6r cykling","publisher":{"@id":"https:\/\/vmsport.fi\/#organization"},"potentialAction":[{"@type":"SearchAction","target":{"@type":"EntryPoint","urlTemplate":"https:\/\/vmsport.fi\/?s={search_term_string}"},"query-input":{"@type":"PropertyValueSpecification","valueRequired":true,"valueName":"search_term_string"}}],"inLanguage":"sv-SE"},{"@type":"Organization","@id":"https:\/\/vmsport.fi\/#organization","name":"Vmsport","url":"https:\/\/vmsport.fi\/","logo":{"@type":"ImageObject","inLanguage":"sv-SE","@id":"https:\/\/vmsport.fi\/#\/schema\/logo\/image\/","url":"https:\/\/vmsport.fi\/wp-content\/uploads\/2024\/12\/vm_sport_RGB_horisontal-e1734526017575.png","contentUrl":"https:\/\/vmsport.fi\/wp-content\/uploads\/2024\/12\/vm_sport_RGB_horisontal-e1734526017575.png","width":668,"height":85,"caption":"Vmsport"},"image":{"@id":"https:\/\/vmsport.fi\/#\/schema\/logo\/image\/"},"sameAs":["https:\/\/www.facebook.com\/Vmsport.fi\/","https:\/\/www.instagram.com\/vmsport\/"]}]}},"_links":{"self":[{"href":"https:\/\/vmsport.fi\/sv\/wp-json\/wp\/v2\/pages\/60955","targetHints":{"allow":["GET"]}}],"collection":[{"href":"https:\/\/vmsport.fi\/sv\/wp-json\/wp\/v2\/pages"}],"about":[{"href":"https:\/\/vmsport.fi\/sv\/wp-json\/wp\/v2\/types\/page"}],"author":[{"embeddable":true,"href":"https:\/\/vmsport.fi\/sv\/wp-json\/wp\/v2\/users\/1"}],"replies":[{"embeddable":true,"href":"https:\/\/vmsport.fi\/sv\/wp-json\/wp\/v2\/comments?post=60955"}],"version-history":[{"count":0,"href":"https:\/\/vmsport.fi\/sv\/wp-json\/wp\/v2\/pages\/60955\/revisions"}],"wp:attachment":[{"href":"https:\/\/vmsport.fi\/sv\/wp-json\/wp\/v2\/media?parent=60955"}],"curies":[{"name":"wp","href":"https:\/\/api.w.org\/{rel}","templated":true}]}}