{"id":59276,"date":"2025-06-02T15:03:37","date_gmt":"2025-06-02T12:03:37","guid":{"rendered":"https:\/\/vmsport.fi\/?page_id=59276"},"modified":"2025-06-02T16:01:48","modified_gmt":"2025-06-02T13:01:48","slug":"trek-maantiepyorat","status":"publish","type":"page","link":"https:\/\/vmsport.fi\/sv\/trek-maantiepyorat\/","title":{"rendered":"Trek landsv\u00e4gscyklar"},"content":{"rendered":"<p><strong>Trek landsv\u00e4gscyklar<\/strong> erbjuder l\u00e4tthet, aerodynamik och toppmoderna prestanda f\u00f6r b\u00e5de amat\u00f6rer och racerf\u00f6rare. Modeller som t.ex. <a href=\"https:\/\/vmsport.fi\/sv\/marke\/vandring\/doman\/\">Trek Domane<\/a> och <a href=\"https:\/\/vmsport.fi\/sv\/marke\/vandring\/madone\/\">Trek Madone<\/a> \u00e4r valet n\u00e4r du v\u00e4rdes\u00e4tter hastighet, effektiv drivlina och en exakt k\u00e4nsla. Trek landsv\u00e4gscyklar \u00e4r utformade f\u00f6r l\u00e5nga l\u00f6prundor, triathlon eller fitness. Om du letar efter mer flexibilitet och campingfunktioner ska du kolla in Trek <a href=\"https:\/\/vmsport.fi\/sv\/marke\/vandring\/checkpoint\/\">Checkpoint<\/a> <a href=\"https:\/\/vmsport.fi\/sv\/marke\/vandring\/grus-pyorat\/\">f\u00f6r gruscyklar<\/a>.<\/p>","protected":false},"excerpt":{"rendered":"<p>Trek maantiepy\u00f6r\u00e4t tarjoavat keveytt\u00e4, aerodynamiikkaa ja huippuluokan suorituskyky\u00e4 niin harrastajalle kuin kilpailijalle. Mallit kuten Trek Domane ja Trek Madone on valinta kun arvostat nopeutta, tehokasta voimansiirtoa ja tarkkaa ajotuntumaa. Trek-maantiepy\u00f6r\u00e4t on suunniteltu pitkille lenkeille, triathloniin tai kuntoiluun. Jos kaipaat enemm\u00e4n joustavuutta ja retkeilyominaisuuksia, tutustu Trek Checkpoint gravelpy\u00f6riin. [&#8230;]<\/p>\n<p><a class=\"btn btn-secondary understrap-read-more-link\" href=\"https:\/\/vmsport.fi\/sv\/trek-maantiepyorat\/\">L\u00e4s mer \u2026<span class=\"screen-reader-text\"> from Trek maantiepy\u00f6r\u00e4t<\/span><\/a><\/p>\n","protected":false},"author":11,"featured_media":0,"parent":0,"menu_order":0,"comment_status":"closed","ping_status":"closed","template":"page-templates\/fake-archive.php","meta":{"_acf_changed":false,"_improvement_type_select":"improve_an_existing","_thumb_yes_seoaic":false,"_frame_yes_seoaic":false,"seoaic_generate_description":"","seoaic_improve_instructions_prompt":"","seoaic_rollback_content_improvement":"","seoaic_idea_thumbnail_generator":"","thumbnail_generated":false,"thumbnail_generate_prompt":"","seoaic_article_description":"","footnotes":""},"class_list":["post-59276","page","type-page","status-publish","hentry"],"acf":[],"yoast_head":"<!-- This site is optimized with the Yoast SEO plugin v27.3 - https:\/\/yoast.com\/product\/yoast-seo-wordpress\/ -->\n<title>Trek maantiepy\u00f6r\u00e4t \u2013 Kevytt\u00e4 ja nopeaa ajoa | VM Sport<\/title>\n<meta name=\"description\" content=\"Trek maantiepy\u00f6r\u00e4t tarjoavat suorituskyky\u00e4 ja vauhtia asfaltille. Etsitk\u00f6 tehokasta py\u00f6r\u00e4\u00e4 treeniin tai pitkiin lenkkeihin? Katso valikoima.\" \/>\n<meta name=\"robots\" content=\"index, follow, max-snippet:-1, max-image-preview:large, max-video-preview:-1\" \/>\n<link rel=\"canonical\" href=\"https:\/\/vmsport.fi\/sv\/trek-maantiepyorat\/\" \/>\n<meta property=\"og:locale\" content=\"sv_SE\" \/>\n<meta property=\"og:type\" content=\"article\" \/>\n<meta property=\"og:title\" content=\"Trek maantiepy\u00f6r\u00e4t \u2013 Kevytt\u00e4 ja nopeaa ajoa | VM Sport\" \/>\n<meta property=\"og:description\" content=\"Trek maantiepy\u00f6r\u00e4t tarjoavat suorituskyky\u00e4 ja vauhtia asfaltille. Etsitk\u00f6 tehokasta py\u00f6r\u00e4\u00e4 treeniin tai pitkiin lenkkeihin? Katso valikoima.\" \/>\n<meta property=\"og:url\" content=\"https:\/\/vmsport.fi\/sv\/trek-maantiepyorat\/\" \/>\n<meta property=\"og:site_name\" content=\"VM Sport\" \/>\n<meta property=\"article:publisher\" content=\"https:\/\/www.facebook.com\/Vmsport.fi\/\" \/>\n<meta property=\"article:modified_time\" content=\"2025-06-02T13:01:48+00:00\" \/>\n<meta name=\"twitter:card\" content=\"summary_large_image\" \/>\n<meta name=\"twitter:label1\" content=\"Ber\u00e4knad l\u00e4stid\" \/>\n\t<meta name=\"twitter:data1\" content=\"1 minut\" \/>\n<script type=\"application\/ld+json\" class=\"yoast-schema-graph\">{\"@context\":\"https:\\\/\\\/schema.org\",\"@graph\":[{\"@type\":\"WebPage\",\"@id\":\"https:\\\/\\\/vmsport.fi\\\/trek-maantiepyorat\\\/\",\"url\":\"https:\\\/\\\/vmsport.fi\\\/trek-maantiepyorat\\\/\",\"name\":\"Trek maantiepy\u00f6r\u00e4t \u2013 Kevytt\u00e4 ja nopeaa ajoa | VM Sport\",\"isPartOf\":{\"@id\":\"https:\\\/\\\/vmsport.fi\\\/#website\"},\"datePublished\":\"2025-06-02T12:03:37+00:00\",\"dateModified\":\"2025-06-02T13:01:48+00:00\",\"description\":\"Trek maantiepy\u00f6r\u00e4t tarjoavat suorituskyky\u00e4 ja vauhtia asfaltille. Etsitk\u00f6 tehokasta py\u00f6r\u00e4\u00e4 treeniin tai pitkiin lenkkeihin? Katso valikoima.\",\"breadcrumb\":{\"@id\":\"https:\\\/\\\/vmsport.fi\\\/trek-maantiepyorat\\\/#breadcrumb\"},\"inLanguage\":\"sv-SE\",\"potentialAction\":[{\"@type\":\"ReadAction\",\"target\":[\"https:\\\/\\\/vmsport.fi\\\/trek-maantiepyorat\\\/\"]}]},{\"@type\":\"BreadcrumbList\",\"@id\":\"https:\\\/\\\/vmsport.fi\\\/trek-maantiepyorat\\\/#breadcrumb\",\"itemListElement\":[{\"@type\":\"ListItem\",\"position\":1,\"name\":\"Etusivu\",\"item\":\"https:\\\/\\\/vmsport.fi\\\/\"},{\"@type\":\"ListItem\",\"position\":2,\"name\":\"Trek maantiepy\u00f6r\u00e4t\"}]},{\"@type\":\"WebSite\",\"@id\":\"https:\\\/\\\/vmsport.fi\\\/#website\",\"url\":\"https:\\\/\\\/vmsport.fi\\\/\",\"name\":\"Vmsport\",\"description\":\"Kaikki py\u00f6r\u00e4ilyyn yhdest\u00e4 paikasta\",\"publisher\":{\"@id\":\"https:\\\/\\\/vmsport.fi\\\/#organization\"},\"potentialAction\":[{\"@type\":\"SearchAction\",\"target\":{\"@type\":\"EntryPoint\",\"urlTemplate\":\"https:\\\/\\\/vmsport.fi\\\/?s={search_term_string}\"},\"query-input\":{\"@type\":\"PropertyValueSpecification\",\"valueRequired\":true,\"valueName\":\"search_term_string\"}}],\"inLanguage\":\"sv-SE\"},{\"@type\":\"Organization\",\"@id\":\"https:\\\/\\\/vmsport.fi\\\/#organization\",\"name\":\"Vmsport\",\"url\":\"https:\\\/\\\/vmsport.fi\\\/\",\"logo\":{\"@type\":\"ImageObject\",\"inLanguage\":\"sv-SE\",\"@id\":\"https:\\\/\\\/vmsport.fi\\\/#\\\/schema\\\/logo\\\/image\\\/\",\"url\":\"https:\\\/\\\/vmsport.fi\\\/wp-content\\\/uploads\\\/2024\\\/12\\\/vm_sport_RGB_horisontal-e1734526017575.png\",\"contentUrl\":\"https:\\\/\\\/vmsport.fi\\\/wp-content\\\/uploads\\\/2024\\\/12\\\/vm_sport_RGB_horisontal-e1734526017575.png\",\"width\":668,\"height\":85,\"caption\":\"Vmsport\"},\"image\":{\"@id\":\"https:\\\/\\\/vmsport.fi\\\/#\\\/schema\\\/logo\\\/image\\\/\"},\"sameAs\":[\"https:\\\/\\\/www.facebook.com\\\/Vmsport.fi\\\/\",\"https:\\\/\\\/www.instagram.com\\\/vmsport\\\/\"]}]}<\/script>\n<!-- \/ Yoast SEO plugin. -->","yoast_head_json":{"title":"Trek landsv\u00e4gscyklar - l\u00e4tta och snabba | VM Sport","description":"Trek landsv\u00e4gscyklar erbjuder prestanda och hastighet p\u00e5 asfalt. Letar du efter en effektiv cykel f\u00f6r tr\u00e4ning eller l\u00e5nga joggingturer? Kolla in utbudet.","robots":{"index":"index","follow":"follow","max-snippet":"max-snippet:-1","max-image-preview":"max-image-preview:large","max-video-preview":"max-video-preview:-1"},"canonical":"https:\/\/vmsport.fi\/sv\/trek-maantiepyorat\/","og_locale":"sv_SE","og_type":"article","og_title":"Trek maantiepy\u00f6r\u00e4t \u2013 Kevytt\u00e4 ja nopeaa ajoa | VM Sport","og_description":"Trek maantiepy\u00f6r\u00e4t tarjoavat suorituskyky\u00e4 ja vauhtia asfaltille. Etsitk\u00f6 tehokasta py\u00f6r\u00e4\u00e4 treeniin tai pitkiin lenkkeihin? Katso valikoima.","og_url":"https:\/\/vmsport.fi\/sv\/trek-maantiepyorat\/","og_site_name":"VM Sport","article_publisher":"https:\/\/www.facebook.com\/Vmsport.fi\/","article_modified_time":"2025-06-02T13:01:48+00:00","twitter_card":"summary_large_image","twitter_misc":{"Ber\u00e4knad l\u00e4stid":"1 minut"},"schema":{"@context":"https:\/\/schema.org","@graph":[{"@type":"WebPage","@id":"https:\/\/vmsport.fi\/trek-maantiepyorat\/","url":"https:\/\/vmsport.fi\/trek-maantiepyorat\/","name":"Trek landsv\u00e4gscyklar - l\u00e4tta och snabba | VM Sport","isPartOf":{"@id":"https:\/\/vmsport.fi\/#website"},"datePublished":"2025-06-02T12:03:37+00:00","dateModified":"2025-06-02T13:01:48+00:00","description":"Trek landsv\u00e4gscyklar erbjuder prestanda och hastighet p\u00e5 asfalt. Letar du efter en effektiv cykel f\u00f6r tr\u00e4ning eller l\u00e5nga joggingturer? Kolla in utbudet.","breadcrumb":{"@id":"https:\/\/vmsport.fi\/trek-maantiepyorat\/#breadcrumb"},"inLanguage":"sv-SE","potentialAction":[{"@type":"ReadAction","target":["https:\/\/vmsport.fi\/trek-maantiepyorat\/"]}]},{"@type":"BreadcrumbList","@id":"https:\/\/vmsport.fi\/trek-maantiepyorat\/#breadcrumb","itemListElement":[{"@type":"ListItem","position":1,"name":"Etusivu","item":"https:\/\/vmsport.fi\/"},{"@type":"ListItem","position":2,"name":"Trek maantiepy\u00f6r\u00e4t"}]},{"@type":"WebSite","@id":"https:\/\/vmsport.fi\/#website","url":"https:\/\/vmsport.fi\/","name":"Vmsport","description":"Allt p\u00e5 ett st\u00e4lle f\u00f6r cykling","publisher":{"@id":"https:\/\/vmsport.fi\/#organization"},"potentialAction":[{"@type":"SearchAction","target":{"@type":"EntryPoint","urlTemplate":"https:\/\/vmsport.fi\/?s={search_term_string}"},"query-input":{"@type":"PropertyValueSpecification","valueRequired":true,"valueName":"search_term_string"}}],"inLanguage":"sv-SE"},{"@type":"Organization","@id":"https:\/\/vmsport.fi\/#organization","name":"Vmsport","url":"https:\/\/vmsport.fi\/","logo":{"@type":"ImageObject","inLanguage":"sv-SE","@id":"https:\/\/vmsport.fi\/#\/schema\/logo\/image\/","url":"https:\/\/vmsport.fi\/wp-content\/uploads\/2024\/12\/vm_sport_RGB_horisontal-e1734526017575.png","contentUrl":"https:\/\/vmsport.fi\/wp-content\/uploads\/2024\/12\/vm_sport_RGB_horisontal-e1734526017575.png","width":668,"height":85,"caption":"Vmsport"},"image":{"@id":"https:\/\/vmsport.fi\/#\/schema\/logo\/image\/"},"sameAs":["https:\/\/www.facebook.com\/Vmsport.fi\/","https:\/\/www.instagram.com\/vmsport\/"]}]}},"_links":{"self":[{"href":"https:\/\/vmsport.fi\/sv\/wp-json\/wp\/v2\/pages\/59276","targetHints":{"allow":["GET"]}}],"collection":[{"href":"https:\/\/vmsport.fi\/sv\/wp-json\/wp\/v2\/pages"}],"about":[{"href":"https:\/\/vmsport.fi\/sv\/wp-json\/wp\/v2\/types\/page"}],"author":[{"embeddable":true,"href":"https:\/\/vmsport.fi\/sv\/wp-json\/wp\/v2\/users\/11"}],"replies":[{"embeddable":true,"href":"https:\/\/vmsport.fi\/sv\/wp-json\/wp\/v2\/comments?post=59276"}],"version-history":[{"count":0,"href":"https:\/\/vmsport.fi\/sv\/wp-json\/wp\/v2\/pages\/59276\/revisions"}],"wp:attachment":[{"href":"https:\/\/vmsport.fi\/sv\/wp-json\/wp\/v2\/media?parent=59276"}],"curies":[{"name":"wp","href":"https:\/\/api.w.org\/{rel}","templated":true}]}}