{"id":59272,"date":"2025-05-30T14:50:19","date_gmt":"2025-05-30T11:50:19","guid":{"rendered":"https:\/\/vmsport.fi\/?page_id=59272"},"modified":"2025-06-02T15:58:54","modified_gmt":"2025-06-02T12:58:54","slug":"trek-sahkopyorat","status":"publish","type":"page","link":"https:\/\/vmsport.fi\/sv\/trek-sahkopyorat\/","title":{"rendered":"Trek elcyklar"},"content":{"rendered":"<p>Treks elcyklar \u00e4r perfekta f\u00f6r pendling, tr\u00e4ning och helgturer. V\u00e5rt sortiment omfattar serierna Verve+, Allant+ och Dual Sport+, som \u00e4r k\u00e4nda f\u00f6r sin komfort, Bosch-motorer och l\u00e5nga batteritid. Elcyklar g\u00f6r vardagen smidigare och f\u00f6rl\u00e4nger din pendling utan anstr\u00e4ngning. V\u00e4lj den Trek-elcykel som passar din livsstil. Se \u00e4ven <a href=\"https:\/\/vmsport.fi\/sv\/marke\/vandring\/sagverksskorsten\/\">Trek elektriska mountainbikes<\/a><\/p>","protected":false},"excerpt":{"rendered":"<p>Trek s\u00e4hk\u00f6py\u00f6r\u00e4t sopivat t\u00e4ydellisesti ty\u00f6matkoihin, kuntoiluun ja viikonloppuretkiin. Valikoimamme kattaa muun muassa Verve+, Allant+ ja Dual Sport+ sarjat, jotka tunnetaan ajomukavuudesta, Bosch-moottoreista ja pitk\u00e4st\u00e4 akkukestosta. S\u00e4hk\u00f6py\u00f6r\u00e4 tekee arjesta sujuvampaa ja pident\u00e4\u00e4 ajomatkaa vaivattomasti. Valitse Trek s\u00e4hk\u00f6py\u00f6r\u00e4, joka vastaa el\u00e4m\u00e4ntyyli\u00e4si. Katso my\u00f6s Trek s\u00e4hk\u00f6maastopy\u00f6r\u00e4t [&#8230;]<\/p>\n<p><a class=\"btn btn-secondary understrap-read-more-link\" href=\"https:\/\/vmsport.fi\/sv\/trek-sahkopyorat\/\">L\u00e4s mer \u2026<span class=\"screen-reader-text\"> from Trek s\u00e4hk\u00f6py\u00f6r\u00e4t<\/span><\/a><\/p>\n","protected":false},"author":11,"featured_media":0,"parent":0,"menu_order":0,"comment_status":"closed","ping_status":"closed","template":"page-templates\/fake-archive.php","meta":{"_acf_changed":false,"_improvement_type_select":"improve_an_existing","_thumb_yes_seoaic":false,"_frame_yes_seoaic":false,"seoaic_generate_description":"","seoaic_improve_instructions_prompt":"","seoaic_rollback_content_improvement":"","seoaic_idea_thumbnail_generator":"","thumbnail_generated":false,"thumbnail_generate_prompt":"","seoaic_article_description":"","footnotes":""},"class_list":["post-59272","page","type-page","status-publish","hentry"],"acf":[],"yoast_head":"<!-- This site is optimized with the Yoast SEO plugin v27.3 - https:\/\/yoast.com\/product\/yoast-seo-wordpress\/ -->\n<title>Trek s\u00e4hk\u00f6py\u00f6r\u00e4t \u2013 Tehoa arkeen ja vapaa-aikaan | VM Sport<\/title>\n<meta name=\"description\" content=\"Trek s\u00e4hk\u00f6py\u00f6r\u00e4t helpottavat ty\u00f6matkoja ja retki\u00e4. Valitse s\u00e4hk\u00f6avusteinen vaihtoehto, joka tekee py\u00f6r\u00e4ilyst\u00e4 kevyemp\u00e4\u00e4 ja hauskempaa.\" \/>\n<meta name=\"robots\" content=\"index, follow, max-snippet:-1, max-image-preview:large, max-video-preview:-1\" \/>\n<link rel=\"canonical\" href=\"https:\/\/vmsport.fi\/sv\/trek-sahkopyorat\/\" \/>\n<meta property=\"og:locale\" content=\"sv_SE\" \/>\n<meta property=\"og:type\" content=\"article\" \/>\n<meta property=\"og:title\" content=\"Trek s\u00e4hk\u00f6py\u00f6r\u00e4t \u2013 Tehoa arkeen ja vapaa-aikaan | VM Sport\" \/>\n<meta property=\"og:description\" content=\"Trek s\u00e4hk\u00f6py\u00f6r\u00e4t helpottavat ty\u00f6matkoja ja retki\u00e4. Valitse s\u00e4hk\u00f6avusteinen vaihtoehto, joka tekee py\u00f6r\u00e4ilyst\u00e4 kevyemp\u00e4\u00e4 ja hauskempaa.\" \/>\n<meta property=\"og:url\" content=\"https:\/\/vmsport.fi\/sv\/trek-sahkopyorat\/\" \/>\n<meta property=\"og:site_name\" content=\"VM Sport\" \/>\n<meta property=\"article:publisher\" content=\"https:\/\/www.facebook.com\/Vmsport.fi\/\" \/>\n<meta property=\"article:modified_time\" content=\"2025-06-02T12:58:54+00:00\" \/>\n<meta name=\"twitter:card\" content=\"summary_large_image\" \/>\n<meta name=\"twitter:label1\" content=\"Ber\u00e4knad l\u00e4stid\" \/>\n\t<meta name=\"twitter:data1\" content=\"1 minut\" \/>\n<script type=\"application\/ld+json\" class=\"yoast-schema-graph\">{\"@context\":\"https:\\\/\\\/schema.org\",\"@graph\":[{\"@type\":\"WebPage\",\"@id\":\"https:\\\/\\\/vmsport.fi\\\/trek-sahkopyorat\\\/\",\"url\":\"https:\\\/\\\/vmsport.fi\\\/trek-sahkopyorat\\\/\",\"name\":\"Trek s\u00e4hk\u00f6py\u00f6r\u00e4t \u2013 Tehoa arkeen ja vapaa-aikaan | VM Sport\",\"isPartOf\":{\"@id\":\"https:\\\/\\\/vmsport.fi\\\/#website\"},\"datePublished\":\"2025-05-30T11:50:19+00:00\",\"dateModified\":\"2025-06-02T12:58:54+00:00\",\"description\":\"Trek s\u00e4hk\u00f6py\u00f6r\u00e4t helpottavat ty\u00f6matkoja ja retki\u00e4. Valitse s\u00e4hk\u00f6avusteinen vaihtoehto, joka tekee py\u00f6r\u00e4ilyst\u00e4 kevyemp\u00e4\u00e4 ja hauskempaa.\",\"breadcrumb\":{\"@id\":\"https:\\\/\\\/vmsport.fi\\\/trek-sahkopyorat\\\/#breadcrumb\"},\"inLanguage\":\"sv-SE\",\"potentialAction\":[{\"@type\":\"ReadAction\",\"target\":[\"https:\\\/\\\/vmsport.fi\\\/trek-sahkopyorat\\\/\"]}]},{\"@type\":\"BreadcrumbList\",\"@id\":\"https:\\\/\\\/vmsport.fi\\\/trek-sahkopyorat\\\/#breadcrumb\",\"itemListElement\":[{\"@type\":\"ListItem\",\"position\":1,\"name\":\"Etusivu\",\"item\":\"https:\\\/\\\/vmsport.fi\\\/\"},{\"@type\":\"ListItem\",\"position\":2,\"name\":\"Trek s\u00e4hk\u00f6py\u00f6r\u00e4t\"}]},{\"@type\":\"WebSite\",\"@id\":\"https:\\\/\\\/vmsport.fi\\\/#website\",\"url\":\"https:\\\/\\\/vmsport.fi\\\/\",\"name\":\"Vmsport\",\"description\":\"Kaikki py\u00f6r\u00e4ilyyn yhdest\u00e4 paikasta\",\"publisher\":{\"@id\":\"https:\\\/\\\/vmsport.fi\\\/#organization\"},\"potentialAction\":[{\"@type\":\"SearchAction\",\"target\":{\"@type\":\"EntryPoint\",\"urlTemplate\":\"https:\\\/\\\/vmsport.fi\\\/?s={search_term_string}\"},\"query-input\":{\"@type\":\"PropertyValueSpecification\",\"valueRequired\":true,\"valueName\":\"search_term_string\"}}],\"inLanguage\":\"sv-SE\"},{\"@type\":\"Organization\",\"@id\":\"https:\\\/\\\/vmsport.fi\\\/#organization\",\"name\":\"Vmsport\",\"url\":\"https:\\\/\\\/vmsport.fi\\\/\",\"logo\":{\"@type\":\"ImageObject\",\"inLanguage\":\"sv-SE\",\"@id\":\"https:\\\/\\\/vmsport.fi\\\/#\\\/schema\\\/logo\\\/image\\\/\",\"url\":\"https:\\\/\\\/vmsport.fi\\\/wp-content\\\/uploads\\\/2024\\\/12\\\/vm_sport_RGB_horisontal-e1734526017575.png\",\"contentUrl\":\"https:\\\/\\\/vmsport.fi\\\/wp-content\\\/uploads\\\/2024\\\/12\\\/vm_sport_RGB_horisontal-e1734526017575.png\",\"width\":668,\"height\":85,\"caption\":\"Vmsport\"},\"image\":{\"@id\":\"https:\\\/\\\/vmsport.fi\\\/#\\\/schema\\\/logo\\\/image\\\/\"},\"sameAs\":[\"https:\\\/\\\/www.facebook.com\\\/Vmsport.fi\\\/\",\"https:\\\/\\\/www.instagram.com\\\/vmsport\\\/\"]}]}<\/script>\n<!-- \/ Yoast SEO plugin. -->","yoast_head_json":{"title":"Treks elcyklar - kraft f\u00f6r vardag och fritid | VM Sport","description":"Treks elcyklar g\u00f6r det enklare att pendla och cykla p\u00e5 turn\u00e9. V\u00e4lj ett elektriskt alternativ som g\u00f6r cyklingen l\u00e4ttare och roligare.","robots":{"index":"index","follow":"follow","max-snippet":"max-snippet:-1","max-image-preview":"max-image-preview:large","max-video-preview":"max-video-preview:-1"},"canonical":"https:\/\/vmsport.fi\/sv\/trek-sahkopyorat\/","og_locale":"sv_SE","og_type":"article","og_title":"Trek s\u00e4hk\u00f6py\u00f6r\u00e4t \u2013 Tehoa arkeen ja vapaa-aikaan | VM Sport","og_description":"Trek s\u00e4hk\u00f6py\u00f6r\u00e4t helpottavat ty\u00f6matkoja ja retki\u00e4. Valitse s\u00e4hk\u00f6avusteinen vaihtoehto, joka tekee py\u00f6r\u00e4ilyst\u00e4 kevyemp\u00e4\u00e4 ja hauskempaa.","og_url":"https:\/\/vmsport.fi\/sv\/trek-sahkopyorat\/","og_site_name":"VM Sport","article_publisher":"https:\/\/www.facebook.com\/Vmsport.fi\/","article_modified_time":"2025-06-02T12:58:54+00:00","twitter_card":"summary_large_image","twitter_misc":{"Ber\u00e4knad l\u00e4stid":"1 minut"},"schema":{"@context":"https:\/\/schema.org","@graph":[{"@type":"WebPage","@id":"https:\/\/vmsport.fi\/trek-sahkopyorat\/","url":"https:\/\/vmsport.fi\/trek-sahkopyorat\/","name":"Treks elcyklar - kraft f\u00f6r vardag och fritid | VM Sport","isPartOf":{"@id":"https:\/\/vmsport.fi\/#website"},"datePublished":"2025-05-30T11:50:19+00:00","dateModified":"2025-06-02T12:58:54+00:00","description":"Treks elcyklar g\u00f6r det enklare att pendla och cykla p\u00e5 turn\u00e9. V\u00e4lj ett elektriskt alternativ som g\u00f6r cyklingen l\u00e4ttare och roligare.","breadcrumb":{"@id":"https:\/\/vmsport.fi\/trek-sahkopyorat\/#breadcrumb"},"inLanguage":"sv-SE","potentialAction":[{"@type":"ReadAction","target":["https:\/\/vmsport.fi\/trek-sahkopyorat\/"]}]},{"@type":"BreadcrumbList","@id":"https:\/\/vmsport.fi\/trek-sahkopyorat\/#breadcrumb","itemListElement":[{"@type":"ListItem","position":1,"name":"Etusivu","item":"https:\/\/vmsport.fi\/"},{"@type":"ListItem","position":2,"name":"Trek s\u00e4hk\u00f6py\u00f6r\u00e4t"}]},{"@type":"WebSite","@id":"https:\/\/vmsport.fi\/#website","url":"https:\/\/vmsport.fi\/","name":"Vmsport","description":"Allt p\u00e5 ett st\u00e4lle f\u00f6r cykling","publisher":{"@id":"https:\/\/vmsport.fi\/#organization"},"potentialAction":[{"@type":"SearchAction","target":{"@type":"EntryPoint","urlTemplate":"https:\/\/vmsport.fi\/?s={search_term_string}"},"query-input":{"@type":"PropertyValueSpecification","valueRequired":true,"valueName":"search_term_string"}}],"inLanguage":"sv-SE"},{"@type":"Organization","@id":"https:\/\/vmsport.fi\/#organization","name":"Vmsport","url":"https:\/\/vmsport.fi\/","logo":{"@type":"ImageObject","inLanguage":"sv-SE","@id":"https:\/\/vmsport.fi\/#\/schema\/logo\/image\/","url":"https:\/\/vmsport.fi\/wp-content\/uploads\/2024\/12\/vm_sport_RGB_horisontal-e1734526017575.png","contentUrl":"https:\/\/vmsport.fi\/wp-content\/uploads\/2024\/12\/vm_sport_RGB_horisontal-e1734526017575.png","width":668,"height":85,"caption":"Vmsport"},"image":{"@id":"https:\/\/vmsport.fi\/#\/schema\/logo\/image\/"},"sameAs":["https:\/\/www.facebook.com\/Vmsport.fi\/","https:\/\/www.instagram.com\/vmsport\/"]}]}},"_links":{"self":[{"href":"https:\/\/vmsport.fi\/sv\/wp-json\/wp\/v2\/pages\/59272","targetHints":{"allow":["GET"]}}],"collection":[{"href":"https:\/\/vmsport.fi\/sv\/wp-json\/wp\/v2\/pages"}],"about":[{"href":"https:\/\/vmsport.fi\/sv\/wp-json\/wp\/v2\/types\/page"}],"author":[{"embeddable":true,"href":"https:\/\/vmsport.fi\/sv\/wp-json\/wp\/v2\/users\/11"}],"replies":[{"embeddable":true,"href":"https:\/\/vmsport.fi\/sv\/wp-json\/wp\/v2\/comments?post=59272"}],"version-history":[{"count":0,"href":"https:\/\/vmsport.fi\/sv\/wp-json\/wp\/v2\/pages\/59272\/revisions"}],"wp:attachment":[{"href":"https:\/\/vmsport.fi\/sv\/wp-json\/wp\/v2\/media?parent=59272"}],"curies":[{"name":"wp","href":"https:\/\/api.w.org\/{rel}","templated":true}]}}