{"id":39992,"date":"2024-11-26T14:33:06","date_gmt":"2024-11-26T12:33:06","guid":{"rendered":"https:\/\/vmsport.fi\/?page_id=39992"},"modified":"2024-11-26T14:42:27","modified_gmt":"2024-11-26T12:42:27","slug":"integritetspolicy","status":"publish","type":"page","link":"https:\/\/vmsport.fi\/sv\/tietosuojaseloste\/","title":{"rendered":"Integritetspolicy"},"content":{"rendered":"<div style=\"height:var(--wp--preset--spacing--60)\" aria-hidden=\"true\" class=\"wp-block-spacer\"><\/div>\n\n\n\n<p>F\u00f6retag: Ab Velo-Moto Oy, handelsnamn VM Sport<br>Organisationsnummer: 3187594-2<br>E-post:\u00a0<a href=\"mailto:info@vmsport.fi\">info@vmsport.fi<\/a><br>Telefon: 06 723 0511<br>Kontaktperson: Sami Vaskivuo<br><\/p>\n\n\n\n<div style=\"height:var(--wp--preset--spacing--60)\" aria-hidden=\"true\" class=\"wp-block-spacer\"><\/div>\n\n\n\n<h3 class=\"wp-block-heading\">Sk\u00e4l f\u00f6r insamling och behandling av uppgifter<\/h3>\n\n\n\n<p>Personuppgifter samlas in och behandlas f\u00f6r att vi ska kunna hantera kundrelationen. Hanteringen av kundrelationen omfattar t.ex. att g\u00f6ra en best\u00e4llning p\u00e5 n\u00e4tet, meddela att den best\u00e4llda produkten anl\u00e4nder, behandla klagom\u00e5l, meddela att tj\u00e4nsten \u00e4r slutf\u00f6rd, fylla i en finansieringsans\u00f6kan och fastst\u00e4lla \u00e4gander\u00e4tten till cykeln. Kunden \u00e4r inte skyldig att l\u00e4mna ut sina uppgifter i samband med k\u00f6pet, men \u00e4r ansvarig f\u00f6r att t.ex. spara cykelns garantikvitto\/ink\u00f6psbevis f\u00f6r reklamations- eller f\u00f6rs\u00e4krings\u00e4ndam\u00e5l. Vid inl\u00e4mning av cykeln f\u00f6r service ska kunden uppge namn och telefonnummer f\u00f6r att kunna bli informerad n\u00e4r servicen \u00e4r utf\u00f6rd.<br><\/p>\n\n\n\n<div style=\"height:var(--wp--preset--spacing--60)\" aria-hidden=\"true\" class=\"wp-block-spacer\"><\/div>\n\n\n\n<h3 class=\"wp-block-heading\">Datainneh\u00e5ll i registret<\/h3>\n\n\n\n<p>F\u00f6ljande personuppgifter kan komma att lagras i kundregistret: namn, adress, telefonnummer, e-postadress, f\u00f6retag eller organisation som representeras, befattning i f\u00f6retaget, betalningss\u00e4tt, inneh\u00e5ll i k\u00f6pet, cykelm\u00e4rke och modell samt ink\u00f6psdatum. VM Sport behandlar inte uppgifter om betalkort.<\/p>\n\n\n\n<div style=\"height:var(--wp--preset--spacing--60)\" aria-hidden=\"true\" class=\"wp-block-spacer\"><\/div>\n\n\n\n<h3 class=\"wp-block-heading\">Period f\u00f6r bevarande av uppgifter<\/h3>\n\n\n\n<p>Uppgifterna i kundregistret sparas p\u00e5 obest\u00e4md tid eller tills den registrerade beg\u00e4r att f\u00e5 sina uppgifter borttagna ur registret. Uppgifterna sparas f\u00f6r att underl\u00e4tta kundens upprepade transaktioner och till exempel f\u00f6r att verifiera riktigheten i en skadeanm\u00e4lan vid en olycka med en cykelram.<br><\/p>\n\n\n\n<div style=\"height:var(--wp--preset--spacing--60)\" aria-hidden=\"true\" class=\"wp-block-spacer\"><\/div>\n\n\n\n<h3 class=\"wp-block-heading\">Regelbundna informationsk\u00e4llor<\/h3>\n\n\n\n<p>Uppgifter kan lagras i registret n\u00e4r en kund g\u00f6r ett k\u00f6p i VM Sports webbshop eller butik, eller n\u00e4r en kund l\u00e4mnar sina uppgifter per telefon, e-post, via bolagets sociala mediekanaler eller i andra interaktioner med bolaget, till exempel vid evenemang.<br><\/p>\n\n\n\n<div style=\"height:var(--wp--preset--spacing--60)\" aria-hidden=\"true\" class=\"wp-block-spacer\"><\/div>\n\n\n\n<h3 class=\"wp-block-heading\">Utl\u00e4mnande av uppgifter<\/h3>\n\n\n\n<p>Regelbundna data\u00f6verf\u00f6ringar inkluderar \u00f6verf\u00f6ring av abonnentens kontaktuppgifter till en extern operat\u00f6r. \u00d6verf\u00f6ringen av denna information \u00e4r n\u00f6dv\u00e4ndig f\u00f6r leverans av de best\u00e4llda produkterna. Reusrs Bank Ab \u00e4r personuppgiftsbitr\u00e4de f\u00f6r den finansiella applikationen. Du kan ta reda p\u00e5 mer om Resurs Banks integritetspolicy\u00a0<a href=\"https:\/\/www.resursbank.fi\/tietoja-meista\/loukkaamattomuus-ja-turvallisuus\/gdpr-henkiloasiakkaalle\">fr\u00e5n denna l\u00e4nk<\/a>. I \u00f6vrigt kommer personuppgifter endast att l\u00e4mnas ut till tredje part om det kr\u00e4vs enligt lag och av tvingande sk\u00e4l fr\u00e5n en offentlig myndighet. Uppgifter kommer inte att l\u00e4mnas ut utanf\u00f6r EU eller Europeiska ekonomiska samarbetsomr\u00e5det.<br><\/p>\n\n\n\n<div style=\"height:var(--wp--preset--spacing--60)\" aria-hidden=\"true\" class=\"wp-block-spacer\"><\/div>\n\n\n\n<h3 class=\"wp-block-heading\">Automatiskt beslutsfattande<\/h3>\n\n\n\n<p>Inget automatiserat beslutsfattande eller profilering av den registrerade utf\u00f6rs.<br><\/p>\n\n\n\n<div style=\"height:var(--wp--preset--spacing--60)\" aria-hidden=\"true\" class=\"wp-block-spacer\"><\/div>\n\n\n\n<h3 class=\"wp-block-heading\">Skydd av registret<\/h3>\n\n\n\n<p>Uppgifterna i kundregistret lagras i ett elektroniskt system som skyddas av brandv\u00e4ggar och l\u00f6senord. Tillg\u00e5ng till systemet \u00e4r begr\u00e4nsad till personal som i sin tj\u00e4nsteut\u00f6vning \u00e4r beh\u00f6rig att behandla uppgifterna. De uppgifter som lagras i webbutiken skyddas b\u00e5de av brandv\u00e4ggar p\u00e5 serverniv\u00e5 och av en separat s\u00e4kerhetskatalog och starka l\u00f6senord\/autentiseringsf\u00f6rfaranden. Vi \u00e4gnar s\u00e4rskild uppm\u00e4rksamhet \u00e5t behandlingen av alla personuppgifter.<br><\/p>\n\n\n\n<div style=\"height:var(--wp--preset--spacing--60)\" aria-hidden=\"true\" class=\"wp-block-spacer\"><\/div>\n\n\n\n<h3 class=\"wp-block-heading\">Den registrerades r\u00e4ttigheter<\/h3>\n\n\n\n<p>Den registrerade har r\u00e4tt att beg\u00e4ra begr\u00e4nsning, r\u00e4ttelse eller radering av behandlingen av uppgifter (r\u00e4tt att bli bortgl\u00f6md) och att f\u00e5 information om vilka uppgifter som finns lagrade om honom eller henne. Beg\u00e4ran om granskning, r\u00e4ttelse, begr\u00e4nsning eller radering ska g\u00f6ras personligen i v\u00e5r butik eller skriftligen till VM Sport, Kanavapuistikko 8, 68600 Pietarsaari. Verifiering av identitet kan kr\u00e4vas. Beg\u00e4ran behandlas s\u00e5 snabbt som m\u00f6jligt, dock senast 30 dagar efter att beg\u00e4ran har mottagits.<br><\/p>\n\n\n\n<div style=\"height:var(--wp--preset--spacing--60)\" aria-hidden=\"true\" class=\"wp-block-spacer\"><\/div>\n\n\n\n<h3 class=\"wp-block-heading\">Marknadsf\u00f6ring<\/h3>\n\n\n\n<p>Personuppgifter som lagras i registret kommer inte att anv\u00e4ndas f\u00f6r marknadsf\u00f6rings\u00e4ndam\u00e5l utan uttryckligt samtycke fr\u00e5n den registrerade. Samtycke kan till exempel ges genom att prenumerera p\u00e5 ett nyhetsbrev p\u00e5 VM Sports webbplats, genom att till\u00e5ta marknadsf\u00f6ring muntligen n\u00e4r du g\u00f6r ett k\u00f6p i butiken, genom att till\u00e5ta marknadsf\u00f6ring i online-kassan (opt-in) eller genom att till\u00e5ta marknadsf\u00f6ring genom att kryssa i relevant ruta n\u00e4r du fyller i en t\u00e4vling eller annan kupong. Du kan n\u00e4r som helst avregistrera dig genom att klicka p\u00e5 l\u00e4nken \u201cavregistrera\u201d i slutet av nyhetsbrevet.<br><\/p>\n\n\n\n<div style=\"height:var(--wp--preset--spacing--60)\" aria-hidden=\"true\" class=\"wp-block-spacer\"><\/div>\n\n\n\n<h3 class=\"wp-block-heading\">Analysverktyg och cookies<\/h3>\n\n\n\n<p>VM Sports webbplats kan anv\u00e4nda b\u00e5de v\u00e4sentliga cookies, statistiska cookies och marknadsf\u00f6ringscookies. Du kan v\u00e4lja vilka cookies du till\u00e5ter n\u00e4r du kommer till webbplatsen. N\u00f6dv\u00e4ndiga cookies g\u00f6r det m\u00f6jligt f\u00f6r dig att till exempel lagra dina preferenser och inst\u00e4llningar p\u00e5 olika sidor. Dessa cookies \u00e4r aktiverade som standard och kan inte n\u00f6dv\u00e4ndigtvis inaktiveras. Du kan alltid neka till att de laddas i din webbl\u00e4sare, men det kan h\u00e4nda att webbplatsen inte fungerar som f\u00f6rv\u00e4ntat. N\u00f6dv\u00e4ndiga cookies g\u00f6r det ocks\u00e5 m\u00f6jligt f\u00f6r dig att lagra dina inloggningsuppgifter n\u00e4r du loggar in p\u00e5 ditt kundkonto f\u00f6r e-handel.<\/p>\n\n\n\n<p>Statistiska och analytiska cookies anv\u00e4nds f\u00f6r att f\u00f6lja beteendet hos bes\u00f6kare p\u00e5 webbplatsen. Denna information anv\u00e4nds f\u00f6r att optimera webbplatsen b\u00e5de vad g\u00e4ller funktionalitet och intressant inneh\u00e5ll. Det huvudsakliga verktyget som anv\u00e4nds \u00e4r Google Analytics. Google Analytics registrerar information s\u00e5som vilka sidor du bes\u00f6ker, din aktuella IP-adress, vilken webbl\u00e4sare och vilket operativsystem du anv\u00e4nder samt hur l\u00e4nge din session varar. Googles m\u00f6jlighet att anv\u00e4nda och dela information som samlas in av Google Analytics om ditt bes\u00f6k p\u00e5 v\u00e5r webbplats regleras av Google Analytics villkor, som finns p\u00e5&nbsp;<a href=\"https:\/\/policies.google.com\/?hl=fi\">h\u00e4r<\/a>&nbsp;och Googles integritetspolicy, som du hittar i&nbsp;<a href=\"https:\/\/policies.google.com\/privacy?hl=en\">h\u00e4r.<\/a><\/p>\n\n\n\n<p>VM Sport kan anv\u00e4nda Facebook-pixlar f\u00f6r att identifiera personer som har bes\u00f6kt webbplatsen och f\u00f6r att tillhandah\u00e5lla relevant marknadsf\u00f6ringsinneh\u00e5ll p\u00e5 Facebook-\u00e4gda sociala medieplattformar. Vissa marknadsf\u00f6ringskampanjer kan ocks\u00e5 anv\u00e4nda Googles remarketingfunktion f\u00f6r att tillhandah\u00e5lla relevant inneh\u00e5ll n\u00e4r en anv\u00e4ndare som har bes\u00f6kt v\u00e5r webbplats anl\u00e4nder till en Google-partners webbplats. Val av marknadsf\u00f6ring aktiveras inte automatiskt utan m\u00e5ste aktiveras av webbplatsbes\u00f6karen vid dennes f\u00f6rsta bes\u00f6k.<\/p>\n\n\n\n<div style=\"height:var(--wp--preset--spacing--80)\" aria-hidden=\"true\" class=\"wp-block-spacer\"><\/div>","protected":false},"excerpt":{"rendered":"<p>Yritys: Ab Velo-Moto Oy, aputoiminimi VM SportY-tunnus: 3187594-2S\u00e4hk\u00f6posti:\u00a0info@vmsport.fiPuhelin: 06 723 0511Yhteyshenkil\u00f6: Sami Vaskivuo Tietojen ker\u00e4\u00e4misen ja k\u00e4sittelyn peruste Henkil\u00f6tietoja ker\u00e4t\u00e4\u00e4n ja k\u00e4sitell\u00e4\u00e4n asiakassuhteen hoitamisen mahdollistamiseksi. Asiakassuhteen hoitamiseen liittyv\u00e4t esimerkiksi verkkokauppatilauksen toimitus, tilatun tuotteen saapumisesta ilmoittaminen, reklamaatioiden k\u00e4sittely, huollon valmistumisesta ilmoittaminen, rahoitushakemuksen t\u00e4ytt\u00e4minen ja polkupy\u00f6r\u00e4n omistusoikeuden toteaminen. Asiakkaan ei ole pakko luovuttaa tietojaan ostosta tehdess\u00e4\u00e4n, mutta [&#8230;]<\/p>\n<p><a class=\"btn btn-secondary understrap-read-more-link\" href=\"https:\/\/vmsport.fi\/sv\/tietosuojaseloste\/\">L\u00e4s mer \u2026<span class=\"screen-reader-text\"> from Tietosuojaseloste<\/span><\/a><\/p>\n","protected":false},"author":1,"featured_media":0,"parent":0,"menu_order":0,"comment_status":"closed","ping_status":"closed","template":"","meta":{"_acf_changed":false,"_improvement_type_select":"improve_an_existing","_thumb_yes_seoaic":false,"_frame_yes_seoaic":false,"seoaic_generate_description":"","seoaic_improve_instructions_prompt":"","seoaic_rollback_content_improvement":"","seoaic_idea_thumbnail_generator":"","thumbnail_generated":false,"thumbnail_generate_prompt":"","seoaic_article_description":"","footnotes":""},"class_list":["post-39992","page","type-page","status-publish","hentry"],"acf":[],"yoast_head":"<!-- This site is optimized with the Yoast SEO plugin v27.3 - https:\/\/yoast.com\/product\/yoast-seo-wordpress\/ -->\n<title>Tietosuojaseloste - VM Sport<\/title>\n<meta name=\"robots\" content=\"index, follow, max-snippet:-1, max-image-preview:large, max-video-preview:-1\" \/>\n<link rel=\"canonical\" href=\"https:\/\/vmsport.fi\/sv\/integritetspolicy\/\" \/>\n<meta property=\"og:locale\" content=\"sv_SE\" \/>\n<meta property=\"og:type\" content=\"article\" \/>\n<meta property=\"og:title\" content=\"Tietosuojaseloste - VM Sport\" \/>\n<meta property=\"og:description\" content=\"Yritys: Ab Velo-Moto Oy, aputoiminimi VM SportY-tunnus: 3187594-2S\u00e4hk\u00f6posti:\u00a0info@vmsport.fiPuhelin: 06 723 0511Yhteyshenkil\u00f6: Sami Vaskivuo Tietojen ker\u00e4\u00e4misen ja k\u00e4sittelyn peruste Henkil\u00f6tietoja ker\u00e4t\u00e4\u00e4n ja k\u00e4sitell\u00e4\u00e4n asiakassuhteen hoitamisen mahdollistamiseksi. Asiakassuhteen hoitamiseen liittyv\u00e4t esimerkiksi verkkokauppatilauksen toimitus, tilatun tuotteen saapumisesta ilmoittaminen, reklamaatioiden k\u00e4sittely, huollon valmistumisesta ilmoittaminen, rahoitushakemuksen t\u00e4ytt\u00e4minen ja polkupy\u00f6r\u00e4n omistusoikeuden toteaminen. Asiakkaan ei ole pakko luovuttaa tietojaan ostosta tehdess\u00e4\u00e4n, mutta [...]L\u00e4s mer \u2026 from Tietosuojaseloste\" \/>\n<meta property=\"og:url\" content=\"https:\/\/vmsport.fi\/sv\/integritetspolicy\/\" \/>\n<meta property=\"og:site_name\" content=\"VM Sport\" \/>\n<meta property=\"article:publisher\" content=\"https:\/\/www.facebook.com\/Vmsport.fi\/\" \/>\n<meta property=\"article:modified_time\" content=\"2024-11-26T12:42:27+00:00\" \/>\n<meta name=\"twitter:card\" content=\"summary_large_image\" \/>\n<meta name=\"twitter:label1\" content=\"Ber\u00e4knad l\u00e4stid\" \/>\n\t<meta name=\"twitter:data1\" content=\"4 minuter\" \/>\n<script type=\"application\/ld+json\" class=\"yoast-schema-graph\">{\"@context\":\"https:\\\/\\\/schema.org\",\"@graph\":[{\"@type\":\"WebPage\",\"@id\":\"https:\\\/\\\/vmsport.fi\\\/tietosuojaseloste\\\/\",\"url\":\"https:\\\/\\\/vmsport.fi\\\/tietosuojaseloste\\\/\",\"name\":\"Tietosuojaseloste - VM Sport\",\"isPartOf\":{\"@id\":\"https:\\\/\\\/vmsport.fi\\\/#website\"},\"datePublished\":\"2024-11-26T12:33:06+00:00\",\"dateModified\":\"2024-11-26T12:42:27+00:00\",\"breadcrumb\":{\"@id\":\"https:\\\/\\\/vmsport.fi\\\/tietosuojaseloste\\\/#breadcrumb\"},\"inLanguage\":\"sv-SE\",\"potentialAction\":[{\"@type\":\"ReadAction\",\"target\":[\"https:\\\/\\\/vmsport.fi\\\/tietosuojaseloste\\\/\"]}]},{\"@type\":\"BreadcrumbList\",\"@id\":\"https:\\\/\\\/vmsport.fi\\\/tietosuojaseloste\\\/#breadcrumb\",\"itemListElement\":[{\"@type\":\"ListItem\",\"position\":1,\"name\":\"Etusivu\",\"item\":\"https:\\\/\\\/vmsport.fi\\\/\"},{\"@type\":\"ListItem\",\"position\":2,\"name\":\"Tietosuojaseloste\"}]},{\"@type\":\"WebSite\",\"@id\":\"https:\\\/\\\/vmsport.fi\\\/#website\",\"url\":\"https:\\\/\\\/vmsport.fi\\\/\",\"name\":\"Vmsport\",\"description\":\"Kaikki py\u00f6r\u00e4ilyyn yhdest\u00e4 paikasta\",\"publisher\":{\"@id\":\"https:\\\/\\\/vmsport.fi\\\/#organization\"},\"potentialAction\":[{\"@type\":\"SearchAction\",\"target\":{\"@type\":\"EntryPoint\",\"urlTemplate\":\"https:\\\/\\\/vmsport.fi\\\/?s={search_term_string}\"},\"query-input\":{\"@type\":\"PropertyValueSpecification\",\"valueRequired\":true,\"valueName\":\"search_term_string\"}}],\"inLanguage\":\"sv-SE\"},{\"@type\":\"Organization\",\"@id\":\"https:\\\/\\\/vmsport.fi\\\/#organization\",\"name\":\"Vmsport\",\"url\":\"https:\\\/\\\/vmsport.fi\\\/\",\"logo\":{\"@type\":\"ImageObject\",\"inLanguage\":\"sv-SE\",\"@id\":\"https:\\\/\\\/vmsport.fi\\\/#\\\/schema\\\/logo\\\/image\\\/\",\"url\":\"https:\\\/\\\/vmsport.fi\\\/wp-content\\\/uploads\\\/2024\\\/12\\\/vm_sport_RGB_horisontal-e1734526017575.png\",\"contentUrl\":\"https:\\\/\\\/vmsport.fi\\\/wp-content\\\/uploads\\\/2024\\\/12\\\/vm_sport_RGB_horisontal-e1734526017575.png\",\"width\":668,\"height\":85,\"caption\":\"Vmsport\"},\"image\":{\"@id\":\"https:\\\/\\\/vmsport.fi\\\/#\\\/schema\\\/logo\\\/image\\\/\"},\"sameAs\":[\"https:\\\/\\\/www.facebook.com\\\/Vmsport.fi\\\/\",\"https:\\\/\\\/www.instagram.com\\\/vmsport\\\/\"]}]}<\/script>\n<!-- \/ Yoast SEO plugin. -->","yoast_head_json":{"title":"Integritetspolicy - VM Sport","robots":{"index":"index","follow":"follow","max-snippet":"max-snippet:-1","max-image-preview":"max-image-preview:large","max-video-preview":"max-video-preview:-1"},"canonical":"https:\/\/vmsport.fi\/sv\/integritetspolicy\/","og_locale":"sv_SE","og_type":"article","og_title":"Tietosuojaseloste - VM Sport","og_description":"Yritys: Ab Velo-Moto Oy, aputoiminimi VM SportY-tunnus: 3187594-2S\u00e4hk\u00f6posti:\u00a0info@vmsport.fiPuhelin: 06 723 0511Yhteyshenkil\u00f6: Sami Vaskivuo Tietojen ker\u00e4\u00e4misen ja k\u00e4sittelyn peruste Henkil\u00f6tietoja ker\u00e4t\u00e4\u00e4n ja k\u00e4sitell\u00e4\u00e4n asiakassuhteen hoitamisen mahdollistamiseksi. Asiakassuhteen hoitamiseen liittyv\u00e4t esimerkiksi verkkokauppatilauksen toimitus, tilatun tuotteen saapumisesta ilmoittaminen, reklamaatioiden k\u00e4sittely, huollon valmistumisesta ilmoittaminen, rahoitushakemuksen t\u00e4ytt\u00e4minen ja polkupy\u00f6r\u00e4n omistusoikeuden toteaminen. Asiakkaan ei ole pakko luovuttaa tietojaan ostosta tehdess\u00e4\u00e4n, mutta [...]L\u00e4s mer \u2026 from Tietosuojaseloste","og_url":"https:\/\/vmsport.fi\/sv\/integritetspolicy\/","og_site_name":"VM Sport","article_publisher":"https:\/\/www.facebook.com\/Vmsport.fi\/","article_modified_time":"2024-11-26T12:42:27+00:00","twitter_card":"summary_large_image","twitter_misc":{"Ber\u00e4knad l\u00e4stid":"4 minuter"},"schema":{"@context":"https:\/\/schema.org","@graph":[{"@type":"WebPage","@id":"https:\/\/vmsport.fi\/tietosuojaseloste\/","url":"https:\/\/vmsport.fi\/tietosuojaseloste\/","name":"Integritetspolicy - VM Sport","isPartOf":{"@id":"https:\/\/vmsport.fi\/#website"},"datePublished":"2024-11-26T12:33:06+00:00","dateModified":"2024-11-26T12:42:27+00:00","breadcrumb":{"@id":"https:\/\/vmsport.fi\/tietosuojaseloste\/#breadcrumb"},"inLanguage":"sv-SE","potentialAction":[{"@type":"ReadAction","target":["https:\/\/vmsport.fi\/tietosuojaseloste\/"]}]},{"@type":"BreadcrumbList","@id":"https:\/\/vmsport.fi\/tietosuojaseloste\/#breadcrumb","itemListElement":[{"@type":"ListItem","position":1,"name":"Etusivu","item":"https:\/\/vmsport.fi\/"},{"@type":"ListItem","position":2,"name":"Tietosuojaseloste"}]},{"@type":"WebSite","@id":"https:\/\/vmsport.fi\/#website","url":"https:\/\/vmsport.fi\/","name":"Vmsport","description":"Allt p\u00e5 ett st\u00e4lle f\u00f6r cykling","publisher":{"@id":"https:\/\/vmsport.fi\/#organization"},"potentialAction":[{"@type":"SearchAction","target":{"@type":"EntryPoint","urlTemplate":"https:\/\/vmsport.fi\/?s={search_term_string}"},"query-input":{"@type":"PropertyValueSpecification","valueRequired":true,"valueName":"search_term_string"}}],"inLanguage":"sv-SE"},{"@type":"Organization","@id":"https:\/\/vmsport.fi\/#organization","name":"Vmsport","url":"https:\/\/vmsport.fi\/","logo":{"@type":"ImageObject","inLanguage":"sv-SE","@id":"https:\/\/vmsport.fi\/#\/schema\/logo\/image\/","url":"https:\/\/vmsport.fi\/wp-content\/uploads\/2024\/12\/vm_sport_RGB_horisontal-e1734526017575.png","contentUrl":"https:\/\/vmsport.fi\/wp-content\/uploads\/2024\/12\/vm_sport_RGB_horisontal-e1734526017575.png","width":668,"height":85,"caption":"Vmsport"},"image":{"@id":"https:\/\/vmsport.fi\/#\/schema\/logo\/image\/"},"sameAs":["https:\/\/www.facebook.com\/Vmsport.fi\/","https:\/\/www.instagram.com\/vmsport\/"]}]}},"_links":{"self":[{"href":"https:\/\/vmsport.fi\/sv\/wp-json\/wp\/v2\/pages\/39992","targetHints":{"allow":["GET"]}}],"collection":[{"href":"https:\/\/vmsport.fi\/sv\/wp-json\/wp\/v2\/pages"}],"about":[{"href":"https:\/\/vmsport.fi\/sv\/wp-json\/wp\/v2\/types\/page"}],"author":[{"embeddable":true,"href":"https:\/\/vmsport.fi\/sv\/wp-json\/wp\/v2\/users\/1"}],"replies":[{"embeddable":true,"href":"https:\/\/vmsport.fi\/sv\/wp-json\/wp\/v2\/comments?post=39992"}],"version-history":[{"count":0,"href":"https:\/\/vmsport.fi\/sv\/wp-json\/wp\/v2\/pages\/39992\/revisions"}],"wp:attachment":[{"href":"https:\/\/vmsport.fi\/sv\/wp-json\/wp\/v2\/media?parent=39992"}],"curies":[{"name":"wp","href":"https:\/\/api.w.org\/{rel}","templated":true}]}}