{"id":39988,"date":"2024-11-26T14:32:44","date_gmt":"2024-11-26T12:32:44","guid":{"rendered":"https:\/\/vmsport.fi\/?page_id=39988"},"modified":"2025-07-03T15:24:07","modified_gmt":"2025-07-03T12:24:07","slug":"bestallnings-och-leveransvillkor","status":"publish","type":"page","link":"https:\/\/vmsport.fi\/sv\/tilaus-ja-toimitusehdot\/","title":{"rendered":"Best\u00e4llnings- och leveransvillkor"},"content":{"rendered":"<div style=\"height:var(--wp--preset--spacing--70)\" aria-hidden=\"true\" class=\"wp-block-spacer\"><\/div>\n\n\n\n<h2 class=\"wp-block-heading\">Att best\u00e4lla<\/h2>\n\n\n\n<p>Ab Velo-Moto Oy, FO-nummer 3187594-2 s\u00e4ljer produkter i sin webbutik till vuxna konsumenter, f\u00f6retag och organisationer i Finland (nedan \u201cAbonnenten\u201d). <br><br>Best\u00e4llning g\u00f6rs genom att l\u00e4gga produkten i varukorgen i webbutiken och betala f\u00f6r best\u00e4llningen med den valda betalningsmetoden i webbutikens kassa. <br><br>F\u00f6r att genomf\u00f6ra best\u00e4llningen m\u00e5ste abonnenten l\u00e4mna korrekta uppgifter, s\u00e5som f\u00f6rnamn, efternamn, leveransadress, telefonnummer och e-postadress. <br><br>Du kan ocks\u00e5 best\u00e4lla produkter via e-post om du vill. I s\u00e5 fall sker betalningen oftast genom f\u00f6rskottsfaktura.<\/p>\n\n\n\n<div style=\"height:var(--wp--preset--spacing--70)\" aria-hidden=\"true\" class=\"wp-block-spacer\"><\/div>\n\n\n\n<h2 class=\"wp-block-heading\">Leveransavgifter<\/h2>\n\n\n\n<p>Du kan se de slutliga leveranskostnaderna i kassan p\u00e5 n\u00e4tet. Vi anlitar Postens och Matkahuoltos tj\u00e4nster f\u00f6r transport av tillbeh\u00f6r, delar och utrustning. Cyklar transporteras alltid med Kaukokiido<br><br><\/p>\n\n\n\n<h5 class=\"wp-block-heading\">Resetj\u00e4nster<\/h5>\n\n\n\n<p>N\u00e4rliggande paket: 6,90 \u20ac.<br>Hemleverans: 12,90 \u20ac.<\/p>\n\n\n\n<h5 class=\"wp-block-heading\">Maila till<\/h5>\n\n\n\n<p>Postpaket: 7,90 euro<br>Hemleverans: 12,90 \u20ac.<\/p>\n\n\n\n<h5 class=\"wp-block-heading\">Cyklar<\/h5>\n\n\n\n<p>Cyklar under 1000\u20ac, Hemleverans 49\u20ac<\/p>\n\n\n\n<p>Cyklar \u00f6ver 1000 \u20ac, Hemleverans 34,90 \u20ac.<\/p>\n\n\n\n<h5 class=\"wp-block-heading\">H\u00e4mtad fr\u00e5n<\/h5>\n\n\n\n<p>Avh\u00e4mtning fr\u00e5n butiken: 0,00 \u20ac.<\/p>\n\n\n\n<div style=\"height:var(--wp--preset--spacing--70)\" aria-hidden=\"true\" class=\"wp-block-spacer\"><\/div>\n\n\n\n<h2 class=\"wp-block-heading\">Finansiering<\/h2>\n\n\n\n<p>VMSPORT erbjuder finansieringsl\u00f6sningar f\u00f6r att m\u00f6ta alla dina behov.<br>Du har m\u00f6jlighet att aktivera Svean 36 m\u00e5nader direkt i kassan online.<strong> <\/strong>betalningsalternativ samt OP Konsumentkredit f\u00f6r l\u00e4ngre betalningstid.  <a href=\"https:\/\/vmsport.fi\/sv\/finansiering-2\/\">L\u00e4s mer om detta.<\/a><\/p>\n\n\n\n<div style=\"height:var(--wp--preset--spacing--70)\" aria-hidden=\"true\" class=\"wp-block-spacer\"><\/div>\n\n\n\n<h2 class=\"wp-block-heading\">Leverans av cyklar<\/h2>\n\n\n\n<p>Cyklar som best\u00e4lls fr\u00e5n webbutiken monteras och justeras alltid innan de packas och skickas till kunden. <\/p>\n\n\n\n<p>Cykeln \u00e4r packad p\u00e5 ett s\u00e5dant s\u00e4tt att mottagaren bara beh\u00f6ver r\u00e4ta ut styret och justera sadeln till l\u00e4mplig h\u00f6jd. <\/p>\n\n\n\n<p>Alla justeringar och inst\u00e4llningar g\u00f6rs p\u00e5 cykeln enligt kundens \u00f6nskem\u00e5l.<\/p>\n\n\n\n<div style=\"height:var(--wp--preset--spacing--70)\" aria-hidden=\"true\" class=\"wp-block-spacer\"><\/div>\n\n\n\n<h2 class=\"wp-block-heading\">Avkastning<\/h2>\n\n\n\n<p>I enlighet med konsumentskyddslagen har kunden r\u00e4tt att annullera best\u00e4llningen, returnera hela best\u00e4llningen eller en del av best\u00e4llningen inom 14 dagar efter mottagandet av best\u00e4llningen. <\/p>\n\n\n\n<p>\u00c5terbetalning eller avbest\u00e4llning ska alltid meddelas i f\u00f6rv\u00e4g via e-post till info@vmsport.fi. Du kommer att f\u00e5 ett returmeddelande med instruktioner om hur du returnerar din order. <\/p>\n\n\n\n<p>Det \u00e4r inte kostnadsfritt att returnera produkten. Vi kommer att dra av fraktkostnaderna fr\u00e5n det belopp som ska returneras. Den produkt som ska returneras m\u00e5ste vara i sin ursprungliga f\u00f6rs\u00e4ljningsf\u00f6rpackning och i gott skick. <\/p>\n\n\n\n<p>Tejpa till exempel inte fast skokartongen direkt p\u00e5 kartongen, utan anv\u00e4nd skyddsplast eller en separat kartong ovanp\u00e5. Kunden \u00e4r skyldig att ta hand om de returnerade produkterna tills de har returnerats till oss. <\/p>\n\n\n\n<p>V\u00e4nligen packa d\u00e4rf\u00f6r dina returnerade produkter omsorgsfullt. Om den returnerade produkten har anv\u00e4nts i s\u00e5dan utstr\u00e4ckning att den inte l\u00e4ngre kan s\u00e4ljas som ny, kommer vi att dra av v\u00e4rdeminskningsbeloppet fr\u00e5n det belopp som ska returneras. Detta belopp \u00e4r alltid fr\u00e5n fall till fall. <\/p>\n\n\n\n<p>Enbart experimenterande och hantering orsakar inte v\u00e4rdeminskning.<\/p>\n\n\n\n<div style=\"height:var(--wp--preset--spacing--70)\" aria-hidden=\"true\" class=\"wp-block-spacer\"><\/div>\n\n\n\n<h2 class=\"wp-block-heading\">Avbokning<\/h2>\n\n\n\n<p>Om du vill annullera din best\u00e4llning, v\u00e4nligen meddela oss via e-post inom 14 dagar efter din best\u00e4llning till.&nbsp;<a href=\"mailto:info@vmsport.fi\">info@vmsport.fi<\/a>. I e-postmeddelandet ska du ange abonnentens namn, ditt abonnemangsnummer och n\u00e4mna att du vill s\u00e4ga upp ditt abonnemang. Vi kommer att \u00e5terbetala eventuella betalningar som mottagits f\u00f6r best\u00e4llningen s\u00e5 snart som m\u00f6jligt, men senast 14 dagar efter mottagandet av upps\u00e4gningsmeddelandet.&nbsp;<\/p>\n\n\n\n<p>Ett paket som inte h\u00e4mtats ut \u00e4r inte samma sak som en avbest\u00e4lld order. Om din best\u00e4llning returneras till oss utan meddelande om annullering drar vi av hela leverans- och returkostnaden fr\u00e5n det belopp som ska returneras, dock alltid minst 20,00 euro.<\/p>\n\n\n\n<div style=\"height:var(--wp--preset--spacing--70)\" aria-hidden=\"true\" class=\"wp-block-spacer\"><\/div>\n\n\n\n<h2 class=\"wp-block-heading\">F\u00f6rseningar<\/h2>\n\n\n\n<p>De produkter som s\u00e4ljs i v\u00e5r webbutik finns huvudsakligen i v\u00e5rt eget lager, s\u00e5 f\u00f6rseningar \u00e4r s\u00e4llsynta. Om den produkt du best\u00e4ller \u00e4r en \u201cleveransprodukt\u201d eller en f\u00f6rbest\u00e4lld produkt som vi \u00e4nnu inte har i lager, kommer vi alltid att ge dig en leveranstid baserad p\u00e5 v\u00e5r b\u00e4sta kunskap. Vid f\u00f6rseningar med en produkt eller order av denna typ kommer vi alltid att kontakta kunden. Om det beh\u00f6vs kan ordern delas upp i delar och skickas i takt med att produkterna anl\u00e4nder till v\u00e5rt lager.<\/p>\n\n\n\n<div style=\"height:var(--wp--preset--spacing--70)\" aria-hidden=\"true\" class=\"wp-block-spacer\"><\/div>\n\n\n\n<h2 class=\"wp-block-heading\">Annonsering<\/h2>\n\n\n\n<p>Om produkten f\u00f6rsvinner eller skadas under leveransen, v\u00e4nligen rapportera det omedelbart (senast inom 14 dagar) till.&nbsp;<a href=\"mailto:info@vmsport.fi\">info@vmsport.fi<\/a>. Om du ser n\u00e5gon skada p\u00e5 paketet du har mottagit, v\u00e4nligen rapportera det omedelbart till kuriren eller utl\u00e4mningsst\u00e4llet n\u00e4r du tar emot paketet och meddela oss ocks\u00e5 p\u00e5 ovanst\u00e5ende e-postadress.<\/p>\n\n\n\n<p>Om det uppst\u00e5r ett fel p\u00e5 produkten efter att den har installerats, v\u00e4nligen meddela oss omedelbart via e-post. Skicka med en beskrivning av felet, en kopia av orderbekr\u00e4ftelsen fr\u00e5n webbutiken och, om du vill, foton av skadan. Vi kommer att hantera klagom\u00e5l p\u00e5 ett s\u00e5dant s\u00e4tt att det orsakar minsta m\u00f6jliga besv\u00e4r f\u00f6r kunden.<\/p>\n\n\n\n<div style=\"height:var(--wp--preset--spacing--70)\" aria-hidden=\"true\" class=\"wp-block-spacer\"><\/div>","protected":false},"excerpt":{"rendered":"<p>Tilaaminen Ab Velo-Moto Oy, Y-tunnus 3187594-2 myy verkkokaupassaan tuotteita t\u00e4ysi-ik\u00e4isille kuluttajille, yrityksille ja yhteis\u00f6ille Suomessa (my\u00f6hemmin \u201cTilaaja\u201d). Tilaaminen tapahtuu lis\u00e4\u00e4m\u00e4ll\u00e4 verkkokaupassa tuote ostoskoriin ja maksamalla tilaus valitulla maksutavalla verkkokaupan kassalla. Tilauksen t\u00e4ytt\u00e4mist\u00e4 varten tilaajan tulee antaa oikeelliset tiedot, kuten etunimi, sukunimi, toimitusosoite, puhelinnumero ja s\u00e4hk\u00f6postiosoite. Voit tilata tuotteita halutessasi my\u00f6s s\u00e4hk\u00f6postitse. Silloin maksaminen tapahtuu yleisimmin [&#8230;]<\/p>\n<p><a class=\"btn btn-secondary understrap-read-more-link\" href=\"https:\/\/vmsport.fi\/sv\/tilaus-ja-toimitusehdot\/\">L\u00e4s mer \u2026<span class=\"screen-reader-text\"> from Tilaus- ja toimitusehdot<\/span><\/a><\/p>\n","protected":false},"author":1,"featured_media":0,"parent":0,"menu_order":0,"comment_status":"closed","ping_status":"closed","template":"","meta":{"_acf_changed":false,"_improvement_type_select":"improve_an_existing","_thumb_yes_seoaic":false,"_frame_yes_seoaic":false,"seoaic_generate_description":"","seoaic_improve_instructions_prompt":"","seoaic_rollback_content_improvement":"","seoaic_idea_thumbnail_generator":"","thumbnail_generated":false,"thumbnail_generate_prompt":"","seoaic_article_description":"","footnotes":""},"class_list":["post-39988","page","type-page","status-publish","hentry"],"acf":[],"yoast_head":"<!-- This site is optimized with the Yoast SEO plugin v27.3 - https:\/\/yoast.com\/product\/yoast-seo-wordpress\/ -->\n<title>Tilaus- ja toimitusehdot - VM Sport<\/title>\n<meta name=\"robots\" content=\"index, follow, max-snippet:-1, max-image-preview:large, max-video-preview:-1\" \/>\n<link rel=\"canonical\" href=\"https:\/\/vmsport.fi\/sv\/bestallnings-och-leveransvillkor\/\" \/>\n<meta property=\"og:locale\" content=\"sv_SE\" \/>\n<meta property=\"og:type\" content=\"article\" \/>\n<meta property=\"og:title\" content=\"Tilaus- ja toimitusehdot - VM Sport\" \/>\n<meta property=\"og:description\" content=\"Tilaaminen Ab Velo-Moto Oy, Y-tunnus 3187594-2 myy verkkokaupassaan tuotteita t\u00e4ysi-ik\u00e4isille kuluttajille, yrityksille ja yhteis\u00f6ille Suomessa (my\u00f6hemmin \u201cTilaaja\u201d). Tilaaminen tapahtuu lis\u00e4\u00e4m\u00e4ll\u00e4 verkkokaupassa tuote ostoskoriin ja maksamalla tilaus valitulla maksutavalla verkkokaupan kassalla. Tilauksen t\u00e4ytt\u00e4mist\u00e4 varten tilaajan tulee antaa oikeelliset tiedot, kuten etunimi, sukunimi, toimitusosoite, puhelinnumero ja s\u00e4hk\u00f6postiosoite. Voit tilata tuotteita halutessasi my\u00f6s s\u00e4hk\u00f6postitse. Silloin maksaminen tapahtuu yleisimmin [...]L\u00e4s mer \u2026 from Tilaus- ja toimitusehdot\" \/>\n<meta property=\"og:url\" content=\"https:\/\/vmsport.fi\/sv\/bestallnings-och-leveransvillkor\/\" \/>\n<meta property=\"og:site_name\" content=\"VM Sport\" \/>\n<meta property=\"article:publisher\" content=\"https:\/\/www.facebook.com\/Vmsport.fi\/\" \/>\n<meta property=\"article:modified_time\" content=\"2025-07-03T12:24:07+00:00\" \/>\n<meta name=\"twitter:card\" content=\"summary_large_image\" \/>\n<meta name=\"twitter:label1\" content=\"Ber\u00e4knad l\u00e4stid\" \/>\n\t<meta name=\"twitter:data1\" content=\"4 minuter\" \/>\n<script type=\"application\/ld+json\" class=\"yoast-schema-graph\">{\"@context\":\"https:\\\/\\\/schema.org\",\"@graph\":[{\"@type\":\"WebPage\",\"@id\":\"https:\\\/\\\/vmsport.fi\\\/tilaus-ja-toimitusehdot\\\/\",\"url\":\"https:\\\/\\\/vmsport.fi\\\/tilaus-ja-toimitusehdot\\\/\",\"name\":\"Tilaus- ja toimitusehdot - VM Sport\",\"isPartOf\":{\"@id\":\"https:\\\/\\\/vmsport.fi\\\/#website\"},\"datePublished\":\"2024-11-26T12:32:44+00:00\",\"dateModified\":\"2025-07-03T12:24:07+00:00\",\"breadcrumb\":{\"@id\":\"https:\\\/\\\/vmsport.fi\\\/tilaus-ja-toimitusehdot\\\/#breadcrumb\"},\"inLanguage\":\"sv-SE\",\"potentialAction\":[{\"@type\":\"ReadAction\",\"target\":[\"https:\\\/\\\/vmsport.fi\\\/tilaus-ja-toimitusehdot\\\/\"]}]},{\"@type\":\"BreadcrumbList\",\"@id\":\"https:\\\/\\\/vmsport.fi\\\/tilaus-ja-toimitusehdot\\\/#breadcrumb\",\"itemListElement\":[{\"@type\":\"ListItem\",\"position\":1,\"name\":\"Etusivu\",\"item\":\"https:\\\/\\\/vmsport.fi\\\/\"},{\"@type\":\"ListItem\",\"position\":2,\"name\":\"Tilaus- ja toimitusehdot\"}]},{\"@type\":\"WebSite\",\"@id\":\"https:\\\/\\\/vmsport.fi\\\/#website\",\"url\":\"https:\\\/\\\/vmsport.fi\\\/\",\"name\":\"Vmsport\",\"description\":\"Kaikki py\u00f6r\u00e4ilyyn yhdest\u00e4 paikasta\",\"publisher\":{\"@id\":\"https:\\\/\\\/vmsport.fi\\\/#organization\"},\"potentialAction\":[{\"@type\":\"SearchAction\",\"target\":{\"@type\":\"EntryPoint\",\"urlTemplate\":\"https:\\\/\\\/vmsport.fi\\\/?s={search_term_string}\"},\"query-input\":{\"@type\":\"PropertyValueSpecification\",\"valueRequired\":true,\"valueName\":\"search_term_string\"}}],\"inLanguage\":\"sv-SE\"},{\"@type\":\"Organization\",\"@id\":\"https:\\\/\\\/vmsport.fi\\\/#organization\",\"name\":\"Vmsport\",\"url\":\"https:\\\/\\\/vmsport.fi\\\/\",\"logo\":{\"@type\":\"ImageObject\",\"inLanguage\":\"sv-SE\",\"@id\":\"https:\\\/\\\/vmsport.fi\\\/#\\\/schema\\\/logo\\\/image\\\/\",\"url\":\"https:\\\/\\\/vmsport.fi\\\/wp-content\\\/uploads\\\/2024\\\/12\\\/vm_sport_RGB_horisontal-e1734526017575.png\",\"contentUrl\":\"https:\\\/\\\/vmsport.fi\\\/wp-content\\\/uploads\\\/2024\\\/12\\\/vm_sport_RGB_horisontal-e1734526017575.png\",\"width\":668,\"height\":85,\"caption\":\"Vmsport\"},\"image\":{\"@id\":\"https:\\\/\\\/vmsport.fi\\\/#\\\/schema\\\/logo\\\/image\\\/\"},\"sameAs\":[\"https:\\\/\\\/www.facebook.com\\\/Vmsport.fi\\\/\",\"https:\\\/\\\/www.instagram.com\\\/vmsport\\\/\"]}]}<\/script>\n<!-- \/ Yoast SEO plugin. -->","yoast_head_json":{"title":"Villkor och anvisningar - VM Sport","robots":{"index":"index","follow":"follow","max-snippet":"max-snippet:-1","max-image-preview":"max-image-preview:large","max-video-preview":"max-video-preview:-1"},"canonical":"https:\/\/vmsport.fi\/sv\/bestallnings-och-leveransvillkor\/","og_locale":"sv_SE","og_type":"article","og_title":"Tilaus- ja toimitusehdot - VM Sport","og_description":"Tilaaminen Ab Velo-Moto Oy, Y-tunnus 3187594-2 myy verkkokaupassaan tuotteita t\u00e4ysi-ik\u00e4isille kuluttajille, yrityksille ja yhteis\u00f6ille Suomessa (my\u00f6hemmin \u201cTilaaja\u201d). Tilaaminen tapahtuu lis\u00e4\u00e4m\u00e4ll\u00e4 verkkokaupassa tuote ostoskoriin ja maksamalla tilaus valitulla maksutavalla verkkokaupan kassalla. Tilauksen t\u00e4ytt\u00e4mist\u00e4 varten tilaajan tulee antaa oikeelliset tiedot, kuten etunimi, sukunimi, toimitusosoite, puhelinnumero ja s\u00e4hk\u00f6postiosoite. Voit tilata tuotteita halutessasi my\u00f6s s\u00e4hk\u00f6postitse. Silloin maksaminen tapahtuu yleisimmin [...]L\u00e4s mer \u2026 from Tilaus- ja toimitusehdot","og_url":"https:\/\/vmsport.fi\/sv\/bestallnings-och-leveransvillkor\/","og_site_name":"VM Sport","article_publisher":"https:\/\/www.facebook.com\/Vmsport.fi\/","article_modified_time":"2025-07-03T12:24:07+00:00","twitter_card":"summary_large_image","twitter_misc":{"Ber\u00e4knad l\u00e4stid":"4 minuter"},"schema":{"@context":"https:\/\/schema.org","@graph":[{"@type":"WebPage","@id":"https:\/\/vmsport.fi\/tilaus-ja-toimitusehdot\/","url":"https:\/\/vmsport.fi\/tilaus-ja-toimitusehdot\/","name":"Villkor och anvisningar - VM Sport","isPartOf":{"@id":"https:\/\/vmsport.fi\/#website"},"datePublished":"2024-11-26T12:32:44+00:00","dateModified":"2025-07-03T12:24:07+00:00","breadcrumb":{"@id":"https:\/\/vmsport.fi\/tilaus-ja-toimitusehdot\/#breadcrumb"},"inLanguage":"sv-SE","potentialAction":[{"@type":"ReadAction","target":["https:\/\/vmsport.fi\/tilaus-ja-toimitusehdot\/"]}]},{"@type":"BreadcrumbList","@id":"https:\/\/vmsport.fi\/tilaus-ja-toimitusehdot\/#breadcrumb","itemListElement":[{"@type":"ListItem","position":1,"name":"Etusivu","item":"https:\/\/vmsport.fi\/"},{"@type":"ListItem","position":2,"name":"Tilaus- ja toimitusehdot"}]},{"@type":"WebSite","@id":"https:\/\/vmsport.fi\/#website","url":"https:\/\/vmsport.fi\/","name":"Vmsport","description":"Allt p\u00e5 ett st\u00e4lle f\u00f6r cykling","publisher":{"@id":"https:\/\/vmsport.fi\/#organization"},"potentialAction":[{"@type":"SearchAction","target":{"@type":"EntryPoint","urlTemplate":"https:\/\/vmsport.fi\/?s={search_term_string}"},"query-input":{"@type":"PropertyValueSpecification","valueRequired":true,"valueName":"search_term_string"}}],"inLanguage":"sv-SE"},{"@type":"Organization","@id":"https:\/\/vmsport.fi\/#organization","name":"Vmsport","url":"https:\/\/vmsport.fi\/","logo":{"@type":"ImageObject","inLanguage":"sv-SE","@id":"https:\/\/vmsport.fi\/#\/schema\/logo\/image\/","url":"https:\/\/vmsport.fi\/wp-content\/uploads\/2024\/12\/vm_sport_RGB_horisontal-e1734526017575.png","contentUrl":"https:\/\/vmsport.fi\/wp-content\/uploads\/2024\/12\/vm_sport_RGB_horisontal-e1734526017575.png","width":668,"height":85,"caption":"Vmsport"},"image":{"@id":"https:\/\/vmsport.fi\/#\/schema\/logo\/image\/"},"sameAs":["https:\/\/www.facebook.com\/Vmsport.fi\/","https:\/\/www.instagram.com\/vmsport\/"]}]}},"_links":{"self":[{"href":"https:\/\/vmsport.fi\/sv\/wp-json\/wp\/v2\/pages\/39988","targetHints":{"allow":["GET"]}}],"collection":[{"href":"https:\/\/vmsport.fi\/sv\/wp-json\/wp\/v2\/pages"}],"about":[{"href":"https:\/\/vmsport.fi\/sv\/wp-json\/wp\/v2\/types\/page"}],"author":[{"embeddable":true,"href":"https:\/\/vmsport.fi\/sv\/wp-json\/wp\/v2\/users\/1"}],"replies":[{"embeddable":true,"href":"https:\/\/vmsport.fi\/sv\/wp-json\/wp\/v2\/comments?post=39988"}],"version-history":[{"count":0,"href":"https:\/\/vmsport.fi\/sv\/wp-json\/wp\/v2\/pages\/39988\/revisions"}],"wp:attachment":[{"href":"https:\/\/vmsport.fi\/sv\/wp-json\/wp\/v2\/media?parent=39988"}],"curies":[{"name":"wp","href":"https:\/\/api.w.org\/{rel}","templated":true}]}}