{"id":23415,"date":"2024-11-18T10:45:12","date_gmt":"2024-11-18T08:45:12","guid":{"rendered":"https:\/\/vmsport.fi\/?page_id=23415"},"modified":"2025-12-15T15:51:00","modified_gmt":"2025-12-15T13:51:00","slug":"ol","status":"publish","type":"page","link":"https:\/\/vmsport.fi\/sv\/ale\/","title":{"rendered":"Uppt\u00e4ckarh\u00f6rna"},"content":{"rendered":"<p>Letar du efter en billig elcykel p\u00e5 erbjudande? Hitta billiga cyklar till rabatterade priser - herr- och damcyklar samt barncykelerbjudanden. Alessa erbjuder elcyklar, barncyklar, mountainbikes och stadscyklar till specialpriser. Bl\u00e4ddra bland cykelerbjudanden och s\u00e4kra den b\u00e4sta aff\u00e4ren innan erbjudandena tar slut!<\/p>","protected":false},"excerpt":{"rendered":"<p>Etsitk\u00f6 edullista s\u00e4hk\u00f6polkupy\u00f6r\u00e4\u00e4 tarjouksesta? L\u00f6yt\u00f6nurkasta l\u00f6yd\u00e4t edulliset polkupy\u00f6r\u00e4t alennettuun hintaan &#8211; miesten ja naisten polkupy\u00f6r\u00e4t sek\u00e4 lasten polkupy\u00f6r\u00e4 tarjoukset. Alessa s\u00e4hk\u00f6py\u00f6r\u00e4t, lastenpy\u00f6r\u00e4t, maastopy\u00f6r\u00e4t ja kaupunkipy\u00f6r\u00e4t erikoishintaan. Selaa polkupy\u00f6r\u00e4 tarjoukset ja varmista paras diili ennen kuin tarjoukset loppuvat! [&#8230;]<\/p>\n<p><a class=\"btn btn-secondary understrap-read-more-link\" href=\"https:\/\/vmsport.fi\/sv\/ale\/\">L\u00e4s mer \u2026<span class=\"screen-reader-text\"> from L\u00f6yt\u00f6nurkka<\/span><\/a><\/p>\n","protected":false},"author":1,"featured_media":0,"parent":0,"menu_order":0,"comment_status":"closed","ping_status":"closed","template":"page-templates\/fake-archive.php","meta":{"_acf_changed":false,"_improvement_type_select":"improve_an_existing","_thumb_yes_seoaic":false,"_frame_yes_seoaic":false,"seoaic_generate_description":"","seoaic_improve_instructions_prompt":"","seoaic_rollback_content_improvement":"","seoaic_idea_thumbnail_generator":"","thumbnail_generated":false,"thumbnail_generate_prompt":"","seoaic_article_description":"","footnotes":""},"class_list":["post-23415","page","type-page","status-publish","hentry"],"acf":[],"yoast_head":"<!-- This site is optimized with the Yoast SEO plugin v27.3 - https:\/\/yoast.com\/product\/yoast-seo-wordpress\/ -->\n<title>Polkupy\u00f6r\u00e4 tarjoukset - VM Sport<\/title>\n<meta name=\"description\" content=\"L\u00f6yd\u00e4 parhaat polkupy\u00f6r\u00e4 tarjoukset ja alennukset. Naisten ja miesten s\u00e4hk\u00f6py\u00f6ri\u00e4 ja polkupy\u00f6ri\u00e4. Tarjoamme nopeat toimitukset.\" \/>\n<meta name=\"robots\" content=\"index, follow, max-snippet:-1, max-image-preview:large, max-video-preview:-1\" \/>\n<link rel=\"canonical\" href=\"https:\/\/vmsport.fi\/sv\/ol\/\" \/>\n<meta property=\"og:locale\" content=\"sv_SE\" \/>\n<meta property=\"og:type\" content=\"article\" \/>\n<meta property=\"og:title\" content=\"Polkupy\u00f6r\u00e4 tarjoukset - VM Sport\" \/>\n<meta property=\"og:description\" content=\"L\u00f6yd\u00e4 parhaat polkupy\u00f6r\u00e4 tarjoukset ja alennukset. Naisten ja miesten s\u00e4hk\u00f6py\u00f6ri\u00e4 ja polkupy\u00f6ri\u00e4. Tarjoamme nopeat toimitukset.\" \/>\n<meta property=\"og:url\" content=\"https:\/\/vmsport.fi\/sv\/ol\/\" \/>\n<meta property=\"og:site_name\" content=\"VM Sport\" \/>\n<meta property=\"article:publisher\" content=\"https:\/\/www.facebook.com\/Vmsport.fi\/\" \/>\n<meta property=\"article:modified_time\" content=\"2025-12-15T13:51:00+00:00\" \/>\n<meta name=\"twitter:card\" content=\"summary_large_image\" \/>\n<meta name=\"twitter:label1\" content=\"Ber\u00e4knad l\u00e4stid\" \/>\n\t<meta name=\"twitter:data1\" content=\"1 minut\" \/>\n<script type=\"application\/ld+json\" class=\"yoast-schema-graph\">{\"@context\":\"https:\\\/\\\/schema.org\",\"@graph\":[{\"@type\":\"WebPage\",\"@id\":\"https:\\\/\\\/vmsport.fi\\\/ale\\\/\",\"url\":\"https:\\\/\\\/vmsport.fi\\\/ale\\\/\",\"name\":\"Polkupy\u00f6r\u00e4 tarjoukset - VM Sport\",\"isPartOf\":{\"@id\":\"https:\\\/\\\/vmsport.fi\\\/#website\"},\"datePublished\":\"2024-11-18T08:45:12+00:00\",\"dateModified\":\"2025-12-15T13:51:00+00:00\",\"description\":\"L\u00f6yd\u00e4 parhaat polkupy\u00f6r\u00e4 tarjoukset ja alennukset. Naisten ja miesten s\u00e4hk\u00f6py\u00f6ri\u00e4 ja polkupy\u00f6ri\u00e4. Tarjoamme nopeat toimitukset.\",\"breadcrumb\":{\"@id\":\"https:\\\/\\\/vmsport.fi\\\/ale\\\/#breadcrumb\"},\"inLanguage\":\"sv-SE\",\"potentialAction\":[{\"@type\":\"ReadAction\",\"target\":[\"https:\\\/\\\/vmsport.fi\\\/ale\\\/\"]}]},{\"@type\":\"BreadcrumbList\",\"@id\":\"https:\\\/\\\/vmsport.fi\\\/ale\\\/#breadcrumb\",\"itemListElement\":[{\"@type\":\"ListItem\",\"position\":1,\"name\":\"Etusivu\",\"item\":\"https:\\\/\\\/vmsport.fi\\\/\"},{\"@type\":\"ListItem\",\"position\":2,\"name\":\"L\u00f6yt\u00f6nurkka\"}]},{\"@type\":\"WebSite\",\"@id\":\"https:\\\/\\\/vmsport.fi\\\/#website\",\"url\":\"https:\\\/\\\/vmsport.fi\\\/\",\"name\":\"Vmsport\",\"description\":\"Kaikki py\u00f6r\u00e4ilyyn yhdest\u00e4 paikasta\",\"publisher\":{\"@id\":\"https:\\\/\\\/vmsport.fi\\\/#organization\"},\"potentialAction\":[{\"@type\":\"SearchAction\",\"target\":{\"@type\":\"EntryPoint\",\"urlTemplate\":\"https:\\\/\\\/vmsport.fi\\\/?s={search_term_string}\"},\"query-input\":{\"@type\":\"PropertyValueSpecification\",\"valueRequired\":true,\"valueName\":\"search_term_string\"}}],\"inLanguage\":\"sv-SE\"},{\"@type\":\"Organization\",\"@id\":\"https:\\\/\\\/vmsport.fi\\\/#organization\",\"name\":\"Vmsport\",\"url\":\"https:\\\/\\\/vmsport.fi\\\/\",\"logo\":{\"@type\":\"ImageObject\",\"inLanguage\":\"sv-SE\",\"@id\":\"https:\\\/\\\/vmsport.fi\\\/#\\\/schema\\\/logo\\\/image\\\/\",\"url\":\"https:\\\/\\\/vmsport.fi\\\/wp-content\\\/uploads\\\/2024\\\/12\\\/vm_sport_RGB_horisontal-e1734526017575.png\",\"contentUrl\":\"https:\\\/\\\/vmsport.fi\\\/wp-content\\\/uploads\\\/2024\\\/12\\\/vm_sport_RGB_horisontal-e1734526017575.png\",\"width\":668,\"height\":85,\"caption\":\"Vmsport\"},\"image\":{\"@id\":\"https:\\\/\\\/vmsport.fi\\\/#\\\/schema\\\/logo\\\/image\\\/\"},\"sameAs\":[\"https:\\\/\\\/www.facebook.com\\\/Vmsport.fi\\\/\",\"https:\\\/\\\/www.instagram.com\\\/vmsport\\\/\"]}]}<\/script>\n<!-- \/ Yoast SEO plugin. -->","yoast_head_json":{"title":"Erbjudanden p\u00e5 cyklar - VM Sport","description":"Hitta de b\u00e4sta cykelerbjudandena och rabatterna. Elcyklar och cyklar f\u00f6r kvinnor och m\u00e4n. Vi erbjuder snabb leverans.","robots":{"index":"index","follow":"follow","max-snippet":"max-snippet:-1","max-image-preview":"max-image-preview:large","max-video-preview":"max-video-preview:-1"},"canonical":"https:\/\/vmsport.fi\/sv\/ol\/","og_locale":"sv_SE","og_type":"article","og_title":"Polkupy\u00f6r\u00e4 tarjoukset - VM Sport","og_description":"L\u00f6yd\u00e4 parhaat polkupy\u00f6r\u00e4 tarjoukset ja alennukset. Naisten ja miesten s\u00e4hk\u00f6py\u00f6ri\u00e4 ja polkupy\u00f6ri\u00e4. Tarjoamme nopeat toimitukset.","og_url":"https:\/\/vmsport.fi\/sv\/ol\/","og_site_name":"VM Sport","article_publisher":"https:\/\/www.facebook.com\/Vmsport.fi\/","article_modified_time":"2025-12-15T13:51:00+00:00","twitter_card":"summary_large_image","twitter_misc":{"Ber\u00e4knad l\u00e4stid":"1 minut"},"schema":{"@context":"https:\/\/schema.org","@graph":[{"@type":"WebPage","@id":"https:\/\/vmsport.fi\/ale\/","url":"https:\/\/vmsport.fi\/ale\/","name":"Erbjudanden p\u00e5 cyklar - VM Sport","isPartOf":{"@id":"https:\/\/vmsport.fi\/#website"},"datePublished":"2024-11-18T08:45:12+00:00","dateModified":"2025-12-15T13:51:00+00:00","description":"Hitta de b\u00e4sta cykelerbjudandena och rabatterna. Elcyklar och cyklar f\u00f6r kvinnor och m\u00e4n. Vi erbjuder snabb leverans.","breadcrumb":{"@id":"https:\/\/vmsport.fi\/ale\/#breadcrumb"},"inLanguage":"sv-SE","potentialAction":[{"@type":"ReadAction","target":["https:\/\/vmsport.fi\/ale\/"]}]},{"@type":"BreadcrumbList","@id":"https:\/\/vmsport.fi\/ale\/#breadcrumb","itemListElement":[{"@type":"ListItem","position":1,"name":"Etusivu","item":"https:\/\/vmsport.fi\/"},{"@type":"ListItem","position":2,"name":"L\u00f6yt\u00f6nurkka"}]},{"@type":"WebSite","@id":"https:\/\/vmsport.fi\/#website","url":"https:\/\/vmsport.fi\/","name":"Vmsport","description":"Allt p\u00e5 ett st\u00e4lle f\u00f6r cykling","publisher":{"@id":"https:\/\/vmsport.fi\/#organization"},"potentialAction":[{"@type":"SearchAction","target":{"@type":"EntryPoint","urlTemplate":"https:\/\/vmsport.fi\/?s={search_term_string}"},"query-input":{"@type":"PropertyValueSpecification","valueRequired":true,"valueName":"search_term_string"}}],"inLanguage":"sv-SE"},{"@type":"Organization","@id":"https:\/\/vmsport.fi\/#organization","name":"Vmsport","url":"https:\/\/vmsport.fi\/","logo":{"@type":"ImageObject","inLanguage":"sv-SE","@id":"https:\/\/vmsport.fi\/#\/schema\/logo\/image\/","url":"https:\/\/vmsport.fi\/wp-content\/uploads\/2024\/12\/vm_sport_RGB_horisontal-e1734526017575.png","contentUrl":"https:\/\/vmsport.fi\/wp-content\/uploads\/2024\/12\/vm_sport_RGB_horisontal-e1734526017575.png","width":668,"height":85,"caption":"Vmsport"},"image":{"@id":"https:\/\/vmsport.fi\/#\/schema\/logo\/image\/"},"sameAs":["https:\/\/www.facebook.com\/Vmsport.fi\/","https:\/\/www.instagram.com\/vmsport\/"]}]}},"_links":{"self":[{"href":"https:\/\/vmsport.fi\/sv\/wp-json\/wp\/v2\/pages\/23415","targetHints":{"allow":["GET"]}}],"collection":[{"href":"https:\/\/vmsport.fi\/sv\/wp-json\/wp\/v2\/pages"}],"about":[{"href":"https:\/\/vmsport.fi\/sv\/wp-json\/wp\/v2\/types\/page"}],"author":[{"embeddable":true,"href":"https:\/\/vmsport.fi\/sv\/wp-json\/wp\/v2\/users\/1"}],"replies":[{"embeddable":true,"href":"https:\/\/vmsport.fi\/sv\/wp-json\/wp\/v2\/comments?post=23415"}],"version-history":[{"count":7,"href":"https:\/\/vmsport.fi\/sv\/wp-json\/wp\/v2\/pages\/23415\/revisions"}],"predecessor-version":[{"id":62369,"href":"https:\/\/vmsport.fi\/sv\/wp-json\/wp\/v2\/pages\/23415\/revisions\/62369"}],"wp:attachment":[{"href":"https:\/\/vmsport.fi\/sv\/wp-json\/wp\/v2\/media?parent=23415"}],"curies":[{"name":"wp","href":"https:\/\/api.w.org\/{rel}","templated":true}]}}