{"id":1732,"date":"2024-10-03T15:19:16","date_gmt":"2024-10-03T12:19:16","guid":{"rendered":"https:\/\/vmsport.fi\/?page_id=1732"},"modified":"2025-02-10T13:32:47","modified_gmt":"2025-02-10T11:32:47","slug":"vart-varumarke","status":"publish","type":"page","link":"https:\/\/vmsport.fi\/sv\/merkkimme\/","title":{"rendered":"V\u00e5rt varum\u00e4rke"},"content":{"rendered":"<p>Om man fr\u00e5gar n\u00e5gon skulle det vara l\u00e4tt att s\u00e4ga att VM-Sport \u00e4r verksamt inom cykelbranschen. Det \u00e4r sant, men vi vill se det fr\u00e5n en annan vinkel. V\u00e5rt uppdrag \u00e4r att erbjuda v\u00e5ra kunder en k\u00e4nsla av frihet genom en holistisk och kvalitativ cykelupplevelse. Denna upplevelse inkluderar de produkter och tj\u00e4nster vi s\u00e4ljer, liksom den k\u00e4nsla du f\u00e5r n\u00e4r du tr\u00e4ffar n\u00e5gon av oss p\u00e5 VM-Sport genom n\u00e5gon kanal.<\/p>","protected":false},"excerpt":{"rendered":"<p>Kysytt\u00e4ess\u00e4 olisi helppo todeta, ett\u00e4 VM-Sport toimii py\u00f6r\u00e4kaupan alalla. Se pit\u00e4\u00e4 paikkansa, mutta haluamme ajatella asiaa hieman toiselta kantilta. Meid\u00e4n teht\u00e4v\u00e4mme on tarjota asiakkaillemme vapauden tunnetta kokonaisvaltaisen ja laadukkaan py\u00f6r\u00e4ilykokemuksen kautta. T\u00e4h\u00e4n kokemukseen nivoutuvat niin myym\u00e4mme tuotteet ja palvelut kuin my\u00f6s se, mik\u00e4 tunne sinulle tulee aina kun kohtaat jonkun meist\u00e4 VM-Sportilaisista asioidessasi mink\u00e4 tahansa [&#8230;]<\/p>\n<p><a class=\"btn btn-secondary understrap-read-more-link\" href=\"https:\/\/vmsport.fi\/sv\/merkkimme\/\">L\u00e4s mer \u2026<span class=\"screen-reader-text\"> from Merkkimme<\/span><\/a><\/p>\n","protected":false},"author":1,"featured_media":40223,"parent":0,"menu_order":0,"comment_status":"closed","ping_status":"closed","template":"page-templates\/fake-archive.php","meta":{"_acf_changed":false,"_improvement_type_select":"improve_an_existing","_thumb_yes_seoaic":false,"_frame_yes_seoaic":false,"seoaic_generate_description":"","seoaic_improve_instructions_prompt":"","seoaic_rollback_content_improvement":"","seoaic_idea_thumbnail_generator":"","thumbnail_generated":false,"thumbnail_generate_prompt":"","seoaic_article_description":"","footnotes":""},"class_list":["post-1732","page","type-page","status-publish","has-post-thumbnail","hentry"],"acf":[],"yoast_head":"<!-- This site is optimized with the Yoast SEO plugin v27.3 - https:\/\/yoast.com\/product\/yoast-seo-wordpress\/ -->\n<title>Merkkimme - VM Sport<\/title>\n<meta name=\"robots\" content=\"index, follow, max-snippet:-1, max-image-preview:large, max-video-preview:-1\" \/>\n<link rel=\"canonical\" href=\"https:\/\/vmsport.fi\/sv\/vart-varumarke\/\" \/>\n<meta property=\"og:locale\" content=\"sv_SE\" \/>\n<meta property=\"og:type\" content=\"article\" \/>\n<meta property=\"og:title\" content=\"Merkkimme - VM Sport\" \/>\n<meta property=\"og:description\" content=\"Kysytt\u00e4ess\u00e4 olisi helppo todeta, ett\u00e4 VM-Sport toimii py\u00f6r\u00e4kaupan alalla. Se pit\u00e4\u00e4 paikkansa, mutta haluamme ajatella asiaa hieman toiselta kantilta. Meid\u00e4n teht\u00e4v\u00e4mme on tarjota asiakkaillemme vapauden tunnetta kokonaisvaltaisen ja laadukkaan py\u00f6r\u00e4ilykokemuksen kautta. T\u00e4h\u00e4n kokemukseen nivoutuvat niin myym\u00e4mme tuotteet ja palvelut kuin my\u00f6s se, mik\u00e4 tunne sinulle tulee aina kun kohtaat jonkun meist\u00e4 VM-Sportilaisista asioidessasi mink\u00e4 tahansa [...]L\u00e4s mer \u2026 from Merkkimme\" \/>\n<meta property=\"og:url\" content=\"https:\/\/vmsport.fi\/sv\/vart-varumarke\/\" \/>\n<meta property=\"og:site_name\" content=\"VM Sport\" \/>\n<meta property=\"article:publisher\" content=\"https:\/\/www.facebook.com\/Vmsport.fi\/\" \/>\n<meta property=\"article:modified_time\" content=\"2025-02-10T11:32:47+00:00\" \/>\n<meta property=\"og:image\" content=\"https:\/\/vmsport.fi\/wp-content\/uploads\/2024\/11\/6303_Mountain-Cross-6.webp\" \/>\n\t<meta property=\"og:image:width\" content=\"1200\" \/>\n\t<meta property=\"og:image:height\" content=\"575\" \/>\n\t<meta property=\"og:image:type\" content=\"image\/webp\" \/>\n<meta name=\"twitter:card\" content=\"summary_large_image\" \/>\n<meta name=\"twitter:label1\" content=\"Ber\u00e4knad l\u00e4stid\" \/>\n\t<meta name=\"twitter:data1\" content=\"1 minut\" \/>\n<script type=\"application\/ld+json\" class=\"yoast-schema-graph\">{\"@context\":\"https:\\\/\\\/schema.org\",\"@graph\":[{\"@type\":\"WebPage\",\"@id\":\"https:\\\/\\\/vmsport.fi\\\/merkkimme\\\/\",\"url\":\"https:\\\/\\\/vmsport.fi\\\/merkkimme\\\/\",\"name\":\"Merkkimme - VM Sport\",\"isPartOf\":{\"@id\":\"https:\\\/\\\/vmsport.fi\\\/#website\"},\"primaryImageOfPage\":{\"@id\":\"https:\\\/\\\/vmsport.fi\\\/merkkimme\\\/#primaryimage\"},\"image\":{\"@id\":\"https:\\\/\\\/vmsport.fi\\\/merkkimme\\\/#primaryimage\"},\"thumbnailUrl\":\"https:\\\/\\\/vmsport.fi\\\/wp-content\\\/uploads\\\/2024\\\/11\\\/6303_Mountain-Cross-6.webp\",\"datePublished\":\"2024-10-03T12:19:16+00:00\",\"dateModified\":\"2025-02-10T11:32:47+00:00\",\"breadcrumb\":{\"@id\":\"https:\\\/\\\/vmsport.fi\\\/merkkimme\\\/#breadcrumb\"},\"inLanguage\":\"sv-SE\",\"potentialAction\":[{\"@type\":\"ReadAction\",\"target\":[\"https:\\\/\\\/vmsport.fi\\\/merkkimme\\\/\"]}]},{\"@type\":\"ImageObject\",\"inLanguage\":\"sv-SE\",\"@id\":\"https:\\\/\\\/vmsport.fi\\\/merkkimme\\\/#primaryimage\",\"url\":\"https:\\\/\\\/vmsport.fi\\\/wp-content\\\/uploads\\\/2024\\\/11\\\/6303_Mountain-Cross-6.webp\",\"contentUrl\":\"https:\\\/\\\/vmsport.fi\\\/wp-content\\\/uploads\\\/2024\\\/11\\\/6303_Mountain-Cross-6.webp\",\"width\":1200,\"height\":575},{\"@type\":\"BreadcrumbList\",\"@id\":\"https:\\\/\\\/vmsport.fi\\\/merkkimme\\\/#breadcrumb\",\"itemListElement\":[{\"@type\":\"ListItem\",\"position\":1,\"name\":\"Etusivu\",\"item\":\"https:\\\/\\\/vmsport.fi\\\/\"},{\"@type\":\"ListItem\",\"position\":2,\"name\":\"Merkkimme\"}]},{\"@type\":\"WebSite\",\"@id\":\"https:\\\/\\\/vmsport.fi\\\/#website\",\"url\":\"https:\\\/\\\/vmsport.fi\\\/\",\"name\":\"Vmsport\",\"description\":\"Kaikki py\u00f6r\u00e4ilyyn yhdest\u00e4 paikasta\",\"publisher\":{\"@id\":\"https:\\\/\\\/vmsport.fi\\\/#organization\"},\"potentialAction\":[{\"@type\":\"SearchAction\",\"target\":{\"@type\":\"EntryPoint\",\"urlTemplate\":\"https:\\\/\\\/vmsport.fi\\\/?s={search_term_string}\"},\"query-input\":{\"@type\":\"PropertyValueSpecification\",\"valueRequired\":true,\"valueName\":\"search_term_string\"}}],\"inLanguage\":\"sv-SE\"},{\"@type\":\"Organization\",\"@id\":\"https:\\\/\\\/vmsport.fi\\\/#organization\",\"name\":\"Vmsport\",\"url\":\"https:\\\/\\\/vmsport.fi\\\/\",\"logo\":{\"@type\":\"ImageObject\",\"inLanguage\":\"sv-SE\",\"@id\":\"https:\\\/\\\/vmsport.fi\\\/#\\\/schema\\\/logo\\\/image\\\/\",\"url\":\"https:\\\/\\\/vmsport.fi\\\/wp-content\\\/uploads\\\/2024\\\/12\\\/vm_sport_RGB_horisontal-e1734526017575.png\",\"contentUrl\":\"https:\\\/\\\/vmsport.fi\\\/wp-content\\\/uploads\\\/2024\\\/12\\\/vm_sport_RGB_horisontal-e1734526017575.png\",\"width\":668,\"height\":85,\"caption\":\"Vmsport\"},\"image\":{\"@id\":\"https:\\\/\\\/vmsport.fi\\\/#\\\/schema\\\/logo\\\/image\\\/\"},\"sameAs\":[\"https:\\\/\\\/www.facebook.com\\\/Vmsport.fi\\\/\",\"https:\\\/\\\/www.instagram.com\\\/vmsport\\\/\"]}]}<\/script>\n<!-- \/ Yoast SEO plugin. -->","yoast_head_json":{"title":"V\u00e5ra varum\u00e4rken - VM Sport","robots":{"index":"index","follow":"follow","max-snippet":"max-snippet:-1","max-image-preview":"max-image-preview:large","max-video-preview":"max-video-preview:-1"},"canonical":"https:\/\/vmsport.fi\/sv\/vart-varumarke\/","og_locale":"sv_SE","og_type":"article","og_title":"Merkkimme - VM Sport","og_description":"Kysytt\u00e4ess\u00e4 olisi helppo todeta, ett\u00e4 VM-Sport toimii py\u00f6r\u00e4kaupan alalla. Se pit\u00e4\u00e4 paikkansa, mutta haluamme ajatella asiaa hieman toiselta kantilta. Meid\u00e4n teht\u00e4v\u00e4mme on tarjota asiakkaillemme vapauden tunnetta kokonaisvaltaisen ja laadukkaan py\u00f6r\u00e4ilykokemuksen kautta. T\u00e4h\u00e4n kokemukseen nivoutuvat niin myym\u00e4mme tuotteet ja palvelut kuin my\u00f6s se, mik\u00e4 tunne sinulle tulee aina kun kohtaat jonkun meist\u00e4 VM-Sportilaisista asioidessasi mink\u00e4 tahansa [...]L\u00e4s mer \u2026 from Merkkimme","og_url":"https:\/\/vmsport.fi\/sv\/vart-varumarke\/","og_site_name":"VM Sport","article_publisher":"https:\/\/www.facebook.com\/Vmsport.fi\/","article_modified_time":"2025-02-10T11:32:47+00:00","og_image":[{"width":1200,"height":575,"url":"https:\/\/vmsport.fi\/wp-content\/uploads\/2024\/11\/6303_Mountain-Cross-6.webp","type":"image\/webp"}],"twitter_card":"summary_large_image","twitter_misc":{"Ber\u00e4knad l\u00e4stid":"1 minut"},"schema":{"@context":"https:\/\/schema.org","@graph":[{"@type":"WebPage","@id":"https:\/\/vmsport.fi\/merkkimme\/","url":"https:\/\/vmsport.fi\/merkkimme\/","name":"V\u00e5ra varum\u00e4rken - VM Sport","isPartOf":{"@id":"https:\/\/vmsport.fi\/#website"},"primaryImageOfPage":{"@id":"https:\/\/vmsport.fi\/merkkimme\/#primaryimage"},"image":{"@id":"https:\/\/vmsport.fi\/merkkimme\/#primaryimage"},"thumbnailUrl":"https:\/\/vmsport.fi\/wp-content\/uploads\/2024\/11\/6303_Mountain-Cross-6.webp","datePublished":"2024-10-03T12:19:16+00:00","dateModified":"2025-02-10T11:32:47+00:00","breadcrumb":{"@id":"https:\/\/vmsport.fi\/merkkimme\/#breadcrumb"},"inLanguage":"sv-SE","potentialAction":[{"@type":"ReadAction","target":["https:\/\/vmsport.fi\/merkkimme\/"]}]},{"@type":"ImageObject","inLanguage":"sv-SE","@id":"https:\/\/vmsport.fi\/merkkimme\/#primaryimage","url":"https:\/\/vmsport.fi\/wp-content\/uploads\/2024\/11\/6303_Mountain-Cross-6.webp","contentUrl":"https:\/\/vmsport.fi\/wp-content\/uploads\/2024\/11\/6303_Mountain-Cross-6.webp","width":1200,"height":575},{"@type":"BreadcrumbList","@id":"https:\/\/vmsport.fi\/merkkimme\/#breadcrumb","itemListElement":[{"@type":"ListItem","position":1,"name":"Etusivu","item":"https:\/\/vmsport.fi\/"},{"@type":"ListItem","position":2,"name":"Merkkimme"}]},{"@type":"WebSite","@id":"https:\/\/vmsport.fi\/#website","url":"https:\/\/vmsport.fi\/","name":"Vmsport","description":"Allt p\u00e5 ett st\u00e4lle f\u00f6r cykling","publisher":{"@id":"https:\/\/vmsport.fi\/#organization"},"potentialAction":[{"@type":"SearchAction","target":{"@type":"EntryPoint","urlTemplate":"https:\/\/vmsport.fi\/?s={search_term_string}"},"query-input":{"@type":"PropertyValueSpecification","valueRequired":true,"valueName":"search_term_string"}}],"inLanguage":"sv-SE"},{"@type":"Organization","@id":"https:\/\/vmsport.fi\/#organization","name":"Vmsport","url":"https:\/\/vmsport.fi\/","logo":{"@type":"ImageObject","inLanguage":"sv-SE","@id":"https:\/\/vmsport.fi\/#\/schema\/logo\/image\/","url":"https:\/\/vmsport.fi\/wp-content\/uploads\/2024\/12\/vm_sport_RGB_horisontal-e1734526017575.png","contentUrl":"https:\/\/vmsport.fi\/wp-content\/uploads\/2024\/12\/vm_sport_RGB_horisontal-e1734526017575.png","width":668,"height":85,"caption":"Vmsport"},"image":{"@id":"https:\/\/vmsport.fi\/#\/schema\/logo\/image\/"},"sameAs":["https:\/\/www.facebook.com\/Vmsport.fi\/","https:\/\/www.instagram.com\/vmsport\/"]}]}},"_links":{"self":[{"href":"https:\/\/vmsport.fi\/sv\/wp-json\/wp\/v2\/pages\/1732","targetHints":{"allow":["GET"]}}],"collection":[{"href":"https:\/\/vmsport.fi\/sv\/wp-json\/wp\/v2\/pages"}],"about":[{"href":"https:\/\/vmsport.fi\/sv\/wp-json\/wp\/v2\/types\/page"}],"author":[{"embeddable":true,"href":"https:\/\/vmsport.fi\/sv\/wp-json\/wp\/v2\/users\/1"}],"replies":[{"embeddable":true,"href":"https:\/\/vmsport.fi\/sv\/wp-json\/wp\/v2\/comments?post=1732"}],"version-history":[{"count":0,"href":"https:\/\/vmsport.fi\/sv\/wp-json\/wp\/v2\/pages\/1732\/revisions"}],"wp:featuredmedia":[{"embeddable":true,"href":"https:\/\/vmsport.fi\/sv\/wp-json\/wp\/v2\/media\/40223"}],"wp:attachment":[{"href":"https:\/\/vmsport.fi\/sv\/wp-json\/wp\/v2\/media?parent=1732"}],"curies":[{"name":"wp","href":"https:\/\/api.w.org\/{rel}","templated":true}]}}