{"id":60955,"date":"2025-09-25T12:06:46","date_gmt":"2025-09-25T09:06:46","guid":{"rendered":"https:\/\/vmsport.fi\/?page_id=60955"},"modified":"2025-09-25T12:16:32","modified_gmt":"2025-09-25T09:16:32","slug":"accessibility-statement","status":"publish","type":"page","link":"https:\/\/vmsport.fi\/en\/saavutettavuusseloste\/","title":{"rendered":"Accessibility statement"},"content":{"rendered":"<blockquote class=\"wp-block-quote is-layout-flow wp-block-quote-is-layout-flow\">\n<p class=\"has-medium-font-size\"><br>This accessibility statement applies to the service&nbsp;<strong><a href=\"http:\/\/vmsport.fi\/en\/\" target=\"_blank\" rel=\"noreferrer noopener\">vmsport.fi<\/a><\/strong>&nbsp;and is drawn up on 25.9.2025.<\/p>\n\n\n\n<h3 class=\"wp-block-heading\"><br>The state of digital accessibility<\/h3>\n\n\n\n<p class=\"has-medium-font-size\"><br>Website&nbsp;<strong>partially meets<\/strong>&nbsp;legal accessibility requirements (WCAG 2.1, level AA)<\/p>\n\n\n\n<h3 class=\"wp-block-heading\"><br>Non-accessible content<\/h3>\n\n\n\n<p class=\"has-medium-font-size\"><br>The main accessibility gaps are listed below:<br><\/p>\n<\/blockquote>\n\n\n\n<ol class=\"wp-block-list\">\n<li><strong>Text replies<\/strong>\n<ul class=\"wp-block-list\">\n<li>Not all images have a proper text response (alt text).<\/li>\n\n\n\n<li>Some images have text without a programmatic equivalent.<br><br><\/li>\n<\/ul>\n<\/li>\n\n\n\n<li><strong>Contrasts<\/strong>\n<ul class=\"wp-block-list\">\n<li>The contrast of some texts and backgrounds does not meet WCAG AA requirements.<br><br><\/li>\n<\/ul>\n<\/li>\n\n\n\n<li><strong>Using the keyboard<\/strong>\n<ul class=\"wp-block-list\">\n<li>Not all interactive elements of the site are fully accessible from the keyboard.<\/li>\n\n\n\n<li>The focus indicator is not always clear enough.<br><br><\/li>\n<\/ul>\n<\/li>\n\n\n\n<li><strong>Links and navigation<\/strong>\n<ul class=\"wp-block-list\">\n<li>Some links use generic texts (e.g. \u201dRead more\u201d) that do not, on their own, provide information about the subject of the link.<\/li>\n\n\n\n<li>The header structure is not always logical and can make it difficult for the screen reader to use.<br><br><\/li>\n<\/ul>\n<\/li>\n\n\n\n<li><strong>Forms<\/strong>\n<ul class=\"wp-block-list\">\n<li>Error messages are not always clear or accessible to screen readers.<\/li>\n\n\n\n<li>The programmatic marking of the input fields is partly incomplete.<br><br><\/li>\n<\/ul>\n<\/li>\n\n\n\n<li><strong>Dynamic content<\/strong>\n<ul class=\"wp-block-list\">\n<li>Some dynamic elements (menus, possible AJAX functions) are missing ARIA tags, which can make it difficult to use the screen reader.<br><br><\/li>\n<\/ul>\n<\/li>\n<\/ol>\n\n\n\n<blockquote class=\"wp-block-quote is-layout-flow wp-block-quote-is-layout-flow\">\n<h3 class=\"wp-block-heading\">Content not covered by accessibility requirements<\/h3>\n\n\n\n<p class=\"has-medium-font-size\"><br>There may be some third-party content (e.g. embeds) on the Site, the accessibility of which is entirely outside our control.<br><br><strong>Feedback and contact details<\/strong><br><strong><br><\/strong>If you notice any accessibility problems on our website, please let us know:<br><br><strong>Email:<\/strong>\u00a0<a href=\"mailto:info@vmsport.fi\" target=\"_blank\" rel=\"noreferrer noopener\">info@vmsport.fi<\/a><br><strong>Telephone:<\/strong>\u00a006 723 0511<br><br>We will respond to your feedback within approximately 14 days.<br><br><strong>Enforcement procedure<\/strong><br><br>If you are not satisfied with the answer you receive, or if you do not receive a reply within two weeks, you can report the matter to the Regional State Administrative Agency for Southern Finland:<\/p>\n<\/blockquote>\n\n\n\n<ul class=\"wp-block-list\">\n<li><a href=\"http:\/\/www.saavutettavuusvaatimukset.fi\/\" target=\"_blank\" rel=\"noreferrer noopener\">www.saavutettavuusvaatimukset.fi<\/a><\/li>\n\n\n\n<li><a href=\"mailto:saavutettavuus@avi.fi\" target=\"_blank\" rel=\"noreferrer noopener\">saavutettavuus@avi.fi<\/a><\/li>\n\n\n\n<li class=\"has-medium-font-size\">telephone number: 0295 016 000<\/li>\n<\/ul>\n\n\n\n<blockquote class=\"wp-block-quote is-layout-flow wp-block-quote-is-layout-flow\">\n<p class=\"has-medium-font-size\"><strong>Preparation of the report<\/strong><br><strong><br><\/strong>This report has been prepared on the basis of a 25.9.2025 self-assessment and a preliminary technical review.<\/p>\n<\/blockquote>","protected":false},"excerpt":{"rendered":"<p>T\u00e4m\u00e4 saavutettavuusseloste koskee palvelua&nbsp;vmsport.fi&nbsp;ja on laadittu 25.9.2025. Digipalvelun saavutettavuuden tila Sivusto&nbsp;t\u00e4ytt\u00e4\u00e4 osittain&nbsp;lain asettamat saavutettavuusvaatimukset (WCAG 2.1, taso AA) Ei-saavutettava sis\u00e4lt\u00f6 Alla on lueteltu merkitt\u00e4vimm\u00e4t saavutettavuuspuutteet: Saavutettavuusvaatimuksiin kuulumaton sis\u00e4lt\u00f6 Sivustolla saattaa olla joitakin kolmansien osapuolten sis\u00e4lt\u00f6j\u00e4 (esim. upotuksia), joiden saavutettavuuteen emme voi t\u00e4ysin vaikuttaa. Palaute ja yhteystiedotJos huomaat saavutettavuusongelmia verkkosivustollamme, kerro siit\u00e4 meille: S\u00e4hk\u00f6posti:\u00a0info@vmsport.fiPuhelin:\u00a006 723 0511 [&#8230;]<\/p>\n<p><a class=\"btn btn-secondary understrap-read-more-link\" href=\"https:\/\/vmsport.fi\/en\/saavutettavuusseloste\/\">Read More&#8230;<span class=\"screen-reader-text\"> from Saavutettavuusseloste<\/span><\/a><\/p>\n","protected":false},"author":1,"featured_media":0,"parent":0,"menu_order":0,"comment_status":"closed","ping_status":"closed","template":"","meta":{"_acf_changed":false,"_improvement_type_select":"improve_an_existing","_thumb_yes_seoaic":false,"_frame_yes_seoaic":false,"seoaic_generate_description":"","seoaic_improve_instructions_prompt":"","seoaic_rollback_content_improvement":"","seoaic_idea_thumbnail_generator":"","thumbnail_generated":false,"thumbnail_generate_prompt":"","seoaic_article_description":"","footnotes":""},"class_list":["post-60955","page","type-page","status-publish","hentry"],"acf":[],"yoast_head":"<!-- This site is optimized with the Yoast SEO plugin v27.3 - https:\/\/yoast.com\/product\/yoast-seo-wordpress\/ -->\n<title>Saavutettavuusseloste - VM Sport<\/title>\n<meta name=\"robots\" content=\"index, follow, max-snippet:-1, max-image-preview:large, max-video-preview:-1\" \/>\n<link rel=\"canonical\" href=\"https:\/\/vmsport.fi\/en\/accessibility-statement\/\" \/>\n<meta property=\"og:locale\" content=\"en_GB\" \/>\n<meta property=\"og:type\" content=\"article\" \/>\n<meta property=\"og:title\" content=\"Saavutettavuusseloste - VM Sport\" \/>\n<meta property=\"og:description\" content=\"T\u00e4m\u00e4 saavutettavuusseloste koskee palvelua&nbsp;vmsport.fi&nbsp;ja on laadittu 25.9.2025. Digipalvelun saavutettavuuden tila Sivusto&nbsp;t\u00e4ytt\u00e4\u00e4 osittain&nbsp;lain asettamat saavutettavuusvaatimukset (WCAG 2.1, taso AA) Ei-saavutettava sis\u00e4lt\u00f6 Alla on lueteltu merkitt\u00e4vimm\u00e4t saavutettavuuspuutteet: Saavutettavuusvaatimuksiin kuulumaton sis\u00e4lt\u00f6 Sivustolla saattaa olla joitakin kolmansien osapuolten sis\u00e4lt\u00f6j\u00e4 (esim. upotuksia), joiden saavutettavuuteen emme voi t\u00e4ysin vaikuttaa. Palaute ja yhteystiedotJos huomaat saavutettavuusongelmia verkkosivustollamme, kerro siit\u00e4 meille: S\u00e4hk\u00f6posti:\u00a0info@vmsport.fiPuhelin:\u00a006 723 0511 [...]Read More... from Saavutettavuusseloste\" \/>\n<meta property=\"og:url\" content=\"https:\/\/vmsport.fi\/en\/accessibility-statement\/\" \/>\n<meta property=\"og:site_name\" content=\"VM Sport\" \/>\n<meta property=\"article:publisher\" content=\"https:\/\/www.facebook.com\/Vmsport.fi\/\" \/>\n<meta property=\"article:modified_time\" content=\"2025-09-25T09:16:32+00:00\" \/>\n<meta name=\"twitter:card\" content=\"summary_large_image\" \/>\n<meta name=\"twitter:label1\" content=\"Estimated reading time\" \/>\n\t<meta name=\"twitter:data1\" content=\"1 minute\" \/>\n<script type=\"application\/ld+json\" class=\"yoast-schema-graph\">{\"@context\":\"https:\\\/\\\/schema.org\",\"@graph\":[{\"@type\":\"WebPage\",\"@id\":\"https:\\\/\\\/vmsport.fi\\\/saavutettavuusseloste\\\/\",\"url\":\"https:\\\/\\\/vmsport.fi\\\/saavutettavuusseloste\\\/\",\"name\":\"Saavutettavuusseloste - VM Sport\",\"isPartOf\":{\"@id\":\"https:\\\/\\\/vmsport.fi\\\/#website\"},\"datePublished\":\"2025-09-25T09:06:46+00:00\",\"dateModified\":\"2025-09-25T09:16:32+00:00\",\"breadcrumb\":{\"@id\":\"https:\\\/\\\/vmsport.fi\\\/saavutettavuusseloste\\\/#breadcrumb\"},\"inLanguage\":\"en-GB\",\"potentialAction\":[{\"@type\":\"ReadAction\",\"target\":[\"https:\\\/\\\/vmsport.fi\\\/saavutettavuusseloste\\\/\"]}]},{\"@type\":\"BreadcrumbList\",\"@id\":\"https:\\\/\\\/vmsport.fi\\\/saavutettavuusseloste\\\/#breadcrumb\",\"itemListElement\":[{\"@type\":\"ListItem\",\"position\":1,\"name\":\"Etusivu\",\"item\":\"https:\\\/\\\/vmsport.fi\\\/\"},{\"@type\":\"ListItem\",\"position\":2,\"name\":\"Saavutettavuusseloste\"}]},{\"@type\":\"WebSite\",\"@id\":\"https:\\\/\\\/vmsport.fi\\\/#website\",\"url\":\"https:\\\/\\\/vmsport.fi\\\/\",\"name\":\"Vmsport\",\"description\":\"Kaikki py\u00f6r\u00e4ilyyn yhdest\u00e4 paikasta\",\"publisher\":{\"@id\":\"https:\\\/\\\/vmsport.fi\\\/#organization\"},\"potentialAction\":[{\"@type\":\"SearchAction\",\"target\":{\"@type\":\"EntryPoint\",\"urlTemplate\":\"https:\\\/\\\/vmsport.fi\\\/?s={search_term_string}\"},\"query-input\":{\"@type\":\"PropertyValueSpecification\",\"valueRequired\":true,\"valueName\":\"search_term_string\"}}],\"inLanguage\":\"en-GB\"},{\"@type\":\"Organization\",\"@id\":\"https:\\\/\\\/vmsport.fi\\\/#organization\",\"name\":\"Vmsport\",\"url\":\"https:\\\/\\\/vmsport.fi\\\/\",\"logo\":{\"@type\":\"ImageObject\",\"inLanguage\":\"en-GB\",\"@id\":\"https:\\\/\\\/vmsport.fi\\\/#\\\/schema\\\/logo\\\/image\\\/\",\"url\":\"https:\\\/\\\/vmsport.fi\\\/wp-content\\\/uploads\\\/2024\\\/12\\\/vm_sport_RGB_horisontal-e1734526017575.png\",\"contentUrl\":\"https:\\\/\\\/vmsport.fi\\\/wp-content\\\/uploads\\\/2024\\\/12\\\/vm_sport_RGB_horisontal-e1734526017575.png\",\"width\":668,\"height\":85,\"caption\":\"Vmsport\"},\"image\":{\"@id\":\"https:\\\/\\\/vmsport.fi\\\/#\\\/schema\\\/logo\\\/image\\\/\"},\"sameAs\":[\"https:\\\/\\\/www.facebook.com\\\/Vmsport.fi\\\/\",\"https:\\\/\\\/www.instagram.com\\\/vmsport\\\/\"]}]}<\/script>\n<!-- \/ Yoast SEO plugin. -->","yoast_head_json":{"title":"Accessibility Statement - VM Sport","robots":{"index":"index","follow":"follow","max-snippet":"max-snippet:-1","max-image-preview":"max-image-preview:large","max-video-preview":"max-video-preview:-1"},"canonical":"https:\/\/vmsport.fi\/en\/accessibility-statement\/","og_locale":"en_GB","og_type":"article","og_title":"Saavutettavuusseloste - VM Sport","og_description":"T\u00e4m\u00e4 saavutettavuusseloste koskee palvelua&nbsp;vmsport.fi&nbsp;ja on laadittu 25.9.2025. Digipalvelun saavutettavuuden tila Sivusto&nbsp;t\u00e4ytt\u00e4\u00e4 osittain&nbsp;lain asettamat saavutettavuusvaatimukset (WCAG 2.1, taso AA) Ei-saavutettava sis\u00e4lt\u00f6 Alla on lueteltu merkitt\u00e4vimm\u00e4t saavutettavuuspuutteet: Saavutettavuusvaatimuksiin kuulumaton sis\u00e4lt\u00f6 Sivustolla saattaa olla joitakin kolmansien osapuolten sis\u00e4lt\u00f6j\u00e4 (esim. upotuksia), joiden saavutettavuuteen emme voi t\u00e4ysin vaikuttaa. Palaute ja yhteystiedotJos huomaat saavutettavuusongelmia verkkosivustollamme, kerro siit\u00e4 meille: S\u00e4hk\u00f6posti:\u00a0info@vmsport.fiPuhelin:\u00a006 723 0511 [...]Read More... from Saavutettavuusseloste","og_url":"https:\/\/vmsport.fi\/en\/accessibility-statement\/","og_site_name":"VM Sport","article_publisher":"https:\/\/www.facebook.com\/Vmsport.fi\/","article_modified_time":"2025-09-25T09:16:32+00:00","twitter_card":"summary_large_image","twitter_misc":{"Estimated reading time":"1 minute"},"schema":{"@context":"https:\/\/schema.org","@graph":[{"@type":"WebPage","@id":"https:\/\/vmsport.fi\/saavutettavuusseloste\/","url":"https:\/\/vmsport.fi\/saavutettavuusseloste\/","name":"Accessibility Statement - VM Sport","isPartOf":{"@id":"https:\/\/vmsport.fi\/#website"},"datePublished":"2025-09-25T09:06:46+00:00","dateModified":"2025-09-25T09:16:32+00:00","breadcrumb":{"@id":"https:\/\/vmsport.fi\/saavutettavuusseloste\/#breadcrumb"},"inLanguage":"en-GB","potentialAction":[{"@type":"ReadAction","target":["https:\/\/vmsport.fi\/saavutettavuusseloste\/"]}]},{"@type":"BreadcrumbList","@id":"https:\/\/vmsport.fi\/saavutettavuusseloste\/#breadcrumb","itemListElement":[{"@type":"ListItem","position":1,"name":"Etusivu","item":"https:\/\/vmsport.fi\/"},{"@type":"ListItem","position":2,"name":"Saavutettavuusseloste"}]},{"@type":"WebSite","@id":"https:\/\/vmsport.fi\/#website","url":"https:\/\/vmsport.fi\/","name":"Vmsport","description":"All in one place for cycling","publisher":{"@id":"https:\/\/vmsport.fi\/#organization"},"potentialAction":[{"@type":"SearchAction","target":{"@type":"EntryPoint","urlTemplate":"https:\/\/vmsport.fi\/?s={search_term_string}"},"query-input":{"@type":"PropertyValueSpecification","valueRequired":true,"valueName":"search_term_string"}}],"inLanguage":"en-GB"},{"@type":"Organization","@id":"https:\/\/vmsport.fi\/#organization","name":"Vmsport","url":"https:\/\/vmsport.fi\/","logo":{"@type":"ImageObject","inLanguage":"en-GB","@id":"https:\/\/vmsport.fi\/#\/schema\/logo\/image\/","url":"https:\/\/vmsport.fi\/wp-content\/uploads\/2024\/12\/vm_sport_RGB_horisontal-e1734526017575.png","contentUrl":"https:\/\/vmsport.fi\/wp-content\/uploads\/2024\/12\/vm_sport_RGB_horisontal-e1734526017575.png","width":668,"height":85,"caption":"Vmsport"},"image":{"@id":"https:\/\/vmsport.fi\/#\/schema\/logo\/image\/"},"sameAs":["https:\/\/www.facebook.com\/Vmsport.fi\/","https:\/\/www.instagram.com\/vmsport\/"]}]}},"_links":{"self":[{"href":"https:\/\/vmsport.fi\/en\/wp-json\/wp\/v2\/pages\/60955","targetHints":{"allow":["GET"]}}],"collection":[{"href":"https:\/\/vmsport.fi\/en\/wp-json\/wp\/v2\/pages"}],"about":[{"href":"https:\/\/vmsport.fi\/en\/wp-json\/wp\/v2\/types\/page"}],"author":[{"embeddable":true,"href":"https:\/\/vmsport.fi\/en\/wp-json\/wp\/v2\/users\/1"}],"replies":[{"embeddable":true,"href":"https:\/\/vmsport.fi\/en\/wp-json\/wp\/v2\/comments?post=60955"}],"version-history":[{"count":0,"href":"https:\/\/vmsport.fi\/en\/wp-json\/wp\/v2\/pages\/60955\/revisions"}],"wp:attachment":[{"href":"https:\/\/vmsport.fi\/en\/wp-json\/wp\/v2\/media?parent=60955"}],"curies":[{"name":"wp","href":"https:\/\/api.w.org\/{rel}","templated":true}]}}