{"id":59286,"date":"2025-05-30T14:58:10","date_gmt":"2025-05-30T11:58:10","guid":{"rendered":"https:\/\/vmsport.fi\/?page_id=59286"},"modified":"2026-01-22T11:16:23","modified_gmt":"2026-01-22T09:16:23","slug":"orbea-sahkopyorat","status":"publish","type":"page","link":"https:\/\/vmsport.fi\/en\/orbea-sahkopyorat\/","title":{"rendered":"Orbea electric bikes"},"content":{"rendered":"<h3 class=\"wp-block-heading\"><strong>Orbea electric bikes - power and driving freedom<\/strong><\/h3>\n\n\n\n<p>Orbea's electric bikes combine top-class ride feel, intelligent electric assistance and sophisticated design. They're perfect for commuting, leisure and demanding off-road riding - when you want to go the distance and enjoy every mile.<\/p>","protected":false},"excerpt":{"rendered":"<p>Orbea s\u00e4hk\u00f6py\u00f6r\u00e4t \u2013 tehoa ja ajamisen vapautta Orbean s\u00e4hk\u00f6py\u00f6r\u00e4t yhdist\u00e4v\u00e4t huippuluokan ajotuntuman, \u00e4lykk\u00e4\u00e4n s\u00e4hk\u00f6avustuksen ja viimeistellyn muotoilun. Ne sopivat erinomaisesti niin ty\u00f6matkoille, vapaa-aikaan kuin vaativaan maastoajoon \u2013 kun haluat ajaa pidemm\u00e4lle ja nauttia jokaisesta kilometrist\u00e4. [&#8230;]<\/p>\n<p><a class=\"btn btn-secondary understrap-read-more-link\" href=\"https:\/\/vmsport.fi\/en\/orbea-sahkopyorat\/\">Read More&#8230;<span class=\"screen-reader-text\"> from Orbea s\u00e4hk\u00f6py\u00f6r\u00e4t<\/span><\/a><\/p>\n","protected":false},"author":11,"featured_media":0,"parent":0,"menu_order":0,"comment_status":"closed","ping_status":"closed","template":"page-templates\/fake-archive.php","meta":{"_acf_changed":false,"_improvement_type_select":"improve_an_existing","_thumb_yes_seoaic":false,"_frame_yes_seoaic":false,"seoaic_generate_description":"","seoaic_improve_instructions_prompt":"","seoaic_rollback_content_improvement":"","seoaic_idea_thumbnail_generator":"","thumbnail_generated":false,"thumbnail_generate_prompt":"","seoaic_article_description":"","footnotes":""},"class_list":["post-59286","page","type-page","status-publish","hentry"],"acf":[],"yoast_head":"<!-- This site is optimized with the Yoast SEO plugin v27.3 - https:\/\/yoast.com\/product\/yoast-seo-wordpress\/ -->\n<title>Orbea s\u00e4hk\u00f6py\u00f6r\u00e4t - VM Sport<\/title>\n<meta name=\"robots\" content=\"index, follow, max-snippet:-1, max-image-preview:large, max-video-preview:-1\" \/>\n<link rel=\"canonical\" href=\"https:\/\/vmsport.fi\/en\/orbea-sahkopyorat\/\" \/>\n<meta property=\"og:locale\" content=\"en_GB\" \/>\n<meta property=\"og:type\" content=\"article\" \/>\n<meta property=\"og:title\" content=\"Orbea s\u00e4hk\u00f6py\u00f6r\u00e4t - VM Sport\" \/>\n<meta property=\"og:description\" content=\"Orbea s\u00e4hk\u00f6py\u00f6r\u00e4t \u2013 tehoa ja ajamisen vapautta Orbean s\u00e4hk\u00f6py\u00f6r\u00e4t yhdist\u00e4v\u00e4t huippuluokan ajotuntuman, \u00e4lykk\u00e4\u00e4n s\u00e4hk\u00f6avustuksen ja viimeistellyn muotoilun. Ne sopivat erinomaisesti niin ty\u00f6matkoille, vapaa-aikaan kuin vaativaan maastoajoon \u2013 kun haluat ajaa pidemm\u00e4lle ja nauttia jokaisesta kilometrist\u00e4. [...]Read More... from Orbea s\u00e4hk\u00f6py\u00f6r\u00e4t\" \/>\n<meta property=\"og:url\" content=\"https:\/\/vmsport.fi\/en\/orbea-sahkopyorat\/\" \/>\n<meta property=\"og:site_name\" content=\"VM Sport\" \/>\n<meta property=\"article:publisher\" content=\"https:\/\/www.facebook.com\/Vmsport.fi\/\" \/>\n<meta property=\"article:modified_time\" content=\"2026-01-22T09:16:23+00:00\" \/>\n<meta name=\"twitter:card\" content=\"summary_large_image\" \/>\n<meta name=\"twitter:label1\" content=\"Estimated reading time\" \/>\n\t<meta name=\"twitter:data1\" content=\"1 minute\" \/>\n<script type=\"application\/ld+json\" class=\"yoast-schema-graph\">{\"@context\":\"https:\\\/\\\/schema.org\",\"@graph\":[{\"@type\":\"WebPage\",\"@id\":\"https:\\\/\\\/vmsport.fi\\\/orbea-sahkopyorat\\\/\",\"url\":\"https:\\\/\\\/vmsport.fi\\\/orbea-sahkopyorat\\\/\",\"name\":\"Orbea s\u00e4hk\u00f6py\u00f6r\u00e4t - VM Sport\",\"isPartOf\":{\"@id\":\"https:\\\/\\\/vmsport.fi\\\/#website\"},\"datePublished\":\"2025-05-30T11:58:10+00:00\",\"dateModified\":\"2026-01-22T09:16:23+00:00\",\"breadcrumb\":{\"@id\":\"https:\\\/\\\/vmsport.fi\\\/orbea-sahkopyorat\\\/#breadcrumb\"},\"inLanguage\":\"en-GB\",\"potentialAction\":[{\"@type\":\"ReadAction\",\"target\":[\"https:\\\/\\\/vmsport.fi\\\/orbea-sahkopyorat\\\/\"]}]},{\"@type\":\"BreadcrumbList\",\"@id\":\"https:\\\/\\\/vmsport.fi\\\/orbea-sahkopyorat\\\/#breadcrumb\",\"itemListElement\":[{\"@type\":\"ListItem\",\"position\":1,\"name\":\"Etusivu\",\"item\":\"https:\\\/\\\/vmsport.fi\\\/\"},{\"@type\":\"ListItem\",\"position\":2,\"name\":\"Orbea s\u00e4hk\u00f6py\u00f6r\u00e4t\"}]},{\"@type\":\"WebSite\",\"@id\":\"https:\\\/\\\/vmsport.fi\\\/#website\",\"url\":\"https:\\\/\\\/vmsport.fi\\\/\",\"name\":\"Vmsport\",\"description\":\"Kaikki py\u00f6r\u00e4ilyyn yhdest\u00e4 paikasta\",\"publisher\":{\"@id\":\"https:\\\/\\\/vmsport.fi\\\/#organization\"},\"potentialAction\":[{\"@type\":\"SearchAction\",\"target\":{\"@type\":\"EntryPoint\",\"urlTemplate\":\"https:\\\/\\\/vmsport.fi\\\/?s={search_term_string}\"},\"query-input\":{\"@type\":\"PropertyValueSpecification\",\"valueRequired\":true,\"valueName\":\"search_term_string\"}}],\"inLanguage\":\"en-GB\"},{\"@type\":\"Organization\",\"@id\":\"https:\\\/\\\/vmsport.fi\\\/#organization\",\"name\":\"Vmsport\",\"url\":\"https:\\\/\\\/vmsport.fi\\\/\",\"logo\":{\"@type\":\"ImageObject\",\"inLanguage\":\"en-GB\",\"@id\":\"https:\\\/\\\/vmsport.fi\\\/#\\\/schema\\\/logo\\\/image\\\/\",\"url\":\"https:\\\/\\\/vmsport.fi\\\/wp-content\\\/uploads\\\/2024\\\/12\\\/vm_sport_RGB_horisontal-e1734526017575.png\",\"contentUrl\":\"https:\\\/\\\/vmsport.fi\\\/wp-content\\\/uploads\\\/2024\\\/12\\\/vm_sport_RGB_horisontal-e1734526017575.png\",\"width\":668,\"height\":85,\"caption\":\"Vmsport\"},\"image\":{\"@id\":\"https:\\\/\\\/vmsport.fi\\\/#\\\/schema\\\/logo\\\/image\\\/\"},\"sameAs\":[\"https:\\\/\\\/www.facebook.com\\\/Vmsport.fi\\\/\",\"https:\\\/\\\/www.instagram.com\\\/vmsport\\\/\"]}]}<\/script>\n<!-- \/ Yoast SEO plugin. -->","yoast_head_json":{"title":"Orbea electric bikes - VM Sport","robots":{"index":"index","follow":"follow","max-snippet":"max-snippet:-1","max-image-preview":"max-image-preview:large","max-video-preview":"max-video-preview:-1"},"canonical":"https:\/\/vmsport.fi\/en\/orbea-sahkopyorat\/","og_locale":"en_GB","og_type":"article","og_title":"Orbea s\u00e4hk\u00f6py\u00f6r\u00e4t - VM Sport","og_description":"Orbea s\u00e4hk\u00f6py\u00f6r\u00e4t \u2013 tehoa ja ajamisen vapautta Orbean s\u00e4hk\u00f6py\u00f6r\u00e4t yhdist\u00e4v\u00e4t huippuluokan ajotuntuman, \u00e4lykk\u00e4\u00e4n s\u00e4hk\u00f6avustuksen ja viimeistellyn muotoilun. Ne sopivat erinomaisesti niin ty\u00f6matkoille, vapaa-aikaan kuin vaativaan maastoajoon \u2013 kun haluat ajaa pidemm\u00e4lle ja nauttia jokaisesta kilometrist\u00e4. [...]Read More... from Orbea s\u00e4hk\u00f6py\u00f6r\u00e4t","og_url":"https:\/\/vmsport.fi\/en\/orbea-sahkopyorat\/","og_site_name":"VM Sport","article_publisher":"https:\/\/www.facebook.com\/Vmsport.fi\/","article_modified_time":"2026-01-22T09:16:23+00:00","twitter_card":"summary_large_image","twitter_misc":{"Estimated reading time":"1 minute"},"schema":{"@context":"https:\/\/schema.org","@graph":[{"@type":"WebPage","@id":"https:\/\/vmsport.fi\/orbea-sahkopyorat\/","url":"https:\/\/vmsport.fi\/orbea-sahkopyorat\/","name":"Orbea electric bikes - VM Sport","isPartOf":{"@id":"https:\/\/vmsport.fi\/#website"},"datePublished":"2025-05-30T11:58:10+00:00","dateModified":"2026-01-22T09:16:23+00:00","breadcrumb":{"@id":"https:\/\/vmsport.fi\/orbea-sahkopyorat\/#breadcrumb"},"inLanguage":"en-GB","potentialAction":[{"@type":"ReadAction","target":["https:\/\/vmsport.fi\/orbea-sahkopyorat\/"]}]},{"@type":"BreadcrumbList","@id":"https:\/\/vmsport.fi\/orbea-sahkopyorat\/#breadcrumb","itemListElement":[{"@type":"ListItem","position":1,"name":"Etusivu","item":"https:\/\/vmsport.fi\/"},{"@type":"ListItem","position":2,"name":"Orbea s\u00e4hk\u00f6py\u00f6r\u00e4t"}]},{"@type":"WebSite","@id":"https:\/\/vmsport.fi\/#website","url":"https:\/\/vmsport.fi\/","name":"Vmsport","description":"All in one place for cycling","publisher":{"@id":"https:\/\/vmsport.fi\/#organization"},"potentialAction":[{"@type":"SearchAction","target":{"@type":"EntryPoint","urlTemplate":"https:\/\/vmsport.fi\/?s={search_term_string}"},"query-input":{"@type":"PropertyValueSpecification","valueRequired":true,"valueName":"search_term_string"}}],"inLanguage":"en-GB"},{"@type":"Organization","@id":"https:\/\/vmsport.fi\/#organization","name":"Vmsport","url":"https:\/\/vmsport.fi\/","logo":{"@type":"ImageObject","inLanguage":"en-GB","@id":"https:\/\/vmsport.fi\/#\/schema\/logo\/image\/","url":"https:\/\/vmsport.fi\/wp-content\/uploads\/2024\/12\/vm_sport_RGB_horisontal-e1734526017575.png","contentUrl":"https:\/\/vmsport.fi\/wp-content\/uploads\/2024\/12\/vm_sport_RGB_horisontal-e1734526017575.png","width":668,"height":85,"caption":"Vmsport"},"image":{"@id":"https:\/\/vmsport.fi\/#\/schema\/logo\/image\/"},"sameAs":["https:\/\/www.facebook.com\/Vmsport.fi\/","https:\/\/www.instagram.com\/vmsport\/"]}]}},"_links":{"self":[{"href":"https:\/\/vmsport.fi\/en\/wp-json\/wp\/v2\/pages\/59286","targetHints":{"allow":["GET"]}}],"collection":[{"href":"https:\/\/vmsport.fi\/en\/wp-json\/wp\/v2\/pages"}],"about":[{"href":"https:\/\/vmsport.fi\/en\/wp-json\/wp\/v2\/types\/page"}],"author":[{"embeddable":true,"href":"https:\/\/vmsport.fi\/en\/wp-json\/wp\/v2\/users\/11"}],"replies":[{"embeddable":true,"href":"https:\/\/vmsport.fi\/en\/wp-json\/wp\/v2\/comments?post=59286"}],"version-history":[{"count":1,"href":"https:\/\/vmsport.fi\/en\/wp-json\/wp\/v2\/pages\/59286\/revisions"}],"predecessor-version":[{"id":62716,"href":"https:\/\/vmsport.fi\/en\/wp-json\/wp\/v2\/pages\/59286\/revisions\/62716"}],"wp:attachment":[{"href":"https:\/\/vmsport.fi\/en\/wp-json\/wp\/v2\/media?parent=59286"}],"curies":[{"name":"wp","href":"https:\/\/api.w.org\/{rel}","templated":true}]}}