{"id":59280,"date":"2025-05-30T14:55:45","date_gmt":"2025-05-30T11:55:45","guid":{"rendered":"https:\/\/vmsport.fi\/?page_id=59280"},"modified":"2025-06-02T16:02:17","modified_gmt":"2025-06-02T13:02:17","slug":"trek-lastenpyorat","status":"publish","type":"page","link":"https:\/\/vmsport.fi\/en\/trek-lastenpyorat\/","title":{"rendered":"Trek children's bikes"},"content":{"rendered":"<p><strong>Trek children's bikes<\/strong> make your first driving experience safe and fun. Trek children's bikes are designed to provide a safe and engaging riding experience for children around <strong>3-12 years of age.<\/strong> The Precaliber range covers models of different sizes, from 12-inch first wheels to 24-inch school bikes. With a stable frame, adjustable saddle and training wheels where needed, learning is easy. Trek focuses on your child's riding comfort, lightness and manoeuvrability. Trek bikes for kids combine safety, quality components and the joy of riding. Check out our other kids bikes, see all <a href=\"https:\/\/vmsport.fi\/en\/department\/bicycles\/childcare\/\">children's bikes<\/a>.<\/p>\n\n\n\n<p><\/p>","protected":false},"excerpt":{"rendered":"<p>Trek lastenpy\u00f6r\u00e4t tekev\u00e4t ensimm\u00e4isist\u00e4 ajokokemuksista turvallisia ja hauskoja. Trek lastenpy\u00f6r\u00e4t on suunniteltu tarjoamaan turvallinen ja innostava ajokokemus lapsille noin 3\u201312 vuoden i\u00e4ss\u00e4. Precaliber-sarja kattaa eri kokoiset mallit alkaen 12-tuumaisista ensimm\u00e4isist\u00e4 py\u00f6rist\u00e4 aina 24-tuumaiseen koululaisen kulkupeliin. Vakaa runko, s\u00e4\u00e4dett\u00e4v\u00e4 satula ja tarvittaessa tukipy\u00f6r\u00e4t tekev\u00e4t oppimisesta sujuvaa. Trek panostaa lapsen ajomukavuuteen, keveyteen ja ohjattavuuteen. Lasten Trek-py\u00f6riss\u00e4 yhdistyv\u00e4t [&#8230;]<\/p>\n<p><a class=\"btn btn-secondary understrap-read-more-link\" href=\"https:\/\/vmsport.fi\/en\/trek-lastenpyorat\/\">Read More&#8230;<span class=\"screen-reader-text\"> from Trek lastenpy\u00f6r\u00e4t<\/span><\/a><\/p>\n","protected":false},"author":11,"featured_media":0,"parent":0,"menu_order":0,"comment_status":"closed","ping_status":"closed","template":"page-templates\/fake-archive.php","meta":{"_acf_changed":false,"_improvement_type_select":"improve_an_existing","_thumb_yes_seoaic":false,"_frame_yes_seoaic":false,"seoaic_generate_description":"","seoaic_improve_instructions_prompt":"","seoaic_rollback_content_improvement":"","seoaic_idea_thumbnail_generator":"","thumbnail_generated":false,"thumbnail_generate_prompt":"","seoaic_article_description":"","footnotes":""},"class_list":["post-59280","page","type-page","status-publish","hentry"],"acf":[],"yoast_head":"<!-- This site is optimized with the Yoast SEO plugin v27.3 - https:\/\/yoast.com\/product\/yoast-seo-wordpress\/ -->\n<title>Trek lastenpy\u00f6r\u00e4t \u2013 Laadukkaat py\u00f6r\u00e4t 3\u201312-vuotiaille<\/title>\n<meta name=\"description\" content=\"Trek lastenpy\u00f6r\u00e4t tarjoavat turvallisen ja mukavan ajokokemuksen eri ik\u00e4isille lapsille. Valitse oikea koko ja malli lapsesi tarpeisiin.\" \/>\n<meta name=\"robots\" content=\"index, follow, max-snippet:-1, max-image-preview:large, max-video-preview:-1\" \/>\n<link rel=\"canonical\" href=\"https:\/\/vmsport.fi\/en\/trek-lastenpyorat\/\" \/>\n<meta property=\"og:locale\" content=\"en_GB\" \/>\n<meta property=\"og:type\" content=\"article\" \/>\n<meta property=\"og:title\" content=\"Trek lastenpy\u00f6r\u00e4t \u2013 Laadukkaat py\u00f6r\u00e4t 3\u201312-vuotiaille\" \/>\n<meta property=\"og:description\" content=\"Trek lastenpy\u00f6r\u00e4t tarjoavat turvallisen ja mukavan ajokokemuksen eri ik\u00e4isille lapsille. Valitse oikea koko ja malli lapsesi tarpeisiin.\" \/>\n<meta property=\"og:url\" content=\"https:\/\/vmsport.fi\/en\/trek-lastenpyorat\/\" \/>\n<meta property=\"og:site_name\" content=\"VM Sport\" \/>\n<meta property=\"article:publisher\" content=\"https:\/\/www.facebook.com\/Vmsport.fi\/\" \/>\n<meta property=\"article:modified_time\" content=\"2025-06-02T13:02:17+00:00\" \/>\n<meta name=\"twitter:card\" content=\"summary_large_image\" \/>\n<meta name=\"twitter:label1\" content=\"Estimated reading time\" \/>\n\t<meta name=\"twitter:data1\" content=\"1 minute\" \/>\n<script type=\"application\/ld+json\" class=\"yoast-schema-graph\">{\"@context\":\"https:\\\/\\\/schema.org\",\"@graph\":[{\"@type\":\"WebPage\",\"@id\":\"https:\\\/\\\/vmsport.fi\\\/trek-lastenpyorat\\\/\",\"url\":\"https:\\\/\\\/vmsport.fi\\\/trek-lastenpyorat\\\/\",\"name\":\"Trek lastenpy\u00f6r\u00e4t \u2013 Laadukkaat py\u00f6r\u00e4t 3\u201312-vuotiaille\",\"isPartOf\":{\"@id\":\"https:\\\/\\\/vmsport.fi\\\/#website\"},\"datePublished\":\"2025-05-30T11:55:45+00:00\",\"dateModified\":\"2025-06-02T13:02:17+00:00\",\"description\":\"Trek lastenpy\u00f6r\u00e4t tarjoavat turvallisen ja mukavan ajokokemuksen eri ik\u00e4isille lapsille. Valitse oikea koko ja malli lapsesi tarpeisiin.\",\"breadcrumb\":{\"@id\":\"https:\\\/\\\/vmsport.fi\\\/trek-lastenpyorat\\\/#breadcrumb\"},\"inLanguage\":\"en-GB\",\"potentialAction\":[{\"@type\":\"ReadAction\",\"target\":[\"https:\\\/\\\/vmsport.fi\\\/trek-lastenpyorat\\\/\"]}]},{\"@type\":\"BreadcrumbList\",\"@id\":\"https:\\\/\\\/vmsport.fi\\\/trek-lastenpyorat\\\/#breadcrumb\",\"itemListElement\":[{\"@type\":\"ListItem\",\"position\":1,\"name\":\"Etusivu\",\"item\":\"https:\\\/\\\/vmsport.fi\\\/\"},{\"@type\":\"ListItem\",\"position\":2,\"name\":\"Trek lastenpy\u00f6r\u00e4t\"}]},{\"@type\":\"WebSite\",\"@id\":\"https:\\\/\\\/vmsport.fi\\\/#website\",\"url\":\"https:\\\/\\\/vmsport.fi\\\/\",\"name\":\"Vmsport\",\"description\":\"Kaikki py\u00f6r\u00e4ilyyn yhdest\u00e4 paikasta\",\"publisher\":{\"@id\":\"https:\\\/\\\/vmsport.fi\\\/#organization\"},\"potentialAction\":[{\"@type\":\"SearchAction\",\"target\":{\"@type\":\"EntryPoint\",\"urlTemplate\":\"https:\\\/\\\/vmsport.fi\\\/?s={search_term_string}\"},\"query-input\":{\"@type\":\"PropertyValueSpecification\",\"valueRequired\":true,\"valueName\":\"search_term_string\"}}],\"inLanguage\":\"en-GB\"},{\"@type\":\"Organization\",\"@id\":\"https:\\\/\\\/vmsport.fi\\\/#organization\",\"name\":\"Vmsport\",\"url\":\"https:\\\/\\\/vmsport.fi\\\/\",\"logo\":{\"@type\":\"ImageObject\",\"inLanguage\":\"en-GB\",\"@id\":\"https:\\\/\\\/vmsport.fi\\\/#\\\/schema\\\/logo\\\/image\\\/\",\"url\":\"https:\\\/\\\/vmsport.fi\\\/wp-content\\\/uploads\\\/2024\\\/12\\\/vm_sport_RGB_horisontal-e1734526017575.png\",\"contentUrl\":\"https:\\\/\\\/vmsport.fi\\\/wp-content\\\/uploads\\\/2024\\\/12\\\/vm_sport_RGB_horisontal-e1734526017575.png\",\"width\":668,\"height\":85,\"caption\":\"Vmsport\"},\"image\":{\"@id\":\"https:\\\/\\\/vmsport.fi\\\/#\\\/schema\\\/logo\\\/image\\\/\"},\"sameAs\":[\"https:\\\/\\\/www.facebook.com\\\/Vmsport.fi\\\/\",\"https:\\\/\\\/www.instagram.com\\\/vmsport\\\/\"]}]}<\/script>\n<!-- \/ Yoast SEO plugin. -->","yoast_head_json":{"title":"Trek kids bikes - Quality bikes for 3-12 year olds","description":"Trek children's bikes offer a safe and comfortable riding experience for children of all ages. Choose the right size and model for your child's needs.","robots":{"index":"index","follow":"follow","max-snippet":"max-snippet:-1","max-image-preview":"max-image-preview:large","max-video-preview":"max-video-preview:-1"},"canonical":"https:\/\/vmsport.fi\/en\/trek-lastenpyorat\/","og_locale":"en_GB","og_type":"article","og_title":"Trek lastenpy\u00f6r\u00e4t \u2013 Laadukkaat py\u00f6r\u00e4t 3\u201312-vuotiaille","og_description":"Trek lastenpy\u00f6r\u00e4t tarjoavat turvallisen ja mukavan ajokokemuksen eri ik\u00e4isille lapsille. Valitse oikea koko ja malli lapsesi tarpeisiin.","og_url":"https:\/\/vmsport.fi\/en\/trek-lastenpyorat\/","og_site_name":"VM Sport","article_publisher":"https:\/\/www.facebook.com\/Vmsport.fi\/","article_modified_time":"2025-06-02T13:02:17+00:00","twitter_card":"summary_large_image","twitter_misc":{"Estimated reading time":"1 minute"},"schema":{"@context":"https:\/\/schema.org","@graph":[{"@type":"WebPage","@id":"https:\/\/vmsport.fi\/trek-lastenpyorat\/","url":"https:\/\/vmsport.fi\/trek-lastenpyorat\/","name":"Trek kids bikes - Quality bikes for 3-12 year olds","isPartOf":{"@id":"https:\/\/vmsport.fi\/#website"},"datePublished":"2025-05-30T11:55:45+00:00","dateModified":"2025-06-02T13:02:17+00:00","description":"Trek children's bikes offer a safe and comfortable riding experience for children of all ages. Choose the right size and model for your child's needs.","breadcrumb":{"@id":"https:\/\/vmsport.fi\/trek-lastenpyorat\/#breadcrumb"},"inLanguage":"en-GB","potentialAction":[{"@type":"ReadAction","target":["https:\/\/vmsport.fi\/trek-lastenpyorat\/"]}]},{"@type":"BreadcrumbList","@id":"https:\/\/vmsport.fi\/trek-lastenpyorat\/#breadcrumb","itemListElement":[{"@type":"ListItem","position":1,"name":"Etusivu","item":"https:\/\/vmsport.fi\/"},{"@type":"ListItem","position":2,"name":"Trek lastenpy\u00f6r\u00e4t"}]},{"@type":"WebSite","@id":"https:\/\/vmsport.fi\/#website","url":"https:\/\/vmsport.fi\/","name":"Vmsport","description":"All in one place for cycling","publisher":{"@id":"https:\/\/vmsport.fi\/#organization"},"potentialAction":[{"@type":"SearchAction","target":{"@type":"EntryPoint","urlTemplate":"https:\/\/vmsport.fi\/?s={search_term_string}"},"query-input":{"@type":"PropertyValueSpecification","valueRequired":true,"valueName":"search_term_string"}}],"inLanguage":"en-GB"},{"@type":"Organization","@id":"https:\/\/vmsport.fi\/#organization","name":"Vmsport","url":"https:\/\/vmsport.fi\/","logo":{"@type":"ImageObject","inLanguage":"en-GB","@id":"https:\/\/vmsport.fi\/#\/schema\/logo\/image\/","url":"https:\/\/vmsport.fi\/wp-content\/uploads\/2024\/12\/vm_sport_RGB_horisontal-e1734526017575.png","contentUrl":"https:\/\/vmsport.fi\/wp-content\/uploads\/2024\/12\/vm_sport_RGB_horisontal-e1734526017575.png","width":668,"height":85,"caption":"Vmsport"},"image":{"@id":"https:\/\/vmsport.fi\/#\/schema\/logo\/image\/"},"sameAs":["https:\/\/www.facebook.com\/Vmsport.fi\/","https:\/\/www.instagram.com\/vmsport\/"]}]}},"_links":{"self":[{"href":"https:\/\/vmsport.fi\/en\/wp-json\/wp\/v2\/pages\/59280","targetHints":{"allow":["GET"]}}],"collection":[{"href":"https:\/\/vmsport.fi\/en\/wp-json\/wp\/v2\/pages"}],"about":[{"href":"https:\/\/vmsport.fi\/en\/wp-json\/wp\/v2\/types\/page"}],"author":[{"embeddable":true,"href":"https:\/\/vmsport.fi\/en\/wp-json\/wp\/v2\/users\/11"}],"replies":[{"embeddable":true,"href":"https:\/\/vmsport.fi\/en\/wp-json\/wp\/v2\/comments?post=59280"}],"version-history":[{"count":0,"href":"https:\/\/vmsport.fi\/en\/wp-json\/wp\/v2\/pages\/59280\/revisions"}],"wp:attachment":[{"href":"https:\/\/vmsport.fi\/en\/wp-json\/wp\/v2\/media?parent=59280"}],"curies":[{"name":"wp","href":"https:\/\/api.w.org\/{rel}","templated":true}]}}