{"id":59278,"date":"2025-05-30T14:53:54","date_gmt":"2025-05-30T11:53:54","guid":{"rendered":"https:\/\/vmsport.fi\/?page_id=59278"},"modified":"2025-06-02T16:01:15","modified_gmt":"2025-06-02T13:01:15","slug":"trek-gravel-pyorat","status":"publish","type":"page","link":"https:\/\/vmsport.fi\/en\/trek-gravel-pyorat\/","title":{"rendered":"Trek gravel bikes"},"content":{"rendered":"<p><strong>Trek gravel<\/strong> bikes are the perfect choice for adventures on dirt roads, gravel and long hikes. <a href=\"https:\/\/vmsport.fi\/en\/brand\/trek\/checkpoint\/\">Checkpoint<\/a> series combines the speed of a road bike with the adaptability of a mountain bike - a great choice for all-round riding all year round. With a lightweight frame, wide tyres and precise handling, Trek gravel bikes are sure-fire partners for everyday cycling and camping. Want more speed and performance on pure asphalt? See also <a href=\"https:\/\/vmsport.fi\/en\/brand\/trek\/roadside-mirrors\/\">Trek road bikes<\/a> for demanding road driving.<\/p>","protected":false},"excerpt":{"rendered":"<p>Trek gravel py\u00f6r\u00e4t ovat t\u00e4ydellinen valinta seikkailuihin niin hiekkateill\u00e4, soralla kuin pitkill\u00e4 retkill\u00e4. Checkpoint sarja yhdist\u00e4\u00e4 maantiepy\u00f6r\u00e4n nopeuden ja maastopy\u00f6r\u00e4n mukautuvuuden \u2013 erinomainen valinta monipuoliseen ajoon ymp\u00e4ri vuoden. Kevyt runko, leve\u00e4t renkaat ja tarkka hallittavuus tekev\u00e4t Trek gravel py\u00f6rist\u00e4 varmoja kumppaneita arkeen ja retkeilyyn. Haluatko enemm\u00e4n nopeutta ja suorituskyky\u00e4 puhtaasti asfaltille? Katso my\u00f6s Trek maantiepy\u00f6r\u00e4t [&#8230;]<\/p>\n<p><a class=\"btn btn-secondary understrap-read-more-link\" href=\"https:\/\/vmsport.fi\/en\/trek-gravel-pyorat\/\">Read More&#8230;<span class=\"screen-reader-text\"> from Trek gravel-py\u00f6r\u00e4t<\/span><\/a><\/p>\n","protected":false},"author":11,"featured_media":0,"parent":0,"menu_order":0,"comment_status":"closed","ping_status":"closed","template":"page-templates\/fake-archive.php","meta":{"_acf_changed":false,"_improvement_type_select":"improve_an_existing","_thumb_yes_seoaic":false,"_frame_yes_seoaic":false,"seoaic_generate_description":"","seoaic_improve_instructions_prompt":"","seoaic_rollback_content_improvement":"","seoaic_idea_thumbnail_generator":"","thumbnail_generated":false,"thumbnail_generate_prompt":"","seoaic_article_description":"","footnotes":""},"class_list":["post-59278","page","type-page","status-publish","hentry"],"acf":[],"yoast_head":"<!-- This site is optimized with the Yoast SEO plugin v27.3 - https:\/\/yoast.com\/product\/yoast-seo-wordpress\/ -->\n<title>Trek Gravel Py\u00f6r\u00e4t \u2013 Monipuolista ajoa sorateille | VM Sport<\/title>\n<meta name=\"description\" content=\"Trek Gravel yhdist\u00e4\u00e4 maantie- ja maastoajon parhaat puolet. Gravel py\u00f6r\u00e4t sopivat retkille, hiekkateille ja vaihteleviin olosuhteisiin.\" \/>\n<meta name=\"robots\" content=\"index, follow, max-snippet:-1, max-image-preview:large, max-video-preview:-1\" \/>\n<link rel=\"canonical\" href=\"https:\/\/vmsport.fi\/en\/trek-gravel-pyorat\/\" \/>\n<meta property=\"og:locale\" content=\"en_GB\" \/>\n<meta property=\"og:type\" content=\"article\" \/>\n<meta property=\"og:title\" content=\"Trek Gravel Py\u00f6r\u00e4t \u2013 Monipuolista ajoa sorateille | VM Sport\" \/>\n<meta property=\"og:description\" content=\"Trek Gravel yhdist\u00e4\u00e4 maantie- ja maastoajon parhaat puolet. Gravel py\u00f6r\u00e4t sopivat retkille, hiekkateille ja vaihteleviin olosuhteisiin.\" \/>\n<meta property=\"og:url\" content=\"https:\/\/vmsport.fi\/en\/trek-gravel-pyorat\/\" \/>\n<meta property=\"og:site_name\" content=\"VM Sport\" \/>\n<meta property=\"article:publisher\" content=\"https:\/\/www.facebook.com\/Vmsport.fi\/\" \/>\n<meta property=\"article:modified_time\" content=\"2025-06-02T13:01:15+00:00\" \/>\n<meta name=\"twitter:card\" content=\"summary_large_image\" \/>\n<meta name=\"twitter:label1\" content=\"Estimated reading time\" \/>\n\t<meta name=\"twitter:data1\" content=\"1 minute\" \/>\n<script type=\"application\/ld+json\" class=\"yoast-schema-graph\">{\"@context\":\"https:\\\/\\\/schema.org\",\"@graph\":[{\"@type\":\"WebPage\",\"@id\":\"https:\\\/\\\/vmsport.fi\\\/trek-gravel-pyorat\\\/\",\"url\":\"https:\\\/\\\/vmsport.fi\\\/trek-gravel-pyorat\\\/\",\"name\":\"Trek Gravel Py\u00f6r\u00e4t \u2013 Monipuolista ajoa sorateille | VM Sport\",\"isPartOf\":{\"@id\":\"https:\\\/\\\/vmsport.fi\\\/#website\"},\"datePublished\":\"2025-05-30T11:53:54+00:00\",\"dateModified\":\"2025-06-02T13:01:15+00:00\",\"description\":\"Trek Gravel yhdist\u00e4\u00e4 maantie- ja maastoajon parhaat puolet. Gravel py\u00f6r\u00e4t sopivat retkille, hiekkateille ja vaihteleviin olosuhteisiin.\",\"breadcrumb\":{\"@id\":\"https:\\\/\\\/vmsport.fi\\\/trek-gravel-pyorat\\\/#breadcrumb\"},\"inLanguage\":\"en-GB\",\"potentialAction\":[{\"@type\":\"ReadAction\",\"target\":[\"https:\\\/\\\/vmsport.fi\\\/trek-gravel-pyorat\\\/\"]}]},{\"@type\":\"BreadcrumbList\",\"@id\":\"https:\\\/\\\/vmsport.fi\\\/trek-gravel-pyorat\\\/#breadcrumb\",\"itemListElement\":[{\"@type\":\"ListItem\",\"position\":1,\"name\":\"Etusivu\",\"item\":\"https:\\\/\\\/vmsport.fi\\\/\"},{\"@type\":\"ListItem\",\"position\":2,\"name\":\"Trek gravel-py\u00f6r\u00e4t\"}]},{\"@type\":\"WebSite\",\"@id\":\"https:\\\/\\\/vmsport.fi\\\/#website\",\"url\":\"https:\\\/\\\/vmsport.fi\\\/\",\"name\":\"Vmsport\",\"description\":\"Kaikki py\u00f6r\u00e4ilyyn yhdest\u00e4 paikasta\",\"publisher\":{\"@id\":\"https:\\\/\\\/vmsport.fi\\\/#organization\"},\"potentialAction\":[{\"@type\":\"SearchAction\",\"target\":{\"@type\":\"EntryPoint\",\"urlTemplate\":\"https:\\\/\\\/vmsport.fi\\\/?s={search_term_string}\"},\"query-input\":{\"@type\":\"PropertyValueSpecification\",\"valueRequired\":true,\"valueName\":\"search_term_string\"}}],\"inLanguage\":\"en-GB\"},{\"@type\":\"Organization\",\"@id\":\"https:\\\/\\\/vmsport.fi\\\/#organization\",\"name\":\"Vmsport\",\"url\":\"https:\\\/\\\/vmsport.fi\\\/\",\"logo\":{\"@type\":\"ImageObject\",\"inLanguage\":\"en-GB\",\"@id\":\"https:\\\/\\\/vmsport.fi\\\/#\\\/schema\\\/logo\\\/image\\\/\",\"url\":\"https:\\\/\\\/vmsport.fi\\\/wp-content\\\/uploads\\\/2024\\\/12\\\/vm_sport_RGB_horisontal-e1734526017575.png\",\"contentUrl\":\"https:\\\/\\\/vmsport.fi\\\/wp-content\\\/uploads\\\/2024\\\/12\\\/vm_sport_RGB_horisontal-e1734526017575.png\",\"width\":668,\"height\":85,\"caption\":\"Vmsport\"},\"image\":{\"@id\":\"https:\\\/\\\/vmsport.fi\\\/#\\\/schema\\\/logo\\\/image\\\/\"},\"sameAs\":[\"https:\\\/\\\/www.facebook.com\\\/Vmsport.fi\\\/\",\"https:\\\/\\\/www.instagram.com\\\/vmsport\\\/\"]}]}<\/script>\n<!-- \/ Yoast SEO plugin. -->","yoast_head_json":{"title":"Trek Gravel Bikes - Versatile riding on gravel roads | VM Sport","description":"Trek Gravel combines the best of road and off-road riding. Gravel bikes are suitable for touring, dirt roads and varied conditions.","robots":{"index":"index","follow":"follow","max-snippet":"max-snippet:-1","max-image-preview":"max-image-preview:large","max-video-preview":"max-video-preview:-1"},"canonical":"https:\/\/vmsport.fi\/en\/trek-gravel-pyorat\/","og_locale":"en_GB","og_type":"article","og_title":"Trek Gravel Py\u00f6r\u00e4t \u2013 Monipuolista ajoa sorateille | VM Sport","og_description":"Trek Gravel yhdist\u00e4\u00e4 maantie- ja maastoajon parhaat puolet. Gravel py\u00f6r\u00e4t sopivat retkille, hiekkateille ja vaihteleviin olosuhteisiin.","og_url":"https:\/\/vmsport.fi\/en\/trek-gravel-pyorat\/","og_site_name":"VM Sport","article_publisher":"https:\/\/www.facebook.com\/Vmsport.fi\/","article_modified_time":"2025-06-02T13:01:15+00:00","twitter_card":"summary_large_image","twitter_misc":{"Estimated reading time":"1 minute"},"schema":{"@context":"https:\/\/schema.org","@graph":[{"@type":"WebPage","@id":"https:\/\/vmsport.fi\/trek-gravel-pyorat\/","url":"https:\/\/vmsport.fi\/trek-gravel-pyorat\/","name":"Trek Gravel Bikes - Versatile riding on gravel roads | VM Sport","isPartOf":{"@id":"https:\/\/vmsport.fi\/#website"},"datePublished":"2025-05-30T11:53:54+00:00","dateModified":"2025-06-02T13:01:15+00:00","description":"Trek Gravel combines the best of road and off-road riding. Gravel bikes are suitable for touring, dirt roads and varied conditions.","breadcrumb":{"@id":"https:\/\/vmsport.fi\/trek-gravel-pyorat\/#breadcrumb"},"inLanguage":"en-GB","potentialAction":[{"@type":"ReadAction","target":["https:\/\/vmsport.fi\/trek-gravel-pyorat\/"]}]},{"@type":"BreadcrumbList","@id":"https:\/\/vmsport.fi\/trek-gravel-pyorat\/#breadcrumb","itemListElement":[{"@type":"ListItem","position":1,"name":"Etusivu","item":"https:\/\/vmsport.fi\/"},{"@type":"ListItem","position":2,"name":"Trek gravel-py\u00f6r\u00e4t"}]},{"@type":"WebSite","@id":"https:\/\/vmsport.fi\/#website","url":"https:\/\/vmsport.fi\/","name":"Vmsport","description":"All in one place for cycling","publisher":{"@id":"https:\/\/vmsport.fi\/#organization"},"potentialAction":[{"@type":"SearchAction","target":{"@type":"EntryPoint","urlTemplate":"https:\/\/vmsport.fi\/?s={search_term_string}"},"query-input":{"@type":"PropertyValueSpecification","valueRequired":true,"valueName":"search_term_string"}}],"inLanguage":"en-GB"},{"@type":"Organization","@id":"https:\/\/vmsport.fi\/#organization","name":"Vmsport","url":"https:\/\/vmsport.fi\/","logo":{"@type":"ImageObject","inLanguage":"en-GB","@id":"https:\/\/vmsport.fi\/#\/schema\/logo\/image\/","url":"https:\/\/vmsport.fi\/wp-content\/uploads\/2024\/12\/vm_sport_RGB_horisontal-e1734526017575.png","contentUrl":"https:\/\/vmsport.fi\/wp-content\/uploads\/2024\/12\/vm_sport_RGB_horisontal-e1734526017575.png","width":668,"height":85,"caption":"Vmsport"},"image":{"@id":"https:\/\/vmsport.fi\/#\/schema\/logo\/image\/"},"sameAs":["https:\/\/www.facebook.com\/Vmsport.fi\/","https:\/\/www.instagram.com\/vmsport\/"]}]}},"_links":{"self":[{"href":"https:\/\/vmsport.fi\/en\/wp-json\/wp\/v2\/pages\/59278","targetHints":{"allow":["GET"]}}],"collection":[{"href":"https:\/\/vmsport.fi\/en\/wp-json\/wp\/v2\/pages"}],"about":[{"href":"https:\/\/vmsport.fi\/en\/wp-json\/wp\/v2\/types\/page"}],"author":[{"embeddable":true,"href":"https:\/\/vmsport.fi\/en\/wp-json\/wp\/v2\/users\/11"}],"replies":[{"embeddable":true,"href":"https:\/\/vmsport.fi\/en\/wp-json\/wp\/v2\/comments?post=59278"}],"version-history":[{"count":0,"href":"https:\/\/vmsport.fi\/en\/wp-json\/wp\/v2\/pages\/59278\/revisions"}],"wp:attachment":[{"href":"https:\/\/vmsport.fi\/en\/wp-json\/wp\/v2\/media?parent=59278"}],"curies":[{"name":"wp","href":"https:\/\/api.w.org\/{rel}","templated":true}]}}