{"id":59274,"date":"2025-05-30T14:51:17","date_gmt":"2025-05-30T11:51:17","guid":{"rendered":"https:\/\/vmsport.fi\/?page_id=59274"},"modified":"2025-06-02T15:58:17","modified_gmt":"2025-06-02T12:58:17","slug":"trek-sahkomaastopyorat","status":"publish","type":"page","link":"https:\/\/vmsport.fi\/en\/trek-sahkomaastopyorat\/","title":{"rendered":"Trek electric mountain bikes"},"content":{"rendered":"<p>Trek electric mountain bikes combine cutting-edge technology with off-road capability. We offer models such as <a href=\"https:\/\/vmsport.fi\/en\/brand\/trek\/powerfly-plus\/\">Powerfly+<\/a> and <a href=\"https:\/\/vmsport.fi\/en\/brand\/trek\/rail-plus\/\">Rail+<\/a> offer a powerful engine, durable frame and long range and are perfect for forest trails and steep climbs. Equipped with reliable engine technology and precise handling, these full-float electric mountain bikes are suitable for both enduro riding and forest trails. See also <a href=\"https:\/\/vmsport.fi\/en\/brand\/trek\/landscape-chicory\/\">Trek mountain bikes<\/a>.<\/p>","protected":false},"excerpt":{"rendered":"<p>Trek s\u00e4hk\u00f6maastopy\u00f6r\u00e4t yhdist\u00e4v\u00e4t huipputeknologian ja maastokelpoisuuden. Meilt\u00e4 mallit kuten Powerfly+ ja Rail+ tarjoavat tehokkaan moottorin, kest\u00e4v\u00e4n rungon ja pitk\u00e4n kantaman ja ovat t\u00e4ydellisi\u00e4 mets\u00e4reiteille ja jyrkkiin nousuihin. N\u00e4m\u00e4 t\u00e4ysjousto-s\u00e4hk\u00f6maastopy\u00f6r\u00e4t on varustettu luotettavalla moottoriteknologialla ja tarkalla hallittavuudella ja sopivat niin enduro-ajoon kuin mets\u00e4poluille. Katso my\u00f6s Trek maastopy\u00f6r\u00e4t. [&#8230;]<\/p>\n<p><a class=\"btn btn-secondary understrap-read-more-link\" href=\"https:\/\/vmsport.fi\/en\/trek-sahkomaastopyorat\/\">Read More&#8230;<span class=\"screen-reader-text\"> from Trek s\u00e4hk\u00f6maastopy\u00f6r\u00e4t<\/span><\/a><\/p>\n","protected":false},"author":11,"featured_media":0,"parent":0,"menu_order":0,"comment_status":"closed","ping_status":"closed","template":"page-templates\/fake-archive.php","meta":{"_acf_changed":false,"_improvement_type_select":"improve_an_existing","_thumb_yes_seoaic":false,"_frame_yes_seoaic":false,"seoaic_generate_description":"","seoaic_improve_instructions_prompt":"","seoaic_rollback_content_improvement":"","seoaic_idea_thumbnail_generator":"","thumbnail_generated":false,"thumbnail_generate_prompt":"","seoaic_article_description":"","footnotes":""},"class_list":["post-59274","page","type-page","status-publish","hentry"],"acf":[],"yoast_head":"<!-- This site is optimized with the Yoast SEO plugin v27.3 - https:\/\/yoast.com\/product\/yoast-seo-wordpress\/ -->\n<title>Trek s\u00e4hk\u00f6maastopy\u00f6r\u00e4t \u2013 S\u00e4hk\u00f6avustus maastoajoon | VM Sport<\/title>\n<meta name=\"description\" content=\"Trek S\u00e4hk\u00f6maastopy\u00f6r\u00e4 tuo lis\u00e4\u00e4 voimaa poluille ja nousuihin. Tutustu Trek s\u00e4hk\u00f6maastopy\u00f6riin, jotka on suunniteltu aktiiviseen ajoon.\" \/>\n<meta name=\"robots\" content=\"index, follow, max-snippet:-1, max-image-preview:large, max-video-preview:-1\" \/>\n<link rel=\"canonical\" href=\"https:\/\/vmsport.fi\/en\/trek-sahkomaastopyorat\/\" \/>\n<meta property=\"og:locale\" content=\"en_GB\" \/>\n<meta property=\"og:type\" content=\"article\" \/>\n<meta property=\"og:title\" content=\"Trek s\u00e4hk\u00f6maastopy\u00f6r\u00e4t \u2013 S\u00e4hk\u00f6avustus maastoajoon | VM Sport\" \/>\n<meta property=\"og:description\" content=\"Trek S\u00e4hk\u00f6maastopy\u00f6r\u00e4 tuo lis\u00e4\u00e4 voimaa poluille ja nousuihin. Tutustu Trek s\u00e4hk\u00f6maastopy\u00f6riin, jotka on suunniteltu aktiiviseen ajoon.\" \/>\n<meta property=\"og:url\" content=\"https:\/\/vmsport.fi\/en\/trek-sahkomaastopyorat\/\" \/>\n<meta property=\"og:site_name\" content=\"VM Sport\" \/>\n<meta property=\"article:publisher\" content=\"https:\/\/www.facebook.com\/Vmsport.fi\/\" \/>\n<meta property=\"article:modified_time\" content=\"2025-06-02T12:58:17+00:00\" \/>\n<meta name=\"twitter:card\" content=\"summary_large_image\" \/>\n<meta name=\"twitter:label1\" content=\"Estimated reading time\" \/>\n\t<meta name=\"twitter:data1\" content=\"1 minute\" \/>\n<script type=\"application\/ld+json\" class=\"yoast-schema-graph\">{\"@context\":\"https:\\\/\\\/schema.org\",\"@graph\":[{\"@type\":\"WebPage\",\"@id\":\"https:\\\/\\\/vmsport.fi\\\/trek-sahkomaastopyorat\\\/\",\"url\":\"https:\\\/\\\/vmsport.fi\\\/trek-sahkomaastopyorat\\\/\",\"name\":\"Trek s\u00e4hk\u00f6maastopy\u00f6r\u00e4t \u2013 S\u00e4hk\u00f6avustus maastoajoon | VM Sport\",\"isPartOf\":{\"@id\":\"https:\\\/\\\/vmsport.fi\\\/#website\"},\"datePublished\":\"2025-05-30T11:51:17+00:00\",\"dateModified\":\"2025-06-02T12:58:17+00:00\",\"description\":\"Trek S\u00e4hk\u00f6maastopy\u00f6r\u00e4 tuo lis\u00e4\u00e4 voimaa poluille ja nousuihin. Tutustu Trek s\u00e4hk\u00f6maastopy\u00f6riin, jotka on suunniteltu aktiiviseen ajoon.\",\"breadcrumb\":{\"@id\":\"https:\\\/\\\/vmsport.fi\\\/trek-sahkomaastopyorat\\\/#breadcrumb\"},\"inLanguage\":\"en-GB\",\"potentialAction\":[{\"@type\":\"ReadAction\",\"target\":[\"https:\\\/\\\/vmsport.fi\\\/trek-sahkomaastopyorat\\\/\"]}]},{\"@type\":\"BreadcrumbList\",\"@id\":\"https:\\\/\\\/vmsport.fi\\\/trek-sahkomaastopyorat\\\/#breadcrumb\",\"itemListElement\":[{\"@type\":\"ListItem\",\"position\":1,\"name\":\"Etusivu\",\"item\":\"https:\\\/\\\/vmsport.fi\\\/\"},{\"@type\":\"ListItem\",\"position\":2,\"name\":\"Trek s\u00e4hk\u00f6maastopy\u00f6r\u00e4t\"}]},{\"@type\":\"WebSite\",\"@id\":\"https:\\\/\\\/vmsport.fi\\\/#website\",\"url\":\"https:\\\/\\\/vmsport.fi\\\/\",\"name\":\"Vmsport\",\"description\":\"Kaikki py\u00f6r\u00e4ilyyn yhdest\u00e4 paikasta\",\"publisher\":{\"@id\":\"https:\\\/\\\/vmsport.fi\\\/#organization\"},\"potentialAction\":[{\"@type\":\"SearchAction\",\"target\":{\"@type\":\"EntryPoint\",\"urlTemplate\":\"https:\\\/\\\/vmsport.fi\\\/?s={search_term_string}\"},\"query-input\":{\"@type\":\"PropertyValueSpecification\",\"valueRequired\":true,\"valueName\":\"search_term_string\"}}],\"inLanguage\":\"en-GB\"},{\"@type\":\"Organization\",\"@id\":\"https:\\\/\\\/vmsport.fi\\\/#organization\",\"name\":\"Vmsport\",\"url\":\"https:\\\/\\\/vmsport.fi\\\/\",\"logo\":{\"@type\":\"ImageObject\",\"inLanguage\":\"en-GB\",\"@id\":\"https:\\\/\\\/vmsport.fi\\\/#\\\/schema\\\/logo\\\/image\\\/\",\"url\":\"https:\\\/\\\/vmsport.fi\\\/wp-content\\\/uploads\\\/2024\\\/12\\\/vm_sport_RGB_horisontal-e1734526017575.png\",\"contentUrl\":\"https:\\\/\\\/vmsport.fi\\\/wp-content\\\/uploads\\\/2024\\\/12\\\/vm_sport_RGB_horisontal-e1734526017575.png\",\"width\":668,\"height\":85,\"caption\":\"Vmsport\"},\"image\":{\"@id\":\"https:\\\/\\\/vmsport.fi\\\/#\\\/schema\\\/logo\\\/image\\\/\"},\"sameAs\":[\"https:\\\/\\\/www.facebook.com\\\/Vmsport.fi\\\/\",\"https:\\\/\\\/www.instagram.com\\\/vmsport\\\/\"]}]}<\/script>\n<!-- \/ Yoast SEO plugin. -->","yoast_head_json":{"title":"Trek electric mountain bikes - Electric assistance for off-road riding | VM Sport","description":"The Trek Electric Mountain Bike brings more power to the trails and climbs. Discover Trek electric mountain bikes designed for active riding.","robots":{"index":"index","follow":"follow","max-snippet":"max-snippet:-1","max-image-preview":"max-image-preview:large","max-video-preview":"max-video-preview:-1"},"canonical":"https:\/\/vmsport.fi\/en\/trek-sahkomaastopyorat\/","og_locale":"en_GB","og_type":"article","og_title":"Trek s\u00e4hk\u00f6maastopy\u00f6r\u00e4t \u2013 S\u00e4hk\u00f6avustus maastoajoon | VM Sport","og_description":"Trek S\u00e4hk\u00f6maastopy\u00f6r\u00e4 tuo lis\u00e4\u00e4 voimaa poluille ja nousuihin. Tutustu Trek s\u00e4hk\u00f6maastopy\u00f6riin, jotka on suunniteltu aktiiviseen ajoon.","og_url":"https:\/\/vmsport.fi\/en\/trek-sahkomaastopyorat\/","og_site_name":"VM Sport","article_publisher":"https:\/\/www.facebook.com\/Vmsport.fi\/","article_modified_time":"2025-06-02T12:58:17+00:00","twitter_card":"summary_large_image","twitter_misc":{"Estimated reading time":"1 minute"},"schema":{"@context":"https:\/\/schema.org","@graph":[{"@type":"WebPage","@id":"https:\/\/vmsport.fi\/trek-sahkomaastopyorat\/","url":"https:\/\/vmsport.fi\/trek-sahkomaastopyorat\/","name":"Trek electric mountain bikes - Electric assistance for off-road riding | VM Sport","isPartOf":{"@id":"https:\/\/vmsport.fi\/#website"},"datePublished":"2025-05-30T11:51:17+00:00","dateModified":"2025-06-02T12:58:17+00:00","description":"The Trek Electric Mountain Bike brings more power to the trails and climbs. Discover Trek electric mountain bikes designed for active riding.","breadcrumb":{"@id":"https:\/\/vmsport.fi\/trek-sahkomaastopyorat\/#breadcrumb"},"inLanguage":"en-GB","potentialAction":[{"@type":"ReadAction","target":["https:\/\/vmsport.fi\/trek-sahkomaastopyorat\/"]}]},{"@type":"BreadcrumbList","@id":"https:\/\/vmsport.fi\/trek-sahkomaastopyorat\/#breadcrumb","itemListElement":[{"@type":"ListItem","position":1,"name":"Etusivu","item":"https:\/\/vmsport.fi\/"},{"@type":"ListItem","position":2,"name":"Trek s\u00e4hk\u00f6maastopy\u00f6r\u00e4t"}]},{"@type":"WebSite","@id":"https:\/\/vmsport.fi\/#website","url":"https:\/\/vmsport.fi\/","name":"Vmsport","description":"All in one place for cycling","publisher":{"@id":"https:\/\/vmsport.fi\/#organization"},"potentialAction":[{"@type":"SearchAction","target":{"@type":"EntryPoint","urlTemplate":"https:\/\/vmsport.fi\/?s={search_term_string}"},"query-input":{"@type":"PropertyValueSpecification","valueRequired":true,"valueName":"search_term_string"}}],"inLanguage":"en-GB"},{"@type":"Organization","@id":"https:\/\/vmsport.fi\/#organization","name":"Vmsport","url":"https:\/\/vmsport.fi\/","logo":{"@type":"ImageObject","inLanguage":"en-GB","@id":"https:\/\/vmsport.fi\/#\/schema\/logo\/image\/","url":"https:\/\/vmsport.fi\/wp-content\/uploads\/2024\/12\/vm_sport_RGB_horisontal-e1734526017575.png","contentUrl":"https:\/\/vmsport.fi\/wp-content\/uploads\/2024\/12\/vm_sport_RGB_horisontal-e1734526017575.png","width":668,"height":85,"caption":"Vmsport"},"image":{"@id":"https:\/\/vmsport.fi\/#\/schema\/logo\/image\/"},"sameAs":["https:\/\/www.facebook.com\/Vmsport.fi\/","https:\/\/www.instagram.com\/vmsport\/"]}]}},"_links":{"self":[{"href":"https:\/\/vmsport.fi\/en\/wp-json\/wp\/v2\/pages\/59274","targetHints":{"allow":["GET"]}}],"collection":[{"href":"https:\/\/vmsport.fi\/en\/wp-json\/wp\/v2\/pages"}],"about":[{"href":"https:\/\/vmsport.fi\/en\/wp-json\/wp\/v2\/types\/page"}],"author":[{"embeddable":true,"href":"https:\/\/vmsport.fi\/en\/wp-json\/wp\/v2\/users\/11"}],"replies":[{"embeddable":true,"href":"https:\/\/vmsport.fi\/en\/wp-json\/wp\/v2\/comments?post=59274"}],"version-history":[{"count":0,"href":"https:\/\/vmsport.fi\/en\/wp-json\/wp\/v2\/pages\/59274\/revisions"}],"wp:attachment":[{"href":"https:\/\/vmsport.fi\/en\/wp-json\/wp\/v2\/media?parent=59274"}],"curies":[{"name":"wp","href":"https:\/\/api.w.org\/{rel}","templated":true}]}}