{"id":41535,"date":"2024-12-30T11:14:23","date_gmt":"2024-12-30T09:14:23","guid":{"rendered":"https:\/\/vmsport.fi\/?page_id=41535"},"modified":"2025-01-15T08:59:21","modified_gmt":"2025-01-15T06:59:21","slug":"instructions-and-guides-2","status":"publish","type":"page","link":"https:\/\/vmsport.fi\/en\/kayttoohjeet-ja-oppaat\/","title":{"rendered":"Instructions and guides"},"content":{"rendered":"<p><\/p>\n\n\n\n<p><\/p>\n\n\n\n<h3 class=\"wp-block-heading\" style=\"border-bottom-color:#a2a2a2;border-bottom-width:1px\">Cyclist's guides<\/h3>\n\n\n\n<div class=\"wp-block-columns is-layout-flex wp-container-core-columns-is-layout-28f84493 wp-block-columns-is-layout-flex\">\n<div class=\"wp-block-column is-layout-flow wp-block-column-is-layout-flow\"> <div class=\"block-accordion accordion accordion-flush\" id=\"pyoranomistajan-oppaat\">\r\n    <div class=\"accordion-item\">\r\n        <p class=\"accordion-header\" id=\"heading-accordion-block_bfa5f0715ffcc29f4c278773584993e1\">\r\n        <button class=\"accordion-button collapsed\" type=\"button\" data-bs-toggle=\"collapse\" data-bs-target=\"#content-accordion-block_bfa5f0715ffcc29f4c278773584993e1\" aria-expanded=\"false\" aria-controls=\"content-accordion-block_bfa5f0715ffcc29f4c278773584993e1\">\r\n            Trekin omistajan opas        <\/button>\r\n        <\/p>\r\n        <div id=\"content-accordion-block_bfa5f0715ffcc29f4c278773584993e1\" class=\"accordion-collapse collapse\" aria-labelledby=\"heading-accordion-block_bfa5f0715ffcc29f4c278773584993e1\" data-bs-parent=\"#pyoranomistajan-oppaat\">\r\n        <div class=\"accordion-body\">\r\n            <div class=\"acf-innerblocks-container\">\n\n<p><a href=\"https:\/\/retailerassetsprd.blob.core.windows.net\/techassets\/TK_OwnersManual_FI-FI_June2023_WEB.pdf?sv=2018-03-28&amp;ss=bfqt&amp;srt=sco&amp;sp=r&amp;se=2062-03-20T02:32:45Z&amp;st=2019-03-19T18:32:45Z&amp;spr=https&amp;sig=UogJIteiFltPX66np2M0a3esSu1uZzABYHTFInUlT%2Fo%3D\" target=\"_blank\" rel=\"noreferrer noopener\">Owner's guide - Trek bikes<\/a><\/p>\n\n\n\n<p><a href=\"https:\/\/retailerassetsprd.blob.core.windows.net\/techassets\/TK_ECargoBikeOwnersManual_FI-FI_2022-12-26.pdf?sv=2018-03-28&amp;ss=bfqt&amp;srt=sco&amp;sp=r&amp;se=2062-03-20T02:32:45Z&amp;st=2019-03-19T18:32:45Z&amp;spr=https&amp;sig=UogJIteiFltPX66np2M0a3esSu1uZzABYHTFInUlT%2Fo%3D\" target=\"_blank\" rel=\"noreferrer noopener\">Owner's Guide - Trek electric assisted bikes<\/a><\/p>\n\n\n\n<p>Click for more Trek guides and other instructions <a href=\"https:\/\/www.trekbikes.com\/fi\/fi_FI\/manuals\/\" target=\"_blank\" rel=\"noreferrer noopener\">Here<\/a><\/p>\n\n<\/div>\r\n        <\/div>\r\n        <\/div>\r\n    <\/div>\r\n<\/div>\r\n \n\n <div class=\"block-accordion accordion accordion-flush\" id=\"pyoranomistajan-oppaat\">\r\n    <div class=\"accordion-item\">\r\n        <p class=\"accordion-header\" id=\"heading-accordion-block_9650990b601b24e580610b31b7ae2b03\">\r\n        <button class=\"accordion-button collapsed\" type=\"button\" data-bs-toggle=\"collapse\" data-bs-target=\"#content-accordion-block_9650990b601b24e580610b31b7ae2b03\" aria-expanded=\"false\" aria-controls=\"content-accordion-block_9650990b601b24e580610b31b7ae2b03\">\r\n            Electra-py\u00f6rien omistajan oppaat        <\/button>\r\n        <\/p>\r\n        <div id=\"content-accordion-block_9650990b601b24e580610b31b7ae2b03\" class=\"accordion-collapse collapse\" aria-labelledby=\"heading-accordion-block_9650990b601b24e580610b31b7ae2b03\" data-bs-parent=\"#pyoranomistajan-oppaat\">\r\n        <div class=\"accordion-body\">\r\n            <div class=\"acf-innerblocks-container\">\n\n<p><a href=\"https:\/\/vmsport.fi\/wp-content\/uploads\/2025\/01\/EL_OwnersManual_EN-US_Rev5_Jan2025_WEB.pdf\" target=\"_blank\" rel=\"noreferrer noopener\">Owner's guide - Electra bikes<\/a><\/p>\n\n<\/div>\r\n        <\/div>\r\n        <\/div>\r\n    <\/div>\r\n<\/div>\r\n \n\n <div class=\"block-accordion accordion accordion-flush\" id=\"pyoranomistajan-oppaat\">\r\n    <div class=\"accordion-item\">\r\n        <p class=\"accordion-header\" id=\"heading-accordion-block_8ee2c792be55206c5fa512cb1121fdbb\">\r\n        <button class=\"accordion-button collapsed\" type=\"button\" data-bs-toggle=\"collapse\" data-bs-target=\"#content-accordion-block_8ee2c792be55206c5fa512cb1121fdbb\" aria-expanded=\"false\" aria-controls=\"content-accordion-block_8ee2c792be55206c5fa512cb1121fdbb\">\r\n            Orbea omistajan oppaat        <\/button>\r\n        <\/p>\r\n        <div id=\"content-accordion-block_8ee2c792be55206c5fa512cb1121fdbb\" class=\"accordion-collapse collapse\" aria-labelledby=\"heading-accordion-block_8ee2c792be55206c5fa512cb1121fdbb\" data-bs-parent=\"#pyoranomistajan-oppaat\">\r\n        <div class=\"accordion-body\">\r\n            <div class=\"acf-innerblocks-container\">\n\n<p><a href=\"https:\/\/vmsport.fi\/wp-content\/uploads\/2025\/01\/user_manual.pdf\">Orbea bike owner's guide<\/a><\/p>\n\n\n\n<p>For more Orbea guides and other guidance, click on <a href=\"https:\/\/www.orbea.com\/fi-en\/support\/manuals\/\" target=\"_blank\" rel=\"noreferrer noopener\">Here<\/a><\/p>\n\n<\/div>\r\n        <\/div>\r\n        <\/div>\r\n    <\/div>\r\n<\/div>\r\n \n\n <div class=\"block-accordion accordion accordion-flush\" id=\"pyoranomistajan-oppaat\">\r\n    <div class=\"accordion-item\">\r\n        <p class=\"accordion-header\" id=\"heading-accordion-block_b59cb490a080e88f1f7893b450deb76b\">\r\n        <button class=\"accordion-button collapsed\" type=\"button\" data-bs-toggle=\"collapse\" data-bs-target=\"#content-accordion-block_b59cb490a080e88f1f7893b450deb76b\" aria-expanded=\"false\" aria-controls=\"content-accordion-block_b59cb490a080e88f1f7893b450deb76b\">\r\n            Gas Gas omistajan oppaat        <\/button>\r\n        <\/p>\r\n        <div id=\"content-accordion-block_b59cb490a080e88f1f7893b450deb76b\" class=\"accordion-collapse collapse\" aria-labelledby=\"heading-accordion-block_b59cb490a080e88f1f7893b450deb76b\" data-bs-parent=\"#pyoranomistajan-oppaat\">\r\n        <div class=\"accordion-body\">\r\n            <div class=\"acf-innerblocks-container\">\n\n<p><a href=\"https:\/\/vmsport.fi\/wp-content\/uploads\/2025\/01\/GasGas.pdf\" target=\"_blank\" rel=\"noreferrer noopener\">Owner's guide - GasGas wheels 23-&gt;<\/a><\/p>\n\n\n\n<p><a href=\"https:\/\/vmsport.fi\/wp-content\/uploads\/2025\/01\/Pierer_EPAC_FI_2022-06.pdf\">Owner's Guide - GasGas <\/a><a href=\"https:\/\/vmsport.fi\/wp-content\/uploads\/2025\/01\/Pierer_EPAC_FI_2022-06.pdf\" target=\"_blank\" rel=\"noreferrer noopener\">wheels<\/a><a href=\"https:\/\/vmsport.fi\/wp-content\/uploads\/2025\/01\/Pierer_EPAC_FI_2022-06.pdf\"> 21-22<\/a><\/p>\n\n<\/div>\r\n        <\/div>\r\n        <\/div>\r\n    <\/div>\r\n<\/div>\r\n \n\n <div class=\"block-accordion accordion accordion-flush\" id=\"pyoranomistajan-oppaat\">\r\n    <div class=\"accordion-item\">\r\n        <p class=\"accordion-header\" id=\"heading-accordion-block_c54ec3ea7db0734db8ecabdc6a68c011\">\r\n        <button class=\"accordion-button collapsed\" type=\"button\" data-bs-toggle=\"collapse\" data-bs-target=\"#content-accordion-block_c54ec3ea7db0734db8ecabdc6a68c011\" aria-expanded=\"false\" aria-controls=\"content-accordion-block_c54ec3ea7db0734db8ecabdc6a68c011\">\r\n            Husqvarna omistajan oppaat        <\/button>\r\n        <\/p>\r\n        <div id=\"content-accordion-block_c54ec3ea7db0734db8ecabdc6a68c011\" class=\"accordion-collapse collapse\" aria-labelledby=\"heading-accordion-block_c54ec3ea7db0734db8ecabdc6a68c011\" data-bs-parent=\"#pyoranomistajan-oppaat\">\r\n        <div class=\"accordion-body\">\r\n            <div class=\"acf-innerblocks-container\">\n\n<p><a href=\"https:\/\/vmsport.fi\/wp-content\/uploads\/2025\/01\/GasGas.pdf\">Owner's guide - Husqvarna wheels 23-&gt;<\/a><\/p>\n\n\n\n<p><a href=\"https:\/\/vmsport.fi\/wp-content\/uploads\/2025\/01\/Pierer_EPAC_FI_2022-06.pdf\">Owner's guide - Husqvarna wheels 21-22<\/a><\/p>\n\n<\/div>\r\n        <\/div>\r\n        <\/div>\r\n    <\/div>\r\n<\/div>\r\n <\/div>\n\n\n\n<div class=\"wp-block-column is-layout-flow wp-block-column-is-layout-flow\"><\/div>\n<\/div>\n\n\n\n<h3 class=\"wp-block-heading\" style=\"border-bottom-color:#a2a2a2;border-bottom-width:1px\">Electric bike guides<\/h3>\n\n\n\n<div class=\"wp-block-columns is-layout-flex wp-container-core-columns-is-layout-28f84493 wp-block-columns-is-layout-flex\">\n<div class=\"wp-block-column is-layout-flow wp-block-column-is-layout-flow\"> <div class=\"block-accordion accordion accordion-flush\" id=\"sahkopyoraoppaat\">\r\n    <div class=\"accordion-item\">\r\n        <p class=\"accordion-header\" id=\"heading-bosch-pyoranomistajan-oppaat-1\">\r\n        <button class=\"accordion-button collapsed\" type=\"button\" data-bs-toggle=\"collapse\" data-bs-target=\"#content-bosch-pyoranomistajan-oppaat-1\" aria-expanded=\"false\" aria-controls=\"content-bosch-pyoranomistajan-oppaat-1\">\r\n            Boschin Pikaoppaat        <\/button>\r\n        <\/p>\r\n        <div id=\"content-bosch-pyoranomistajan-oppaat-1\" class=\"accordion-collapse collapse\" aria-labelledby=\"heading-bosch-pyoranomistajan-oppaat-1\" data-bs-parent=\"#sahkopyoraoppaat\">\r\n        <div class=\"accordion-body\">\r\n            <div class=\"acf-innerblocks-container\">\n\n<p><a href=\"https:\/\/vmsport.fi\/wp-content\/uploads\/2025\/01\/Pika-aloitus-opas-\u2013-Bosch-sahkopyora.pdf\" target=\"_blank\" rel=\"noreferrer noopener\">Quick-start guide - Bosch electric bike<\/a><\/p>\n\n\n\n<p><a href=\"https:\/\/vmsport.fi\/wp-content\/uploads\/2025\/01\/Bosch-Alyjarjestelman-Pikaopas-\u2013-Bosch-Smart-System.pdf\" target=\"_blank\" rel=\"noreferrer noopener\">Bosch Smart System Quick Guide - Bosch Smart System<\/a><\/p>\n\n\n\n<p><a href=\"https:\/\/vmsport.fi\/wp-content\/uploads\/2025\/01\/Pikaopas-\u2013-Bosch-LED-kaukosaadin-Intuvia-100.pdf\" target=\"_blank\" rel=\"noreferrer noopener\">Quick guide - Bosch LED remote control &amp; Intuvia 100<\/a><\/p>\n\n\n\n<p><a href=\"https:\/\/vmsport.fi\/wp-content\/uploads\/2025\/01\/Pikaopas-\u2013-Bosch-LED-kaukosaadin-Intuvia-100-Kiox-300-City.pdf\" target=\"_blank\" rel=\"noreferrer noopener\">Quick guide - Bosch LED remote control &amp; Intuvia 100 : Kiox 300 (City)<\/a><\/p>\n\n\n\n<p><a href=\"https:\/\/vmsport.fi\/wp-content\/uploads\/2025\/01\/Pikaopas-\u2013-Bosch-LED-kaukosaadin-Purion-200.pdf\" target=\"_blank\" rel=\"noreferrer noopener\">Quick guide - Bosch LED remote control &amp; Purion 200<\/a><\/p>\n\n\n\n<p><a href=\"https:\/\/vmsport.fi\/wp-content\/uploads\/2025\/01\/Bosch_Pikaopas_MiniRemoteSystemController_5308299-5308300_FI-FI_2022-10-11.pdf\" target=\"_blank\" rel=\"noreferrer noopener\">Quick guide - Bosch Mini Remote and System Controller<\/a><\/p>\n\n<\/div>\r\n        <\/div>\r\n        <\/div>\r\n    <\/div>\r\n<\/div>\r\n \n\n <div class=\"block-accordion accordion accordion-flush\" id=\"sahkopyoraoppaat\">\r\n    <div class=\"accordion-item\">\r\n        <p class=\"accordion-header\" id=\"heading-bosch-elektroniikkaoppaat-1\">\r\n        <button class=\"accordion-button collapsed\" type=\"button\" data-bs-toggle=\"collapse\" data-bs-target=\"#content-bosch-elektroniikkaoppaat-1\" aria-expanded=\"false\" aria-controls=\"content-bosch-elektroniikkaoppaat-1\">\r\n            Hyena moottorin oppaat        <\/button>\r\n        <\/p>\r\n        <div id=\"content-bosch-elektroniikkaoppaat-1\" class=\"accordion-collapse collapse\" aria-labelledby=\"heading-bosch-elektroniikkaoppaat-1\" data-bs-parent=\"#sahkopyoraoppaat\">\r\n        <div class=\"accordion-body\">\r\n            <div class=\"acf-innerblocks-container\">\n\n<p><a href=\"https:\/\/vmsport.fi\/wp-content\/uploads\/2025\/01\/Pikaopas-\u2013-Hyena-sahkojarjestelma.pdf\">Quick guide - Hyena electrical system<\/a><\/p>\n\n\n\n<p><a href=\"https:\/\/www.trekbikes.com\/fi\/fi_FI\/trek-central-faq\/\" target=\"_blank\" rel=\"noreferrer noopener\">Frequently asked questions - Trek Central app<\/a><\/p>\n\n<\/div>\r\n        <\/div>\r\n        <\/div>\r\n    <\/div>\r\n<\/div>\r\n \n\n <div class=\"block-accordion accordion accordion-flush\" id=\"sahkopyoraoppaat\">\r\n    <div class=\"accordion-item\">\r\n        <p class=\"accordion-header\" id=\"heading-bosch-kaytto-ohjeet-1\">\r\n        <button class=\"accordion-button collapsed\" type=\"button\" data-bs-toggle=\"collapse\" data-bs-target=\"#content-bosch-kaytto-ohjeet-1\" aria-expanded=\"false\" aria-controls=\"content-bosch-kaytto-ohjeet-1\">\r\n            Shimano oppaat englanniksi        <\/button>\r\n        <\/p>\r\n        <div id=\"content-bosch-kaytto-ohjeet-1\" class=\"accordion-collapse collapse\" aria-labelledby=\"heading-bosch-kaytto-ohjeet-1\" data-bs-parent=\"#sahkopyoraoppaat\">\r\n        <div class=\"accordion-body\">\r\n            <div class=\"acf-innerblocks-container\">\n\n<p><a href=\"https:\/\/vmsport.fi\/wp-content\/uploads\/2025\/01\/UM-7K70A-003-ENG.pdf\" target=\"_blank\" rel=\"noreferrer noopener\">EP8 \/ EP6 \/ EP5 User manuals<\/a><\/p>\n\n\n\n<p><a href=\"https:\/\/vmsport.fi\/wp-content\/uploads\/2025\/01\/UM-7J50A-009-ENG.pdf\" target=\"_blank\" rel=\"noreferrer noopener\">E-Tube User manual<\/a><\/p>\n\n<\/div>\r\n        <\/div>\r\n        <\/div>\r\n    <\/div>\r\n<\/div>\r\n \n\n <div class=\"block-accordion accordion accordion-flush\" id=\"sahkopyoraoppaat\">\r\n    <div class=\"accordion-item\">\r\n        <p class=\"accordion-header\" id=\"heading-bosch-kaytto-ohjeet-2\">\r\n        <button class=\"accordion-button collapsed\" type=\"button\" data-bs-toggle=\"collapse\" data-bs-target=\"#content-bosch-kaytto-ohjeet-2\" aria-expanded=\"false\" aria-controls=\"content-bosch-kaytto-ohjeet-2\">\r\n            TQ oppaat        <\/button>\r\n        <\/p>\r\n        <div id=\"content-bosch-kaytto-ohjeet-2\" class=\"accordion-collapse collapse\" aria-labelledby=\"heading-bosch-kaytto-ohjeet-2\" data-bs-parent=\"#sahkopyoraoppaat\">\r\n        <div class=\"accordion-body\">\r\n            <div class=\"acf-innerblocks-container\">\n\n<p><a href=\"https:\/\/vmsport.fi\/wp-content\/uploads\/2025\/01\/Pikaopas-\u2013-TQ-HPR50.pdf\" target=\"_blank\" rel=\"noreferrer noopener\">Quick guide - TQ-HPR50<\/a><\/p>\n\n\n\n<p><a href=\"https:\/\/www.trekbikes.com\/fi\/fi_FI\/trek-central-faq\/\" target=\"_blank\" rel=\"noreferrer noopener\">Frequently asked questions - Trek Central app<\/a><\/p>\n\n<\/div>\r\n        <\/div>\r\n        <\/div>\r\n    <\/div>\r\n<\/div>\r\n \n\n <div class=\"block-accordion accordion accordion-flush\" id=\"sahkopyoraoppaat\">\r\n    <div class=\"accordion-item\">\r\n        <p class=\"accordion-header\" id=\"heading-yamaha-oppaat\">\r\n        <button class=\"accordion-button collapsed\" type=\"button\" data-bs-toggle=\"collapse\" data-bs-target=\"#content-yamaha-oppaat\" aria-expanded=\"false\" aria-controls=\"content-yamaha-oppaat\">\r\n            Yamaha oppaat        <\/button>\r\n        <\/p>\r\n        <div id=\"content-yamaha-oppaat\" class=\"accordion-collapse collapse\" aria-labelledby=\"heading-yamaha-oppaat\" data-bs-parent=\"#sahkopyoraoppaat\">\r\n        <div class=\"accordion-body\">\r\n            <div class=\"acf-innerblocks-container\">\n\n<p><a href=\"https:\/\/vmsport.fi\/wp-content\/uploads\/2025\/01\/Yamaha-Owners-manual.pdf\">Yamaha owners <\/a><a href=\"https:\/\/vmsport.fi\/wp-content\/uploads\/2025\/01\/Yamaha-Owners-manual.pdf\" target=\"_blank\" rel=\"noreferrer noopener\">manual<\/a><\/p>\n\n\n\n<p><\/p>\n\n<\/div>\r\n        <\/div>\r\n        <\/div>\r\n    <\/div>\r\n<\/div>\r\n <\/div>\n\n\n\n<div class=\"wp-block-column is-layout-flow wp-block-column-is-layout-flow\"><\/div>\n<\/div>","protected":false},"excerpt":{"rendered":"<p>Py\u00f6r\u00e4nomistajan oppaat S\u00e4hk\u00f6py\u00f6r\u00e4oppaat [&#8230;]<\/p>\n<p><a class=\"btn btn-secondary understrap-read-more-link\" href=\"https:\/\/vmsport.fi\/en\/kayttoohjeet-ja-oppaat\/\">Read More&#8230;<span class=\"screen-reader-text\"> from K\u00e4ytt\u00f6ohjeet ja oppaat<\/span><\/a><\/p>\n","protected":false},"author":1,"featured_media":0,"parent":0,"menu_order":0,"comment_status":"closed","ping_status":"closed","template":"","meta":{"_acf_changed":false,"_improvement_type_select":"improve_an_existing","_thumb_yes_seoaic":false,"_frame_yes_seoaic":false,"seoaic_generate_description":"","seoaic_improve_instructions_prompt":"","seoaic_rollback_content_improvement":"","seoaic_idea_thumbnail_generator":"","thumbnail_generated":false,"thumbnail_generate_prompt":"","seoaic_article_description":"","footnotes":""},"class_list":["post-41535","page","type-page","status-publish","hentry"],"acf":[],"yoast_head":"<!-- This site is optimized with the Yoast SEO plugin v27.3 - https:\/\/yoast.com\/product\/yoast-seo-wordpress\/ -->\n<title>K\u00e4ytt\u00f6ohjeet ja oppaat - VM Sport<\/title>\n<meta name=\"robots\" content=\"index, follow, max-snippet:-1, max-image-preview:large, max-video-preview:-1\" \/>\n<link rel=\"canonical\" href=\"https:\/\/vmsport.fi\/en\/instructions-and-guides-2\/\" \/>\n<meta property=\"og:locale\" content=\"en_GB\" \/>\n<meta property=\"og:type\" content=\"article\" \/>\n<meta property=\"og:title\" content=\"K\u00e4ytt\u00f6ohjeet ja oppaat - VM Sport\" \/>\n<meta property=\"og:description\" content=\"Py\u00f6r\u00e4nomistajan oppaat S\u00e4hk\u00f6py\u00f6r\u00e4oppaat [...]Read More... from K\u00e4ytt\u00f6ohjeet ja oppaat\" \/>\n<meta property=\"og:url\" content=\"https:\/\/vmsport.fi\/en\/instructions-and-guides-2\/\" \/>\n<meta property=\"og:site_name\" content=\"VM Sport\" \/>\n<meta property=\"article:publisher\" content=\"https:\/\/www.facebook.com\/Vmsport.fi\/\" \/>\n<meta property=\"article:modified_time\" content=\"2025-01-15T06:59:21+00:00\" \/>\n<meta name=\"twitter:card\" content=\"summary_large_image\" \/>\n<meta name=\"twitter:label1\" content=\"Estimated reading time\" \/>\n\t<meta name=\"twitter:data1\" content=\"1 minute\" \/>\n<script type=\"application\/ld+json\" class=\"yoast-schema-graph\">{\"@context\":\"https:\\\/\\\/schema.org\",\"@graph\":[{\"@type\":\"WebPage\",\"@id\":\"https:\\\/\\\/vmsport.fi\\\/kayttoohjeet-ja-oppaat\\\/\",\"url\":\"https:\\\/\\\/vmsport.fi\\\/kayttoohjeet-ja-oppaat\\\/\",\"name\":\"K\u00e4ytt\u00f6ohjeet ja oppaat - VM Sport\",\"isPartOf\":{\"@id\":\"https:\\\/\\\/vmsport.fi\\\/#website\"},\"datePublished\":\"2024-12-30T09:14:23+00:00\",\"dateModified\":\"2025-01-15T06:59:21+00:00\",\"breadcrumb\":{\"@id\":\"https:\\\/\\\/vmsport.fi\\\/kayttoohjeet-ja-oppaat\\\/#breadcrumb\"},\"inLanguage\":\"en-GB\",\"potentialAction\":[{\"@type\":\"ReadAction\",\"target\":[\"https:\\\/\\\/vmsport.fi\\\/kayttoohjeet-ja-oppaat\\\/\"]}]},{\"@type\":\"BreadcrumbList\",\"@id\":\"https:\\\/\\\/vmsport.fi\\\/kayttoohjeet-ja-oppaat\\\/#breadcrumb\",\"itemListElement\":[{\"@type\":\"ListItem\",\"position\":1,\"name\":\"Etusivu\",\"item\":\"https:\\\/\\\/vmsport.fi\\\/\"},{\"@type\":\"ListItem\",\"position\":2,\"name\":\"K\u00e4ytt\u00f6ohjeet ja oppaat\"}]},{\"@type\":\"WebSite\",\"@id\":\"https:\\\/\\\/vmsport.fi\\\/#website\",\"url\":\"https:\\\/\\\/vmsport.fi\\\/\",\"name\":\"Vmsport\",\"description\":\"Kaikki py\u00f6r\u00e4ilyyn yhdest\u00e4 paikasta\",\"publisher\":{\"@id\":\"https:\\\/\\\/vmsport.fi\\\/#organization\"},\"potentialAction\":[{\"@type\":\"SearchAction\",\"target\":{\"@type\":\"EntryPoint\",\"urlTemplate\":\"https:\\\/\\\/vmsport.fi\\\/?s={search_term_string}\"},\"query-input\":{\"@type\":\"PropertyValueSpecification\",\"valueRequired\":true,\"valueName\":\"search_term_string\"}}],\"inLanguage\":\"en-GB\"},{\"@type\":\"Organization\",\"@id\":\"https:\\\/\\\/vmsport.fi\\\/#organization\",\"name\":\"Vmsport\",\"url\":\"https:\\\/\\\/vmsport.fi\\\/\",\"logo\":{\"@type\":\"ImageObject\",\"inLanguage\":\"en-GB\",\"@id\":\"https:\\\/\\\/vmsport.fi\\\/#\\\/schema\\\/logo\\\/image\\\/\",\"url\":\"https:\\\/\\\/vmsport.fi\\\/wp-content\\\/uploads\\\/2024\\\/12\\\/vm_sport_RGB_horisontal-e1734526017575.png\",\"contentUrl\":\"https:\\\/\\\/vmsport.fi\\\/wp-content\\\/uploads\\\/2024\\\/12\\\/vm_sport_RGB_horisontal-e1734526017575.png\",\"width\":668,\"height\":85,\"caption\":\"Vmsport\"},\"image\":{\"@id\":\"https:\\\/\\\/vmsport.fi\\\/#\\\/schema\\\/logo\\\/image\\\/\"},\"sameAs\":[\"https:\\\/\\\/www.facebook.com\\\/Vmsport.fi\\\/\",\"https:\\\/\\\/www.instagram.com\\\/vmsport\\\/\"]}]}<\/script>\n<!-- \/ Yoast SEO plugin. -->","yoast_head_json":{"title":"Manuals and guides - VM Sport","robots":{"index":"index","follow":"follow","max-snippet":"max-snippet:-1","max-image-preview":"max-image-preview:large","max-video-preview":"max-video-preview:-1"},"canonical":"https:\/\/vmsport.fi\/en\/instructions-and-guides-2\/","og_locale":"en_GB","og_type":"article","og_title":"K\u00e4ytt\u00f6ohjeet ja oppaat - VM Sport","og_description":"Py\u00f6r\u00e4nomistajan oppaat S\u00e4hk\u00f6py\u00f6r\u00e4oppaat [...]Read More... from K\u00e4ytt\u00f6ohjeet ja oppaat","og_url":"https:\/\/vmsport.fi\/en\/instructions-and-guides-2\/","og_site_name":"VM Sport","article_publisher":"https:\/\/www.facebook.com\/Vmsport.fi\/","article_modified_time":"2025-01-15T06:59:21+00:00","twitter_card":"summary_large_image","twitter_misc":{"Estimated reading time":"1 minute"},"schema":{"@context":"https:\/\/schema.org","@graph":[{"@type":"WebPage","@id":"https:\/\/vmsport.fi\/kayttoohjeet-ja-oppaat\/","url":"https:\/\/vmsport.fi\/kayttoohjeet-ja-oppaat\/","name":"Manuals and guides - VM Sport","isPartOf":{"@id":"https:\/\/vmsport.fi\/#website"},"datePublished":"2024-12-30T09:14:23+00:00","dateModified":"2025-01-15T06:59:21+00:00","breadcrumb":{"@id":"https:\/\/vmsport.fi\/kayttoohjeet-ja-oppaat\/#breadcrumb"},"inLanguage":"en-GB","potentialAction":[{"@type":"ReadAction","target":["https:\/\/vmsport.fi\/kayttoohjeet-ja-oppaat\/"]}]},{"@type":"BreadcrumbList","@id":"https:\/\/vmsport.fi\/kayttoohjeet-ja-oppaat\/#breadcrumb","itemListElement":[{"@type":"ListItem","position":1,"name":"Etusivu","item":"https:\/\/vmsport.fi\/"},{"@type":"ListItem","position":2,"name":"K\u00e4ytt\u00f6ohjeet ja oppaat"}]},{"@type":"WebSite","@id":"https:\/\/vmsport.fi\/#website","url":"https:\/\/vmsport.fi\/","name":"Vmsport","description":"All in one place for cycling","publisher":{"@id":"https:\/\/vmsport.fi\/#organization"},"potentialAction":[{"@type":"SearchAction","target":{"@type":"EntryPoint","urlTemplate":"https:\/\/vmsport.fi\/?s={search_term_string}"},"query-input":{"@type":"PropertyValueSpecification","valueRequired":true,"valueName":"search_term_string"}}],"inLanguage":"en-GB"},{"@type":"Organization","@id":"https:\/\/vmsport.fi\/#organization","name":"Vmsport","url":"https:\/\/vmsport.fi\/","logo":{"@type":"ImageObject","inLanguage":"en-GB","@id":"https:\/\/vmsport.fi\/#\/schema\/logo\/image\/","url":"https:\/\/vmsport.fi\/wp-content\/uploads\/2024\/12\/vm_sport_RGB_horisontal-e1734526017575.png","contentUrl":"https:\/\/vmsport.fi\/wp-content\/uploads\/2024\/12\/vm_sport_RGB_horisontal-e1734526017575.png","width":668,"height":85,"caption":"Vmsport"},"image":{"@id":"https:\/\/vmsport.fi\/#\/schema\/logo\/image\/"},"sameAs":["https:\/\/www.facebook.com\/Vmsport.fi\/","https:\/\/www.instagram.com\/vmsport\/"]}]}},"_links":{"self":[{"href":"https:\/\/vmsport.fi\/en\/wp-json\/wp\/v2\/pages\/41535","targetHints":{"allow":["GET"]}}],"collection":[{"href":"https:\/\/vmsport.fi\/en\/wp-json\/wp\/v2\/pages"}],"about":[{"href":"https:\/\/vmsport.fi\/en\/wp-json\/wp\/v2\/types\/page"}],"author":[{"embeddable":true,"href":"https:\/\/vmsport.fi\/en\/wp-json\/wp\/v2\/users\/1"}],"replies":[{"embeddable":true,"href":"https:\/\/vmsport.fi\/en\/wp-json\/wp\/v2\/comments?post=41535"}],"version-history":[{"count":0,"href":"https:\/\/vmsport.fi\/en\/wp-json\/wp\/v2\/pages\/41535\/revisions"}],"wp:attachment":[{"href":"https:\/\/vmsport.fi\/en\/wp-json\/wp\/v2\/media?parent=41535"}],"curies":[{"name":"wp","href":"https:\/\/api.w.org\/{rel}","templated":true}]}}