{"id":39988,"date":"2024-11-26T14:32:44","date_gmt":"2024-11-26T12:32:44","guid":{"rendered":"https:\/\/vmsport.fi\/?page_id=39988"},"modified":"2025-07-03T15:24:07","modified_gmt":"2025-07-03T12:24:07","slug":"ordering-and-delivery-conditions","status":"publish","type":"page","link":"https:\/\/vmsport.fi\/en\/tilaus-ja-toimitusehdot\/","title":{"rendered":"Ordering and delivery conditions"},"content":{"rendered":"<div style=\"height:var(--wp--preset--spacing--70)\" aria-hidden=\"true\" class=\"wp-block-spacer\"><\/div>\n\n\n\n<h2 class=\"wp-block-heading\">To order<\/h2>\n\n\n\n<p>Ab Velo-Moto Oy, business ID 3187594-2 sells products in its online store to adult consumers, companies and organisations in Finland (hereinafter \u201cSubscriber\u201d). <br><br>Ordering is done by adding the product to the shopping cart in the online store and paying for the order using the selected payment method at the online store checkout. <br><br>To complete the order, the subscriber must provide correct information, such as first name, last name, delivery address, telephone number and e-mail address. <br><br>You can also order products by e-mail if you wish. In this case, payment is most commonly made by pre-invoice.<\/p>\n\n\n\n<div style=\"height:var(--wp--preset--spacing--70)\" aria-hidden=\"true\" class=\"wp-block-spacer\"><\/div>\n\n\n\n<h2 class=\"wp-block-heading\">Delivery charges<\/h2>\n\n\n\n<p>You can see the final delivery costs at the online checkout. We use the services of Post and Matkahuolto to transport accessories, parts and equipment. Bicycles are always transported by Kaukokiido<br><br><\/p>\n\n\n\n<h5 class=\"wp-block-heading\">Travel service<\/h5>\n\n\n\n<p>Nearby package: 6,90 \u20ac<br>Home delivery: 12,90 \u20ac<\/p>\n\n\n\n<h5 class=\"wp-block-heading\">Mail to<\/h5>\n\n\n\n<p>Postal parcel: \u20ac7.90<br>Home delivery: 12,90 \u20ac<\/p>\n\n\n\n<h5 class=\"wp-block-heading\">Bicycles<\/h5>\n\n\n\n<p>Bikes under 1000\u20ac, Home delivery 49\u20ac<\/p>\n\n\n\n<p>Bikes over 1000\u20ac, Home delivery 34,90\u20ac<\/p>\n\n\n\n<h5 class=\"wp-block-heading\">Retrieved from<\/h5>\n\n\n\n<p>Pick-up from the store: 0,00 \u20ac<\/p>\n\n\n\n<div style=\"height:var(--wp--preset--spacing--70)\" aria-hidden=\"true\" class=\"wp-block-spacer\"><\/div>\n\n\n\n<h2 class=\"wp-block-heading\">Funding<\/h2>\n\n\n\n<p>VMSPORT offers financing solutions to meet all your needs.<br>You have the convenience of activating Svean 36 months directly at the online checkout.<strong> <\/strong>payment option, as well as OP Consumer Credit for longer payment periods.  <a href=\"https:\/\/vmsport.fi\/en\/funding\/\">Read more.<\/a><\/p>\n\n\n\n<div style=\"height:var(--wp--preset--spacing--70)\" aria-hidden=\"true\" class=\"wp-block-spacer\"><\/div>\n\n\n\n<h2 class=\"wp-block-heading\">Delivery of bicycles<\/h2>\n\n\n\n<p>Bicycles ordered from the online shop are always assembled and adjusted before being packed and shipped to the customer. <\/p>\n\n\n\n<p>The bike is packed in such a way that the recipient only has to straighten the handlebars and adjust the saddle to the appropriate height. <\/p>\n\n\n\n<p>All adjustments and settings are made to the bicycle according to the customer's wishes.<\/p>\n\n\n\n<div style=\"height:var(--wp--preset--spacing--70)\" aria-hidden=\"true\" class=\"wp-block-spacer\"><\/div>\n\n\n\n<h2 class=\"wp-block-heading\">Returns<\/h2>\n\n\n\n<p>In accordance with the Consumer Protection Act, the customer has the right to cancel the order, return the entire order or part of the order within 14 days of receipt of the order. <\/p>\n\n\n\n<p>Refunds or cancellations should always be notified in advance by email to info@vmsport.fi. You will receive a return message with instructions on how to return your order. <\/p>\n\n\n\n<p>Returning the product is not free of charge. We will deduct the shipping costs from the amount to be returned. The product to be returned must be in its original sales packaging and in good condition. <\/p>\n\n\n\n<p>So don't tape the shoe box directly to the box, for example, but use protective plastic or a separate cardboard box on top. The customer has a duty of care for the returned products until they are returned to us. <\/p>\n\n\n\n<p>So please pack your returned products carefully. If the returned product has been used to the extent that it can no longer be sold as new, we will deduct the amount of the depreciation from the amount to be returned. This amount is always case by case. <\/p>\n\n\n\n<p>Mere experimentation and handling does not cause impairment.<\/p>\n\n\n\n<div style=\"height:var(--wp--preset--spacing--70)\" aria-hidden=\"true\" class=\"wp-block-spacer\"><\/div>\n\n\n\n<h2 class=\"wp-block-heading\">Cancellation<\/h2>\n\n\n\n<p>If you wish to cancel your order, please notify us by email within 14 days of your order to.&nbsp;<a href=\"mailto:info@vmsport.fi\">info@vmsport.fi<\/a>. In the email, please provide the name of the subscriber, your subscription number and mention that you wish to cancel your subscription. We will refund any payments received for the order as soon as possible, but no later than 14 days after receipt of the cancellation notice.&nbsp;<\/p>\n\n\n\n<p>An uncollected parcel is not the same as a cancelled order. If your order is returned to us without notice of cancellation, we will deduct the full delivery and return costs from the amount to be returned, always with a minimum of \u20ac20.00.<\/p>\n\n\n\n<div style=\"height:var(--wp--preset--spacing--70)\" aria-hidden=\"true\" class=\"wp-block-spacer\"><\/div>\n\n\n\n<h2 class=\"wp-block-heading\">Delays<\/h2>\n\n\n\n<p>The products sold in our online shop are mainly in our own warehouse, so delays are rare. If the product you order is a \u201cdelivery product\u201d or a pre-order product that we do not yet have in stock, we will always give you a delivery time based on our best knowledge. In the event of delays with a product or order of this type, we will always contact the customer. If necessary, the order can be split into parts and dispatched as products arrive in our warehouse.<\/p>\n\n\n\n<div style=\"height:var(--wp--preset--spacing--70)\" aria-hidden=\"true\" class=\"wp-block-spacer\"><\/div>\n\n\n\n<h2 class=\"wp-block-heading\">Advertising<\/h2>\n\n\n\n<p>If the product is lost or damaged during delivery, please report it immediately (within 14 days at the latest) to.&nbsp;<a href=\"mailto:info@vmsport.fi\">info@vmsport.fi<\/a>. If you see any damage to the package you have received, please report it immediately to the courier or the place of collection when you receive the package and also notify us at the above email address.<\/p>\n\n\n\n<p>If a fault occurs with the product after it has been installed, please notify us immediately by email. Please include a description of the defect, a copy of the order confirmation from the online shop and, if you wish, photos of the damage. We will handle complaints in such a way as to cause the least possible inconvenience to the customer.<\/p>\n\n\n\n<div style=\"height:var(--wp--preset--spacing--70)\" aria-hidden=\"true\" class=\"wp-block-spacer\"><\/div>","protected":false},"excerpt":{"rendered":"<p>Tilaaminen Ab Velo-Moto Oy, Y-tunnus 3187594-2 myy verkkokaupassaan tuotteita t\u00e4ysi-ik\u00e4isille kuluttajille, yrityksille ja yhteis\u00f6ille Suomessa (my\u00f6hemmin \u201cTilaaja\u201d). Tilaaminen tapahtuu lis\u00e4\u00e4m\u00e4ll\u00e4 verkkokaupassa tuote ostoskoriin ja maksamalla tilaus valitulla maksutavalla verkkokaupan kassalla. Tilauksen t\u00e4ytt\u00e4mist\u00e4 varten tilaajan tulee antaa oikeelliset tiedot, kuten etunimi, sukunimi, toimitusosoite, puhelinnumero ja s\u00e4hk\u00f6postiosoite. Voit tilata tuotteita halutessasi my\u00f6s s\u00e4hk\u00f6postitse. Silloin maksaminen tapahtuu yleisimmin [&#8230;]<\/p>\n<p><a class=\"btn btn-secondary understrap-read-more-link\" href=\"https:\/\/vmsport.fi\/en\/tilaus-ja-toimitusehdot\/\">Read More&#8230;<span class=\"screen-reader-text\"> from Tilaus- ja toimitusehdot<\/span><\/a><\/p>\n","protected":false},"author":1,"featured_media":0,"parent":0,"menu_order":0,"comment_status":"closed","ping_status":"closed","template":"","meta":{"_acf_changed":false,"_improvement_type_select":"improve_an_existing","_thumb_yes_seoaic":false,"_frame_yes_seoaic":false,"seoaic_generate_description":"","seoaic_improve_instructions_prompt":"","seoaic_rollback_content_improvement":"","seoaic_idea_thumbnail_generator":"","thumbnail_generated":false,"thumbnail_generate_prompt":"","seoaic_article_description":"","footnotes":""},"class_list":["post-39988","page","type-page","status-publish","hentry"],"acf":[],"yoast_head":"<!-- This site is optimized with the Yoast SEO plugin v27.3 - https:\/\/yoast.com\/product\/yoast-seo-wordpress\/ -->\n<title>Tilaus- ja toimitusehdot - VM Sport<\/title>\n<meta name=\"robots\" content=\"index, follow, max-snippet:-1, max-image-preview:large, max-video-preview:-1\" \/>\n<link rel=\"canonical\" href=\"https:\/\/vmsport.fi\/en\/ordering-and-delivery-conditions\/\" \/>\n<meta property=\"og:locale\" content=\"en_GB\" \/>\n<meta property=\"og:type\" content=\"article\" \/>\n<meta property=\"og:title\" content=\"Tilaus- ja toimitusehdot - VM Sport\" \/>\n<meta property=\"og:description\" content=\"Tilaaminen Ab Velo-Moto Oy, Y-tunnus 3187594-2 myy verkkokaupassaan tuotteita t\u00e4ysi-ik\u00e4isille kuluttajille, yrityksille ja yhteis\u00f6ille Suomessa (my\u00f6hemmin \u201cTilaaja\u201d). Tilaaminen tapahtuu lis\u00e4\u00e4m\u00e4ll\u00e4 verkkokaupassa tuote ostoskoriin ja maksamalla tilaus valitulla maksutavalla verkkokaupan kassalla. Tilauksen t\u00e4ytt\u00e4mist\u00e4 varten tilaajan tulee antaa oikeelliset tiedot, kuten etunimi, sukunimi, toimitusosoite, puhelinnumero ja s\u00e4hk\u00f6postiosoite. Voit tilata tuotteita halutessasi my\u00f6s s\u00e4hk\u00f6postitse. Silloin maksaminen tapahtuu yleisimmin [...]Read More... from Tilaus- ja toimitusehdot\" \/>\n<meta property=\"og:url\" content=\"https:\/\/vmsport.fi\/en\/ordering-and-delivery-conditions\/\" \/>\n<meta property=\"og:site_name\" content=\"VM Sport\" \/>\n<meta property=\"article:publisher\" content=\"https:\/\/www.facebook.com\/Vmsport.fi\/\" \/>\n<meta property=\"article:modified_time\" content=\"2025-07-03T12:24:07+00:00\" \/>\n<meta name=\"twitter:card\" content=\"summary_large_image\" \/>\n<meta name=\"twitter:label1\" content=\"Estimated reading time\" \/>\n\t<meta name=\"twitter:data1\" content=\"4 minutes\" \/>\n<script type=\"application\/ld+json\" class=\"yoast-schema-graph\">{\"@context\":\"https:\\\/\\\/schema.org\",\"@graph\":[{\"@type\":\"WebPage\",\"@id\":\"https:\\\/\\\/vmsport.fi\\\/tilaus-ja-toimitusehdot\\\/\",\"url\":\"https:\\\/\\\/vmsport.fi\\\/tilaus-ja-toimitusehdot\\\/\",\"name\":\"Tilaus- ja toimitusehdot - VM Sport\",\"isPartOf\":{\"@id\":\"https:\\\/\\\/vmsport.fi\\\/#website\"},\"datePublished\":\"2024-11-26T12:32:44+00:00\",\"dateModified\":\"2025-07-03T12:24:07+00:00\",\"breadcrumb\":{\"@id\":\"https:\\\/\\\/vmsport.fi\\\/tilaus-ja-toimitusehdot\\\/#breadcrumb\"},\"inLanguage\":\"en-GB\",\"potentialAction\":[{\"@type\":\"ReadAction\",\"target\":[\"https:\\\/\\\/vmsport.fi\\\/tilaus-ja-toimitusehdot\\\/\"]}]},{\"@type\":\"BreadcrumbList\",\"@id\":\"https:\\\/\\\/vmsport.fi\\\/tilaus-ja-toimitusehdot\\\/#breadcrumb\",\"itemListElement\":[{\"@type\":\"ListItem\",\"position\":1,\"name\":\"Etusivu\",\"item\":\"https:\\\/\\\/vmsport.fi\\\/\"},{\"@type\":\"ListItem\",\"position\":2,\"name\":\"Tilaus- ja toimitusehdot\"}]},{\"@type\":\"WebSite\",\"@id\":\"https:\\\/\\\/vmsport.fi\\\/#website\",\"url\":\"https:\\\/\\\/vmsport.fi\\\/\",\"name\":\"Vmsport\",\"description\":\"Kaikki py\u00f6r\u00e4ilyyn yhdest\u00e4 paikasta\",\"publisher\":{\"@id\":\"https:\\\/\\\/vmsport.fi\\\/#organization\"},\"potentialAction\":[{\"@type\":\"SearchAction\",\"target\":{\"@type\":\"EntryPoint\",\"urlTemplate\":\"https:\\\/\\\/vmsport.fi\\\/?s={search_term_string}\"},\"query-input\":{\"@type\":\"PropertyValueSpecification\",\"valueRequired\":true,\"valueName\":\"search_term_string\"}}],\"inLanguage\":\"en-GB\"},{\"@type\":\"Organization\",\"@id\":\"https:\\\/\\\/vmsport.fi\\\/#organization\",\"name\":\"Vmsport\",\"url\":\"https:\\\/\\\/vmsport.fi\\\/\",\"logo\":{\"@type\":\"ImageObject\",\"inLanguage\":\"en-GB\",\"@id\":\"https:\\\/\\\/vmsport.fi\\\/#\\\/schema\\\/logo\\\/image\\\/\",\"url\":\"https:\\\/\\\/vmsport.fi\\\/wp-content\\\/uploads\\\/2024\\\/12\\\/vm_sport_RGB_horisontal-e1734526017575.png\",\"contentUrl\":\"https:\\\/\\\/vmsport.fi\\\/wp-content\\\/uploads\\\/2024\\\/12\\\/vm_sport_RGB_horisontal-e1734526017575.png\",\"width\":668,\"height\":85,\"caption\":\"Vmsport\"},\"image\":{\"@id\":\"https:\\\/\\\/vmsport.fi\\\/#\\\/schema\\\/logo\\\/image\\\/\"},\"sameAs\":[\"https:\\\/\\\/www.facebook.com\\\/Vmsport.fi\\\/\",\"https:\\\/\\\/www.instagram.com\\\/vmsport\\\/\"]}]}<\/script>\n<!-- \/ Yoast SEO plugin. -->","yoast_head_json":{"title":"Terms and conditions - VM Sport","robots":{"index":"index","follow":"follow","max-snippet":"max-snippet:-1","max-image-preview":"max-image-preview:large","max-video-preview":"max-video-preview:-1"},"canonical":"https:\/\/vmsport.fi\/en\/ordering-and-delivery-conditions\/","og_locale":"en_GB","og_type":"article","og_title":"Tilaus- ja toimitusehdot - VM Sport","og_description":"Tilaaminen Ab Velo-Moto Oy, Y-tunnus 3187594-2 myy verkkokaupassaan tuotteita t\u00e4ysi-ik\u00e4isille kuluttajille, yrityksille ja yhteis\u00f6ille Suomessa (my\u00f6hemmin \u201cTilaaja\u201d). Tilaaminen tapahtuu lis\u00e4\u00e4m\u00e4ll\u00e4 verkkokaupassa tuote ostoskoriin ja maksamalla tilaus valitulla maksutavalla verkkokaupan kassalla. Tilauksen t\u00e4ytt\u00e4mist\u00e4 varten tilaajan tulee antaa oikeelliset tiedot, kuten etunimi, sukunimi, toimitusosoite, puhelinnumero ja s\u00e4hk\u00f6postiosoite. Voit tilata tuotteita halutessasi my\u00f6s s\u00e4hk\u00f6postitse. Silloin maksaminen tapahtuu yleisimmin [...]Read More... from Tilaus- ja toimitusehdot","og_url":"https:\/\/vmsport.fi\/en\/ordering-and-delivery-conditions\/","og_site_name":"VM Sport","article_publisher":"https:\/\/www.facebook.com\/Vmsport.fi\/","article_modified_time":"2025-07-03T12:24:07+00:00","twitter_card":"summary_large_image","twitter_misc":{"Estimated reading time":"4 minutes"},"schema":{"@context":"https:\/\/schema.org","@graph":[{"@type":"WebPage","@id":"https:\/\/vmsport.fi\/tilaus-ja-toimitusehdot\/","url":"https:\/\/vmsport.fi\/tilaus-ja-toimitusehdot\/","name":"Terms and conditions - VM Sport","isPartOf":{"@id":"https:\/\/vmsport.fi\/#website"},"datePublished":"2024-11-26T12:32:44+00:00","dateModified":"2025-07-03T12:24:07+00:00","breadcrumb":{"@id":"https:\/\/vmsport.fi\/tilaus-ja-toimitusehdot\/#breadcrumb"},"inLanguage":"en-GB","potentialAction":[{"@type":"ReadAction","target":["https:\/\/vmsport.fi\/tilaus-ja-toimitusehdot\/"]}]},{"@type":"BreadcrumbList","@id":"https:\/\/vmsport.fi\/tilaus-ja-toimitusehdot\/#breadcrumb","itemListElement":[{"@type":"ListItem","position":1,"name":"Etusivu","item":"https:\/\/vmsport.fi\/"},{"@type":"ListItem","position":2,"name":"Tilaus- ja toimitusehdot"}]},{"@type":"WebSite","@id":"https:\/\/vmsport.fi\/#website","url":"https:\/\/vmsport.fi\/","name":"Vmsport","description":"All in one place for cycling","publisher":{"@id":"https:\/\/vmsport.fi\/#organization"},"potentialAction":[{"@type":"SearchAction","target":{"@type":"EntryPoint","urlTemplate":"https:\/\/vmsport.fi\/?s={search_term_string}"},"query-input":{"@type":"PropertyValueSpecification","valueRequired":true,"valueName":"search_term_string"}}],"inLanguage":"en-GB"},{"@type":"Organization","@id":"https:\/\/vmsport.fi\/#organization","name":"Vmsport","url":"https:\/\/vmsport.fi\/","logo":{"@type":"ImageObject","inLanguage":"en-GB","@id":"https:\/\/vmsport.fi\/#\/schema\/logo\/image\/","url":"https:\/\/vmsport.fi\/wp-content\/uploads\/2024\/12\/vm_sport_RGB_horisontal-e1734526017575.png","contentUrl":"https:\/\/vmsport.fi\/wp-content\/uploads\/2024\/12\/vm_sport_RGB_horisontal-e1734526017575.png","width":668,"height":85,"caption":"Vmsport"},"image":{"@id":"https:\/\/vmsport.fi\/#\/schema\/logo\/image\/"},"sameAs":["https:\/\/www.facebook.com\/Vmsport.fi\/","https:\/\/www.instagram.com\/vmsport\/"]}]}},"_links":{"self":[{"href":"https:\/\/vmsport.fi\/en\/wp-json\/wp\/v2\/pages\/39988","targetHints":{"allow":["GET"]}}],"collection":[{"href":"https:\/\/vmsport.fi\/en\/wp-json\/wp\/v2\/pages"}],"about":[{"href":"https:\/\/vmsport.fi\/en\/wp-json\/wp\/v2\/types\/page"}],"author":[{"embeddable":true,"href":"https:\/\/vmsport.fi\/en\/wp-json\/wp\/v2\/users\/1"}],"replies":[{"embeddable":true,"href":"https:\/\/vmsport.fi\/en\/wp-json\/wp\/v2\/comments?post=39988"}],"version-history":[{"count":0,"href":"https:\/\/vmsport.fi\/en\/wp-json\/wp\/v2\/pages\/39988\/revisions"}],"wp:attachment":[{"href":"https:\/\/vmsport.fi\/en\/wp-json\/wp\/v2\/media?parent=39988"}],"curies":[{"name":"wp","href":"https:\/\/api.w.org\/{rel}","templated":true}]}}